{"id":46505,"date":"2021-05-04T17:03:03","date_gmt":"2021-05-04T21:03:03","guid":{"rendered":"https:\/\/ceric.ca\/?page_id=46505"},"modified":"2021-09-02T18:05:10","modified_gmt":"2021-09-02T22:05:10","slug":"developpement-de-carriere-durant-la-pandemie-de-covid-19-et-au-dela","status":"publish","type":"page","link":"https:\/\/ceric.ca\/fr\/recherches-documentaires\/developpement-de-carriere-durant-la-pandemie-de-covid-19-et-au-dela\/","title":{"rendered":"D\u00e9veloppement de carri\u00e8re durant la pand\u00e9mie de COVID-19 et au-del\u00e0 (en anglais)"},"content":{"rendered":"<div class=\"wpb-content-wrapper\"><p>[vc_row][vc_column][vc_column_text]<span style=\"color: #808080;\"><em>Derni\u00e8re mise \u00e0 jour : \u00a0juin 2020<\/em><\/span>[\/vc_column_text]\r\n\t<div class=\"wprt-spacer clearfix\" data-desktop=\"40\" data-mobi=\"20\" data-smobi=\"20\"><\/div>[\/vc_column][\/vc_row][vc_row][vc_column width=\u00a0\u00bb1\/2&Prime;][vc_column_text]<div class='w3eden wpdm_package_shortcode'><!-- WPDM Link Template: Default Template -->\n\n<div class=\"link-template-default card mb-2\">\n    <div class=\"card-body\">\n        <div class=\"media\">\n            <div class=\"mr-3 img-48\"><img decoding=\"async\" class=\"wpdm_icon\" alt=\"Ic\u00f4ne\"   src=\"https:\/\/ceric.ca\/wp-content\/plugins\/download-manager\/assets\/file-type-icons\/pdf.svg\" \/><\/div>\n            <div class=\"media-body\">\n                <h3 class=\"package-title\"><a href='https:\/\/ceric.ca\/fr\/wpdm-package\/developpement-de-carriere-durant-la-pandemie-de-covid-19-et-au-dela-en-anglais\/'>D\u00e9veloppement de carri\u00e8re durant la pand\u00e9mie de COVID-19 et au-del\u00e0 (en anglais)<\/a><\/h3>\n                <div class=\"text-muted text-small\"><i class=\"fas fa-copy\"><\/i> 1 fichier\u00b7s <i class=\"fas fa-hdd ml-3\"><\/i> 203.35 KB<\/div>\n            <\/div>\n            <div class=\"ml-3\">\n                <a class='wpdm-download-link download-on-click btn btn-primary '  rel='nofollow' href='#' data-downloadurl=\"https:\/\/ceric.ca\/fr\/wpdm-package\/developpement-de-carriere-durant-la-pandemie-de-covid-19-et-au-dela-en-anglais\/?wpdmdl=49986&refresh=69db9013de6eb1775996947\">T\u00e9l\u00e9charger<\/a>\n            <\/div>\n        <\/div>\n    <\/div>\n<\/div>\n\n<\/div>[\/vc_column_text][\/vc_column][vc_column width=\u00a0\u00bb1\/2&Prime;][vc_column_text][\/vc_column_text][\/vc_column][\/vc_row][vc_row][vc_column][vc_column_text]Abedin, A. (2020). <a href=\"https:\/\/www.entrepreneur.com\/article\/349473\"><em>Finding Jobs and Building Careers in the Age of COVID-19 and Beyond.<\/em><\/a> Entrepreneur.<\/p>\n<p>Ahmad, S. (2020). <a href=\"https:\/\/torontopsychology.com\/coping-with-job-loss-and-uncertainty-during-the-covid-19-pandemic\/\"><em>Coping with Job Loss and Uncertainty During COVID-19 Pandemic.<\/em><\/a> Toronto Psychology Clinic.<\/p>\n<p>Brooks, C. (2020). <a href=\"https:\/\/www.abc4.com\/coronavirus\/covid-19-and-future-employment-73-5-million-americans-want-more-pandemic-proof-jobs\/\"><em>COVID-19 and Future Employment: 73.5 Million Americans Want More Pandemic-proof Jobs.<\/em><\/a> ABC4<\/p>\n<p>Brown, D. (2020). <a href=\"https:\/\/flipboard.com\/article\/coronavirus-as-employers-weigh-layoffs-these-job-listings-are-surging-due-to-p\/a-NQBfUuLxSmqnxAdGRDj-7g%3Aa%3A3199709-996ca603c4%2Fusatoday.com\"><em>Coronavirus: As employers weigh layoffs, these job listings are surging due to the pandemic.<\/em><\/a> Flipboard.<\/p>\n<p>Campos, I. (2020). <a href=\"https:\/\/www.psychologytoday.com\/ca\/blog\/closing-professional-gaps\/202003\/career-and-leadership-development-during-covid-19\"><em>Career and Leadership Development During COVID-19.<\/em><\/a> Psychology Today.<\/p>\n<p>CCDF. (2020). <a href=\"https:\/\/careerprocanada.ca\/covid-19-and-the-career-development-sector-impacts-and-recommendations\/\"><em>COVID-19 and the Career Development Sector: Impacts and Recommendations.<\/em><\/a> CCDF.<\/p>\n<p>Ceniza-Levine, C. (2020). <a href=\"https:\/\/www.forbes.com\/sites\/carolinecenizalevine\/2020\/05\/10\/should-you-change-careers-because-of-the-pandemic\/#55e494892227\"><em>Should you change careers because of the pandemic<\/em><\/a>. Forbes.<\/p>\n<p>CERIC. (2020). <a href=\"https:\/\/ceric.ca\/2020\/03\/timely-resources-from-careerwise-for-career-professionals-navigating-covid-19\/\"><em>Timely resources from CareerWise for career professionals navigating COVID-19.<\/em><\/a> CERIC.<\/p>\n<p>Chakravarty, D. (2020). <a href=\"https:\/\/economictimes.indiatimes.com\/wealth\/earn\/thinking-about-a-career-change-during-the-coronavirus-pandemic-here-are-8-things-to-consi\"><em>Thinking about a career change during the coronavirus pandemic? Here are 8 things to consider.<\/em><\/a> Economic Times.<\/p>\n<p>Collins, D. (2020). <a href=\"https:\/\/www.onemedical.com\/blog\/live-well\/cope-with-job-loss-covid-19\"><em>How to Cope with Job Loss During COVID-19<\/em><\/a>. One Medical.<\/p>\n<p>Cuthbertson, M. &amp; Ashton, E. (2020). <a href=\"https:\/\/learn.marsdd.com\/article\/how-to-maintain-employee-engagement-and-productivity-during-covid-19\/\"><em>How to maintain employee engagement and productivity during COVID-19.<\/em><\/a> MaRS Discovery District.<\/p>\n<p>De Jong, P. (2020). <a href=\"https:\/\/canada.constructconnect.com\/dcn\/news\/labour\/2020\/05\/industry-perspectives-op-ed-why-the-construction-trades-are-the-pandemic-proof-career-choice\"><em>Industry Perspectives Op-Ed: Why the construction trades are the pandemic-proof career choice.<\/em><\/a> Daily Commercial News.<\/p>\n<p>Deschamps, T. (2020). <a href=\"https:\/\/www.theglobeandmail.com\/business\/article-some-canadian-companies-embarking-on-hiring-sprees-to-cope-with-demand\/\"><em>Some Canadian Companies Embarking on Hiring Sprees Amid CPVID-19 Layoffs.<\/em><\/a> The Globe and Mail.<\/p>\n<p>Dickler, J. (2020). <a href=\"https:\/\/www.linkedin.com\/feed\/news\/changing-careers-during-a-pandemic-4113129\"><em>Changing careers during a pandemic.<\/em><\/a> LinkedIn.<\/p>\n<p>Fields, S. and Hartman, M. (2020). <a href=\"https:\/\/www.marketplace.org\/2020\/05\/08\/how-many-jobs-will-come-back-after-the-covid-19-pandemic-ends\/\"><em>How many jobs will come back after the COVID-19 pandemic ends?<\/em><\/a> Marketplace.<\/p>\n<p>Flanagan, R. (2020). <a href=\"https:\/\/www.ctvnews.ca\/health\/coronavirus\/these-jobs-may-be-most-in-demand-in-a-post-pandemic-canada-1.4947022\"><em>These jobs may be most in-demand in a post-pandemic Canada.<\/em><\/a> CTV News<\/p>\n<p>Geernaert, B. (2020). <a href=\"https:\/\/www.guelphtoday.com\/helpers\/2nd-chance-employment-counselling-still-doing-valuable-work-during-pandemic-2341220\"><em>2<sup>nd<\/sup> Chance Employment Counselling Still Doing Valuable Work During Pandemic.<\/em><\/a> GuelphToday.<\/p>\n<p>Gilgrist, K. (2020). <a href=\"https:\/\/www.cnbc.com\/2020\/05\/05\/career-advice-tips-for-changing-jobs-during-the-pandemic.html\"><em>5 tips if you\u2019re considering a career move during the pandemic\/<\/em><\/a> CNBC<\/p>\n<p>Guan, Y., Deng, H., and Zhou, X. (2020). <a href=\"https:\/\/www.sciencedirect.com\/science\/article\/pii\/S0001879120300634\">Understanding the impact of the COVID-19 pandemic on career development: Insight from cultural psychology<\/a>. <em>Journal of Vocational Behaviour.<\/em> 119:103438.<\/p>\n<p>Hess, A. (2020). <a href=\"https:\/\/www.cnbc.com\/2020\/03\/20\/how-coronavirus-is-impacting-job-seekers.html\"><em>The US economy has been hit hard by the coronavirus pandemic \u2013 here\u2019s what it is like for job seekers.<\/em><\/a> CNBC.<\/p>\n<p>Hooley, T. (2020). <a href=\"https:\/\/www.educaweb.com\/noticia\/2020\/04\/21\/the-coronavirus-is-time-when-career-guidance-is-desperately-needed-19153\/\"><em>\u201cThe coronavirus is a time when career guidance is desperately needed.\u201d<\/em><\/a> Educaweb.<\/p>\n<p>Hopkins, S. (2020). <a href=\"https:\/\/ccdf.ca\/news-articles\/seven-days-seven-ways\/\"><em>Seven Days, Seven Ways: How Career Development Prepared Me for this Pandemic.<\/em><\/a> CCDF.<\/p>\n<p>Hopkins, S. (2020). <a href=\"https:\/\/lmic-cimt.ca\/impact-of-covid-19-on-career-development\/\"><em>Impact of COVID-19 on Career Development<\/em><\/a>. LMIC.<\/p>\n<p>Howell, A. (2020). <a href=\"https:\/\/hbrascend.org\/topics\/how-to-take-control-of-your-career-during-the-pandemic\/\"><em>How to Take Control of Your Career During the Pandemic.<\/em><\/a> Harvard Business Review.<\/p>\n<p>Hutchinson, B. and Lehman, T. (2020). <a href=\"https:\/\/careerwise.ceric.ca\/2020\/04\/29\/coping-with-career-uncertainty-in-the-time-of-covid-19\/#.XtfmnTpKhPY\"><em>Coping with career uncertainty in the time of COVID-!9.<\/em><\/a> CareerWise, CERIC.<\/p>\n<p>Ibarra, H. (2020). <a href=\"https:\/\/hbr.org\/2020\/04\/reinventing-your-career-in-the-time-of-coronavirus\"><em>Reinventing Your career in the Time of Coronavirus<\/em><\/a>. Harvard Business Review.<\/p>\n<p>Jasper, S. (2020). <a href=\"https:\/\/www.newsobserver.com\/news\/coronavirus\/article242644941.html\"><em>What are the best jobs to look for during the pandemic? Here\u2019s what the experts say.<\/em><\/a> The News and Observer.<\/p>\n<p>Kelly, C. (2020). <a href=\"https:\/\/www.insidehighered.com\/advice\/2020\/04\/20\/career-advice-getting-through-economic-downturn-caused-pandemic-opinion\"><em>Career Planning in a Pandemic.<\/em><\/a> Inside Higher Ed.<\/p>\n<p>Kelly, J. (2020). <a href=\"https:\/\/www.forbes.com\/sites\/jackkelly\/2020\/04\/09\/the-aftermath-of-covid-19-will-cause-alarming-changes-to-our-careers-and-lives\/#5af999234e52\"><em>How the Coronavirus Outbreak Will Change Careers and Lives for the Foreseeable Future.<\/em><\/a> Forbes.<\/p>\n<p>Kuipers, S. (2020). <a href=\"https:\/\/ywib.ca\/toronto\/blog\/7-career-tips-covid\"><em>Here are 7 career tips to help you navigate your career development during the pandemic.<\/em><\/a> Young Women in Business.<\/p>\n<p>McCann, M. (2020). <a href=\"https:\/\/careerwise.ceric.ca\/2020\/05\/20\/how-to-prepare-for-the-post-pandemic-world-of-careers-work\/#.XtfqSjpKhPY\"><em>How to prepare for the post-pandemic world of careers work<\/em><\/a>. CareerWise, CERIC.<\/p>\n<p>Molla, R. (2020). <a href=\"https:\/\/www.vox.com\/recode\/2020\/3\/26\/21195150\/jobs-demand-coronavirus-linkedin-7-eleven\"><em>Not everyone is laying off workers because of coronavirus. These are the most in-demand jobs right now.<\/em><\/a> VOX.<\/p>\n<p>Montanez, R. (2020<a href=\"https:\/\/www.forbes.com\/sites\/rachelmontanez\/2020\/03\/22\/how-to-thrive-in-your-job-and-career-despite-the-coronavirus-pandemic\/#20c34646c4fd\"><em>). How to Thrive in Your Job and Career Despite the Coronavirus Pandemic.<\/em><\/a> Forbes.<\/p>\n<p>Olson, V. and Swift, M. (2020). <a href=\"https:\/\/www.kornferry.com\/insights\/articles\/changing-careers-coronavirus-jobs\"><em>Changing Careers During the Coronavirus<\/em><\/a>. Korn Ferry.<\/p>\n<p>Passy, J. (2020). <a href=\"https:\/\/www.marketwatch.com\/story\/how-to-find-a-pandemic-proof-job-during-the-coronavirus-outbreak-if-youve-been-laid-off-or-furloughed-2020-05-08\"><em>How to find a pandemic-proof job during the coronavirus outbreak if you\u2019ve been laid off or furloughed.<\/em><\/a> Market Watch.<\/p>\n<p>Peppercorn, S. (2020). <a href=\"https:\/\/www.fastcompany.com\/90504878\/this-is-when-you-consider-switching-careers-during-coronavirus\"><em>This is when you should consider switching careers during coronavirus.<\/em><\/a> FastCompany.<\/p>\n<p>Peterson, J. (2020). Opinion: <a href=\"https:\/\/www.marketwatch.com\/story\/thinking-about-a-new-job-after-coronavirus-dont-make-this-giant-mistake-2020-04-21\"><em>Thinking about a new job after Coronavirus? Don\u2019t make this giant mistake.<\/em><\/a> Market Watch.<\/p>\n<p>Reynolds, B. (2020). <a href=\"https:\/\/www.npr.org\/2020\/05\/20\/859934136\/career-development-coach-shares-tips-on-how-to-look-for-jobs-during-the-pandemic\"><em>Career Development Coach Shares Tips on How to Look for Jobs During the Pandemic.<\/em><\/a> Marketplace.<\/p>\n<p>Robinson, L. and Smith, M. (2020). <a href=\"https:\/\/www.helpguide.org\/articles\/anxiety\/dealing-with-uncertainty.htm\"><em>Dealing with Uncertainty During the Coronavirus Pandemic.<\/em><\/a> Help Guide.<\/p>\n<p>Sage, J. (2020). <a href=\"https:\/\/www.ydesfemmesmtl.org\/en\/after-covid-19-reflecting-on-career-options-and-employment-counselling\/\"><em>After COVID-19: reflecting on Career Options and Employment Counselling.<\/em><\/a> YWCA.<\/p>\n<p>Selyukh, A., Nadworny, E., Adame, D. (2020). <a href=\"https:\/\/www.npr.org\/2020\/04\/16\/831757428\/graduating-in-a-pandemic-advice-for-the-anxious-post-college-job-search\"><em>Graduating in a Pandemic: Advice for the Anxious Post-College Job search.<\/em><\/a> NPR.<\/p>\n<p>Sloat, A. (2020). <a href=\"https:\/\/www.brookings.edu\/opinions\/youre-graduating-in-a-pandemic-whats-next\/\"><em>You are graduating in a pandemic. What\u2019s next?<\/em><\/a> Brookings.<\/p>\n<p>Sparks, A. (2020). <a href=\"https:\/\/www.edweek.org\/ew\/articles\/2020\/05\/15\/five-ideas-for-a-pandemic-proof-graduation.html\"><em>Five Ideas for a Pandemic-Proof Graduation<\/em><\/a>. Education Week.<\/p>\n<p>Storch, A. (2020). <a href=\"https:\/\/www.advantageperformance.com\/challenges-in-remote-career-development-during-the-covid-19-crisis\/\"><em>Challenges in remote career development during COVID-19 crisis<\/em><\/a><em>.<\/em> Advantage Performance.<\/p>\n<p>The Learning Network. (2020). <a href=\"https:\/\/www.nytimes.com\/2020\/05\/06\/learning\/graduation-in-a-pandemic.html\"><em>Graduation in a Pandemic<\/em><\/a>. The New York Times.<\/p>\n<p>Tubs, S. (2020). <a href=\"https:\/\/www.ydesfemmesmtl.org\/en\/after-covid-19-reflecting-on-career-options-and-employment-counselling\/\"><em>Virtual Resources for Juggling Career Goals and COVID-19 Crisis.<\/em><\/a> University of Huston.<\/p>\n<p>Valencia, P.B. (2020). <a href=\"https:\/\/www.birchesgroup.com\/blog\/business-as-unusual-career-growth-during-a-pandemic\/\"><em>Business as (un) usual : Career Growth During a Pandemic<\/em><\/a>. Birches Group.<\/p>\n<p>Washington Post Staff. (2020). <a href=\"https:\/\/www.washingtonpost.com\/education\/2020\/05\/18\/class-of-2020\/?arc404=true\"><em>The Class of 2020: Graduating into a Pandemic<\/em><\/a>. The Washington Post.[\/vc_column_text][\/vc_column][\/vc_row]<\/p>\n<\/div>","protected":false},"excerpt":{"rendered":"<p>[vc_row][vc_column][vc_column_text]Derni\u00e8re mise \u00e0 jour : \u00a0juin 2020[\/vc_column_text][\/vc_column][\/vc_row][vc_row][vc_column width=\u00a0\u00bb1\/2&Prime;][vc_column_text][\/vc_column_text][\/vc_column][vc_column width=\u00a0\u00bb1\/2&Prime;][vc_column_text][\/vc_column_text][\/vc_column][\/vc_row][vc_row][vc_column][vc_column_text]Abedin, A. (2020). Finding Jobs and Building Careers in the Age of COVID-19 and Beyond. Entrepreneur. Ahmad, S.<span class=\"excerpt-hellip\"> [\u2026]<\/span><\/p>\n","protected":false},"author":1,"featured_media":0,"parent":46133,"menu_order":0,"comment_status":"closed","ping_status":"closed","template":"","meta":{"h5ap_radio_sources":[],"footnotes":""},"class_list":["post-46505","page","type-page","status-publish","hentry"],"yoast_head":"<!-- This site is optimized with the Yoast SEO Premium plugin v27.3 (Yoast SEO v27.3) - https:\/\/yoast.com\/product\/yoast-seo-premium-wordpress\/ -->\n<title>D\u00e9veloppement de carri\u00e8re durant la pand\u00e9mie de COVID-19 et au-del\u00e0 (en anglais) - CERIC<\/title>\n<meta name=\"robots\" content=\"index, follow, max-snippet:-1, max-image-preview:large, max-video-preview:-1\" \/>\n<link rel=\"canonical\" href=\"https:\/\/ceric.ca\/fr\/recherches-documentaires\/developpement-de-carriere-durant-la-pandemie-de-covid-19-et-au-dela\/\" \/>\n<meta property=\"og:locale\" content=\"fr_FR\" \/>\n<meta property=\"og:type\" content=\"article\" \/>\n<meta property=\"og:title\" content=\"D\u00e9veloppement de carri\u00e8re durant la pand\u00e9mie de COVID-19 et au-del\u00e0 (en anglais)\" \/>\n<meta property=\"og:description\" content=\"[vc_row][vc_column][vc_column_text]Derni\u00e8re mise \u00e0 jour : \u00a0juin 2020[\/vc_column_text][\/vc_column][\/vc_row][vc_row][vc_column width=\u00a0\u00bb1\/2&Prime;][vc_column_text][\/vc_column_text][\/vc_column][vc_column width=\u00a0\u00bb1\/2&Prime;][vc_column_text][\/vc_column_text][\/vc_column][\/vc_row][vc_row][vc_column][vc_column_text]Abedin, A. (2020). Finding Jobs and Building Careers in the Age of COVID-19 and Beyond. Entrepreneur. Ahmad, S. [\u2026]\" \/>\n<meta property=\"og:url\" content=\"https:\/\/ceric.ca\/fr\/recherches-documentaires\/developpement-de-carriere-durant-la-pandemie-de-covid-19-et-au-dela\/\" \/>\n<meta property=\"og:site_name\" content=\"CERIC\" \/>\n<meta property=\"article:modified_time\" content=\"2021-09-02T22:05:10+00:00\" \/>\n<meta name=\"twitter:card\" content=\"summary_large_image\" \/>\n<meta name=\"twitter:label1\" content=\"Dur\u00e9e de lecture estim\u00e9e\" \/>\n\t<meta name=\"twitter:data1\" content=\"4 minutes\" \/>\n<script type=\"application\/ld+json\" class=\"yoast-schema-graph\">{\"@context\":\"https:\\\/\\\/schema.org\",\"@graph\":[{\"@type\":\"WebPage\",\"@id\":\"https:\\\/\\\/ceric.ca\\\/fr\\\/recherches-documentaires\\\/developpement-de-carriere-durant-la-pandemie-de-covid-19-et-au-dela\\\/\",\"url\":\"https:\\\/\\\/ceric.ca\\\/fr\\\/recherches-documentaires\\\/developpement-de-carriere-durant-la-pandemie-de-covid-19-et-au-dela\\\/\",\"name\":\"D\u00e9veloppement de carri\u00e8re durant la pand\u00e9mie de COVID-19 et au-del\u00e0 (en anglais) - CERIC\",\"isPartOf\":{\"@id\":\"https:\\\/\\\/ceric.ca\\\/#website\"},\"datePublished\":\"2021-05-04T21:03:03+00:00\",\"dateModified\":\"2021-09-02T22:05:10+00:00\",\"breadcrumb\":{\"@id\":\"https:\\\/\\\/ceric.ca\\\/fr\\\/recherches-documentaires\\\/developpement-de-carriere-durant-la-pandemie-de-covid-19-et-au-dela\\\/#breadcrumb\"},\"inLanguage\":\"fr-FR\",\"potentialAction\":[{\"@type\":\"ReadAction\",\"target\":[\"https:\\\/\\\/ceric.ca\\\/fr\\\/recherches-documentaires\\\/developpement-de-carriere-durant-la-pandemie-de-covid-19-et-au-dela\\\/\"]}]},{\"@type\":\"BreadcrumbList\",\"@id\":\"https:\\\/\\\/ceric.ca\\\/fr\\\/recherches-documentaires\\\/developpement-de-carriere-durant-la-pandemie-de-covid-19-et-au-dela\\\/#breadcrumb\",\"itemListElement\":[{\"@type\":\"ListItem\",\"position\":1,\"name\":\"Home\",\"item\":\"https:\\\/\\\/ceric.ca\\\/fr\\\/ceric-homepage-2025\\\/\"},{\"@type\":\"ListItem\",\"position\":2,\"name\":\"Recherches documentaires\",\"item\":\"https:\\\/\\\/ceric.ca\\\/fr\\\/recherches-documentaires\\\/\"},{\"@type\":\"ListItem\",\"position\":3,\"name\":\"D\u00e9veloppement de carri\u00e8re durant la pand\u00e9mie de COVID-19 et au-del\u00e0 (en anglais)\"}]},{\"@type\":\"WebSite\",\"@id\":\"https:\\\/\\\/ceric.ca\\\/#website\",\"url\":\"https:\\\/\\\/ceric.ca\\\/\",\"name\":\"CERIC\",\"description\":\"\",\"publisher\":{\"@id\":\"https:\\\/\\\/ceric.ca\\\/#organization\"},\"potentialAction\":[{\"@type\":\"SearchAction\",\"target\":{\"@type\":\"EntryPoint\",\"urlTemplate\":\"https:\\\/\\\/ceric.ca\\\/?s={search_term_string}\"},\"query-input\":{\"@type\":\"PropertyValueSpecification\",\"valueRequired\":true,\"valueName\":\"search_term_string\"}}],\"inLanguage\":\"fr-FR\"},{\"@type\":\"Organization\",\"@id\":\"https:\\\/\\\/ceric.ca\\\/#organization\",\"name\":\"CERIC\",\"url\":\"https:\\\/\\\/ceric.ca\\\/\",\"logo\":{\"@type\":\"ImageObject\",\"inLanguage\":\"fr-FR\",\"@id\":\"https:\\\/\\\/ceric.ca\\\/#\\\/schema\\\/logo\\\/image\\\/\",\"url\":\"\",\"contentUrl\":\"\",\"caption\":\"CERIC\"},\"image\":{\"@id\":\"https:\\\/\\\/ceric.ca\\\/#\\\/schema\\\/logo\\\/image\\\/\"}}]}<\/script>\n<!-- \/ Yoast SEO Premium plugin. -->","yoast_head_json":{"title":"D\u00e9veloppement de carri\u00e8re durant la pand\u00e9mie de COVID-19 et au-del\u00e0 (en anglais) - CERIC","robots":{"index":"index","follow":"follow","max-snippet":"max-snippet:-1","max-image-preview":"max-image-preview:large","max-video-preview":"max-video-preview:-1"},"canonical":"https:\/\/ceric.ca\/fr\/recherches-documentaires\/developpement-de-carriere-durant-la-pandemie-de-covid-19-et-au-dela\/","og_locale":"fr_FR","og_type":"article","og_title":"D\u00e9veloppement de carri\u00e8re durant la pand\u00e9mie de COVID-19 et au-del\u00e0 (en anglais)","og_description":"[vc_row][vc_column][vc_column_text]Derni\u00e8re mise \u00e0 jour : \u00a0juin 2020[\/vc_column_text][\/vc_column][\/vc_row][vc_row][vc_column width=\u00a0\u00bb1\/2&Prime;][vc_column_text][\/vc_column_text][\/vc_column][vc_column width=\u00a0\u00bb1\/2&Prime;][vc_column_text][\/vc_column_text][\/vc_column][\/vc_row][vc_row][vc_column][vc_column_text]Abedin, A. (2020). Finding Jobs and Building Careers in the Age of COVID-19 and Beyond. Entrepreneur. Ahmad, S. [\u2026]","og_url":"https:\/\/ceric.ca\/fr\/recherches-documentaires\/developpement-de-carriere-durant-la-pandemie-de-covid-19-et-au-dela\/","og_site_name":"CERIC","article_modified_time":"2021-09-02T22:05:10+00:00","twitter_card":"summary_large_image","twitter_misc":{"Dur\u00e9e de lecture estim\u00e9e":"4 minutes"},"schema":{"@context":"https:\/\/schema.org","@graph":[{"@type":"WebPage","@id":"https:\/\/ceric.ca\/fr\/recherches-documentaires\/developpement-de-carriere-durant-la-pandemie-de-covid-19-et-au-dela\/","url":"https:\/\/ceric.ca\/fr\/recherches-documentaires\/developpement-de-carriere-durant-la-pandemie-de-covid-19-et-au-dela\/","name":"D\u00e9veloppement de carri\u00e8re durant la pand\u00e9mie de COVID-19 et au-del\u00e0 (en anglais) - CERIC","isPartOf":{"@id":"https:\/\/ceric.ca\/#website"},"datePublished":"2021-05-04T21:03:03+00:00","dateModified":"2021-09-02T22:05:10+00:00","breadcrumb":{"@id":"https:\/\/ceric.ca\/fr\/recherches-documentaires\/developpement-de-carriere-durant-la-pandemie-de-covid-19-et-au-dela\/#breadcrumb"},"inLanguage":"fr-FR","potentialAction":[{"@type":"ReadAction","target":["https:\/\/ceric.ca\/fr\/recherches-documentaires\/developpement-de-carriere-durant-la-pandemie-de-covid-19-et-au-dela\/"]}]},{"@type":"BreadcrumbList","@id":"https:\/\/ceric.ca\/fr\/recherches-documentaires\/developpement-de-carriere-durant-la-pandemie-de-covid-19-et-au-dela\/#breadcrumb","itemListElement":[{"@type":"ListItem","position":1,"name":"Home","item":"https:\/\/ceric.ca\/fr\/ceric-homepage-2025\/"},{"@type":"ListItem","position":2,"name":"Recherches documentaires","item":"https:\/\/ceric.ca\/fr\/recherches-documentaires\/"},{"@type":"ListItem","position":3,"name":"D\u00e9veloppement de carri\u00e8re durant la pand\u00e9mie de COVID-19 et au-del\u00e0 (en anglais)"}]},{"@type":"WebSite","@id":"https:\/\/ceric.ca\/#website","url":"https:\/\/ceric.ca\/","name":"CERIC","description":"","publisher":{"@id":"https:\/\/ceric.ca\/#organization"},"potentialAction":[{"@type":"SearchAction","target":{"@type":"EntryPoint","urlTemplate":"https:\/\/ceric.ca\/?s={search_term_string}"},"query-input":{"@type":"PropertyValueSpecification","valueRequired":true,"valueName":"search_term_string"}}],"inLanguage":"fr-FR"},{"@type":"Organization","@id":"https:\/\/ceric.ca\/#organization","name":"CERIC","url":"https:\/\/ceric.ca\/","logo":{"@type":"ImageObject","inLanguage":"fr-FR","@id":"https:\/\/ceric.ca\/#\/schema\/logo\/image\/","url":"","contentUrl":"","caption":"CERIC"},"image":{"@id":"https:\/\/ceric.ca\/#\/schema\/logo\/image\/"}}]}},"_links":{"self":[{"href":"https:\/\/ceric.ca\/fr\/wp-json\/wp\/v2\/pages\/46505","targetHints":{"allow":["GET"]}}],"collection":[{"href":"https:\/\/ceric.ca\/fr\/wp-json\/wp\/v2\/pages"}],"about":[{"href":"https:\/\/ceric.ca\/fr\/wp-json\/wp\/v2\/types\/page"}],"author":[{"embeddable":true,"href":"https:\/\/ceric.ca\/fr\/wp-json\/wp\/v2\/users\/1"}],"replies":[{"embeddable":true,"href":"https:\/\/ceric.ca\/fr\/wp-json\/wp\/v2\/comments?post=46505"}],"version-history":[{"count":0,"href":"https:\/\/ceric.ca\/fr\/wp-json\/wp\/v2\/pages\/46505\/revisions"}],"up":[{"embeddable":true,"href":"https:\/\/ceric.ca\/fr\/wp-json\/wp\/v2\/pages\/46133"}],"wp:attachment":[{"href":"https:\/\/ceric.ca\/fr\/wp-json\/wp\/v2\/media?parent=46505"}],"curies":[{"name":"wp","href":"https:\/\/api.w.org\/{rel}","templated":true}]}}