{"id":48136,"date":"2021-06-18T15:00:30","date_gmt":"2021-06-18T19:00:30","guid":{"rendered":"https:\/\/ceric.ca\/?page_id=48136"},"modified":"2021-09-01T17:17:12","modified_gmt":"2021-09-01T21:17:12","slug":"responsabilite-sociale-des-entreprises-en-anglais","status":"publish","type":"page","link":"https:\/\/ceric.ca\/fr\/recherches-documentaires\/responsabilite-sociale-des-entreprises-en-anglais\/","title":{"rendered":"Responsabilit\u00e9 sociale des entreprises (en anglais)"},"content":{"rendered":"<div class=\"wpb-content-wrapper\"><p>[vc_row][vc_column][vc_column_text]<span style=\"color: #808080;\"><em>Derni\u00e8re mise \u00e0 jour : septembre 2017<\/em><\/span>[\/vc_column_text]\r\n\t<div class=\"wprt-spacer clearfix\" data-desktop=\"40\" data-mobi=\"20\" data-smobi=\"20\"><\/div>[\/vc_column][\/vc_row][vc_row][vc_column width=\u00a0\u00bb1\/2&Prime;][vc_column_text]<div class='w3eden wpdm_package_shortcode'><div class=\"media well link-template-widget\">\n    <div class=\"media-body\">\n        <a href=\"https:\/\/ceric.ca\/fr\/wpdm-package\/responsabilite-sociale-des-entreprises-en-anglais\/?wpdmdl=20903&refresh=69d8b89ed3cc71775810718\" style=\"display: block;clear: bottom;font-size: 11pt;font-weight: bold;\">Responsabilit\u00e9 sociale des entreprises (en anglais)<\/a>\n        <div style=\"font-size: 9pt;\">\n            <i class=\"fas fa-hdd color-green\"><\/i> 350.26 KB <i class=\"fa fa-copy ml-3\"><\/i>\n            1 file(s)\n        <\/div>\n    <\/div>\n<\/div>\n\n<\/div>[\/vc_column_text][\/vc_column][vc_column width=\u00a0\u00bb1\/2&Prime;][vc_column_text][\/vc_column_text][\/vc_column][\/vc_row][vc_row][vc_column][vc_column_text]Aguinis, H., Glavas, A. (2012). <a href=\"http:\/\/journals.sagepub.com\/doi\/abs\/10.1177\/0149206311436079\" target=\"_blank\" rel=\"noopener\">What We Know and Don\u2019t Know About Corporate Social Responsibility.<\/a> <em>Journal of Management.<\/em><\/p>\n<p>Alexander, J. (2016). <a href=\"https:\/\/www.strategy-business.com\/article\/The-CEO-as-Activist?gko=125ab\" target=\"_blank\" rel=\"noopener\">The CEO as Activist.<\/a> <em>strategy + business<\/em>. Issue 86.<\/p>\n<p>Anderson, J., and Rainie, L. (2012). <a href=\"http:\/\/www.pewinternet.org\/2012\/07\/05\/the-future-of-corporate-responsibility\/\" target=\"_blank\" rel=\"noopener\">The Future of Corporate Responsibility.<\/a> Pew Research Center<\/p>\n<p>Auhagen, A.E., Bierhoff, H-W. ( 2001) <a href=\"https:\/\/www.amazon.com\/Future-Everyone-Innovative-Responsibility-Partnerships-ebook\/dp\/B001AOIVYC\" target=\"_blank\" rel=\"noopener\">Responsibility: The Many Faces of a Social Phenomenon.<\/a> Routledge.<\/p>\n<p>Bhattacharya, C.B., Korschun, D., and Sen, S. (2011<a href=\"http:\/\/www.mckinsey.com\/global-themes\/leadership\/what-really-drives-value-in-corporate-responsibility\" target=\"_blank\" rel=\"noopener\">). What really drives value in corporate responsibility<\/a>. McKinsey &amp; Company.<\/p>\n<p>Carroll, A.B. and Shabana, K.M. (2010). <a href=\"http:\/\/finance.uw.edu\/sites\/default\/files\/Business%20Case%20for%20CSR%20Review%20of%20Concepts,%20Research%20and%20Practice.pdf\" target=\"_blank\" rel=\"noopener\">The Business Case for Corporate Social Responsibility: A Review of Concepts, Research and Practice.<\/a> <em>International Journal of Management Reviews.<\/em><\/p>\n<p>Cheers, Z. (2011). <a href=\"http:\/\/digitalcommons.liberty.edu\/cgi\/viewcontent.cgi?article=1229&amp;context=honors\" target=\"_blank\" rel=\"noopener\">The Corporate Social Responsibility Debate<\/a>. Thesis, Liberty University.<\/p>\n<p>Dillard, J., Haynes, K., Murray, A. (Eds.). (2014). <a href=\"https:\/\/www.routledge.com\/Corporate-Social-Responsibility\/Gond-Moon\/p\/book\/9780415548045\" target=\"_blank\" rel=\"noopener\">Corporate Social Responsibility. A Research Handbook.<\/a> Routledge.<\/p>\n<p>Gelles, D. (2015). <a href=\"https:\/\/www.nytimes.com\/2015\/10\/18\/business\/energy-environment\/social-responsibility-that-rubs-right-off.html\" target=\"_blank\" rel=\"noopener\">Social Responsibility That Rubs Right Off.<\/a> The New York Times.<\/p>\n<p>Gerdeman, D. (2012). <a href=\"http:\/\/hbswk.hbs.edu\/item\/a-pragmatic-alternative-for-creating-a-corporate-social-responsibility-strategy\" target=\"_blank\" rel=\"noopener\">A Pragmatic Alternative for Creating a Corporate Social Responsibility Strategy.<\/a> Harvard Business School.<\/p>\n<p>Gill, A. (2008). <a href=\"http:\/\/scholarship.law.berkeley.edu\/cgi\/viewcontent.cgi?article=1360&amp;context=bjil\" target=\"_blank\" rel=\"noopener\">Corporate Governance as Social Responsibility: A Research Agenda<\/a><em>. Berkley<\/em> <em>Journal of International Law.<\/em> Volume 26, Issue 2.<\/p>\n<p>Goel, M., Ramanathan, P.E. (2014) <a href=\"http:\/\/www.sciencedirect.com\/science\/article\/pii\/S2212567114001750\" target=\"_blank\" rel=\"noopener\">Business Ethics and Corporate Social Responsibility \u2013 Is there a Diving Line?<\/a> <em>Procedia Economics and Finance<\/em>. Volume 11, Pages 49-59.<\/p>\n<p>Gurlek, M., Duzgun, E. (2005). <a href=\"https:\/\/www.researchgate.net\/publication\/317554053_How_does_corporate_social_responsibility_create_customer_loyalty_The_role_of_corporate_image\" target=\"_blank\" rel=\"noopener\">How does corporate social responsibility create cutomer loyalty? The role of corporate image.<\/a><em> Social Responsibility Journal.<\/em><\/p>\n<p>Guthrie, D. (2014). <a href=\"https:\/\/www.forbes.com\/sites\/dougguthrie\/2014\/01\/09\/a-conversation-on-corporate-social-responsibility\/#344852a11c33\" target=\"_blank\" rel=\"noopener\">A Conversation on Corporate Social Responsibility<\/a>. Forbes.<\/p>\n<p>Hayzlett, J. (2015). <a href=\"https:\/\/www.entrepreneur.com\/article\/285587\" target=\"_blank\" rel=\"noopener\">4 Ways Employers are Using Corporate Social Responsibility to Recruit Millennials.<\/a> Entrepreneur.<\/p>\n<p>Hayzlett, J. (2015). <a href=\"https:\/\/www.entrepreneur.com\/article\/269665\" target=\"_blank\" rel=\"noopener\">Why Should Your Business Care About Social Responsibility<\/a>. Entrepreneur.<\/p>\n<p>Heskett, J. (2017). <a href=\"http:\/\/hbswk.hbs.edu\/item\/what-are-the-limits-of-ceo-activism\" target=\"_blank\" rel=\"noopener\">What Are the Limits of CEO Activism.<\/a> Harvard Business School.<\/p>\n<p>Hiltzik, M. (2011). <a href=\"http:\/\/articles.latimes.com\/2011\/nov\/06\/business\/la-fi-hiltzik-20111106\" target=\"_blank\" rel=\"noopener\">Corporations need a social conscience<\/a>. Los Angeles Times.<\/p>\n<p>Hopkins, M. (2004). <a href=\"http:\/\/www.ilo.org\/legacy\/english\/integration\/download\/publicat\/4_3_285_wcsdg-wp-27.pdf\" target=\"_blank\" rel=\"noopener\">Corporate social responsibility: an issues paper<\/a>. Policy Integration Department World Commission on the Social Dimension of Globalization International Labour Office Geneva<\/p>\n<p>Hopp, W. (2014). <a href=\"https:\/\/www.fastcompany.com\/3039427\/why-social-responsibility-needs-to-be-more-than-just-a-fad\" target=\"_blank\" rel=\"noopener\">Why Social Responsibility Needs to be More Than Just a Fad.<\/a> Fast Company.<\/p>\n<p>Ismail, M. (2009). <a href=\"https:\/\/www.majortests.com\/essay\/Corporate-Social-Responsibility-And-Its-Role-530170.html\" target=\"_blank\" rel=\"noopener\">Corporate Social Responsibility and its Role in Community Development: An International Perspective.<\/a> <em>The Journal of International Social Research<\/em>, Volume 2\/9.<\/p>\n<p>Jones, K., Bartlett, J.L. (2009). <a href=\"http:\/\/www.prismjournal.org\/fileadmin\/Praxis\/Files\/Journal_Files\/Jones_Bartlett.pdf\" target=\"_blank\" rel=\"noopener\">The strategic value of corporate social responsibility: A relationship management framework for public relations practice.<\/a> <em>Prism <\/em>6(1).<\/p>\n<p>Karnani, A. (2010). <a href=\"https:\/\/www.wsj.com\/articles\/SB10001424052748703338004575230112664504890\" target=\"_blank\" rel=\"noopener\">The Case Against Corporate Social Responsibility.<\/a> The Wall Street Journal.<\/p>\n<p>Kercher, K. (2007<a href=\"http:\/\/epublications.bond.edu.au\/cgi\/viewcontent.cgi?article=1003&amp;context=cgej\" target=\"_blank\" rel=\"noopener\">). Corporate Social Responsibility: Impact of globalization and international business<\/a>. Bond University Publications.<\/p>\n<p>Keys, T., Malnight, T.W., and van der Graaf, K. (2009). <a href=\"http:\/\/www.mckinsey.com\/global-themes\/leadership\/making-the-most-of-corporate-social-responsibility\" target=\"_blank\" rel=\"noopener\">Making the most of corporate social responsibility.<\/a> McKinsey &amp; Company.<\/p>\n<p>Kitzmueller, M., Shimshack, J. (2012<a href=\"https:\/\/www.aeaweb.org\/articles?id=10.1257\/jel.50.1.51\" target=\"_blank\" rel=\"noopener\">). Economic Perspectives on Corporate Social Responsibility<\/a>. <em>Journal of Economic Literature<\/em>. Vol. 50, No. 1. Pp. 51-84.<\/p>\n<p>Knowledge@Wharton. (2012). <a href=\"http:\/\/business.time.com\/2012\/05\/28\/why-companies-can-no-longer-afford-to-ignore-their-social-responsibilities\/\" target=\"_blank\" rel=\"noopener\">Why Companies Can No Longer Afford to Ignore Their Social Responsibilities.<\/a> Time.<\/p>\n<p>Maignan, I., Ferrell, O.C. (2004<a href=\"https:\/\/danielsethics.mgt.unm.edu\/pdf\/Corporate%20Social%20Responsibility%20and%20Marketing.pdf\" target=\"_blank\" rel=\"noopener\">). Corporate Social Responsibility and Marketing: An Integrative Framework.<\/a> <em>Journal of the Academy of Marketing Science<\/em>. Volume 32, No.1, pages 3-19.<\/p>\n<p>Marques, J.C., and Mintzberg, H. (2015). <a href=\"http:\/\/sloanreview.mit.edu\/article\/why-corporate-social-responsibility-isnt-a-piece-of-cake\/\" target=\"_blank\" rel=\"noopener\">Why Corporate Social Responsibility Isn\u2019t a Piece of Cake.<\/a> MITSloan Management Review.<\/p>\n<p>Maurrasse, D., Jones, C. (2004). <a href=\"https:\/\/www.amazon.com\/Future-Everyone-Innovative-Responsibility-Partnerships-ebook\/dp\/B001AOIVYC\" target=\"_blank\" rel=\"noopener\">A Future for Everyone: Innovative Social Responsibility and Community Partnerships.<\/a> Routledge.<\/p>\n<p>Noer, M., Ewait, D.M., Weiss, T. (Eds.). (2008). <a href=\"https:\/\/www.forbes.com\/2008\/10\/16\/corporate-social-responsibility-corprespons08-lead-cx_mn_de_tw_1016csr_land.html\" target=\"_blank\" rel=\"noopener\">Corporate Social Responsibility<\/a>. Forbes.<\/p>\n<p>Novick O\u2019Keefe, L. (2014). <a href=\"http:\/\/www.huffingtonpost.com\/linda-novick-okeefe\/doing-good-is-good-for-bu_b_6369242.html\" target=\"_blank\" rel=\"noopener\">Doing Good is Good for Business \u2013 Corporate Social Responsibility in 2015.<\/a> Huffington Post.<\/p>\n<p>Palmquist, M. (2015). <a href=\"https:\/\/www.strategy-business.com\/blog\/The-Subtleties-of-CSR-in-Hard-Times?gko=6e108\" target=\"_blank\" rel=\"noopener\">The Subtleties of CSR in Hard Times<\/a>. <em>strategy + business.<\/em><\/p>\n<p>Rangan, V.K., Chase, L., and Karim, S. (2015). <a href=\"https:\/\/hbr.org\/2015\/01\/the-truth-about-csr\" target=\"_blank\" rel=\"noopener\">The Truth about CSR.<\/a> Harvard Business Review.<\/p>\n<p>Rangan, K., Chase, L.A., &amp; Karim, S. (2012). <a href=\"http:\/\/www.hbs.edu\/faculty\/Publication%20Files\/12-088.pdf\" target=\"_blank\" rel=\"noopener\">Why Every Company Needs a CSR Strategy and How to Build It<\/a>. Harvard Business School.<\/p>\n<p>Reiss, R. (2017). <a href=\"https:\/\/www.forbes.com\/sites\/robertreiss\/2017\/09\/11\/top-ceos-place-high-value-on-corporate-ethics-and-social-responsibility-to-drive-business\/#4ae5d5694473\" target=\"_blank\" rel=\"noopener\">Top CEOs Place High Value on Corporate Ethics and Social Responsibility to Drive Business.<\/a> Forbes.<\/p>\n<p>Ross, D. (2017). <a href=\"https:\/\/jcsr.springeropen.com\/articles\/10.1186\/s40991-017-0019-7\" target=\"_blank\" rel=\"noopener\">A research-informed model for corporate social responsibility: towards accountability to impacted stakeholders.<\/a> <em>International Journal of Corporate Social Responsibility.<\/em><\/p>\n<p>Schultz, H. (2014). <a href=\"https:\/\/globalassets.starbucks.com\/assets\/ea2441eb7cf647bb8ce8bb40f75e267e.pdf\" target=\"_blank\" rel=\"noopener\">What is the role and responsibility of a for-profit, public company?<\/a> Starbucks.<\/p>\n<p>Shah, A. (2007). <a href=\"https:\/\/search.yahoo.com\/yhs\/search?hspart=adk&amp;hsimp=yhs-adk_sbnt&amp;param2=625e197b-867f-4937-a26f-b5982c83e6a7&amp;param3=defaultsearch_3.3~CA~appfocus1&amp;param4=g---ccc1-googlesearch-googlesearch-googlesearch-bb8~Chrome~corporate+social+responsibility+-+a.+shah&amp;param1=20170905&amp;p=corporate+social+responsibility+-+a.+shah&amp;type=ds_appfocus1_cr\" target=\"_blank\" rel=\"noopener\">Corporate Social Responsibility<\/a>. Global Issues.<\/p>\n<p>Sims, R.R. (2003). <a href=\"https:\/\/www.amazon.com\/Ethics-Corporate-Social-Responsibility-Giants\/dp\/0275980391\" target=\"_blank\" rel=\"noopener\">Ethics and Corporate Social Responsibility: Why Giants Fall.<\/a> Praeger.<\/p>\n<p>Smith, R.E. (2011). <a href=\"http:\/\/repository.upenn.edu\/cgi\/viewcontent.cgi?article=1009&amp;context=od_theses_mp\" target=\"_blank\" rel=\"noopener\">Defining Corporate Social Responsibility: A Systems Approach for Socially Responsible Capitalism.<\/a> Thesis, University of Pennsylvania.<\/p>\n<p>Smith, N.C. (2003). <a href=\"http:\/\/connection.ebscohost.com\/c\/articles\/10899674\/corporate-social-responsibility-whether-how\" target=\"_blank\" rel=\"noopener\">Corporate Social Responsibility: WHETHER OR HOW?<\/a> <em>California Management Review,<\/em> Vol. 45, Issue 4, P.52.<\/p>\n<p>Swinand, A. (2014<a href=\"http:\/\/www.chicagobusiness.com\/article\/20140325\/OPINION\/140329895\/corporate-social-responsibility-is-millennials-new-religion\" target=\"_blank\" rel=\"noopener\">). Corporate social responsibility is millennials\u2019 new religion.<\/a> Crain.<\/p>\n<p>Taylor &amp; Francis, (2016). <a href=\"https:\/\/www.sciencedaily.com\/releases\/2016\/11\/161103115151.htm\" target=\"_blank\" rel=\"noopener\">Link between corporate social responsibility and success in management.<\/a> Science Daily.<\/p>\n<p>Vokel, D. (2015). <a href=\"https:\/\/www.scu.edu\/ethics\/focus-areas\/business-ethics\/resources\/new-strategies-for-corporate-social-responsibility\/\" target=\"_blank\" rel=\"noopener\">New Strategies for Corporate Social Responsibility.<\/a> Markkula Center for Applied Ethics, Better Choices.<\/p>\n<p>Wicks, A.C. (2013). <a href=\"https:\/\/www.washingtonpost.com\/business\/defining-corporate-social-responsibility-for-use-across-the-globe\/2013\/03\/01\/75d0b320-8036-11e2-a350-49866afab584_story.html?utm_term=.6760289192ac\" target=\"_blank\" rel=\"noopener\">Defining corporate social responsibility for use across the globe.<\/a> The Washington Post[\/vc_column_text][\/vc_column][\/vc_row]<\/p>\n<\/div>","protected":false},"excerpt":{"rendered":"<p>[vc_row][vc_column][vc_column_text]Derni\u00e8re mise \u00e0 jour : septembre 2017[\/vc_column_text][\/vc_column][\/vc_row][vc_row][vc_column width=\u00a0\u00bb1\/2&Prime;][vc_column_text][\/vc_column_text][\/vc_column][vc_column width=\u00a0\u00bb1\/2&Prime;][vc_column_text][\/vc_column_text][\/vc_column][\/vc_row][vc_row][vc_column][vc_column_text]Aguinis, H., Glavas, A. (2012). What We Know and Don\u2019t Know About Corporate Social Responsibility. Journal of Management.<span class=\"excerpt-hellip\"> [\u2026]<\/span><\/p>\n","protected":false},"author":1,"featured_media":0,"parent":46133,"menu_order":0,"comment_status":"closed","ping_status":"closed","template":"","meta":{"h5ap_radio_sources":[],"footnotes":""},"class_list":["post-48136","page","type-page","status-publish","hentry"],"yoast_head":"<!-- This site is optimized with the Yoast SEO Premium plugin v27.3 (Yoast SEO v27.3) - https:\/\/yoast.com\/product\/yoast-seo-premium-wordpress\/ -->\n<title>Responsabilit\u00e9 sociale des entreprises (en anglais) - CERIC<\/title>\n<meta name=\"robots\" content=\"index, follow, max-snippet:-1, max-image-preview:large, max-video-preview:-1\" \/>\n<link rel=\"canonical\" href=\"https:\/\/ceric.ca\/fr\/recherches-documentaires\/responsabilite-sociale-des-entreprises-en-anglais\/\" \/>\n<meta property=\"og:locale\" content=\"fr_FR\" \/>\n<meta property=\"og:type\" content=\"article\" \/>\n<meta property=\"og:title\" content=\"Responsabilit\u00e9 sociale des entreprises (en anglais)\" \/>\n<meta property=\"og:description\" content=\"[vc_row][vc_column][vc_column_text]Derni\u00e8re mise \u00e0 jour : septembre 2017[\/vc_column_text][\/vc_column][\/vc_row][vc_row][vc_column width=\u00a0\u00bb1\/2&Prime;][vc_column_text][\/vc_column_text][\/vc_column][vc_column width=\u00a0\u00bb1\/2&Prime;][vc_column_text][\/vc_column_text][\/vc_column][\/vc_row][vc_row][vc_column][vc_column_text]Aguinis, H., Glavas, A. (2012). What We Know and Don\u2019t Know About Corporate Social Responsibility. Journal of Management. [\u2026]\" \/>\n<meta property=\"og:url\" content=\"https:\/\/ceric.ca\/fr\/recherches-documentaires\/responsabilite-sociale-des-entreprises-en-anglais\/\" \/>\n<meta property=\"og:site_name\" content=\"CERIC\" \/>\n<meta property=\"article:modified_time\" content=\"2021-09-01T21:17:12+00:00\" \/>\n<meta name=\"twitter:card\" content=\"summary_large_image\" \/>\n<meta name=\"twitter:label1\" content=\"Dur\u00e9e de lecture estim\u00e9e\" \/>\n\t<meta name=\"twitter:data1\" content=\"4 minutes\" \/>\n<script type=\"application\/ld+json\" class=\"yoast-schema-graph\">{\"@context\":\"https:\\\/\\\/schema.org\",\"@graph\":[{\"@type\":\"WebPage\",\"@id\":\"https:\\\/\\\/ceric.ca\\\/fr\\\/recherches-documentaires\\\/responsabilite-sociale-des-entreprises-en-anglais\\\/\",\"url\":\"https:\\\/\\\/ceric.ca\\\/fr\\\/recherches-documentaires\\\/responsabilite-sociale-des-entreprises-en-anglais\\\/\",\"name\":\"Responsabilit\u00e9 sociale des entreprises (en anglais) - CERIC\",\"isPartOf\":{\"@id\":\"https:\\\/\\\/ceric.ca\\\/#website\"},\"datePublished\":\"2021-06-18T19:00:30+00:00\",\"dateModified\":\"2021-09-01T21:17:12+00:00\",\"breadcrumb\":{\"@id\":\"https:\\\/\\\/ceric.ca\\\/fr\\\/recherches-documentaires\\\/responsabilite-sociale-des-entreprises-en-anglais\\\/#breadcrumb\"},\"inLanguage\":\"fr-FR\",\"potentialAction\":[{\"@type\":\"ReadAction\",\"target\":[\"https:\\\/\\\/ceric.ca\\\/fr\\\/recherches-documentaires\\\/responsabilite-sociale-des-entreprises-en-anglais\\\/\"]}]},{\"@type\":\"BreadcrumbList\",\"@id\":\"https:\\\/\\\/ceric.ca\\\/fr\\\/recherches-documentaires\\\/responsabilite-sociale-des-entreprises-en-anglais\\\/#breadcrumb\",\"itemListElement\":[{\"@type\":\"ListItem\",\"position\":1,\"name\":\"Home\",\"item\":\"https:\\\/\\\/ceric.ca\\\/fr\\\/ceric-homepage-2025\\\/\"},{\"@type\":\"ListItem\",\"position\":2,\"name\":\"Recherches documentaires\",\"item\":\"https:\\\/\\\/ceric.ca\\\/fr\\\/recherches-documentaires\\\/\"},{\"@type\":\"ListItem\",\"position\":3,\"name\":\"Responsabilit\u00e9 sociale des entreprises (en anglais)\"}]},{\"@type\":\"WebSite\",\"@id\":\"https:\\\/\\\/ceric.ca\\\/#website\",\"url\":\"https:\\\/\\\/ceric.ca\\\/\",\"name\":\"CERIC\",\"description\":\"\",\"publisher\":{\"@id\":\"https:\\\/\\\/ceric.ca\\\/#organization\"},\"potentialAction\":[{\"@type\":\"SearchAction\",\"target\":{\"@type\":\"EntryPoint\",\"urlTemplate\":\"https:\\\/\\\/ceric.ca\\\/?s={search_term_string}\"},\"query-input\":{\"@type\":\"PropertyValueSpecification\",\"valueRequired\":true,\"valueName\":\"search_term_string\"}}],\"inLanguage\":\"fr-FR\"},{\"@type\":\"Organization\",\"@id\":\"https:\\\/\\\/ceric.ca\\\/#organization\",\"name\":\"CERIC\",\"url\":\"https:\\\/\\\/ceric.ca\\\/\",\"logo\":{\"@type\":\"ImageObject\",\"inLanguage\":\"fr-FR\",\"@id\":\"https:\\\/\\\/ceric.ca\\\/#\\\/schema\\\/logo\\\/image\\\/\",\"url\":\"\",\"contentUrl\":\"\",\"caption\":\"CERIC\"},\"image\":{\"@id\":\"https:\\\/\\\/ceric.ca\\\/#\\\/schema\\\/logo\\\/image\\\/\"}}]}<\/script>\n<!-- \/ Yoast SEO Premium plugin. -->","yoast_head_json":{"title":"Responsabilit\u00e9 sociale des entreprises (en anglais) - CERIC","robots":{"index":"index","follow":"follow","max-snippet":"max-snippet:-1","max-image-preview":"max-image-preview:large","max-video-preview":"max-video-preview:-1"},"canonical":"https:\/\/ceric.ca\/fr\/recherches-documentaires\/responsabilite-sociale-des-entreprises-en-anglais\/","og_locale":"fr_FR","og_type":"article","og_title":"Responsabilit\u00e9 sociale des entreprises (en anglais)","og_description":"[vc_row][vc_column][vc_column_text]Derni\u00e8re mise \u00e0 jour : septembre 2017[\/vc_column_text][\/vc_column][\/vc_row][vc_row][vc_column width=\u00a0\u00bb1\/2&Prime;][vc_column_text][\/vc_column_text][\/vc_column][vc_column width=\u00a0\u00bb1\/2&Prime;][vc_column_text][\/vc_column_text][\/vc_column][\/vc_row][vc_row][vc_column][vc_column_text]Aguinis, H., Glavas, A. (2012). What We Know and Don\u2019t Know About Corporate Social Responsibility. Journal of Management. [\u2026]","og_url":"https:\/\/ceric.ca\/fr\/recherches-documentaires\/responsabilite-sociale-des-entreprises-en-anglais\/","og_site_name":"CERIC","article_modified_time":"2021-09-01T21:17:12+00:00","twitter_card":"summary_large_image","twitter_misc":{"Dur\u00e9e de lecture estim\u00e9e":"4 minutes"},"schema":{"@context":"https:\/\/schema.org","@graph":[{"@type":"WebPage","@id":"https:\/\/ceric.ca\/fr\/recherches-documentaires\/responsabilite-sociale-des-entreprises-en-anglais\/","url":"https:\/\/ceric.ca\/fr\/recherches-documentaires\/responsabilite-sociale-des-entreprises-en-anglais\/","name":"Responsabilit\u00e9 sociale des entreprises (en anglais) - CERIC","isPartOf":{"@id":"https:\/\/ceric.ca\/#website"},"datePublished":"2021-06-18T19:00:30+00:00","dateModified":"2021-09-01T21:17:12+00:00","breadcrumb":{"@id":"https:\/\/ceric.ca\/fr\/recherches-documentaires\/responsabilite-sociale-des-entreprises-en-anglais\/#breadcrumb"},"inLanguage":"fr-FR","potentialAction":[{"@type":"ReadAction","target":["https:\/\/ceric.ca\/fr\/recherches-documentaires\/responsabilite-sociale-des-entreprises-en-anglais\/"]}]},{"@type":"BreadcrumbList","@id":"https:\/\/ceric.ca\/fr\/recherches-documentaires\/responsabilite-sociale-des-entreprises-en-anglais\/#breadcrumb","itemListElement":[{"@type":"ListItem","position":1,"name":"Home","item":"https:\/\/ceric.ca\/fr\/ceric-homepage-2025\/"},{"@type":"ListItem","position":2,"name":"Recherches documentaires","item":"https:\/\/ceric.ca\/fr\/recherches-documentaires\/"},{"@type":"ListItem","position":3,"name":"Responsabilit\u00e9 sociale des entreprises (en anglais)"}]},{"@type":"WebSite","@id":"https:\/\/ceric.ca\/#website","url":"https:\/\/ceric.ca\/","name":"CERIC","description":"","publisher":{"@id":"https:\/\/ceric.ca\/#organization"},"potentialAction":[{"@type":"SearchAction","target":{"@type":"EntryPoint","urlTemplate":"https:\/\/ceric.ca\/?s={search_term_string}"},"query-input":{"@type":"PropertyValueSpecification","valueRequired":true,"valueName":"search_term_string"}}],"inLanguage":"fr-FR"},{"@type":"Organization","@id":"https:\/\/ceric.ca\/#organization","name":"CERIC","url":"https:\/\/ceric.ca\/","logo":{"@type":"ImageObject","inLanguage":"fr-FR","@id":"https:\/\/ceric.ca\/#\/schema\/logo\/image\/","url":"","contentUrl":"","caption":"CERIC"},"image":{"@id":"https:\/\/ceric.ca\/#\/schema\/logo\/image\/"}}]}},"_links":{"self":[{"href":"https:\/\/ceric.ca\/fr\/wp-json\/wp\/v2\/pages\/48136","targetHints":{"allow":["GET"]}}],"collection":[{"href":"https:\/\/ceric.ca\/fr\/wp-json\/wp\/v2\/pages"}],"about":[{"href":"https:\/\/ceric.ca\/fr\/wp-json\/wp\/v2\/types\/page"}],"author":[{"embeddable":true,"href":"https:\/\/ceric.ca\/fr\/wp-json\/wp\/v2\/users\/1"}],"replies":[{"embeddable":true,"href":"https:\/\/ceric.ca\/fr\/wp-json\/wp\/v2\/comments?post=48136"}],"version-history":[{"count":0,"href":"https:\/\/ceric.ca\/fr\/wp-json\/wp\/v2\/pages\/48136\/revisions"}],"up":[{"embeddable":true,"href":"https:\/\/ceric.ca\/fr\/wp-json\/wp\/v2\/pages\/46133"}],"wp:attachment":[{"href":"https:\/\/ceric.ca\/fr\/wp-json\/wp\/v2\/media?parent=48136"}],"curies":[{"name":"wp","href":"https:\/\/api.w.org\/{rel}","templated":true}]}}