{"id":48167,"date":"2021-06-18T17:08:50","date_gmt":"2021-06-18T21:08:50","guid":{"rendered":"https:\/\/ceric.ca\/?page_id=48167"},"modified":"2021-09-02T15:55:15","modified_gmt":"2021-09-02T19:55:15","slug":"les-avantages-economiques-de-lorientation-professionnelle-en-anglais","status":"publish","type":"page","link":"https:\/\/ceric.ca\/fr\/recherches-documentaires\/les-avantages-economiques-de-lorientation-professionnelle-en-anglais\/","title":{"rendered":"Les avantages \u00e9conomiques de l&rsquo;orientation professionnelle (en anglais)"},"content":{"rendered":"<div class=\"wpb-content-wrapper\"><p>[vc_row][vc_column][vc_column_text]<span style=\"color: #808080;\"><em>Derni\u00e8re mise \u00e0 jour : mai 2017<\/em><\/span>[\/vc_column_text]\r\n\t<div class=\"wprt-spacer clearfix\" data-desktop=\"40\" data-mobi=\"20\" data-smobi=\"20\"><\/div>[\/vc_column][\/vc_row][vc_row][vc_column width=\u00a0\u00bb1\/2&Prime;][vc_column_text]<div class='w3eden wpdm_package_shortcode'><div class=\"media well link-template-widget\">\n    <div class=\"media-body\">\n        <a href=\"https:\/\/ceric.ca\/fr\/wpdm-package\/les-avantages-economiques-de-lorientation-professionnelle-en-anglais\/?wpdmdl=50088&refresh=69f627622df021777739618\" style=\"display: block;clear: bottom;font-size: 11pt;font-weight: bold;\">Les avantages \u00e9conomiques de l\u2019orientation professionnelle (en anglais)<\/a>\n        <div style=\"font-size: 9pt;\">\n            <i class=\"fas fa-hdd color-green\"><\/i> 688.71 KB <i class=\"fa fa-copy ml-3\"><\/i>\n            2 file(s)\n        <\/div>\n    <\/div>\n<\/div>\n\n<\/div>[\/vc_column_text][\/vc_column][vc_column width=\u00a0\u00bb1\/2&Prime;][vc_column_text][\/vc_column_text][\/vc_column][\/vc_row][vc_row][vc_column][vc_column_text]Access Economics. (2006). <a href=\"https:\/\/cica.org.au\/wp-content\/uploads\/Access-Economics-Scoping-Study-on-Economic-Benefits-of-Career-Development-Services-Nov-2006.pdf\" target=\"_blank\" rel=\"noopener\">The Economic Benefits of Career Development Services.<\/a> Hawthorn: The Career Industry Council of Australia.<\/p>\n<p>Antonelli, F. (2016). <a href=\"http:\/\/w3.stu.ca\/stu\/News\/155683\" target=\"_blank\" rel=\"noopener\">Building Futures: Career and Community Development in Small New Brunswick Towns.<\/a> <em>Journal of New Brunswick Studies. Volume 7, No. 1.<\/em><\/p>\n<p>Bimrose, J., Barnes, S. and Hughes, D. (2008). <a href=\"https:\/\/www2.warwick.ac.uk\/fac\/soc\/ier\/publications\/bulletins\/bulletin_99.pdf\" target=\"_blank\" rel=\"noopener\">Adult Career Progression and Advancement: A Five Year Study of the Effectiveness of Guidance.<\/a> London: Warwick Institute for Employment Research, DfES.<\/p>\n<p>Bimrose, J., Barnes, S-A., and Brown, J. (2005). <a href=\"http:\/\/www.hecsu.ac.uk\/assets\/assets\/documents\/Literature_review.pdf\" target=\"_blank\" rel=\"noopener\">A Systematic Literature Review of Research into Career-related interventions for higher education.<\/a> Warwick Institute for Employment Research<\/p>\n<p>Blundell, R., Dias, M.C., Meghir, C., and Reenen, J. (2004). <a href=\"http:\/\/onlinelibrary.wiley.com\/doi\/10.1162\/1542476041423368\/abstract\" target=\"_blank\" rel=\"noopener\">Evaluating the employment impact of a mandatory job search program.<\/a> <em>Journal of the European Economic Association,<\/em> 2(4): 569-606.<\/p>\n<p>Careers England (2015). <a href=\"http:\/\/universitybusiness.co.uk\/Article\/careers-guidance-drives-economic-growth\" target=\"_blank\" rel=\"noopener\">Careers guidance drives economic growth<\/a>. Academy Today.<\/p>\n<p>CEDEFOP, (2005<a href=\"http:\/\/iccdpp.org\/career-guidance-unstable-times-linking-economic-social-individual-benefits\/\" target=\"_blank\" rel=\"noopener\">). Career guidance in unstable times: linking economic, social and individual benefits.<\/a> CEDEFOP.<\/p>\n<p>CTE. (2016). <a href=\"https:\/\/www.cityandguildsgroup.com\/~\/media\/CGG%20Website\/Documents\/CGGroupUS%20pdf.ashx\" target=\"_blank\" rel=\"noopener\">The economic benefits of career and technical education and training in the United States.<\/a> City and Guilds Group.<\/p>\n<p>Fisher, G. (2016). <a href=\"http:\/\/www.cbc.ca\/news\/canada\/british-columbia\/gap-year-benefits-1.3582330\" target=\"_blank\" rel=\"noopener\">Economic, career benefits of taking a gap year touted<\/a>. CBC News.<\/p>\n<p>Gillie, S. and Gillie Isenhour, M. (2003). <a href=\"http:\/\/www.xap.com\/images\/_uploaded_content\/documents_library\/PDFs\/researchpapers\/ACRN-Educational_Social_Economic_Value_of_Informed_and_Considered_Career_Decisions2005.pdf\" target=\"_blank\" rel=\"noopener\">The Educational, Social, and Economic Value of Informed and Considered Career Decisions<\/a>. America\u2019s Career Resource Network, ACRNA.<\/p>\n<p>Hooley, T. (2016). <a href=\"https:\/\/adventuresincareerdevelopment.wordpress.com\/2016\/01\/24\/the-economic-benefits-of-career-guidance-presentation-to-ceric\/\" target=\"_blank\" rel=\"noopener\">The economic benefits of career guidance \u2013 Presentation to CERIC<\/a>. Adventures in Career Development.<\/p>\n<p>Hooley, T., and Dodd, V. (2015<a href=\"https:\/\/cica.org.au\/wp-content\/uploads\/Careers-England-Research-Paper-The-Economic-Benefits-of-Career-Guidance-July-2015.pdf\" target=\"_blank\" rel=\"noopener\">) The Economic Benefits of Career Guidance.<\/a> Careers England.<\/p>\n<p>Hooley, T. (2014). <a href=\"http:\/\/www.elgpn.eu\/publications\/browse-by-language\/english\/elgpn-tools-no-3.-the-evidence-base-on-lifelong-guidance\/\" target=\"_blank\" rel=\"noopener\">The Evidence Base on Lifelong Guidance.<\/a> Jyvaskyla, Finland: European Lifelong Guidance Policy Network (ELGPN).<\/p>\n<p>Hooley, T., Matheson, J., and Watts, A.G. (2014). <a href=\"http:\/\/socialwelfare.bl.uk\/subject-areas\/services-activity\/education-skills\/suttontrust\/advancing141.aspx\" target=\"_blank\" rel=\"noopener\">Advancing Ambitions: The Role of Career Guidance in Supporting Social Mobility.<\/a> London: The Sutton Trust.<\/p>\n<p>Hughes, D. (2010). <a href=\"https:\/\/books.google.ca\/books\/about\/Investing_in_Career.html?id=aZZHMwEACAAJ&amp;redir_esc=y\" target=\"_blank\" rel=\"noopener\">Investing in Career: Prosperity for Citizens, Windfalls for Government.<\/a> Winchester: The Guidance Council.<\/p>\n<p>Hughes, D. (2008). <a href=\"https:\/\/www.ug.dk\/flereomraader\/videnscenter\/vcartikler\/viavejledning\/impact-guidance-what-do-we-know-and-how-do-we-know-deirdre-hughes\" target=\"_blank\" rel=\"noopener\">The Impact of Guidance: What do we know and how do we know this?<\/a> Undervisnings Ministeriet.<\/p>\n<p>Hughes, D. (2004A<a href=\"https:\/\/books.google.ca\/books\/about\/Investing_in_Career.html?id=aZZHMwEACAAJ&amp;redir_esc=y\" target=\"_blank\" rel=\"noopener\">). Investing in Career: Prosperity for citizens, windfalls for Government.<\/a> <em>Winchester: The Guidance Council. <\/em>Pp. 1-24.<\/p>\n<p>Hughes, D. (2004B). <a href=\"http:\/\/iaevg.org\/crc\/files\/Communication_Strategy_No.15_Hughes818_2.pdf\" target=\"_blank\" rel=\"noopener\">Creating evidence: Building the case for career development.<\/a> <em>The Career Counsellor Journal,<\/em> 16, 2.<\/p>\n<p>Hughes, D. (2004<a href=\"http:\/\/iccdpp.org\/social-mobility-of-young-people-and-adults-in-england-the-contribution-and-impact-of-high-quality-career-services\/\" target=\"_blank\" rel=\"noopener\">). Social Mobility of Young People and Adults in England: The Contribution and Impact of High Quality Careers Services.<\/a> Careers England.<\/p>\n<p>Lester, J.N. (2016). <a href=\"http:\/\/www.iaevg.org\/crc\/files\/symp01_Lester_e621_2.doc\" target=\"_blank\" rel=\"noopener\">Cost-Benefits of Career Development Interventions: Improving the Use . A Policy Perspective.<\/a> International Symposium on Career Development.<\/p>\n<p>Maguire, M. (2004<a href=\"http:\/\/link.springer.com\/article\/10.1007%2Fs10775-005-1022-1#page-1\" target=\"_blank\" rel=\"noopener\">). Measuring the Outcomes of Career Guidance<\/a>.<em> International Journal for Educational and Vocational Guidance.<\/em> Volume 4, Issue 2, pp 179-192.<\/p>\n<p>Maguire, M., and Killeen, J. (2003). <a href=\"http:\/\/www.oecd.org\/edu\/innovation-education\/2495163.pdf\" target=\"_blank\" rel=\"noopener\">Outcomes from Career Information and Guidance Services.<\/a> Paris: OECD.<\/p>\n<p>McCrudden, D. (2008). <a href=\"https:\/\/www.focuscareer2.com\/ReferencesAndPublications.cfm\" target=\"_blank\" rel=\"noopener\">Social &amp; Economic Benefits of Career Planning<\/a>, National Institute of Certified College Planners, Las Vegas.<\/p>\n<p>MSG (2016). <a href=\"http:\/\/www.managementstudyguide.com\/benefits-of-career-development-system.htm\" target=\"_blank\" rel=\"noopener\">Benefits of a Career Development System.<\/a> MSG.<\/p>\n<p>OECD (2004<a href=\"http:\/\/www.forum-beratung.de\/internationales\/oecd-unesco-ilo\/career-guidance-and-public-policy-bridging-the-gap.html\" target=\"_blank\" rel=\"noopener\">). Career Guidance and Public Policy Bridging the Gap: Bridging the Gap<\/a>. OECD Publishing<\/p>\n<p>Rice, S., Gillis, S., Leahy, M., Polesel, J. (2015). <a href=\"https:\/\/www.det.nsw.edu.au\/vetinschools\/documents\/reports\/CareerReport_Feb15.pdf\" target=\"_blank\" rel=\"noopener\">Career development: Defining and measuring quality<\/a><em>.<\/em> University of Melbourne.<\/p>\n<p>Sultana, R.G. (2014). <a href=\"http:\/\/deirdrehughes.org\/2014\/04\/pessimism-of-the-intellect-optimism-of-the-will-troubling-the-relationship-between-career-guidance-and-social-justice\/\" target=\"_blank\" rel=\"noopener\">Pessimism of the intellect, optimism of the will? Troubling the relationship between career guidance and social justice.<\/a> <em>International Journal of Educational and Vocational Guidance, <\/em>14(1): 5-19.<\/p>\n<p>Taylor, A.R. and Hooley, T. (2014). <a href=\"http:\/\/www.tandfonline.com\/doi\/abs\/10.1080\/03069885.2014.918934?journalCode=cbjg20\" target=\"_blank\" rel=\"noopener\">Evaluating the impact of career management skills module and internship programme with a university business school.<\/a> <em>British Journal of Guidance and Counselling,<\/em> 4(5): 487-499.<\/p>\n<p>Taylor, L. (2013). <a href=\"http:\/\/www.thecdi.net\/News-by-Category\/Reports-Resources\/cost-to-the-economy-of-government-policy-on-career-guidance\" target=\"_blank\" rel=\"noopener\">Cost to the Economy of Government Policy on Career Guidance: A Business Case for Funding and Strengthening Career Guidance in Schools.<\/a> Careers England.<\/p>\n<p>Tiao, S. (2016). <a href=\"http:\/\/chronus.com\/blog\/the-importance-of-an-employee-development-plan\" target=\"_blank\" rel=\"noopener\">The importance of an Employee Development Plan<\/a>. Chronnus Blog.<\/p>\n<p>Wanigasekara, W.M.S.K. (2016). <a href=\"http:\/\/www.ccsenet.org\/journal\/index.php\/ijbm\/article\/view\/62264\" target=\"_blank\" rel=\"noopener\">Women\u2019s Networking and Career Development: A Systematic Analysis of the Literature.<\/a> <em>International Journal of Business and Management<\/em>; Vol. 11, No. 11.<\/p>\n<p>Watts, T. (2016). <a href=\"http:\/\/www.lulu.com\/ca\/en\/shop\/tony-watts\/career-development-policy-practice-the-tony-watts-reader\/paperback\/product-2283691\" target=\"_blank\" rel=\"noopener\">Career Development Policy &amp; Practice: The Tony Watts Reader<\/a>. NICEC Ltd.<\/p>\n<p>Watts, A.G. (2011<a href=\"http:\/\/www.wiset.org.uk\/uploads\/documents\/ECER%20Paper%20RAF%20Work%20experience2012.pdf\" target=\"_blank\" rel=\"noopener\">) Policy Commentary 15A, The Coalition\u2019s Emerging Policies on Career Guidance,<\/a> Careers England<\/p>\n<p>Winkle Giulioni, J. (2015). <a href=\"http:\/\/www.halogensoftware.com\/blog\/why-learning-is-the-new-career-development\" target=\"_blank\" rel=\"noopener\">Why Learning is the New Career Development<\/a>. Talent Space.[\/vc_column_text][\/vc_column][\/vc_row]<\/p>\n<\/div>","protected":false},"excerpt":{"rendered":"<p>[vc_row][vc_column][vc_column_text]Derni\u00e8re mise \u00e0 jour : mai 2017[\/vc_column_text][\/vc_column][\/vc_row][vc_row][vc_column width=\u00a0\u00bb1\/2&Prime;][vc_column_text][\/vc_column_text][\/vc_column][vc_column width=\u00a0\u00bb1\/2&Prime;][vc_column_text][\/vc_column_text][\/vc_column][\/vc_row][vc_row][vc_column][vc_column_text]Access Economics. (2006). The Economic Benefits of Career Development Services. Hawthorn: The Career Industry Council of Australia. Antonelli,<span class=\"excerpt-hellip\"> [\u2026]<\/span><\/p>\n","protected":false},"author":1,"featured_media":0,"parent":46133,"menu_order":0,"comment_status":"closed","ping_status":"closed","template":"","meta":{"h5ap_radio_sources":[],"footnotes":""},"class_list":["post-48167","page","type-page","status-publish","hentry"],"yoast_head":"<!-- This site is optimized with the Yoast SEO Premium plugin v27.4 (Yoast SEO v27.4) - https:\/\/yoast.com\/product\/yoast-seo-premium-wordpress\/ -->\n<title>Les avantages \u00e9conomiques de l&#039;orientation professionnelle (en anglais) - CERIC<\/title>\n<meta name=\"robots\" content=\"index, follow, max-snippet:-1, max-image-preview:large, max-video-preview:-1\" \/>\n<link rel=\"canonical\" href=\"https:\/\/ceric.ca\/fr\/recherches-documentaires\/les-avantages-economiques-de-lorientation-professionnelle-en-anglais\/\" \/>\n<meta property=\"og:locale\" content=\"fr_FR\" \/>\n<meta property=\"og:type\" content=\"article\" \/>\n<meta property=\"og:title\" content=\"Les avantages \u00e9conomiques de l&#039;orientation professionnelle (en anglais)\" \/>\n<meta property=\"og:description\" content=\"[vc_row][vc_column][vc_column_text]Derni\u00e8re mise \u00e0 jour : mai 2017[\/vc_column_text][\/vc_column][\/vc_row][vc_row][vc_column width=\u00a0\u00bb1\/2&Prime;][vc_column_text][\/vc_column_text][\/vc_column][vc_column width=\u00a0\u00bb1\/2&Prime;][vc_column_text][\/vc_column_text][\/vc_column][\/vc_row][vc_row][vc_column][vc_column_text]Access Economics. (2006). The Economic Benefits of Career Development Services. Hawthorn: The Career Industry Council of Australia. Antonelli, [\u2026]\" \/>\n<meta property=\"og:url\" content=\"https:\/\/ceric.ca\/fr\/recherches-documentaires\/les-avantages-economiques-de-lorientation-professionnelle-en-anglais\/\" \/>\n<meta property=\"og:site_name\" content=\"CERIC\" \/>\n<meta property=\"article:modified_time\" content=\"2021-09-02T19:55:15+00:00\" \/>\n<meta name=\"twitter:card\" content=\"summary_large_image\" \/>\n<meta name=\"twitter:label1\" content=\"Dur\u00e9e de lecture estim\u00e9e\" \/>\n\t<meta name=\"twitter:data1\" content=\"3 minutes\" \/>\n<script type=\"application\/ld+json\" class=\"yoast-schema-graph\">{\"@context\":\"https:\\\/\\\/schema.org\",\"@graph\":[{\"@type\":\"WebPage\",\"@id\":\"https:\\\/\\\/ceric.ca\\\/fr\\\/recherches-documentaires\\\/les-avantages-economiques-de-lorientation-professionnelle-en-anglais\\\/\",\"url\":\"https:\\\/\\\/ceric.ca\\\/fr\\\/recherches-documentaires\\\/les-avantages-economiques-de-lorientation-professionnelle-en-anglais\\\/\",\"name\":\"Les avantages \u00e9conomiques de l'orientation professionnelle (en anglais) - CERIC\",\"isPartOf\":{\"@id\":\"https:\\\/\\\/ceric.ca\\\/#website\"},\"datePublished\":\"2021-06-18T21:08:50+00:00\",\"dateModified\":\"2021-09-02T19:55:15+00:00\",\"breadcrumb\":{\"@id\":\"https:\\\/\\\/ceric.ca\\\/fr\\\/recherches-documentaires\\\/les-avantages-economiques-de-lorientation-professionnelle-en-anglais\\\/#breadcrumb\"},\"inLanguage\":\"fr-FR\",\"potentialAction\":[{\"@type\":\"ReadAction\",\"target\":[\"https:\\\/\\\/ceric.ca\\\/fr\\\/recherches-documentaires\\\/les-avantages-economiques-de-lorientation-professionnelle-en-anglais\\\/\"]}]},{\"@type\":\"BreadcrumbList\",\"@id\":\"https:\\\/\\\/ceric.ca\\\/fr\\\/recherches-documentaires\\\/les-avantages-economiques-de-lorientation-professionnelle-en-anglais\\\/#breadcrumb\",\"itemListElement\":[{\"@type\":\"ListItem\",\"position\":1,\"name\":\"Home\",\"item\":\"https:\\\/\\\/ceric.ca\\\/fr\\\/ceric-homepage-2025\\\/\"},{\"@type\":\"ListItem\",\"position\":2,\"name\":\"Recherches documentaires\",\"item\":\"https:\\\/\\\/ceric.ca\\\/fr\\\/recherches-documentaires\\\/\"},{\"@type\":\"ListItem\",\"position\":3,\"name\":\"Les avantages \u00e9conomiques de l&rsquo;orientation professionnelle (en anglais)\"}]},{\"@type\":\"WebSite\",\"@id\":\"https:\\\/\\\/ceric.ca\\\/#website\",\"url\":\"https:\\\/\\\/ceric.ca\\\/\",\"name\":\"CERIC\",\"description\":\"\",\"publisher\":{\"@id\":\"https:\\\/\\\/ceric.ca\\\/#organization\"},\"potentialAction\":[{\"@type\":\"SearchAction\",\"target\":{\"@type\":\"EntryPoint\",\"urlTemplate\":\"https:\\\/\\\/ceric.ca\\\/?s={search_term_string}\"},\"query-input\":{\"@type\":\"PropertyValueSpecification\",\"valueRequired\":true,\"valueName\":\"search_term_string\"}}],\"inLanguage\":\"fr-FR\"},{\"@type\":\"Organization\",\"@id\":\"https:\\\/\\\/ceric.ca\\\/#organization\",\"name\":\"CERIC\",\"url\":\"https:\\\/\\\/ceric.ca\\\/\",\"logo\":{\"@type\":\"ImageObject\",\"inLanguage\":\"fr-FR\",\"@id\":\"https:\\\/\\\/ceric.ca\\\/#\\\/schema\\\/logo\\\/image\\\/\",\"url\":\"\",\"contentUrl\":\"\",\"caption\":\"CERIC\"},\"image\":{\"@id\":\"https:\\\/\\\/ceric.ca\\\/#\\\/schema\\\/logo\\\/image\\\/\"}}]}<\/script>\n<!-- \/ Yoast SEO Premium plugin. -->","yoast_head_json":{"title":"Les avantages \u00e9conomiques de l'orientation professionnelle (en anglais) - CERIC","robots":{"index":"index","follow":"follow","max-snippet":"max-snippet:-1","max-image-preview":"max-image-preview:large","max-video-preview":"max-video-preview:-1"},"canonical":"https:\/\/ceric.ca\/fr\/recherches-documentaires\/les-avantages-economiques-de-lorientation-professionnelle-en-anglais\/","og_locale":"fr_FR","og_type":"article","og_title":"Les avantages \u00e9conomiques de l'orientation professionnelle (en anglais)","og_description":"[vc_row][vc_column][vc_column_text]Derni\u00e8re mise \u00e0 jour : mai 2017[\/vc_column_text][\/vc_column][\/vc_row][vc_row][vc_column width=\u00a0\u00bb1\/2&Prime;][vc_column_text][\/vc_column_text][\/vc_column][vc_column width=\u00a0\u00bb1\/2&Prime;][vc_column_text][\/vc_column_text][\/vc_column][\/vc_row][vc_row][vc_column][vc_column_text]Access Economics. (2006). The Economic Benefits of Career Development Services. Hawthorn: The Career Industry Council of Australia. Antonelli, [\u2026]","og_url":"https:\/\/ceric.ca\/fr\/recherches-documentaires\/les-avantages-economiques-de-lorientation-professionnelle-en-anglais\/","og_site_name":"CERIC","article_modified_time":"2021-09-02T19:55:15+00:00","twitter_card":"summary_large_image","twitter_misc":{"Dur\u00e9e de lecture estim\u00e9e":"3 minutes"},"schema":{"@context":"https:\/\/schema.org","@graph":[{"@type":"WebPage","@id":"https:\/\/ceric.ca\/fr\/recherches-documentaires\/les-avantages-economiques-de-lorientation-professionnelle-en-anglais\/","url":"https:\/\/ceric.ca\/fr\/recherches-documentaires\/les-avantages-economiques-de-lorientation-professionnelle-en-anglais\/","name":"Les avantages \u00e9conomiques de l'orientation professionnelle (en anglais) - CERIC","isPartOf":{"@id":"https:\/\/ceric.ca\/#website"},"datePublished":"2021-06-18T21:08:50+00:00","dateModified":"2021-09-02T19:55:15+00:00","breadcrumb":{"@id":"https:\/\/ceric.ca\/fr\/recherches-documentaires\/les-avantages-economiques-de-lorientation-professionnelle-en-anglais\/#breadcrumb"},"inLanguage":"fr-FR","potentialAction":[{"@type":"ReadAction","target":["https:\/\/ceric.ca\/fr\/recherches-documentaires\/les-avantages-economiques-de-lorientation-professionnelle-en-anglais\/"]}]},{"@type":"BreadcrumbList","@id":"https:\/\/ceric.ca\/fr\/recherches-documentaires\/les-avantages-economiques-de-lorientation-professionnelle-en-anglais\/#breadcrumb","itemListElement":[{"@type":"ListItem","position":1,"name":"Home","item":"https:\/\/ceric.ca\/fr\/ceric-homepage-2025\/"},{"@type":"ListItem","position":2,"name":"Recherches documentaires","item":"https:\/\/ceric.ca\/fr\/recherches-documentaires\/"},{"@type":"ListItem","position":3,"name":"Les avantages \u00e9conomiques de l&rsquo;orientation professionnelle (en anglais)"}]},{"@type":"WebSite","@id":"https:\/\/ceric.ca\/#website","url":"https:\/\/ceric.ca\/","name":"CERIC","description":"","publisher":{"@id":"https:\/\/ceric.ca\/#organization"},"potentialAction":[{"@type":"SearchAction","target":{"@type":"EntryPoint","urlTemplate":"https:\/\/ceric.ca\/?s={search_term_string}"},"query-input":{"@type":"PropertyValueSpecification","valueRequired":true,"valueName":"search_term_string"}}],"inLanguage":"fr-FR"},{"@type":"Organization","@id":"https:\/\/ceric.ca\/#organization","name":"CERIC","url":"https:\/\/ceric.ca\/","logo":{"@type":"ImageObject","inLanguage":"fr-FR","@id":"https:\/\/ceric.ca\/#\/schema\/logo\/image\/","url":"","contentUrl":"","caption":"CERIC"},"image":{"@id":"https:\/\/ceric.ca\/#\/schema\/logo\/image\/"}}]}},"_links":{"self":[{"href":"https:\/\/ceric.ca\/fr\/wp-json\/wp\/v2\/pages\/48167","targetHints":{"allow":["GET"]}}],"collection":[{"href":"https:\/\/ceric.ca\/fr\/wp-json\/wp\/v2\/pages"}],"about":[{"href":"https:\/\/ceric.ca\/fr\/wp-json\/wp\/v2\/types\/page"}],"author":[{"embeddable":true,"href":"https:\/\/ceric.ca\/fr\/wp-json\/wp\/v2\/users\/1"}],"replies":[{"embeddable":true,"href":"https:\/\/ceric.ca\/fr\/wp-json\/wp\/v2\/comments?post=48167"}],"version-history":[{"count":0,"href":"https:\/\/ceric.ca\/fr\/wp-json\/wp\/v2\/pages\/48167\/revisions"}],"up":[{"embeddable":true,"href":"https:\/\/ceric.ca\/fr\/wp-json\/wp\/v2\/pages\/46133"}],"wp:attachment":[{"href":"https:\/\/ceric.ca\/fr\/wp-json\/wp\/v2\/media?parent=48167"}],"curies":[{"name":"wp","href":"https:\/\/api.w.org\/{rel}","templated":true}]}}