{"id":48319,"date":"2021-06-23T12:06:44","date_gmt":"2021-06-23T16:06:44","guid":{"rendered":"https:\/\/ceric.ca\/?page_id=48319"},"modified":"2022-04-06T13:06:18","modified_gmt":"2022-04-06T17:06:18","slug":"apprentissage-par-lexperience-et-developpement-de-carriere-en-anglais-2","status":"publish","type":"page","link":"https:\/\/ceric.ca\/fr\/recherches-documentaires\/apprentissage-par-lexperience-et-developpement-de-carriere-en-anglais-2\/","title":{"rendered":"Apprentissage Par L\u2019Exp\u00e9rience Et D\u00e9veloppement De Carri\u00e9re (en anglais)"},"content":{"rendered":"<div class=\"wpb-content-wrapper\"><p>[vc_row][vc_column][vc_column_text]<span style=\"color: #808080;\"><em>Derni\u00e8re mise \u00e0 jour : mars 2022<\/em><\/span>[\/vc_column_text]\r\n\t<div class=\"wprt-spacer clearfix\" data-desktop=\"40\" data-mobi=\"20\" data-smobi=\"20\"><\/div>[\/vc_column][\/vc_row][vc_row][vc_column width=\u00a0\u00bb1\/2&Prime;][vc_column_text]<div class='w3eden wpdm_package_shortcode'><div class=\"media well link-template-widget\">\n    <div class=\"media-body\">\n        <a href=\"https:\/\/ceric.ca\/fr\/wpdm-package\/apprentissage-par-lexperience-et-developpement-de-carriere-en-anglais\/?wpdmdl=34085&refresh=69d9528f34c821775850127\" style=\"display: block;clear: bottom;font-size: 11pt;font-weight: bold;\">Apprentissage par l\u2019exp\u00e9rience et d\u00e9veloppement de carri\u00e8re (en anglais)<\/a>\n        <div style=\"font-size: 9pt;\">\n            <i class=\"fas fa-hdd color-green\"><\/i> 322.30 KB <i class=\"fa fa-copy ml-3\"><\/i>\n            1 file(s)\n        <\/div>\n    <\/div>\n<\/div>\n\n<\/div>[\/vc_column_text][\/vc_column][vc_column width=\u00a0\u00bb1\/2&Prime;][vc_column_text][\/vc_column_text][\/vc_column][\/vc_row][vc_row][vc_column][vc_column_text]<span data-contrast=\"auto\">Amyot,D. 2020. <\/span><a href=\"https:\/\/orientaction.ceric.ca\/2020\/07\/20\/les-occasions-dapprentissage-integre-au-travail-stimulent-linnovation-et-peuvent-nous-aider-dans-la-lutte-contre-la-covid-19\/#.Yi-NJejMKM8\" target=\"_blank\" rel=\"noopener\"><span data-contrast=\"none\">Les occasions d\u2019apprentissage int\u00e9gr\u00e9 au travail stimulent l\u2019innovation et peuvent nous aider dans la lutte contre la COVID-19<\/span><\/a><span data-contrast=\"auto\">. <\/span><i><span data-contrast=\"auto\">Orientaction\u00a0<\/span><\/i><span data-ccp-props=\"{&quot;201341983&quot;:0,&quot;335559739&quot;:160,&quot;335559740&quot;:259}\">\u00a0<\/span><\/p>\n<p><span data-contrast=\"auto\">*Beaupr\u00e9, S., Lefebvre, J., &amp; De Champlain, Y. (Eds.). (2020).<\/span><a href=\"https:\/\/www.puq.ca\/catalogue\/livres\/analyse-reflexive-enseignement-professionnel-technique-3608.html\" target=\"_blank\" rel=\"noopener\"><span data-contrast=\"none\">\u202fAnalyse reflexive en enseignement professionnel et technique: De la th\u00e9orie \u00e0 la pratique.<\/span><\/a><span data-contrast=\"auto\"> Qu\u00e9bec: Presses de l&rsquo;Universit\u00e9 du Qu\u00e9bec.\u00a0<\/span><span data-ccp-props=\"{&quot;201341983&quot;:0,&quot;335559739&quot;:160,&quot;335559740&quot;:259}\">\u00a0<\/span><\/p>\n<p><span data-contrast=\"auto\">B\u00e9dard, D., Bibeau, J., Pilon, C., &amp; Turgeon, A. (2020). <\/span><a href=\"https:\/\/ojs.uclouvain.be\/index.php\/Annales_QPES\/article\/view\/55803\/52013\" target=\"_blank\" rel=\"noopener\"><span data-contrast=\"none\">L\u2019Espace Exp\u00e9rientiel (E\u00b2): une p\u00e9dagogie interactive.<\/span><\/a><i><span data-contrast=\"auto\">\u202fLes Annales de QPES<\/span><\/i><span data-contrast=\"auto\">. Vol.\u202f1(1).<\/span><span data-ccp-props=\"{&quot;201341983&quot;:0,&quot;335559739&quot;:160,&quot;335559740&quot;:259}\">\u00a0<\/span><\/p>\n<p><span data-contrast=\"auto\">Bucheton, D. (2003). <\/span><a href=\"https:\/\/journals.openedition.org\/trema\/1380#quotation\" target=\"_blank\" rel=\"noopener\"><span data-contrast=\"none\">Du portfolio au dossier professionnel: \u00e9l\u00e9ments de r\u00e9flexion<\/span><\/a><span data-contrast=\"auto\">.<\/span><i><span data-contrast=\"auto\">\u202fTr\u00e9ma,<\/span><\/i><span data-contrast=\"auto\"> (20-21), 43-53.\u00a0<\/span><span data-ccp-props=\"{&quot;201341983&quot;:0,&quot;335559739&quot;:160,&quot;335559740&quot;:259}\">\u00a0<\/span><\/p>\n<p><span data-contrast=\"auto\">Caceres, J. F. (2018).<\/span><a href=\"https:\/\/biblos.hec.ca\/biblio\/memoires\/m2018a609869.pdf\" target=\"_blank\" rel=\"noopener\"><span data-contrast=\"none\">\u202fG\u00e9rer une organisation \u00e9mancipatrice: la pratique r\u00e9flexive de parole d&rsquo;exclues<\/span><\/a><span data-contrast=\"auto\"> (Masters dissertation), Biblos HEC Montreal.\u00a0<\/span><span data-ccp-props=\"{&quot;201341983&quot;:0,&quot;335559739&quot;:160,&quot;335559740&quot;:259}\">\u00a0<\/span><\/p>\n<p><span data-contrast=\"auto\">CAPRES-Consortium d\u2019animation sur la pers\u00e9v\u00e9rance et la r\u00e9ussite en enseignement sup\u00e9rieur. (2017). <\/span><a href=\"https:\/\/www.capres.ca\/enseignement-et-apprentissage\/enseignement-cooperatif-et-stages\/lapprentissage-experientiel-lier-la-salle-de-classe-et-le-monde-du-travail\/\" target=\"_blank\" rel=\"noopener\"><span data-contrast=\"none\">L\u2019apprentissage exp\u00e9rientiel : lier la salle de classe et le monde du travail<\/span><\/a><span data-contrast=\"auto\">.\u00a0<\/span><span data-ccp-props=\"{&quot;201341983&quot;:0,&quot;335559739&quot;:160,&quot;335559740&quot;:259}\">\u00a0<\/span><\/p>\n<p><span data-contrast=\"auto\">Deschamps, A. (2020).<\/span><a href=\"https:\/\/constellation.uqac.ca\/5743\/\" target=\"_blank\" rel=\"noopener\"><span data-contrast=\"none\">\u202fL\u2019\u00e9volution de la pratique r\u00e9flexive chez les apprenantes et les superviseures lors des stages en travail social\u202f<\/span><\/a><span data-contrast=\"auto\">(Masters dissertation, Universit\u00e9 du Qu\u00e9bec \u00e0 Chicoutimi).\u00a0<\/span><span data-ccp-props=\"{&quot;201341983&quot;:0,&quot;335559739&quot;:160,&quot;335559740&quot;:259}\">\u00a0<\/span><\/p>\n<p><span data-contrast=\"auto\">Desch\u00eanes, M. F., Fournier, V., &amp; St-Julien, A. (2016). <\/span><a href=\"https:\/\/eduq.info\/xmlui\/bitstream\/handle\/11515\/34642\/deschenes-fournier-st-julien-30-1-2016.pdf?sequence=2&amp;isAllowed=y\" target=\"_blank\" rel=\"noopener\"><span data-contrast=\"none\">Le d\u00e9veloppement du jugement en situation authentique: l&rsquo;apprentissage exp\u00e9rientiel dans un contexte de simulation pour une pratique professionnelle s\u00e9curitaire.<\/span><\/a> <i><span data-contrast=\"auto\">P\u00e9dagogie Coll\u00e9giale<\/span><\/i><span data-contrast=\"auto\">, Vol.30(1), 14-22.\u00a0<\/span><span data-ccp-props=\"{&quot;201341983&quot;:0,&quot;335559739&quot;:160,&quot;335559740&quot;:259}\">\u00a0<\/span><\/p>\n<p><span data-contrast=\"auto\">Dub\u00e9, J-S. (2019). <\/span><a href=\"https:\/\/leveilleur.espaceweb.usherbrooke.ca\/34156\/une-plateforme-web-dapprentissage-experientiel-pour-les-franco-ontariens\/\" target=\"_blank\" rel=\"noopener\"><span data-contrast=\"none\">Une plateforme web d\u2019apprentissage exp\u00e9rientiel pour les Franco-Ontariens.<\/span><\/a> <i><span data-contrast=\"auto\">L\u2019\u00c9veilleur,<\/span><\/i><span data-contrast=\"auto\"> Universit\u00e9 de Sherbrooke.\u00a0<\/span><span data-ccp-props=\"{&quot;201341983&quot;:0,&quot;335559739&quot;:160,&quot;335559740&quot;:259}\">\u00a0<\/span><\/p>\n<p><span data-contrast=\"auto\">Gauthier, P. D. (2009). <\/span><a href=\"https:\/\/cjlt.ca\/index.php\/cjlt\/article\/view\/26411\/19593\" target=\"_blank\" rel=\"noopener\"><span data-contrast=\"none\">Exploiter son portfolio num\u00e9rique: construire son identit\u00e9 professionnelle num\u00e9rique pour valoriser ses competences\/The use of a personal digital portfolio: how to build its own professional digital identity and enhance its competences.<\/span><\/a> <i><span data-contrast=\"auto\">Canadian Journal of Learning and Technology\/La revue canadienne de l\u2019apprentissage et de la technologie<\/span><\/i><span data-contrast=\"auto\">. Vol. 34(3)<\/span><span data-ccp-props=\"{&quot;201341983&quot;:0,&quot;335559739&quot;:160,&quot;335559740&quot;:259}\">\u00a0<\/span><\/p>\n<p><span data-contrast=\"auto\">Landry, J. (2018). <\/span><a href=\"https:\/\/www.orientation.qc.ca\/files\/L%E2%80%99ORIENTATION_Vol8_Num2_Web_PP.pdf\" target=\"_blank\" rel=\"noopener\"><span data-contrast=\"none\">Billet de la pr\u00e9sidente A\u0300 consommer sans mod\u00e9ration<\/span><\/a><span data-contrast=\"auto\">. <\/span><i><span data-contrast=\"auto\">L\u2019orientation<\/span><\/i> <i><span data-contrast=\"auto\">Le magazine des conseillers d&rsquo;orientation<\/span><\/i><span data-contrast=\"auto\">. Vol.8(2), 2-3.<\/span><span data-ccp-props=\"{&quot;201341983&quot;:0,&quot;335559739&quot;:160,&quot;335559740&quot;:259}\">\u00a0<\/span><\/p>\n<p><span data-contrast=\"auto\">Le Boucher, C., Lameul, G., &amp; Pentecouteau, H. (2018). <\/span><a href=\"https:\/\/ojs.lib.uwo.ca\/index.php\/cjsotl_rcacea\/article\/view\/7109\/5813\" target=\"_blank\" rel=\"noopener\"><span data-contrast=\"none\">L\u2019exp\u00e9rimentation du eportfolio \u00e0 l\u2019universit\u00e9: questionnements autour de la r\u00e9flexivit\u00e9<\/span><\/a><span data-contrast=\"auto\">.<\/span><i><span data-contrast=\"auto\">\u202fThe Canadian Journal for the Scholarship of Teaching and Learning\/ La revue canadienne sur l\u2019avancement des connaissances en enseignement et en apprentissage.<\/span><\/i><span data-contrast=\"auto\"> Vol.\u202f9(3).<\/span><span data-ccp-props=\"{&quot;201341983&quot;:0,&quot;335559739&quot;:160,&quot;335559740&quot;:259}\">\u00a0<\/span><\/p>\n<p><span data-contrast=\"auto\">L\u00e9vesque, J. P. (2002). <\/span><a href=\"https:\/\/cdc.qc.ca\/ped_coll\/pdf\/Levesque_15_3.pdf\" target=\"_blank\" rel=\"noopener\"><span data-contrast=\"none\">La pratique r\u00e9flexive: v\u00e9ritable postulat du d\u00e9veloppement professionnel<\/span><\/a><span data-contrast=\"auto\">. <\/span><i><span data-contrast=\"auto\">P\u00e9dagogie coll\u00e9giale<\/span><\/i><span data-contrast=\"auto\">. Vol. 15(3), 11-14.<\/span><span data-ccp-props=\"{&quot;201341983&quot;:0,&quot;335559739&quot;:160,&quot;335559740&quot;:259}\">\u00a0<\/span><\/p>\n<p><span data-contrast=\"auto\">Mailles-Viard Metz, S., &amp; Albernhe-Giordan, H. (2008). <\/span><a href=\"https:\/\/www.erudit.org\/en\/journals\/ritpu\/1900-v1-n1-ritpu3632\/039175ar.pdf\"><span data-contrast=\"none\">Du e-portfolio \u00e0 l\u2019analyse du produit et du processus de conception du projet personnel de l\u2019\u00e9tudiant.<\/span><\/a> <i><span data-contrast=\"auto\">Revue internationale des technologies en p\u00e9dagogie universitaire\/International Journal of Technologies in Higher Education<\/span><\/i><span data-contrast=\"auto\">. Vol.5(3), 51-65.<\/span><span data-ccp-props=\"{&quot;201341983&quot;:0,&quot;335559739&quot;:160,&quot;335559740&quot;:259}\">\u00a0<\/span><\/p>\n<p><span data-contrast=\"auto\">Ordre des \u00e9ducatrices et des \u00e9ducateurs de la petite enfance. (2014). <\/span><a href=\"https:\/\/www.college-ece.ca\/fr-lang\/Documents\/Reflective%20Practice%20and%20Self-Directed%20Learning%20Booklet%20FR.pdf\" target=\"_blank\" rel=\"noopener\"><span data-contrast=\"none\">Pratique r\u00e9flexive et apprentissage autonome.<\/span><\/a><span data-contrast=\"auto\">\u00a0<\/span><span data-ccp-props=\"{&quot;201341983&quot;:0,&quot;335559739&quot;:160,&quot;335559740&quot;:259}\">\u00a0<\/span><\/p>\n<p><span data-contrast=\"auto\">Ouellet, M. (2019). <\/span><a href=\"https:\/\/savoirs.usherbrooke.ca\/bitstream\/handle\/11143\/15535\/Ouellet_Mylene_MServSoc_2019.pdf?sequence=3&amp;isAllowed=y\" target=\"_blank\" rel=\"noopener\"><span data-contrast=\"none\">Repr\u00e9sentations et pratiques de r\u00e9flexivit\u00e9 pour des dipl\u00f4m\u00e9es et dipl\u00f4m\u00e9s du programme de baccalaur\u00e9at en service social de l&rsquo;Universit\u00e9 de Sherbrooke.<\/span><\/a> <i><span data-contrast=\"auto\">M\u00e9moire pour obtenir la maitrise en Service Social<\/span><\/i><span data-contrast=\"auto\">, Universit\u00e9 de Sherbrooke.\u00a0<\/span><span data-ccp-props=\"{&quot;201341983&quot;:0,&quot;335559739&quot;:160,&quot;335559740&quot;:259}\">\u00a0<\/span><\/p>\n<p><span data-contrast=\"auto\">Petit, M., &amp; B\u00e9lisle, M. (2018). <\/span><a href=\"https:\/\/www.erudit.org\/en\/journals\/ritpu\/1900-v1-n1-ritpu04632\/1060149ar\/\" target=\"_blank\" rel=\"noopener\"><span data-contrast=\"none\">D\u00e9marche d\u2019implantation du portfolio num\u00e9rique en enseignement sup\u00e9rieur: le cas de deux programmes de formation \u00e0 l\u2019enseignement.\u202fImplementation process of an eportfolio in higher education\u202f: The case of two initial teacher training programs<\/span><\/a><span data-contrast=\"auto\">. <\/span><i><span data-contrast=\"auto\">Revue internationale des technologies en p\u00e9dagogie universitaire\/International Journal of Technologies in Higher Education<\/span><\/i><span data-contrast=\"auto\">. Vol.15(3), 52-67.<\/span><span data-ccp-props=\"{&quot;201341983&quot;:0,&quot;335559739&quot;:160,&quot;335559740&quot;:259}\">\u00a0<\/span><\/p>\n<p><span data-contrast=\"auto\">Rubatier, Sylvie\u202f(2019).\u202f <\/span><a href=\"https:\/\/semaphore.uqar.ca\/id\/eprint\/1664\/1\/Sylvie_Rubatier_aout2019.pdf\" target=\"_blank\" rel=\"noopener\"><span data-contrast=\"none\">Une qu\u00eate de renouvellement relationnel : itin\u00e9raire d&rsquo;apprentissage transformateur<\/span><\/a><span data-contrast=\"auto\">.\u202f <\/span><i><span data-contrast=\"auto\">S\u00e9maphore, D\u00e9p\u00f4t num\u00e9rique de l\u2019UQAR. M\u00e9moire de maitrise<\/span><\/i><span data-contrast=\"auto\">.\u202fRimouski, Qu\u00e9bec, Universit\u00e9 du Qu\u00e9bec \u00e0 Rimouski, D\u00e9partement de psychosociologie et travail social, 214 p.<\/span><span data-ccp-props=\"{&quot;201341983&quot;:0,&quot;335559739&quot;:160,&quot;335559740&quot;:259}\">\u00a0<\/span><\/p>\n<p><span data-contrast=\"auto\">Savard, R. (2009<\/span><a href=\"https:\/\/www.orientation.qc.ca\/files\/EnPratiqueNo10_Janvier2009.pdf\" target=\"_blank\" rel=\"noopener\"><span data-contrast=\"none\">). La pratique r\u00e9flexive: processus essentiel au d\u00e9veloppement de notre comp\u00e9tence<\/span><\/a><span data-contrast=\"auto\">. <\/span><i><span data-contrast=\"auto\">Revue En pratique<\/span><\/i><span data-contrast=\"auto\">, 9-12.\u00a0<\/span><span data-ccp-props=\"{&quot;201341983&quot;:0,&quot;335559739&quot;:160,&quot;335559740&quot;:259}\">\u00a0<\/span><\/p>\n<p><span data-ccp-props=\"{&quot;201341983&quot;:0,&quot;335559739&quot;:160,&quot;335559740&quot;:259}\">\u00a0<\/span><\/p>\n<p><i><span data-contrast=\"auto\">Note: References marked with \u201c*\u201d are behind paywall<\/span><\/i><span data-contrast=\"auto\">\u202f<\/span><span data-ccp-props=\"{&quot;201341983&quot;:0,&quot;335559739&quot;:160,&quot;335559740&quot;:259}\">\u00a0<\/span>[\/vc_column_text][\/vc_column][\/vc_row]<\/p>\n<\/div>","protected":false},"excerpt":{"rendered":"<p>[vc_row][vc_column][vc_column_text]Derni\u00e8re mise \u00e0 jour : mars 2022[\/vc_column_text][\/vc_column][\/vc_row][vc_row][vc_column width=\u00a0\u00bb1\/2&Prime;][vc_column_text][\/vc_column_text][\/vc_column][vc_column width=\u00a0\u00bb1\/2&Prime;][vc_column_text][\/vc_column_text][\/vc_column][\/vc_row][vc_row][vc_column][vc_column_text]Amyot,D. 2020. Les occasions d\u2019apprentissage int\u00e9gr\u00e9 au travail stimulent l\u2019innovation et peuvent nous aider dans la lutte contre<span class=\"excerpt-hellip\"> [\u2026]<\/span><\/p>\n","protected":false},"author":1,"featured_media":0,"parent":46133,"menu_order":0,"comment_status":"closed","ping_status":"closed","template":"","meta":{"h5ap_radio_sources":[],"footnotes":""},"class_list":["post-48319","page","type-page","status-publish","hentry"],"yoast_head":"<!-- This site is optimized with the Yoast SEO Premium plugin v27.3 (Yoast SEO v27.3) - https:\/\/yoast.com\/product\/yoast-seo-premium-wordpress\/ -->\n<title>Apprentissage Par L\u2019Exp\u00e9rience Et D\u00e9veloppement De Carri\u00e9re (en anglais) - CERIC<\/title>\n<meta name=\"robots\" content=\"index, follow, max-snippet:-1, max-image-preview:large, max-video-preview:-1\" \/>\n<link rel=\"canonical\" href=\"https:\/\/ceric.ca\/fr\/recherches-documentaires\/apprentissage-par-lexperience-et-developpement-de-carriere-en-anglais-2\/\" \/>\n<meta property=\"og:locale\" content=\"fr_FR\" \/>\n<meta property=\"og:type\" content=\"article\" \/>\n<meta property=\"og:title\" content=\"Apprentissage Par L\u2019Exp\u00e9rience Et D\u00e9veloppement De Carri\u00e9re (en anglais)\" \/>\n<meta property=\"og:description\" content=\"[vc_row][vc_column][vc_column_text]Derni\u00e8re mise \u00e0 jour : mars 2022[\/vc_column_text][\/vc_column][\/vc_row][vc_row][vc_column width=\u00a0\u00bb1\/2&Prime;][vc_column_text][\/vc_column_text][\/vc_column][vc_column width=\u00a0\u00bb1\/2&Prime;][vc_column_text][\/vc_column_text][\/vc_column][\/vc_row][vc_row][vc_column][vc_column_text]Amyot,D. 2020. Les occasions d\u2019apprentissage int\u00e9gr\u00e9 au travail stimulent l\u2019innovation et peuvent nous aider dans la lutte contre [\u2026]\" \/>\n<meta property=\"og:url\" content=\"https:\/\/ceric.ca\/fr\/recherches-documentaires\/apprentissage-par-lexperience-et-developpement-de-carriere-en-anglais-2\/\" \/>\n<meta property=\"og:site_name\" content=\"CERIC\" \/>\n<meta property=\"article:modified_time\" content=\"2022-04-06T17:06:18+00:00\" \/>\n<meta name=\"twitter:card\" content=\"summary_large_image\" \/>\n<meta name=\"twitter:label1\" content=\"Dur\u00e9e de lecture estim\u00e9e\" \/>\n\t<meta name=\"twitter:data1\" content=\"7 minutes\" \/>\n<script type=\"application\/ld+json\" class=\"yoast-schema-graph\">{\"@context\":\"https:\\\/\\\/schema.org\",\"@graph\":[{\"@type\":\"WebPage\",\"@id\":\"https:\\\/\\\/ceric.ca\\\/fr\\\/recherches-documentaires\\\/apprentissage-par-lexperience-et-developpement-de-carriere-en-anglais-2\\\/\",\"url\":\"https:\\\/\\\/ceric.ca\\\/fr\\\/recherches-documentaires\\\/apprentissage-par-lexperience-et-developpement-de-carriere-en-anglais-2\\\/\",\"name\":\"Apprentissage Par L\u2019Exp\u00e9rience Et D\u00e9veloppement De Carri\u00e9re (en anglais) - CERIC\",\"isPartOf\":{\"@id\":\"https:\\\/\\\/ceric.ca\\\/#website\"},\"datePublished\":\"2021-06-23T16:06:44+00:00\",\"dateModified\":\"2022-04-06T17:06:18+00:00\",\"breadcrumb\":{\"@id\":\"https:\\\/\\\/ceric.ca\\\/fr\\\/recherches-documentaires\\\/apprentissage-par-lexperience-et-developpement-de-carriere-en-anglais-2\\\/#breadcrumb\"},\"inLanguage\":\"fr-FR\",\"potentialAction\":[{\"@type\":\"ReadAction\",\"target\":[\"https:\\\/\\\/ceric.ca\\\/fr\\\/recherches-documentaires\\\/apprentissage-par-lexperience-et-developpement-de-carriere-en-anglais-2\\\/\"]}]},{\"@type\":\"BreadcrumbList\",\"@id\":\"https:\\\/\\\/ceric.ca\\\/fr\\\/recherches-documentaires\\\/apprentissage-par-lexperience-et-developpement-de-carriere-en-anglais-2\\\/#breadcrumb\",\"itemListElement\":[{\"@type\":\"ListItem\",\"position\":1,\"name\":\"Home\",\"item\":\"https:\\\/\\\/ceric.ca\\\/fr\\\/ceric-homepage-2025\\\/\"},{\"@type\":\"ListItem\",\"position\":2,\"name\":\"Recherches documentaires\",\"item\":\"https:\\\/\\\/ceric.ca\\\/fr\\\/recherches-documentaires\\\/\"},{\"@type\":\"ListItem\",\"position\":3,\"name\":\"Apprentissage Par L\u2019Exp\u00e9rience Et D\u00e9veloppement De Carri\u00e9re (en anglais)\"}]},{\"@type\":\"WebSite\",\"@id\":\"https:\\\/\\\/ceric.ca\\\/#website\",\"url\":\"https:\\\/\\\/ceric.ca\\\/\",\"name\":\"CERIC\",\"description\":\"\",\"publisher\":{\"@id\":\"https:\\\/\\\/ceric.ca\\\/#organization\"},\"potentialAction\":[{\"@type\":\"SearchAction\",\"target\":{\"@type\":\"EntryPoint\",\"urlTemplate\":\"https:\\\/\\\/ceric.ca\\\/?s={search_term_string}\"},\"query-input\":{\"@type\":\"PropertyValueSpecification\",\"valueRequired\":true,\"valueName\":\"search_term_string\"}}],\"inLanguage\":\"fr-FR\"},{\"@type\":\"Organization\",\"@id\":\"https:\\\/\\\/ceric.ca\\\/#organization\",\"name\":\"CERIC\",\"url\":\"https:\\\/\\\/ceric.ca\\\/\",\"logo\":{\"@type\":\"ImageObject\",\"inLanguage\":\"fr-FR\",\"@id\":\"https:\\\/\\\/ceric.ca\\\/#\\\/schema\\\/logo\\\/image\\\/\",\"url\":\"\",\"contentUrl\":\"\",\"caption\":\"CERIC\"},\"image\":{\"@id\":\"https:\\\/\\\/ceric.ca\\\/#\\\/schema\\\/logo\\\/image\\\/\"}}]}<\/script>\n<!-- \/ Yoast SEO Premium plugin. -->","yoast_head_json":{"title":"Apprentissage Par L\u2019Exp\u00e9rience Et D\u00e9veloppement De Carri\u00e9re (en anglais) - CERIC","robots":{"index":"index","follow":"follow","max-snippet":"max-snippet:-1","max-image-preview":"max-image-preview:large","max-video-preview":"max-video-preview:-1"},"canonical":"https:\/\/ceric.ca\/fr\/recherches-documentaires\/apprentissage-par-lexperience-et-developpement-de-carriere-en-anglais-2\/","og_locale":"fr_FR","og_type":"article","og_title":"Apprentissage Par L\u2019Exp\u00e9rience Et D\u00e9veloppement De Carri\u00e9re (en anglais)","og_description":"[vc_row][vc_column][vc_column_text]Derni\u00e8re mise \u00e0 jour : mars 2022[\/vc_column_text][\/vc_column][\/vc_row][vc_row][vc_column width=\u00a0\u00bb1\/2&Prime;][vc_column_text][\/vc_column_text][\/vc_column][vc_column width=\u00a0\u00bb1\/2&Prime;][vc_column_text][\/vc_column_text][\/vc_column][\/vc_row][vc_row][vc_column][vc_column_text]Amyot,D. 2020. Les occasions d\u2019apprentissage int\u00e9gr\u00e9 au travail stimulent l\u2019innovation et peuvent nous aider dans la lutte contre [\u2026]","og_url":"https:\/\/ceric.ca\/fr\/recherches-documentaires\/apprentissage-par-lexperience-et-developpement-de-carriere-en-anglais-2\/","og_site_name":"CERIC","article_modified_time":"2022-04-06T17:06:18+00:00","twitter_card":"summary_large_image","twitter_misc":{"Dur\u00e9e de lecture estim\u00e9e":"7 minutes"},"schema":{"@context":"https:\/\/schema.org","@graph":[{"@type":"WebPage","@id":"https:\/\/ceric.ca\/fr\/recherches-documentaires\/apprentissage-par-lexperience-et-developpement-de-carriere-en-anglais-2\/","url":"https:\/\/ceric.ca\/fr\/recherches-documentaires\/apprentissage-par-lexperience-et-developpement-de-carriere-en-anglais-2\/","name":"Apprentissage Par L\u2019Exp\u00e9rience Et D\u00e9veloppement De Carri\u00e9re (en anglais) - CERIC","isPartOf":{"@id":"https:\/\/ceric.ca\/#website"},"datePublished":"2021-06-23T16:06:44+00:00","dateModified":"2022-04-06T17:06:18+00:00","breadcrumb":{"@id":"https:\/\/ceric.ca\/fr\/recherches-documentaires\/apprentissage-par-lexperience-et-developpement-de-carriere-en-anglais-2\/#breadcrumb"},"inLanguage":"fr-FR","potentialAction":[{"@type":"ReadAction","target":["https:\/\/ceric.ca\/fr\/recherches-documentaires\/apprentissage-par-lexperience-et-developpement-de-carriere-en-anglais-2\/"]}]},{"@type":"BreadcrumbList","@id":"https:\/\/ceric.ca\/fr\/recherches-documentaires\/apprentissage-par-lexperience-et-developpement-de-carriere-en-anglais-2\/#breadcrumb","itemListElement":[{"@type":"ListItem","position":1,"name":"Home","item":"https:\/\/ceric.ca\/fr\/ceric-homepage-2025\/"},{"@type":"ListItem","position":2,"name":"Recherches documentaires","item":"https:\/\/ceric.ca\/fr\/recherches-documentaires\/"},{"@type":"ListItem","position":3,"name":"Apprentissage Par L\u2019Exp\u00e9rience Et D\u00e9veloppement De Carri\u00e9re (en anglais)"}]},{"@type":"WebSite","@id":"https:\/\/ceric.ca\/#website","url":"https:\/\/ceric.ca\/","name":"CERIC","description":"","publisher":{"@id":"https:\/\/ceric.ca\/#organization"},"potentialAction":[{"@type":"SearchAction","target":{"@type":"EntryPoint","urlTemplate":"https:\/\/ceric.ca\/?s={search_term_string}"},"query-input":{"@type":"PropertyValueSpecification","valueRequired":true,"valueName":"search_term_string"}}],"inLanguage":"fr-FR"},{"@type":"Organization","@id":"https:\/\/ceric.ca\/#organization","name":"CERIC","url":"https:\/\/ceric.ca\/","logo":{"@type":"ImageObject","inLanguage":"fr-FR","@id":"https:\/\/ceric.ca\/#\/schema\/logo\/image\/","url":"","contentUrl":"","caption":"CERIC"},"image":{"@id":"https:\/\/ceric.ca\/#\/schema\/logo\/image\/"}}]}},"_links":{"self":[{"href":"https:\/\/ceric.ca\/fr\/wp-json\/wp\/v2\/pages\/48319","targetHints":{"allow":["GET"]}}],"collection":[{"href":"https:\/\/ceric.ca\/fr\/wp-json\/wp\/v2\/pages"}],"about":[{"href":"https:\/\/ceric.ca\/fr\/wp-json\/wp\/v2\/types\/page"}],"author":[{"embeddable":true,"href":"https:\/\/ceric.ca\/fr\/wp-json\/wp\/v2\/users\/1"}],"replies":[{"embeddable":true,"href":"https:\/\/ceric.ca\/fr\/wp-json\/wp\/v2\/comments?post=48319"}],"version-history":[{"count":0,"href":"https:\/\/ceric.ca\/fr\/wp-json\/wp\/v2\/pages\/48319\/revisions"}],"up":[{"embeddable":true,"href":"https:\/\/ceric.ca\/fr\/wp-json\/wp\/v2\/pages\/46133"}],"wp:attachment":[{"href":"https:\/\/ceric.ca\/fr\/wp-json\/wp\/v2\/media?parent=48319"}],"curies":[{"name":"wp","href":"https:\/\/api.w.org\/{rel}","templated":true}]}}