{"id":48341,"date":"2021-06-23T14:49:13","date_gmt":"2021-06-23T18:49:13","guid":{"rendered":"https:\/\/ceric.ca\/?page_id=48341"},"modified":"2021-09-02T16:50:30","modified_gmt":"2021-09-02T20:50:30","slug":"infuser-le-developpement-de-carriere-dans-le-secteur-de-la-maternelle-a-la-12eme-annee-en-anglais","status":"publish","type":"page","link":"https:\/\/ceric.ca\/fr\/recherches-documentaires\/infuser-le-developpement-de-carriere-dans-le-secteur-de-la-maternelle-a-la-12eme-annee-en-anglais\/","title":{"rendered":"Infuser le d\u00e9veloppement de carrI\u00e9re dans le secteur de la maternelle \u00e0 la 12\u00e9me ann\u00e9e (en anglais)"},"content":{"rendered":"<div class=\"wpb-content-wrapper\"><p>[vc_row][vc_column][vc_column_text]<span style=\"color: #808080;\"><em>Derni\u00e8re mise \u00e0 jour : novembre 2017<\/em><\/span>[\/vc_column_text]\r\n\t<div class=\"wprt-spacer clearfix\" data-desktop=\"40\" data-mobi=\"20\" data-smobi=\"20\"><\/div>[\/vc_column][\/vc_row][vc_row][vc_column width=\u00a0\u00bb1\/2&Prime;][vc_column_text]<div class='w3eden wpdm_package_shortcode'><div class=\"media well link-template-widget\">\n    <div class=\"media-body\">\n        <a href=\"https:\/\/ceric.ca\/fr\/wpdm-package\/infuser-le-developpement-de-carriere-dans-le-secteur-de-la-maternelle-la-12eme-annee-en-anglais\/?wpdmdl=21345&refresh=69d64b818e4fb1775651713\" style=\"display: block;clear: bottom;font-size: 11pt;font-weight: bold;\">Infuser le d\u00e9veloppement de carri\u00e8re dans le secteur de la maternelle \u00e0 la 12\u00e8me ann\u00e9e (en anglais)<\/a>\n        <div style=\"font-size: 9pt;\">\n            <i class=\"fas fa-hdd color-green\"><\/i> 60.25 KB <i class=\"fa fa-copy ml-3\"><\/i>\n            1 file(s)\n        <\/div>\n    <\/div>\n<\/div>\n\n<\/div>[\/vc_column_text][\/vc_column][vc_column width=\u00a0\u00bb1\/2&Prime;][vc_column_text][\/vc_column_text][\/vc_column][\/vc_row][vc_row][vc_column][vc_column_text]Bauer, J.M., Sousa-Poza, A. (2015). <a href=\"http:\/\/ftp.iza.org\/dp8851.pdf\" target=\"_blank\" rel=\"noopener\">Impacts of Informal Caregiving on Caregiver Employment<\/a>, Health and Family. IZA.<\/p>\n<p>Achieve. (2010). Strategies for K-12 and Workforce Alignment. State of Arkansas.<\/p>\n<p>Anderson Grimmett, M. (2006). Early Career Development of African American Boys. NCDA.<\/p>\n<p>APSA. (2016). Mapping Student Career Path. Implications of K-12 on Career Management and Development. APSA<\/p>\n<p>Augst, K. and Akos, P. (2008). With All Your Power, What Will You Do? A Strengths \u2013 Based Career Unit for Elementary Students. NCDA<\/p>\n<p>Bandura, A., Barbaranelli, C., Capara, G.V., &amp; Pastorelli, C. (2001). Self-efficacy beliefs as shapers of children\u2019s aspirations and career trajectories. Child Development, 72(1), 187-206.<\/p>\n<p>Barge, J.D. (2013). Elementary Career Cluster Activities Guidance Elementary Career Awareness Grades 1-5. Department of Education State of Georgia.<\/p>\n<p>Barrett, C.M. (2006). Career Development Curriculum for First-Generation Middle School Students. NCDA.<\/p>\n<p>Beier, S.M. (2004). School-to-Work Transitions for Youth with Disabilities: The case for a central coordinating agent. NCDA.<\/p>\n<p>Blake, D. (2012). Engaging Middle School Students through Career Exploration. CTE Conference.<\/p>\n<p>Brown, M. (2015). Occupational Exposure for Students in Rural and Isolated Communities.NCDA.<\/p>\n<p>Butler, B.K. (2003). Achieving Success through the Guidance Oriented Approach to Learning.The Western Quebec School Board.<\/p>\n<p>Career Resource Network ND Department of Career and Technical Education. (2016). Elementary Level Career Resources. North Dakota.<\/p>\n<p>Casapao, K. (2006). K-12 Career Development Curriculum Framework. New Hampshire Department of Education.<\/p>\n<p>Cassidy, R.A. (2012). The benefits of a comprehensive K-12 career development system: in licking county, Ohio, the career and technology education centers are putting that question to the test. Questia.<\/p>\n<p>CERES Secondary (2014). Career Education Responsive to Every Student. CERES Secondary.<\/p>\n<p>Cohen, C., Patterson, D.G. (2012). The Emerging Role of Science Teachers in Facilitating STEM Career Awareness. NWABR.<\/p>\n<p>Cook, L., Dill-Varga, B., Jablonski, K., and Stewart, R. (2016). Getting Career Skills into the Curriculum. Educational Leadership, Volumev73, Number 6.<\/p>\n<p>Davis, R. (2013). South Carolina Legislation Calls for Enhanced K-12 Career Guidance, CDF Certification. NCDA.<\/p>\n<p>Dayes, N., and Khan, N. (2003). A Career Exploration Guidance Plan for Elementary Students. NCDA.<\/p>\n<p>Dykeman, C., Ingram, M., Wood, C., Charles, S., Chen, M., &amp; Herr, E.L. (2001). The taxonomy of career development interventions that occur in America\u2019s secondary schools. ERIC\/CASS Digest CG-01-04. Greensboro, NC: ERIC Clearinghouse on Counseling and Student Services.<\/p>\n<p>Education Commission of the States. (2015). Aligning K-12 and post-secondary career pathways with workforce needs. ECS.<\/p>\n<p>Education and Early Childhood Development. (2017). Career Development Elementary Curriculum Guide 2017. Newfoundland Labrador.<\/p>\n<p>Fisher, B. (2007). Parent Involvement in Student Career Planning. NCDA.<\/p>\n<p>Florida Department of Education. (2017). Educator\u2019s Toolkit. Florida Department of Education.<\/p>\n<p>Freeman, N.K., &amp; King, S. (2001). Service learning in preschool: An intergenerational project involving five-year-olds, fifth graders, and senior citizens. Early Childhood Education Journal 28(4), 211-217.<\/p>\n<p>Galvan, A.M., and Negrete, A. (2017). Responding to Students\u2019 Career Development Needs by Promoting Career Literacy. NCDA.<\/p>\n<p>Garman, C.H. (2003). Simple Ideas for Making Career Education Fun. NCDA.<\/p>\n<p>Ghilani, M.E. (2005). Using Web-Based Career Resources to Enhance Career Counseling. NCDA.<\/p>\n<p>Gibson, D. (2008). Using Career Genograms in K-12 Settings. NCDA.<\/p>\n<p>Giron, P.R. (2012). The K to 12 Basic Education Program. Philippines. Government of Newfoundland and Labrador Department of Education. (2012). Career Development Intermediate Career Education. A Curriculum Guide. Newfoundland Labrador..<\/p>\n<p>Gysbers, N.C., &amp; Henderson, P. (2001). Comprehensive guidance and counseling programs: A<br \/>\nrich history and a bright future. Professional School Counseling, 4, 246-256.<\/p>\n<p>Hanover Research, (2014). Incorporating Soft Skills into the K-12 Curriculum. Hanover Research.<\/p>\n<p>Hartung, P., Porfeli, E.J., &amp; Vondracek, F.W. (2008). Career adaptability in childhood. Career<br \/>\nDevelopment Quarterly, 57(1), 63-74.<\/p>\n<p>Hawkins, J. (2001). Career Activity File. Career Portfolios K-12. Oklahoma Department of Career and Technology Education.<a href=\"https:\/\/www.ncda.org\/aws\/NCDA\/pt\/sd\/news_article\/5062\/_PARENT\/CC_layout_details\/false\" target=\"_blank\" rel=\"noopener\">https:\/\/www.ncda.org\/aws\/NCDA\/pt\/sd\/news_article\/5062\/_PARENT\/CC_layout_details\/false<\/a><\/p>\n<p>Hayes, J.G. (2005). Make a Career of Making a Difference. NCDA.<\/p>\n<p>Helwig, A.A. (2006). Lessons from a Ten-Year Career Development Study. NCDA.<\/p>\n<p>Henson, R. (2012). Writing Career Development Standards for K-12. NCDA.<\/p>\n<p>Hinsdale School District. (2015). School Counseling Curriculum K-12. Hinsdale School District.<\/p>\n<p>Hoenig, R. (2003). Connecting young people to their future. Curriculum &amp; Leadership Journal.<\/p>\n<p>Hughes, K.L. and Mechur Karp, M. (2004). School-Based Career Development: A Synthesis of the Literature. National Training Support Center.<\/p>\n<p>Illinois (2015). Career development \u2013 K-12 Competencies and Indicators. Illinois.<\/p>\n<p>Johnson, G.S. (2016). Using Gottfredson\u2019s Theory of Circumscription and Compromise at the Elementary Level. NCDA.<\/p>\n<p>Kass, J., &amp; Cavallaro, M. (2010). A World of Possibilities: Career Development for Gifted Students. NCDA.<\/p>\n<p>Keller, B.K. (2004). Parental Behaviors that Influence Adolescents Career Development. NCDA.<\/p>\n<p>Knight, J.L. (2014). Preparing Elementary School Counselors to Promote Career Development. Journal of Career Development.<\/p>\n<p>Kraus, K.L. (2006). Leading Career Development (Psychoeducational) Groups in Schools. NCDA.<\/p>\n<p>Lantham, L. (2017). A Process for Guiding Middle School Students Through Career Exploration.NCDA.<\/p>\n<p>Lapan, R.T., Marcotte, A.M., Storey, R., Carbone, P., Loehr-Lapan, S., Guerin, D., Thomas, T., Cuffee-Grey, D., Coburn, A., Pfeiffer, T., Wilson, L., Mahoney, S. (2016). Infusing Caree r Development to Strengthen Middle School English Language Arts Curricula. Career Development Quarterly.<\/p>\n<p>Leininger, C. (2013). Group Career Counseling: a Lesson Plan for School Counselors. NCDA.<\/p>\n<p>Maddy-Bernstein, C. (2000). Career development issues affecting secondary schools. The Highlight Zone: Research @ Work No. 1. Columbus, OH: National Dissemination Center for Career and Technical Education.<\/p>\n<p>Magnusson, C.S., &amp; Starr, M. (2000). How early is too early to begin life career planning? The importance of the elementary school years. Journal of Career Development. 27(2), 89-101.<\/p>\n<p>Manitoba. (2016). Career Development Curriculum Documents. Manitoba Education and Training.<\/p>\n<p>Marconi Harrell, S. (2004). 5 Easy Ways to Incorporate Career Development into School Counseling. NCDA<\/p>\n<p>Massachusetts Department of Elementary &amp; Secondary Education. (2012). From Cradle to Career: Educating our Students for Lifelong Success. Massachusetts Department of Elementary &amp; Secondary Education.<\/p>\n<p>Michel, J-P, (2017). Rethinking Career Development for Youth: Focus on Challenges and Opportunities. NCDA.<\/p>\n<p>Miles, C., and Lauri, R. (2010). How to Integrate Career Development into the English Classroom. Academic Innovations.<\/p>\n<p>Ministry of Education. (2016). Career Education: What\u2019s New. British Columbia.,<\/p>\n<p>Missouri Professional School Counselors and Counselor Educators. (2015). Professional School Counselor\u2019s Guide to the K-12 Individual Planning Process. Missouri Center for Career Education.<\/p>\n<p>Morgan, L.M. (2016). K-12 College and Career Readiness Standards: Transforming Postsecondary Planning. NCDA<\/p>\n<p>Nelson, P.J. (2003). Career Pathways. Let the Journey Begin. NCDA.<\/p>\n<p>Newgent, R.A., Min Lee S., and Daniel, A.F. (2005). Addressing Needs and Barriers of At-Risk Elementary Students. NCDA.<\/p>\n<p>New Hampshire Department of Education. (2006). K-12 Career Development Curriculum Framework. New Hampshire Department of education.<\/p>\n<p>Niles. S., Harris-Bowlsbey, J. (2013). Career development Intervention in Elementary School. Quizlet.<\/p>\n<p>Oesch, M., Bower, C. (2016). Integrating Career awareness into the ABE &amp; ESOL Classroom. National College Transition Network.<\/p>\n<p>Ontal, M. (2010 ). The Integration of Career Guidance in the K to 12. RHGP.<\/p>\n<p>Orndorff, R. (2004). Developing Students\u2019 Career Skills and Academic Proficiencies While Centering on Character. NCDA.<\/p>\n<p>Osborn, D. (2008). Career Exploration in First Grade. NCDA.<\/p>\n<p>Osborn, D. (2006). Ingenious Ways to Use Career Information. NCDA.<\/p>\n<p>Osborn, D. (2005). 21 Strategies for K \u2013 12 Career Development. NCDA.<\/p>\n<p>Paradise, L.V., and Romano Ironside, D. (2005). Positive Psychology Techniques for K-12 CareerCounseling. NCDA.<\/p>\n<p>Pathways Innovation Network (2016). Career Development Competencies and Activities for the K-12 System. Georgia Department of Education Career Cluster Awareness Activities Guidance.<\/p>\n<p>Patterson, J. (2017). Empowering Parents to Prepare Their Middle\/High Schoolers for Post-School Transition. NCDA.<\/p>\n<p>Pennock, A.J., Moyers, K.L. (2012). The Role of Personality in K-12 Education. ASBBS Annual Conference: Las Vegas.<\/p>\n<p>Pennsylvania Department of Education. (2011). Tools for Developing a Comprehensive K-12 Guidance &amp; Counseling Plan. Commonwealth of Pennsylvania Department of Education.<\/p>\n<p>Pilling-Cormick, J. (2003). Adolescents and Self-Directed Career Development. NCDA.<\/p>\n<p>Plainfield Public Schools. (2015). Guidance and School Counseling Curriculum Guide Grades K-12. Plainfield Board of Education.<\/p>\n<p>Preble, B.C. (2017). Workforce Counseling: A Conceptual Model to Better Prepare High School Students for the School to Work Transition. NCDA<\/p>\n<p>Public Schools of North Carolina, (2001). Guidance Curriculum for the Comprehensive School Counseling Program K-12. Division of Instructional Services, Public Schools of North Carolina.<\/p>\n<p>Schmidli, K.W. (2001). Infusing the Career Development Facilitator Curriculum into Career and Technical Teacher Education: A Model for Fundamental Change to Improve Outcomes for all students. Journal of Industrial Teacher Education. Volume 38, Number 4.<\/p>\n<p>Solberg, V.S., Howard, K.A., Blustein, D. (2002). Career Development in the Schools. The Counseling Psychologist.<\/p>\n<p>Solberg, V.S., Close, W., &amp; Metz, A.J. (2001). Promoting success pathways for middle and highschool students: Introducing the Adaptive Success Identity Plan for School Counselors: \u201cIt\u2019s about making school successful for all students.\u201d In C. Juntunen &amp; D. Atkinson (Eds.), Counseling Strategies (pp. 135-157). Thousand Oaks, CA: Sage, Google Scholar.<\/p>\n<p>State of Connecticut State Board of Education. (2008). A Guide to Comprehensive Counseling Program Development. State of Connecticut State Board of Education.<\/p>\n<p>Steen, S., Logan O\u2019Keefe, A., Griffin, D., Routzahn, K. (2010). Service Learning and Classroom Guidance: A Program for Elementary Students. The University of North Carolina at Chapel Hill.<\/p>\n<p>Tatham, P. (2003). Trends in the provision of career guidance. Curriculum &amp; Leadership Journal.<\/p>\n<p>The Free Library. (2014). The K-12 career development process: in Butler county, Ohio, the K-12 career development process is structured to promote success for students. The Free Library.<\/p>\n<p>Topdemir, C. (2007). Career Awareness Activities for Special Education. NCDA.<\/p>\n<p>Turner, S., and Lapan, R. (2007). Family Factors Associated with Sixth Grade Adolescents\u2019 Math and Science Career Interests. NCDA.<\/p>\n<p>Wahl, K.H., &amp; Blackhurst, A. (2000). Factors affecting the occupational and educational aspirations of children and adolescents. Professional School Counseling, 3(5): 367-374.<\/p>\n<p>Wall, J.E. (2007). Career Development at the Starting Gate: Target Ages. NCDA<\/p>\n<p>Wall, J.E. (2005). Making Connections with Student Interests. (And Having Fun at the SameTime.) NCDA.<\/p>\n<p>West Allis-West Milwaukee School District. (2016). Elementary School Website. CareerLocker.<\/p>\n<p>Wyoming Department of Education. (2016). Quality K-12 Career Development Programs. Wyoming Department of Education.[\/vc_column_text][\/vc_column][\/vc_row]<\/p>\n<\/div>","protected":false},"excerpt":{"rendered":"<p>[vc_row][vc_column][vc_column_text]Derni\u00e8re mise \u00e0 jour : novembre 2017[\/vc_column_text][\/vc_column][\/vc_row][vc_row][vc_column width=\u00a0\u00bb1\/2&Prime;][vc_column_text][\/vc_column_text][\/vc_column][vc_column width=\u00a0\u00bb1\/2&Prime;][vc_column_text][\/vc_column_text][\/vc_column][\/vc_row][vc_row][vc_column][vc_column_text]Bauer, J.M., Sousa-Poza, A. (2015). Impacts of Informal Caregiving on Caregiver Employment, Health and Family. IZA. Achieve. (2010).<span class=\"excerpt-hellip\"> [\u2026]<\/span><\/p>\n","protected":false},"author":1,"featured_media":0,"parent":46133,"menu_order":0,"comment_status":"closed","ping_status":"closed","template":"","meta":{"h5ap_radio_sources":[],"footnotes":""},"class_list":["post-48341","page","type-page","status-publish","hentry"],"yoast_head":"<!-- This site is optimized with the Yoast SEO Premium plugin v27.3 (Yoast SEO v27.3) - https:\/\/yoast.com\/product\/yoast-seo-premium-wordpress\/ -->\n<title>Infuser le d\u00e9veloppement de carrI\u00e9re dans le secteur de la maternelle \u00e0 la 12\u00e9me ann\u00e9e (en anglais) - CERIC<\/title>\n<meta name=\"robots\" content=\"index, follow, max-snippet:-1, max-image-preview:large, max-video-preview:-1\" \/>\n<link rel=\"canonical\" href=\"https:\/\/ceric.ca\/fr\/recherches-documentaires\/infuser-le-developpement-de-carriere-dans-le-secteur-de-la-maternelle-a-la-12eme-annee-en-anglais\/\" \/>\n<meta property=\"og:locale\" content=\"fr_FR\" \/>\n<meta property=\"og:type\" content=\"article\" \/>\n<meta property=\"og:title\" content=\"Infuser le d\u00e9veloppement de carrI\u00e9re dans le secteur de la maternelle \u00e0 la 12\u00e9me ann\u00e9e (en anglais)\" \/>\n<meta property=\"og:description\" content=\"[vc_row][vc_column][vc_column_text]Derni\u00e8re mise \u00e0 jour : novembre 2017[\/vc_column_text][\/vc_column][\/vc_row][vc_row][vc_column width=\u00a0\u00bb1\/2&Prime;][vc_column_text][\/vc_column_text][\/vc_column][vc_column width=\u00a0\u00bb1\/2&Prime;][vc_column_text][\/vc_column_text][\/vc_column][\/vc_row][vc_row][vc_column][vc_column_text]Bauer, J.M., Sousa-Poza, A. (2015). Impacts of Informal Caregiving on Caregiver Employment, Health and Family. IZA. Achieve. (2010). [\u2026]\" \/>\n<meta property=\"og:url\" content=\"https:\/\/ceric.ca\/fr\/recherches-documentaires\/infuser-le-developpement-de-carriere-dans-le-secteur-de-la-maternelle-a-la-12eme-annee-en-anglais\/\" \/>\n<meta property=\"og:site_name\" content=\"CERIC\" \/>\n<meta property=\"article:modified_time\" content=\"2021-09-02T20:50:30+00:00\" \/>\n<meta name=\"twitter:card\" content=\"summary_large_image\" \/>\n<meta name=\"twitter:label1\" content=\"Dur\u00e9e de lecture estim\u00e9e\" \/>\n\t<meta name=\"twitter:data1\" content=\"8 minutes\" \/>\n<script type=\"application\/ld+json\" class=\"yoast-schema-graph\">{\"@context\":\"https:\\\/\\\/schema.org\",\"@graph\":[{\"@type\":\"WebPage\",\"@id\":\"https:\\\/\\\/ceric.ca\\\/fr\\\/recherches-documentaires\\\/infuser-le-developpement-de-carriere-dans-le-secteur-de-la-maternelle-a-la-12eme-annee-en-anglais\\\/\",\"url\":\"https:\\\/\\\/ceric.ca\\\/fr\\\/recherches-documentaires\\\/infuser-le-developpement-de-carriere-dans-le-secteur-de-la-maternelle-a-la-12eme-annee-en-anglais\\\/\",\"name\":\"Infuser le d\u00e9veloppement de carrI\u00e9re dans le secteur de la maternelle \u00e0 la 12\u00e9me ann\u00e9e (en anglais) - CERIC\",\"isPartOf\":{\"@id\":\"https:\\\/\\\/ceric.ca\\\/#website\"},\"datePublished\":\"2021-06-23T18:49:13+00:00\",\"dateModified\":\"2021-09-02T20:50:30+00:00\",\"breadcrumb\":{\"@id\":\"https:\\\/\\\/ceric.ca\\\/fr\\\/recherches-documentaires\\\/infuser-le-developpement-de-carriere-dans-le-secteur-de-la-maternelle-a-la-12eme-annee-en-anglais\\\/#breadcrumb\"},\"inLanguage\":\"fr-FR\",\"potentialAction\":[{\"@type\":\"ReadAction\",\"target\":[\"https:\\\/\\\/ceric.ca\\\/fr\\\/recherches-documentaires\\\/infuser-le-developpement-de-carriere-dans-le-secteur-de-la-maternelle-a-la-12eme-annee-en-anglais\\\/\"]}]},{\"@type\":\"BreadcrumbList\",\"@id\":\"https:\\\/\\\/ceric.ca\\\/fr\\\/recherches-documentaires\\\/infuser-le-developpement-de-carriere-dans-le-secteur-de-la-maternelle-a-la-12eme-annee-en-anglais\\\/#breadcrumb\",\"itemListElement\":[{\"@type\":\"ListItem\",\"position\":1,\"name\":\"Home\",\"item\":\"https:\\\/\\\/ceric.ca\\\/fr\\\/ceric-homepage-2025\\\/\"},{\"@type\":\"ListItem\",\"position\":2,\"name\":\"Recherches documentaires\",\"item\":\"https:\\\/\\\/ceric.ca\\\/fr\\\/recherches-documentaires\\\/\"},{\"@type\":\"ListItem\",\"position\":3,\"name\":\"Infuser le d\u00e9veloppement de carrI\u00e9re dans le secteur de la maternelle \u00e0 la 12\u00e9me ann\u00e9e (en anglais)\"}]},{\"@type\":\"WebSite\",\"@id\":\"https:\\\/\\\/ceric.ca\\\/#website\",\"url\":\"https:\\\/\\\/ceric.ca\\\/\",\"name\":\"CERIC\",\"description\":\"\",\"publisher\":{\"@id\":\"https:\\\/\\\/ceric.ca\\\/#organization\"},\"potentialAction\":[{\"@type\":\"SearchAction\",\"target\":{\"@type\":\"EntryPoint\",\"urlTemplate\":\"https:\\\/\\\/ceric.ca\\\/?s={search_term_string}\"},\"query-input\":{\"@type\":\"PropertyValueSpecification\",\"valueRequired\":true,\"valueName\":\"search_term_string\"}}],\"inLanguage\":\"fr-FR\"},{\"@type\":\"Organization\",\"@id\":\"https:\\\/\\\/ceric.ca\\\/#organization\",\"name\":\"CERIC\",\"url\":\"https:\\\/\\\/ceric.ca\\\/\",\"logo\":{\"@type\":\"ImageObject\",\"inLanguage\":\"fr-FR\",\"@id\":\"https:\\\/\\\/ceric.ca\\\/#\\\/schema\\\/logo\\\/image\\\/\",\"url\":\"\",\"contentUrl\":\"\",\"caption\":\"CERIC\"},\"image\":{\"@id\":\"https:\\\/\\\/ceric.ca\\\/#\\\/schema\\\/logo\\\/image\\\/\"}}]}<\/script>\n<!-- \/ Yoast SEO Premium plugin. -->","yoast_head_json":{"title":"Infuser le d\u00e9veloppement de carrI\u00e9re dans le secteur de la maternelle \u00e0 la 12\u00e9me ann\u00e9e (en anglais) - CERIC","robots":{"index":"index","follow":"follow","max-snippet":"max-snippet:-1","max-image-preview":"max-image-preview:large","max-video-preview":"max-video-preview:-1"},"canonical":"https:\/\/ceric.ca\/fr\/recherches-documentaires\/infuser-le-developpement-de-carriere-dans-le-secteur-de-la-maternelle-a-la-12eme-annee-en-anglais\/","og_locale":"fr_FR","og_type":"article","og_title":"Infuser le d\u00e9veloppement de carrI\u00e9re dans le secteur de la maternelle \u00e0 la 12\u00e9me ann\u00e9e (en anglais)","og_description":"[vc_row][vc_column][vc_column_text]Derni\u00e8re mise \u00e0 jour : novembre 2017[\/vc_column_text][\/vc_column][\/vc_row][vc_row][vc_column width=\u00a0\u00bb1\/2&Prime;][vc_column_text][\/vc_column_text][\/vc_column][vc_column width=\u00a0\u00bb1\/2&Prime;][vc_column_text][\/vc_column_text][\/vc_column][\/vc_row][vc_row][vc_column][vc_column_text]Bauer, J.M., Sousa-Poza, A. (2015). Impacts of Informal Caregiving on Caregiver Employment, Health and Family. IZA. Achieve. (2010). [\u2026]","og_url":"https:\/\/ceric.ca\/fr\/recherches-documentaires\/infuser-le-developpement-de-carriere-dans-le-secteur-de-la-maternelle-a-la-12eme-annee-en-anglais\/","og_site_name":"CERIC","article_modified_time":"2021-09-02T20:50:30+00:00","twitter_card":"summary_large_image","twitter_misc":{"Dur\u00e9e de lecture estim\u00e9e":"8 minutes"},"schema":{"@context":"https:\/\/schema.org","@graph":[{"@type":"WebPage","@id":"https:\/\/ceric.ca\/fr\/recherches-documentaires\/infuser-le-developpement-de-carriere-dans-le-secteur-de-la-maternelle-a-la-12eme-annee-en-anglais\/","url":"https:\/\/ceric.ca\/fr\/recherches-documentaires\/infuser-le-developpement-de-carriere-dans-le-secteur-de-la-maternelle-a-la-12eme-annee-en-anglais\/","name":"Infuser le d\u00e9veloppement de carrI\u00e9re dans le secteur de la maternelle \u00e0 la 12\u00e9me ann\u00e9e (en anglais) - CERIC","isPartOf":{"@id":"https:\/\/ceric.ca\/#website"},"datePublished":"2021-06-23T18:49:13+00:00","dateModified":"2021-09-02T20:50:30+00:00","breadcrumb":{"@id":"https:\/\/ceric.ca\/fr\/recherches-documentaires\/infuser-le-developpement-de-carriere-dans-le-secteur-de-la-maternelle-a-la-12eme-annee-en-anglais\/#breadcrumb"},"inLanguage":"fr-FR","potentialAction":[{"@type":"ReadAction","target":["https:\/\/ceric.ca\/fr\/recherches-documentaires\/infuser-le-developpement-de-carriere-dans-le-secteur-de-la-maternelle-a-la-12eme-annee-en-anglais\/"]}]},{"@type":"BreadcrumbList","@id":"https:\/\/ceric.ca\/fr\/recherches-documentaires\/infuser-le-developpement-de-carriere-dans-le-secteur-de-la-maternelle-a-la-12eme-annee-en-anglais\/#breadcrumb","itemListElement":[{"@type":"ListItem","position":1,"name":"Home","item":"https:\/\/ceric.ca\/fr\/ceric-homepage-2025\/"},{"@type":"ListItem","position":2,"name":"Recherches documentaires","item":"https:\/\/ceric.ca\/fr\/recherches-documentaires\/"},{"@type":"ListItem","position":3,"name":"Infuser le d\u00e9veloppement de carrI\u00e9re dans le secteur de la maternelle \u00e0 la 12\u00e9me ann\u00e9e (en anglais)"}]},{"@type":"WebSite","@id":"https:\/\/ceric.ca\/#website","url":"https:\/\/ceric.ca\/","name":"CERIC","description":"","publisher":{"@id":"https:\/\/ceric.ca\/#organization"},"potentialAction":[{"@type":"SearchAction","target":{"@type":"EntryPoint","urlTemplate":"https:\/\/ceric.ca\/?s={search_term_string}"},"query-input":{"@type":"PropertyValueSpecification","valueRequired":true,"valueName":"search_term_string"}}],"inLanguage":"fr-FR"},{"@type":"Organization","@id":"https:\/\/ceric.ca\/#organization","name":"CERIC","url":"https:\/\/ceric.ca\/","logo":{"@type":"ImageObject","inLanguage":"fr-FR","@id":"https:\/\/ceric.ca\/#\/schema\/logo\/image\/","url":"","contentUrl":"","caption":"CERIC"},"image":{"@id":"https:\/\/ceric.ca\/#\/schema\/logo\/image\/"}}]}},"_links":{"self":[{"href":"https:\/\/ceric.ca\/fr\/wp-json\/wp\/v2\/pages\/48341","targetHints":{"allow":["GET"]}}],"collection":[{"href":"https:\/\/ceric.ca\/fr\/wp-json\/wp\/v2\/pages"}],"about":[{"href":"https:\/\/ceric.ca\/fr\/wp-json\/wp\/v2\/types\/page"}],"author":[{"embeddable":true,"href":"https:\/\/ceric.ca\/fr\/wp-json\/wp\/v2\/users\/1"}],"replies":[{"embeddable":true,"href":"https:\/\/ceric.ca\/fr\/wp-json\/wp\/v2\/comments?post=48341"}],"version-history":[{"count":0,"href":"https:\/\/ceric.ca\/fr\/wp-json\/wp\/v2\/pages\/48341\/revisions"}],"up":[{"embeddable":true,"href":"https:\/\/ceric.ca\/fr\/wp-json\/wp\/v2\/pages\/46133"}],"wp:attachment":[{"href":"https:\/\/ceric.ca\/fr\/wp-json\/wp\/v2\/media?parent=48341"}],"curies":[{"name":"wp","href":"https:\/\/api.w.org\/{rel}","templated":true}]}}