{"id":48366,"date":"2021-06-23T18:04:40","date_gmt":"2021-06-23T22:04:40","guid":{"rendered":"https:\/\/ceric.ca\/?page_id=48366"},"modified":"2021-09-02T17:34:45","modified_gmt":"2021-09-02T21:34:45","slug":"meta-analyse-des-interventions-en-developpement-de-carriere-en-anglais","status":"publish","type":"page","link":"https:\/\/ceric.ca\/fr\/recherches-documentaires\/meta-analyse-des-interventions-en-developpement-de-carriere-en-anglais\/","title":{"rendered":"M\u00e9ta-analyse des interventions en d\u00e9veloppement de carri\u00e8re (en anglais)"},"content":{"rendered":"<div class=\"wpb-content-wrapper\"><p>[vc_row][vc_column][vc_column_text]<span style=\"color: #808080;\"><em>Derni\u00e8re mise \u00e0 jour : mai 2017<\/em><\/span>[\/vc_column_text]\r\n\t<div class=\"wprt-spacer clearfix\" data-desktop=\"40\" data-mobi=\"20\" data-smobi=\"20\"><\/div>[\/vc_column][\/vc_row][vc_row][vc_column width=\u00a0\u00bb1\/2&Prime;][vc_column_text]<div class='w3eden wpdm_package_shortcode'><div class=\"media well link-template-widget\">\n    <div class=\"media-body\">\n        <a href=\"https:\/\/ceric.ca\/fr\/wpdm-package\/meta-analyse-des-interventions-en-developpement-de-carriere-en-anglais\/?wpdmdl=11468&refresh=69f5c7b3407061777715123\" style=\"display: block;clear: bottom;font-size: 11pt;font-weight: bold;\">M\u00e9ta-analyse des interventions en d\u00e9veloppement de carri\u00e8re (en anglais)<\/a>\n        <div style=\"font-size: 9pt;\">\n            <i class=\"fas fa-hdd color-green\"><\/i> 297.46 KB <i class=\"fa fa-copy ml-3\"><\/i>\n            1 file(s)\n        <\/div>\n    <\/div>\n<\/div>\n\n<\/div>[\/vc_column_text][\/vc_column][vc_column width=\u00a0\u00bb1\/2&Prime;][vc_column_text][\/vc_column_text][\/vc_column][\/vc_row][vc_row][vc_column][vc_column_text]Adel, I.A. (2009). <a href=\"http:\/\/www.cslnet.org\/wp-content\/uploads\/2013\/07\/2009_08-14_WP-CareerEducation.pdf\" target=\"_blank\" rel=\"noopener\"><em>The Value of Career Education: A Brief Research Summary<\/em><\/a><em>.<\/em> Kuder Inc.<\/p>\n<p>Barak, A., Hen, L., Boniel-Nissim, M., Shaira, N. (2008 <a href=\"http:\/\/www.ncbi.nlm.nih.gov\/pubmedhealth\/PMH0026877\/\" target=\"_blank\" rel=\"noopener\">). A comprehensive review and a meta-analysis of the effectiveness of Internet-based psychotherapeutic interventions.<em> Journal of Technology in Human Services<\/em>,<\/a> Vol. 26(2\/4)<\/p>\n<p>Berry, J. (2013). <a href=\"http:\/\/www.timelesstime.co.uk\/white-papers\/how-does-the-wider-social-context-affect-career-development-of-young-people\/\" target=\"_blank\" rel=\"noopener\">How Does Society Affect Career Development of Young People?<\/a> Timeless Time Ltd.<\/p>\n<p>Betz, N.E. (2007). <a href=\"http:\/\/www.realtutoring.com\/career\/Career_self_efficacy.pdf\" target=\"_blank\" rel=\"noopener\">Career Self-Efficacy: Exemplary Recent Research and Emerging Directions<\/a><em> Journal of Career Assessment<\/em>, 15; 403.<\/p>\n<p>Brown, S.D., Lent, R.W. (2008)<em>.<\/em> <a href=\"http:\/\/ca.wiley.com\/WileyCDA\/WileyTitle\/productCd-0470096225.html\" target=\"_blank\" rel=\"noopener\"><em> Handbook of Counseling Psychology<\/em><\/a> John Wiley &amp; Sons.<\/p>\n<p>Datu, J.A.D. (2013). <a href=\"http:\/\/www.consortiacademia.org\/index.php\/ijrse\/article\/view\/197\" target=\"_blank\" rel=\"noopener\"><em>Cognitive-behavior intervention group counseling manual for reducing adolescents\u2019 career indecision.<\/em><\/a> Consortia Academia Publishing.<\/p>\n<p>Dimitriu-Tiron, E. (2009). <a href=\"http:\/\/www.rcis.ro\/en\/section1\/25-volumul-25-2009-iunie\/266-educational-cou\" target=\"_blank\" rel=\"noopener\"> <em>Educational counselling in relation to other psycho-social intervention forms<\/em>.<\/a> Revista de Cercetare si Interventie Sociala, 25, 101-114.<\/p>\n<p>Fuller, J.D., Perkins, D., Parker, S., Holdsworth, L., Kelly, B., Roberts, R., Martinez, L., and Fragar, L. (2011). <a href=\"http:\/\/www.biomedcentral.com\/1472-6963\/11\/72\" target=\"_blank\" rel=\"noopener\">Effectiveness of service linkages in primary mental health care: a narrative review part 1<\/a> <em>BMC Health Services<\/em>11:72.<\/p>\n<p>Hamorro-Premuzic, T. (2013). <a href=\"http:\/\/blogs.hbr.org\/2013\/05\/can-you-really-improve-your-em\/\" target=\"_blank\" rel=\"noopener\"><em>Can You Really Improve Your Emotional Intelligence?<\/em><\/a> HBR Blog Network.<\/p>\n<p>Heber, E., Ebert, D.D., Lehr, D., Cuiipers, P., Berking, M., Nobis, S., and Riper, H. (2016). <a href=\"https:\/\/www.ncbi.nlm.nih.gov\/pmc\/articles\/PMC5336602\/\" target=\"_blank\" rel=\"noopener\">The Benefit of Web and Computer-Based Interventions for Stress: A Systemic Review and Meta-Analysis.<\/a> <em>Journal of Medical Internet Research.<\/em><\/p>\n<p>Hill, C.E., Spangler, P.T., Chui, H., Jackson, J.L. (2014) <a href=\"http:\/\/tcp.sagepub.com\/content\/42\/6\/702.abstract\" target=\"_blank\" rel=\"noopener\">Training Undergraduate Students to Use Insight Skills <em>The Counseling Psychologist<\/em><\/a>. Vol. 42, no. 6, 702-728.<\/p>\n<p>Isik, E. (2014). <a href=\"https:\/\/www.cambridge.org\/core\/journals\/journal-of-psychologists-and-counsellors-in-schools\/article\/effects-of-a-brief-interest-inventory-intervention-on-career-decision-self-efficacy\/AF23B396186F85F8B7FDEF003FAFC1C4\" target=\"_blank\" rel=\"noopener\">Effects of a Brief Interest Inventory Intervention on Career Decision Self-Efficacy.<\/a> <em>Journal of Psychologists and Counsellors in Schools<\/em>. Volume 24, Issue 2.<\/p>\n<p>Kahn, M.S. (2014). <a href=\"http:\/\/www.karnacbooks.com\/Product.asp?PID=33263\" target=\"_blank\" rel=\"noopener\"> <em>Coaching on the Axis: Working with Complexity in Business and Executive Coaching<\/em><\/a> Karnac Books.<\/p>\n<p>Marsh, C.N. (2011). <a href=\"http:\/\/sunzi.lib.hku.hk\/ER\/detail\/space\/5122456\" target=\"_blank\" rel=\"noopener\"><em>HELP-SEEKING DECISIONS AMONG COLLEGE STUDENTS: The Impact of Mental Health Service Affordability<\/em><\/a><em>.<\/em> Thesis, University of Alabama.<\/p>\n<p>Mawn, L., Oliver, E.J., Akhter, N., Bambra, C.L., Torgerson, C., Bridle, C., and Stain, H.J. (2016). <a href=\"https:\/\/systematicreviewsjournal.biomedcentral.com\/articles\/10.1186\/s13643-016-0394-2\" target=\"_blank\" rel=\"noopener\">Are we failing young people not in employment, education or training (NEETs)? A systematic review and meta-analysis of re-engagement interventions.<\/a> Bio Med Central.<\/p>\n<p>Miller, M.J., Kerlow-Myers, A.E. (2009). <a href=\"http:\/\/jcd.sagepub.com\/content\/35\/4\/352.short\" target=\"_blank\" rel=\"noopener\">A Content Analysis of Acculturation Research in the Career Development Literature.<\/a><em> Journal of Career Development vol.35, <\/em>no. 4 352-384<\/p>\n<p>Passmore, J. (2014). <a href=\"http:\/\/books.google.ca\/books?id=oadbBAAAQBAJ&amp;pg=PA14&amp;lpg=PA14&amp;dq=p\" target=\"_blank\" rel=\"noopener\"><em>Mastery in Coaching: A Complete Psychological Toolkit for Advanced Coaching<\/em>.<\/a> Kogan Page Publishers.<\/p>\n<p>Pollard, E. (2011). <a href=\"http:\/\/www.slideshare.net\/ArsalanAhmad\/employee-counselling-4152204\" target=\"_blank\" rel=\"noopener\"><em>Employee Counselling Techniques Ppt<\/em><\/a> Institute for Employment Studies.<\/p>\n<p>Poston, J.M., Hanson, W.E.(2010). <a href=\"http:\/\/www.ncbi.nlm.nih.gov\/pubmed\/20528048\" target=\"_blank\" rel=\"noopener\">Meta-analysis of psychological assessment as a therapeutic intervention<\/a> <em>Psychological Assessment,<\/em> Vol. 22(2), 203-212.<\/p>\n<p>Research and Policy Cluster, NYDA (2012) <a href=\"http:\/\/www.youthpolicy.org\/national\/South_Africa_2012_Draft_Youth_Development_Strategy.pdf\" target=\"_blank\" rel=\"noopener\"><em>The Integrated Youth Development Strategy (IYDS) of South Africa 2012-2016<\/em><\/a><em>.<\/em> National Youth Development Agency.<\/p>\n<p>Sampson, J.P., Dozier, V.C., Colvin, G.P. (2011). <a href=\"http:\/\/onlinelibrary.wiley.com\/doi\/10.1002\/j.1556-6678.2011.tb00097.x\/abstract\" target=\"_blank\" rel=\"noopener\">Translating Career Theory to Practice: The Risk of Unintentional Social Injustice<\/a> <em>Journal of Counseling &amp; Development,<\/em> Volume 89, Issue 3, pages 326-337.<\/p>\n<p>Savickas, M.L., Nota, L., Rossier, J., Dauwalder, J-P., Eduarda Duarte, M., Guichard, J., Soresi, S., Van Esbroeck, R., van Vianen, A.E.M. (2009). <a href=\"http:\/\/www.sciencedirect.com\/science\/article\/pii\/S000187910900058X\" target=\"_blank\" rel=\"noopener\">Life designing: A paradigm for career construction in the 21st century<em> Journal of Vocational Behavior<\/em><\/a><em>.<\/em> Volume 75, Issue 3 Pages 239-250.<\/p>\n<p>Sheu, H-B., Lent, R.W., Brown, S.D., Miller, M.J., Hennessy, K.D., Duffy, R.D. (2010). <a href=\"http:\/\/www.sciencedirect.com\/science\/article\/pii\/S0001879109001420\" target=\"_blank\" rel=\"noopener\">Testing the choice model of social cognitive career theory across Holland themes: A meta-analytic path analysis<\/a> <em>Journal of Vocational Behavior<\/em>, Volume 76, Issue 2, Pages 252-264.<\/p>\n<p>Sneyers, E., &amp; De Witte, K. (2017). <a href=\"http:\/\/www.tandfonline.com\/doi\/full\/10.1080\/00131911.2017.1300874\" target=\"_blank\" rel=\"noopener\">Interventions in higher education and their effect on student success: a meta-analysis.<\/a> <em>Journal of Educational Review.<\/em><\/p>\n<p>Srivastava, S.B. (2013). <a href=\"http:\/\/papers.ssrn.com\/sol3\/papers.cfm?abstract_id=2294728\" target=\"_blank\" rel=\"noopener\"><em>Network Intervention: A Field Experiment to assess the Effects of Formal Mentoring on Workplace Networks.<\/em><\/a> University of California \u2013 Berkley, Haas School of Business.<\/p>\n<p>Stephen, A. (2010). <a href=\"http:\/\/lib.dr.iastate.edu\/cgi\/viewcontent.cgi?article=2377&amp;context=etd\" target=\"_blank\" rel=\"noopener\"><em>The effect of the Kuder Career Planning System used in a classroom setting on perceived career barriers, coping self-efficacy, career decidedness, and retention<\/em><\/a><em>.<\/em> Graduate Theses and Dissertations. Paper 11406<\/p>\n<p>Swartz, S., Khalema, E., Coopper, A., De Lannoy, A., Segal, H. (2012 <a href=\"http:\/\/www.lmip.org.za\/document\/navigational-capacities-youth-employment-review-research-policies-frameworks-and\" target=\"_blank\" rel=\"noopener\">). <em>Navigational Capacities for Youth Employment Labor Market Intelligence Partnership<\/em><\/a><em>. <\/em>Human Sciences Research Council South Africa.<\/p>\n<p>Tilleczek, K., Campbell, V. (2011). <a href=\"http:\/\/katetilleczek.ca\/files\/2013\/11\/WSRG-Youth-Pathways-Report-FINAL-Oct-12.pdf\" target=\"_blank\" rel=\"noopener\"><em>Youth Pathways to Literacy, Education, &amp; Employment in Prince Edward Island: Final Report.<\/em><\/a> University of Prince Edward Island.<\/p>\n<p>Vella-Brodrick, D.A.(2011). <a href=\"http:\/\/www.psychology.org.au\/publications\/inpsych\/2011\/april\/vella-brodrick\/\" target=\"_blank\" rel=\"noopener\"><em>Positive psychology: Reflecting on the past and projecting to the future<\/em><\/a><em>.<\/em> Australian Psychological Society.<\/p>\n<p>Verbruggen, M. (2008). <a href=\"http:\/\/www.sciencedirect.com\/science\/article\/pii\/S0001879108000614\" target=\"_blank\" rel=\"noopener\">Can career self-directedness be improved through counseling?<\/a> <em>Journal of Vocational Behavior<\/em> Volume 73, Issue 2 318-327.<\/p>\n<p>Walsh, W.B., Savickas, M.L., Hartung, P. (2013) <a href=\"https:\/\/books.google.ca\/books\/about\/Handbook_of_Vocational_Psychology.html?id=dLeJ_2T6Fy4C\" target=\"_blank\" rel=\"noopener\"> Hand<em>book of Vocational Psychology: Theory, Research, and Practice<\/em><\/a> Routledge.<\/p>\n<p>Watson, P. (2010). <a href=\"https:\/\/researchspace.auckland.ac.nz\/handle\/2292\/16871\" target=\"_blank\" rel=\"noopener\"><em>Youth Health Services Literature Review<\/em><\/a><em>. <\/em>Fleming &amp; Elvidge.[\/vc_column_text][\/vc_column][\/vc_row]<\/p>\n<\/div>","protected":false},"excerpt":{"rendered":"<p>[vc_row][vc_column][vc_column_text]Derni\u00e8re mise \u00e0 jour : mai 2017[\/vc_column_text][\/vc_column][\/vc_row][vc_row][vc_column width=\u00a0\u00bb1\/2&Prime;][vc_column_text][\/vc_column_text][\/vc_column][vc_column width=\u00a0\u00bb1\/2&Prime;][vc_column_text][\/vc_column_text][\/vc_column][\/vc_row][vc_row][vc_column][vc_column_text]Adel, I.A. (2009). The Value of Career Education: A Brief Research Summary. Kuder Inc. Barak, A., Hen, L.,<span class=\"excerpt-hellip\"> [\u2026]<\/span><\/p>\n","protected":false},"author":1,"featured_media":0,"parent":46133,"menu_order":0,"comment_status":"closed","ping_status":"closed","template":"","meta":{"h5ap_radio_sources":[],"footnotes":""},"class_list":["post-48366","page","type-page","status-publish","hentry"],"yoast_head":"<!-- This site is optimized with the Yoast SEO Premium plugin v27.4 (Yoast SEO v27.4) - https:\/\/yoast.com\/product\/yoast-seo-premium-wordpress\/ -->\n<title>M\u00e9ta-analyse des interventions en d\u00e9veloppement de carri\u00e8re (en anglais) - CERIC<\/title>\n<meta name=\"robots\" content=\"index, follow, max-snippet:-1, max-image-preview:large, max-video-preview:-1\" \/>\n<link rel=\"canonical\" href=\"https:\/\/ceric.ca\/fr\/recherches-documentaires\/meta-analyse-des-interventions-en-developpement-de-carriere-en-anglais\/\" \/>\n<meta property=\"og:locale\" content=\"fr_FR\" \/>\n<meta property=\"og:type\" content=\"article\" \/>\n<meta property=\"og:title\" content=\"M\u00e9ta-analyse des interventions en d\u00e9veloppement de carri\u00e8re (en anglais)\" \/>\n<meta property=\"og:description\" content=\"[vc_row][vc_column][vc_column_text]Derni\u00e8re mise \u00e0 jour : mai 2017[\/vc_column_text][\/vc_column][\/vc_row][vc_row][vc_column width=\u00a0\u00bb1\/2&Prime;][vc_column_text][\/vc_column_text][\/vc_column][vc_column width=\u00a0\u00bb1\/2&Prime;][vc_column_text][\/vc_column_text][\/vc_column][\/vc_row][vc_row][vc_column][vc_column_text]Adel, I.A. (2009). The Value of Career Education: A Brief Research Summary. Kuder Inc. Barak, A., Hen, L., [\u2026]\" \/>\n<meta property=\"og:url\" content=\"https:\/\/ceric.ca\/fr\/recherches-documentaires\/meta-analyse-des-interventions-en-developpement-de-carriere-en-anglais\/\" \/>\n<meta property=\"og:site_name\" content=\"CERIC\" \/>\n<meta property=\"article:modified_time\" content=\"2021-09-02T21:34:45+00:00\" \/>\n<meta name=\"twitter:card\" content=\"summary_large_image\" \/>\n<meta name=\"twitter:label1\" content=\"Dur\u00e9e de lecture estim\u00e9e\" \/>\n\t<meta name=\"twitter:data1\" content=\"4 minutes\" \/>\n<script type=\"application\/ld+json\" class=\"yoast-schema-graph\">{\"@context\":\"https:\\\/\\\/schema.org\",\"@graph\":[{\"@type\":\"WebPage\",\"@id\":\"https:\\\/\\\/ceric.ca\\\/fr\\\/recherches-documentaires\\\/meta-analyse-des-interventions-en-developpement-de-carriere-en-anglais\\\/\",\"url\":\"https:\\\/\\\/ceric.ca\\\/fr\\\/recherches-documentaires\\\/meta-analyse-des-interventions-en-developpement-de-carriere-en-anglais\\\/\",\"name\":\"M\u00e9ta-analyse des interventions en d\u00e9veloppement de carri\u00e8re (en anglais) - CERIC\",\"isPartOf\":{\"@id\":\"https:\\\/\\\/ceric.ca\\\/#website\"},\"datePublished\":\"2021-06-23T22:04:40+00:00\",\"dateModified\":\"2021-09-02T21:34:45+00:00\",\"breadcrumb\":{\"@id\":\"https:\\\/\\\/ceric.ca\\\/fr\\\/recherches-documentaires\\\/meta-analyse-des-interventions-en-developpement-de-carriere-en-anglais\\\/#breadcrumb\"},\"inLanguage\":\"fr-FR\",\"potentialAction\":[{\"@type\":\"ReadAction\",\"target\":[\"https:\\\/\\\/ceric.ca\\\/fr\\\/recherches-documentaires\\\/meta-analyse-des-interventions-en-developpement-de-carriere-en-anglais\\\/\"]}]},{\"@type\":\"BreadcrumbList\",\"@id\":\"https:\\\/\\\/ceric.ca\\\/fr\\\/recherches-documentaires\\\/meta-analyse-des-interventions-en-developpement-de-carriere-en-anglais\\\/#breadcrumb\",\"itemListElement\":[{\"@type\":\"ListItem\",\"position\":1,\"name\":\"Home\",\"item\":\"https:\\\/\\\/ceric.ca\\\/fr\\\/ceric-homepage-2025\\\/\"},{\"@type\":\"ListItem\",\"position\":2,\"name\":\"Recherches documentaires\",\"item\":\"https:\\\/\\\/ceric.ca\\\/fr\\\/recherches-documentaires\\\/\"},{\"@type\":\"ListItem\",\"position\":3,\"name\":\"M\u00e9ta-analyse des interventions en d\u00e9veloppement de carri\u00e8re (en anglais)\"}]},{\"@type\":\"WebSite\",\"@id\":\"https:\\\/\\\/ceric.ca\\\/#website\",\"url\":\"https:\\\/\\\/ceric.ca\\\/\",\"name\":\"CERIC\",\"description\":\"\",\"publisher\":{\"@id\":\"https:\\\/\\\/ceric.ca\\\/#organization\"},\"potentialAction\":[{\"@type\":\"SearchAction\",\"target\":{\"@type\":\"EntryPoint\",\"urlTemplate\":\"https:\\\/\\\/ceric.ca\\\/?s={search_term_string}\"},\"query-input\":{\"@type\":\"PropertyValueSpecification\",\"valueRequired\":true,\"valueName\":\"search_term_string\"}}],\"inLanguage\":\"fr-FR\"},{\"@type\":\"Organization\",\"@id\":\"https:\\\/\\\/ceric.ca\\\/#organization\",\"name\":\"CERIC\",\"url\":\"https:\\\/\\\/ceric.ca\\\/\",\"logo\":{\"@type\":\"ImageObject\",\"inLanguage\":\"fr-FR\",\"@id\":\"https:\\\/\\\/ceric.ca\\\/#\\\/schema\\\/logo\\\/image\\\/\",\"url\":\"\",\"contentUrl\":\"\",\"caption\":\"CERIC\"},\"image\":{\"@id\":\"https:\\\/\\\/ceric.ca\\\/#\\\/schema\\\/logo\\\/image\\\/\"}}]}<\/script>\n<!-- \/ Yoast SEO Premium plugin. -->","yoast_head_json":{"title":"M\u00e9ta-analyse des interventions en d\u00e9veloppement de carri\u00e8re (en anglais) - CERIC","robots":{"index":"index","follow":"follow","max-snippet":"max-snippet:-1","max-image-preview":"max-image-preview:large","max-video-preview":"max-video-preview:-1"},"canonical":"https:\/\/ceric.ca\/fr\/recherches-documentaires\/meta-analyse-des-interventions-en-developpement-de-carriere-en-anglais\/","og_locale":"fr_FR","og_type":"article","og_title":"M\u00e9ta-analyse des interventions en d\u00e9veloppement de carri\u00e8re (en anglais)","og_description":"[vc_row][vc_column][vc_column_text]Derni\u00e8re mise \u00e0 jour : mai 2017[\/vc_column_text][\/vc_column][\/vc_row][vc_row][vc_column width=\u00a0\u00bb1\/2&Prime;][vc_column_text][\/vc_column_text][\/vc_column][vc_column width=\u00a0\u00bb1\/2&Prime;][vc_column_text][\/vc_column_text][\/vc_column][\/vc_row][vc_row][vc_column][vc_column_text]Adel, I.A. (2009). The Value of Career Education: A Brief Research Summary. Kuder Inc. Barak, A., Hen, L., [\u2026]","og_url":"https:\/\/ceric.ca\/fr\/recherches-documentaires\/meta-analyse-des-interventions-en-developpement-de-carriere-en-anglais\/","og_site_name":"CERIC","article_modified_time":"2021-09-02T21:34:45+00:00","twitter_card":"summary_large_image","twitter_misc":{"Dur\u00e9e de lecture estim\u00e9e":"4 minutes"},"schema":{"@context":"https:\/\/schema.org","@graph":[{"@type":"WebPage","@id":"https:\/\/ceric.ca\/fr\/recherches-documentaires\/meta-analyse-des-interventions-en-developpement-de-carriere-en-anglais\/","url":"https:\/\/ceric.ca\/fr\/recherches-documentaires\/meta-analyse-des-interventions-en-developpement-de-carriere-en-anglais\/","name":"M\u00e9ta-analyse des interventions en d\u00e9veloppement de carri\u00e8re (en anglais) - CERIC","isPartOf":{"@id":"https:\/\/ceric.ca\/#website"},"datePublished":"2021-06-23T22:04:40+00:00","dateModified":"2021-09-02T21:34:45+00:00","breadcrumb":{"@id":"https:\/\/ceric.ca\/fr\/recherches-documentaires\/meta-analyse-des-interventions-en-developpement-de-carriere-en-anglais\/#breadcrumb"},"inLanguage":"fr-FR","potentialAction":[{"@type":"ReadAction","target":["https:\/\/ceric.ca\/fr\/recherches-documentaires\/meta-analyse-des-interventions-en-developpement-de-carriere-en-anglais\/"]}]},{"@type":"BreadcrumbList","@id":"https:\/\/ceric.ca\/fr\/recherches-documentaires\/meta-analyse-des-interventions-en-developpement-de-carriere-en-anglais\/#breadcrumb","itemListElement":[{"@type":"ListItem","position":1,"name":"Home","item":"https:\/\/ceric.ca\/fr\/ceric-homepage-2025\/"},{"@type":"ListItem","position":2,"name":"Recherches documentaires","item":"https:\/\/ceric.ca\/fr\/recherches-documentaires\/"},{"@type":"ListItem","position":3,"name":"M\u00e9ta-analyse des interventions en d\u00e9veloppement de carri\u00e8re (en anglais)"}]},{"@type":"WebSite","@id":"https:\/\/ceric.ca\/#website","url":"https:\/\/ceric.ca\/","name":"CERIC","description":"","publisher":{"@id":"https:\/\/ceric.ca\/#organization"},"potentialAction":[{"@type":"SearchAction","target":{"@type":"EntryPoint","urlTemplate":"https:\/\/ceric.ca\/?s={search_term_string}"},"query-input":{"@type":"PropertyValueSpecification","valueRequired":true,"valueName":"search_term_string"}}],"inLanguage":"fr-FR"},{"@type":"Organization","@id":"https:\/\/ceric.ca\/#organization","name":"CERIC","url":"https:\/\/ceric.ca\/","logo":{"@type":"ImageObject","inLanguage":"fr-FR","@id":"https:\/\/ceric.ca\/#\/schema\/logo\/image\/","url":"","contentUrl":"","caption":"CERIC"},"image":{"@id":"https:\/\/ceric.ca\/#\/schema\/logo\/image\/"}}]}},"_links":{"self":[{"href":"https:\/\/ceric.ca\/fr\/wp-json\/wp\/v2\/pages\/48366","targetHints":{"allow":["GET"]}}],"collection":[{"href":"https:\/\/ceric.ca\/fr\/wp-json\/wp\/v2\/pages"}],"about":[{"href":"https:\/\/ceric.ca\/fr\/wp-json\/wp\/v2\/types\/page"}],"author":[{"embeddable":true,"href":"https:\/\/ceric.ca\/fr\/wp-json\/wp\/v2\/users\/1"}],"replies":[{"embeddable":true,"href":"https:\/\/ceric.ca\/fr\/wp-json\/wp\/v2\/comments?post=48366"}],"version-history":[{"count":0,"href":"https:\/\/ceric.ca\/fr\/wp-json\/wp\/v2\/pages\/48366\/revisions"}],"up":[{"embeddable":true,"href":"https:\/\/ceric.ca\/fr\/wp-json\/wp\/v2\/pages\/46133"}],"wp:attachment":[{"href":"https:\/\/ceric.ca\/fr\/wp-json\/wp\/v2\/media?parent=48366"}],"curies":[{"name":"wp","href":"https:\/\/api.w.org\/{rel}","templated":true}]}}