{"id":49810,"date":"2021-08-25T10:28:04","date_gmt":"2021-08-25T14:28:04","guid":{"rendered":"https:\/\/ceric.ca\/?page_id=49810"},"modified":"2021-08-25T10:38:10","modified_gmt":"2021-08-25T14:38:10","slug":"farzaneh-babazadeh-bedoustani","status":"publish","type":"page","link":"https:\/\/ceric.ca\/fr\/personnel-du-ceric\/farzaneh-babazadeh-bedoustani\/","title":{"rendered":"Farzaneh Babazadeh Bedoustani"},"content":{"rendered":"<div class=\"wpb-content-wrapper\"><p>[vc_row][vc_column width=\u00a0\u00bb1\/3&Prime;][vc_single_image image=\u00a0\u00bb49811&Prime; style=\u00a0\u00bbvc_box_rounded\u00a0\u00bb][vc_row_inner][vc_column_inner width=\u00a0\u00bb1\/2&Prime;][vc_icon icon_fontawesome=\u00a0\u00bbfab fa-linkedin\u00a0\u00bb color=\u00a0\u00bbsandy_brown\u00a0\u00bb link=\u00a0\u00bburl:https%3A%2F%2Fwww.linkedin.com%2Fin%2Ff-b-bedoustani%2F|target:_blank\u00a0\u00bb][\/vc_column_inner][vc_column_inner width=\u00a0\u00bb1\/2&Prime;][vc_icon icon_fontawesome=\u00a0\u00bbfar fa-envelope\u00a0\u00bb color=\u00a0\u00bbsandy_brown\u00a0\u00bb link=\u00a0\u00bburl:mailto%3Afarzaneh%40ceric.ca|target:_blank\u00a0\u00bb][\/vc_column_inner][\/vc_row_inner][\/vc_column][vc_column width=\u00a0\u00bb2\/3&Prime;][vc_column_text]<\/p>\n<h4>Sp\u00e9cialiste, Programmes, Apprentissage et d\u00e9veloppement (bilingue)<\/h4>\n<p>[\/vc_column_text]\r\n\t<div class=\"wprt-spacer clearfix\" data-desktop=\"30\" data-mobi=\"15\" data-smobi=\"15\"><\/div>[vc_column_text]Farzaneh Babazadeh Bedoustani est sp\u00e9cialiste, Programmes, Apprentissage et d\u00e9veloppement (bilingue) au CERIC. Elle est responsable de la planification et de la prestation des webinaires, ainsi que de soutenir les strat\u00e9gies de relations communautaires avec les intervenants francophones. Farzaneh poss\u00e8de plus de 10 ans d\u2019exp\u00e9rience en enseignement de l\u2019anglais dans des instituts de langues en Iran et au Canada, ainsi que trois ans d\u2019exp\u00e9rience dans le d\u00e9veloppement du leadership aupr\u00e8s des \u00e9tudiants de l\u2019Universit\u00e9 McGill et du Coll\u00e8ge de Montr\u00e9al. Elle est titulaire d\u2019une ma\u00eetrise en leadership \u00e9ducationnel de l\u2019Universit\u00e9 McGill et d\u2019une ma\u00eetrise en enseignement de l\u2019anglais comme langue \u00e9trang\u00e8re de l\u2019Universit\u00e9 de Tabriz, en Iran.<\/p>\n<p>Communiquez avec Farzaneh \u00e0 ces sujets :<\/p>\n<ul>\n<li>La pr\u00e9sentation de webinaires<\/li>\n<li>Les formations dont vous avez besoin ou celles que vous offrez<\/li>\n<li>Les demandes en fran\u00e7ais concernant les programmes du CERIC<\/li>\n<\/ul>\n<p>[\/vc_column_text][\/vc_column][\/vc_row]<\/p>\n<\/div>","protected":false},"excerpt":{"rendered":"<p>[vc_row][vc_column width=\u00a0\u00bb1\/3&Prime;][vc_single_image image=\u00a0\u00bb49811&Prime; style=\u00a0\u00bbvc_box_rounded\u00a0\u00bb][vc_row_inner][vc_column_inner width=\u00a0\u00bb1\/2&Prime;][vc_icon icon_fontawesome=\u00a0\u00bbfab fa-linkedin\u00a0\u00bb color=\u00a0\u00bbsandy_brown\u00a0\u00bb link=\u00a0\u00bburl:https%3A%2F%2Fwww.linkedin.com%2Fin%2Ff-b-bedoustani%2F|target:_blank\u00a0\u00bb][\/vc_column_inner][vc_column_inner width=\u00a0\u00bb1\/2&Prime;][vc_icon icon_fontawesome=\u00a0\u00bbfar fa-envelope\u00a0\u00bb color=\u00a0\u00bbsandy_brown\u00a0\u00bb link=\u00a0\u00bburl:mailto%3Afarzaneh%40ceric.ca|target:_blank\u00a0\u00bb][\/vc_column_inner][\/vc_row_inner][\/vc_column][vc_column width=\u00a0\u00bb2\/3&Prime;][vc_column_text] Sp\u00e9cialiste, Programmes, Apprentissage et d\u00e9veloppement (bilingue) [\/vc_column_text][vc_column_text]Farzaneh Babazadeh Bedoustani est sp\u00e9cialiste,<span class=\"excerpt-hellip\"> [\u2026]<\/span><\/p>\n","protected":false},"author":1,"featured_media":0,"parent":10610,"menu_order":0,"comment_status":"closed","ping_status":"closed","template":"","meta":{"h5ap_radio_sources":[],"footnotes":""},"class_list":["post-49810","page","type-page","status-publish","hentry"],"yoast_head":"<!-- This site is optimized with the Yoast SEO Premium plugin v27.4 (Yoast SEO v27.4) - https:\/\/yoast.com\/product\/yoast-seo-premium-wordpress\/ -->\n<title>Farzaneh Babazadeh Bedoustani - CERIC<\/title>\n<meta name=\"robots\" content=\"index, follow, max-snippet:-1, max-image-preview:large, max-video-preview:-1\" \/>\n<link rel=\"canonical\" href=\"https:\/\/ceric.ca\/fr\/personnel-du-ceric\/farzaneh-babazadeh-bedoustani\/\" \/>\n<meta property=\"og:locale\" content=\"fr_FR\" \/>\n<meta property=\"og:type\" content=\"article\" \/>\n<meta property=\"og:title\" content=\"Farzaneh Babazadeh Bedoustani\" \/>\n<meta property=\"og:description\" content=\"[vc_row][vc_column width=\u00a0\u00bb1\/3&Prime;][vc_single_image image=\u00a0\u00bb49811&Prime; style=\u00a0\u00bbvc_box_rounded\u00a0\u00bb][vc_row_inner][vc_column_inner width=\u00a0\u00bb1\/2&Prime;][vc_icon icon_fontawesome=\u00a0\u00bbfab fa-linkedin\u00a0\u00bb color=\u00a0\u00bbsandy_brown\u00a0\u00bb link=\u00a0\u00bburl:https%3A%2F%2Fwww.linkedin.com%2Fin%2Ff-b-bedoustani%2F|target:_blank\u00a0\u00bb][\/vc_column_inner][vc_column_inner width=\u00a0\u00bb1\/2&Prime;][vc_icon icon_fontawesome=\u00a0\u00bbfar fa-envelope\u00a0\u00bb color=\u00a0\u00bbsandy_brown\u00a0\u00bb link=\u00a0\u00bburl:mailto%3Afarzaneh%40ceric.ca|target:_blank\u00a0\u00bb][\/vc_column_inner][\/vc_row_inner][\/vc_column][vc_column width=\u00a0\u00bb2\/3&Prime;][vc_column_text] Sp\u00e9cialiste, Programmes, Apprentissage et d\u00e9veloppement (bilingue) [\/vc_column_text][vc_column_text]Farzaneh Babazadeh Bedoustani est sp\u00e9cialiste, [\u2026]\" \/>\n<meta property=\"og:url\" content=\"https:\/\/ceric.ca\/fr\/personnel-du-ceric\/farzaneh-babazadeh-bedoustani\/\" \/>\n<meta property=\"og:site_name\" content=\"CERIC\" \/>\n<meta property=\"article:modified_time\" content=\"2021-08-25T14:38:10+00:00\" \/>\n<meta name=\"twitter:card\" content=\"summary_large_image\" \/>\n<meta name=\"twitter:label1\" content=\"Dur\u00e9e de lecture estim\u00e9e\" \/>\n\t<meta name=\"twitter:data1\" content=\"1 minute\" \/>\n<script type=\"application\/ld+json\" class=\"yoast-schema-graph\">{\"@context\":\"https:\\\/\\\/schema.org\",\"@graph\":[{\"@type\":\"WebPage\",\"@id\":\"https:\\\/\\\/ceric.ca\\\/fr\\\/personnel-du-ceric\\\/farzaneh-babazadeh-bedoustani\\\/\",\"url\":\"https:\\\/\\\/ceric.ca\\\/fr\\\/personnel-du-ceric\\\/farzaneh-babazadeh-bedoustani\\\/\",\"name\":\"Farzaneh Babazadeh Bedoustani - CERIC\",\"isPartOf\":{\"@id\":\"https:\\\/\\\/ceric.ca\\\/#website\"},\"datePublished\":\"2021-08-25T14:28:04+00:00\",\"dateModified\":\"2021-08-25T14:38:10+00:00\",\"breadcrumb\":{\"@id\":\"https:\\\/\\\/ceric.ca\\\/fr\\\/personnel-du-ceric\\\/farzaneh-babazadeh-bedoustani\\\/#breadcrumb\"},\"inLanguage\":\"fr-FR\",\"potentialAction\":[{\"@type\":\"ReadAction\",\"target\":[\"https:\\\/\\\/ceric.ca\\\/fr\\\/personnel-du-ceric\\\/farzaneh-babazadeh-bedoustani\\\/\"]}]},{\"@type\":\"BreadcrumbList\",\"@id\":\"https:\\\/\\\/ceric.ca\\\/fr\\\/personnel-du-ceric\\\/farzaneh-babazadeh-bedoustani\\\/#breadcrumb\",\"itemListElement\":[{\"@type\":\"ListItem\",\"position\":1,\"name\":\"Home\",\"item\":\"https:\\\/\\\/ceric.ca\\\/fr\\\/ceric-homepage-2025\\\/\"},{\"@type\":\"ListItem\",\"position\":2,\"name\":\"Personnel\",\"item\":\"https:\\\/\\\/ceric.ca\\\/fr\\\/personnel-du-ceric\\\/\"},{\"@type\":\"ListItem\",\"position\":3,\"name\":\"Farzaneh Babazadeh Bedoustani\"}]},{\"@type\":\"WebSite\",\"@id\":\"https:\\\/\\\/ceric.ca\\\/#website\",\"url\":\"https:\\\/\\\/ceric.ca\\\/\",\"name\":\"CERIC\",\"description\":\"\",\"publisher\":{\"@id\":\"https:\\\/\\\/ceric.ca\\\/#organization\"},\"potentialAction\":[{\"@type\":\"SearchAction\",\"target\":{\"@type\":\"EntryPoint\",\"urlTemplate\":\"https:\\\/\\\/ceric.ca\\\/?s={search_term_string}\"},\"query-input\":{\"@type\":\"PropertyValueSpecification\",\"valueRequired\":true,\"valueName\":\"search_term_string\"}}],\"inLanguage\":\"fr-FR\"},{\"@type\":\"Organization\",\"@id\":\"https:\\\/\\\/ceric.ca\\\/#organization\",\"name\":\"CERIC\",\"url\":\"https:\\\/\\\/ceric.ca\\\/\",\"logo\":{\"@type\":\"ImageObject\",\"inLanguage\":\"fr-FR\",\"@id\":\"https:\\\/\\\/ceric.ca\\\/#\\\/schema\\\/logo\\\/image\\\/\",\"url\":\"\",\"contentUrl\":\"\",\"caption\":\"CERIC\"},\"image\":{\"@id\":\"https:\\\/\\\/ceric.ca\\\/#\\\/schema\\\/logo\\\/image\\\/\"}}]}<\/script>\n<!-- \/ Yoast SEO Premium plugin. -->","yoast_head_json":{"title":"Farzaneh Babazadeh Bedoustani - CERIC","robots":{"index":"index","follow":"follow","max-snippet":"max-snippet:-1","max-image-preview":"max-image-preview:large","max-video-preview":"max-video-preview:-1"},"canonical":"https:\/\/ceric.ca\/fr\/personnel-du-ceric\/farzaneh-babazadeh-bedoustani\/","og_locale":"fr_FR","og_type":"article","og_title":"Farzaneh Babazadeh Bedoustani","og_description":"[vc_row][vc_column width=\u00a0\u00bb1\/3&Prime;][vc_single_image image=\u00a0\u00bb49811&Prime; style=\u00a0\u00bbvc_box_rounded\u00a0\u00bb][vc_row_inner][vc_column_inner width=\u00a0\u00bb1\/2&Prime;][vc_icon icon_fontawesome=\u00a0\u00bbfab fa-linkedin\u00a0\u00bb color=\u00a0\u00bbsandy_brown\u00a0\u00bb link=\u00a0\u00bburl:https%3A%2F%2Fwww.linkedin.com%2Fin%2Ff-b-bedoustani%2F|target:_blank\u00a0\u00bb][\/vc_column_inner][vc_column_inner width=\u00a0\u00bb1\/2&Prime;][vc_icon icon_fontawesome=\u00a0\u00bbfar fa-envelope\u00a0\u00bb color=\u00a0\u00bbsandy_brown\u00a0\u00bb link=\u00a0\u00bburl:mailto%3Afarzaneh%40ceric.ca|target:_blank\u00a0\u00bb][\/vc_column_inner][\/vc_row_inner][\/vc_column][vc_column width=\u00a0\u00bb2\/3&Prime;][vc_column_text] Sp\u00e9cialiste, Programmes, Apprentissage et d\u00e9veloppement (bilingue) [\/vc_column_text][vc_column_text]Farzaneh Babazadeh Bedoustani est sp\u00e9cialiste, [\u2026]","og_url":"https:\/\/ceric.ca\/fr\/personnel-du-ceric\/farzaneh-babazadeh-bedoustani\/","og_site_name":"CERIC","article_modified_time":"2021-08-25T14:38:10+00:00","twitter_card":"summary_large_image","twitter_misc":{"Dur\u00e9e de lecture estim\u00e9e":"1 minute"},"schema":{"@context":"https:\/\/schema.org","@graph":[{"@type":"WebPage","@id":"https:\/\/ceric.ca\/fr\/personnel-du-ceric\/farzaneh-babazadeh-bedoustani\/","url":"https:\/\/ceric.ca\/fr\/personnel-du-ceric\/farzaneh-babazadeh-bedoustani\/","name":"Farzaneh Babazadeh Bedoustani - CERIC","isPartOf":{"@id":"https:\/\/ceric.ca\/#website"},"datePublished":"2021-08-25T14:28:04+00:00","dateModified":"2021-08-25T14:38:10+00:00","breadcrumb":{"@id":"https:\/\/ceric.ca\/fr\/personnel-du-ceric\/farzaneh-babazadeh-bedoustani\/#breadcrumb"},"inLanguage":"fr-FR","potentialAction":[{"@type":"ReadAction","target":["https:\/\/ceric.ca\/fr\/personnel-du-ceric\/farzaneh-babazadeh-bedoustani\/"]}]},{"@type":"BreadcrumbList","@id":"https:\/\/ceric.ca\/fr\/personnel-du-ceric\/farzaneh-babazadeh-bedoustani\/#breadcrumb","itemListElement":[{"@type":"ListItem","position":1,"name":"Home","item":"https:\/\/ceric.ca\/fr\/ceric-homepage-2025\/"},{"@type":"ListItem","position":2,"name":"Personnel","item":"https:\/\/ceric.ca\/fr\/personnel-du-ceric\/"},{"@type":"ListItem","position":3,"name":"Farzaneh Babazadeh Bedoustani"}]},{"@type":"WebSite","@id":"https:\/\/ceric.ca\/#website","url":"https:\/\/ceric.ca\/","name":"CERIC","description":"","publisher":{"@id":"https:\/\/ceric.ca\/#organization"},"potentialAction":[{"@type":"SearchAction","target":{"@type":"EntryPoint","urlTemplate":"https:\/\/ceric.ca\/?s={search_term_string}"},"query-input":{"@type":"PropertyValueSpecification","valueRequired":true,"valueName":"search_term_string"}}],"inLanguage":"fr-FR"},{"@type":"Organization","@id":"https:\/\/ceric.ca\/#organization","name":"CERIC","url":"https:\/\/ceric.ca\/","logo":{"@type":"ImageObject","inLanguage":"fr-FR","@id":"https:\/\/ceric.ca\/#\/schema\/logo\/image\/","url":"","contentUrl":"","caption":"CERIC"},"image":{"@id":"https:\/\/ceric.ca\/#\/schema\/logo\/image\/"}}]}},"_links":{"self":[{"href":"https:\/\/ceric.ca\/fr\/wp-json\/wp\/v2\/pages\/49810","targetHints":{"allow":["GET"]}}],"collection":[{"href":"https:\/\/ceric.ca\/fr\/wp-json\/wp\/v2\/pages"}],"about":[{"href":"https:\/\/ceric.ca\/fr\/wp-json\/wp\/v2\/types\/page"}],"author":[{"embeddable":true,"href":"https:\/\/ceric.ca\/fr\/wp-json\/wp\/v2\/users\/1"}],"replies":[{"embeddable":true,"href":"https:\/\/ceric.ca\/fr\/wp-json\/wp\/v2\/comments?post=49810"}],"version-history":[{"count":0,"href":"https:\/\/ceric.ca\/fr\/wp-json\/wp\/v2\/pages\/49810\/revisions"}],"up":[{"embeddable":true,"href":"https:\/\/ceric.ca\/fr\/wp-json\/wp\/v2\/pages\/10610"}],"wp:attachment":[{"href":"https:\/\/ceric.ca\/fr\/wp-json\/wp\/v2\/media?parent=49810"}],"curies":[{"name":"wp","href":"https:\/\/api.w.org\/{rel}","templated":true}]}}