{"id":50353,"date":"2022-02-28T10:41:54","date_gmt":"2022-02-28T15:41:54","guid":{"rendered":"https:\/\/ceric.ca\/?page_id=50353"},"modified":"2022-11-24T17:02:15","modified_gmt":"2022-11-24T22:02:15","slug":"la-valeur-du-developpement-de-carriere-dans-un-cadre-dapprentissage-par-lexperience","status":"publish","type":"page","link":"https:\/\/ceric.ca\/fr\/projets\/la-valeur-du-developpement-de-carriere-dans-un-cadre-dapprentissage-par-lexperience\/","title":{"rendered":"La valeur du d\u00e9veloppement de carri\u00e8re dans un cadre d\u2019apprentissage par l\u2019exp\u00e9rience"},"content":{"rendered":"<div class=\"wpb-content-wrapper\"><p>[vc_row][vc_column width=\u00a0\u00bb1\/2&Prime;][vc_single_image image=\u00a0\u00bb46300&Prime;][\/vc_column][vc_column width=\u00a0\u00bb1\/2&Prime;]<div class=\"wprt-list clearfix icon-left icon-middle\">\r\n\t\t<div style=\"padding:;margin-bottom:10px;background-color:#f8f8f8;\">\r\n\t\t\t<span style=\"padding-left:30px;\"><span class=\"icon \">\r\n\t\t\t<i class=\"typcn typcn-group\" style=\"color:#898989;font-size:20px;\"><\/i>\r\n\t\t<\/span> <span style=\"font-weight:700;\">Partenaires du projet : OneLifeTools, cofond\u00e9 par Rich Feller et Mark Franklin <\/span><\/span>\r\n\t\t<\/div>\r\n\t<\/div><div class=\"wprt-list clearfix icon-left icon-middle\">\r\n\t\t<div style=\"padding:;margin-bottom:10px;background-color:#f8f8f8;\">\r\n\t\t\t<span style=\"padding-left:30px;\"><span class=\"icon \">\r\n\t\t\t<i class=\"typcn typcn-flag\" style=\"color:#898989;font-size:20px;\"><\/i>\r\n\t\t<\/span> <span style=\"font-weight:700;\">Langue : anglais<\/span><\/span>\r\n\t\t<\/div>\r\n\t<\/div>[vc_message message_box_color=\u00a0\u00bbalert-success\u00a0\u00bb icon_type=\u00a0\u00bbentypo\u00a0\u00bb icon_entypo=\u00a0\u00bbentypo-icon entypo-icon-progress-3&Prime;]<strong>TERMIN\u00c9<\/strong>[\/vc_message][\/vc_column][\/vc_row][vc_row][vc_column]\r\n\t<div class=\"wprt-spacer clearfix\" data-desktop=\"40\" data-mobi=\"30\" data-smobi=\"30\"><\/div>[vc_column_text]Les programmes d\u2019apprentissage par l\u2019exp\u00e9rience servent souvent \u00e0 soutenir les objectifs de d\u00e9veloppement de carri\u00e8re. Toutefois, la nature de ces objectifs n\u2019est pas toujours claire, pas plus que la fa\u00e7on de les atteindre, ou la mesure dans laquelle ils sont atteints, si jamais cela survient. Par cons\u00e9quent, les caract\u00e9ristiques associ\u00e9es \u00e0 l\u2019apprentissage par l\u2019exp\u00e9rience sont souvent tr\u00e8s variables d\u2019un programme \u00e0 l\u2019autre. Cette incoh\u00e9rence est accentu\u00e9e par le large \u00e9ventail de pratiques r\u00e9flexives int\u00e9gr\u00e9es aux programmes d\u2019apprentissage par l\u2019exp\u00e9rience, dans le cadre desquels les techniques visant \u00e0 faciliter le d\u00e9veloppement de carri\u00e8re et leur efficacit\u00e9 ne sont pas toujours clairement d\u00e9montr\u00e9es. Par ailleurs, la mesure dans laquelle les pratiques r\u00e9flexives sont inclusives sur le plan culturel\u00a0\u2013 compte tenu de la langue, des diff\u00e9rentes capacit\u00e9s et des m\u00e9thodes de communication adapt\u00e9es \u00e0 la culture\u00a0\u2013 varie elle aussi.<\/p>\n<p>Ce projet permettra de mettre au point un guide de ressource num\u00e9rique facilement accessible\u00a0\u2013 une sorte de guide d\u2019<em>orientation<\/em>\u00a0\u2013 visant \u00e0 optimiser l\u2019interaction entre l\u2019apprentissage par l\u2019exp\u00e9rience, la pratique r\u00e9flexive et le d\u00e9veloppement de carri\u00e8re. Gr\u00e2ce aux \u00e9l\u00e9ments de r\u00e9ussite identifi\u00e9s \u00e0 partir de diverses pratiques prometteuses tir\u00e9es de la revue documentaire, d\u2019\u00e9tudes de terrain et d\u2019influenceurs, on pourra \u00e9tablir une concordance avec les programmes canadiens et internationaux pertinents, ce qui sera utile aux d\u00e9veloppeurs de programmes, aux \u00e9ducateurs et aux sp\u00e9cialistes en orientation professionnelle pour explorer diff\u00e9rents contextes et mieux s\u2019y adapter.[\/vc_column_text]\r\n\t<div class=\"wprt-spacer clearfix\" data-desktop=\"40\" data-mobi=\"30\" data-smobi=\"30\"><\/div>[\/vc_column][\/vc_row][vc_row][vc_column width=\u00a0\u00bb1\/2&Prime;][vc_column_text]<a href=\"http:\/\/www.onelifetools.com\">OneLifeTools<\/a> \u00e9labore des ressources, des outils et des formations fond\u00e9s sur des donn\u00e9es probantes et favorisant une pratique r\u00e9flexive dans l\u2019exploration et le d\u00e9veloppement de carri\u00e8re structur\u00e9s et autodirig\u00e9s. Le comit\u00e9 directeur du projet est form\u00e9 de chefs de file de la pratique r\u00e9flexive, de la m\u00e9thodologie d\u2019apprentissage par l\u2019exp\u00e9rience et du leadership en mati\u00e8re de d\u00e9veloppement de carri\u00e8re.<\/p>\n<p>Un mod\u00e8le de concordance dynamique est propos\u00e9 pour \u00e9laborer ce nouvel outil d\u2019orientation sous forme de guide num\u00e9rique. De plus, un sondage pilote de r\u00e9troaction sur les ressources permettra de relever les lacunes en cours d\u2019\u00e9laboration, et un plan de diffusion contribuera \u00e0 acc\u00e9l\u00e9rer l\u2019utilisation du guide.[\/vc_column_text]\r\n\t<div class=\"wprt-spacer clearfix\" data-desktop=\"40\" data-mobi=\"30\" data-smobi=\"30\"><\/div>[\/vc_column][vc_column width=\u00a0\u00bb1\/2&Prime;][vc_single_image image=\u00a0\u00bb53364&Prime; img_size=\u00a0\u00bblarge\u00a0\u00bb alignment=\u00a0\u00bbcenter\u00a0\u00bb onclick=\u00a0\u00bbcustom_link\u00a0\u00bb link=\u00a0\u00bbhttps:\/\/ceric.ca\/wayfinder\/\u00a0\u00bb]\r\n\t<div class=\"wprt-spacer clearfix\" data-desktop=\"15\" data-mobi=\"0\" data-smobi=\"0\"><\/div>[vc_btn title=\u00a0\u00bb<b>L&rsquo;outil Wayfinder<\/b>\u00a0\u00bb color=\u00a0\u00bbprimary\u00a0\u00bb size=\u00a0\u00bblg\u00a0\u00bb align=\u00a0\u00bbcenter\u00a0\u00bb button_block=\u00a0\u00bbtrue\u00a0\u00bb link=\u00a0\u00bburl:https%3A%2F%2Fceric.ca%2Fwayfinder%2F\u00a0\u00bb][\/vc_column][\/vc_row][vc_row][vc_column width=\u00a0\u00bb1\/5&Prime;][vc_single_image image=\u00a0\u00bb53502&Prime; img_size=\u00a0\u00bbmedium\u00a0\u00bb][\/vc_column][vc_column width=\u00a0\u00bb4\/5&Prime;][vc_column_text]<\/p>\n<h4><strong>Outil de v\u00e9rification &amp; guide du cr\u00e9ateur : Compagnon du site de recherche Wayfinder (en anglais)<\/strong><\/h4>\n<p>[\/vc_column_text][vc_column_text]<div class='w3eden wpdm_package_shortcode'><div class=\"media well link-template-widget\">\n    <div class=\"media-body\">\n        <a href=\"https:\/\/ceric.ca\/wpdm-package\/makers-audit-guide-companion-to-wayfinder-search-site\/?wpdmdl=53473&refresh=69d51e933b34e1775574675\" style=\"display: block;clear: bottom;font-size: 11pt;font-weight: bold;\">Maker's Audit & Guide: Companion to Wayfinder Search Site<\/a>\n        <div style=\"font-size: 9pt;\">\n            <i class=\"fas fa-hdd color-green\"><\/i> 973.29 KB <i class=\"fa fa-copy ml-3\"><\/i>\n            1 file(s)\n        <\/div>\n    <\/div>\n<\/div>\n\n<\/div>[\/vc_column_text][\/vc_column][\/vc_row][vc_row][vc_column width=\u00a0\u00bb1\/5&Prime;][vc_single_image image=\u00a0\u00bb53504&Prime; img_size=\u00a0\u00bbmedium\u00a0\u00bb][\/vc_column][vc_column width=\u00a0\u00bb4\/5&Prime;][vc_column_text]<\/p>\n<h4><strong>Recherche documentaire &amp; r\u00e9sum\u00e9 : Approche, conclusions et r\u00e9sultats (en anglais)<\/strong><\/h4>\n<p>[\/vc_column_text][vc_column_text]<div class='w3eden wpdm_package_shortcode'><div class=\"media well link-template-widget\">\n    <div class=\"media-body\">\n        <a href=\"https:\/\/ceric.ca\/wpdm-package\/literature-search-abstract-approach-findings-and-results-2\/?wpdmdl=53809&refresh=69d51e936f30b1775574675\" style=\"display: block;clear: bottom;font-size: 11pt;font-weight: bold;\">Literature Search & Abstract:  Approach, Findings and Results<\/a>\n        <div style=\"font-size: 9pt;\">\n            <i class=\"fas fa-hdd color-green\"><\/i> 973.29 KB <i class=\"fa fa-copy ml-3\"><\/i>\n            1 file(s)\n        <\/div>\n    <\/div>\n<\/div>\n\n<\/div>[\/vc_column_text][\/vc_column][\/vc_row][vc_row][vc_column width=\u00a0\u00bb1\/5&Prime;][vc_single_image image=\u00a0\u00bb58201&Prime; img_size=\u00a0\u00bbmedium\u00a0\u00bb][\/vc_column][vc_column width=\u00a0\u00bb4\/5&Prime;][vc_column_text]<div class='w3eden wpdm_package_shortcode'><div class=\"media well link-template-widget\">\n    <div class=\"media-body\">\n        <a href=\"https:\/\/ceric.ca\/wpdm-package\/final-project-report-learn-about-the-experience-of-the-project-partner-in-delivering-this-project-with-key-findings-and-insights\/?wpdmdl=58198&refresh=69d51e939e8e21775574675\" style=\"display: block;clear: bottom;font-size: 11pt;font-weight: bold;\">Final Project Report: Learn about the experience of the project partner in delivering this project with key findings and insights.<\/a>\n        <div style=\"font-size: 9pt;\">\n            <i class=\"fas fa-hdd color-green\"><\/i> 300.74 KB <i class=\"fa fa-copy ml-3\"><\/i>\n            1 file(s)\n        <\/div>\n    <\/div>\n<\/div>\n\n<\/div>[\/vc_column_text][\/vc_column][\/vc_row][vc_row][vc_column]\r\n\t<div class=\"wprt-spacer clearfix\" data-desktop=\"40\" data-mobi=\"30\" data-smobi=\"30\"><\/div>[vc_video link=\u00a0\u00bbhttps:\/\/youtu.be\/Xme68xa_ZmA\u00a0\u00bb el_width=\u00a0\u00bb80&Prime; align=\u00a0\u00bbcenter\u00a0\u00bb]\r\n\t<div class=\"wprt-spacer clearfix\" data-desktop=\"40\" data-mobi=\"30\" data-smobi=\"30\"><\/div>[vc_column_text]Cinq produits livrables doivent \u00eatre fournis aux dates pr\u00e9vues dans le cadre du projet\u00a0:<\/p>\n<ul>\n<li>Un rapport de recherche contextuel avec revue documentaire de l\u2019environnement de l\u2019apprentissage par l\u2019exp\u00e9rience (juillet\u00a02021).<\/li>\n<li>L\u2019\u00e9largissement de la liste des r\u00e9sultats de la recherche documentaire reliant l\u2019apprentissage par l\u2019exp\u00e9rience et le d\u00e9veloppement de carri\u00e8re, initialement produite par le CERIC (juillet\u00a02021).<\/li>\n<li>Une ressource d\u2019orientation, qui devra \u00eatre facilement accessible (en ligne ou t\u00e9l\u00e9chargeable) et inclusive sur le plan culturel, et qui devra soutenir la cr\u00e9ation et le renforcement de la pratique r\u00e9flexive dans le cadre d\u2019un programme d\u2019apprentissage par l\u2019exp\u00e9rience pour quiconque offre ou songe \u00e0 offrir un tel programme (octobre\u00a02021).<\/li>\n<li>La diffusion des connaissances par webinaires, conf\u00e9rences et pr\u00e9sentations (\u00e0 partir de janvier\u00a02022).<\/li>\n<li>Un rapport d\u2019\u00e9valuation sur l\u2019utilisation, l\u2019utilit\u00e9 et l\u2019impact de la ressource (janvier\u00a02022).<\/li>\n<\/ul>\n<p>L\u2019\u00e9quipe du projet comprend\u00a0: Mark\u00a0Franklin (chercheur principal), cofondateur de OneLifeTools, professeur adjoint \u00e0 l\u2019Universit\u00e9 de Toronto et chef des services professionnels <a href=\"https:\/\/careercycles.com\/\">CareerCycles<\/a>, Rich\u00a0Feller, cofondateur de OneLifeTools, professeur \u00e9m\u00e9rite de la School of Education de l\u2019Universit\u00e9 du Colorado et leader d\u2019opinion en mati\u00e8re de d\u00e9veloppement de carri\u00e8re, Cathy\u00a0Campbell, conseill\u00e8re sp\u00e9cialis\u00e9e dans le d\u00e9veloppement de carri\u00e8re, l\u2019\u00e9ducation par l\u2019exp\u00e9rience et l\u2019\u00e9laboration de programmes, Michael\u00a0Stebleton, professeur adjoint et coordonnateur des <a href=\"https:\/\/www.cehd.umn.edu\/olpd\/graduate-programs\/higher-education\/\">programmes d\u2019\u00e9tudes sup\u00e9rieures \u00e0 l\u2019Universit\u00e9 du Minnesota<\/a>, dont les recherches sont ax\u00e9es sur les liens entre l\u2019exp\u00e9rience des \u00e9tudiants et le d\u00e9veloppement de carri\u00e8re, Lisa\u00a0Bauman, gestionnaire de programme et professeure \u00e0 temps partiel \u00e0 la <a href=\"https:\/\/www.conestogac.on.ca\/interdisciplinary-studies\/\">School of Interdisciplinary Studies du Conestoga College Institute of Technology and Advanced Learning<\/a>, Suneet\u00a0Sandhu, conseiller en recherche ayant de l\u2019exp\u00e9rience dans le d\u00e9veloppement et le soutien des capacit\u00e9s de leadership et des initiatives d\u2019avancement professionnel pour les communaut\u00e9s autochtones, Lisa\u00a0Higashi, directrice associ\u00e9e de l\u2019orientation professionnelle et du recrutement des \u00e9tudiants de premier cycle \u00e0 la <a href=\"https:\/\/beedie.sfu.ca\/\">Beedie School of Business de l\u2019Universit\u00e9 Simon\u00a0Fraser<\/a>, Nicole\u00a0Cholette, coordonnatrice de la mobilisation francophone ayant de l\u2019exp\u00e9rience en d\u00e9veloppement de carri\u00e8re, et Phil\u00a0Gardner, Ph.\u00a0D., qui dirige le <a href=\"https:\/\/ceri.msu.edu\/\">Collegiate Employment Research Institute de l\u2019Universit\u00e9 du Michigan<\/a>.<\/p>\n<p>Pour de plus amples renseignements sur ce projet, communiquez avec Mark\u00a0Franklin \u00e0 l\u2019adresse <a href=\"mailto:mark@onelifetools.com\">mark@onelifetools.com<\/a>.[\/vc_column_text][\/vc_column][\/vc_row]<\/p>\n<\/div>","protected":false},"excerpt":{"rendered":"<p>[vc_row][vc_column width=\u00a0\u00bb1\/2&Prime;][vc_single_image image=\u00a0\u00bb46300&Prime;][\/vc_column][vc_column width=\u00a0\u00bb1\/2&Prime;][vc_message message_box_color=\u00a0\u00bbalert-success\u00a0\u00bb icon_type=\u00a0\u00bbentypo\u00a0\u00bb icon_entypo=\u00a0\u00bbentypo-icon entypo-icon-progress-3&Prime;]TERMIN\u00c9[\/vc_message][\/vc_column][\/vc_row][vc_row][vc_column][vc_column_text]Les programmes d\u2019apprentissage par l\u2019exp\u00e9rience servent souvent \u00e0 soutenir les objectifs de d\u00e9veloppement de carri\u00e8re. Toutefois, la nature de<span class=\"excerpt-hellip\"> [\u2026]<\/span><\/p>\n","protected":false},"author":1,"featured_media":0,"parent":9559,"menu_order":0,"comment_status":"closed","ping_status":"closed","template":"","meta":{"h5ap_radio_sources":[],"footnotes":""},"class_list":["post-50353","page","type-page","status-publish","hentry"],"yoast_head":"<!-- This site is optimized with the Yoast SEO Premium plugin v27.3 (Yoast SEO v27.3) - https:\/\/yoast.com\/product\/yoast-seo-premium-wordpress\/ -->\n<title>La valeur du d\u00e9veloppement de carri\u00e8re dans un cadre d\u2019apprentissage par l\u2019exp\u00e9rience - CERIC<\/title>\n<meta name=\"robots\" content=\"index, follow, max-snippet:-1, max-image-preview:large, max-video-preview:-1\" \/>\n<link rel=\"canonical\" href=\"https:\/\/ceric.ca\/fr\/projets\/la-valeur-du-developpement-de-carriere-dans-un-cadre-dapprentissage-par-lexperience\/\" \/>\n<meta property=\"og:locale\" content=\"fr_FR\" \/>\n<meta property=\"og:type\" content=\"article\" \/>\n<meta property=\"og:title\" content=\"La valeur du d\u00e9veloppement de carri\u00e8re dans un cadre d\u2019apprentissage par l\u2019exp\u00e9rience\" \/>\n<meta property=\"og:description\" content=\"[vc_row][vc_column width=\u00a0\u00bb1\/2&Prime;][vc_single_image image=\u00a0\u00bb46300&Prime;][\/vc_column][vc_column width=\u00a0\u00bb1\/2&Prime;][vc_message message_box_color=\u00a0\u00bbalert-success\u00a0\u00bb icon_type=\u00a0\u00bbentypo\u00a0\u00bb icon_entypo=\u00a0\u00bbentypo-icon entypo-icon-progress-3&Prime;]TERMIN\u00c9[\/vc_message][\/vc_column][\/vc_row][vc_row][vc_column][vc_column_text]Les programmes d\u2019apprentissage par l\u2019exp\u00e9rience servent souvent \u00e0 soutenir les objectifs de d\u00e9veloppement de carri\u00e8re. Toutefois, la nature de [\u2026]\" \/>\n<meta property=\"og:url\" content=\"https:\/\/ceric.ca\/fr\/projets\/la-valeur-du-developpement-de-carriere-dans-un-cadre-dapprentissage-par-lexperience\/\" \/>\n<meta property=\"og:site_name\" content=\"CERIC\" \/>\n<meta property=\"article:modified_time\" content=\"2022-11-24T22:02:15+00:00\" \/>\n<meta name=\"twitter:card\" content=\"summary_large_image\" \/>\n<meta name=\"twitter:label1\" content=\"Dur\u00e9e de lecture estim\u00e9e\" \/>\n\t<meta name=\"twitter:data1\" content=\"4 minutes\" \/>\n<script type=\"application\/ld+json\" class=\"yoast-schema-graph\">{\"@context\":\"https:\\\/\\\/schema.org\",\"@graph\":[{\"@type\":\"WebPage\",\"@id\":\"https:\\\/\\\/ceric.ca\\\/fr\\\/projets\\\/la-valeur-du-developpement-de-carriere-dans-un-cadre-dapprentissage-par-lexperience\\\/\",\"url\":\"https:\\\/\\\/ceric.ca\\\/fr\\\/projets\\\/la-valeur-du-developpement-de-carriere-dans-un-cadre-dapprentissage-par-lexperience\\\/\",\"name\":\"La valeur du d\u00e9veloppement de carri\u00e8re dans un cadre d\u2019apprentissage par l\u2019exp\u00e9rience - CERIC\",\"isPartOf\":{\"@id\":\"https:\\\/\\\/ceric.ca\\\/#website\"},\"datePublished\":\"2022-02-28T15:41:54+00:00\",\"dateModified\":\"2022-11-24T22:02:15+00:00\",\"breadcrumb\":{\"@id\":\"https:\\\/\\\/ceric.ca\\\/fr\\\/projets\\\/la-valeur-du-developpement-de-carriere-dans-un-cadre-dapprentissage-par-lexperience\\\/#breadcrumb\"},\"inLanguage\":\"fr-FR\",\"potentialAction\":[{\"@type\":\"ReadAction\",\"target\":[\"https:\\\/\\\/ceric.ca\\\/fr\\\/projets\\\/la-valeur-du-developpement-de-carriere-dans-un-cadre-dapprentissage-par-lexperience\\\/\"]}]},{\"@type\":\"BreadcrumbList\",\"@id\":\"https:\\\/\\\/ceric.ca\\\/fr\\\/projets\\\/la-valeur-du-developpement-de-carriere-dans-un-cadre-dapprentissage-par-lexperience\\\/#breadcrumb\",\"itemListElement\":[{\"@type\":\"ListItem\",\"position\":1,\"name\":\"Home\",\"item\":\"https:\\\/\\\/ceric.ca\\\/fr\\\/ceric-homepage-2025\\\/\"},{\"@type\":\"ListItem\",\"position\":2,\"name\":\"Projets\",\"item\":\"https:\\\/\\\/ceric.ca\\\/fr\\\/projets\\\/\"},{\"@type\":\"ListItem\",\"position\":3,\"name\":\"La valeur du d\u00e9veloppement de carri\u00e8re dans un cadre d\u2019apprentissage par l\u2019exp\u00e9rience\"}]},{\"@type\":\"WebSite\",\"@id\":\"https:\\\/\\\/ceric.ca\\\/#website\",\"url\":\"https:\\\/\\\/ceric.ca\\\/\",\"name\":\"CERIC\",\"description\":\"\",\"publisher\":{\"@id\":\"https:\\\/\\\/ceric.ca\\\/#organization\"},\"potentialAction\":[{\"@type\":\"SearchAction\",\"target\":{\"@type\":\"EntryPoint\",\"urlTemplate\":\"https:\\\/\\\/ceric.ca\\\/?s={search_term_string}\"},\"query-input\":{\"@type\":\"PropertyValueSpecification\",\"valueRequired\":true,\"valueName\":\"search_term_string\"}}],\"inLanguage\":\"fr-FR\"},{\"@type\":\"Organization\",\"@id\":\"https:\\\/\\\/ceric.ca\\\/#organization\",\"name\":\"CERIC\",\"url\":\"https:\\\/\\\/ceric.ca\\\/\",\"logo\":{\"@type\":\"ImageObject\",\"inLanguage\":\"fr-FR\",\"@id\":\"https:\\\/\\\/ceric.ca\\\/#\\\/schema\\\/logo\\\/image\\\/\",\"url\":\"\",\"contentUrl\":\"\",\"caption\":\"CERIC\"},\"image\":{\"@id\":\"https:\\\/\\\/ceric.ca\\\/#\\\/schema\\\/logo\\\/image\\\/\"}}]}<\/script>\n<!-- \/ Yoast SEO Premium plugin. -->","yoast_head_json":{"title":"La valeur du d\u00e9veloppement de carri\u00e8re dans un cadre d\u2019apprentissage par l\u2019exp\u00e9rience - CERIC","robots":{"index":"index","follow":"follow","max-snippet":"max-snippet:-1","max-image-preview":"max-image-preview:large","max-video-preview":"max-video-preview:-1"},"canonical":"https:\/\/ceric.ca\/fr\/projets\/la-valeur-du-developpement-de-carriere-dans-un-cadre-dapprentissage-par-lexperience\/","og_locale":"fr_FR","og_type":"article","og_title":"La valeur du d\u00e9veloppement de carri\u00e8re dans un cadre d\u2019apprentissage par l\u2019exp\u00e9rience","og_description":"[vc_row][vc_column width=\u00a0\u00bb1\/2&Prime;][vc_single_image image=\u00a0\u00bb46300&Prime;][\/vc_column][vc_column width=\u00a0\u00bb1\/2&Prime;][vc_message message_box_color=\u00a0\u00bbalert-success\u00a0\u00bb icon_type=\u00a0\u00bbentypo\u00a0\u00bb icon_entypo=\u00a0\u00bbentypo-icon entypo-icon-progress-3&Prime;]TERMIN\u00c9[\/vc_message][\/vc_column][\/vc_row][vc_row][vc_column][vc_column_text]Les programmes d\u2019apprentissage par l\u2019exp\u00e9rience servent souvent \u00e0 soutenir les objectifs de d\u00e9veloppement de carri\u00e8re. Toutefois, la nature de [\u2026]","og_url":"https:\/\/ceric.ca\/fr\/projets\/la-valeur-du-developpement-de-carriere-dans-un-cadre-dapprentissage-par-lexperience\/","og_site_name":"CERIC","article_modified_time":"2022-11-24T22:02:15+00:00","twitter_card":"summary_large_image","twitter_misc":{"Dur\u00e9e de lecture estim\u00e9e":"4 minutes"},"schema":{"@context":"https:\/\/schema.org","@graph":[{"@type":"WebPage","@id":"https:\/\/ceric.ca\/fr\/projets\/la-valeur-du-developpement-de-carriere-dans-un-cadre-dapprentissage-par-lexperience\/","url":"https:\/\/ceric.ca\/fr\/projets\/la-valeur-du-developpement-de-carriere-dans-un-cadre-dapprentissage-par-lexperience\/","name":"La valeur du d\u00e9veloppement de carri\u00e8re dans un cadre d\u2019apprentissage par l\u2019exp\u00e9rience - CERIC","isPartOf":{"@id":"https:\/\/ceric.ca\/#website"},"datePublished":"2022-02-28T15:41:54+00:00","dateModified":"2022-11-24T22:02:15+00:00","breadcrumb":{"@id":"https:\/\/ceric.ca\/fr\/projets\/la-valeur-du-developpement-de-carriere-dans-un-cadre-dapprentissage-par-lexperience\/#breadcrumb"},"inLanguage":"fr-FR","potentialAction":[{"@type":"ReadAction","target":["https:\/\/ceric.ca\/fr\/projets\/la-valeur-du-developpement-de-carriere-dans-un-cadre-dapprentissage-par-lexperience\/"]}]},{"@type":"BreadcrumbList","@id":"https:\/\/ceric.ca\/fr\/projets\/la-valeur-du-developpement-de-carriere-dans-un-cadre-dapprentissage-par-lexperience\/#breadcrumb","itemListElement":[{"@type":"ListItem","position":1,"name":"Home","item":"https:\/\/ceric.ca\/fr\/ceric-homepage-2025\/"},{"@type":"ListItem","position":2,"name":"Projets","item":"https:\/\/ceric.ca\/fr\/projets\/"},{"@type":"ListItem","position":3,"name":"La valeur du d\u00e9veloppement de carri\u00e8re dans un cadre d\u2019apprentissage par l\u2019exp\u00e9rience"}]},{"@type":"WebSite","@id":"https:\/\/ceric.ca\/#website","url":"https:\/\/ceric.ca\/","name":"CERIC","description":"","publisher":{"@id":"https:\/\/ceric.ca\/#organization"},"potentialAction":[{"@type":"SearchAction","target":{"@type":"EntryPoint","urlTemplate":"https:\/\/ceric.ca\/?s={search_term_string}"},"query-input":{"@type":"PropertyValueSpecification","valueRequired":true,"valueName":"search_term_string"}}],"inLanguage":"fr-FR"},{"@type":"Organization","@id":"https:\/\/ceric.ca\/#organization","name":"CERIC","url":"https:\/\/ceric.ca\/","logo":{"@type":"ImageObject","inLanguage":"fr-FR","@id":"https:\/\/ceric.ca\/#\/schema\/logo\/image\/","url":"","contentUrl":"","caption":"CERIC"},"image":{"@id":"https:\/\/ceric.ca\/#\/schema\/logo\/image\/"}}]}},"_links":{"self":[{"href":"https:\/\/ceric.ca\/fr\/wp-json\/wp\/v2\/pages\/50353","targetHints":{"allow":["GET"]}}],"collection":[{"href":"https:\/\/ceric.ca\/fr\/wp-json\/wp\/v2\/pages"}],"about":[{"href":"https:\/\/ceric.ca\/fr\/wp-json\/wp\/v2\/types\/page"}],"author":[{"embeddable":true,"href":"https:\/\/ceric.ca\/fr\/wp-json\/wp\/v2\/users\/1"}],"replies":[{"embeddable":true,"href":"https:\/\/ceric.ca\/fr\/wp-json\/wp\/v2\/comments?post=50353"}],"version-history":[{"count":0,"href":"https:\/\/ceric.ca\/fr\/wp-json\/wp\/v2\/pages\/50353\/revisions"}],"up":[{"embeddable":true,"href":"https:\/\/ceric.ca\/fr\/wp-json\/wp\/v2\/pages\/9559"}],"wp:attachment":[{"href":"https:\/\/ceric.ca\/fr\/wp-json\/wp\/v2\/media?parent=50353"}],"curies":[{"name":"wp","href":"https:\/\/api.w.org\/{rel}","templated":true}]}}