{"id":52594,"date":"2022-01-21T17:35:45","date_gmt":"2022-01-21T22:35:45","guid":{"rendered":"https:\/\/ceric.ca\/?page_id=52594"},"modified":"2023-03-23T14:55:04","modified_gmt":"2023-03-23T18:55:04","slug":"le-developpement-de-carriere-en-milieu-de-travail-sondage-des-entreprises-canadiennes-2021","status":"publish","type":"page","link":"https:\/\/ceric.ca\/fr\/sondages\/le-developpement-de-carriere-en-milieu-de-travail-sondage-des-entreprises-canadiennes-2021\/","title":{"rendered":"Le d\u00e9veloppement de carri\u00e8re en milieu de travail : Sondage des entreprises canadiennes (2021)"},"content":{"rendered":"<div class=\"wpb-content-wrapper\"><p>[vc_row][vc_column width=\u00a0\u00bb2\/3&Prime;][vc_column_text]Men\u00e9 par Environics pour le CERIC, ce sondage vise \u00e0 mettre \u00e0 jour et \u00e0 \u00e9largir la compr\u00e9hension de l\u2019\u00e9tat du d\u00e9veloppement de carri\u00e8re en milieu de travail au Canada, notamment l\u2019impact de la pand\u00e9mie. Les sujets abord\u00e9s concernent le recrutement et le maintien en poste dans le sillage du \u00ab\u00a0grand remaniement\u00a0\u00bb.<\/p>\n<p>Le sondage met au jour l\u2019opinion actuelle des organisations canadiennes concernant les lacunes en mati\u00e8re de comp\u00e9tences et de talents sur le march\u00e9 du travail; l\u2019embauche de membres issus de groupes sous-repr\u00e9sent\u00e9s dans le cadre de strat\u00e9gies pour favoriser l\u2019\u00e9quit\u00e9, la diversit\u00e9 et l\u2019inclusion, ainsi que l\u2019importance d\u2019investir dans le d\u00e9veloppement de carri\u00e8re et la fa\u00e7on dont les employeurs per\u00e7oivent les services des professionnels du d\u00e9veloppement de carri\u00e8re.<\/p>\n<p>Pour Le d\u00e9veloppement de carri\u00e8re en milieu de travail : Sondage des entreprises canadiennes, le CERIC a sond\u00e9 500 cadres sup\u00e9rieurs canadiens dans plus de 11 secteurs d\u2019activit\u00e9, notamment les services, la vente au d\u00e9tail, l\u2019accueil, la construction et la fabrication. Ce sondage, qui en est \u00e0 sa deuxi\u00e8me it\u00e9ration, sont \u00e9galement compar\u00e9s avec ceux de 2013.[\/vc_column_text]\r\n\t<div class=\"wprt-spacer clearfix\" data-desktop=\"15\" data-mobi=\"7\" data-smobi=\"7\"><\/div>[vc_message message_box_color=\u00a0\u00bbwarning\u00a0\u00bb icon_fontawesome=\u00a0\u00bbfas fa-bullhorn\u00a0\u00bb]<strong>Communiqu\u00e9 de presse :<\/strong> <a href=\"https:\/\/ceric.ca\/fr\/2022\/02\/le-grand-remaniement-une-sondage-canadienne-revele-que-81-des-cadres-superieurs-canadiens-ont-de-la-difficulte-a-pourvoir-les-postes-vacants-et-confirment-lexistence-du\/\">Une sondage canadienne r\u00e9v\u00e8le que les cadres sup\u00e9rieurs canadiens sont confront\u00e9s \u00e0 des probl\u00e8mes de recrutement et de comp\u00e9tences<\/a> (1 f\u00e9vrier 2022)[\/vc_message][vc_row_inner][vc_column_inner width=\u00a0\u00bb1\/4&Prime;][vc_single_image image=\u00a0\u00bb52769&Prime;][\/vc_column_inner][vc_column_inner width=\u00a0\u00bb3\/4&Prime;]\r\n\t<div class=\"wprt-spacer clearfix\" data-desktop=\"15\" data-mobi=\"7\" data-smobi=\"7\"><\/div>[vc_column_text]<div class='w3eden wpdm_package_shortcode'><div class=\"media well link-template-widget\">\n    <div class=\"media-body\">\n        <a href=\"https:\/\/ceric.ca\/fr\/wpdm-package\/le-developpement-de-carriere-en-milieu-de-travail-sondage-des-entreprises-canadiennes-resume-du-rapport\/?wpdmdl=52595&refresh=69d6469d7c16c1775650461\" style=\"display: block;clear: bottom;font-size: 11pt;font-weight: bold;\">Sondage des entreprises canadiennes\u202f- Le d\u00e9veloppement de carri\u00e8re en milieu de travail - Re\u0301sume\u0301 du rapport<\/a>\n        <div style=\"font-size: 9pt;\">\n            <i class=\"fas fa-hdd color-green\"><\/i> 323.82 KB <i class=\"fa fa-copy ml-3\"><\/i>\n            1 file(s)\n        <\/div>\n    <\/div>\n<\/div>\n\n<\/div>[\/vc_column_text]\r\n\t<div class=\"wprt-spacer clearfix\" data-desktop=\"15\" data-mobi=\"7\" data-smobi=\"7\"><\/div>[\/vc_column_inner][\/vc_row_inner][vc_row_inner][vc_column_inner width=\u00a0\u00bb1\/4&Prime;]\r\n\t<div class=\"wprt-spacer clearfix\" data-desktop=\"15\" data-mobi=\"7\" data-smobi=\"7\"><\/div>[vc_single_image image=\u00a0\u00bb52597&Prime;][\/vc_column_inner][vc_column_inner width=\u00a0\u00bb3\/4&Prime;]\r\n\t<div class=\"wprt-spacer clearfix\" data-desktop=\"15\" data-mobi=\"7\" data-smobi=\"7\"><\/div>[vc_column_text]<div class='w3eden wpdm_package_shortcode'><div class=\"media well link-template-widget\">\n    <div class=\"media-body\">\n        <a href=\"https:\/\/ceric.ca\/fr\/wpdm-package\/sondage-des-entreprises-canadiennes%e2%80%af-le-developpement-de-carriere-en-milieu-de-travail-rapport-sur-les-resultats-du-sondage\/?wpdmdl=52599&refresh=69d6469db082c1775650461\" style=\"display: block;clear: bottom;font-size: 11pt;font-weight: bold;\">Sondage des entreprises canadiennes\u202f- Le d\u00e9veloppement de carri\u00e8re en milieu de travail - Rapport sur les r\u00e9sultats du sondage<\/a>\n        <div style=\"font-size: 9pt;\">\n            <i class=\"fas fa-hdd color-green\"><\/i> 4.69 MB <i class=\"fa fa-copy ml-3\"><\/i>\n            1 file(s)\n        <\/div>\n    <\/div>\n<\/div>\n\n<\/div>[\/vc_column_text]\r\n\t<div class=\"wprt-spacer clearfix\" data-desktop=\"15\" data-mobi=\"7\" data-smobi=\"7\"><\/div>[\/vc_column_inner][\/vc_row_inner][vc_row_inner][vc_column_inner width=\u00a0\u00bb2\/3&Prime;][vc_single_image image=\u00a0\u00bb52606&Prime;][\/vc_column_inner][vc_column_inner width=\u00a0\u00bb1\/3&Prime;][vc_column_text]<div class='w3eden wpdm_package_shortcode'><div class=\"media well link-template-widget\">\n    <div class=\"media-body\">\n        <a href=\"https:\/\/ceric.ca\/fr\/wpdm-package\/sondage-des-entreprises-canadiennes%e2%80%af-le-developpement-de-carriere-en-milieu-de-travail-infographic\/?wpdmdl=52602&refresh=69d6469de41431775650461\" style=\"display: block;clear: bottom;font-size: 11pt;font-weight: bold;\">Sondage des entreprises canadiennes\u202f- Le d\u00e9veloppement de carri\u00e8re en milieu de travail - Infographie<\/a>\n        <div style=\"font-size: 9pt;\">\n            <i class=\"fas fa-hdd color-green\"><\/i> 564.42 KB <i class=\"fa fa-copy ml-3\"><\/i>\n            1 file(s)\n        <\/div>\n    <\/div>\n<\/div>\n\n<\/div>[\/vc_column_text][\/vc_column_inner][\/vc_row_inner][\/vc_column][vc_column width=\u00a0\u00bb1\/3&Prime; css=\u00a0\u00bb.vc_custom_1642957425391{border-top-width: 40px !important;border-right-width: 40px !important;border-bottom-width: 40px !important;border-left-width: 40px !important;padding-top: 20px !important;padding-right: 20px !important;padding-bottom: 20px !important;padding-left: 20px !important;background-color: rgba(38,147,183,0.24) !important;*background-color: rgb(38,147,183) !important;border-radius: 15px !important;}\u00a0\u00bb]\r\n\t<div class=\"wprt-spacer clearfix\" data-desktop=\"15\" data-mobi=\"7\" data-smobi=\"7\"><\/div>\r\n\t<div class=\"wprt-accordions style-1\"><div class=\"accordion\"><div class=\"mfn-acc accordion_wrapper \">Cette<b data-stringify-type=\"bold\">\u00a0<\/b>\u00e9dition 2023 de la trousse \u00e0 outils des employeurs a \u00e9t\u00e9 cr\u00e9\u00e9e par les professionnels du d\u00e9veloppement de carri\u00e8re qui travaillent chaque jour avec les employeurs au sein de leurs collectivit\u00e9s. Il s\u2019agit d\u2019une compilation \u00e9labor\u00e9e par pr\u00e8s de 200 PDC\u00a0offrant des conseils pour aider \u00e0 mobiliser le march\u00e9 du travail local. Cette ressource est le r\u00e9sultat de tables rondes communautaires virtuelles organis\u00e9es en partenariat avec des associations provinciales en d\u00e9veloppement de carri\u00e8re.<\/p>\n<ul>\n<li><a href=\"http:\/\/bit.ly\/3K2Ewji\"><span data-contrast=\"none\">Infographie \u2013 \u00c9dition 2023 \u2013 10\u202ffa\u00e7ons de permettre aux employeurs de r\u00e9pondre \u00e0 leurs besoins en mati\u00e8re de talents en s\u2019associant \u00e0 des professionnels du d\u00e9veloppement de carri\u00e8re<\/span><\/a><\/li>\n<li><a href=\"http:\/\/bit.ly\/3FNgFBL\"><span data-contrast=\"auto\"> Trousse \u00e0 outils\u202f\u2013 \u00c9dition 2023 \u2013 10\u202ffa\u00e7ons de permettre aux employeurs de r\u00e9pondre \u00e0 leurs besoins en mati\u00e8re de talents en s\u2019associant \u00e0 des professionnels du d\u00e9veloppement de carri\u00e8re\u00a0<\/span><\/a><\/li>\n<\/ul>\n<p><\/div><\/div>\n<div class=\"accordion\"><div class=\"mfn-acc accordion_wrapper \">Le maintien en poste des employ\u00e9s depuis la pand\u00e9mie est-il plus difficile pour les grands employeurs ou pour les petites et moyennes entreprises (PME)? La sant\u00e9 mentale des employ\u00e9s est-elle une difficult\u00e9 plus importante pour les employeurs ruraux ou urbains? Dans quelle r\u00e9gion du pays les employeurs d\u00e9ploient-ils le plus d\u2019efforts pour recruter des membres de groupes sous-repr\u00e9sent\u00e9s? Les r\u00e9ponses \u00e0 ces questions se trouvent dans les r\u00e9sultats du Sondage des entreprises canadiennes du CERIC maintenant publi\u00e9s par :<\/p>\n<ul>\n<li><a href=\"https:\/\/ceric.ca\/wp-content\/uploads\/2022\/11\/Employer-Size.pdf\" target=\"_blank\" rel=\"noopener\"><span data-contrast=\"auto\">Taille d\u2019employeur<\/span><\/a>\u00a0<em>(en anglais)<\/em><\/li>\n<li><a href=\"https:\/\/ceric.ca\/wp-content\/uploads\/2022\/11\/Location-Analysis.pdf\" target=\"_blank\" rel=\"noopener\">Lieu<\/a> (<em>en anglais)<\/em><\/li>\n<li>R\u00e9gion\n<ul>\n<li><a href=\"https:\/\/ceric.ca\/wp-content\/uploads\/2022\/11\/BRITISH-COLUMBIA.pdf\" target=\"_blank\" rel=\"noopener\"><span data-contrast=\"auto\">Colombie-Britannique<\/span><\/a> <em>(en anglais)<\/em><\/li>\n<li><a href=\"https:\/\/ceric.ca\/wp-content\/uploads\/2022\/11\/PRAIRIES.pdf\" target=\"_blank\" rel=\"noopener\"><span data-contrast=\"auto\">Provinces des Prairies<\/span><\/a> <em>(en anglais)<\/em><\/li>\n<li><a href=\"https:\/\/ceric.ca\/wp-content\/uploads\/2022\/11\/ONTARIO.pdf\" target=\"_blank\" rel=\"noopener\"><span data-contrast=\"auto\">Ontario<\/span><\/a> <em>(en anglais)<\/em><\/li>\n<li><a href=\"https:\/\/ceric.ca\/wp-content\/uploads\/2022\/11\/QUEBEC-FR.pdf\"><span data-contrast=\"auto\">Qu\u00e9bec<\/span><\/a><\/li>\n<li><a href=\"https:\/\/ceric.ca\/wp-content\/uploads\/2022\/11\/ATLANTIC.pdf\" target=\"_blank\" rel=\"noopener\"><span data-contrast=\"auto\">Provinces de l\u2019Atlantique<\/span><\/a> <em>(en anglais)<\/em><\/li>\n<\/ul>\n<\/li>\n<\/ul>\n<p><\/div><\/div>\n<\/div>\r\n\t<div class=\"wprt-spacer clearfix\" data-desktop=\"15\" data-mobi=\"7\" data-smobi=\"7\"><\/div>[vc_column_text]<\/p>\n<h6>\u00c9galement int\u00e9ressant pour les employeurs :<\/h6>\n<p>[\/vc_column_text][vc_row_inner][vc_column_inner width=\u00a0\u00bb1\/3&Prime;][vc_single_image image=\u00a0\u00bb52668&Prime;][vc_single_image image=\u00a0\u00bb52670&Prime;][vc_single_image image=\u00a0\u00bb52673&Prime;][\/vc_column_inner][vc_column_inner width=\u00a0\u00bb2\/3&Prime;][vc_column_text]<\/p>\n<p style=\"text-align: left;\"><a href=\"https:\/\/ceric.ca\/fr\/publications\/fideliser-et-mobiliser-la-gestion-de-carriere-dans-le-secteur-public\/\">Fide\u0301liser et mobiliser : la gestion de carrie\u0300re dans le secteur public<br \/>\n<\/a><\/p>\n<p>[\/vc_column_text]\r\n\t<div class=\"wprt-spacer clearfix\" data-desktop=\"40\" data-mobi=\"7\" data-smobi=\"7\"><\/div>[vc_column_text]<\/p>\n<p style=\"text-align: left;\"><a href=\"https:\/\/ceric.ca\/fr\/publications\/fideliser-et-mobiliser-la-gestion-de-carriere-dans-les-organismes-a-but-non-lucratif-et-de-bienfaisance\/\">Fid\u00e9liser et mobiliser : la gestion de carri\u00e8re dans les organismes \u00e0 but non lucratif et de bienfaisance<br \/>\n<\/a><\/p>\n<p>[\/vc_column_text]\r\n\t<div class=\"wprt-spacer clearfix\" data-desktop=\"35\" data-mobi=\"7\" data-smobi=\"7\"><\/div>[vc_column_text]<\/p>\n<p style=\"text-align: left;\"><a href=\"https:\/\/ceric.ca\/fr\/publications\/fideliser-et-mobiliser-la-gestion-de-carriere-dans-les-petites-entreprises\/ \">Fid\u00e9liser et mobiliser : la gestion de carri\u00e8re dans les petites entreprises<br \/>\n<\/a><\/p>\n<p>[\/vc_column_text][\/vc_column_inner][\/vc_row_inner]\r\n\t<div class=\"wprt-spacer clearfix\" data-desktop=\"15\" data-mobi=\"7\" data-smobi=\"7\"><\/div>[\/vc_column][\/vc_row]<\/p>\n<\/div>","protected":false},"excerpt":{"rendered":"<p>[vc_row][vc_column width=\u00a0\u00bb2\/3&Prime;][vc_column_text]Men\u00e9 par Environics pour le CERIC, ce sondage vise \u00e0 mettre \u00e0 jour et \u00e0 \u00e9largir la compr\u00e9hension de l\u2019\u00e9tat du d\u00e9veloppement de carri\u00e8re en<span class=\"excerpt-hellip\"> [\u2026]<\/span><\/p>\n","protected":false},"author":1,"featured_media":0,"parent":8182,"menu_order":0,"comment_status":"closed","ping_status":"closed","template":"","meta":{"h5ap_radio_sources":[],"footnotes":""},"class_list":["post-52594","page","type-page","status-publish","hentry"],"yoast_head":"<!-- This site is optimized with the Yoast SEO Premium plugin v27.3 (Yoast SEO v27.3) - https:\/\/yoast.com\/product\/yoast-seo-premium-wordpress\/ -->\n<title>Le d\u00e9veloppement de carri\u00e8re en milieu de travail : Sondage des entreprises canadiennes (2021) - CERIC<\/title>\n<meta name=\"robots\" content=\"index, follow, max-snippet:-1, max-image-preview:large, max-video-preview:-1\" \/>\n<link rel=\"canonical\" href=\"https:\/\/ceric.ca\/fr\/sondages\/le-developpement-de-carriere-en-milieu-de-travail-sondage-des-entreprises-canadiennes-2021\/\" \/>\n<meta property=\"og:locale\" content=\"fr_FR\" \/>\n<meta property=\"og:type\" content=\"article\" \/>\n<meta property=\"og:title\" content=\"Le d\u00e9veloppement de carri\u00e8re en milieu de travail : Sondage des entreprises canadiennes (2021)\" \/>\n<meta property=\"og:description\" content=\"Men\u00e9 par Environics pour le CERIC, ce sondage vise \u00e0 mettre \u00e0 jour et \u00e0 \u00e9largir la compr\u00e9hension de l\u2019\u00e9tat du d\u00e9veloppement de carri\u00e8re en milieu de travail au Canada, notamment l\u2019impact de la pand\u00e9mie.\" \/>\n<meta property=\"og:url\" content=\"https:\/\/ceric.ca\/fr\/sondages\/le-developpement-de-carriere-en-milieu-de-travail-sondage-des-entreprises-canadiennes-2021\/\" \/>\n<meta property=\"og:site_name\" content=\"CERIC\" \/>\n<meta property=\"article:modified_time\" content=\"2023-03-23T18:55:04+00:00\" \/>\n<meta property=\"og:image\" content=\"https:\/\/ceric.ca\/wp-content\/uploads\/2022\/01\/SocialMediaFR.png\" \/>\n\t<meta property=\"og:image:width\" content=\"1200\" \/>\n\t<meta property=\"og:image:height\" content=\"630\" \/>\n\t<meta property=\"og:image:type\" content=\"image\/png\" \/>\n<meta name=\"twitter:card\" content=\"summary_large_image\" \/>\n<meta name=\"twitter:description\" content=\"Men\u00e9 par Environics pour le CERIC, ce sondage vise \u00e0 mettre \u00e0 jour et \u00e0 \u00e9largir la compr\u00e9hension de l\u2019\u00e9tat du d\u00e9veloppement de carri\u00e8re en milieu de travail au Canada, notamment l\u2019impact de la pand\u00e9mie.\" \/>\n<meta name=\"twitter:image\" content=\"https:\/\/ceric.ca\/wp-content\/uploads\/2022\/01\/SocialMediaEN.png\" \/>\n<meta name=\"twitter:label1\" content=\"Dur\u00e9e de lecture estim\u00e9e\" \/>\n\t<meta name=\"twitter:data1\" content=\"3 minutes\" \/>\n<script type=\"application\/ld+json\" class=\"yoast-schema-graph\">{\"@context\":\"https:\\\/\\\/schema.org\",\"@graph\":[{\"@type\":\"WebPage\",\"@id\":\"https:\\\/\\\/ceric.ca\\\/fr\\\/sondages\\\/le-developpement-de-carriere-en-milieu-de-travail-sondage-des-entreprises-canadiennes-2021\\\/\",\"url\":\"https:\\\/\\\/ceric.ca\\\/fr\\\/sondages\\\/le-developpement-de-carriere-en-milieu-de-travail-sondage-des-entreprises-canadiennes-2021\\\/\",\"name\":\"Le d\u00e9veloppement de carri\u00e8re en milieu de travail : Sondage des entreprises canadiennes (2021) - CERIC\",\"isPartOf\":{\"@id\":\"https:\\\/\\\/ceric.ca\\\/#website\"},\"datePublished\":\"2022-01-21T22:35:45+00:00\",\"dateModified\":\"2023-03-23T18:55:04+00:00\",\"breadcrumb\":{\"@id\":\"https:\\\/\\\/ceric.ca\\\/fr\\\/sondages\\\/le-developpement-de-carriere-en-milieu-de-travail-sondage-des-entreprises-canadiennes-2021\\\/#breadcrumb\"},\"inLanguage\":\"fr-FR\",\"potentialAction\":[{\"@type\":\"ReadAction\",\"target\":[\"https:\\\/\\\/ceric.ca\\\/fr\\\/sondages\\\/le-developpement-de-carriere-en-milieu-de-travail-sondage-des-entreprises-canadiennes-2021\\\/\"]}]},{\"@type\":\"BreadcrumbList\",\"@id\":\"https:\\\/\\\/ceric.ca\\\/fr\\\/sondages\\\/le-developpement-de-carriere-en-milieu-de-travail-sondage-des-entreprises-canadiennes-2021\\\/#breadcrumb\",\"itemListElement\":[{\"@type\":\"ListItem\",\"position\":1,\"name\":\"Home\",\"item\":\"https:\\\/\\\/ceric.ca\\\/fr\\\/ceric-homepage-2025\\\/\"},{\"@type\":\"ListItem\",\"position\":2,\"name\":\"Sondages\",\"item\":\"https:\\\/\\\/ceric.ca\\\/fr\\\/sondages\\\/\"},{\"@type\":\"ListItem\",\"position\":3,\"name\":\"Le d\u00e9veloppement de carri\u00e8re en milieu de travail : Sondage des entreprises canadiennes (2021)\"}]},{\"@type\":\"WebSite\",\"@id\":\"https:\\\/\\\/ceric.ca\\\/#website\",\"url\":\"https:\\\/\\\/ceric.ca\\\/\",\"name\":\"CERIC\",\"description\":\"\",\"publisher\":{\"@id\":\"https:\\\/\\\/ceric.ca\\\/#organization\"},\"potentialAction\":[{\"@type\":\"SearchAction\",\"target\":{\"@type\":\"EntryPoint\",\"urlTemplate\":\"https:\\\/\\\/ceric.ca\\\/?s={search_term_string}\"},\"query-input\":{\"@type\":\"PropertyValueSpecification\",\"valueRequired\":true,\"valueName\":\"search_term_string\"}}],\"inLanguage\":\"fr-FR\"},{\"@type\":\"Organization\",\"@id\":\"https:\\\/\\\/ceric.ca\\\/#organization\",\"name\":\"CERIC\",\"url\":\"https:\\\/\\\/ceric.ca\\\/\",\"logo\":{\"@type\":\"ImageObject\",\"inLanguage\":\"fr-FR\",\"@id\":\"https:\\\/\\\/ceric.ca\\\/#\\\/schema\\\/logo\\\/image\\\/\",\"url\":\"\",\"contentUrl\":\"\",\"caption\":\"CERIC\"},\"image\":{\"@id\":\"https:\\\/\\\/ceric.ca\\\/#\\\/schema\\\/logo\\\/image\\\/\"}}]}<\/script>\n<!-- \/ Yoast SEO Premium plugin. -->","yoast_head_json":{"title":"Le d\u00e9veloppement de carri\u00e8re en milieu de travail : Sondage des entreprises canadiennes (2021) - CERIC","robots":{"index":"index","follow":"follow","max-snippet":"max-snippet:-1","max-image-preview":"max-image-preview:large","max-video-preview":"max-video-preview:-1"},"canonical":"https:\/\/ceric.ca\/fr\/sondages\/le-developpement-de-carriere-en-milieu-de-travail-sondage-des-entreprises-canadiennes-2021\/","og_locale":"fr_FR","og_type":"article","og_title":"Le d\u00e9veloppement de carri\u00e8re en milieu de travail : Sondage des entreprises canadiennes (2021)","og_description":"Men\u00e9 par Environics pour le CERIC, ce sondage vise \u00e0 mettre \u00e0 jour et \u00e0 \u00e9largir la compr\u00e9hension de l\u2019\u00e9tat du d\u00e9veloppement de carri\u00e8re en milieu de travail au Canada, notamment l\u2019impact de la pand\u00e9mie.","og_url":"https:\/\/ceric.ca\/fr\/sondages\/le-developpement-de-carriere-en-milieu-de-travail-sondage-des-entreprises-canadiennes-2021\/","og_site_name":"CERIC","article_modified_time":"2023-03-23T18:55:04+00:00","og_image":[{"width":1200,"height":630,"url":"https:\/\/ceric.ca\/wp-content\/uploads\/2022\/01\/SocialMediaFR.png","type":"image\/png"}],"twitter_card":"summary_large_image","twitter_description":"Men\u00e9 par Environics pour le CERIC, ce sondage vise \u00e0 mettre \u00e0 jour et \u00e0 \u00e9largir la compr\u00e9hension de l\u2019\u00e9tat du d\u00e9veloppement de carri\u00e8re en milieu de travail au Canada, notamment l\u2019impact de la pand\u00e9mie.","twitter_image":"https:\/\/ceric.ca\/wp-content\/uploads\/2022\/01\/SocialMediaEN.png","twitter_misc":{"Dur\u00e9e de lecture estim\u00e9e":"3 minutes"},"schema":{"@context":"https:\/\/schema.org","@graph":[{"@type":"WebPage","@id":"https:\/\/ceric.ca\/fr\/sondages\/le-developpement-de-carriere-en-milieu-de-travail-sondage-des-entreprises-canadiennes-2021\/","url":"https:\/\/ceric.ca\/fr\/sondages\/le-developpement-de-carriere-en-milieu-de-travail-sondage-des-entreprises-canadiennes-2021\/","name":"Le d\u00e9veloppement de carri\u00e8re en milieu de travail : Sondage des entreprises canadiennes (2021) - CERIC","isPartOf":{"@id":"https:\/\/ceric.ca\/#website"},"datePublished":"2022-01-21T22:35:45+00:00","dateModified":"2023-03-23T18:55:04+00:00","breadcrumb":{"@id":"https:\/\/ceric.ca\/fr\/sondages\/le-developpement-de-carriere-en-milieu-de-travail-sondage-des-entreprises-canadiennes-2021\/#breadcrumb"},"inLanguage":"fr-FR","potentialAction":[{"@type":"ReadAction","target":["https:\/\/ceric.ca\/fr\/sondages\/le-developpement-de-carriere-en-milieu-de-travail-sondage-des-entreprises-canadiennes-2021\/"]}]},{"@type":"BreadcrumbList","@id":"https:\/\/ceric.ca\/fr\/sondages\/le-developpement-de-carriere-en-milieu-de-travail-sondage-des-entreprises-canadiennes-2021\/#breadcrumb","itemListElement":[{"@type":"ListItem","position":1,"name":"Home","item":"https:\/\/ceric.ca\/fr\/ceric-homepage-2025\/"},{"@type":"ListItem","position":2,"name":"Sondages","item":"https:\/\/ceric.ca\/fr\/sondages\/"},{"@type":"ListItem","position":3,"name":"Le d\u00e9veloppement de carri\u00e8re en milieu de travail : Sondage des entreprises canadiennes (2021)"}]},{"@type":"WebSite","@id":"https:\/\/ceric.ca\/#website","url":"https:\/\/ceric.ca\/","name":"CERIC","description":"","publisher":{"@id":"https:\/\/ceric.ca\/#organization"},"potentialAction":[{"@type":"SearchAction","target":{"@type":"EntryPoint","urlTemplate":"https:\/\/ceric.ca\/?s={search_term_string}"},"query-input":{"@type":"PropertyValueSpecification","valueRequired":true,"valueName":"search_term_string"}}],"inLanguage":"fr-FR"},{"@type":"Organization","@id":"https:\/\/ceric.ca\/#organization","name":"CERIC","url":"https:\/\/ceric.ca\/","logo":{"@type":"ImageObject","inLanguage":"fr-FR","@id":"https:\/\/ceric.ca\/#\/schema\/logo\/image\/","url":"","contentUrl":"","caption":"CERIC"},"image":{"@id":"https:\/\/ceric.ca\/#\/schema\/logo\/image\/"}}]}},"_links":{"self":[{"href":"https:\/\/ceric.ca\/fr\/wp-json\/wp\/v2\/pages\/52594","targetHints":{"allow":["GET"]}}],"collection":[{"href":"https:\/\/ceric.ca\/fr\/wp-json\/wp\/v2\/pages"}],"about":[{"href":"https:\/\/ceric.ca\/fr\/wp-json\/wp\/v2\/types\/page"}],"author":[{"embeddable":true,"href":"https:\/\/ceric.ca\/fr\/wp-json\/wp\/v2\/users\/1"}],"replies":[{"embeddable":true,"href":"https:\/\/ceric.ca\/fr\/wp-json\/wp\/v2\/comments?post=52594"}],"version-history":[{"count":0,"href":"https:\/\/ceric.ca\/fr\/wp-json\/wp\/v2\/pages\/52594\/revisions"}],"up":[{"embeddable":true,"href":"https:\/\/ceric.ca\/fr\/wp-json\/wp\/v2\/pages\/8182"}],"wp:attachment":[{"href":"https:\/\/ceric.ca\/fr\/wp-json\/wp\/v2\/media?parent=52594"}],"curies":[{"name":"wp","href":"https:\/\/api.w.org\/{rel}","templated":true}]}}