{"id":53660,"date":"2022-03-10T16:20:47","date_gmt":"2022-03-10T21:20:47","guid":{"rendered":"https:\/\/ceric.ca\/?page_id=53660"},"modified":"2022-04-06T15:28:53","modified_gmt":"2022-04-06T19:28:53","slug":"interventions-axees-sur-lespoir","status":"publish","type":"page","link":"https:\/\/ceric.ca\/fr\/projets\/interventions-axees-sur-lespoir\/","title":{"rendered":"Interventions ax\u00e9es sur l\u2019espoir"},"content":{"rendered":"<div class=\"wpb-content-wrapper\"><p>[vc_row][vc_column width=\u00a0\u00bb1\/2&Prime;][vc_single_image image=\u00a0\u00bb27142&Prime;][\/vc_column][vc_column width=\u00a0\u00bb1\/2&Prime;]<div class=\"wprt-list clearfix icon-left icon-middle\">\r\n\t\t<div style=\"padding:;margin-bottom:10px;background-color:#f8f8f8;\">\r\n\t\t\t<span style=\"padding-left:30px;\"><span class=\"icon \">\r\n\t\t\t<i class=\"typcn typcn-group\" style=\"color:#898989;font-size:20px;\"><\/i>\r\n\t\t<\/span> <span style=\"font-weight:700;\">Partenaires du projet : Universit\u00e9 de la Colombie-Britannique, MixtMode, College of William and Mary, Universit\u00e9 The George Washington<\/span><\/span>\r\n\t\t<\/div>\r\n\t<\/div><div class=\"wprt-list clearfix icon-left icon-middle\">\r\n\t\t<div style=\"padding:;margin-bottom:10px;background-color:#f8f8f8;\">\r\n\t\t\t<span style=\"padding-left:30px;\"><span class=\"icon \">\r\n\t\t\t<i class=\"typcn typcn-flag\" style=\"color:#898989;font-size:20px;\"><\/i>\r\n\t\t<\/span> <span style=\"font-weight:700;\">Langue : anglais<\/span><\/span>\r\n\t\t<\/div>\r\n\t<\/div>[vc_message message_box_color=\u00a0\u00bbalert-success\u00a0\u00bb icon_type=\u00a0\u00bbentypo\u00a0\u00bb icon_entypo=\u00a0\u00bbentypo-icon entypo-icon-progress-3&Prime;]<b>COMPL\u00c9T\u00c9 <strong>&#8211; 2016<\/strong><\/b>[\/vc_message][\/vc_column][\/vc_row][vc_row][vc_column]\r\n\t<div class=\"wprt-spacer clearfix\" data-desktop=\"40\" data-mobi=\"30\" data-smobi=\"30\"><\/div>[vc_column_text]<strong>Le projet d\u2019interventions ax\u00e9es sur l\u2019espoir<\/strong> (Hope-Centered Career Interventions) dirig\u00e9 par Tannis Goddard (MixtMode, une division consultative de Training Innovations), Norman Amundson (Universit\u00e9 de la Colombie-Britannique), Spencer Niles (College of William and Mary) et Hyung Joon (Universit\u00e9 The George Washington) fait suite \u00e0 un projet exploratoire financ\u00e9 par le <strong>CERIC sur l\u2019importance de l\u2019espoir dans les d\u00e9cisions li\u00e9e \u00e0 la carri\u00e8re<\/strong>, telle qu\u2019\u00e9valu\u00e9e par le r\u00e9pertoire des carri\u00e8res ax\u00e9es sur l\u2019espoir (Hope-Centred Career Inventory [HCCI]).<\/p>\n<p>Les r\u00e9sultats de cette premi\u00e8re recherche sugg\u00e8rent que, chez les \u00e9tudiants de niveau postsecondaire, des degr\u00e9s \u00e9lev\u00e9s d\u2019espoir sont li\u00e9s \u00e0 des moyennes pond\u00e9r\u00e9es cumulatives sup\u00e9rieures et \u00e0 une identit\u00e9 professionnelle mieux d\u00e9finie. L\u2019\u00e9quipe de recherche pr\u00e9c\u00e9dente avait en outre d\u00e9termin\u00e9 25 facteurs internes et environnementaux qui influent sur l\u2019espoir, notamment les objectifs d\u2019avenir, l\u2019attitude, la passion, l\u2019auto-efficacit\u00e9, l\u2019apport social et professionnel, le recentrage, les pens\u00e9es et sentiments n\u00e9gatifs ainsi que la sant\u00e9 physique et mentale. Les facteurs environnementaux relev\u00e9s comprenaient le soutien, les mod\u00e8les, les possibilit\u00e9s et les occasions, l\u2019\u00e9cole, les gens n\u00e9gatifs et peu soutenants, les situations ind\u00e9pendantes de la volont\u00e9 et les difficult\u00e9s \u00e9conomiques et financi\u00e8res.<\/p>\n<p>Le principal objectif du nouveau projet <strong>d\u2019interventions ax\u00e9es sur l\u2019espoir<\/strong> financ\u00e9 par le CERIC est maintenant d\u2019\u00e9laborer une s\u00e9rie de m\u00e9thodes et d\u2019outils d\u2019intervention en orientation qui pourraient \u00eatre utilis\u00e9s par les intervenants en d\u00e9veloppement de carri\u00e8re lorsqu\u2019ils interagissent avec un client, que ce soit en personne ou en ligne. Ces interventions en orientation seront appliqu\u00e9es aux ch\u00f4meurs adultes \u00e0 la recherche d\u2019un emploi qui acc\u00e8dent aux services de placement publics au Canada. Au moyen de ces interventions en orientation, le projet de recherche se concentrera sur la question de l\u2019espoir pour mieux comprendre les facteurs qui l\u2019influencent de m\u00eame que l\u2019impact des prestations en personne et en ligne et les diff\u00e9rences entre ces deux m\u00e9thodes.[\/vc_column_text][\/vc_column][\/vc_row][vc_row][vc_column]\r\n\t<div class=\"wprt-spacer clearfix\" data-desktop=\"40\" data-mobi=\"30\" data-smobi=\"30\"><\/div>[vc_separator color=\u00a0\u00bbcustom\u00a0\u00bb style=\u00a0\u00bbdashed\u00a0\u00bb border_width=\u00a0\u00bb2&Prime; accent_color=\u00a0\u00bb#cccccc\u00a0\u00bb]\r\n\t<div class=\"wprt-spacer clearfix\" data-desktop=\"40\" data-mobi=\"30\" data-smobi=\"30\"><\/div>[\/vc_column][\/vc_row][vc_row][vc_column width=\u00a0\u00bb1\/5&Prime;][vc_single_image image=\u00a0\u00bb19269&Prime; img_size=\u00a0\u00bbmedium\u00a0\u00bb][\/vc_column][vc_column width=\u00a0\u00bb4\/5&Prime;][vc_column_text]<\/p>\n<h3 class=\"wpfd-file-content--title\">Interventions ax\u00e9es sur l\u2019espoir<\/h3>\n<p>[\/vc_column_text][vc_column_text]<div class='w3eden wpdm_package_shortcode'><div class=\"media well link-template-widget\">\n    <div class=\"media-body\">\n        <a href=\"https:\/\/ceric.ca\/wpdm-package\/hope-centred-career-interventions-research-project\/?wpdmdl=19267&refresh=6a08a37638dc71778951030\" style=\"display: block;clear: bottom;font-size: 11pt;font-weight: bold;\">Hope-Centred Career Interventions Research Project<\/a>\n        <div style=\"font-size: 9pt;\">\n            <i class=\"fas fa-hdd color-green\"><\/i> 677.18 KB <i class=\"fa fa-copy ml-3\"><\/i>\n            1 file(s)\n        <\/div>\n    <\/div>\n<\/div>\n\n<\/div>[\/vc_column_text][\/vc_column][\/vc_row][vc_row][vc_column]\r\n\t<div class=\"wprt-spacer clearfix\" data-desktop=\"40\" data-mobi=\"30\" data-smobi=\"30\"><\/div>[vc_separator color=\u00a0\u00bbcustom\u00a0\u00bb style=\u00a0\u00bbdashed\u00a0\u00bb border_width=\u00a0\u00bb2&Prime; accent_color=\u00a0\u00bb#cccccc\u00a0\u00bb]\r\n\t<div class=\"wprt-spacer clearfix\" data-desktop=\"40\" data-mobi=\"30\" data-smobi=\"30\"><\/div>[\/vc_column][\/vc_row][vc_row][vc_column][vc_video link=\u00a0\u00bbhttps:\/\/youtu.be\/KRU2YqXEDpg\u00a0\u00bb title=\u00a0\u00bbFree Webinar: Hope-Centred Career Interventions with Dr Norman Amundson &amp; Tannis Goddard\u00a0\u00bb][\/vc_column][\/vc_row][vc_row][vc_column]\r\n\t<div class=\"wprt-spacer clearfix\" data-desktop=\"40\" data-mobi=\"30\" data-smobi=\"30\"><\/div>[vc_separator color=\u00a0\u00bbcustom\u00a0\u00bb style=\u00a0\u00bbdashed\u00a0\u00bb border_width=\u00a0\u00bb2&Prime; accent_color=\u00a0\u00bb#cccccc\u00a0\u00bb]\r\n\t<div class=\"wprt-spacer clearfix\" data-desktop=\"40\" data-mobi=\"30\" data-smobi=\"30\"><\/div>[\/vc_column][\/vc_row][vc_row][vc_column][vc_column_text]Apprenez-en davantage sur le\u00a0<a href=\"https:\/\/web.archive.org\/web\/20210228032709\/http:\/\/hopecareerinterventions.wordpress.com\/\" target=\"_blank\" rel=\"noopener noreferrer\">site Web du projet d\u2019interventions ax\u00e9es sur l\u2019espoir<\/a>.[\/vc_column_text][\/vc_column][\/vc_row]<\/p>\n<\/div>","protected":false},"excerpt":{"rendered":"<p>[vc_row][vc_column width=\u00a0\u00bb1\/2&Prime;][vc_single_image image=\u00a0\u00bb27142&Prime;][\/vc_column][vc_column width=\u00a0\u00bb1\/2&Prime;][vc_message message_box_color=\u00a0\u00bbalert-success\u00a0\u00bb icon_type=\u00a0\u00bbentypo\u00a0\u00bb icon_entypo=\u00a0\u00bbentypo-icon entypo-icon-progress-3&Prime;]COMPL\u00c9T\u00c9 &#8211; 2016[\/vc_message][\/vc_column][\/vc_row][vc_row][vc_column][vc_column_text]Le projet d\u2019interventions ax\u00e9es sur l\u2019espoir (Hope-Centered Career Interventions) dirig\u00e9 par Tannis Goddard (MixtMode, une division consultative<span class=\"excerpt-hellip\"> [\u2026]<\/span><\/p>\n","protected":false},"author":30,"featured_media":0,"parent":9559,"menu_order":0,"comment_status":"closed","ping_status":"closed","template":"","meta":{"h5ap_radio_sources":[],"footnotes":""},"class_list":["post-53660","page","type-page","status-publish","hentry"],"yoast_head":"<!-- This site is optimized with the Yoast SEO Premium plugin v27.5 (Yoast SEO v27.5) - https:\/\/yoast.com\/product\/yoast-seo-premium-wordpress\/ -->\n<title>Interventions ax\u00e9es sur l\u2019espoir - CERIC<\/title>\n<meta name=\"robots\" content=\"index, follow, max-snippet:-1, max-image-preview:large, max-video-preview:-1\" \/>\n<link rel=\"canonical\" href=\"https:\/\/ceric.ca\/fr\/projets\/interventions-axees-sur-lespoir\/\" \/>\n<meta property=\"og:locale\" content=\"fr_FR\" \/>\n<meta property=\"og:type\" content=\"article\" \/>\n<meta property=\"og:title\" content=\"Interventions ax\u00e9es sur l\u2019espoir\" \/>\n<meta property=\"og:description\" content=\"[vc_row][vc_column width=\u00a0\u00bb1\/2&Prime;][vc_single_image image=\u00a0\u00bb27142&Prime;][\/vc_column][vc_column width=\u00a0\u00bb1\/2&Prime;][vc_message message_box_color=\u00a0\u00bbalert-success\u00a0\u00bb icon_type=\u00a0\u00bbentypo\u00a0\u00bb icon_entypo=\u00a0\u00bbentypo-icon entypo-icon-progress-3&Prime;]COMPL\u00c9T\u00c9 &#8211; 2016[\/vc_message][\/vc_column][\/vc_row][vc_row][vc_column][vc_column_text]Le projet d\u2019interventions ax\u00e9es sur l\u2019espoir (Hope-Centered Career Interventions) dirig\u00e9 par Tannis Goddard (MixtMode, une division consultative [\u2026]\" \/>\n<meta property=\"og:url\" content=\"https:\/\/ceric.ca\/fr\/projets\/interventions-axees-sur-lespoir\/\" \/>\n<meta property=\"og:site_name\" content=\"CERIC\" \/>\n<meta property=\"article:modified_time\" content=\"2022-04-06T19:28:53+00:00\" \/>\n<meta name=\"twitter:card\" content=\"summary_large_image\" \/>\n<meta name=\"twitter:label1\" content=\"Dur\u00e9e de lecture estim\u00e9e\" \/>\n\t<meta name=\"twitter:data1\" content=\"2 minutes\" \/>\n<script type=\"application\/ld+json\" class=\"yoast-schema-graph\">{\"@context\":\"https:\\\/\\\/schema.org\",\"@graph\":[{\"@type\":\"WebPage\",\"@id\":\"https:\\\/\\\/ceric.ca\\\/fr\\\/projets\\\/interventions-axees-sur-lespoir\\\/\",\"url\":\"https:\\\/\\\/ceric.ca\\\/fr\\\/projets\\\/interventions-axees-sur-lespoir\\\/\",\"name\":\"Interventions ax\u00e9es sur l\u2019espoir - CERIC\",\"isPartOf\":{\"@id\":\"https:\\\/\\\/ceric.ca\\\/#website\"},\"datePublished\":\"2022-03-10T21:20:47+00:00\",\"dateModified\":\"2022-04-06T19:28:53+00:00\",\"breadcrumb\":{\"@id\":\"https:\\\/\\\/ceric.ca\\\/fr\\\/projets\\\/interventions-axees-sur-lespoir\\\/#breadcrumb\"},\"inLanguage\":\"fr-FR\",\"potentialAction\":[{\"@type\":\"ReadAction\",\"target\":[\"https:\\\/\\\/ceric.ca\\\/fr\\\/projets\\\/interventions-axees-sur-lespoir\\\/\"]}]},{\"@type\":\"BreadcrumbList\",\"@id\":\"https:\\\/\\\/ceric.ca\\\/fr\\\/projets\\\/interventions-axees-sur-lespoir\\\/#breadcrumb\",\"itemListElement\":[{\"@type\":\"ListItem\",\"position\":1,\"name\":\"Home\",\"item\":\"https:\\\/\\\/ceric.ca\\\/fr\\\/ceric-homepage-2025\\\/\"},{\"@type\":\"ListItem\",\"position\":2,\"name\":\"Projets\",\"item\":\"https:\\\/\\\/ceric.ca\\\/fr\\\/projets\\\/\"},{\"@type\":\"ListItem\",\"position\":3,\"name\":\"Interventions ax\u00e9es sur l\u2019espoir\"}]},{\"@type\":\"WebSite\",\"@id\":\"https:\\\/\\\/ceric.ca\\\/#website\",\"url\":\"https:\\\/\\\/ceric.ca\\\/\",\"name\":\"CERIC\",\"description\":\"\",\"publisher\":{\"@id\":\"https:\\\/\\\/ceric.ca\\\/#organization\"},\"potentialAction\":[{\"@type\":\"SearchAction\",\"target\":{\"@type\":\"EntryPoint\",\"urlTemplate\":\"https:\\\/\\\/ceric.ca\\\/?s={search_term_string}\"},\"query-input\":{\"@type\":\"PropertyValueSpecification\",\"valueRequired\":true,\"valueName\":\"search_term_string\"}}],\"inLanguage\":\"fr-FR\"},{\"@type\":\"Organization\",\"@id\":\"https:\\\/\\\/ceric.ca\\\/#organization\",\"name\":\"CERIC\",\"url\":\"https:\\\/\\\/ceric.ca\\\/\",\"logo\":{\"@type\":\"ImageObject\",\"inLanguage\":\"fr-FR\",\"@id\":\"https:\\\/\\\/ceric.ca\\\/#\\\/schema\\\/logo\\\/image\\\/\",\"url\":\"\",\"contentUrl\":\"\",\"caption\":\"CERIC\"},\"image\":{\"@id\":\"https:\\\/\\\/ceric.ca\\\/#\\\/schema\\\/logo\\\/image\\\/\"}}]}<\/script>\n<!-- \/ Yoast SEO Premium plugin. -->","yoast_head_json":{"title":"Interventions ax\u00e9es sur l\u2019espoir - CERIC","robots":{"index":"index","follow":"follow","max-snippet":"max-snippet:-1","max-image-preview":"max-image-preview:large","max-video-preview":"max-video-preview:-1"},"canonical":"https:\/\/ceric.ca\/fr\/projets\/interventions-axees-sur-lespoir\/","og_locale":"fr_FR","og_type":"article","og_title":"Interventions ax\u00e9es sur l\u2019espoir","og_description":"[vc_row][vc_column width=\u00a0\u00bb1\/2&Prime;][vc_single_image image=\u00a0\u00bb27142&Prime;][\/vc_column][vc_column width=\u00a0\u00bb1\/2&Prime;][vc_message message_box_color=\u00a0\u00bbalert-success\u00a0\u00bb icon_type=\u00a0\u00bbentypo\u00a0\u00bb icon_entypo=\u00a0\u00bbentypo-icon entypo-icon-progress-3&Prime;]COMPL\u00c9T\u00c9 &#8211; 2016[\/vc_message][\/vc_column][\/vc_row][vc_row][vc_column][vc_column_text]Le projet d\u2019interventions ax\u00e9es sur l\u2019espoir (Hope-Centered Career Interventions) dirig\u00e9 par Tannis Goddard (MixtMode, une division consultative [\u2026]","og_url":"https:\/\/ceric.ca\/fr\/projets\/interventions-axees-sur-lespoir\/","og_site_name":"CERIC","article_modified_time":"2022-04-06T19:28:53+00:00","twitter_card":"summary_large_image","twitter_misc":{"Dur\u00e9e de lecture estim\u00e9e":"2 minutes"},"schema":{"@context":"https:\/\/schema.org","@graph":[{"@type":"WebPage","@id":"https:\/\/ceric.ca\/fr\/projets\/interventions-axees-sur-lespoir\/","url":"https:\/\/ceric.ca\/fr\/projets\/interventions-axees-sur-lespoir\/","name":"Interventions ax\u00e9es sur l\u2019espoir - CERIC","isPartOf":{"@id":"https:\/\/ceric.ca\/#website"},"datePublished":"2022-03-10T21:20:47+00:00","dateModified":"2022-04-06T19:28:53+00:00","breadcrumb":{"@id":"https:\/\/ceric.ca\/fr\/projets\/interventions-axees-sur-lespoir\/#breadcrumb"},"inLanguage":"fr-FR","potentialAction":[{"@type":"ReadAction","target":["https:\/\/ceric.ca\/fr\/projets\/interventions-axees-sur-lespoir\/"]}]},{"@type":"BreadcrumbList","@id":"https:\/\/ceric.ca\/fr\/projets\/interventions-axees-sur-lespoir\/#breadcrumb","itemListElement":[{"@type":"ListItem","position":1,"name":"Home","item":"https:\/\/ceric.ca\/fr\/ceric-homepage-2025\/"},{"@type":"ListItem","position":2,"name":"Projets","item":"https:\/\/ceric.ca\/fr\/projets\/"},{"@type":"ListItem","position":3,"name":"Interventions ax\u00e9es sur l\u2019espoir"}]},{"@type":"WebSite","@id":"https:\/\/ceric.ca\/#website","url":"https:\/\/ceric.ca\/","name":"CERIC","description":"","publisher":{"@id":"https:\/\/ceric.ca\/#organization"},"potentialAction":[{"@type":"SearchAction","target":{"@type":"EntryPoint","urlTemplate":"https:\/\/ceric.ca\/?s={search_term_string}"},"query-input":{"@type":"PropertyValueSpecification","valueRequired":true,"valueName":"search_term_string"}}],"inLanguage":"fr-FR"},{"@type":"Organization","@id":"https:\/\/ceric.ca\/#organization","name":"CERIC","url":"https:\/\/ceric.ca\/","logo":{"@type":"ImageObject","inLanguage":"fr-FR","@id":"https:\/\/ceric.ca\/#\/schema\/logo\/image\/","url":"","contentUrl":"","caption":"CERIC"},"image":{"@id":"https:\/\/ceric.ca\/#\/schema\/logo\/image\/"}}]}},"_links":{"self":[{"href":"https:\/\/ceric.ca\/fr\/wp-json\/wp\/v2\/pages\/53660","targetHints":{"allow":["GET"]}}],"collection":[{"href":"https:\/\/ceric.ca\/fr\/wp-json\/wp\/v2\/pages"}],"about":[{"href":"https:\/\/ceric.ca\/fr\/wp-json\/wp\/v2\/types\/page"}],"author":[{"embeddable":true,"href":"https:\/\/ceric.ca\/fr\/wp-json\/wp\/v2\/users\/30"}],"replies":[{"embeddable":true,"href":"https:\/\/ceric.ca\/fr\/wp-json\/wp\/v2\/comments?post=53660"}],"version-history":[{"count":0,"href":"https:\/\/ceric.ca\/fr\/wp-json\/wp\/v2\/pages\/53660\/revisions"}],"up":[{"embeddable":true,"href":"https:\/\/ceric.ca\/fr\/wp-json\/wp\/v2\/pages\/9559"}],"wp:attachment":[{"href":"https:\/\/ceric.ca\/fr\/wp-json\/wp\/v2\/media?parent=53660"}],"curies":[{"name":"wp","href":"https:\/\/api.w.org\/{rel}","templated":true}]}}