{"id":53779,"date":"2022-03-23T11:33:03","date_gmt":"2022-03-23T15:33:03","guid":{"rendered":"https:\/\/ceric.ca\/?page_id=53779"},"modified":"2022-08-15T10:45:06","modified_gmt":"2022-08-15T14:45:06","slug":"guide-a-lintention-des-centres-demploi-aider-les-personnes-atteintes-de-problemes-de-sante-mentale","status":"publish","type":"page","link":"https:\/\/ceric.ca\/fr\/projets\/guide-a-lintention-des-centres-demploi-aider-les-personnes-atteintes-de-problemes-de-sante-mentale\/","title":{"rendered":"Guide \u00e0 l\u2019intention des centres d\u2019emploi : aider les personnes atteintes de probl\u00e8mes de sant\u00e9 mentale"},"content":{"rendered":"<div class=\"wpb-content-wrapper\"><p>[vc_row][vc_column width=\u00a0\u00bb1\/2&Prime;][vc_single_image image=\u00a0\u00bb27091&Prime;][\/vc_column][vc_column width=\u00a0\u00bb1\/2&Prime;]<div class=\"wprt-list clearfix icon-left icon-middle\">\r\n\t\t<div style=\"padding:;margin-bottom:10px;background-color:#f8f8f8;\">\r\n\t\t\t<span style=\"padding-left:30px;\"><span class=\"icon \">\r\n\t\t\t<i class=\"typcn typcn-group\" style=\"color:#898989;font-size:20px;\"><\/i>\r\n\t\t<\/span> <span style=\"font-weight:700;\">Partenaire du projet : Nova Scotia Career Development Association<\/span><\/span>\r\n\t\t<\/div>\r\n\t<\/div><div class=\"wprt-list clearfix icon-left icon-middle\">\r\n\t\t<div style=\"padding:;margin-bottom:10px;background-color:#f8f8f8;\">\r\n\t\t\t<span style=\"padding-left:30px;\"><span class=\"icon \">\r\n\t\t\t<i class=\"typcn typcn-flag\" style=\"color:#898989;font-size:20px;\"><\/i>\r\n\t\t<\/span> <span style=\"font-weight:700;\">Langue : anglais<\/span><\/span>\r\n\t\t<\/div>\r\n\t<\/div>[vc_message message_box_color=\u00a0\u00bbalert-success\u00a0\u00bb icon_type=\u00a0\u00bbentypo\u00a0\u00bb icon_entypo=\u00a0\u00bbentypo-icon entypo-icon-progress-3&Prime;]<strong>TERMIN\u00c9 &#8211; 2015<\/strong>[\/vc_message][\/vc_column][\/vc_row][vc_row][vc_column]\r\n\t<div class=\"wprt-spacer clearfix\" data-desktop=\"40\" data-mobi=\"30\" data-smobi=\"30\"><\/div>[vc_column_text]Le CERIC financera l\u2019\u00e9laboration d\u2019un manuel de formation en ligne destin\u00e9 aux sp\u00e9cialistes de l\u2019orientation professionnelle au Canada. L\u2019objectif est d\u2019am\u00e9liorer les r\u00e9sultats scolaires et professionnels des personnes ayant des probl\u00e8mes de sant\u00e9 mentale. Comment s\u2019y prendra-t-on? En augmentant les connaissances, les habilet\u00e9s et les comp\u00e9tences des sp\u00e9cialistes, en les convainquant que le r\u00e9tablissement est possible et en revoyant les politiques r\u00e9gissant l\u2019exercice de cette profession. Le mat\u00e9riel de formation sera r\u00e9dig\u00e9 \u00e0 partir des conseils d\u2019experts provenant d\u2019organisations phares et de pratiques exemplaires en mati\u00e8re de sant\u00e9 mentale, de soutien par les pairs, de r\u00e9tablissement et d\u2019emploi. Les personnes ayant des probl\u00e8mes de sant\u00e9 mentale seront une importante source de savoir exp\u00e9rientiel.\u00a0Des vid\u00e9os \u00e0 la premi\u00e8re personne montrant diff\u00e9rents points de vue permettront de transmettre les messages importants et de concr\u00e9tiser le contenu de la formation.[\/vc_column_text][\/vc_column][\/vc_row][vc_row][vc_column]\r\n\t<div class=\"wprt-spacer clearfix\" data-desktop=\"40\" data-mobi=\"30\" data-smobi=\"30\"><\/div>[vc_separator color=\u00a0\u00bbcustom\u00a0\u00bb style=\u00a0\u00bbdashed\u00a0\u00bb border_width=\u00a0\u00bb2&Prime; accent_color=\u00a0\u00bb#cccccc\u00a0\u00bb]\r\n\t<div class=\"wprt-spacer clearfix\" data-desktop=\"40\" data-mobi=\"30\" data-smobi=\"30\"><\/div>[\/vc_column][\/vc_row][vc_row][vc_column width=\u00a0\u00bb1\/5&Prime;][vc_single_image image=\u00a0\u00bb12288&Prime; img_size=\u00a0\u00bbmedium\u00a0\u00bb][\/vc_column][vc_column width=\u00a0\u00bb4\/5&Prime;][vc_column_text]<\/p>\n<h3>Career Services Guide: Supporting People Affected by Mental Health Issues<\/h3>\n<div class='w3eden wpdm_package_shortcode'><div class=\"media well link-template-widget\">\n    <div class=\"media-body\">\n        <a href=\"https:\/\/ceric.ca\/wpdm-package\/career-services-guide-supporting-people-affected-by-mental-health-issues\/?wpdmdl=12571&refresh=69e137ea46ec91776367594\" style=\"display: block;clear: bottom;font-size: 11pt;font-weight: bold;\">Career Services Guide: Supporting People Affected by Mental Health Issues<\/a>\n        <div style=\"font-size: 9pt;\">\n            <i class=\"fas fa-hdd color-green\"><\/i> 4.7 MB <i class=\"fa fa-copy ml-3\"><\/i>\n            1 file(s)\n        <\/div>\n    <\/div>\n<\/div>\n\n<\/div>[\/vc_column_text][\/vc_column][\/vc_row][vc_row][vc_column]\r\n\t<div class=\"wprt-spacer clearfix\" data-desktop=\"40\" data-mobi=\"30\" data-smobi=\"30\"><\/div>[vc_separator color=\u00a0\u00bbcustom\u00a0\u00bb style=\u00a0\u00bbdashed\u00a0\u00bb border_width=\u00a0\u00bb2&Prime; accent_color=\u00a0\u00bb#cccccc\u00a0\u00bb]\r\n\t<div class=\"wprt-spacer clearfix\" data-desktop=\"40\" data-mobi=\"30\" data-smobi=\"30\"><\/div>[\/vc_column][\/vc_row][vc_row][vc_column width=\u00a0\u00bb1\/5&Prime;][vc_single_image image=\u00a0\u00bb49746&Prime; img_size=\u00a0\u00bbmedium\u00a0\u00bb][\/vc_column][vc_column width=\u00a0\u00bb4\/5&Prime;][vc_column_text]<\/p>\n<h3>Guide \u00e0 l\u2019intention des centres d\u2019emploi : aider les personnes atteintes de probl\u00e8mes de sant\u00e9 mentale<\/h3>\n<div class='w3eden wpdm_package_shortcode'><div class=\"media well link-template-widget\">\n    <div class=\"media-body\">\n        <a href=\"https:\/\/ceric.ca\/fr\/wpdm-package\/guide-a-lintention-des-centres-demploi-aider-les-personnes-atteintes-de-problemes-de-sante-mentale\/?wpdmdl=12574&refresh=69e137ea84db11776367594\" style=\"display: block;clear: bottom;font-size: 11pt;font-weight: bold;\">Guide \u00e0 l\u2019intention des centres d\u2019emploi : aider les personnes atteintes de probl\u00e8mes de sant\u00e9 mentale<\/a>\n        <div style=\"font-size: 9pt;\">\n            <i class=\"fas fa-hdd color-green\"><\/i> 3.3 MB <i class=\"fa fa-copy ml-3\"><\/i>\n            1 file(s)\n        <\/div>\n    <\/div>\n<\/div>\n\n<\/div>[\/vc_column_text][\/vc_column][\/vc_row][vc_row][vc_column]\r\n\t<div class=\"wprt-spacer clearfix\" data-desktop=\"40\" data-mobi=\"30\" data-smobi=\"30\"><\/div>[vc_separator color=\u00a0\u00bbcustom\u00a0\u00bb style=\u00a0\u00bbdashed\u00a0\u00bb border_width=\u00a0\u00bb2&Prime; accent_color=\u00a0\u00bb#cccccc\u00a0\u00bb]\r\n\t<div class=\"wprt-spacer clearfix\" data-desktop=\"40\" data-mobi=\"30\" data-smobi=\"30\"><\/div>[\/vc_column][\/vc_row][vc_row][vc_column][vc_column_text]<\/p>\n<div id=\"mb-content\">\n<div class=\"container\">\n<div class=\"row\">\n<div class=\"span8 \">\n<article id=\"post-10672\" class=\"post-10672 project type-project status-publish has-post-thumbnail hentry\">\n<div class=\"entry-content\">\n<div class=\"mt_style_row\">\n<div class=\"row-fluid section vc_row-fluid mt_grid_with\">\n<div class=\"wpb_column vc_column_container span12\">\n<div class=\"vc_column-inner \">\n<div class=\"wpb_wrapper\">\n<div class=\"wpb_text_column wpb_content_element \">\n<div class=\"wpb_wrapper\">\n<p>Pourquoi ce projet est-il important? Parce que l\u2019emploi est une pierre angulaire de l\u2019inclusion sociale et que le taux de ch\u00f4mage des personnes atteintes de troubles mentaux est le plus \u00e9lev\u00e9 parmi les personnes handicap\u00e9es. M\u00eame si ces personnes veulent travailler et en sont capables, trouver un emploi demeure un objectif illusoire.\u00a0Les sp\u00e9cialistes de l\u2019orientation professionnelle jouent un r\u00f4le essentiel \u00e0 ce chapitre, car ils peuvent aider leurs clients \u00e0 r\u00e9aliser leur plein potentiel professionnel. Afin de mieux comprendre les besoins en formation des professionnels en d\u00e9veloppement de carri\u00e8re, le CERIC a financ\u00e9 le projet\u00a0<a title=\"Guide \u00e0 l\u2019intention des centres d\u2019emploi pour soutenir les clients ayant un trouble de sant\u00e9 mentale\" href=\"https:\/\/ceric.ca\/fr\/projets\/role-des-praticiens-de-lorientation-qui-aident-les-personnes-aux-prises-avec-des-problemes-de-sante-mentale\/\">R\u00f4le des praticiens de l\u2019orientation qui aident les personnes aux prises avec des probl\u00e8mes de sant\u00e9 mentale<\/a>.\u00a0Des groupes de discussion r\u00e9gionaux, des tables rondes d\u2019intervenants de divers secteurs, des r\u00e9unions avec des gestionnaires de centres de ressources professionnelles et des pr\u00e9sentations lors de conf\u00e9rences provinciales et nationales sur la planification de carri\u00e8re ont permis de cerner les difficult\u00e9s rencontr\u00e9es, notamment celles qui suivent\u00a0:<\/p>\n<ul>\n<li>Un nombre croissant de clients mentionnent des probl\u00e8mes de sant\u00e9 mentale comme facteur jouant un r\u00f4le dans leur embauche.<\/li>\n<li>Les sp\u00e9cialistes de l\u2019orientation professionnelle se sentent g\u00ean\u00e9s par leur manque de connaissances et de comp\u00e9tences lorsque vient le temps d\u2019aider ces clients.<\/li>\n<li>Les clients ne sentent pas que les sp\u00e9cialistes ont les connaissances et les comp\u00e9tences n\u00e9cessaires pour les aider.<\/li>\n<li>Les sp\u00e9cialistes comme les clients reconnaissent que la stigmatisation et la discrimination nuisent \u00e0 l\u2019acc\u00e8s aux services.<\/li>\n<li>La r\u00e9duction de l\u2019acc\u00e8s aux services de planification de carri\u00e8re limite les perspectives d\u2019emploi.<\/li>\n<li>Les sp\u00e9cialistes veulent parfaire leurs connaissances et leurs comp\u00e9tences et souhaitent avoir acc\u00e8s \u00e0 des outils de formation cibl\u00e9s.<\/li>\n<\/ul>\n<p>Les partenaires du projet d\u2019\u00e9laboration de la trousse sont le CERIC, la Nova Scotia Career Development Association, l\u2019Association canadienne pour la sant\u00e9 mentale\u00a0\u2013 nationale, R\u00e9adaptation psychosociale Canada, le Centre pour la sant\u00e9 mentale en milieu de travail de la Great-West, la Commission de la sant\u00e9 mentale du Canada (en attente d\u2019approbation), la Healthy Minds Cooperative et le Consumer Initiative Centre.<\/p>\n<p>Pour en savoir davantage sur ce projet, consultez la page\u00a0<a href=\"http:\/\/chartingthecourse.nscda.ca\/\" target=\"_blank\" rel=\"noopener\">http:\/\/chartingthecourse.nscda.ca\/<\/a>.\u00a0Si vous souhaitez y participer, veuillez \u00e9crire \u00e0 Neasa\u00a0Martin \u00e0\u00a0<a href=\"mailto:neasamartin@primus.ca\">neasamartin@primus.ca<\/a>.<\/p>\n<p><a href=\"http:\/\/ceric.ca\/fr\/download\/rapport-final-en-anglais\/?wpdmdl=15719\" target=\"_blank\" rel=\"noopener\">Rapport final<\/a> (en anglais) \u2013 Apprenez-en davantage sur l\u2019exp\u00e9rience de notre partenaire avec la mise en oeuvre de ce projet, ce qu\u2019ils ont appris et les principales conclusions du projet.<\/p>\n<\/div>\n<\/div>\n<\/div>\n<\/div>\n<\/div>\n<\/div>\n<\/div>\n<\/div>\n<\/article>\n<\/div>\n<\/div>\n<\/div>\n<\/div>\n<p>[\/vc_column_text][\/vc_column][\/vc_row]<\/p>\n<\/div>","protected":false},"excerpt":{"rendered":"<p>[vc_row][vc_column width=\u00a0\u00bb1\/2&Prime;][vc_single_image image=\u00a0\u00bb27091&Prime;][\/vc_column][vc_column width=\u00a0\u00bb1\/2&Prime;][vc_message message_box_color=\u00a0\u00bbalert-success\u00a0\u00bb icon_type=\u00a0\u00bbentypo\u00a0\u00bb icon_entypo=\u00a0\u00bbentypo-icon entypo-icon-progress-3&Prime;]TERMIN\u00c9 &#8211; 2015[\/vc_message][\/vc_column][\/vc_row][vc_row][vc_column][vc_column_text]Le CERIC financera l\u2019\u00e9laboration d\u2019un manuel de formation en ligne destin\u00e9 aux sp\u00e9cialistes de l\u2019orientation professionnelle au<span class=\"excerpt-hellip\"> [\u2026]<\/span><\/p>\n","protected":false},"author":30,"featured_media":0,"parent":9559,"menu_order":0,"comment_status":"closed","ping_status":"closed","template":"","meta":{"h5ap_radio_sources":[],"footnotes":""},"class_list":["post-53779","page","type-page","status-publish","hentry"],"yoast_head":"<!-- This site is optimized with the Yoast SEO Premium plugin v27.3 (Yoast SEO v27.3) - https:\/\/yoast.com\/product\/yoast-seo-premium-wordpress\/ -->\n<title>Guide \u00e0 l\u2019intention des centres d\u2019emploi : aider les personnes atteintes de probl\u00e8mes de sant\u00e9 mentale - CERIC<\/title>\n<meta name=\"robots\" content=\"index, follow, max-snippet:-1, max-image-preview:large, max-video-preview:-1\" \/>\n<link rel=\"canonical\" href=\"https:\/\/ceric.ca\/fr\/projets\/guide-a-lintention-des-centres-demploi-aider-les-personnes-atteintes-de-problemes-de-sante-mentale\/\" \/>\n<meta property=\"og:locale\" content=\"fr_FR\" \/>\n<meta property=\"og:type\" content=\"article\" \/>\n<meta property=\"og:title\" content=\"Guide \u00e0 l\u2019intention des centres d\u2019emploi : aider les personnes atteintes de probl\u00e8mes de sant\u00e9 mentale\" \/>\n<meta property=\"og:description\" content=\"[vc_row][vc_column width=\u00a0\u00bb1\/2&Prime;][vc_single_image image=\u00a0\u00bb27091&Prime;][\/vc_column][vc_column width=\u00a0\u00bb1\/2&Prime;][vc_message message_box_color=\u00a0\u00bbalert-success\u00a0\u00bb icon_type=\u00a0\u00bbentypo\u00a0\u00bb icon_entypo=\u00a0\u00bbentypo-icon entypo-icon-progress-3&Prime;]TERMIN\u00c9 &#8211; 2015[\/vc_message][\/vc_column][\/vc_row][vc_row][vc_column][vc_column_text]Le CERIC financera l\u2019\u00e9laboration d\u2019un manuel de formation en ligne destin\u00e9 aux sp\u00e9cialistes de l\u2019orientation professionnelle au [\u2026]\" \/>\n<meta property=\"og:url\" content=\"https:\/\/ceric.ca\/fr\/projets\/guide-a-lintention-des-centres-demploi-aider-les-personnes-atteintes-de-problemes-de-sante-mentale\/\" \/>\n<meta property=\"og:site_name\" content=\"CERIC\" \/>\n<meta property=\"article:modified_time\" content=\"2022-08-15T14:45:06+00:00\" \/>\n<meta name=\"twitter:card\" content=\"summary_large_image\" \/>\n<meta name=\"twitter:label1\" content=\"Dur\u00e9e de lecture estim\u00e9e\" \/>\n\t<meta name=\"twitter:data1\" content=\"3 minutes\" \/>\n<script type=\"application\/ld+json\" class=\"yoast-schema-graph\">{\"@context\":\"https:\\\/\\\/schema.org\",\"@graph\":[{\"@type\":\"WebPage\",\"@id\":\"https:\\\/\\\/ceric.ca\\\/fr\\\/projets\\\/guide-a-lintention-des-centres-demploi-aider-les-personnes-atteintes-de-problemes-de-sante-mentale\\\/\",\"url\":\"https:\\\/\\\/ceric.ca\\\/fr\\\/projets\\\/guide-a-lintention-des-centres-demploi-aider-les-personnes-atteintes-de-problemes-de-sante-mentale\\\/\",\"name\":\"Guide \u00e0 l\u2019intention des centres d\u2019emploi : aider les personnes atteintes de probl\u00e8mes de sant\u00e9 mentale - CERIC\",\"isPartOf\":{\"@id\":\"https:\\\/\\\/ceric.ca\\\/#website\"},\"datePublished\":\"2022-03-23T15:33:03+00:00\",\"dateModified\":\"2022-08-15T14:45:06+00:00\",\"breadcrumb\":{\"@id\":\"https:\\\/\\\/ceric.ca\\\/fr\\\/projets\\\/guide-a-lintention-des-centres-demploi-aider-les-personnes-atteintes-de-problemes-de-sante-mentale\\\/#breadcrumb\"},\"inLanguage\":\"fr-FR\",\"potentialAction\":[{\"@type\":\"ReadAction\",\"target\":[\"https:\\\/\\\/ceric.ca\\\/fr\\\/projets\\\/guide-a-lintention-des-centres-demploi-aider-les-personnes-atteintes-de-problemes-de-sante-mentale\\\/\"]}]},{\"@type\":\"BreadcrumbList\",\"@id\":\"https:\\\/\\\/ceric.ca\\\/fr\\\/projets\\\/guide-a-lintention-des-centres-demploi-aider-les-personnes-atteintes-de-problemes-de-sante-mentale\\\/#breadcrumb\",\"itemListElement\":[{\"@type\":\"ListItem\",\"position\":1,\"name\":\"Home\",\"item\":\"https:\\\/\\\/ceric.ca\\\/fr\\\/ceric-homepage-2025\\\/\"},{\"@type\":\"ListItem\",\"position\":2,\"name\":\"Projets\",\"item\":\"https:\\\/\\\/ceric.ca\\\/fr\\\/projets\\\/\"},{\"@type\":\"ListItem\",\"position\":3,\"name\":\"Guide \u00e0 l\u2019intention des centres d\u2019emploi : aider les personnes atteintes de probl\u00e8mes de sant\u00e9 mentale\"}]},{\"@type\":\"WebSite\",\"@id\":\"https:\\\/\\\/ceric.ca\\\/#website\",\"url\":\"https:\\\/\\\/ceric.ca\\\/\",\"name\":\"CERIC\",\"description\":\"\",\"publisher\":{\"@id\":\"https:\\\/\\\/ceric.ca\\\/#organization\"},\"potentialAction\":[{\"@type\":\"SearchAction\",\"target\":{\"@type\":\"EntryPoint\",\"urlTemplate\":\"https:\\\/\\\/ceric.ca\\\/?s={search_term_string}\"},\"query-input\":{\"@type\":\"PropertyValueSpecification\",\"valueRequired\":true,\"valueName\":\"search_term_string\"}}],\"inLanguage\":\"fr-FR\"},{\"@type\":\"Organization\",\"@id\":\"https:\\\/\\\/ceric.ca\\\/#organization\",\"name\":\"CERIC\",\"url\":\"https:\\\/\\\/ceric.ca\\\/\",\"logo\":{\"@type\":\"ImageObject\",\"inLanguage\":\"fr-FR\",\"@id\":\"https:\\\/\\\/ceric.ca\\\/#\\\/schema\\\/logo\\\/image\\\/\",\"url\":\"\",\"contentUrl\":\"\",\"caption\":\"CERIC\"},\"image\":{\"@id\":\"https:\\\/\\\/ceric.ca\\\/#\\\/schema\\\/logo\\\/image\\\/\"}}]}<\/script>\n<!-- \/ Yoast SEO Premium plugin. -->","yoast_head_json":{"title":"Guide \u00e0 l\u2019intention des centres d\u2019emploi : aider les personnes atteintes de probl\u00e8mes de sant\u00e9 mentale - CERIC","robots":{"index":"index","follow":"follow","max-snippet":"max-snippet:-1","max-image-preview":"max-image-preview:large","max-video-preview":"max-video-preview:-1"},"canonical":"https:\/\/ceric.ca\/fr\/projets\/guide-a-lintention-des-centres-demploi-aider-les-personnes-atteintes-de-problemes-de-sante-mentale\/","og_locale":"fr_FR","og_type":"article","og_title":"Guide \u00e0 l\u2019intention des centres d\u2019emploi : aider les personnes atteintes de probl\u00e8mes de sant\u00e9 mentale","og_description":"[vc_row][vc_column width=\u00a0\u00bb1\/2&Prime;][vc_single_image image=\u00a0\u00bb27091&Prime;][\/vc_column][vc_column width=\u00a0\u00bb1\/2&Prime;][vc_message message_box_color=\u00a0\u00bbalert-success\u00a0\u00bb icon_type=\u00a0\u00bbentypo\u00a0\u00bb icon_entypo=\u00a0\u00bbentypo-icon entypo-icon-progress-3&Prime;]TERMIN\u00c9 &#8211; 2015[\/vc_message][\/vc_column][\/vc_row][vc_row][vc_column][vc_column_text]Le CERIC financera l\u2019\u00e9laboration d\u2019un manuel de formation en ligne destin\u00e9 aux sp\u00e9cialistes de l\u2019orientation professionnelle au [\u2026]","og_url":"https:\/\/ceric.ca\/fr\/projets\/guide-a-lintention-des-centres-demploi-aider-les-personnes-atteintes-de-problemes-de-sante-mentale\/","og_site_name":"CERIC","article_modified_time":"2022-08-15T14:45:06+00:00","twitter_card":"summary_large_image","twitter_misc":{"Dur\u00e9e de lecture estim\u00e9e":"3 minutes"},"schema":{"@context":"https:\/\/schema.org","@graph":[{"@type":"WebPage","@id":"https:\/\/ceric.ca\/fr\/projets\/guide-a-lintention-des-centres-demploi-aider-les-personnes-atteintes-de-problemes-de-sante-mentale\/","url":"https:\/\/ceric.ca\/fr\/projets\/guide-a-lintention-des-centres-demploi-aider-les-personnes-atteintes-de-problemes-de-sante-mentale\/","name":"Guide \u00e0 l\u2019intention des centres d\u2019emploi : aider les personnes atteintes de probl\u00e8mes de sant\u00e9 mentale - CERIC","isPartOf":{"@id":"https:\/\/ceric.ca\/#website"},"datePublished":"2022-03-23T15:33:03+00:00","dateModified":"2022-08-15T14:45:06+00:00","breadcrumb":{"@id":"https:\/\/ceric.ca\/fr\/projets\/guide-a-lintention-des-centres-demploi-aider-les-personnes-atteintes-de-problemes-de-sante-mentale\/#breadcrumb"},"inLanguage":"fr-FR","potentialAction":[{"@type":"ReadAction","target":["https:\/\/ceric.ca\/fr\/projets\/guide-a-lintention-des-centres-demploi-aider-les-personnes-atteintes-de-problemes-de-sante-mentale\/"]}]},{"@type":"BreadcrumbList","@id":"https:\/\/ceric.ca\/fr\/projets\/guide-a-lintention-des-centres-demploi-aider-les-personnes-atteintes-de-problemes-de-sante-mentale\/#breadcrumb","itemListElement":[{"@type":"ListItem","position":1,"name":"Home","item":"https:\/\/ceric.ca\/fr\/ceric-homepage-2025\/"},{"@type":"ListItem","position":2,"name":"Projets","item":"https:\/\/ceric.ca\/fr\/projets\/"},{"@type":"ListItem","position":3,"name":"Guide \u00e0 l\u2019intention des centres d\u2019emploi : aider les personnes atteintes de probl\u00e8mes de sant\u00e9 mentale"}]},{"@type":"WebSite","@id":"https:\/\/ceric.ca\/#website","url":"https:\/\/ceric.ca\/","name":"CERIC","description":"","publisher":{"@id":"https:\/\/ceric.ca\/#organization"},"potentialAction":[{"@type":"SearchAction","target":{"@type":"EntryPoint","urlTemplate":"https:\/\/ceric.ca\/?s={search_term_string}"},"query-input":{"@type":"PropertyValueSpecification","valueRequired":true,"valueName":"search_term_string"}}],"inLanguage":"fr-FR"},{"@type":"Organization","@id":"https:\/\/ceric.ca\/#organization","name":"CERIC","url":"https:\/\/ceric.ca\/","logo":{"@type":"ImageObject","inLanguage":"fr-FR","@id":"https:\/\/ceric.ca\/#\/schema\/logo\/image\/","url":"","contentUrl":"","caption":"CERIC"},"image":{"@id":"https:\/\/ceric.ca\/#\/schema\/logo\/image\/"}}]}},"_links":{"self":[{"href":"https:\/\/ceric.ca\/fr\/wp-json\/wp\/v2\/pages\/53779","targetHints":{"allow":["GET"]}}],"collection":[{"href":"https:\/\/ceric.ca\/fr\/wp-json\/wp\/v2\/pages"}],"about":[{"href":"https:\/\/ceric.ca\/fr\/wp-json\/wp\/v2\/types\/page"}],"author":[{"embeddable":true,"href":"https:\/\/ceric.ca\/fr\/wp-json\/wp\/v2\/users\/30"}],"replies":[{"embeddable":true,"href":"https:\/\/ceric.ca\/fr\/wp-json\/wp\/v2\/comments?post=53779"}],"version-history":[{"count":0,"href":"https:\/\/ceric.ca\/fr\/wp-json\/wp\/v2\/pages\/53779\/revisions"}],"up":[{"embeddable":true,"href":"https:\/\/ceric.ca\/fr\/wp-json\/wp\/v2\/pages\/9559"}],"wp:attachment":[{"href":"https:\/\/ceric.ca\/fr\/wp-json\/wp\/v2\/media?parent=53779"}],"curies":[{"name":"wp","href":"https:\/\/api.w.org\/{rel}","templated":true}]}}