{"id":53856,"date":"2022-03-29T15:15:02","date_gmt":"2022-03-29T19:15:02","guid":{"rendered":"https:\/\/ceric.ca\/?page_id=53856"},"modified":"2022-08-15T10:54:18","modified_gmt":"2022-08-15T14:54:18","slug":"une-etude-nationale-sur-linnovation-et-lattitude-sociale-des-jeunes-entrepreneurs","status":"publish","type":"page","link":"https:\/\/ceric.ca\/fr\/projets\/une-etude-nationale-sur-linnovation-et-lattitude-sociale-des-jeunes-entrepreneurs\/","title":{"rendered":"Une \u00e9tude nationale sur l\u2019innovation et l\u2019attitude sociale des jeunes entrepreneurs"},"content":{"rendered":"<div class=\"wpb-content-wrapper\"><p>[vc_row][vc_column width=\u00a0\u00bb1\/2&Prime;][vc_single_image image=\u00a0\u00bb53862&Prime;][\/vc_column][vc_column width=\u00a0\u00bb1\/2&Prime;]<div class=\"wprt-list clearfix icon-left icon-middle\">\r\n\t\t<div style=\"padding:;margin-bottom:10px;background-color:#f8f8f8;\">\r\n\t\t\t<span style=\"padding-left:30px;\"><span class=\"icon \">\r\n\t\t\t<i class=\"typcn typcn-group\" style=\"color:#898989;font-size:20px;\"><\/i>\r\n\t\t<\/span> <span style=\"font-weight:700;\">Partenaires du projet : Hire Prospects et D-Code<\/span><\/span>\r\n\t\t<\/div>\r\n\t<\/div><div class=\"wprt-list clearfix icon-left icon-middle\">\r\n\t\t<div style=\"padding:;margin-bottom:10px;background-color:#f8f8f8;\">\r\n\t\t\t<span style=\"padding-left:30px;\"><span class=\"icon \">\r\n\t\t\t<i class=\"typcn typcn-flag\" style=\"color:#898989;font-size:20px;\"><\/i>\r\n\t\t<\/span> <span style=\"font-weight:700;\">Langue : Anglais<\/span><\/span>\r\n\t\t<\/div>\r\n\t<\/div>[vc_message message_box_color=\u00a0\u00bbalert-success\u00a0\u00bb icon_type=\u00a0\u00bbentypo\u00a0\u00bb icon_entypo=\u00a0\u00bbentypo-icon entypo-icon-progress-3&Prime;]<strong>TERMIN\u00c9 &#8211; 2008<br \/>\n<\/strong>[\/vc_message][\/vc_column][\/vc_row][vc_row][vc_column]\r\n\t<div class=\"wprt-spacer clearfix\" data-desktop=\"40\" data-mobi=\"30\" data-smobi=\"30\"><\/div>[vc_column_text]<\/p>\n<div class=\"mt_style_row\">\n<div class=\"row-fluid section vc_row-fluid mt_grid_with\">\n<div class=\"wpb_column vc_column_container span12\">\n<div class=\"vc_column-inner \">\n<div class=\"wpb_wrapper\">\n<div class=\"wpb_text_column wpb_content_element \">\n<div class=\"wpb_wrapper\">\n<p>La National Youth Entrepreneur Social Attitude and Innovation Study est un projet de recherche de Hire Prospects, le service Youth Survey Outreach de l\u2019Association ontarienne des centres de consultation pour l\u2019embauche des jeunes, en partenariat avec D-Code, la firme de recherche sp\u00e9cialis\u00e9e qui vise \u00e0 perfectionner les connaissances sur les jeunes. Ce projet de partenariat du CERIC se penche sur l\u2019attitude des jeunes \u00e0 l\u2019\u00e9gard de l\u2019entrepreneurship comme choix de carri\u00e8re, en approchant des jeunes de tout l\u2019Ontario et du Lower Mainland de la Colombie-Britannique. Elle comprend un sondage en ligne de 400 jeunes r\u00e9pondants et des ateliers sur l\u2019innovation avec 40 jeunes participants qui songent \u00e0 devenir entrepreneurs et 10 jeunes qui exploitent de petites entreprises. Le projet est guid\u00e9 par un groupe consultatif form\u00e9 de parties int\u00e9ress\u00e9es par les attitudes entrepreneuriales des jeunes.<\/p>\n<p><strong>Le projet va :<\/strong><\/p>\n<ul>\n<li>Fournir des d\u00e9tails d\u2019exp\u00e9riences personnelles du processus d\u2019entrepreneuriat que des conseillers, des formateurs et des mentors pourront incorporer dans leur travail avec leurs clients.<\/li>\n<li>Cr\u00e9er une ressource-r\u00e9f\u00e9rence pour aider les conseillers dans leur travail. Fournir des solutions d\u00e9taill\u00e9es, du point de vue des clients, sur la mani\u00e8re dont les conseillers pourraient comprendre et r\u00e9pondre aux tendances sociales \u00e9mergentes en entrepreneurship, au niveau d\u2019un individu, d\u2019une communaut\u00e9 et d\u2019une soci\u00e9t\u00e9.<\/li>\n<\/ul>\n<p>Les r\u00e9sultats de l\u2019\u00e9tude devraient contribuer \u00e0 la prosp\u00e9rit\u00e9 \u00e9conomique et sociale et \u00e0 la productivit\u00e9 des jeunes Canadiens. Les conclusions de la recherche seront diffus\u00e9es dans un rapport final et par des conf\u00e9rences, dont la Conf\u00e9rence sur le d\u00e9veloppement de carri\u00e8re \u2013 Cannexus 2008.<\/p>\n<\/div>\n<\/div>\n<\/div>\n<\/div>\n<\/div>\n<\/div>\n<\/div>\n<p>[\/vc_column_text]\r\n\t<div class=\"wprt-spacer clearfix\" data-desktop=\"40\" data-mobi=\"30\" data-smobi=\"30\"><\/div>[\/vc_column][\/vc_row][vc_row][vc_column][vc_column_text]<div class='w3eden wpdm_package_shortcode'><div class=\"media well link-template-widget\">\n    <div class=\"media-body\">\n        <a href=\"https:\/\/ceric.ca\/fr\/wpdm-package\/une-etude-nationale-sur-linnovation-et-lattitude-sociale-des-jeunes-entrepreneurs\/?wpdmdl=14178&refresh=69dba374b2a801776001908\" style=\"display: block;clear: bottom;font-size: 11pt;font-weight: bold;\">Une \u00e9tude nationale sur l\u2019innovation et l\u2019attitude sociale des jeunes entrepreneurs - Rapport final (en anglais)<\/a>\n        <div style=\"font-size: 9pt;\">\n            <i class=\"fas fa-hdd color-green\"><\/i> 176.87 KB <i class=\"fa fa-copy ml-3\"><\/i>\n            1 file(s)\n        <\/div>\n    <\/div>\n<\/div>\n\n<\/div>[\/vc_column_text][\/vc_column][\/vc_row]<\/p>\n<\/div>","protected":false},"excerpt":{"rendered":"<p>[vc_row][vc_column width=\u00a0\u00bb1\/2&Prime;][vc_single_image image=\u00a0\u00bb53862&Prime;][\/vc_column][vc_column width=\u00a0\u00bb1\/2&Prime;][vc_message message_box_color=\u00a0\u00bbalert-success\u00a0\u00bb icon_type=\u00a0\u00bbentypo\u00a0\u00bb icon_entypo=\u00a0\u00bbentypo-icon entypo-icon-progress-3&Prime;]TERMIN\u00c9 &#8211; 2008 [\/vc_message][\/vc_column][\/vc_row][vc_row][vc_column][vc_column_text] La National Youth Entrepreneur Social Attitude and Innovation Study est un projet de recherche de<span class=\"excerpt-hellip\"> [\u2026]<\/span><\/p>\n","protected":false},"author":4,"featured_media":0,"parent":9559,"menu_order":0,"comment_status":"closed","ping_status":"closed","template":"","meta":{"h5ap_radio_sources":[],"footnotes":""},"class_list":["post-53856","page","type-page","status-publish","hentry"],"yoast_head":"<!-- This site is optimized with the Yoast SEO Premium plugin v27.3 (Yoast SEO v27.3) - https:\/\/yoast.com\/product\/yoast-seo-premium-wordpress\/ -->\n<title>Une \u00e9tude nationale sur l\u2019innovation et l\u2019attitude sociale des jeunes entrepreneurs - CERIC<\/title>\n<meta name=\"robots\" content=\"index, follow, max-snippet:-1, max-image-preview:large, max-video-preview:-1\" \/>\n<link rel=\"canonical\" href=\"https:\/\/ceric.ca\/fr\/projets\/une-etude-nationale-sur-linnovation-et-lattitude-sociale-des-jeunes-entrepreneurs\/\" \/>\n<meta property=\"og:locale\" content=\"fr_FR\" \/>\n<meta property=\"og:type\" content=\"article\" \/>\n<meta property=\"og:title\" content=\"Une \u00e9tude nationale sur l\u2019innovation et l\u2019attitude sociale des jeunes entrepreneurs\" \/>\n<meta property=\"og:description\" content=\"[vc_row][vc_column width=\u00a0\u00bb1\/2&Prime;][vc_single_image image=\u00a0\u00bb53862&Prime;][\/vc_column][vc_column width=\u00a0\u00bb1\/2&Prime;][vc_message message_box_color=\u00a0\u00bbalert-success\u00a0\u00bb icon_type=\u00a0\u00bbentypo\u00a0\u00bb icon_entypo=\u00a0\u00bbentypo-icon entypo-icon-progress-3&Prime;]TERMIN\u00c9 &#8211; 2008 [\/vc_message][\/vc_column][\/vc_row][vc_row][vc_column][vc_column_text] La National Youth Entrepreneur Social Attitude and Innovation Study est un projet de recherche de [\u2026]\" \/>\n<meta property=\"og:url\" content=\"https:\/\/ceric.ca\/fr\/projets\/une-etude-nationale-sur-linnovation-et-lattitude-sociale-des-jeunes-entrepreneurs\/\" \/>\n<meta property=\"og:site_name\" content=\"CERIC\" \/>\n<meta property=\"article:modified_time\" content=\"2022-08-15T14:54:18+00:00\" \/>\n<meta name=\"twitter:card\" content=\"summary_large_image\" \/>\n<meta name=\"twitter:label1\" content=\"Dur\u00e9e de lecture estim\u00e9e\" \/>\n\t<meta name=\"twitter:data1\" content=\"2 minutes\" \/>\n<script type=\"application\/ld+json\" class=\"yoast-schema-graph\">{\"@context\":\"https:\\\/\\\/schema.org\",\"@graph\":[{\"@type\":\"WebPage\",\"@id\":\"https:\\\/\\\/ceric.ca\\\/fr\\\/projets\\\/une-etude-nationale-sur-linnovation-et-lattitude-sociale-des-jeunes-entrepreneurs\\\/\",\"url\":\"https:\\\/\\\/ceric.ca\\\/fr\\\/projets\\\/une-etude-nationale-sur-linnovation-et-lattitude-sociale-des-jeunes-entrepreneurs\\\/\",\"name\":\"Une \u00e9tude nationale sur l\u2019innovation et l\u2019attitude sociale des jeunes entrepreneurs - CERIC\",\"isPartOf\":{\"@id\":\"https:\\\/\\\/ceric.ca\\\/#website\"},\"datePublished\":\"2022-03-29T19:15:02+00:00\",\"dateModified\":\"2022-08-15T14:54:18+00:00\",\"breadcrumb\":{\"@id\":\"https:\\\/\\\/ceric.ca\\\/fr\\\/projets\\\/une-etude-nationale-sur-linnovation-et-lattitude-sociale-des-jeunes-entrepreneurs\\\/#breadcrumb\"},\"inLanguage\":\"fr-FR\",\"potentialAction\":[{\"@type\":\"ReadAction\",\"target\":[\"https:\\\/\\\/ceric.ca\\\/fr\\\/projets\\\/une-etude-nationale-sur-linnovation-et-lattitude-sociale-des-jeunes-entrepreneurs\\\/\"]}]},{\"@type\":\"BreadcrumbList\",\"@id\":\"https:\\\/\\\/ceric.ca\\\/fr\\\/projets\\\/une-etude-nationale-sur-linnovation-et-lattitude-sociale-des-jeunes-entrepreneurs\\\/#breadcrumb\",\"itemListElement\":[{\"@type\":\"ListItem\",\"position\":1,\"name\":\"Home\",\"item\":\"https:\\\/\\\/ceric.ca\\\/fr\\\/ceric-homepage-2025\\\/\"},{\"@type\":\"ListItem\",\"position\":2,\"name\":\"Projets\",\"item\":\"https:\\\/\\\/ceric.ca\\\/fr\\\/projets\\\/\"},{\"@type\":\"ListItem\",\"position\":3,\"name\":\"Une \u00e9tude nationale sur l\u2019innovation et l\u2019attitude sociale des jeunes entrepreneurs\"}]},{\"@type\":\"WebSite\",\"@id\":\"https:\\\/\\\/ceric.ca\\\/#website\",\"url\":\"https:\\\/\\\/ceric.ca\\\/\",\"name\":\"CERIC\",\"description\":\"\",\"publisher\":{\"@id\":\"https:\\\/\\\/ceric.ca\\\/#organization\"},\"potentialAction\":[{\"@type\":\"SearchAction\",\"target\":{\"@type\":\"EntryPoint\",\"urlTemplate\":\"https:\\\/\\\/ceric.ca\\\/?s={search_term_string}\"},\"query-input\":{\"@type\":\"PropertyValueSpecification\",\"valueRequired\":true,\"valueName\":\"search_term_string\"}}],\"inLanguage\":\"fr-FR\"},{\"@type\":\"Organization\",\"@id\":\"https:\\\/\\\/ceric.ca\\\/#organization\",\"name\":\"CERIC\",\"url\":\"https:\\\/\\\/ceric.ca\\\/\",\"logo\":{\"@type\":\"ImageObject\",\"inLanguage\":\"fr-FR\",\"@id\":\"https:\\\/\\\/ceric.ca\\\/#\\\/schema\\\/logo\\\/image\\\/\",\"url\":\"\",\"contentUrl\":\"\",\"caption\":\"CERIC\"},\"image\":{\"@id\":\"https:\\\/\\\/ceric.ca\\\/#\\\/schema\\\/logo\\\/image\\\/\"}}]}<\/script>\n<!-- \/ Yoast SEO Premium plugin. -->","yoast_head_json":{"title":"Une \u00e9tude nationale sur l\u2019innovation et l\u2019attitude sociale des jeunes entrepreneurs - CERIC","robots":{"index":"index","follow":"follow","max-snippet":"max-snippet:-1","max-image-preview":"max-image-preview:large","max-video-preview":"max-video-preview:-1"},"canonical":"https:\/\/ceric.ca\/fr\/projets\/une-etude-nationale-sur-linnovation-et-lattitude-sociale-des-jeunes-entrepreneurs\/","og_locale":"fr_FR","og_type":"article","og_title":"Une \u00e9tude nationale sur l\u2019innovation et l\u2019attitude sociale des jeunes entrepreneurs","og_description":"[vc_row][vc_column width=\u00a0\u00bb1\/2&Prime;][vc_single_image image=\u00a0\u00bb53862&Prime;][\/vc_column][vc_column width=\u00a0\u00bb1\/2&Prime;][vc_message message_box_color=\u00a0\u00bbalert-success\u00a0\u00bb icon_type=\u00a0\u00bbentypo\u00a0\u00bb icon_entypo=\u00a0\u00bbentypo-icon entypo-icon-progress-3&Prime;]TERMIN\u00c9 &#8211; 2008 [\/vc_message][\/vc_column][\/vc_row][vc_row][vc_column][vc_column_text] La National Youth Entrepreneur Social Attitude and Innovation Study est un projet de recherche de [\u2026]","og_url":"https:\/\/ceric.ca\/fr\/projets\/une-etude-nationale-sur-linnovation-et-lattitude-sociale-des-jeunes-entrepreneurs\/","og_site_name":"CERIC","article_modified_time":"2022-08-15T14:54:18+00:00","twitter_card":"summary_large_image","twitter_misc":{"Dur\u00e9e de lecture estim\u00e9e":"2 minutes"},"schema":{"@context":"https:\/\/schema.org","@graph":[{"@type":"WebPage","@id":"https:\/\/ceric.ca\/fr\/projets\/une-etude-nationale-sur-linnovation-et-lattitude-sociale-des-jeunes-entrepreneurs\/","url":"https:\/\/ceric.ca\/fr\/projets\/une-etude-nationale-sur-linnovation-et-lattitude-sociale-des-jeunes-entrepreneurs\/","name":"Une \u00e9tude nationale sur l\u2019innovation et l\u2019attitude sociale des jeunes entrepreneurs - CERIC","isPartOf":{"@id":"https:\/\/ceric.ca\/#website"},"datePublished":"2022-03-29T19:15:02+00:00","dateModified":"2022-08-15T14:54:18+00:00","breadcrumb":{"@id":"https:\/\/ceric.ca\/fr\/projets\/une-etude-nationale-sur-linnovation-et-lattitude-sociale-des-jeunes-entrepreneurs\/#breadcrumb"},"inLanguage":"fr-FR","potentialAction":[{"@type":"ReadAction","target":["https:\/\/ceric.ca\/fr\/projets\/une-etude-nationale-sur-linnovation-et-lattitude-sociale-des-jeunes-entrepreneurs\/"]}]},{"@type":"BreadcrumbList","@id":"https:\/\/ceric.ca\/fr\/projets\/une-etude-nationale-sur-linnovation-et-lattitude-sociale-des-jeunes-entrepreneurs\/#breadcrumb","itemListElement":[{"@type":"ListItem","position":1,"name":"Home","item":"https:\/\/ceric.ca\/fr\/ceric-homepage-2025\/"},{"@type":"ListItem","position":2,"name":"Projets","item":"https:\/\/ceric.ca\/fr\/projets\/"},{"@type":"ListItem","position":3,"name":"Une \u00e9tude nationale sur l\u2019innovation et l\u2019attitude sociale des jeunes entrepreneurs"}]},{"@type":"WebSite","@id":"https:\/\/ceric.ca\/#website","url":"https:\/\/ceric.ca\/","name":"CERIC","description":"","publisher":{"@id":"https:\/\/ceric.ca\/#organization"},"potentialAction":[{"@type":"SearchAction","target":{"@type":"EntryPoint","urlTemplate":"https:\/\/ceric.ca\/?s={search_term_string}"},"query-input":{"@type":"PropertyValueSpecification","valueRequired":true,"valueName":"search_term_string"}}],"inLanguage":"fr-FR"},{"@type":"Organization","@id":"https:\/\/ceric.ca\/#organization","name":"CERIC","url":"https:\/\/ceric.ca\/","logo":{"@type":"ImageObject","inLanguage":"fr-FR","@id":"https:\/\/ceric.ca\/#\/schema\/logo\/image\/","url":"","contentUrl":"","caption":"CERIC"},"image":{"@id":"https:\/\/ceric.ca\/#\/schema\/logo\/image\/"}}]}},"_links":{"self":[{"href":"https:\/\/ceric.ca\/fr\/wp-json\/wp\/v2\/pages\/53856","targetHints":{"allow":["GET"]}}],"collection":[{"href":"https:\/\/ceric.ca\/fr\/wp-json\/wp\/v2\/pages"}],"about":[{"href":"https:\/\/ceric.ca\/fr\/wp-json\/wp\/v2\/types\/page"}],"author":[{"embeddable":true,"href":"https:\/\/ceric.ca\/fr\/wp-json\/wp\/v2\/users\/4"}],"replies":[{"embeddable":true,"href":"https:\/\/ceric.ca\/fr\/wp-json\/wp\/v2\/comments?post=53856"}],"version-history":[{"count":0,"href":"https:\/\/ceric.ca\/fr\/wp-json\/wp\/v2\/pages\/53856\/revisions"}],"up":[{"embeddable":true,"href":"https:\/\/ceric.ca\/fr\/wp-json\/wp\/v2\/pages\/9559"}],"wp:attachment":[{"href":"https:\/\/ceric.ca\/fr\/wp-json\/wp\/v2\/media?parent=53856"}],"curies":[{"name":"wp","href":"https:\/\/api.w.org\/{rel}","templated":true}]}}