{"id":53992,"date":"2022-04-04T17:49:30","date_gmt":"2022-04-04T21:49:30","guid":{"rendered":"https:\/\/ceric.ca\/?page_id=53992"},"modified":"2022-08-15T10:52:14","modified_gmt":"2022-08-15T14:52:14","slug":"conference-nationale-2010-des-cgfc-changeons-avec-nos-communautes-innovation-collaboration-inspiration","status":"publish","type":"page","link":"https:\/\/ceric.ca\/fr\/projets\/conference-nationale-2010-des-cgfc-changeons-avec-nos-communautes-innovation-collaboration-inspiration\/","title":{"rendered":"Conf\u00e9rence nationale 2010 des CGFC : changeons avec nos communaut\u00e9s \u2013 innovation, collaboration, inspiration"},"content":{"rendered":"<div class=\"wpb-content-wrapper\"><p>[vc_row][vc_column width=\u00a0\u00bb1\/2&Prime;][vc_single_image image=\u00a0\u00bb54097&Prime;][\/vc_column][vc_column width=\u00a0\u00bb1\/2&Prime;]<div class=\"wprt-list clearfix icon-left icon-middle\">\r\n\t\t<div style=\"padding:;margin-bottom:10px;background-color:#f8f8f8;\">\r\n\t\t\t<span style=\"padding-left:30px;\"><span class=\"icon \">\r\n\t\t\t<i class=\"typcn typcn-group\" style=\"color:#898989;font-size:20px;\"><\/i>\r\n\t\t<\/span> <span style=\"font-weight:700;\">Partenaire du projet : Clubs gar\u00e7ons et filles du Canada<\/span><\/span>\r\n\t\t<\/div>\r\n\t<\/div><div class=\"wprt-list clearfix icon-left icon-middle\">\r\n\t\t<div style=\"padding:;margin-bottom:10px;background-color:#f8f8f8;\">\r\n\t\t\t<span style=\"padding-left:30px;\"><span class=\"icon \">\r\n\t\t\t<i class=\"typcn typcn-flag\" style=\"color:#898989;font-size:20px;\"><\/i>\r\n\t\t<\/span> <span style=\"font-weight:700;\">Langue : Anglais<\/span><\/span>\r\n\t\t<\/div>\r\n\t<\/div>[vc_message message_box_color=\u00a0\u00bbalert-success\u00a0\u00bb icon_type=\u00a0\u00bbentypo\u00a0\u00bb icon_entypo=\u00a0\u00bbentypo-icon entypo-icon-progress-3&Prime;]<strong>TERMIN\u00c9 &#8211; 2010<\/strong>[\/vc_message][\/vc_column][\/vc_row][vc_row][vc_column]\r\n\t<div class=\"wprt-spacer clearfix\" data-desktop=\"40\" data-mobi=\"30\" data-smobi=\"30\"><\/div>[vc_column_text]CERIC est un commanditaire de la Conf\u00e9rence nationale 2010 des Clubs gar\u00e7ons et filles du Canada, une chance pour les membres du mouvement des clubs de gar\u00e7ons et de filles de tout le Canada de se rassembler et d\u00e9velopper de nouvelles mani\u00e8res d\u2019aider les enfants et la jeunesse en g\u00e9n\u00e9ral. La Conf\u00e9rence aura lieu du 19 au 22 mai \u00e0 Calgary et les b\u00e9n\u00e9voles de toutes les communaut\u00e9s du pays pourront y partager leurs exp\u00e9riences, leurs id\u00e9es et strat\u00e9gies visant \u00e0 aider chaque jeune \u00e0 tirer le parti maximum de leur potentiel.<\/p>\n<p>La Conf\u00e9rence nationale 2010 des Clubs gar\u00e7ons et filles du Canada est la meilleure occasion de d\u00e9veloppement professionnelle du Canada. Elle accueillera des conf\u00e9renciers dynamiques, des ateliers innovateurs et d\u2019importantes discussions sur la fa\u00e7on dont les clubs de gar\u00e7ons et de filles peuvent aider les jeunes \u00e0 surmonter les d\u00e9fis et barri\u00e8res qui les emp\u00eachent de r\u00e9ussir.<\/p>\n<p><a href=\"https:\/\/www.bgccan.com\/fr\/\" target=\"_blank\" rel=\"noopener\">Conf\u00e9rence nationale des Clubs gar\u00e7ons et filles du Canada<\/a>[\/vc_column_text][\/vc_column][\/vc_row]<\/p>\n<\/div>","protected":false},"excerpt":{"rendered":"<p>[vc_row][vc_column width=\u00a0\u00bb1\/2&Prime;][vc_single_image image=\u00a0\u00bb54097&Prime;][\/vc_column][vc_column width=\u00a0\u00bb1\/2&Prime;][vc_message message_box_color=\u00a0\u00bbalert-success\u00a0\u00bb icon_type=\u00a0\u00bbentypo\u00a0\u00bb icon_entypo=\u00a0\u00bbentypo-icon entypo-icon-progress-3&Prime;]TERMIN\u00c9 &#8211; 2010[\/vc_message][\/vc_column][\/vc_row][vc_row][vc_column][vc_column_text]CERIC est un commanditaire de la Conf\u00e9rence nationale 2010 des Clubs gar\u00e7ons et filles du Canada, une<span class=\"excerpt-hellip\"> [\u2026]<\/span><\/p>\n","protected":false},"author":4,"featured_media":0,"parent":9559,"menu_order":0,"comment_status":"closed","ping_status":"closed","template":"","meta":{"h5ap_radio_sources":[],"footnotes":""},"class_list":["post-53992","page","type-page","status-publish","hentry"],"yoast_head":"<!-- This site is optimized with the Yoast SEO Premium plugin v27.3 (Yoast SEO v27.3) - https:\/\/yoast.com\/product\/yoast-seo-premium-wordpress\/ -->\n<title>Conf\u00e9rence nationale 2010 des CGFC : changeons avec nos communaut\u00e9s \u2013 innovation, collaboration, inspiration - CERIC<\/title>\n<meta name=\"robots\" content=\"index, follow, max-snippet:-1, max-image-preview:large, max-video-preview:-1\" \/>\n<link rel=\"canonical\" href=\"https:\/\/ceric.ca\/fr\/projets\/conference-nationale-2010-des-cgfc-changeons-avec-nos-communautes-innovation-collaboration-inspiration\/\" \/>\n<meta property=\"og:locale\" content=\"fr_FR\" \/>\n<meta property=\"og:type\" content=\"article\" \/>\n<meta property=\"og:title\" content=\"Conf\u00e9rence nationale 2010 des CGFC : changeons avec nos communaut\u00e9s \u2013 innovation, collaboration, inspiration\" \/>\n<meta property=\"og:description\" content=\"[vc_row][vc_column width=\u00a0\u00bb1\/2&Prime;][vc_single_image image=\u00a0\u00bb54097&Prime;][\/vc_column][vc_column width=\u00a0\u00bb1\/2&Prime;][vc_message message_box_color=\u00a0\u00bbalert-success\u00a0\u00bb icon_type=\u00a0\u00bbentypo\u00a0\u00bb icon_entypo=\u00a0\u00bbentypo-icon entypo-icon-progress-3&Prime;]TERMIN\u00c9 &#8211; 2010[\/vc_message][\/vc_column][\/vc_row][vc_row][vc_column][vc_column_text]CERIC est un commanditaire de la Conf\u00e9rence nationale 2010 des Clubs gar\u00e7ons et filles du Canada, une [\u2026]\" \/>\n<meta property=\"og:url\" content=\"https:\/\/ceric.ca\/fr\/projets\/conference-nationale-2010-des-cgfc-changeons-avec-nos-communautes-innovation-collaboration-inspiration\/\" \/>\n<meta property=\"og:site_name\" content=\"CERIC\" \/>\n<meta property=\"article:modified_time\" content=\"2022-08-15T14:52:14+00:00\" \/>\n<meta name=\"twitter:card\" content=\"summary_large_image\" \/>\n<meta name=\"twitter:label1\" content=\"Dur\u00e9e de lecture estim\u00e9e\" \/>\n\t<meta name=\"twitter:data1\" content=\"1 minute\" \/>\n<script type=\"application\/ld+json\" class=\"yoast-schema-graph\">{\"@context\":\"https:\\\/\\\/schema.org\",\"@graph\":[{\"@type\":\"WebPage\",\"@id\":\"https:\\\/\\\/ceric.ca\\\/fr\\\/projets\\\/conference-nationale-2010-des-cgfc-changeons-avec-nos-communautes-innovation-collaboration-inspiration\\\/\",\"url\":\"https:\\\/\\\/ceric.ca\\\/fr\\\/projets\\\/conference-nationale-2010-des-cgfc-changeons-avec-nos-communautes-innovation-collaboration-inspiration\\\/\",\"name\":\"Conf\u00e9rence nationale 2010 des CGFC : changeons avec nos communaut\u00e9s \u2013 innovation, collaboration, inspiration - CERIC\",\"isPartOf\":{\"@id\":\"https:\\\/\\\/ceric.ca\\\/#website\"},\"datePublished\":\"2022-04-04T21:49:30+00:00\",\"dateModified\":\"2022-08-15T14:52:14+00:00\",\"breadcrumb\":{\"@id\":\"https:\\\/\\\/ceric.ca\\\/fr\\\/projets\\\/conference-nationale-2010-des-cgfc-changeons-avec-nos-communautes-innovation-collaboration-inspiration\\\/#breadcrumb\"},\"inLanguage\":\"fr-FR\",\"potentialAction\":[{\"@type\":\"ReadAction\",\"target\":[\"https:\\\/\\\/ceric.ca\\\/fr\\\/projets\\\/conference-nationale-2010-des-cgfc-changeons-avec-nos-communautes-innovation-collaboration-inspiration\\\/\"]}]},{\"@type\":\"BreadcrumbList\",\"@id\":\"https:\\\/\\\/ceric.ca\\\/fr\\\/projets\\\/conference-nationale-2010-des-cgfc-changeons-avec-nos-communautes-innovation-collaboration-inspiration\\\/#breadcrumb\",\"itemListElement\":[{\"@type\":\"ListItem\",\"position\":1,\"name\":\"Home\",\"item\":\"https:\\\/\\\/ceric.ca\\\/fr\\\/ceric-homepage-2025\\\/\"},{\"@type\":\"ListItem\",\"position\":2,\"name\":\"Projets\",\"item\":\"https:\\\/\\\/ceric.ca\\\/fr\\\/projets\\\/\"},{\"@type\":\"ListItem\",\"position\":3,\"name\":\"Conf\u00e9rence nationale 2010 des CGFC : changeons avec nos communaut\u00e9s \u2013 innovation, collaboration, inspiration\"}]},{\"@type\":\"WebSite\",\"@id\":\"https:\\\/\\\/ceric.ca\\\/#website\",\"url\":\"https:\\\/\\\/ceric.ca\\\/\",\"name\":\"CERIC\",\"description\":\"\",\"publisher\":{\"@id\":\"https:\\\/\\\/ceric.ca\\\/#organization\"},\"potentialAction\":[{\"@type\":\"SearchAction\",\"target\":{\"@type\":\"EntryPoint\",\"urlTemplate\":\"https:\\\/\\\/ceric.ca\\\/?s={search_term_string}\"},\"query-input\":{\"@type\":\"PropertyValueSpecification\",\"valueRequired\":true,\"valueName\":\"search_term_string\"}}],\"inLanguage\":\"fr-FR\"},{\"@type\":\"Organization\",\"@id\":\"https:\\\/\\\/ceric.ca\\\/#organization\",\"name\":\"CERIC\",\"url\":\"https:\\\/\\\/ceric.ca\\\/\",\"logo\":{\"@type\":\"ImageObject\",\"inLanguage\":\"fr-FR\",\"@id\":\"https:\\\/\\\/ceric.ca\\\/#\\\/schema\\\/logo\\\/image\\\/\",\"url\":\"\",\"contentUrl\":\"\",\"caption\":\"CERIC\"},\"image\":{\"@id\":\"https:\\\/\\\/ceric.ca\\\/#\\\/schema\\\/logo\\\/image\\\/\"}}]}<\/script>\n<!-- \/ Yoast SEO Premium plugin. -->","yoast_head_json":{"title":"Conf\u00e9rence nationale 2010 des CGFC : changeons avec nos communaut\u00e9s \u2013 innovation, collaboration, inspiration - CERIC","robots":{"index":"index","follow":"follow","max-snippet":"max-snippet:-1","max-image-preview":"max-image-preview:large","max-video-preview":"max-video-preview:-1"},"canonical":"https:\/\/ceric.ca\/fr\/projets\/conference-nationale-2010-des-cgfc-changeons-avec-nos-communautes-innovation-collaboration-inspiration\/","og_locale":"fr_FR","og_type":"article","og_title":"Conf\u00e9rence nationale 2010 des CGFC : changeons avec nos communaut\u00e9s \u2013 innovation, collaboration, inspiration","og_description":"[vc_row][vc_column width=\u00a0\u00bb1\/2&Prime;][vc_single_image image=\u00a0\u00bb54097&Prime;][\/vc_column][vc_column width=\u00a0\u00bb1\/2&Prime;][vc_message message_box_color=\u00a0\u00bbalert-success\u00a0\u00bb icon_type=\u00a0\u00bbentypo\u00a0\u00bb icon_entypo=\u00a0\u00bbentypo-icon entypo-icon-progress-3&Prime;]TERMIN\u00c9 &#8211; 2010[\/vc_message][\/vc_column][\/vc_row][vc_row][vc_column][vc_column_text]CERIC est un commanditaire de la Conf\u00e9rence nationale 2010 des Clubs gar\u00e7ons et filles du Canada, une [\u2026]","og_url":"https:\/\/ceric.ca\/fr\/projets\/conference-nationale-2010-des-cgfc-changeons-avec-nos-communautes-innovation-collaboration-inspiration\/","og_site_name":"CERIC","article_modified_time":"2022-08-15T14:52:14+00:00","twitter_card":"summary_large_image","twitter_misc":{"Dur\u00e9e de lecture estim\u00e9e":"1 minute"},"schema":{"@context":"https:\/\/schema.org","@graph":[{"@type":"WebPage","@id":"https:\/\/ceric.ca\/fr\/projets\/conference-nationale-2010-des-cgfc-changeons-avec-nos-communautes-innovation-collaboration-inspiration\/","url":"https:\/\/ceric.ca\/fr\/projets\/conference-nationale-2010-des-cgfc-changeons-avec-nos-communautes-innovation-collaboration-inspiration\/","name":"Conf\u00e9rence nationale 2010 des CGFC : changeons avec nos communaut\u00e9s \u2013 innovation, collaboration, inspiration - CERIC","isPartOf":{"@id":"https:\/\/ceric.ca\/#website"},"datePublished":"2022-04-04T21:49:30+00:00","dateModified":"2022-08-15T14:52:14+00:00","breadcrumb":{"@id":"https:\/\/ceric.ca\/fr\/projets\/conference-nationale-2010-des-cgfc-changeons-avec-nos-communautes-innovation-collaboration-inspiration\/#breadcrumb"},"inLanguage":"fr-FR","potentialAction":[{"@type":"ReadAction","target":["https:\/\/ceric.ca\/fr\/projets\/conference-nationale-2010-des-cgfc-changeons-avec-nos-communautes-innovation-collaboration-inspiration\/"]}]},{"@type":"BreadcrumbList","@id":"https:\/\/ceric.ca\/fr\/projets\/conference-nationale-2010-des-cgfc-changeons-avec-nos-communautes-innovation-collaboration-inspiration\/#breadcrumb","itemListElement":[{"@type":"ListItem","position":1,"name":"Home","item":"https:\/\/ceric.ca\/fr\/ceric-homepage-2025\/"},{"@type":"ListItem","position":2,"name":"Projets","item":"https:\/\/ceric.ca\/fr\/projets\/"},{"@type":"ListItem","position":3,"name":"Conf\u00e9rence nationale 2010 des CGFC : changeons avec nos communaut\u00e9s \u2013 innovation, collaboration, inspiration"}]},{"@type":"WebSite","@id":"https:\/\/ceric.ca\/#website","url":"https:\/\/ceric.ca\/","name":"CERIC","description":"","publisher":{"@id":"https:\/\/ceric.ca\/#organization"},"potentialAction":[{"@type":"SearchAction","target":{"@type":"EntryPoint","urlTemplate":"https:\/\/ceric.ca\/?s={search_term_string}"},"query-input":{"@type":"PropertyValueSpecification","valueRequired":true,"valueName":"search_term_string"}}],"inLanguage":"fr-FR"},{"@type":"Organization","@id":"https:\/\/ceric.ca\/#organization","name":"CERIC","url":"https:\/\/ceric.ca\/","logo":{"@type":"ImageObject","inLanguage":"fr-FR","@id":"https:\/\/ceric.ca\/#\/schema\/logo\/image\/","url":"","contentUrl":"","caption":"CERIC"},"image":{"@id":"https:\/\/ceric.ca\/#\/schema\/logo\/image\/"}}]}},"_links":{"self":[{"href":"https:\/\/ceric.ca\/fr\/wp-json\/wp\/v2\/pages\/53992","targetHints":{"allow":["GET"]}}],"collection":[{"href":"https:\/\/ceric.ca\/fr\/wp-json\/wp\/v2\/pages"}],"about":[{"href":"https:\/\/ceric.ca\/fr\/wp-json\/wp\/v2\/types\/page"}],"author":[{"embeddable":true,"href":"https:\/\/ceric.ca\/fr\/wp-json\/wp\/v2\/users\/4"}],"replies":[{"embeddable":true,"href":"https:\/\/ceric.ca\/fr\/wp-json\/wp\/v2\/comments?post=53992"}],"version-history":[{"count":0,"href":"https:\/\/ceric.ca\/fr\/wp-json\/wp\/v2\/pages\/53992\/revisions"}],"up":[{"embeddable":true,"href":"https:\/\/ceric.ca\/fr\/wp-json\/wp\/v2\/pages\/9559"}],"wp:attachment":[{"href":"https:\/\/ceric.ca\/fr\/wp-json\/wp\/v2\/media?parent=53992"}],"curies":[{"name":"wp","href":"https:\/\/api.w.org\/{rel}","templated":true}]}}