{"id":54000,"date":"2022-04-04T18:30:17","date_gmt":"2022-04-04T22:30:17","guid":{"rendered":"https:\/\/ceric.ca\/?page_id=54000"},"modified":"2022-08-15T10:52:49","modified_gmt":"2022-08-15T14:52:49","slug":"la-convergence-catalytique-les-innovations-en-matiere-de-conference-pour-les-programmes-a-lintention-de-la-jeunesse","status":"publish","type":"page","link":"https:\/\/ceric.ca\/fr\/projets\/la-convergence-catalytique-les-innovations-en-matiere-de-conference-pour-les-programmes-a-lintention-de-la-jeunesse\/","title":{"rendered":"La convergence catalytique : les innovations en mati\u00e8re de conf\u00e9rence pour les programmes \u00e0 l\u2019intention de la jeunesse"},"content":{"rendered":"<div class=\"wpb-content-wrapper\"><p>[vc_row][vc_column width=\u00a0\u00bb1\/2&Prime;][vc_single_image image=\u00a0\u00bb27110&Prime;][\/vc_column][vc_column width=\u00a0\u00bb1\/2&Prime;]<div class=\"wprt-list clearfix icon-left icon-middle\">\r\n\t\t<div style=\"padding:;margin-bottom:10px;background-color:#f8f8f8;\">\r\n\t\t\t<span style=\"padding-left:30px;\"><span class=\"icon \">\r\n\t\t\t<i class=\"typcn typcn-group\" style=\"color:#898989;font-size:20px;\"><\/i>\r\n\t\t<\/span> <span style=\"font-weight:700;\">Partenaire du projet : Street Kids International<\/span><\/span>\r\n\t\t<\/div>\r\n\t<\/div><div class=\"wprt-list clearfix icon-left icon-middle\">\r\n\t\t<div style=\"padding:;margin-bottom:10px;background-color:#f8f8f8;\">\r\n\t\t\t<span style=\"padding-left:30px;\"><span class=\"icon \">\r\n\t\t\t<i class=\"typcn typcn-flag\" style=\"color:#898989;font-size:20px;\"><\/i>\r\n\t\t<\/span> <span style=\"font-weight:700;\">Langue : Anglais<\/span><\/span>\r\n\t\t<\/div>\r\n\t<\/div>[vc_message message_box_color=\u00a0\u00bbalert-success\u00a0\u00bb icon_type=\u00a0\u00bbentypo\u00a0\u00bb icon_entypo=\u00a0\u00bbentypo-icon entypo-icon-progress-3&Prime;]<strong>TERMIN\u00c9 &#8211; 2009<\/strong>[\/vc_message][\/vc_column][\/vc_row][vc_row][vc_column]\r\n\t<div class=\"wprt-spacer clearfix\" data-desktop=\"40\" data-mobi=\"30\" data-smobi=\"30\"><\/div>[vc_column_text]En partenariat avec le CERIC, Street Kids International organisera une conf\u00e9rence passionnante \u00e0 Toronto du 5 au 9 octobre 2009. La convergence catalytique : les innovations en mati\u00e8re de conf\u00e9rence pour les programmes \u00e0 l\u2019intention de la jeunesse exploiteront les outils de programmation du d\u00e9veloppement de carri\u00e8re et les approches de mise en place en se fondant sur les initiatives de formation de Street Kids International pour les jeunes marginalis\u00e9s. Des organismes partenaires qui travaillent avec et pour les jeunes de tout le Canada et du monde entier apporteront leur contribution, en offrant une occasion de consolider un r\u00e9seau international de praticiens.<\/p>\n<p>En partageant les meilleures pratiques, en mettant ensemble leur pouvoir mental, en pollinisant de fa\u00e7on crois\u00e9e leurs id\u00e9es et en nouant des relations fructueuses dans le r\u00e9seau des praticiens chevronn\u00e9s de Street Kids International, cette conf\u00e9rence offrira une occasion unique aux travailleurs sociaux canadiens et internationaux de parler des interventions critiques et de faire avancer le domaine de l\u2019emploi des jeunes.<\/p>\n<p>La conf\u00e9rence pr\u00e9sentera des innovations pratiques et avant-gardistes pour donner aux jeunes les comp\u00e9tences pour trouver un emploi r\u00e9mun\u00e9rateur gr\u00e2ce au salariat et \u00e0 l\u2019entreprenariat. Elle inclura des s\u00e9ances d\u2019\u00e9tudes du march\u00e9 pour le d\u00e9marrage d\u2019entreprises, la pratique des affaires, le mentorat et le r\u00f4le de la famille pour la r\u00e9ussite des jeunes travailleurs.[\/vc_column_text][\/vc_column][\/vc_row]<\/p>\n<\/div>","protected":false},"excerpt":{"rendered":"<p>[vc_row][vc_column width=\u00a0\u00bb1\/2&Prime;][vc_single_image image=\u00a0\u00bb27110&Prime;][\/vc_column][vc_column width=\u00a0\u00bb1\/2&Prime;][vc_message message_box_color=\u00a0\u00bbalert-success\u00a0\u00bb icon_type=\u00a0\u00bbentypo\u00a0\u00bb icon_entypo=\u00a0\u00bbentypo-icon entypo-icon-progress-3&Prime;]TERMIN\u00c9 &#8211; 2009[\/vc_message][\/vc_column][\/vc_row][vc_row][vc_column][vc_column_text]En partenariat avec le CERIC, Street Kids International organisera une conf\u00e9rence passionnante \u00e0 Toronto du 5 au<span class=\"excerpt-hellip\"> [\u2026]<\/span><\/p>\n","protected":false},"author":4,"featured_media":0,"parent":9559,"menu_order":0,"comment_status":"closed","ping_status":"closed","template":"","meta":{"h5ap_radio_sources":[],"footnotes":""},"class_list":["post-54000","page","type-page","status-publish","hentry"],"yoast_head":"<!-- This site is optimized with the Yoast SEO Premium plugin v27.3 (Yoast SEO v27.3) - https:\/\/yoast.com\/product\/yoast-seo-premium-wordpress\/ -->\n<title>La convergence catalytique : les innovations en mati\u00e8re de conf\u00e9rence pour les programmes \u00e0 l\u2019intention de la jeunesse - CERIC<\/title>\n<meta name=\"robots\" content=\"index, follow, max-snippet:-1, max-image-preview:large, max-video-preview:-1\" \/>\n<link rel=\"canonical\" href=\"https:\/\/ceric.ca\/fr\/projets\/la-convergence-catalytique-les-innovations-en-matiere-de-conference-pour-les-programmes-a-lintention-de-la-jeunesse\/\" \/>\n<meta property=\"og:locale\" content=\"fr_FR\" \/>\n<meta property=\"og:type\" content=\"article\" \/>\n<meta property=\"og:title\" content=\"La convergence catalytique : les innovations en mati\u00e8re de conf\u00e9rence pour les programmes \u00e0 l\u2019intention de la jeunesse\" \/>\n<meta property=\"og:description\" content=\"[vc_row][vc_column width=\u00a0\u00bb1\/2&Prime;][vc_single_image image=\u00a0\u00bb27110&Prime;][\/vc_column][vc_column width=\u00a0\u00bb1\/2&Prime;][vc_message message_box_color=\u00a0\u00bbalert-success\u00a0\u00bb icon_type=\u00a0\u00bbentypo\u00a0\u00bb icon_entypo=\u00a0\u00bbentypo-icon entypo-icon-progress-3&Prime;]TERMIN\u00c9 &#8211; 2009[\/vc_message][\/vc_column][\/vc_row][vc_row][vc_column][vc_column_text]En partenariat avec le CERIC, Street Kids International organisera une conf\u00e9rence passionnante \u00e0 Toronto du 5 au [\u2026]\" \/>\n<meta property=\"og:url\" content=\"https:\/\/ceric.ca\/fr\/projets\/la-convergence-catalytique-les-innovations-en-matiere-de-conference-pour-les-programmes-a-lintention-de-la-jeunesse\/\" \/>\n<meta property=\"og:site_name\" content=\"CERIC\" \/>\n<meta property=\"article:modified_time\" content=\"2022-08-15T14:52:49+00:00\" \/>\n<meta name=\"twitter:card\" content=\"summary_large_image\" \/>\n<meta name=\"twitter:label1\" content=\"Dur\u00e9e de lecture estim\u00e9e\" \/>\n\t<meta name=\"twitter:data1\" content=\"2 minutes\" \/>\n<script type=\"application\/ld+json\" class=\"yoast-schema-graph\">{\"@context\":\"https:\\\/\\\/schema.org\",\"@graph\":[{\"@type\":\"WebPage\",\"@id\":\"https:\\\/\\\/ceric.ca\\\/fr\\\/projets\\\/la-convergence-catalytique-les-innovations-en-matiere-de-conference-pour-les-programmes-a-lintention-de-la-jeunesse\\\/\",\"url\":\"https:\\\/\\\/ceric.ca\\\/fr\\\/projets\\\/la-convergence-catalytique-les-innovations-en-matiere-de-conference-pour-les-programmes-a-lintention-de-la-jeunesse\\\/\",\"name\":\"La convergence catalytique : les innovations en mati\u00e8re de conf\u00e9rence pour les programmes \u00e0 l\u2019intention de la jeunesse - CERIC\",\"isPartOf\":{\"@id\":\"https:\\\/\\\/ceric.ca\\\/#website\"},\"datePublished\":\"2022-04-04T22:30:17+00:00\",\"dateModified\":\"2022-08-15T14:52:49+00:00\",\"breadcrumb\":{\"@id\":\"https:\\\/\\\/ceric.ca\\\/fr\\\/projets\\\/la-convergence-catalytique-les-innovations-en-matiere-de-conference-pour-les-programmes-a-lintention-de-la-jeunesse\\\/#breadcrumb\"},\"inLanguage\":\"fr-FR\",\"potentialAction\":[{\"@type\":\"ReadAction\",\"target\":[\"https:\\\/\\\/ceric.ca\\\/fr\\\/projets\\\/la-convergence-catalytique-les-innovations-en-matiere-de-conference-pour-les-programmes-a-lintention-de-la-jeunesse\\\/\"]}]},{\"@type\":\"BreadcrumbList\",\"@id\":\"https:\\\/\\\/ceric.ca\\\/fr\\\/projets\\\/la-convergence-catalytique-les-innovations-en-matiere-de-conference-pour-les-programmes-a-lintention-de-la-jeunesse\\\/#breadcrumb\",\"itemListElement\":[{\"@type\":\"ListItem\",\"position\":1,\"name\":\"Home\",\"item\":\"https:\\\/\\\/ceric.ca\\\/fr\\\/ceric-homepage-2025\\\/\"},{\"@type\":\"ListItem\",\"position\":2,\"name\":\"Projets\",\"item\":\"https:\\\/\\\/ceric.ca\\\/fr\\\/projets\\\/\"},{\"@type\":\"ListItem\",\"position\":3,\"name\":\"La convergence catalytique : les innovations en mati\u00e8re de conf\u00e9rence pour les programmes \u00e0 l\u2019intention de la jeunesse\"}]},{\"@type\":\"WebSite\",\"@id\":\"https:\\\/\\\/ceric.ca\\\/#website\",\"url\":\"https:\\\/\\\/ceric.ca\\\/\",\"name\":\"CERIC\",\"description\":\"\",\"publisher\":{\"@id\":\"https:\\\/\\\/ceric.ca\\\/#organization\"},\"potentialAction\":[{\"@type\":\"SearchAction\",\"target\":{\"@type\":\"EntryPoint\",\"urlTemplate\":\"https:\\\/\\\/ceric.ca\\\/?s={search_term_string}\"},\"query-input\":{\"@type\":\"PropertyValueSpecification\",\"valueRequired\":true,\"valueName\":\"search_term_string\"}}],\"inLanguage\":\"fr-FR\"},{\"@type\":\"Organization\",\"@id\":\"https:\\\/\\\/ceric.ca\\\/#organization\",\"name\":\"CERIC\",\"url\":\"https:\\\/\\\/ceric.ca\\\/\",\"logo\":{\"@type\":\"ImageObject\",\"inLanguage\":\"fr-FR\",\"@id\":\"https:\\\/\\\/ceric.ca\\\/#\\\/schema\\\/logo\\\/image\\\/\",\"url\":\"\",\"contentUrl\":\"\",\"caption\":\"CERIC\"},\"image\":{\"@id\":\"https:\\\/\\\/ceric.ca\\\/#\\\/schema\\\/logo\\\/image\\\/\"}}]}<\/script>\n<!-- \/ Yoast SEO Premium plugin. -->","yoast_head_json":{"title":"La convergence catalytique : les innovations en mati\u00e8re de conf\u00e9rence pour les programmes \u00e0 l\u2019intention de la jeunesse - CERIC","robots":{"index":"index","follow":"follow","max-snippet":"max-snippet:-1","max-image-preview":"max-image-preview:large","max-video-preview":"max-video-preview:-1"},"canonical":"https:\/\/ceric.ca\/fr\/projets\/la-convergence-catalytique-les-innovations-en-matiere-de-conference-pour-les-programmes-a-lintention-de-la-jeunesse\/","og_locale":"fr_FR","og_type":"article","og_title":"La convergence catalytique : les innovations en mati\u00e8re de conf\u00e9rence pour les programmes \u00e0 l\u2019intention de la jeunesse","og_description":"[vc_row][vc_column width=\u00a0\u00bb1\/2&Prime;][vc_single_image image=\u00a0\u00bb27110&Prime;][\/vc_column][vc_column width=\u00a0\u00bb1\/2&Prime;][vc_message message_box_color=\u00a0\u00bbalert-success\u00a0\u00bb icon_type=\u00a0\u00bbentypo\u00a0\u00bb icon_entypo=\u00a0\u00bbentypo-icon entypo-icon-progress-3&Prime;]TERMIN\u00c9 &#8211; 2009[\/vc_message][\/vc_column][\/vc_row][vc_row][vc_column][vc_column_text]En partenariat avec le CERIC, Street Kids International organisera une conf\u00e9rence passionnante \u00e0 Toronto du 5 au [\u2026]","og_url":"https:\/\/ceric.ca\/fr\/projets\/la-convergence-catalytique-les-innovations-en-matiere-de-conference-pour-les-programmes-a-lintention-de-la-jeunesse\/","og_site_name":"CERIC","article_modified_time":"2022-08-15T14:52:49+00:00","twitter_card":"summary_large_image","twitter_misc":{"Dur\u00e9e de lecture estim\u00e9e":"2 minutes"},"schema":{"@context":"https:\/\/schema.org","@graph":[{"@type":"WebPage","@id":"https:\/\/ceric.ca\/fr\/projets\/la-convergence-catalytique-les-innovations-en-matiere-de-conference-pour-les-programmes-a-lintention-de-la-jeunesse\/","url":"https:\/\/ceric.ca\/fr\/projets\/la-convergence-catalytique-les-innovations-en-matiere-de-conference-pour-les-programmes-a-lintention-de-la-jeunesse\/","name":"La convergence catalytique : les innovations en mati\u00e8re de conf\u00e9rence pour les programmes \u00e0 l\u2019intention de la jeunesse - CERIC","isPartOf":{"@id":"https:\/\/ceric.ca\/#website"},"datePublished":"2022-04-04T22:30:17+00:00","dateModified":"2022-08-15T14:52:49+00:00","breadcrumb":{"@id":"https:\/\/ceric.ca\/fr\/projets\/la-convergence-catalytique-les-innovations-en-matiere-de-conference-pour-les-programmes-a-lintention-de-la-jeunesse\/#breadcrumb"},"inLanguage":"fr-FR","potentialAction":[{"@type":"ReadAction","target":["https:\/\/ceric.ca\/fr\/projets\/la-convergence-catalytique-les-innovations-en-matiere-de-conference-pour-les-programmes-a-lintention-de-la-jeunesse\/"]}]},{"@type":"BreadcrumbList","@id":"https:\/\/ceric.ca\/fr\/projets\/la-convergence-catalytique-les-innovations-en-matiere-de-conference-pour-les-programmes-a-lintention-de-la-jeunesse\/#breadcrumb","itemListElement":[{"@type":"ListItem","position":1,"name":"Home","item":"https:\/\/ceric.ca\/fr\/ceric-homepage-2025\/"},{"@type":"ListItem","position":2,"name":"Projets","item":"https:\/\/ceric.ca\/fr\/projets\/"},{"@type":"ListItem","position":3,"name":"La convergence catalytique : les innovations en mati\u00e8re de conf\u00e9rence pour les programmes \u00e0 l\u2019intention de la jeunesse"}]},{"@type":"WebSite","@id":"https:\/\/ceric.ca\/#website","url":"https:\/\/ceric.ca\/","name":"CERIC","description":"","publisher":{"@id":"https:\/\/ceric.ca\/#organization"},"potentialAction":[{"@type":"SearchAction","target":{"@type":"EntryPoint","urlTemplate":"https:\/\/ceric.ca\/?s={search_term_string}"},"query-input":{"@type":"PropertyValueSpecification","valueRequired":true,"valueName":"search_term_string"}}],"inLanguage":"fr-FR"},{"@type":"Organization","@id":"https:\/\/ceric.ca\/#organization","name":"CERIC","url":"https:\/\/ceric.ca\/","logo":{"@type":"ImageObject","inLanguage":"fr-FR","@id":"https:\/\/ceric.ca\/#\/schema\/logo\/image\/","url":"","contentUrl":"","caption":"CERIC"},"image":{"@id":"https:\/\/ceric.ca\/#\/schema\/logo\/image\/"}}]}},"_links":{"self":[{"href":"https:\/\/ceric.ca\/fr\/wp-json\/wp\/v2\/pages\/54000","targetHints":{"allow":["GET"]}}],"collection":[{"href":"https:\/\/ceric.ca\/fr\/wp-json\/wp\/v2\/pages"}],"about":[{"href":"https:\/\/ceric.ca\/fr\/wp-json\/wp\/v2\/types\/page"}],"author":[{"embeddable":true,"href":"https:\/\/ceric.ca\/fr\/wp-json\/wp\/v2\/users\/4"}],"replies":[{"embeddable":true,"href":"https:\/\/ceric.ca\/fr\/wp-json\/wp\/v2\/comments?post=54000"}],"version-history":[{"count":0,"href":"https:\/\/ceric.ca\/fr\/wp-json\/wp\/v2\/pages\/54000\/revisions"}],"up":[{"embeddable":true,"href":"https:\/\/ceric.ca\/fr\/wp-json\/wp\/v2\/pages\/9559"}],"wp:attachment":[{"href":"https:\/\/ceric.ca\/fr\/wp-json\/wp\/v2\/media?parent=54000"}],"curies":[{"name":"wp","href":"https:\/\/api.w.org\/{rel}","templated":true}]}}