{"id":54205,"date":"2022-04-06T16:20:37","date_gmt":"2022-04-06T20:20:37","guid":{"rendered":"https:\/\/ceric.ca\/?page_id=54205"},"modified":"2022-08-15T10:54:35","modified_gmt":"2022-08-15T14:54:35","slug":"good-work-resource-guide-un-guide-de-ressources-et-de-formation-pour-les-orienteurs-et-les-enseignants","status":"publish","type":"page","link":"https:\/\/ceric.ca\/fr\/projets\/good-work-resource-guide-un-guide-de-ressources-et-de-formation-pour-les-orienteurs-et-les-enseignants\/","title":{"rendered":"GOOD WORK! GUIDE RESSOURCE : UN GUIDE DE RESSOURCES ET DE FORMATION POUR LES ORIENTEURS ET LES ENSEIGNANTS"},"content":{"rendered":"<div class=\"wpb-content-wrapper\"><p>[vc_row][vc_column width=\u00a0\u00bb1\/2&Prime;][vc_single_image image=\u00a0\u00bb27124&Prime;][\/vc_column][vc_column width=\u00a0\u00bb1\/2&Prime;]<div class=\"wprt-list clearfix icon-left icon-middle\">\r\n\t\t<div style=\"padding:;margin-bottom:10px;background-color:#f8f8f8;\">\r\n\t\t\t<span style=\"padding-left:30px;\"><span class=\"icon \">\r\n\t\t\t<i class=\"typcn typcn-group\" style=\"color:#898989;font-size:20px;\"><\/i>\r\n\t\t<\/span> <span style=\"font-weight:700;\">Partenaires du projet : Services d\u2019emploi des jeunes (YES) et l\u2019Association ontarienne des centres de consultation pour l\u2019embauche des jeunes (OAYEC)<\/span><\/span>\r\n\t\t<\/div>\r\n\t<\/div><div class=\"wprt-list clearfix icon-left icon-middle\">\r\n\t\t<div style=\"padding:;margin-bottom:10px;background-color:#f8f8f8;\">\r\n\t\t\t<span style=\"padding-left:30px;\"><span class=\"icon \">\r\n\t\t\t<i class=\"typcn typcn-flag\" style=\"color:#898989;font-size:20px;\"><\/i>\r\n\t\t<\/span> <span style=\"font-weight:700;\">Langue : Anglais<\/span><\/span>\r\n\t\t<\/div>\r\n\t<\/div>[vc_message message_box_color=\u00a0\u00bbalert-success\u00a0\u00bb icon_type=\u00a0\u00bbentypo\u00a0\u00bb icon_entypo=\u00a0\u00bbentypo-icon entypo-icon-progress-3&Prime;]<strong>TERMIN\u00c9 &#8211; 2009<\/strong>[\/vc_message][\/vc_column][\/vc_row][vc_row][vc_column]\r\n\t<div class=\"wprt-spacer clearfix\" data-desktop=\"40\" data-mobi=\"30\" data-smobi=\"30\"><\/div>[vc_column_text]<\/p>\n<div id=\"main-content\" class=\"site-main clearfix\">\n<div id=\"content-wrap\" class=\"wprt-container\">\n<div id=\"site-content\" class=\"site-content clearfix\">\n<div id=\"inner-content\" class=\"inner-content-wrap\">\n<article id=\"post-10629\" class=\"clearfix post-10629 project type-project status-publish has-post-thumbnail hentry\">\n<div class=\"post-content-single-wrap\">\n<div class=\"post-content clearfix\">\n<div class=\"vc_row wpb_row vc_row-fluid\">\n<div class=\"wpb_column vc_column_container vc_col-sm-12\">\n<div class=\"vc_column-inner\">\n<div class=\"wpb_wrapper\">\n<div class=\"wpb_text_column wpb_content_element \">\n<div class=\"wpb_wrapper\">\n<p>Good Work Facilitator\u2019s Guide est une nouvelle ressource destin\u00e9e aux orienteurs et enseignants. Il accompagne et compl\u00e8te Good Work! Get A GREAT JOB or BE YOUR OWN BOSS. Ce guide aide les professionnels qui enseignent les habilet\u00e9s li\u00e9es \u00e0 la recherche d\u2019emploi ou au d\u00e9marrage d\u2019une entreprise. La publication sera suivie par des s\u00e9ances de formation pour les \u00e9ducateurs au secondaire, les conseillers d\u2019orientation professionnelle et les conseillers en emploi.<\/p>\n<p>Le guide a \u00e9t\u00e9 \u00e9crit par Nancy Schaefer, pr\u00e9sidente des Services d\u2019emploi des jeunes (YES). La formation sera donn\u00e9e par l\u2019Association ontarienne des centres de consultation pour l\u2019embauche des jeunes (OAYEC).<\/p>\n<\/div>\n<\/div>\n<\/div>\n<\/div>\n<\/div>\n<\/div>\n<\/div>\n<\/div>\n<\/article>\n<\/div>\n<\/div>\n<\/div>\n<\/div>\n<footer id=\"footer\">\n<div id=\"footer-widgets\" class=\"wprt-container\">\n<div class=\"wprt-row gutter-30\">\n<div class=\"span_1_of_1 col\">\n<div id=\"text_icl-4\" class=\"widget widget_text_icl\"><\/div>\n<\/div>\n<\/div>\n<\/div>\n<\/footer>\n<p>[\/vc_column_text][\/vc_column][\/vc_row]<\/p>\n<\/div>","protected":false},"excerpt":{"rendered":"<p>[vc_row][vc_column width=\u00a0\u00bb1\/2&Prime;][vc_single_image image=\u00a0\u00bb27124&Prime;][\/vc_column][vc_column width=\u00a0\u00bb1\/2&Prime;][vc_message message_box_color=\u00a0\u00bbalert-success\u00a0\u00bb icon_type=\u00a0\u00bbentypo\u00a0\u00bb icon_entypo=\u00a0\u00bbentypo-icon entypo-icon-progress-3&Prime;]TERMIN\u00c9 &#8211; 2009[\/vc_message][\/vc_column][\/vc_row][vc_row][vc_column][vc_column_text] Good Work Facilitator\u2019s Guide est une nouvelle ressource destin\u00e9e aux orienteurs et enseignants. Il accompagne et<span class=\"excerpt-hellip\"> [\u2026]<\/span><\/p>\n","protected":false},"author":30,"featured_media":0,"parent":9559,"menu_order":0,"comment_status":"closed","ping_status":"closed","template":"","meta":{"h5ap_radio_sources":[],"footnotes":""},"class_list":["post-54205","page","type-page","status-publish","hentry"],"yoast_head":"<!-- This site is optimized with the Yoast SEO Premium plugin v27.5 (Yoast SEO v27.5) - https:\/\/yoast.com\/product\/yoast-seo-premium-wordpress\/ -->\n<title>GOOD WORK! GUIDE RESSOURCE : UN GUIDE DE RESSOURCES ET DE FORMATION POUR LES ORIENTEURS ET LES ENSEIGNANTS - CERIC<\/title>\n<meta name=\"robots\" content=\"index, follow, max-snippet:-1, max-image-preview:large, max-video-preview:-1\" \/>\n<link rel=\"canonical\" href=\"https:\/\/ceric.ca\/fr\/projets\/good-work-resource-guide-un-guide-de-ressources-et-de-formation-pour-les-orienteurs-et-les-enseignants\/\" \/>\n<meta property=\"og:locale\" content=\"fr_FR\" \/>\n<meta property=\"og:type\" content=\"article\" \/>\n<meta property=\"og:title\" content=\"GOOD WORK! GUIDE RESSOURCE : UN GUIDE DE RESSOURCES ET DE FORMATION POUR LES ORIENTEURS ET LES ENSEIGNANTS\" \/>\n<meta property=\"og:description\" content=\"[vc_row][vc_column width=\u00a0\u00bb1\/2&Prime;][vc_single_image image=\u00a0\u00bb27124&Prime;][\/vc_column][vc_column width=\u00a0\u00bb1\/2&Prime;][vc_message message_box_color=\u00a0\u00bbalert-success\u00a0\u00bb icon_type=\u00a0\u00bbentypo\u00a0\u00bb icon_entypo=\u00a0\u00bbentypo-icon entypo-icon-progress-3&Prime;]TERMIN\u00c9 &#8211; 2009[\/vc_message][\/vc_column][\/vc_row][vc_row][vc_column][vc_column_text] Good Work Facilitator\u2019s Guide est une nouvelle ressource destin\u00e9e aux orienteurs et enseignants. Il accompagne et [\u2026]\" \/>\n<meta property=\"og:url\" content=\"https:\/\/ceric.ca\/fr\/projets\/good-work-resource-guide-un-guide-de-ressources-et-de-formation-pour-les-orienteurs-et-les-enseignants\/\" \/>\n<meta property=\"og:site_name\" content=\"CERIC\" \/>\n<meta property=\"article:modified_time\" content=\"2022-08-15T14:54:35+00:00\" \/>\n<meta name=\"twitter:card\" content=\"summary_large_image\" \/>\n<meta name=\"twitter:label1\" content=\"Dur\u00e9e de lecture estim\u00e9e\" \/>\n\t<meta name=\"twitter:data1\" content=\"1 minute\" \/>\n<script type=\"application\/ld+json\" class=\"yoast-schema-graph\">{\"@context\":\"https:\\\/\\\/schema.org\",\"@graph\":[{\"@type\":\"WebPage\",\"@id\":\"https:\\\/\\\/ceric.ca\\\/fr\\\/projets\\\/good-work-resource-guide-un-guide-de-ressources-et-de-formation-pour-les-orienteurs-et-les-enseignants\\\/\",\"url\":\"https:\\\/\\\/ceric.ca\\\/fr\\\/projets\\\/good-work-resource-guide-un-guide-de-ressources-et-de-formation-pour-les-orienteurs-et-les-enseignants\\\/\",\"name\":\"GOOD WORK! GUIDE RESSOURCE : UN GUIDE DE RESSOURCES ET DE FORMATION POUR LES ORIENTEURS ET LES ENSEIGNANTS - CERIC\",\"isPartOf\":{\"@id\":\"https:\\\/\\\/ceric.ca\\\/#website\"},\"datePublished\":\"2022-04-06T20:20:37+00:00\",\"dateModified\":\"2022-08-15T14:54:35+00:00\",\"breadcrumb\":{\"@id\":\"https:\\\/\\\/ceric.ca\\\/fr\\\/projets\\\/good-work-resource-guide-un-guide-de-ressources-et-de-formation-pour-les-orienteurs-et-les-enseignants\\\/#breadcrumb\"},\"inLanguage\":\"fr-FR\",\"potentialAction\":[{\"@type\":\"ReadAction\",\"target\":[\"https:\\\/\\\/ceric.ca\\\/fr\\\/projets\\\/good-work-resource-guide-un-guide-de-ressources-et-de-formation-pour-les-orienteurs-et-les-enseignants\\\/\"]}]},{\"@type\":\"BreadcrumbList\",\"@id\":\"https:\\\/\\\/ceric.ca\\\/fr\\\/projets\\\/good-work-resource-guide-un-guide-de-ressources-et-de-formation-pour-les-orienteurs-et-les-enseignants\\\/#breadcrumb\",\"itemListElement\":[{\"@type\":\"ListItem\",\"position\":1,\"name\":\"Home\",\"item\":\"https:\\\/\\\/ceric.ca\\\/fr\\\/ceric-homepage-2025\\\/\"},{\"@type\":\"ListItem\",\"position\":2,\"name\":\"Projets\",\"item\":\"https:\\\/\\\/ceric.ca\\\/fr\\\/projets\\\/\"},{\"@type\":\"ListItem\",\"position\":3,\"name\":\"GOOD WORK! GUIDE RESSOURCE : UN GUIDE DE RESSOURCES ET DE FORMATION POUR LES ORIENTEURS ET LES ENSEIGNANTS\"}]},{\"@type\":\"WebSite\",\"@id\":\"https:\\\/\\\/ceric.ca\\\/#website\",\"url\":\"https:\\\/\\\/ceric.ca\\\/\",\"name\":\"CERIC\",\"description\":\"\",\"publisher\":{\"@id\":\"https:\\\/\\\/ceric.ca\\\/#organization\"},\"potentialAction\":[{\"@type\":\"SearchAction\",\"target\":{\"@type\":\"EntryPoint\",\"urlTemplate\":\"https:\\\/\\\/ceric.ca\\\/?s={search_term_string}\"},\"query-input\":{\"@type\":\"PropertyValueSpecification\",\"valueRequired\":true,\"valueName\":\"search_term_string\"}}],\"inLanguage\":\"fr-FR\"},{\"@type\":\"Organization\",\"@id\":\"https:\\\/\\\/ceric.ca\\\/#organization\",\"name\":\"CERIC\",\"url\":\"https:\\\/\\\/ceric.ca\\\/\",\"logo\":{\"@type\":\"ImageObject\",\"inLanguage\":\"fr-FR\",\"@id\":\"https:\\\/\\\/ceric.ca\\\/#\\\/schema\\\/logo\\\/image\\\/\",\"url\":\"\",\"contentUrl\":\"\",\"caption\":\"CERIC\"},\"image\":{\"@id\":\"https:\\\/\\\/ceric.ca\\\/#\\\/schema\\\/logo\\\/image\\\/\"}}]}<\/script>\n<!-- \/ Yoast SEO Premium plugin. -->","yoast_head_json":{"title":"GOOD WORK! GUIDE RESSOURCE : UN GUIDE DE RESSOURCES ET DE FORMATION POUR LES ORIENTEURS ET LES ENSEIGNANTS - CERIC","robots":{"index":"index","follow":"follow","max-snippet":"max-snippet:-1","max-image-preview":"max-image-preview:large","max-video-preview":"max-video-preview:-1"},"canonical":"https:\/\/ceric.ca\/fr\/projets\/good-work-resource-guide-un-guide-de-ressources-et-de-formation-pour-les-orienteurs-et-les-enseignants\/","og_locale":"fr_FR","og_type":"article","og_title":"GOOD WORK! GUIDE RESSOURCE : UN GUIDE DE RESSOURCES ET DE FORMATION POUR LES ORIENTEURS ET LES ENSEIGNANTS","og_description":"[vc_row][vc_column width=\u00a0\u00bb1\/2&Prime;][vc_single_image image=\u00a0\u00bb27124&Prime;][\/vc_column][vc_column width=\u00a0\u00bb1\/2&Prime;][vc_message message_box_color=\u00a0\u00bbalert-success\u00a0\u00bb icon_type=\u00a0\u00bbentypo\u00a0\u00bb icon_entypo=\u00a0\u00bbentypo-icon entypo-icon-progress-3&Prime;]TERMIN\u00c9 &#8211; 2009[\/vc_message][\/vc_column][\/vc_row][vc_row][vc_column][vc_column_text] Good Work Facilitator\u2019s Guide est une nouvelle ressource destin\u00e9e aux orienteurs et enseignants. Il accompagne et [\u2026]","og_url":"https:\/\/ceric.ca\/fr\/projets\/good-work-resource-guide-un-guide-de-ressources-et-de-formation-pour-les-orienteurs-et-les-enseignants\/","og_site_name":"CERIC","article_modified_time":"2022-08-15T14:54:35+00:00","twitter_card":"summary_large_image","twitter_misc":{"Dur\u00e9e de lecture estim\u00e9e":"1 minute"},"schema":{"@context":"https:\/\/schema.org","@graph":[{"@type":"WebPage","@id":"https:\/\/ceric.ca\/fr\/projets\/good-work-resource-guide-un-guide-de-ressources-et-de-formation-pour-les-orienteurs-et-les-enseignants\/","url":"https:\/\/ceric.ca\/fr\/projets\/good-work-resource-guide-un-guide-de-ressources-et-de-formation-pour-les-orienteurs-et-les-enseignants\/","name":"GOOD WORK! GUIDE RESSOURCE : UN GUIDE DE RESSOURCES ET DE FORMATION POUR LES ORIENTEURS ET LES ENSEIGNANTS - CERIC","isPartOf":{"@id":"https:\/\/ceric.ca\/#website"},"datePublished":"2022-04-06T20:20:37+00:00","dateModified":"2022-08-15T14:54:35+00:00","breadcrumb":{"@id":"https:\/\/ceric.ca\/fr\/projets\/good-work-resource-guide-un-guide-de-ressources-et-de-formation-pour-les-orienteurs-et-les-enseignants\/#breadcrumb"},"inLanguage":"fr-FR","potentialAction":[{"@type":"ReadAction","target":["https:\/\/ceric.ca\/fr\/projets\/good-work-resource-guide-un-guide-de-ressources-et-de-formation-pour-les-orienteurs-et-les-enseignants\/"]}]},{"@type":"BreadcrumbList","@id":"https:\/\/ceric.ca\/fr\/projets\/good-work-resource-guide-un-guide-de-ressources-et-de-formation-pour-les-orienteurs-et-les-enseignants\/#breadcrumb","itemListElement":[{"@type":"ListItem","position":1,"name":"Home","item":"https:\/\/ceric.ca\/fr\/ceric-homepage-2025\/"},{"@type":"ListItem","position":2,"name":"Projets","item":"https:\/\/ceric.ca\/fr\/projets\/"},{"@type":"ListItem","position":3,"name":"GOOD WORK! GUIDE RESSOURCE : UN GUIDE DE RESSOURCES ET DE FORMATION POUR LES ORIENTEURS ET LES ENSEIGNANTS"}]},{"@type":"WebSite","@id":"https:\/\/ceric.ca\/#website","url":"https:\/\/ceric.ca\/","name":"CERIC","description":"","publisher":{"@id":"https:\/\/ceric.ca\/#organization"},"potentialAction":[{"@type":"SearchAction","target":{"@type":"EntryPoint","urlTemplate":"https:\/\/ceric.ca\/?s={search_term_string}"},"query-input":{"@type":"PropertyValueSpecification","valueRequired":true,"valueName":"search_term_string"}}],"inLanguage":"fr-FR"},{"@type":"Organization","@id":"https:\/\/ceric.ca\/#organization","name":"CERIC","url":"https:\/\/ceric.ca\/","logo":{"@type":"ImageObject","inLanguage":"fr-FR","@id":"https:\/\/ceric.ca\/#\/schema\/logo\/image\/","url":"","contentUrl":"","caption":"CERIC"},"image":{"@id":"https:\/\/ceric.ca\/#\/schema\/logo\/image\/"}}]}},"_links":{"self":[{"href":"https:\/\/ceric.ca\/fr\/wp-json\/wp\/v2\/pages\/54205","targetHints":{"allow":["GET"]}}],"collection":[{"href":"https:\/\/ceric.ca\/fr\/wp-json\/wp\/v2\/pages"}],"about":[{"href":"https:\/\/ceric.ca\/fr\/wp-json\/wp\/v2\/types\/page"}],"author":[{"embeddable":true,"href":"https:\/\/ceric.ca\/fr\/wp-json\/wp\/v2\/users\/30"}],"replies":[{"embeddable":true,"href":"https:\/\/ceric.ca\/fr\/wp-json\/wp\/v2\/comments?post=54205"}],"version-history":[{"count":0,"href":"https:\/\/ceric.ca\/fr\/wp-json\/wp\/v2\/pages\/54205\/revisions"}],"up":[{"embeddable":true,"href":"https:\/\/ceric.ca\/fr\/wp-json\/wp\/v2\/pages\/9559"}],"wp:attachment":[{"href":"https:\/\/ceric.ca\/fr\/wp-json\/wp\/v2\/media?parent=54205"}],"curies":[{"name":"wp","href":"https:\/\/api.w.org\/{rel}","templated":true}]}}