{"id":54209,"date":"2022-04-06T16:29:43","date_gmt":"2022-04-06T20:29:43","guid":{"rendered":"https:\/\/ceric.ca\/?page_id=54209"},"modified":"2022-04-06T16:32:54","modified_gmt":"2022-04-06T20:32:54","slug":"pleins-feux-sur-lalimentation-passeport-vers-lemploi-des-jeunes","status":"publish","type":"page","link":"https:\/\/ceric.ca\/fr\/projets\/pleins-feux-sur-lalimentation-passeport-vers-lemploi-des-jeunes\/","title":{"rendered":"Pleins feux sur l\u2019alimentation \u2013 passeport vers l\u2019emploi des jeunes"},"content":{"rendered":"<div class=\"wpb-content-wrapper\"><p>[vc_row][vc_column width=\u00a0\u00bb1\/2&Prime;][vc_single_image image=\u00a0\u00bb27096&Prime;][\/vc_column][vc_column width=\u00a0\u00bb1\/2&Prime;]<div class=\"wprt-list clearfix icon-left icon-middle\">\r\n\t\t<div style=\"padding:;margin-bottom:10px;background-color:#f8f8f8;\">\r\n\t\t\t<span style=\"padding-left:30px;\"><span class=\"icon \">\r\n\t\t\t<i class=\"typcn typcn-group\" style=\"color:#898989;font-size:20px;\"><\/i>\r\n\t\t<\/span> <span style=\"font-weight:700;\">Partenaire du projet : FoodShare Toronto<\/span><\/span>\r\n\t\t<\/div>\r\n\t<\/div><div class=\"wprt-list clearfix icon-left icon-middle\">\r\n\t\t<div style=\"padding:;margin-bottom:10px;background-color:#f8f8f8;\">\r\n\t\t\t<span style=\"padding-left:30px;\"><span class=\"icon \">\r\n\t\t\t<i class=\"typcn typcn-flag\" style=\"color:#898989;font-size:20px;\"><\/i>\r\n\t\t<\/span> <span style=\"font-weight:700;\">Langue : Anglais<\/span><\/span>\r\n\t\t<\/div>\r\n\t<\/div>[vc_message message_box_color=\u00a0\u00bbalert-success\u00a0\u00bb icon_type=\u00a0\u00bbentypo\u00a0\u00bb icon_entypo=\u00a0\u00bbentypo-icon entypo-icon-progress-3&Prime;]<strong>TERMINER &#8211; 2015<\/strong>[\/vc_message][\/vc_column][\/vc_row][vc_row][vc_column]\r\n\t<div class=\"wprt-spacer clearfix\" data-desktop=\"40\" data-mobi=\"30\" data-smobi=\"30\"><\/div>[vc_column_text]En plus de b\u00e9n\u00e9ficier du soutien du CERIC, l\u2019organisme\u00a0<a href=\"http:\/\/www.foodshare.net\/\">FoodShare Toronto<\/a>\u00a0a re\u00e7u une subvention de deux ans en 2010 accord\u00e9e par\u00a0<a href=\"http:\/\/www.counselling.net\/\" target=\"_blank\" rel=\"noopener\">The Counselling Foundation of Canada<\/a>, pour son programme Pathways to Youth Employment (Passeport vers l\u2019emploi des jeunes). FoodShare Toronto est un organisme communautaire sans but lucratif qui pr\u00f4ne une saine alimentation pour tous. Cet organisme pr\u00e9conise une approche polyvalente, innovatrice et de longue dur\u00e9e pour s\u2019attaquer aux probl\u00e8mes li\u00e9s \u00e0 la faim et \u00e0 l\u2019alimentation. En effet, FoodShare Toronto s\u2019int\u00e9resse aux probl\u00e8mes alimentaires \u00ab du champ \u00e0 la table \u00bb, c\u2019est-\u00e0-dire qu\u2019ils mettent l\u2019accent sur l\u2019ensemble du syst\u00e8me qui achemine les aliments jusqu\u2019\u00e0 notre table : de la culture, du traitement et de la distribution des aliments jusqu\u2019\u00e0 l\u2019achat, la cuisson et la consommation. La subvention a permis \u00e0 FoodShare Toronto d\u2019engager un coordonnateur dont le mandat consiste \u00e0 travailler avec les entreprises de services alimentaires locales afin d\u2019assurer que le volet formation du programme pr\u00e9pare bien les jeunes \u00e0 occuper des emplois dans ces entreprises. L\u2019information et l\u2019exp\u00e9rience acquise au cours de ce processus ont \u00e9t\u00e9 utilis\u00e9es pour cr\u00e9er un guide dont pourront aussi b\u00e9n\u00e9ficier d\u2019autres organismes canadiens qui cherchent \u00e0 cr\u00e9er pour les jeunes des occasions d\u2019emploi dans le domaine des services alimentaires.[\/vc_column_text][\/vc_column][\/vc_row][vc_row][vc_column]\r\n\t<div class=\"wprt-spacer clearfix\" data-desktop=\"40\" data-mobi=\"30\" data-smobi=\"30\"><\/div>[vc_separator color=\u00a0\u00bbcustom\u00a0\u00bb style=\u00a0\u00bbdashed\u00a0\u00bb border_width=\u00a0\u00bb2&Prime; accent_color=\u00a0\u00bb#cccccc\u00a0\u00bb]\r\n\t<div class=\"wprt-spacer clearfix\" data-desktop=\"40\" data-mobi=\"30\" data-smobi=\"30\"><\/div>[\/vc_column][\/vc_row][vc_row][vc_column width=\u00a0\u00bb1\/5&Prime;][vc_single_image image=\u00a0\u00bb14133&Prime; img_size=\u00a0\u00bbmedium\u00a0\u00bb][\/vc_column][vc_column width=\u00a0\u00bb4\/5&Prime;][vc_column_text]<div class='w3eden wpdm_package_shortcode'><div class=\"media well link-template-widget\">\n    <div class=\"media-body\">\n        <a href=\"https:\/\/ceric.ca\/fr\/wpdm-package\/pleins-feux-sur-lalimentation-passeport-vers-lemploi-des-jeunes\/?wpdmdl=14129&refresh=69f218e613bdc1777473766\" style=\"display: block;clear: bottom;font-size: 11pt;font-weight: bold;\">Pleins feux sur l\u2019alimentation \u2013 Passeport vers l\u2019emploi des jeunes<\/a>\n        <div style=\"font-size: 9pt;\">\n            <i class=\"fas fa-hdd color-green\"><\/i> 3.4 MB <i class=\"fa fa-copy ml-3\"><\/i>\n            1 file(s)\n        <\/div>\n    <\/div>\n<\/div>\n\n<\/div>[\/vc_column_text][\/vc_column][\/vc_row][vc_row][vc_column]\r\n\t<div class=\"wprt-spacer clearfix\" data-desktop=\"40\" data-mobi=\"30\" data-smobi=\"30\"><\/div>[vc_separator color=\u00a0\u00bbcustom\u00a0\u00bb style=\u00a0\u00bbdashed\u00a0\u00bb border_width=\u00a0\u00bb2&Prime; accent_color=\u00a0\u00bb#cccccc\u00a0\u00bb]\r\n\t<div class=\"wprt-spacer clearfix\" data-desktop=\"40\" data-mobi=\"30\" data-smobi=\"30\"><\/div>[\/vc_column][\/vc_row][vc_row][vc_column][vc_column_text]Ce guide (en anglais) explique le fonctionnement du programme et pr\u00e9sente les composants de ce programme novateur d\u2019emploi des jeunes. Il d\u00e9crit en d\u00e9tail pourquoi et comment le programme Focus on Food \u2013 Pathways to Youth Employment (Pleins feux sur l\u2019alimentation \u2013 Passeport vers l\u2019emploi des jeunes) a \u00e9t\u00e9 con\u00e7u et \u00e9nonce les r\u00e8gles et le fonctionnement du programme. Le guide comprend \u00e9galement de l\u2019information sur le mod\u00e8le de placement des jeunes ainsi que des exemples des divers formulaires administratifs et de marketing utilis\u00e9s dans le cadre de ce projet.[\/vc_column_text][\/vc_column][\/vc_row]<\/p>\n<\/div>","protected":false},"excerpt":{"rendered":"<p>[vc_row][vc_column width=\u00a0\u00bb1\/2&Prime;][vc_single_image image=\u00a0\u00bb27096&Prime;][\/vc_column][vc_column width=\u00a0\u00bb1\/2&Prime;][vc_message message_box_color=\u00a0\u00bbalert-success\u00a0\u00bb icon_type=\u00a0\u00bbentypo\u00a0\u00bb icon_entypo=\u00a0\u00bbentypo-icon entypo-icon-progress-3&Prime;]TERMINER &#8211; 2015[\/vc_message][\/vc_column][\/vc_row][vc_row][vc_column][vc_column_text]En plus de b\u00e9n\u00e9ficier du soutien du CERIC, l\u2019organisme\u00a0FoodShare Toronto\u00a0a re\u00e7u une subvention de deux ans en<span class=\"excerpt-hellip\"> [\u2026]<\/span><\/p>\n","protected":false},"author":30,"featured_media":0,"parent":9559,"menu_order":0,"comment_status":"closed","ping_status":"closed","template":"","meta":{"h5ap_radio_sources":[],"footnotes":""},"class_list":["post-54209","page","type-page","status-publish","hentry"],"yoast_head":"<!-- This site is optimized with the Yoast SEO Premium plugin v27.4 (Yoast SEO v27.4) - https:\/\/yoast.com\/product\/yoast-seo-premium-wordpress\/ -->\n<title>Pleins feux sur l\u2019alimentation \u2013 passeport vers l\u2019emploi des jeunes - CERIC<\/title>\n<meta name=\"robots\" content=\"index, follow, max-snippet:-1, max-image-preview:large, max-video-preview:-1\" \/>\n<link rel=\"canonical\" href=\"https:\/\/ceric.ca\/fr\/projets\/pleins-feux-sur-lalimentation-passeport-vers-lemploi-des-jeunes\/\" \/>\n<meta property=\"og:locale\" content=\"fr_FR\" \/>\n<meta property=\"og:type\" content=\"article\" \/>\n<meta property=\"og:title\" content=\"Pleins feux sur l\u2019alimentation \u2013 passeport vers l\u2019emploi des jeunes\" \/>\n<meta property=\"og:description\" content=\"[vc_row][vc_column width=\u00a0\u00bb1\/2&Prime;][vc_single_image image=\u00a0\u00bb27096&Prime;][\/vc_column][vc_column width=\u00a0\u00bb1\/2&Prime;][vc_message message_box_color=\u00a0\u00bbalert-success\u00a0\u00bb icon_type=\u00a0\u00bbentypo\u00a0\u00bb icon_entypo=\u00a0\u00bbentypo-icon entypo-icon-progress-3&Prime;]TERMINER &#8211; 2015[\/vc_message][\/vc_column][\/vc_row][vc_row][vc_column][vc_column_text]En plus de b\u00e9n\u00e9ficier du soutien du CERIC, l\u2019organisme\u00a0FoodShare Toronto\u00a0a re\u00e7u une subvention de deux ans en [\u2026]\" \/>\n<meta property=\"og:url\" content=\"https:\/\/ceric.ca\/fr\/projets\/pleins-feux-sur-lalimentation-passeport-vers-lemploi-des-jeunes\/\" \/>\n<meta property=\"og:site_name\" content=\"CERIC\" \/>\n<meta property=\"article:modified_time\" content=\"2022-04-06T20:32:54+00:00\" \/>\n<meta name=\"twitter:card\" content=\"summary_large_image\" \/>\n<meta name=\"twitter:label1\" content=\"Dur\u00e9e de lecture estim\u00e9e\" \/>\n\t<meta name=\"twitter:data1\" content=\"2 minutes\" \/>\n<script type=\"application\/ld+json\" class=\"yoast-schema-graph\">{\"@context\":\"https:\\\/\\\/schema.org\",\"@graph\":[{\"@type\":\"WebPage\",\"@id\":\"https:\\\/\\\/ceric.ca\\\/fr\\\/projets\\\/pleins-feux-sur-lalimentation-passeport-vers-lemploi-des-jeunes\\\/\",\"url\":\"https:\\\/\\\/ceric.ca\\\/fr\\\/projets\\\/pleins-feux-sur-lalimentation-passeport-vers-lemploi-des-jeunes\\\/\",\"name\":\"Pleins feux sur l\u2019alimentation \u2013 passeport vers l\u2019emploi des jeunes - CERIC\",\"isPartOf\":{\"@id\":\"https:\\\/\\\/ceric.ca\\\/#website\"},\"datePublished\":\"2022-04-06T20:29:43+00:00\",\"dateModified\":\"2022-04-06T20:32:54+00:00\",\"breadcrumb\":{\"@id\":\"https:\\\/\\\/ceric.ca\\\/fr\\\/projets\\\/pleins-feux-sur-lalimentation-passeport-vers-lemploi-des-jeunes\\\/#breadcrumb\"},\"inLanguage\":\"fr-FR\",\"potentialAction\":[{\"@type\":\"ReadAction\",\"target\":[\"https:\\\/\\\/ceric.ca\\\/fr\\\/projets\\\/pleins-feux-sur-lalimentation-passeport-vers-lemploi-des-jeunes\\\/\"]}]},{\"@type\":\"BreadcrumbList\",\"@id\":\"https:\\\/\\\/ceric.ca\\\/fr\\\/projets\\\/pleins-feux-sur-lalimentation-passeport-vers-lemploi-des-jeunes\\\/#breadcrumb\",\"itemListElement\":[{\"@type\":\"ListItem\",\"position\":1,\"name\":\"Home\",\"item\":\"https:\\\/\\\/ceric.ca\\\/fr\\\/ceric-homepage-2025\\\/\"},{\"@type\":\"ListItem\",\"position\":2,\"name\":\"Projets\",\"item\":\"https:\\\/\\\/ceric.ca\\\/fr\\\/projets\\\/\"},{\"@type\":\"ListItem\",\"position\":3,\"name\":\"Pleins feux sur l\u2019alimentation \u2013 passeport vers l\u2019emploi des jeunes\"}]},{\"@type\":\"WebSite\",\"@id\":\"https:\\\/\\\/ceric.ca\\\/#website\",\"url\":\"https:\\\/\\\/ceric.ca\\\/\",\"name\":\"CERIC\",\"description\":\"\",\"publisher\":{\"@id\":\"https:\\\/\\\/ceric.ca\\\/#organization\"},\"potentialAction\":[{\"@type\":\"SearchAction\",\"target\":{\"@type\":\"EntryPoint\",\"urlTemplate\":\"https:\\\/\\\/ceric.ca\\\/?s={search_term_string}\"},\"query-input\":{\"@type\":\"PropertyValueSpecification\",\"valueRequired\":true,\"valueName\":\"search_term_string\"}}],\"inLanguage\":\"fr-FR\"},{\"@type\":\"Organization\",\"@id\":\"https:\\\/\\\/ceric.ca\\\/#organization\",\"name\":\"CERIC\",\"url\":\"https:\\\/\\\/ceric.ca\\\/\",\"logo\":{\"@type\":\"ImageObject\",\"inLanguage\":\"fr-FR\",\"@id\":\"https:\\\/\\\/ceric.ca\\\/#\\\/schema\\\/logo\\\/image\\\/\",\"url\":\"\",\"contentUrl\":\"\",\"caption\":\"CERIC\"},\"image\":{\"@id\":\"https:\\\/\\\/ceric.ca\\\/#\\\/schema\\\/logo\\\/image\\\/\"}}]}<\/script>\n<!-- \/ Yoast SEO Premium plugin. -->","yoast_head_json":{"title":"Pleins feux sur l\u2019alimentation \u2013 passeport vers l\u2019emploi des jeunes - CERIC","robots":{"index":"index","follow":"follow","max-snippet":"max-snippet:-1","max-image-preview":"max-image-preview:large","max-video-preview":"max-video-preview:-1"},"canonical":"https:\/\/ceric.ca\/fr\/projets\/pleins-feux-sur-lalimentation-passeport-vers-lemploi-des-jeunes\/","og_locale":"fr_FR","og_type":"article","og_title":"Pleins feux sur l\u2019alimentation \u2013 passeport vers l\u2019emploi des jeunes","og_description":"[vc_row][vc_column width=\u00a0\u00bb1\/2&Prime;][vc_single_image image=\u00a0\u00bb27096&Prime;][\/vc_column][vc_column width=\u00a0\u00bb1\/2&Prime;][vc_message message_box_color=\u00a0\u00bbalert-success\u00a0\u00bb icon_type=\u00a0\u00bbentypo\u00a0\u00bb icon_entypo=\u00a0\u00bbentypo-icon entypo-icon-progress-3&Prime;]TERMINER &#8211; 2015[\/vc_message][\/vc_column][\/vc_row][vc_row][vc_column][vc_column_text]En plus de b\u00e9n\u00e9ficier du soutien du CERIC, l\u2019organisme\u00a0FoodShare Toronto\u00a0a re\u00e7u une subvention de deux ans en [\u2026]","og_url":"https:\/\/ceric.ca\/fr\/projets\/pleins-feux-sur-lalimentation-passeport-vers-lemploi-des-jeunes\/","og_site_name":"CERIC","article_modified_time":"2022-04-06T20:32:54+00:00","twitter_card":"summary_large_image","twitter_misc":{"Dur\u00e9e de lecture estim\u00e9e":"2 minutes"},"schema":{"@context":"https:\/\/schema.org","@graph":[{"@type":"WebPage","@id":"https:\/\/ceric.ca\/fr\/projets\/pleins-feux-sur-lalimentation-passeport-vers-lemploi-des-jeunes\/","url":"https:\/\/ceric.ca\/fr\/projets\/pleins-feux-sur-lalimentation-passeport-vers-lemploi-des-jeunes\/","name":"Pleins feux sur l\u2019alimentation \u2013 passeport vers l\u2019emploi des jeunes - CERIC","isPartOf":{"@id":"https:\/\/ceric.ca\/#website"},"datePublished":"2022-04-06T20:29:43+00:00","dateModified":"2022-04-06T20:32:54+00:00","breadcrumb":{"@id":"https:\/\/ceric.ca\/fr\/projets\/pleins-feux-sur-lalimentation-passeport-vers-lemploi-des-jeunes\/#breadcrumb"},"inLanguage":"fr-FR","potentialAction":[{"@type":"ReadAction","target":["https:\/\/ceric.ca\/fr\/projets\/pleins-feux-sur-lalimentation-passeport-vers-lemploi-des-jeunes\/"]}]},{"@type":"BreadcrumbList","@id":"https:\/\/ceric.ca\/fr\/projets\/pleins-feux-sur-lalimentation-passeport-vers-lemploi-des-jeunes\/#breadcrumb","itemListElement":[{"@type":"ListItem","position":1,"name":"Home","item":"https:\/\/ceric.ca\/fr\/ceric-homepage-2025\/"},{"@type":"ListItem","position":2,"name":"Projets","item":"https:\/\/ceric.ca\/fr\/projets\/"},{"@type":"ListItem","position":3,"name":"Pleins feux sur l\u2019alimentation \u2013 passeport vers l\u2019emploi des jeunes"}]},{"@type":"WebSite","@id":"https:\/\/ceric.ca\/#website","url":"https:\/\/ceric.ca\/","name":"CERIC","description":"","publisher":{"@id":"https:\/\/ceric.ca\/#organization"},"potentialAction":[{"@type":"SearchAction","target":{"@type":"EntryPoint","urlTemplate":"https:\/\/ceric.ca\/?s={search_term_string}"},"query-input":{"@type":"PropertyValueSpecification","valueRequired":true,"valueName":"search_term_string"}}],"inLanguage":"fr-FR"},{"@type":"Organization","@id":"https:\/\/ceric.ca\/#organization","name":"CERIC","url":"https:\/\/ceric.ca\/","logo":{"@type":"ImageObject","inLanguage":"fr-FR","@id":"https:\/\/ceric.ca\/#\/schema\/logo\/image\/","url":"","contentUrl":"","caption":"CERIC"},"image":{"@id":"https:\/\/ceric.ca\/#\/schema\/logo\/image\/"}}]}},"_links":{"self":[{"href":"https:\/\/ceric.ca\/fr\/wp-json\/wp\/v2\/pages\/54209","targetHints":{"allow":["GET"]}}],"collection":[{"href":"https:\/\/ceric.ca\/fr\/wp-json\/wp\/v2\/pages"}],"about":[{"href":"https:\/\/ceric.ca\/fr\/wp-json\/wp\/v2\/types\/page"}],"author":[{"embeddable":true,"href":"https:\/\/ceric.ca\/fr\/wp-json\/wp\/v2\/users\/30"}],"replies":[{"embeddable":true,"href":"https:\/\/ceric.ca\/fr\/wp-json\/wp\/v2\/comments?post=54209"}],"version-history":[{"count":0,"href":"https:\/\/ceric.ca\/fr\/wp-json\/wp\/v2\/pages\/54209\/revisions"}],"up":[{"embeddable":true,"href":"https:\/\/ceric.ca\/fr\/wp-json\/wp\/v2\/pages\/9559"}],"wp:attachment":[{"href":"https:\/\/ceric.ca\/fr\/wp-json\/wp\/v2\/media?parent=54209"}],"curies":[{"name":"wp","href":"https:\/\/api.w.org\/{rel}","templated":true}]}}