{"id":54235,"date":"2022-04-07T16:42:38","date_gmt":"2022-04-07T20:42:38","guid":{"rendered":"https:\/\/ceric.ca\/?page_id=54235"},"modified":"2022-08-15T10:54:50","modified_gmt":"2022-08-15T14:54:50","slug":"guide-fideliser-et-mobiliser-la-gestion-de-carriere-dans-les-petites-entreprises","status":"publish","type":"page","link":"https:\/\/ceric.ca\/fr\/projets\/guide-fideliser-et-mobiliser-la-gestion-de-carriere-dans-les-petites-entreprises\/","title":{"rendered":"Guide Fid\u00e9liser et mobiliser : la gestion de carri\u00e8re dans les petites entreprises"},"content":{"rendered":"<div class=\"wpb-content-wrapper\"><p>[vc_row][vc_column width=\u00a0\u00bb1\/2&Prime;][vc_single_image image=\u00a0\u00bb54236&Prime;][\/vc_column][vc_column width=\u00a0\u00bb1\/2&Prime;]<div class=\"wprt-list clearfix icon-left icon-middle\">\r\n\t\t<div style=\"padding:;margin-bottom:10px;background-color:#f8f8f8;\">\r\n\t\t\t<span style=\"padding-left:30px;\"><span class=\"icon \">\r\n\t\t\t<i class=\"typcn typcn-group\" style=\"color:#898989;font-size:20px;\"><\/i>\r\n\t\t<\/span> <span style=\"font-weight:700;\">Partenaire du projet : Lisa Taylor, Challenge Factory<\/span><\/span>\r\n\t\t<\/div>\r\n\t<\/div><div class=\"wprt-list clearfix icon-left icon-middle\">\r\n\t\t<div style=\"padding:;margin-bottom:10px;background-color:#f8f8f8;\">\r\n\t\t\t<span style=\"padding-left:30px;\"><span class=\"icon \">\r\n\t\t\t<i class=\"typcn typcn-flag\" style=\"color:#898989;font-size:20px;\"><\/i>\r\n\t\t<\/span> <span style=\"font-weight:700;\">Langue : Fran\u00e7ais et anglais<\/span><\/span>\r\n\t\t<\/div>\r\n\t<\/div>[vc_message message_box_color=\u00a0\u00bbalert-success\u00a0\u00bb icon_type=\u00a0\u00bbentypo\u00a0\u00bb icon_entypo=\u00a0\u00bbentypo-icon entypo-icon-progress-3&Prime;]<strong>TERMIN\u00c9<\/strong>[\/vc_message][\/vc_column][\/vc_row][vc_row][vc_column]\r\n\t<div class=\"wprt-spacer clearfix\" data-desktop=\"40\" data-mobi=\"30\" data-smobi=\"30\"><\/div>[vc_column_text]Ayant d\u00e9cel\u00e9 un besoin, le CERIC a command\u00e9 l\u2019\u00e9laboration d\u2019une nouvelle ressource bilingue afin de pr\u00e9senter la gestion de carri\u00e8re aux nombreuses petites et moyennes entreprises (PME) du Canada et de leur offrir un soutien \u00e0 cet \u00e9gard. Intitul\u00e9\u00a0<em>Fid\u00e9liser et mobiliser\u00a0: la gestion de carri\u00e8re dans les petites entreprises<\/em>, ce guide concis s\u2019adresse aux propri\u00e9taires et aux dirigeants de PME, et leur servira d\u2019outil pratique de gestion de carri\u00e8re avec leurs employ\u00e9s.<\/p>\n<p><img fetchpriority=\"high\" decoding=\"async\" class=\"alignnone wp-image-54240 size-medium\" src=\"https:\/\/ceric.ca\/wp-content\/uploads\/2022\/04\/Retain-and-Gain-SME-Cover-EN-400x544-1-221x300.png\" alt=\"\" width=\"221\" height=\"300\" srcset=\"https:\/\/ceric.ca\/wp-content\/uploads\/2022\/04\/Retain-and-Gain-SME-Cover-EN-400x544-1-221x300.png 221w, https:\/\/ceric.ca\/wp-content\/uploads\/2022\/04\/Retain-and-Gain-SME-Cover-EN-400x544-1.png 400w\" sizes=\"(max-width:767px) 221px, 221px\" \/><\/p>\n<div class=\"vc_row wpb_row vc_row-fluid\">\n<div class=\"wpb_column vc_column_container vc_col-sm-12\">\n<div class=\"vc_column-inner\">\n<div class=\"wpb_wrapper\">\n<div class=\"wpb_text_column wpb_content_element \">\n<div class=\"wpb_wrapper\">\n<p>Le guide, qui est en cours de r\u00e9daction par Lisa Taylor, pr\u00e9sidente de <a href=\"http:\/\/www.challengefactory.ca\/\" target=\"_blank\" rel=\"noopener noreferrer\">Chalenge Factory<\/a>, sp\u00e9cialiste de la gestion de carri\u00e8re et propri\u00e9taire d\u2019une petite entreprise, a b\u00e9n\u00e9fici\u00e9 de la collaboration de la\u00a0<a href=\"http:\/\/www.chamber.ca\/fr\/\" target=\"_blank\" rel=\"noopener noreferrer\">Chambre de commerce du Canada<\/a>. Nos\u00a0<a href=\"https:\/\/ceric.ca\/fr\/project\/fideliser-et-mobiliser-la-gestion-de-carriere-dans-les-petites-entreprises\/#Champions%20des%20connaissances\">champions des connaissances<\/a>\u00a0ont \u00e9galement contribu\u00e9 \u00e0 son \u00e9laboration. Le lancement est pr\u00e9vu lors du\u00a0<a href=\"http:\/\/cannexus.ca\/fr\/\" target=\"_blank\" rel=\"noopener noreferrer\">congr\u00e8s national en d\u00e9veloppement de carri\u00e8re\u00a0Cannexus17<\/a>, qui se tiendra \u00e0 Ottawa du 23 au 25\u00a0janvier\u00a02017.<\/p>\n<p>Voici les aspects cl\u00e9s du guide\u00a0:<\/p>\n<ul>\n<li>De 50 \u00e0 60\u00a0pages; offert en anglais et en fran\u00e7ais;<\/li>\n<li>Explore les principaux probl\u00e8mes li\u00e9s \u00e0 la gestion de carri\u00e8re \u00e0 l\u2019aide d\u2019\u00e9tudes sur les pratiques exemplaires, d\u2019entrevues avec des repr\u00e9sentants de PME de diff\u00e9rents secteurs \u00e0 l\u2019\u00e9chelle du Canada et de conseils d\u2019un comit\u00e9 consultatif;<\/li>\n<li>Propose un format novateur de guide de voyage avec des activit\u00e9s faciles \u00e0 r\u00e9aliser qui ne requi\u00e8rent que 10\u00a0minutes par jour (feuilles de travail et r\u00e9f\u00e9rences suppl\u00e9mentaires incluses);<\/li>\n<li>Met l\u2019accent sur le d\u00e9veloppement des comp\u00e9tences, des connaissances et des capacit\u00e9s des employ\u00e9s dans le but de fid\u00e9liser les employ\u00e9s talentueux et de contribuer davantage \u00e0 la r\u00e9ussite de l\u2019entreprise;<\/li>\n<li>Aborde la gestion de carri\u00e8re dans le contexte des principaux obstacles auxquels font face les petites entreprises (p.\u00a0ex. les flux de tr\u00e9sorerie, la gestion du temps, le d\u00e9sir d\u2019expansion) et r\u00e9pond aux pr\u00e9occupations de celles-ci (p.\u00a0ex. la perception d\u2019un manque de possibilit\u00e9s d\u2019avancement dans une structure organisationnelle horizontale).<\/li>\n<\/ul>\n<p>Le guide sera offert en version imprim\u00e9e (15,95\u00a0$) et \u00e9lectronique (6,50\u00a0$) sur Amazon.ca et Chapters.Indigo.ca. Pour toute commande par lot d\u2019au moins 10\u00a0exemplaires aupr\u00e8s du CERIC, vous obtiendrez un rabais de 30\u00a0%. Il sera \u00e9galement possible de t\u00e9l\u00e9charger gratuitement un fichier PDF sur le site du CERIC.<\/p>\n<\/div>\n<\/div>\n<\/div>\n<\/div>\n<\/div>\n<\/div>\n<div class=\"vc_row wpb_row vc_row-fluid\">\n<div class=\"wpb_column vc_column_container vc_col-sm-12\">\n<div class=\"vc_column-inner\">\n<div class=\"wpb_wrapper\">\n<div class=\"vc_row wpb_row vc_inner vc_row-fluid\">\n<div class=\"wpb_column vc_column_container vc_col-sm-1\/5\">\n<div class=\"vc_column-inner\">\n<div class=\"wpb_wrapper\">\n<div class=\"wpb_single_image wpb_content_element vc_align_center\"><\/div>\n<\/div>\n<\/div>\n<\/div>\n<\/div>\n<\/div>\n<\/div>\n<\/div>\n<\/div>\n<p>[\/vc_column_text][\/vc_column][\/vc_row][vc_row][vc_column]\r\n\t<div class=\"wprt-spacer clearfix\" data-desktop=\"40\" data-mobi=\"30\" data-smobi=\"30\"><\/div>[vc_separator color=\u00a0\u00bbcustom\u00a0\u00bb style=\u00a0\u00bbdashed\u00a0\u00bb border_width=\u00a0\u00bb2&Prime; accent_color=\u00a0\u00bb#cccccc\u00a0\u00bb]\r\n\t<div class=\"wprt-spacer clearfix\" data-desktop=\"40\" data-mobi=\"30\" data-smobi=\"30\"><\/div>[\/vc_column][\/vc_row][vc_row][vc_column width=\u00a0\u00bb1\/5&Prime;][vc_single_image image=\u00a0\u00bb52674&Prime; img_size=\u00a0\u00bbmedium\u00a0\u00bb][\/vc_column][vc_column width=\u00a0\u00bb4\/5&Prime;][vc_column_text]<div class='w3eden wpdm_package_shortcode'><div class=\"media well link-template-widget\">\n    <div class=\"media-body\">\n        <a href=\"https:\/\/ceric.ca\/fr\/wpdm-package\/fideliser-et-mobiliser-la-gestion-de-carriere-dans-les-petites-entreprises\/?wpdmdl=19359&refresh=69dea273c25961776198259\" style=\"display: block;clear: bottom;font-size: 11pt;font-weight: bold;\">Fid\u00e9liser et mobiliser : la gestion de carri\u00e8re dans les petites entreprises<\/a>\n        <div style=\"font-size: 9pt;\">\n            <i class=\"fas fa-hdd color-green\"><\/i> 3.00 MB <i class=\"fa fa-copy ml-3\"><\/i>\n            1 file(s)\n        <\/div>\n    <\/div>\n<\/div>\n\n<\/div>[\/vc_column_text][\/vc_column][\/vc_row][vc_row][vc_column]\r\n\t<div class=\"wprt-spacer clearfix\" data-desktop=\"40\" data-mobi=\"30\" data-smobi=\"30\"><\/div>[vc_separator color=\u00a0\u00bbcustom\u00a0\u00bb style=\u00a0\u00bbdashed\u00a0\u00bb border_width=\u00a0\u00bb2&Prime; accent_color=\u00a0\u00bb#cccccc\u00a0\u00bb]\r\n\t<div class=\"wprt-spacer clearfix\" data-desktop=\"40\" data-mobi=\"30\" data-smobi=\"30\"><\/div>[\/vc_column][\/vc_row][vc_row][vc_column width=\u00a0\u00bb1\/5&Prime;][vc_single_image image=\u00a0\u00bb52490&Prime; img_size=\u00a0\u00bbmedium\u00a0\u00bb][\/vc_column][vc_column width=\u00a0\u00bb4\/5&Prime;][vc_column_text]<div class='w3eden wpdm_package_shortcode'><div class=\"media well link-template-widget\">\n    <div class=\"media-body\">\n        <a href=\"https:\/\/ceric.ca\/wpdm-package\/retain-and-gain-career-management-for-small-business-playbook\/?wpdmdl=19357&refresh=69dea2740f0791776198260\" style=\"display: block;clear: bottom;font-size: 11pt;font-weight: bold;\">Retain and Gain: Career Management for Small Business Playbook<\/a>\n        <div style=\"font-size: 9pt;\">\n            <i class=\"fas fa-hdd color-green\"><\/i> 5.61 MB <i class=\"fa fa-copy ml-3\"><\/i>\n            1 file(s)\n        <\/div>\n    <\/div>\n<\/div>\n\n<\/div>[\/vc_column_text][\/vc_column][\/vc_row][vc_row][vc_column]\r\n\t<div class=\"wprt-spacer clearfix\" data-desktop=\"40\" data-mobi=\"30\" data-smobi=\"30\"><\/div>[vc_separator color=\u00a0\u00bbcustom\u00a0\u00bb style=\u00a0\u00bbdashed\u00a0\u00bb border_width=\u00a0\u00bb2&Prime; accent_color=\u00a0\u00bb#cccccc\u00a0\u00bb]\r\n\t<div class=\"wprt-spacer clearfix\" data-desktop=\"40\" data-mobi=\"30\" data-smobi=\"30\"><\/div>[\/vc_column][\/vc_row][vc_row][vc_column][vc_column_text]<\/p>\n<div class=\"vc_row wpb_row vc_row-fluid\">\n<div class=\"wpb_column vc_column_container vc_col-sm-12\">\n<div class=\"vc_column-inner\">\n<div class=\"wpb_wrapper\">\n<div class=\"wpb_text_column wpb_content_element vc_custom_1593100837542\">\n<div class=\"wpb_wrapper\">\n<p>La publication de ce guide s\u2019est d\u2019abord impos\u00e9e \u00e0 la suite du\u00a0<a href=\"https:\/\/ceric.ca\/?page_id=8102\" target=\"_blank\" rel=\"noopener noreferrer\">sondage Environics du CERIC<\/a>, publi\u00e9 en\u00a02014, dans lequel 71\u00a0% des employeurs ont affirm\u00e9 d\u00e9tenir des responsabilit\u00e9s en mati\u00e8re de d\u00e9veloppement de carri\u00e8re, mais seulement 29\u00a0% ont d\u00e9clar\u00e9 prendre des mesures en cons\u00e9quence. Une \u00e9tude approfondie a confirm\u00e9 que les PME ne tirent pas parti d\u2019une gestion de carri\u00e8re efficace pour assurer leur expansion. Les enjeux relatifs aux employ\u00e9s s\u2019av\u00e8rent particuli\u00e8rement co\u00fbteux pour les petites entreprises, qui consid\u00e8rent le recrutement, la fid\u00e9lisation et le d\u00e9veloppement des employ\u00e9s comme des facteurs de succ\u00e8s cruciaux. De plus, \u00e9tant donn\u00e9 que les PME emploient plus de 90\u00a0% de la main-d\u2019\u0153uvre dans le secteur priv\u00e9 au Canada, elles sont un v\u00e9hicule important pour am\u00e9liorer le d\u00e9veloppement de carri\u00e8re des Canadiens.<\/p>\n<p><strong>Champions des connaissances<\/strong><\/p>\n<p>Les champions des connaissances consistent en un certain nombre d\u2019organismes qui soutiennent le d\u00e9veloppement et la distribution du guide.<\/p>\n<p>Nous souhaitons remercier tout particuli\u00e8rement les champions des connaissances suivants pour le r\u00f4le de leader qu\u2019ils ont assum\u00e9 :<\/p>\n<\/div>\n<\/div>\n<\/div>\n<\/div>\n<\/div>\n<\/div>\n<p><img decoding=\"async\" class=\"alignnone size-medium wp-image-28737\" src=\"https:\/\/ceric.ca\/wp-content\/uploads\/2016\/11\/Can-Chamber-of-Commerce-2-300x81.png\" alt=\"\" width=\"300\" height=\"81\" srcset=\"https:\/\/ceric.ca\/wp-content\/uploads\/2016\/11\/Can-Chamber-of-Commerce-2-300x81.png 300w, https:\/\/ceric.ca\/wp-content\/uploads\/2016\/11\/Can-Chamber-of-Commerce-2-480x129.png 480w, https:\/\/ceric.ca\/wp-content\/uploads\/2016\/11\/Can-Chamber-of-Commerce-2.png 598w\" sizes=\"(max-width:767px) 300px, 300px\" \/><\/p>\n<p><a href=\"http:\/\/www.chamber.ca\/\">Canadian Chamber of Commerce<\/a><\/p>\n<p><img decoding=\"async\" class=\"alignnone size-full wp-image-19045\" src=\"https:\/\/ceric.ca\/wp-content\/uploads\/2016\/11\/TD.png\" alt=\"\" width=\"198\" height=\"164\" srcset=\"https:\/\/ceric.ca\/wp-content\/uploads\/2016\/11\/TD.png 198w, https:\/\/ceric.ca\/wp-content\/uploads\/2016\/11\/TD-129x107.png 129w\" sizes=\"(max-width:767px) 198px, 198px\" \/><\/p>\n<p><a href=\"http:\/\/www.td.com\/corporate-responsibility\/index.jsp\">TD Community Giving<\/a><\/p>\n<p><img loading=\"lazy\" decoding=\"async\" class=\"alignnone size-full wp-image-22265\" src=\"https:\/\/ceric.ca\/wp-content\/uploads\/2018\/03\/CFO.png\" alt=\"\" width=\"156\" height=\"107\" \/><\/p>\n<p><a href=\"http:\/\/www.thecfocentre.ca\/\">The CFO Centre<\/a><\/p>\n<p><img loading=\"lazy\" decoding=\"async\" class=\"alignnone size-full wp-image-19044\" src=\"https:\/\/ceric.ca\/wp-content\/uploads\/2016\/11\/Ryerson.png\" alt=\"\" width=\"198\" height=\"164\" srcset=\"https:\/\/ceric.ca\/wp-content\/uploads\/2016\/11\/Ryerson.png 198w, https:\/\/ceric.ca\/wp-content\/uploads\/2016\/11\/Ryerson-129x107.png 129w\" sizes=\"(max-width:767px) 198px, 198px\" \/><\/p>\n<p><a href=\"http:\/\/ce-online.ryerson.ca\/ce\/default.aspx\">The G. Raymond Chang School of Continuing Education, Ryerson University<\/a><\/p>\n<p><img loading=\"lazy\" decoding=\"async\" class=\"alignnone size-medium wp-image-22874\" src=\"https:\/\/ceric.ca\/wp-content\/uploads\/2018\/05\/University-Laval-300x204.png\" alt=\"\" width=\"300\" height=\"204\" srcset=\"https:\/\/ceric.ca\/wp-content\/uploads\/2018\/05\/University-Laval-300x204.png 300w, https:\/\/ceric.ca\/wp-content\/uploads\/2018\/05\/University-Laval-156x107.png 156w, https:\/\/ceric.ca\/wp-content\/uploads\/2018\/05\/University-Laval.png 400w\" sizes=\"(max-width:767px) 300px, 300px\" \/><\/p>\n<p><a href=\"http:\/\/www2.ulaval.ca\/en.html\">Universit\u00e9 Laval<\/a>[\/vc_column_text][\/vc_column][\/vc_row]<\/p>\n<\/div>","protected":false},"excerpt":{"rendered":"<p>[vc_row][vc_column width=\u00a0\u00bb1\/2&Prime;][vc_single_image image=\u00a0\u00bb54236&Prime;][\/vc_column][vc_column width=\u00a0\u00bb1\/2&Prime;][vc_message message_box_color=\u00a0\u00bbalert-success\u00a0\u00bb icon_type=\u00a0\u00bbentypo\u00a0\u00bb icon_entypo=\u00a0\u00bbentypo-icon entypo-icon-progress-3&Prime;]TERMIN\u00c9[\/vc_message][\/vc_column][\/vc_row][vc_row][vc_column][vc_column_text]Ayant d\u00e9cel\u00e9 un besoin, le CERIC a command\u00e9 l\u2019\u00e9laboration d\u2019une nouvelle ressource bilingue afin de pr\u00e9senter la gestion de<span class=\"excerpt-hellip\"> [\u2026]<\/span><\/p>\n","protected":false},"author":1,"featured_media":0,"parent":9559,"menu_order":0,"comment_status":"closed","ping_status":"closed","template":"","meta":{"h5ap_radio_sources":[],"footnotes":""},"class_list":["post-54235","page","type-page","status-publish","hentry"],"yoast_head":"<!-- This site is optimized with the Yoast SEO Premium plugin v27.3 (Yoast SEO v27.3) - https:\/\/yoast.com\/product\/yoast-seo-premium-wordpress\/ -->\n<title>Guide Fid\u00e9liser et mobiliser : la gestion de carri\u00e8re dans les petites entreprises - CERIC<\/title>\n<meta name=\"robots\" content=\"index, follow, max-snippet:-1, max-image-preview:large, max-video-preview:-1\" \/>\n<link rel=\"canonical\" href=\"https:\/\/ceric.ca\/fr\/projets\/guide-fideliser-et-mobiliser-la-gestion-de-carriere-dans-les-petites-entreprises\/\" \/>\n<meta property=\"og:locale\" content=\"fr_FR\" \/>\n<meta property=\"og:type\" content=\"article\" \/>\n<meta property=\"og:title\" content=\"Guide Fid\u00e9liser et mobiliser : la gestion de carri\u00e8re dans les petites entreprises\" \/>\n<meta property=\"og:description\" content=\"[vc_row][vc_column width=\u00a0\u00bb1\/2&Prime;][vc_single_image image=\u00a0\u00bb54236&Prime;][\/vc_column][vc_column width=\u00a0\u00bb1\/2&Prime;][vc_message message_box_color=\u00a0\u00bbalert-success\u00a0\u00bb icon_type=\u00a0\u00bbentypo\u00a0\u00bb icon_entypo=\u00a0\u00bbentypo-icon entypo-icon-progress-3&Prime;]TERMIN\u00c9[\/vc_message][\/vc_column][\/vc_row][vc_row][vc_column][vc_column_text]Ayant d\u00e9cel\u00e9 un besoin, le CERIC a command\u00e9 l\u2019\u00e9laboration d\u2019une nouvelle ressource bilingue afin de pr\u00e9senter la gestion de [\u2026]\" \/>\n<meta property=\"og:url\" content=\"https:\/\/ceric.ca\/fr\/projets\/guide-fideliser-et-mobiliser-la-gestion-de-carriere-dans-les-petites-entreprises\/\" \/>\n<meta property=\"og:site_name\" content=\"CERIC\" \/>\n<meta property=\"article:modified_time\" content=\"2022-08-15T14:54:50+00:00\" \/>\n<meta property=\"og:image\" content=\"https:\/\/ceric.ca\/wp-content\/uploads\/2022\/04\/Retain-and-Gain-SME-Cover-EN-400x544-1-221x300.png\" \/>\n<meta name=\"twitter:card\" content=\"summary_large_image\" \/>\n<meta name=\"twitter:label1\" content=\"Dur\u00e9e de lecture estim\u00e9e\" \/>\n\t<meta name=\"twitter:data1\" content=\"4 minutes\" \/>\n<script type=\"application\/ld+json\" class=\"yoast-schema-graph\">{\"@context\":\"https:\\\/\\\/schema.org\",\"@graph\":[{\"@type\":\"WebPage\",\"@id\":\"https:\\\/\\\/ceric.ca\\\/fr\\\/projets\\\/guide-fideliser-et-mobiliser-la-gestion-de-carriere-dans-les-petites-entreprises\\\/\",\"url\":\"https:\\\/\\\/ceric.ca\\\/fr\\\/projets\\\/guide-fideliser-et-mobiliser-la-gestion-de-carriere-dans-les-petites-entreprises\\\/\",\"name\":\"Guide Fid\u00e9liser et mobiliser : la gestion de carri\u00e8re dans les petites entreprises - CERIC\",\"isPartOf\":{\"@id\":\"https:\\\/\\\/ceric.ca\\\/#website\"},\"primaryImageOfPage\":{\"@id\":\"https:\\\/\\\/ceric.ca\\\/fr\\\/projets\\\/guide-fideliser-et-mobiliser-la-gestion-de-carriere-dans-les-petites-entreprises\\\/#primaryimage\"},\"image\":{\"@id\":\"https:\\\/\\\/ceric.ca\\\/fr\\\/projets\\\/guide-fideliser-et-mobiliser-la-gestion-de-carriere-dans-les-petites-entreprises\\\/#primaryimage\"},\"thumbnailUrl\":\"https:\\\/\\\/ceric.ca\\\/wp-content\\\/uploads\\\/2022\\\/04\\\/Retain-and-Gain-SME-Cover-EN-400x544-1-221x300.png\",\"datePublished\":\"2022-04-07T20:42:38+00:00\",\"dateModified\":\"2022-08-15T14:54:50+00:00\",\"breadcrumb\":{\"@id\":\"https:\\\/\\\/ceric.ca\\\/fr\\\/projets\\\/guide-fideliser-et-mobiliser-la-gestion-de-carriere-dans-les-petites-entreprises\\\/#breadcrumb\"},\"inLanguage\":\"fr-FR\",\"potentialAction\":[{\"@type\":\"ReadAction\",\"target\":[\"https:\\\/\\\/ceric.ca\\\/fr\\\/projets\\\/guide-fideliser-et-mobiliser-la-gestion-de-carriere-dans-les-petites-entreprises\\\/\"]}]},{\"@type\":\"ImageObject\",\"inLanguage\":\"fr-FR\",\"@id\":\"https:\\\/\\\/ceric.ca\\\/fr\\\/projets\\\/guide-fideliser-et-mobiliser-la-gestion-de-carriere-dans-les-petites-entreprises\\\/#primaryimage\",\"url\":\"https:\\\/\\\/ceric.ca\\\/wp-content\\\/uploads\\\/2022\\\/04\\\/Retain-and-Gain-SME-Cover-EN-400x544-1-221x300.png\",\"contentUrl\":\"https:\\\/\\\/ceric.ca\\\/wp-content\\\/uploads\\\/2022\\\/04\\\/Retain-and-Gain-SME-Cover-EN-400x544-1-221x300.png\"},{\"@type\":\"BreadcrumbList\",\"@id\":\"https:\\\/\\\/ceric.ca\\\/fr\\\/projets\\\/guide-fideliser-et-mobiliser-la-gestion-de-carriere-dans-les-petites-entreprises\\\/#breadcrumb\",\"itemListElement\":[{\"@type\":\"ListItem\",\"position\":1,\"name\":\"Home\",\"item\":\"https:\\\/\\\/ceric.ca\\\/fr\\\/ceric-homepage-2025\\\/\"},{\"@type\":\"ListItem\",\"position\":2,\"name\":\"Projets\",\"item\":\"https:\\\/\\\/ceric.ca\\\/fr\\\/projets\\\/\"},{\"@type\":\"ListItem\",\"position\":3,\"name\":\"Guide Fid\u00e9liser et mobiliser : la gestion de carri\u00e8re dans les petites entreprises\"}]},{\"@type\":\"WebSite\",\"@id\":\"https:\\\/\\\/ceric.ca\\\/#website\",\"url\":\"https:\\\/\\\/ceric.ca\\\/\",\"name\":\"CERIC\",\"description\":\"\",\"publisher\":{\"@id\":\"https:\\\/\\\/ceric.ca\\\/#organization\"},\"potentialAction\":[{\"@type\":\"SearchAction\",\"target\":{\"@type\":\"EntryPoint\",\"urlTemplate\":\"https:\\\/\\\/ceric.ca\\\/?s={search_term_string}\"},\"query-input\":{\"@type\":\"PropertyValueSpecification\",\"valueRequired\":true,\"valueName\":\"search_term_string\"}}],\"inLanguage\":\"fr-FR\"},{\"@type\":\"Organization\",\"@id\":\"https:\\\/\\\/ceric.ca\\\/#organization\",\"name\":\"CERIC\",\"url\":\"https:\\\/\\\/ceric.ca\\\/\",\"logo\":{\"@type\":\"ImageObject\",\"inLanguage\":\"fr-FR\",\"@id\":\"https:\\\/\\\/ceric.ca\\\/#\\\/schema\\\/logo\\\/image\\\/\",\"url\":\"\",\"contentUrl\":\"\",\"caption\":\"CERIC\"},\"image\":{\"@id\":\"https:\\\/\\\/ceric.ca\\\/#\\\/schema\\\/logo\\\/image\\\/\"}}]}<\/script>\n<!-- \/ Yoast SEO Premium plugin. -->","yoast_head_json":{"title":"Guide Fid\u00e9liser et mobiliser : la gestion de carri\u00e8re dans les petites entreprises - CERIC","robots":{"index":"index","follow":"follow","max-snippet":"max-snippet:-1","max-image-preview":"max-image-preview:large","max-video-preview":"max-video-preview:-1"},"canonical":"https:\/\/ceric.ca\/fr\/projets\/guide-fideliser-et-mobiliser-la-gestion-de-carriere-dans-les-petites-entreprises\/","og_locale":"fr_FR","og_type":"article","og_title":"Guide Fid\u00e9liser et mobiliser : la gestion de carri\u00e8re dans les petites entreprises","og_description":"[vc_row][vc_column width=\u00a0\u00bb1\/2&Prime;][vc_single_image image=\u00a0\u00bb54236&Prime;][\/vc_column][vc_column width=\u00a0\u00bb1\/2&Prime;][vc_message message_box_color=\u00a0\u00bbalert-success\u00a0\u00bb icon_type=\u00a0\u00bbentypo\u00a0\u00bb icon_entypo=\u00a0\u00bbentypo-icon entypo-icon-progress-3&Prime;]TERMIN\u00c9[\/vc_message][\/vc_column][\/vc_row][vc_row][vc_column][vc_column_text]Ayant d\u00e9cel\u00e9 un besoin, le CERIC a command\u00e9 l\u2019\u00e9laboration d\u2019une nouvelle ressource bilingue afin de pr\u00e9senter la gestion de [\u2026]","og_url":"https:\/\/ceric.ca\/fr\/projets\/guide-fideliser-et-mobiliser-la-gestion-de-carriere-dans-les-petites-entreprises\/","og_site_name":"CERIC","article_modified_time":"2022-08-15T14:54:50+00:00","og_image":[{"url":"https:\/\/ceric.ca\/wp-content\/uploads\/2022\/04\/Retain-and-Gain-SME-Cover-EN-400x544-1-221x300.png","type":"","width":"","height":""}],"twitter_card":"summary_large_image","twitter_misc":{"Dur\u00e9e de lecture estim\u00e9e":"4 minutes"},"schema":{"@context":"https:\/\/schema.org","@graph":[{"@type":"WebPage","@id":"https:\/\/ceric.ca\/fr\/projets\/guide-fideliser-et-mobiliser-la-gestion-de-carriere-dans-les-petites-entreprises\/","url":"https:\/\/ceric.ca\/fr\/projets\/guide-fideliser-et-mobiliser-la-gestion-de-carriere-dans-les-petites-entreprises\/","name":"Guide Fid\u00e9liser et mobiliser : la gestion de carri\u00e8re dans les petites entreprises - CERIC","isPartOf":{"@id":"https:\/\/ceric.ca\/#website"},"primaryImageOfPage":{"@id":"https:\/\/ceric.ca\/fr\/projets\/guide-fideliser-et-mobiliser-la-gestion-de-carriere-dans-les-petites-entreprises\/#primaryimage"},"image":{"@id":"https:\/\/ceric.ca\/fr\/projets\/guide-fideliser-et-mobiliser-la-gestion-de-carriere-dans-les-petites-entreprises\/#primaryimage"},"thumbnailUrl":"https:\/\/ceric.ca\/wp-content\/uploads\/2022\/04\/Retain-and-Gain-SME-Cover-EN-400x544-1-221x300.png","datePublished":"2022-04-07T20:42:38+00:00","dateModified":"2022-08-15T14:54:50+00:00","breadcrumb":{"@id":"https:\/\/ceric.ca\/fr\/projets\/guide-fideliser-et-mobiliser-la-gestion-de-carriere-dans-les-petites-entreprises\/#breadcrumb"},"inLanguage":"fr-FR","potentialAction":[{"@type":"ReadAction","target":["https:\/\/ceric.ca\/fr\/projets\/guide-fideliser-et-mobiliser-la-gestion-de-carriere-dans-les-petites-entreprises\/"]}]},{"@type":"ImageObject","inLanguage":"fr-FR","@id":"https:\/\/ceric.ca\/fr\/projets\/guide-fideliser-et-mobiliser-la-gestion-de-carriere-dans-les-petites-entreprises\/#primaryimage","url":"https:\/\/ceric.ca\/wp-content\/uploads\/2022\/04\/Retain-and-Gain-SME-Cover-EN-400x544-1-221x300.png","contentUrl":"https:\/\/ceric.ca\/wp-content\/uploads\/2022\/04\/Retain-and-Gain-SME-Cover-EN-400x544-1-221x300.png"},{"@type":"BreadcrumbList","@id":"https:\/\/ceric.ca\/fr\/projets\/guide-fideliser-et-mobiliser-la-gestion-de-carriere-dans-les-petites-entreprises\/#breadcrumb","itemListElement":[{"@type":"ListItem","position":1,"name":"Home","item":"https:\/\/ceric.ca\/fr\/ceric-homepage-2025\/"},{"@type":"ListItem","position":2,"name":"Projets","item":"https:\/\/ceric.ca\/fr\/projets\/"},{"@type":"ListItem","position":3,"name":"Guide Fid\u00e9liser et mobiliser : la gestion de carri\u00e8re dans les petites entreprises"}]},{"@type":"WebSite","@id":"https:\/\/ceric.ca\/#website","url":"https:\/\/ceric.ca\/","name":"CERIC","description":"","publisher":{"@id":"https:\/\/ceric.ca\/#organization"},"potentialAction":[{"@type":"SearchAction","target":{"@type":"EntryPoint","urlTemplate":"https:\/\/ceric.ca\/?s={search_term_string}"},"query-input":{"@type":"PropertyValueSpecification","valueRequired":true,"valueName":"search_term_string"}}],"inLanguage":"fr-FR"},{"@type":"Organization","@id":"https:\/\/ceric.ca\/#organization","name":"CERIC","url":"https:\/\/ceric.ca\/","logo":{"@type":"ImageObject","inLanguage":"fr-FR","@id":"https:\/\/ceric.ca\/#\/schema\/logo\/image\/","url":"","contentUrl":"","caption":"CERIC"},"image":{"@id":"https:\/\/ceric.ca\/#\/schema\/logo\/image\/"}}]}},"_links":{"self":[{"href":"https:\/\/ceric.ca\/fr\/wp-json\/wp\/v2\/pages\/54235","targetHints":{"allow":["GET"]}}],"collection":[{"href":"https:\/\/ceric.ca\/fr\/wp-json\/wp\/v2\/pages"}],"about":[{"href":"https:\/\/ceric.ca\/fr\/wp-json\/wp\/v2\/types\/page"}],"author":[{"embeddable":true,"href":"https:\/\/ceric.ca\/fr\/wp-json\/wp\/v2\/users\/1"}],"replies":[{"embeddable":true,"href":"https:\/\/ceric.ca\/fr\/wp-json\/wp\/v2\/comments?post=54235"}],"version-history":[{"count":0,"href":"https:\/\/ceric.ca\/fr\/wp-json\/wp\/v2\/pages\/54235\/revisions"}],"up":[{"embeddable":true,"href":"https:\/\/ceric.ca\/fr\/wp-json\/wp\/v2\/pages\/9559"}],"wp:attachment":[{"href":"https:\/\/ceric.ca\/fr\/wp-json\/wp\/v2\/media?parent=54235"}],"curies":[{"name":"wp","href":"https:\/\/api.w.org\/{rel}","templated":true}]}}