{"id":54334,"date":"2022-04-12T17:18:27","date_gmt":"2022-04-12T21:18:27","guid":{"rendered":"https:\/\/ceric.ca\/?page_id=54334"},"modified":"2023-04-19T17:10:13","modified_gmt":"2023-04-19T21:10:13","slug":"des-services-de-developpement-de-carriere-adaptes-a-la-culture-pour-repondre-aux-besoins-des-enfants-refugies-ou-immigrants","status":"publish","type":"page","link":"https:\/\/ceric.ca\/fr\/projets\/des-services-de-developpement-de-carriere-adaptes-a-la-culture-pour-repondre-aux-besoins-des-enfants-refugies-ou-immigrants\/","title":{"rendered":"Des services de d\u00e9veloppement de carri\u00e8re adapt\u00e9s \u00e0 la culture pour r\u00e9pondre aux besoins des enfants r\u00e9fugi\u00e9s ou immigrants"},"content":{"rendered":"<div class=\"wpb-content-wrapper\"><p>[vc_row][vc_column width=\u00a0\u00bb1\/2&Prime;][vc_single_image image=\u00a0\u00bb54645&Prime;][\/vc_column][vc_column width=\u00a0\u00bb1\/2&Prime;]<div class=\"wprt-list clearfix icon-left icon-middle\">\r\n\t\t<div style=\"padding:;margin-bottom:10px;background-color:#f8f8f8;\">\r\n\t\t\t<span style=\"padding-left:30px;\"><span class=\"icon \">\r\n\t\t\t<i class=\"typcn typcn-group\" style=\"color:#898989;font-size:20px;\"><\/i>\r\n\t\t<\/span> <span style=\"font-weight:700;\">Partenaire du projet : University of Winnipeg<\/span><\/span>\r\n\t\t<\/div>\r\n\t<\/div><div class=\"wprt-list clearfix icon-left icon-middle\">\r\n\t\t<div style=\"padding:;margin-bottom:10px;background-color:#f8f8f8;\">\r\n\t\t\t<span style=\"padding-left:30px;\"><span class=\"icon \">\r\n\t\t\t<i class=\"typcn typcn-flag\" style=\"color:#898989;font-size:20px;\"><\/i>\r\n\t\t<\/span> <span style=\"font-weight:700;\">Langues : Anglais<\/span><\/span>\r\n\t\t<\/div>\r\n\t<\/div>[vc_message message_box_color=\u00a0\u00bbalert-success\u00a0\u00bb icon_type=\u00a0\u00bbentypo\u00a0\u00bb icon_entypo=\u00a0\u00bbentypo-icon entypo-icon-progress-3&Prime;]<strong>TERMIN\u00c9<\/strong>[\/vc_message][\/vc_column][\/vc_row][vc_row][vc_column]\r\n\t<div class=\"wprt-spacer clearfix\" data-desktop=\"40\" data-mobi=\"30\" data-smobi=\"30\"><\/div>[vc_column_text]Environ 240\u00a0000 nouveaux arrivants s\u2019\u00e9tablissent au Canada chaque ann\u00e9e; quelque 6\u00a0000 de ces personnes sont des r\u00e9fugi\u00e9s \u00e2g\u00e9s de moins de 18 ans (Statistique Canada, 2012). Statistique Canada (2010) pr\u00e9voit que d\u2019ici 2031, approximativement 30\u00a0% de la population sera constitu\u00e9e de membres de minorit\u00e9s visibles, et que quelque 36\u00a0% de ces personnes auront moins de 15 ans.<\/p>\n<p>Les politiques actuelles fournissent un soutien aux \u00e9coles, aux collectivit\u00e9s, aux organismes et aux ensembles r\u00e9sidentiels. Toutefois, tr\u00e8s peu de programmes et services visant \u00e0 aider les nouveaux arrivants \u00e0 s\u2019adapter \u00e0 la vie au Canada ont \u00e9t\u00e9 mis sur pied, et on a port\u00e9 encore moins d\u2019attention \u00e0 l\u2019aide \u00e0 fournir aux r\u00e9fugi\u00e9s dans les domaines du d\u00e9veloppement de carri\u00e8re, de la transition entre l\u2019\u00e9cole et la carri\u00e8re, et de la prise de d\u00e9cisions professionnelles.<\/p>\n<p>Avec le soutien du CERIC et du Conseil de recherches en sciences humaines (CRSH), une \u00e9quipe de recherche dirig\u00e9e par l\u2019Universit\u00e9 de Winnipeg fera enqu\u00eate dans quatre villes du Canada afin d\u2019examiner les pratiques exemplaires en mati\u00e8re de d\u00e9veloppement de carri\u00e8re et d\u2019int\u00e9gration des nouveaux arrivants.[\/vc_column_text][\/vc_column][\/vc_row][vc_row][vc_column]\r\n\t<div class=\"wprt-spacer clearfix\" data-desktop=\"40\" data-mobi=\"30\" data-smobi=\"30\"><\/div>[vc_separator color=\u00a0\u00bbcustom\u00a0\u00bb style=\u00a0\u00bbdashed\u00a0\u00bb border_width=\u00a0\u00bb2&Prime; accent_color=\u00a0\u00bb#cccccc\u00a0\u00bb]\r\n\t<div class=\"wprt-spacer clearfix\" data-desktop=\"40\" data-mobi=\"30\" data-smobi=\"30\"><\/div>[\/vc_column][\/vc_row][vc_row][vc_column width=\u00a0\u00bb1\/5&Prime;][vc_single_image image=\u00a0\u00bb45624&Prime; img_size=\u00a0\u00bbmedium\u00a0\u00bb][\/vc_column][vc_column width=\u00a0\u00bb4\/5&Prime;][vc_column_text]<div class='w3eden wpdm_package_shortcode'><div class=\"media well link-template-widget\">\n    <div class=\"media-body\">\n        <a href=\"https:\/\/ceric.ca\/wpdm-package\/bridging-two-worlds-supporting-newcomer-refugee-youth\/?wpdmdl=21660&refresh=6a01538c8ffae1778471820\" style=\"display: block;clear: bottom;font-size: 11pt;font-weight: bold;\">Bridging Two Worlds: Supporting Newcomer and Refugee Youth<\/a>\n        <div style=\"font-size: 9pt;\">\n            <i class=\"fas fa-hdd color-green\"><\/i> 3.08 MB <i class=\"fa fa-copy ml-3\"><\/i>\n            1 file(s)\n        <\/div>\n    <\/div>\n<\/div>\n\n<\/div>[\/vc_column_text][\/vc_column][\/vc_row][vc_row][vc_column]\r\n\t<div class=\"wprt-spacer clearfix\" data-desktop=\"40\" data-mobi=\"30\" data-smobi=\"30\"><\/div>[vc_separator color=\u00a0\u00bbcustom\u00a0\u00bb style=\u00a0\u00bbdashed\u00a0\u00bb border_width=\u00a0\u00bb2&Prime; accent_color=\u00a0\u00bb#cccccc\u00a0\u00bb]\r\n\t<div class=\"wprt-spacer clearfix\" data-desktop=\"40\" data-mobi=\"30\" data-smobi=\"30\"><\/div>[\/vc_column][\/vc_row][vc_row][vc_column][vc_column_text]<\/p>\n<div class=\"vc_row wpb_row vc_row-fluid\">\n<div class=\"wpb_column vc_column_container vc_col-sm-12\">\n<div class=\"vc_column-inner\">\n<div class=\"wpb_wrapper\">\n<div class=\"wpb_text_column wpb_content_element \">\n<div class=\"wpb_wrapper\">\n<p>Nouvelles de l\u2019Universit\u00e9 de Winnipeg :<\/p>\n<ul>\n<li><a href=\"http:\/\/news-centre.uwinnipeg.ca\/all-posts\/developing-expertise-to-help-refugee-youth-thrive\/\" target=\"_blank\" rel=\"noopener noreferrer\">D\u00e9velopper l\u2019expertise pour aider les jeunes r\u00e9fugi\u00e9s \u00e0 prosp\u00e9rer<\/a>\u00a0(en anglais)<\/li>\n<li><a href=\"http:\/\/news-centre.uwinnipeg.ca\/all-posts\/new-funding-supports-three-year-canadian-study-on-refugee-youth\/\" target=\"_blank\" rel=\"noopener noreferrer\">Un nouveau financement appuie une \u00e9tude canadienne de trois ans sur les jeunes r\u00e9fugi\u00e9s<\/a>\u00a0(en anglais)<\/li>\n<li><a href=\"http:\/\/news-centre.uwinnipeg.ca\/all-posts\/bridging-two-worlds-helping-refugee-youth-succeed-in-canada\/\" target=\"_blank\" rel=\"noopener noreferrer\">Faire le lien entre deux mondes : aider les jeunes r\u00e9fugi\u00e9s au Canada \u00e0 r\u00e9ussir\u00a0<\/a>(en anglais)<\/li>\n<\/ul>\n<p>Les principaux objets de cette recherche sont les suivants\u00a0:<\/p>\n<ul>\n<li>proc\u00e9der \u00e0 une \u00e9valuation des besoins actuels en mati\u00e8re de d\u00e9veloppement de carri\u00e8re et de programmes d\u2019orientation professionnelle des jeunes arrivants ou r\u00e9fugi\u00e9s fr\u00e9quentant des \u00e9coles interm\u00e9diaires ou secondaires \u00e0 Winnipeg, Calgary, St. John\u2019s et Charlottetown;<\/li>\n<li>examiner les pratiques exemplaires relatives aux interventions pr\u00e9coces afin de favoriser la prise de d\u00e9cisions professionnelles \u00e9clair\u00e9es chez les jeunes r\u00e9fugi\u00e9s ou nouveaux arrivants;<\/li>\n<li>\u00e9laborer des recommandations et des activit\u00e9s ou le\u00e7ons de perfectionnement professionnel en vue de pr\u00e9parer les conseillers \u00e0 aider les jeunes r\u00e9fugi\u00e9s ou nouveaux arrivants \u00e0 prendre des d\u00e9cisions concernant leur carri\u00e8re;<\/li>\n<li>fournir aux conseillers les connaissances et les ressources pratiques n\u00e9cessaires pour qu\u2019ils puissent offrir des services d\u2019orientation professionnelle aux jeunes r\u00e9fugi\u00e9s ou nouveaux arrivants fr\u00e9quentant des \u00e9coles interm\u00e9diaires ou secondaires du Canada.<\/li>\n<\/ul>\n<p>Compte tenu de cette enqu\u00eate men\u00e9e en collaboration, les principaux objectifs de ce projet sont les suivants\u00a0:<\/p>\n<ul>\n<li>la pr\u00e9paration des conseillers et des enseignants qui offrent des programmes et des services de d\u00e9veloppement de carri\u00e8re dans les quatre facult\u00e9s d\u2019\u00e9ducation et minist\u00e8res de l\u2019\u00c9ducation;<\/li>\n<li>la cr\u00e9ation de solides r\u00e9seaux gr\u00e2ce aux partenaires de la collectivit\u00e9, aux organisations et aux \u00e9coles;<\/li>\n<li>l\u2019occasion de cr\u00e9er en collaboration de nouveaux programmes et services afin de r\u00e9pondre aux besoins des jeunes r\u00e9fugi\u00e9s en mati\u00e8re de d\u00e9veloppement de carri\u00e8re;<\/li>\n<li>la cr\u00e9ation d\u2019un r\u00e9seau de soutien form\u00e9 de plusieurs organismes afin de faciliter la prestation de programmes et services de d\u00e9veloppement de carri\u00e8re destin\u00e9s aux jeunes r\u00e9fugi\u00e9s ou nouveaux arrivants.<\/li>\n<\/ul>\n<p><strong>Dans l\u2019actualit\u00e9!<\/strong><\/p>\n<ul>\n<li><a href=\"https:\/\/web.archive.org\/web\/20170927094017\/https:\/\/theconversation.com\/war-terror-neglect-how-canadian-schools-could-tackle-child-trauma-78448\" target=\"_blank\" rel=\"noopener noreferrer\">War, terror, neglect: How Canadian schools could tackle child trauma<\/a>\u00a0pr\u00e9sent\u00e9 sur The Conversation Canada (27 juin 2017)<\/li>\n<li><a href=\"http:\/\/www.cbc.ca\/news\/canada\/manitoba\/jan-stewart-rj-cochrane-award-1.4135047\" target=\"_blank\" rel=\"noopener noreferrer\">Winnipeg professor recognized for work with refugee students<\/a>\u00a0pr\u00e9sent\u00e9 sur CBC News, Manitoba (28 mai 2017)<\/li>\n<li><a href=\"https:\/\/web.archive.org\/web\/20170927094017\/https:\/\/www.edcan.ca\/articles\/a-culture-of-care-and-compassion-for-refugee-students\/\" target=\"_blank\" rel=\"noopener noreferrer\">A Culture of Care and Compassion forRefugee Students \u2013 Creating a state of nh\u00e2n \u0111\u1ea1o<\/a>\u00a0pr\u00e9sent\u00e9 sur EdCan Network (14 mars 2017)<\/li>\n<li><a href=\"http:\/\/www.cbc.ca\/news\/canada\/manitoba\/teachers-unprepared-syrian-refugees-1.3345253\" target=\"_blank\" rel=\"noopener noreferrer\">Canadian researcher worried teachers unprepared for Syrian students<\/a>\u00a0pr\u00e9sent\u00e9 sur CBC News (25 d\u00e9cembre 2015)<\/li>\n<\/ul>\n<\/div>\n<\/div>\n<\/div>\n<\/div>\n<\/div>\n<\/div>\n<p>[\/vc_column_text][\/vc_column][\/vc_row]<\/p>\n<\/div>","protected":false},"excerpt":{"rendered":"<p>[vc_row][vc_column width=\u00a0\u00bb1\/2&Prime;][vc_single_image image=\u00a0\u00bb54645&Prime;][\/vc_column][vc_column width=\u00a0\u00bb1\/2&Prime;][vc_message message_box_color=\u00a0\u00bbalert-success\u00a0\u00bb icon_type=\u00a0\u00bbentypo\u00a0\u00bb icon_entypo=\u00a0\u00bbentypo-icon entypo-icon-progress-3&Prime;]TERMIN\u00c9[\/vc_message][\/vc_column][\/vc_row][vc_row][vc_column][vc_column_text]Environ 240\u00a0000 nouveaux arrivants s\u2019\u00e9tablissent au Canada chaque ann\u00e9e; quelque 6\u00a0000 de ces personnes sont des r\u00e9fugi\u00e9s \u00e2g\u00e9s de<span class=\"excerpt-hellip\"> [\u2026]<\/span><\/p>\n","protected":false},"author":1,"featured_media":0,"parent":9559,"menu_order":0,"comment_status":"closed","ping_status":"closed","template":"","meta":{"h5ap_radio_sources":[],"footnotes":""},"class_list":["post-54334","page","type-page","status-publish","hentry"],"yoast_head":"<!-- This site is optimized with the Yoast SEO Premium plugin v27.5 (Yoast SEO v27.5) - https:\/\/yoast.com\/product\/yoast-seo-premium-wordpress\/ -->\n<title>Des services de d\u00e9veloppement de carri\u00e8re adapt\u00e9s \u00e0 la culture pour r\u00e9pondre aux besoins des enfants r\u00e9fugi\u00e9s ou immigrants - CERIC<\/title>\n<meta name=\"robots\" content=\"index, follow, max-snippet:-1, max-image-preview:large, max-video-preview:-1\" \/>\n<link rel=\"canonical\" href=\"https:\/\/ceric.ca\/fr\/projets\/des-services-de-developpement-de-carriere-adaptes-a-la-culture-pour-repondre-aux-besoins-des-enfants-refugies-ou-immigrants\/\" \/>\n<meta property=\"og:locale\" content=\"fr_FR\" \/>\n<meta property=\"og:type\" content=\"article\" \/>\n<meta property=\"og:title\" content=\"Des services de d\u00e9veloppement de carri\u00e8re adapt\u00e9s \u00e0 la culture pour r\u00e9pondre aux besoins des enfants r\u00e9fugi\u00e9s ou immigrants\" \/>\n<meta property=\"og:description\" content=\"[vc_row][vc_column width=\u00a0\u00bb1\/2&Prime;][vc_single_image image=\u00a0\u00bb54645&Prime;][\/vc_column][vc_column width=\u00a0\u00bb1\/2&Prime;][vc_message message_box_color=\u00a0\u00bbalert-success\u00a0\u00bb icon_type=\u00a0\u00bbentypo\u00a0\u00bb icon_entypo=\u00a0\u00bbentypo-icon entypo-icon-progress-3&Prime;]TERMIN\u00c9[\/vc_message][\/vc_column][\/vc_row][vc_row][vc_column][vc_column_text]Environ 240\u00a0000 nouveaux arrivants s\u2019\u00e9tablissent au Canada chaque ann\u00e9e; quelque 6\u00a0000 de ces personnes sont des r\u00e9fugi\u00e9s \u00e2g\u00e9s de [\u2026]\" \/>\n<meta property=\"og:url\" content=\"https:\/\/ceric.ca\/fr\/projets\/des-services-de-developpement-de-carriere-adaptes-a-la-culture-pour-repondre-aux-besoins-des-enfants-refugies-ou-immigrants\/\" \/>\n<meta property=\"og:site_name\" content=\"CERIC\" \/>\n<meta property=\"article:modified_time\" content=\"2023-04-19T21:10:13+00:00\" \/>\n<meta name=\"twitter:card\" content=\"summary_large_image\" \/>\n<meta name=\"twitter:label1\" content=\"Dur\u00e9e de lecture estim\u00e9e\" \/>\n\t<meta name=\"twitter:data1\" content=\"3 minutes\" \/>\n<script type=\"application\/ld+json\" class=\"yoast-schema-graph\">{\"@context\":\"https:\\\/\\\/schema.org\",\"@graph\":[{\"@type\":\"WebPage\",\"@id\":\"https:\\\/\\\/ceric.ca\\\/fr\\\/projets\\\/des-services-de-developpement-de-carriere-adaptes-a-la-culture-pour-repondre-aux-besoins-des-enfants-refugies-ou-immigrants\\\/\",\"url\":\"https:\\\/\\\/ceric.ca\\\/fr\\\/projets\\\/des-services-de-developpement-de-carriere-adaptes-a-la-culture-pour-repondre-aux-besoins-des-enfants-refugies-ou-immigrants\\\/\",\"name\":\"Des services de d\u00e9veloppement de carri\u00e8re adapt\u00e9s \u00e0 la culture pour r\u00e9pondre aux besoins des enfants r\u00e9fugi\u00e9s ou immigrants - CERIC\",\"isPartOf\":{\"@id\":\"https:\\\/\\\/ceric.ca\\\/#website\"},\"datePublished\":\"2022-04-12T21:18:27+00:00\",\"dateModified\":\"2023-04-19T21:10:13+00:00\",\"breadcrumb\":{\"@id\":\"https:\\\/\\\/ceric.ca\\\/fr\\\/projets\\\/des-services-de-developpement-de-carriere-adaptes-a-la-culture-pour-repondre-aux-besoins-des-enfants-refugies-ou-immigrants\\\/#breadcrumb\"},\"inLanguage\":\"fr-FR\",\"potentialAction\":[{\"@type\":\"ReadAction\",\"target\":[\"https:\\\/\\\/ceric.ca\\\/fr\\\/projets\\\/des-services-de-developpement-de-carriere-adaptes-a-la-culture-pour-repondre-aux-besoins-des-enfants-refugies-ou-immigrants\\\/\"]}]},{\"@type\":\"BreadcrumbList\",\"@id\":\"https:\\\/\\\/ceric.ca\\\/fr\\\/projets\\\/des-services-de-developpement-de-carriere-adaptes-a-la-culture-pour-repondre-aux-besoins-des-enfants-refugies-ou-immigrants\\\/#breadcrumb\",\"itemListElement\":[{\"@type\":\"ListItem\",\"position\":1,\"name\":\"Home\",\"item\":\"https:\\\/\\\/ceric.ca\\\/fr\\\/ceric-homepage-2025\\\/\"},{\"@type\":\"ListItem\",\"position\":2,\"name\":\"Projets\",\"item\":\"https:\\\/\\\/ceric.ca\\\/fr\\\/projets\\\/\"},{\"@type\":\"ListItem\",\"position\":3,\"name\":\"Des services de d\u00e9veloppement de carri\u00e8re adapt\u00e9s \u00e0 la culture pour r\u00e9pondre aux besoins des enfants r\u00e9fugi\u00e9s ou immigrants\"}]},{\"@type\":\"WebSite\",\"@id\":\"https:\\\/\\\/ceric.ca\\\/#website\",\"url\":\"https:\\\/\\\/ceric.ca\\\/\",\"name\":\"CERIC\",\"description\":\"\",\"publisher\":{\"@id\":\"https:\\\/\\\/ceric.ca\\\/#organization\"},\"potentialAction\":[{\"@type\":\"SearchAction\",\"target\":{\"@type\":\"EntryPoint\",\"urlTemplate\":\"https:\\\/\\\/ceric.ca\\\/?s={search_term_string}\"},\"query-input\":{\"@type\":\"PropertyValueSpecification\",\"valueRequired\":true,\"valueName\":\"search_term_string\"}}],\"inLanguage\":\"fr-FR\"},{\"@type\":\"Organization\",\"@id\":\"https:\\\/\\\/ceric.ca\\\/#organization\",\"name\":\"CERIC\",\"url\":\"https:\\\/\\\/ceric.ca\\\/\",\"logo\":{\"@type\":\"ImageObject\",\"inLanguage\":\"fr-FR\",\"@id\":\"https:\\\/\\\/ceric.ca\\\/#\\\/schema\\\/logo\\\/image\\\/\",\"url\":\"\",\"contentUrl\":\"\",\"caption\":\"CERIC\"},\"image\":{\"@id\":\"https:\\\/\\\/ceric.ca\\\/#\\\/schema\\\/logo\\\/image\\\/\"}}]}<\/script>\n<!-- \/ Yoast SEO Premium plugin. -->","yoast_head_json":{"title":"Des services de d\u00e9veloppement de carri\u00e8re adapt\u00e9s \u00e0 la culture pour r\u00e9pondre aux besoins des enfants r\u00e9fugi\u00e9s ou immigrants - CERIC","robots":{"index":"index","follow":"follow","max-snippet":"max-snippet:-1","max-image-preview":"max-image-preview:large","max-video-preview":"max-video-preview:-1"},"canonical":"https:\/\/ceric.ca\/fr\/projets\/des-services-de-developpement-de-carriere-adaptes-a-la-culture-pour-repondre-aux-besoins-des-enfants-refugies-ou-immigrants\/","og_locale":"fr_FR","og_type":"article","og_title":"Des services de d\u00e9veloppement de carri\u00e8re adapt\u00e9s \u00e0 la culture pour r\u00e9pondre aux besoins des enfants r\u00e9fugi\u00e9s ou immigrants","og_description":"[vc_row][vc_column width=\u00a0\u00bb1\/2&Prime;][vc_single_image image=\u00a0\u00bb54645&Prime;][\/vc_column][vc_column width=\u00a0\u00bb1\/2&Prime;][vc_message message_box_color=\u00a0\u00bbalert-success\u00a0\u00bb icon_type=\u00a0\u00bbentypo\u00a0\u00bb icon_entypo=\u00a0\u00bbentypo-icon entypo-icon-progress-3&Prime;]TERMIN\u00c9[\/vc_message][\/vc_column][\/vc_row][vc_row][vc_column][vc_column_text]Environ 240\u00a0000 nouveaux arrivants s\u2019\u00e9tablissent au Canada chaque ann\u00e9e; quelque 6\u00a0000 de ces personnes sont des r\u00e9fugi\u00e9s \u00e2g\u00e9s de [\u2026]","og_url":"https:\/\/ceric.ca\/fr\/projets\/des-services-de-developpement-de-carriere-adaptes-a-la-culture-pour-repondre-aux-besoins-des-enfants-refugies-ou-immigrants\/","og_site_name":"CERIC","article_modified_time":"2023-04-19T21:10:13+00:00","twitter_card":"summary_large_image","twitter_misc":{"Dur\u00e9e de lecture estim\u00e9e":"3 minutes"},"schema":{"@context":"https:\/\/schema.org","@graph":[{"@type":"WebPage","@id":"https:\/\/ceric.ca\/fr\/projets\/des-services-de-developpement-de-carriere-adaptes-a-la-culture-pour-repondre-aux-besoins-des-enfants-refugies-ou-immigrants\/","url":"https:\/\/ceric.ca\/fr\/projets\/des-services-de-developpement-de-carriere-adaptes-a-la-culture-pour-repondre-aux-besoins-des-enfants-refugies-ou-immigrants\/","name":"Des services de d\u00e9veloppement de carri\u00e8re adapt\u00e9s \u00e0 la culture pour r\u00e9pondre aux besoins des enfants r\u00e9fugi\u00e9s ou immigrants - CERIC","isPartOf":{"@id":"https:\/\/ceric.ca\/#website"},"datePublished":"2022-04-12T21:18:27+00:00","dateModified":"2023-04-19T21:10:13+00:00","breadcrumb":{"@id":"https:\/\/ceric.ca\/fr\/projets\/des-services-de-developpement-de-carriere-adaptes-a-la-culture-pour-repondre-aux-besoins-des-enfants-refugies-ou-immigrants\/#breadcrumb"},"inLanguage":"fr-FR","potentialAction":[{"@type":"ReadAction","target":["https:\/\/ceric.ca\/fr\/projets\/des-services-de-developpement-de-carriere-adaptes-a-la-culture-pour-repondre-aux-besoins-des-enfants-refugies-ou-immigrants\/"]}]},{"@type":"BreadcrumbList","@id":"https:\/\/ceric.ca\/fr\/projets\/des-services-de-developpement-de-carriere-adaptes-a-la-culture-pour-repondre-aux-besoins-des-enfants-refugies-ou-immigrants\/#breadcrumb","itemListElement":[{"@type":"ListItem","position":1,"name":"Home","item":"https:\/\/ceric.ca\/fr\/ceric-homepage-2025\/"},{"@type":"ListItem","position":2,"name":"Projets","item":"https:\/\/ceric.ca\/fr\/projets\/"},{"@type":"ListItem","position":3,"name":"Des services de d\u00e9veloppement de carri\u00e8re adapt\u00e9s \u00e0 la culture pour r\u00e9pondre aux besoins des enfants r\u00e9fugi\u00e9s ou immigrants"}]},{"@type":"WebSite","@id":"https:\/\/ceric.ca\/#website","url":"https:\/\/ceric.ca\/","name":"CERIC","description":"","publisher":{"@id":"https:\/\/ceric.ca\/#organization"},"potentialAction":[{"@type":"SearchAction","target":{"@type":"EntryPoint","urlTemplate":"https:\/\/ceric.ca\/?s={search_term_string}"},"query-input":{"@type":"PropertyValueSpecification","valueRequired":true,"valueName":"search_term_string"}}],"inLanguage":"fr-FR"},{"@type":"Organization","@id":"https:\/\/ceric.ca\/#organization","name":"CERIC","url":"https:\/\/ceric.ca\/","logo":{"@type":"ImageObject","inLanguage":"fr-FR","@id":"https:\/\/ceric.ca\/#\/schema\/logo\/image\/","url":"","contentUrl":"","caption":"CERIC"},"image":{"@id":"https:\/\/ceric.ca\/#\/schema\/logo\/image\/"}}]}},"_links":{"self":[{"href":"https:\/\/ceric.ca\/fr\/wp-json\/wp\/v2\/pages\/54334","targetHints":{"allow":["GET"]}}],"collection":[{"href":"https:\/\/ceric.ca\/fr\/wp-json\/wp\/v2\/pages"}],"about":[{"href":"https:\/\/ceric.ca\/fr\/wp-json\/wp\/v2\/types\/page"}],"author":[{"embeddable":true,"href":"https:\/\/ceric.ca\/fr\/wp-json\/wp\/v2\/users\/1"}],"replies":[{"embeddable":true,"href":"https:\/\/ceric.ca\/fr\/wp-json\/wp\/v2\/comments?post=54334"}],"version-history":[{"count":0,"href":"https:\/\/ceric.ca\/fr\/wp-json\/wp\/v2\/pages\/54334\/revisions"}],"up":[{"embeddable":true,"href":"https:\/\/ceric.ca\/fr\/wp-json\/wp\/v2\/pages\/9559"}],"wp:attachment":[{"href":"https:\/\/ceric.ca\/fr\/wp-json\/wp\/v2\/media?parent=54334"}],"curies":[{"name":"wp","href":"https:\/\/api.w.org\/{rel}","templated":true}]}}