{"id":54349,"date":"2022-04-12T17:38:07","date_gmt":"2022-04-12T21:38:07","guid":{"rendered":"https:\/\/ceric.ca\/?page_id=54349"},"modified":"2022-08-15T10:41:10","modified_gmt":"2022-08-15T14:41:10","slug":"un-pas-vers-la-reussite-la-gestion-dune-transition-de-carriere-reussie-apres-un-conge-de-maternite","status":"publish","type":"page","link":"https:\/\/ceric.ca\/fr\/projets\/un-pas-vers-la-reussite-la-gestion-dune-transition-de-carriere-reussie-apres-un-conge-de-maternite\/","title":{"rendered":"Un pas vers la r\u00e9ussite! la gestion d\u2019une transition de carri\u00e8re r\u00e9ussie apr\u00e8s un cong\u00e9 de maternit\u00e9"},"content":{"rendered":"<div class=\"wpb-content-wrapper\"><p>[vc_row][vc_column width=\u00a0\u00bb1\/2&Prime;][vc_single_image image=\u00a0\u00bb27092&Prime;][\/vc_column][vc_column width=\u00a0\u00bb1\/2&Prime;]<div class=\"wprt-list clearfix icon-left icon-middle\">\r\n\t\t<div style=\"padding:;margin-bottom:10px;background-color:#f8f8f8;\">\r\n\t\t\t<span style=\"padding-left:30px;\"><span class=\"icon \">\r\n\t\t\t<i class=\"typcn typcn-group\" style=\"color:#898989;font-size:20px;\"><\/i>\r\n\t\t<\/span> <span style=\"font-weight:700;\">Partenaire du projet : Avra Davidoff, Laura Hambley, April Dyrda, Julie Choi, Colleen Lucas, Rebecca Teebay-Webb, Michelle Cook<\/span><\/span>\r\n\t\t<\/div>\r\n\t<\/div><div class=\"wprt-list clearfix icon-left icon-middle\">\r\n\t\t<div style=\"padding:;margin-bottom:10px;background-color:#f8f8f8;\">\r\n\t\t\t<span style=\"padding-left:30px;\"><span class=\"icon \">\r\n\t\t\t<i class=\"typcn typcn-flag\" style=\"color:#898989;font-size:20px;\"><\/i>\r\n\t\t<\/span> <span style=\"font-weight:700;\">Langue : Anglais<\/span><\/span>\r\n\t\t<\/div>\r\n\t<\/div>[vc_message message_box_color=\u00a0\u00bbalert-success\u00a0\u00bb icon_type=\u00a0\u00bbentypo\u00a0\u00bb icon_entypo=\u00a0\u00bbentypo-icon entypo-icon-progress-3&Prime;]<strong>TERMIN\u00c9<\/strong>[\/vc_message][\/vc_column][\/vc_row][vc_row][vc_column]\r\n\t<div class=\"wprt-spacer clearfix\" data-desktop=\"40\" data-mobi=\"30\" data-smobi=\"30\"><\/div>[vc_column_text]<\/p>\n<div class=\"wpb_text_column wpb_content_element \">\n<div class=\"wpb_wrapper\">\n<p><strong>Mise \u00e0 jour sur le projet<\/strong><\/p>\n<p>Financ\u00e9 par l\u2019Institut canadien d\u2019\u00e9ducation et de recherche en orientation (CERIC), Canada Career Counselling vise \u00e0 cerner les lacunes en ce qui a trait au d\u00e9veloppement de carri\u00e8re chez les femmes et \u00e0 \u00e9laborer des ressources pour les employeurs et les femmes qui vivent une transition professionnelle li\u00e9e \u00e0 un cong\u00e9 de maternit\u00e9.<\/p>\n<p>Les changements associ\u00e9s \u00e0 un cong\u00e9 de maternit\u00e9 d\u00e9pendent de nombreux facteurs comme l\u2019\u00e2ge, l\u2019\u00e9tat matrimonial, l\u2019instruction, la culture et la situation socio\u00e9conomique. Les ressources existantes sont ax\u00e9es sur des groupes ou des sujets particuliers, comme l\u2019assurance-emploi, le droit du travail, la d\u00e9pression post-partum et l\u2019\u00e9quilibre travail-famille. Dans le cadre de ce projet, le terme \u00ab cong\u00e9 de maternit\u00e9 \u00bb englobe les notions de cong\u00e9 de maternit\u00e9, de cong\u00e9 parental et de cong\u00e9 d\u2019adoption, ainsi que tout cong\u00e9 pour soins et \u00e9ducation apr\u00e8s la naissance ou l\u2019adoption d\u2019un enfant.<\/p>\n<p><strong>Description du projet<\/strong><\/p>\n<p>Les guides sont maintenant disponibles :<\/p>\n<\/div>\n<\/div>\n<p>[\/vc_column_text][\/vc_column][\/vc_row][vc_row][vc_column]\r\n\t<div class=\"wprt-spacer clearfix\" data-desktop=\"40\" data-mobi=\"30\" data-smobi=\"30\"><\/div>[vc_separator color=\u00a0\u00bbcustom\u00a0\u00bb style=\u00a0\u00bbdashed\u00a0\u00bb border_width=\u00a0\u00bb2&Prime; accent_color=\u00a0\u00bb#cccccc\u00a0\u00bb]\r\n\t<div class=\"wprt-spacer clearfix\" data-desktop=\"40\" data-mobi=\"30\" data-smobi=\"30\"><\/div>[\/vc_column][\/vc_row][vc_row][vc_column width=\u00a0\u00bb1\/5&Prime;][vc_single_image image=\u00a0\u00bb45445&Prime; img_size=\u00a0\u00bbmedium\u00a0\u00bb][\/vc_column][vc_column width=\u00a0\u00bb4\/5&Prime;][vc_column_text]<div class='w3eden wpdm_package_shortcode'><div class=\"media well link-template-widget\">\n    <div class=\"media-body\">\n        <a href=\"https:\/\/ceric.ca\/wpdm-package\/making-it-work-how-to-effectively-navigate-maternity-leave-career-transitions-an-employees-guide\/?wpdmdl=18252&refresh=69d8fd8d4bae61775828365\" style=\"display: block;clear: bottom;font-size: 11pt;font-weight: bold;\">Making It Work! How to Effectively Navigate Maternity Leave Career Transitions: An Employee\u2019s Guide<\/a>\n        <div style=\"font-size: 9pt;\">\n            <i class=\"fas fa-hdd color-green\"><\/i> 2.08 MB <i class=\"fa fa-copy ml-3\"><\/i>\n            1 file(s)\n        <\/div>\n    <\/div>\n<\/div>\n\n<\/div>[\/vc_column_text][\/vc_column][\/vc_row][vc_row][vc_column]\r\n\t<div class=\"wprt-spacer clearfix\" data-desktop=\"40\" data-mobi=\"30\" data-smobi=\"30\"><\/div>[vc_separator color=\u00a0\u00bbcustom\u00a0\u00bb style=\u00a0\u00bbdashed\u00a0\u00bb border_width=\u00a0\u00bb2&Prime; accent_color=\u00a0\u00bb#cccccc\u00a0\u00bb]\r\n\t<div class=\"wprt-spacer clearfix\" data-desktop=\"40\" data-mobi=\"30\" data-smobi=\"30\"><\/div>[\/vc_column][\/vc_row][vc_row][vc_column width=\u00a0\u00bb1\/5&Prime;][vc_single_image image=\u00a0\u00bb45477&Prime; img_size=\u00a0\u00bbmedium\u00a0\u00bb][\/vc_column][vc_column width=\u00a0\u00bb4\/5&Prime;][vc_column_text]<div class='w3eden wpdm_package_shortcode'><div class=\"media well link-template-widget\">\n    <div class=\"media-body\">\n        <a href=\"https:\/\/ceric.ca\/wpdm-package\/making-work-effectively-manage-maternity-leave-career-transitions-employers-guide\/?wpdmdl=17788&refresh=69d8fd8d866411775828365\" style=\"display: block;clear: bottom;font-size: 11pt;font-weight: bold;\">Making It Work! How to Effectively Manage Maternity Leave Career Transitions: An Employer\u2019s Guide<\/a>\n        <div style=\"font-size: 9pt;\">\n            <i class=\"fas fa-hdd color-green\"><\/i> 4.62 MB <i class=\"fa fa-copy ml-3\"><\/i>\n            1 file(s)\n        <\/div>\n    <\/div>\n<\/div>\n\n<\/div>[\/vc_column_text][\/vc_column][\/vc_row][vc_row][vc_column]\r\n\t<div class=\"wprt-spacer clearfix\" data-desktop=\"40\" data-mobi=\"30\" data-smobi=\"30\"><\/div>[vc_separator color=\u00a0\u00bbcustom\u00a0\u00bb style=\u00a0\u00bbdashed\u00a0\u00bb border_width=\u00a0\u00bb2&Prime; accent_color=\u00a0\u00bb#cccccc\u00a0\u00bb]\r\n\t<div class=\"wprt-spacer clearfix\" data-desktop=\"40\" data-mobi=\"30\" data-smobi=\"30\"><\/div>[\/vc_column][\/vc_row][vc_row][vc_column][vc_column_text]<strong>Objectifs g\u00e9n\u00e9raux du projet<\/strong><\/p>\n<ul>\n<li>\u00c9laborer un guide de gestion de carri\u00e8re en ligne, inclusif du point de vue social et propre au contexte canadien, pour les Canadiennes qui se pr\u00e9parent \u00e0 prendre un cong\u00e9 de maternit\u00e9 et reviennent au travail par la suite.<\/li>\n<li>\u00c9laborer un guide de gestion de carri\u00e8re en ligne, inclusif du point de vue social et particulier au contexte canadien, pour aider les employeurs \u00e0 soutenir efficacement les employ\u00e9es qui se pr\u00e9parent \u00e0 prendre un cong\u00e9 de maternit\u00e9 et reviennent au travail par la suite.<\/li>\n<li>Cr\u00e9er un webinaire \u00e0 l\u2019intention des professionnels et des gestionnaires des ressources humaines ainsi que des personnes int\u00e9ress\u00e9es par cette transition.<\/li>\n<\/ul>\n<p><strong>Objectifs sp\u00e9cifiques du projet<\/strong><\/p>\n<ul>\n<li>Mieux comprendre l\u2019exp\u00e9rience individuelle du cong\u00e9 de maternit\u00e9 de femmes de tous les horizons dans une vaste gamme de sc\u00e9narios de d\u00e9veloppement de carri\u00e8re.<\/li>\n<li>Mieux comprendre le point de vue des services de ressources humaines et des employeurs quant \u00e0 la pr\u00e9paration \u00e0 un cong\u00e9 de maternit\u00e9 et \u00e0 la reprise du travail.<\/li>\n<li>Fournir des conseils et des renseignements pratiques et servir de ressource de gestion de carri\u00e8re inclusive et d\u2019autoapprentissage pour les femmes vivant cette transition.<\/li>\n<li>Servir de ressource aidant les entreprises et les gestionnaires \u00e0 soutenir les employ\u00e9es pendant une transition professionnelle et ainsi \u00e0 contribuer \u00e0 la fid\u00e9lisation des talents, au perfectionnement des employ\u00e9es, au d\u00e9veloppement professionnel au sein de l\u2019entreprise et \u00e0 l\u2019\u00e9laboration de pratiques exemplaires dans le milieu de travail.<\/li>\n<\/ul>\n<p><strong>Activit\u00e9s et r\u00e9sultats du projet<\/strong><\/p>\n<ul>\n<li>Une analyse documentaire exhaustive<\/li>\n<li>Des mesures quantitatives et qualitatives pour la collecte de donn\u00e9es ainsi que la formulation et la recommandation de pratiques exemplaires<\/li>\n<li>Des ressources conviviales pour l\u2019autoapprentissage de la gestion de carri\u00e8re pour les femmes qui vivent une transition li\u00e9e \u00e0 un cong\u00e9 de maternit\u00e9, y compris lors de la reprise du travail<\/li>\n<li>Des ressources pour aider les professionnels et les praticiens du d\u00e9veloppement de carri\u00e8re et des ressources humaines \u00e0 soutenir les employ\u00e9es et \u00e0 faciliter leur retour au travail apr\u00e8s un cong\u00e9 de maternit\u00e9<\/li>\n<\/ul>\n<p><strong>Calendrier du projet<\/strong><\/p>\n<ul>\n<li>Recherche : 2013-2014<\/li>\n<li>\u00c9laboration des ressources : 2014-2015<\/li>\n<li>Diffusion des ressources : 2016<\/li>\n<\/ul>\n<p><strong>\u00c0 propos de Canada Career Counselling<\/strong><\/p>\n<p>\u00c9tabli en 2009, Calgary Career Counselling, r\u00e9cemment renomm\u00e9 Canada Career Counselling (CCC), est un cabinet qui regroupe 10 psychologues et accompagnateurs en gestion et transition de carri\u00e8re qui se sp\u00e9cialisent dans la planification professionnelle. Ensemble, les membres de CCC poss\u00e8dent plus de 125 ans d\u2019exp\u00e9rience en orientation professionnelle. Le cabinet se sp\u00e9cialise en orientation professionnelle individuelle, en replacement externe, en planification professionnelle pour la retraite, en ateliers de groupe et en services de d\u00e9veloppement de carri\u00e8re pour les entreprises.\u2019<\/p>\n<p><a href=\"https:\/\/ceric.ca\/wp-content\/uploads\/2012\/10\/MAKING-IT-WORK-Final-Report-December-2016.pdf\" target=\"_blank\" rel=\"noopener noreferrer\">Rapport final<\/a>\u00a0(en anglais) \u2013 Apprenez-en davantage sur l\u2019exp\u00e9rience de notre partenaire avec la mise en oeuvre de ce projet, ce qu\u2019ils ont appris et les principales conclusions du projet.[\/vc_column_text][\/vc_column][\/vc_row]<\/p>\n<\/div>","protected":false},"excerpt":{"rendered":"<p>[vc_row][vc_column width=\u00a0\u00bb1\/2&Prime;][vc_single_image image=\u00a0\u00bb27092&Prime;][\/vc_column][vc_column width=\u00a0\u00bb1\/2&Prime;][vc_message message_box_color=\u00a0\u00bbalert-success\u00a0\u00bb icon_type=\u00a0\u00bbentypo\u00a0\u00bb icon_entypo=\u00a0\u00bbentypo-icon entypo-icon-progress-3&Prime;]TERMIN\u00c9[\/vc_message][\/vc_column][\/vc_row][vc_row][vc_column][vc_column_text] Mise \u00e0 jour sur le projet Financ\u00e9 par l\u2019Institut canadien d\u2019\u00e9ducation et de recherche en orientation (CERIC), Canada<span class=\"excerpt-hellip\"> [\u2026]<\/span><\/p>\n","protected":false},"author":1,"featured_media":0,"parent":9559,"menu_order":0,"comment_status":"closed","ping_status":"closed","template":"","meta":{"h5ap_radio_sources":[],"footnotes":""},"class_list":["post-54349","page","type-page","status-publish","hentry"],"yoast_head":"<!-- This site is optimized with the Yoast SEO Premium plugin v27.3 (Yoast SEO v27.3) - https:\/\/yoast.com\/product\/yoast-seo-premium-wordpress\/ -->\n<title>Un pas vers la r\u00e9ussite! la gestion d\u2019une transition de carri\u00e8re r\u00e9ussie apr\u00e8s un cong\u00e9 de maternit\u00e9 - CERIC<\/title>\n<meta name=\"robots\" content=\"index, follow, max-snippet:-1, max-image-preview:large, max-video-preview:-1\" \/>\n<link rel=\"canonical\" href=\"https:\/\/ceric.ca\/fr\/projets\/un-pas-vers-la-reussite-la-gestion-dune-transition-de-carriere-reussie-apres-un-conge-de-maternite\/\" \/>\n<meta property=\"og:locale\" content=\"fr_FR\" \/>\n<meta property=\"og:type\" content=\"article\" \/>\n<meta property=\"og:title\" content=\"Un pas vers la r\u00e9ussite! la gestion d\u2019une transition de carri\u00e8re r\u00e9ussie apr\u00e8s un cong\u00e9 de maternit\u00e9\" \/>\n<meta property=\"og:description\" content=\"[vc_row][vc_column width=\u00a0\u00bb1\/2&Prime;][vc_single_image image=\u00a0\u00bb27092&Prime;][\/vc_column][vc_column width=\u00a0\u00bb1\/2&Prime;][vc_message message_box_color=\u00a0\u00bbalert-success\u00a0\u00bb icon_type=\u00a0\u00bbentypo\u00a0\u00bb icon_entypo=\u00a0\u00bbentypo-icon entypo-icon-progress-3&Prime;]TERMIN\u00c9[\/vc_message][\/vc_column][\/vc_row][vc_row][vc_column][vc_column_text] Mise \u00e0 jour sur le projet Financ\u00e9 par l\u2019Institut canadien d\u2019\u00e9ducation et de recherche en orientation (CERIC), Canada [\u2026]\" \/>\n<meta property=\"og:url\" content=\"https:\/\/ceric.ca\/fr\/projets\/un-pas-vers-la-reussite-la-gestion-dune-transition-de-carriere-reussie-apres-un-conge-de-maternite\/\" \/>\n<meta property=\"og:site_name\" content=\"CERIC\" \/>\n<meta property=\"article:modified_time\" content=\"2022-08-15T14:41:10+00:00\" \/>\n<meta name=\"twitter:card\" content=\"summary_large_image\" \/>\n<meta name=\"twitter:label1\" content=\"Dur\u00e9e de lecture estim\u00e9e\" \/>\n\t<meta name=\"twitter:data1\" content=\"4 minutes\" \/>\n<script type=\"application\/ld+json\" class=\"yoast-schema-graph\">{\"@context\":\"https:\\\/\\\/schema.org\",\"@graph\":[{\"@type\":\"WebPage\",\"@id\":\"https:\\\/\\\/ceric.ca\\\/fr\\\/projets\\\/un-pas-vers-la-reussite-la-gestion-dune-transition-de-carriere-reussie-apres-un-conge-de-maternite\\\/\",\"url\":\"https:\\\/\\\/ceric.ca\\\/fr\\\/projets\\\/un-pas-vers-la-reussite-la-gestion-dune-transition-de-carriere-reussie-apres-un-conge-de-maternite\\\/\",\"name\":\"Un pas vers la r\u00e9ussite! la gestion d\u2019une transition de carri\u00e8re r\u00e9ussie apr\u00e8s un cong\u00e9 de maternit\u00e9 - CERIC\",\"isPartOf\":{\"@id\":\"https:\\\/\\\/ceric.ca\\\/#website\"},\"datePublished\":\"2022-04-12T21:38:07+00:00\",\"dateModified\":\"2022-08-15T14:41:10+00:00\",\"breadcrumb\":{\"@id\":\"https:\\\/\\\/ceric.ca\\\/fr\\\/projets\\\/un-pas-vers-la-reussite-la-gestion-dune-transition-de-carriere-reussie-apres-un-conge-de-maternite\\\/#breadcrumb\"},\"inLanguage\":\"fr-FR\",\"potentialAction\":[{\"@type\":\"ReadAction\",\"target\":[\"https:\\\/\\\/ceric.ca\\\/fr\\\/projets\\\/un-pas-vers-la-reussite-la-gestion-dune-transition-de-carriere-reussie-apres-un-conge-de-maternite\\\/\"]}]},{\"@type\":\"BreadcrumbList\",\"@id\":\"https:\\\/\\\/ceric.ca\\\/fr\\\/projets\\\/un-pas-vers-la-reussite-la-gestion-dune-transition-de-carriere-reussie-apres-un-conge-de-maternite\\\/#breadcrumb\",\"itemListElement\":[{\"@type\":\"ListItem\",\"position\":1,\"name\":\"Home\",\"item\":\"https:\\\/\\\/ceric.ca\\\/fr\\\/ceric-homepage-2025\\\/\"},{\"@type\":\"ListItem\",\"position\":2,\"name\":\"Projets\",\"item\":\"https:\\\/\\\/ceric.ca\\\/fr\\\/projets\\\/\"},{\"@type\":\"ListItem\",\"position\":3,\"name\":\"Un pas vers la r\u00e9ussite! la gestion d\u2019une transition de carri\u00e8re r\u00e9ussie apr\u00e8s un cong\u00e9 de maternit\u00e9\"}]},{\"@type\":\"WebSite\",\"@id\":\"https:\\\/\\\/ceric.ca\\\/#website\",\"url\":\"https:\\\/\\\/ceric.ca\\\/\",\"name\":\"CERIC\",\"description\":\"\",\"publisher\":{\"@id\":\"https:\\\/\\\/ceric.ca\\\/#organization\"},\"potentialAction\":[{\"@type\":\"SearchAction\",\"target\":{\"@type\":\"EntryPoint\",\"urlTemplate\":\"https:\\\/\\\/ceric.ca\\\/?s={search_term_string}\"},\"query-input\":{\"@type\":\"PropertyValueSpecification\",\"valueRequired\":true,\"valueName\":\"search_term_string\"}}],\"inLanguage\":\"fr-FR\"},{\"@type\":\"Organization\",\"@id\":\"https:\\\/\\\/ceric.ca\\\/#organization\",\"name\":\"CERIC\",\"url\":\"https:\\\/\\\/ceric.ca\\\/\",\"logo\":{\"@type\":\"ImageObject\",\"inLanguage\":\"fr-FR\",\"@id\":\"https:\\\/\\\/ceric.ca\\\/#\\\/schema\\\/logo\\\/image\\\/\",\"url\":\"\",\"contentUrl\":\"\",\"caption\":\"CERIC\"},\"image\":{\"@id\":\"https:\\\/\\\/ceric.ca\\\/#\\\/schema\\\/logo\\\/image\\\/\"}}]}<\/script>\n<!-- \/ Yoast SEO Premium plugin. -->","yoast_head_json":{"title":"Un pas vers la r\u00e9ussite! la gestion d\u2019une transition de carri\u00e8re r\u00e9ussie apr\u00e8s un cong\u00e9 de maternit\u00e9 - CERIC","robots":{"index":"index","follow":"follow","max-snippet":"max-snippet:-1","max-image-preview":"max-image-preview:large","max-video-preview":"max-video-preview:-1"},"canonical":"https:\/\/ceric.ca\/fr\/projets\/un-pas-vers-la-reussite-la-gestion-dune-transition-de-carriere-reussie-apres-un-conge-de-maternite\/","og_locale":"fr_FR","og_type":"article","og_title":"Un pas vers la r\u00e9ussite! la gestion d\u2019une transition de carri\u00e8re r\u00e9ussie apr\u00e8s un cong\u00e9 de maternit\u00e9","og_description":"[vc_row][vc_column width=\u00a0\u00bb1\/2&Prime;][vc_single_image image=\u00a0\u00bb27092&Prime;][\/vc_column][vc_column width=\u00a0\u00bb1\/2&Prime;][vc_message message_box_color=\u00a0\u00bbalert-success\u00a0\u00bb icon_type=\u00a0\u00bbentypo\u00a0\u00bb icon_entypo=\u00a0\u00bbentypo-icon entypo-icon-progress-3&Prime;]TERMIN\u00c9[\/vc_message][\/vc_column][\/vc_row][vc_row][vc_column][vc_column_text] Mise \u00e0 jour sur le projet Financ\u00e9 par l\u2019Institut canadien d\u2019\u00e9ducation et de recherche en orientation (CERIC), Canada [\u2026]","og_url":"https:\/\/ceric.ca\/fr\/projets\/un-pas-vers-la-reussite-la-gestion-dune-transition-de-carriere-reussie-apres-un-conge-de-maternite\/","og_site_name":"CERIC","article_modified_time":"2022-08-15T14:41:10+00:00","twitter_card":"summary_large_image","twitter_misc":{"Dur\u00e9e de lecture estim\u00e9e":"4 minutes"},"schema":{"@context":"https:\/\/schema.org","@graph":[{"@type":"WebPage","@id":"https:\/\/ceric.ca\/fr\/projets\/un-pas-vers-la-reussite-la-gestion-dune-transition-de-carriere-reussie-apres-un-conge-de-maternite\/","url":"https:\/\/ceric.ca\/fr\/projets\/un-pas-vers-la-reussite-la-gestion-dune-transition-de-carriere-reussie-apres-un-conge-de-maternite\/","name":"Un pas vers la r\u00e9ussite! la gestion d\u2019une transition de carri\u00e8re r\u00e9ussie apr\u00e8s un cong\u00e9 de maternit\u00e9 - CERIC","isPartOf":{"@id":"https:\/\/ceric.ca\/#website"},"datePublished":"2022-04-12T21:38:07+00:00","dateModified":"2022-08-15T14:41:10+00:00","breadcrumb":{"@id":"https:\/\/ceric.ca\/fr\/projets\/un-pas-vers-la-reussite-la-gestion-dune-transition-de-carriere-reussie-apres-un-conge-de-maternite\/#breadcrumb"},"inLanguage":"fr-FR","potentialAction":[{"@type":"ReadAction","target":["https:\/\/ceric.ca\/fr\/projets\/un-pas-vers-la-reussite-la-gestion-dune-transition-de-carriere-reussie-apres-un-conge-de-maternite\/"]}]},{"@type":"BreadcrumbList","@id":"https:\/\/ceric.ca\/fr\/projets\/un-pas-vers-la-reussite-la-gestion-dune-transition-de-carriere-reussie-apres-un-conge-de-maternite\/#breadcrumb","itemListElement":[{"@type":"ListItem","position":1,"name":"Home","item":"https:\/\/ceric.ca\/fr\/ceric-homepage-2025\/"},{"@type":"ListItem","position":2,"name":"Projets","item":"https:\/\/ceric.ca\/fr\/projets\/"},{"@type":"ListItem","position":3,"name":"Un pas vers la r\u00e9ussite! la gestion d\u2019une transition de carri\u00e8re r\u00e9ussie apr\u00e8s un cong\u00e9 de maternit\u00e9"}]},{"@type":"WebSite","@id":"https:\/\/ceric.ca\/#website","url":"https:\/\/ceric.ca\/","name":"CERIC","description":"","publisher":{"@id":"https:\/\/ceric.ca\/#organization"},"potentialAction":[{"@type":"SearchAction","target":{"@type":"EntryPoint","urlTemplate":"https:\/\/ceric.ca\/?s={search_term_string}"},"query-input":{"@type":"PropertyValueSpecification","valueRequired":true,"valueName":"search_term_string"}}],"inLanguage":"fr-FR"},{"@type":"Organization","@id":"https:\/\/ceric.ca\/#organization","name":"CERIC","url":"https:\/\/ceric.ca\/","logo":{"@type":"ImageObject","inLanguage":"fr-FR","@id":"https:\/\/ceric.ca\/#\/schema\/logo\/image\/","url":"","contentUrl":"","caption":"CERIC"},"image":{"@id":"https:\/\/ceric.ca\/#\/schema\/logo\/image\/"}}]}},"_links":{"self":[{"href":"https:\/\/ceric.ca\/fr\/wp-json\/wp\/v2\/pages\/54349","targetHints":{"allow":["GET"]}}],"collection":[{"href":"https:\/\/ceric.ca\/fr\/wp-json\/wp\/v2\/pages"}],"about":[{"href":"https:\/\/ceric.ca\/fr\/wp-json\/wp\/v2\/types\/page"}],"author":[{"embeddable":true,"href":"https:\/\/ceric.ca\/fr\/wp-json\/wp\/v2\/users\/1"}],"replies":[{"embeddable":true,"href":"https:\/\/ceric.ca\/fr\/wp-json\/wp\/v2\/comments?post=54349"}],"version-history":[{"count":0,"href":"https:\/\/ceric.ca\/fr\/wp-json\/wp\/v2\/pages\/54349\/revisions"}],"up":[{"embeddable":true,"href":"https:\/\/ceric.ca\/fr\/wp-json\/wp\/v2\/pages\/9559"}],"wp:attachment":[{"href":"https:\/\/ceric.ca\/fr\/wp-json\/wp\/v2\/media?parent=54349"}],"curies":[{"name":"wp","href":"https:\/\/api.w.org\/{rel}","templated":true}]}}