{"id":54357,"date":"2022-04-12T18:18:05","date_gmt":"2022-04-12T22:18:05","guid":{"rendered":"https:\/\/ceric.ca\/?page_id=54357"},"modified":"2022-04-12T18:18:05","modified_gmt":"2022-04-12T22:18:05","slug":"comprendre-le-developpement-de-carriere-des-jeunes-enfants-comme-processus-de-developpement-relationnel-engagement-des-parents","status":"publish","type":"page","link":"https:\/\/ceric.ca\/fr\/projets\/comprendre-le-developpement-de-carriere-des-jeunes-enfants-comme-processus-de-developpement-relationnel-engagement-des-parents\/","title":{"rendered":"Comprendre le d\u00e9veloppement de carri\u00e8re des jeunes enfants comme processus de d\u00e9veloppement\/relationnel : engagement des parents"},"content":{"rendered":"<div class=\"wpb-content-wrapper\"><p>[vc_row][vc_column width=\u00a0\u00bb1\/2&Prime;][vc_single_image image=\u00a0\u00bb21051&Prime;][\/vc_column][vc_column width=\u00a0\u00bb1\/2&Prime;]<div class=\"wprt-list clearfix icon-left icon-middle\">\r\n\t\t<div style=\"padding:;margin-bottom:10px;background-color:#f8f8f8;\">\r\n\t\t\t<span style=\"padding-left:30px;\"><span class=\"icon \">\r\n\t\t\t<i class=\"typcn typcn-group\" style=\"color:#898989;font-size:20px;\"><\/i>\r\n\t\t<\/span> <span style=\"font-weight:700;\">Partenaire du projet : Memorial University<\/span><\/span>\r\n\t\t<\/div>\r\n\t<\/div><div class=\"wprt-list clearfix icon-left icon-middle\">\r\n\t\t<div style=\"padding:;margin-bottom:10px;background-color:#f8f8f8;\">\r\n\t\t\t<span style=\"padding-left:30px;\"><span class=\"icon \">\r\n\t\t\t<i class=\"typcn typcn-flag\" style=\"color:#898989;font-size:20px;\"><\/i>\r\n\t\t<\/span> <span style=\"font-weight:700;\">Langue : Anglais<\/span><\/span>\r\n\t\t<\/div>\r\n\t<\/div>[vc_message message_box_color=\u00a0\u00bbalert-success\u00a0\u00bb icon_type=\u00a0\u00bbentypo\u00a0\u00bb icon_entypo=\u00a0\u00bbentypo-icon entypo-icon-progress-3&Prime;]<strong>TERMINER<\/strong>[\/vc_message][\/vc_column][\/vc_row][vc_row][vc_column]\r\n\t<div class=\"wprt-spacer clearfix\" data-desktop=\"40\" data-mobi=\"30\" data-smobi=\"30\"><\/div>[vc_column_text]Cette \u00e9tude examinera le processus et la nature du d\u00e9veloppement de carri\u00e8re chez les jeunes enfants. La recherche visera \u00e0 combler d\u2019importantes lacunes dans les applications th\u00e9oriques et pratiques du d\u00e9veloppement de carri\u00e8re pour les jeunes enfants, les parents, les enseignants et la collectivit\u00e9. Nous savons que les parents et les enseignants ont une grande influence sur le d\u00e9veloppement de carri\u00e8re et p\u00e9dagogique des enfants, mais la nature m\u00eame de cette influence a fait l\u2019objet de tr\u00e8s peu d\u2019\u00e9tudes. Ce projet tentera d\u2019engager les parents et les enseignants et de leur donner les moyens pour \u00eatre plus sensibles \u00e0 la question du d\u00e9veloppement de carri\u00e8re des jeunes enfants et s\u2019efforcera de les soutenir par des strat\u00e9gies de d\u00e9veloppement de carri\u00e8re dynamiques fond\u00e9es sur l\u2019interaction. Sur une p\u00e9riode de trois ans, nous emploierons plusieurs m\u00e9thodologies pour \u00e9toffer nos connaissances sur le d\u00e9veloppement de carri\u00e8re des enfants. Des m\u00e9thodologies de recherche quantitative et qualitative compl\u00e9mentaires permettront de bien comprendre le d\u00e9veloppement de carri\u00e8re des jeunes enfants ainsi que les facteurs qui l\u2019influencent. Des crit\u00e8res de d\u00e9veloppement de carri\u00e8re \u00e9tablis \u00e0 partir de cette \u00e9tude longitudinale serviront \u00e0 informer et \u00e0 orienter les parents et les pratiques d\u2019enseignement.[\/vc_column_text][\/vc_column][\/vc_row][vc_row][vc_column]\r\n\t<div class=\"wprt-spacer clearfix\" data-desktop=\"40\" data-mobi=\"30\" data-smobi=\"30\"><\/div>[vc_separator color=\u00a0\u00bbcustom\u00a0\u00bb style=\u00a0\u00bbdashed\u00a0\u00bb border_width=\u00a0\u00bb2&Prime; accent_color=\u00a0\u00bb#cccccc\u00a0\u00bb]\r\n\t<div class=\"wprt-spacer clearfix\" data-desktop=\"40\" data-mobi=\"30\" data-smobi=\"30\"><\/div>[\/vc_column][\/vc_row][vc_row][vc_column width=\u00a0\u00bb1\/5&Prime;][vc_single_image image=\u00a0\u00bb45461&Prime; img_size=\u00a0\u00bbmedium\u00a0\u00bb][\/vc_column][vc_column width=\u00a0\u00bb4\/5&Prime;][vc_column_text]<div class='w3eden wpdm_package_shortcode'><div class=\"media well link-template-widget\">\n    <div class=\"media-body\">\n        <a href=\"https:\/\/ceric.ca\/wpdm-package\/early-years-career-development-young-children-guide-educators\/?wpdmdl=21057&refresh=69d92a127053b1775839762\" style=\"display: block;clear: bottom;font-size: 11pt;font-weight: bold;\">The Early Years: Career Development for Young Children \u2013 A Guide for Educators<\/a>\n        <div style=\"font-size: 9pt;\">\n            <i class=\"fas fa-hdd color-green\"><\/i> 2.5 MB <i class=\"fa fa-copy ml-3\"><\/i>\n            1 file(s)\n        <\/div>\n    <\/div>\n<\/div>\n\n<\/div>[\/vc_column_text][\/vc_column][\/vc_row][vc_row][vc_column]\r\n\t<div class=\"wprt-spacer clearfix\" data-desktop=\"40\" data-mobi=\"30\" data-smobi=\"30\"><\/div>[vc_separator color=\u00a0\u00bbcustom\u00a0\u00bb style=\u00a0\u00bbdashed\u00a0\u00bb border_width=\u00a0\u00bb2&Prime; accent_color=\u00a0\u00bb#cccccc\u00a0\u00bb]\r\n\t<div class=\"wprt-spacer clearfix\" data-desktop=\"40\" data-mobi=\"30\" data-smobi=\"30\"><\/div>[\/vc_column][\/vc_row][vc_row][vc_column width=\u00a0\u00bb1\/5&Prime;][vc_single_image image=\u00a0\u00bb45456&Prime; img_size=\u00a0\u00bbmedium\u00a0\u00bb][\/vc_column][vc_column width=\u00a0\u00bb4\/5&Prime;][vc_column_text]<div class='w3eden wpdm_package_shortcode'><div class=\"media well link-template-widget\">\n    <div class=\"media-body\">\n        <a href=\"https:\/\/ceric.ca\/wpdm-package\/early-years-career-development-young-children-guide-parentsguardians\/?wpdmdl=21061&refresh=69d92a12a5c7d1775839762\" style=\"display: block;clear: bottom;font-size: 11pt;font-weight: bold;\">The Early Years: Career Development for Young Children \u2013 A Guide for Parents\/Guardians<\/a>\n        <div style=\"font-size: 9pt;\">\n            <i class=\"fas fa-hdd color-green\"><\/i> 2.56 MB <i class=\"fa fa-copy ml-3\"><\/i>\n            1 file(s)\n        <\/div>\n    <\/div>\n<\/div>\n\n<\/div>[\/vc_column_text][\/vc_column][\/vc_row][vc_row][vc_column]\r\n\t<div class=\"wprt-spacer clearfix\" data-desktop=\"40\" data-mobi=\"30\" data-smobi=\"30\"><\/div>[vc_separator color=\u00a0\u00bbcustom\u00a0\u00bb style=\u00a0\u00bbdashed\u00a0\u00bb border_width=\u00a0\u00bb2&Prime; accent_color=\u00a0\u00bb#cccccc\u00a0\u00bb]\r\n\t<div class=\"wprt-spacer clearfix\" data-desktop=\"40\" data-mobi=\"30\" data-smobi=\"30\"><\/div>[\/vc_column][\/vc_row][vc_row][vc_column][vc_column_text]<a href=\"http:\/\/ceric.ca\/wp-content\/uploads\/2012\/10\/Final-Report.pdf\" target=\"_blank\" rel=\"noopener noreferrer\">Rapport final<\/a>\u00a0(en anglais) \u2013 Apprenez-en davantage sur l\u2019exp\u00e9rience de notre partenaire avec la mise en oeuvre de ce projet, ce qu\u2019ils ont appris et les principales conclusions du projet.[\/vc_column_text][\/vc_column][\/vc_row]<\/p>\n<\/div>","protected":false},"excerpt":{"rendered":"<p>[vc_row][vc_column width=\u00a0\u00bb1\/2&Prime;][vc_single_image image=\u00a0\u00bb21051&Prime;][\/vc_column][vc_column width=\u00a0\u00bb1\/2&Prime;][vc_message message_box_color=\u00a0\u00bbalert-success\u00a0\u00bb icon_type=\u00a0\u00bbentypo\u00a0\u00bb icon_entypo=\u00a0\u00bbentypo-icon entypo-icon-progress-3&Prime;]TERMINER[\/vc_message][\/vc_column][\/vc_row][vc_row][vc_column][vc_column_text]Cette \u00e9tude examinera le processus et la nature du d\u00e9veloppement de carri\u00e8re chez les jeunes enfants. La recherche visera<span class=\"excerpt-hellip\"> [\u2026]<\/span><\/p>\n","protected":false},"author":1,"featured_media":0,"parent":9559,"menu_order":0,"comment_status":"closed","ping_status":"closed","template":"","meta":{"h5ap_radio_sources":[],"footnotes":""},"class_list":["post-54357","page","type-page","status-publish","hentry"],"yoast_head":"<!-- This site is optimized with the Yoast SEO Premium plugin v27.3 (Yoast SEO v27.3) - https:\/\/yoast.com\/product\/yoast-seo-premium-wordpress\/ -->\n<title>Comprendre le d\u00e9veloppement de carri\u00e8re des jeunes enfants comme processus de d\u00e9veloppement\/relationnel : engagement des parents - CERIC<\/title>\n<meta name=\"robots\" content=\"index, follow, max-snippet:-1, max-image-preview:large, max-video-preview:-1\" \/>\n<link rel=\"canonical\" href=\"https:\/\/ceric.ca\/fr\/projets\/comprendre-le-developpement-de-carriere-des-jeunes-enfants-comme-processus-de-developpement-relationnel-engagement-des-parents\/\" \/>\n<meta property=\"og:locale\" content=\"fr_FR\" \/>\n<meta property=\"og:type\" content=\"article\" \/>\n<meta property=\"og:title\" content=\"Comprendre le d\u00e9veloppement de carri\u00e8re des jeunes enfants comme processus de d\u00e9veloppement\/relationnel : engagement des parents\" \/>\n<meta property=\"og:description\" content=\"[vc_row][vc_column width=\u00a0\u00bb1\/2&Prime;][vc_single_image image=\u00a0\u00bb21051&Prime;][\/vc_column][vc_column width=\u00a0\u00bb1\/2&Prime;][vc_message message_box_color=\u00a0\u00bbalert-success\u00a0\u00bb icon_type=\u00a0\u00bbentypo\u00a0\u00bb icon_entypo=\u00a0\u00bbentypo-icon entypo-icon-progress-3&Prime;]TERMINER[\/vc_message][\/vc_column][\/vc_row][vc_row][vc_column][vc_column_text]Cette \u00e9tude examinera le processus et la nature du d\u00e9veloppement de carri\u00e8re chez les jeunes enfants. La recherche visera [\u2026]\" \/>\n<meta property=\"og:url\" content=\"https:\/\/ceric.ca\/fr\/projets\/comprendre-le-developpement-de-carriere-des-jeunes-enfants-comme-processus-de-developpement-relationnel-engagement-des-parents\/\" \/>\n<meta property=\"og:site_name\" content=\"CERIC\" \/>\n<meta name=\"twitter:card\" content=\"summary_large_image\" \/>\n<meta name=\"twitter:label1\" content=\"Dur\u00e9e de lecture estim\u00e9e\" \/>\n\t<meta name=\"twitter:data1\" content=\"2 minutes\" \/>\n<script type=\"application\/ld+json\" class=\"yoast-schema-graph\">{\"@context\":\"https:\\\/\\\/schema.org\",\"@graph\":[{\"@type\":\"WebPage\",\"@id\":\"https:\\\/\\\/ceric.ca\\\/fr\\\/projets\\\/comprendre-le-developpement-de-carriere-des-jeunes-enfants-comme-processus-de-developpement-relationnel-engagement-des-parents\\\/\",\"url\":\"https:\\\/\\\/ceric.ca\\\/fr\\\/projets\\\/comprendre-le-developpement-de-carriere-des-jeunes-enfants-comme-processus-de-developpement-relationnel-engagement-des-parents\\\/\",\"name\":\"Comprendre le d\u00e9veloppement de carri\u00e8re des jeunes enfants comme processus de d\u00e9veloppement\\\/relationnel : engagement des parents - CERIC\",\"isPartOf\":{\"@id\":\"https:\\\/\\\/ceric.ca\\\/#website\"},\"datePublished\":\"2022-04-12T22:18:05+00:00\",\"breadcrumb\":{\"@id\":\"https:\\\/\\\/ceric.ca\\\/fr\\\/projets\\\/comprendre-le-developpement-de-carriere-des-jeunes-enfants-comme-processus-de-developpement-relationnel-engagement-des-parents\\\/#breadcrumb\"},\"inLanguage\":\"fr-FR\",\"potentialAction\":[{\"@type\":\"ReadAction\",\"target\":[\"https:\\\/\\\/ceric.ca\\\/fr\\\/projets\\\/comprendre-le-developpement-de-carriere-des-jeunes-enfants-comme-processus-de-developpement-relationnel-engagement-des-parents\\\/\"]}]},{\"@type\":\"BreadcrumbList\",\"@id\":\"https:\\\/\\\/ceric.ca\\\/fr\\\/projets\\\/comprendre-le-developpement-de-carriere-des-jeunes-enfants-comme-processus-de-developpement-relationnel-engagement-des-parents\\\/#breadcrumb\",\"itemListElement\":[{\"@type\":\"ListItem\",\"position\":1,\"name\":\"Home\",\"item\":\"https:\\\/\\\/ceric.ca\\\/fr\\\/ceric-homepage-2025\\\/\"},{\"@type\":\"ListItem\",\"position\":2,\"name\":\"Projets\",\"item\":\"https:\\\/\\\/ceric.ca\\\/fr\\\/projets\\\/\"},{\"@type\":\"ListItem\",\"position\":3,\"name\":\"Comprendre le d\u00e9veloppement de carri\u00e8re des jeunes enfants comme processus de d\u00e9veloppement\\\/relationnel : engagement des parents\"}]},{\"@type\":\"WebSite\",\"@id\":\"https:\\\/\\\/ceric.ca\\\/#website\",\"url\":\"https:\\\/\\\/ceric.ca\\\/\",\"name\":\"CERIC\",\"description\":\"\",\"publisher\":{\"@id\":\"https:\\\/\\\/ceric.ca\\\/#organization\"},\"potentialAction\":[{\"@type\":\"SearchAction\",\"target\":{\"@type\":\"EntryPoint\",\"urlTemplate\":\"https:\\\/\\\/ceric.ca\\\/?s={search_term_string}\"},\"query-input\":{\"@type\":\"PropertyValueSpecification\",\"valueRequired\":true,\"valueName\":\"search_term_string\"}}],\"inLanguage\":\"fr-FR\"},{\"@type\":\"Organization\",\"@id\":\"https:\\\/\\\/ceric.ca\\\/#organization\",\"name\":\"CERIC\",\"url\":\"https:\\\/\\\/ceric.ca\\\/\",\"logo\":{\"@type\":\"ImageObject\",\"inLanguage\":\"fr-FR\",\"@id\":\"https:\\\/\\\/ceric.ca\\\/#\\\/schema\\\/logo\\\/image\\\/\",\"url\":\"\",\"contentUrl\":\"\",\"caption\":\"CERIC\"},\"image\":{\"@id\":\"https:\\\/\\\/ceric.ca\\\/#\\\/schema\\\/logo\\\/image\\\/\"}}]}<\/script>\n<!-- \/ Yoast SEO Premium plugin. -->","yoast_head_json":{"title":"Comprendre le d\u00e9veloppement de carri\u00e8re des jeunes enfants comme processus de d\u00e9veloppement\/relationnel : engagement des parents - CERIC","robots":{"index":"index","follow":"follow","max-snippet":"max-snippet:-1","max-image-preview":"max-image-preview:large","max-video-preview":"max-video-preview:-1"},"canonical":"https:\/\/ceric.ca\/fr\/projets\/comprendre-le-developpement-de-carriere-des-jeunes-enfants-comme-processus-de-developpement-relationnel-engagement-des-parents\/","og_locale":"fr_FR","og_type":"article","og_title":"Comprendre le d\u00e9veloppement de carri\u00e8re des jeunes enfants comme processus de d\u00e9veloppement\/relationnel : engagement des parents","og_description":"[vc_row][vc_column width=\u00a0\u00bb1\/2&Prime;][vc_single_image image=\u00a0\u00bb21051&Prime;][\/vc_column][vc_column width=\u00a0\u00bb1\/2&Prime;][vc_message message_box_color=\u00a0\u00bbalert-success\u00a0\u00bb icon_type=\u00a0\u00bbentypo\u00a0\u00bb icon_entypo=\u00a0\u00bbentypo-icon entypo-icon-progress-3&Prime;]TERMINER[\/vc_message][\/vc_column][\/vc_row][vc_row][vc_column][vc_column_text]Cette \u00e9tude examinera le processus et la nature du d\u00e9veloppement de carri\u00e8re chez les jeunes enfants. La recherche visera [\u2026]","og_url":"https:\/\/ceric.ca\/fr\/projets\/comprendre-le-developpement-de-carriere-des-jeunes-enfants-comme-processus-de-developpement-relationnel-engagement-des-parents\/","og_site_name":"CERIC","twitter_card":"summary_large_image","twitter_misc":{"Dur\u00e9e de lecture estim\u00e9e":"2 minutes"},"schema":{"@context":"https:\/\/schema.org","@graph":[{"@type":"WebPage","@id":"https:\/\/ceric.ca\/fr\/projets\/comprendre-le-developpement-de-carriere-des-jeunes-enfants-comme-processus-de-developpement-relationnel-engagement-des-parents\/","url":"https:\/\/ceric.ca\/fr\/projets\/comprendre-le-developpement-de-carriere-des-jeunes-enfants-comme-processus-de-developpement-relationnel-engagement-des-parents\/","name":"Comprendre le d\u00e9veloppement de carri\u00e8re des jeunes enfants comme processus de d\u00e9veloppement\/relationnel : engagement des parents - CERIC","isPartOf":{"@id":"https:\/\/ceric.ca\/#website"},"datePublished":"2022-04-12T22:18:05+00:00","breadcrumb":{"@id":"https:\/\/ceric.ca\/fr\/projets\/comprendre-le-developpement-de-carriere-des-jeunes-enfants-comme-processus-de-developpement-relationnel-engagement-des-parents\/#breadcrumb"},"inLanguage":"fr-FR","potentialAction":[{"@type":"ReadAction","target":["https:\/\/ceric.ca\/fr\/projets\/comprendre-le-developpement-de-carriere-des-jeunes-enfants-comme-processus-de-developpement-relationnel-engagement-des-parents\/"]}]},{"@type":"BreadcrumbList","@id":"https:\/\/ceric.ca\/fr\/projets\/comprendre-le-developpement-de-carriere-des-jeunes-enfants-comme-processus-de-developpement-relationnel-engagement-des-parents\/#breadcrumb","itemListElement":[{"@type":"ListItem","position":1,"name":"Home","item":"https:\/\/ceric.ca\/fr\/ceric-homepage-2025\/"},{"@type":"ListItem","position":2,"name":"Projets","item":"https:\/\/ceric.ca\/fr\/projets\/"},{"@type":"ListItem","position":3,"name":"Comprendre le d\u00e9veloppement de carri\u00e8re des jeunes enfants comme processus de d\u00e9veloppement\/relationnel : engagement des parents"}]},{"@type":"WebSite","@id":"https:\/\/ceric.ca\/#website","url":"https:\/\/ceric.ca\/","name":"CERIC","description":"","publisher":{"@id":"https:\/\/ceric.ca\/#organization"},"potentialAction":[{"@type":"SearchAction","target":{"@type":"EntryPoint","urlTemplate":"https:\/\/ceric.ca\/?s={search_term_string}"},"query-input":{"@type":"PropertyValueSpecification","valueRequired":true,"valueName":"search_term_string"}}],"inLanguage":"fr-FR"},{"@type":"Organization","@id":"https:\/\/ceric.ca\/#organization","name":"CERIC","url":"https:\/\/ceric.ca\/","logo":{"@type":"ImageObject","inLanguage":"fr-FR","@id":"https:\/\/ceric.ca\/#\/schema\/logo\/image\/","url":"","contentUrl":"","caption":"CERIC"},"image":{"@id":"https:\/\/ceric.ca\/#\/schema\/logo\/image\/"}}]}},"_links":{"self":[{"href":"https:\/\/ceric.ca\/fr\/wp-json\/wp\/v2\/pages\/54357","targetHints":{"allow":["GET"]}}],"collection":[{"href":"https:\/\/ceric.ca\/fr\/wp-json\/wp\/v2\/pages"}],"about":[{"href":"https:\/\/ceric.ca\/fr\/wp-json\/wp\/v2\/types\/page"}],"author":[{"embeddable":true,"href":"https:\/\/ceric.ca\/fr\/wp-json\/wp\/v2\/users\/1"}],"replies":[{"embeddable":true,"href":"https:\/\/ceric.ca\/fr\/wp-json\/wp\/v2\/comments?post=54357"}],"version-history":[{"count":0,"href":"https:\/\/ceric.ca\/fr\/wp-json\/wp\/v2\/pages\/54357\/revisions"}],"up":[{"embeddable":true,"href":"https:\/\/ceric.ca\/fr\/wp-json\/wp\/v2\/pages\/9559"}],"wp:attachment":[{"href":"https:\/\/ceric.ca\/fr\/wp-json\/wp\/v2\/media?parent=54357"}],"curies":[{"name":"wp","href":"https:\/\/api.w.org\/{rel}","templated":true}]}}