{"id":54364,"date":"2022-04-13T13:46:06","date_gmt":"2022-04-13T17:46:06","guid":{"rendered":"https:\/\/ceric.ca\/?page_id=54364"},"modified":"2025-05-07T16:30:51","modified_gmt":"2025-05-07T20:30:51","slug":"veritables-possibilites-de-travail-a-domicile","status":"publish","type":"page","link":"https:\/\/ceric.ca\/fr\/projets\/veritables-possibilites-de-travail-a-domicile\/","title":{"rendered":"V\u00e9ritables possibilit\u00e9s de travail \u00e0 domicile"},"content":{"rendered":"<div class=\"wpb-content-wrapper\"><p>[vc_row][vc_column width=\u00a0\u00bb1\/2&Prime;][vc_single_image image=\u00a0\u00bb27093&Prime;][\/vc_column][vc_column width=\u00a0\u00bb1\/2&Prime;]<div class=\"wprt-list clearfix icon-left icon-middle\">\r\n\t\t<div style=\"padding:;margin-bottom:10px;background-color:#f8f8f8;\">\r\n\t\t\t<span style=\"padding-left:30px;\"><span class=\"icon \">\r\n\t\t\t<i class=\"typcn typcn-group\" style=\"color:#898989;font-size:20px;\"><\/i>\r\n\t\t<\/span> <span style=\"font-weight:700;\">Partenaire du projet : The Employment and Education Centre<\/span><\/span>\r\n\t\t<\/div>\r\n\t<\/div><div class=\"wprt-list clearfix icon-left icon-middle\">\r\n\t\t<div style=\"padding:;margin-bottom:10px;background-color:#f8f8f8;\">\r\n\t\t\t<span style=\"padding-left:30px;\"><span class=\"icon \">\r\n\t\t\t<i class=\"typcn typcn-flag\" style=\"color:#898989;font-size:20px;\"><\/i>\r\n\t\t<\/span> <span style=\"font-weight:700;\">Langue : Anglais<\/span><\/span>\r\n\t\t<\/div>\r\n\t<\/div>[vc_message message_box_color=\u00a0\u00bbalert-success\u00a0\u00bb icon_type=\u00a0\u00bbentypo\u00a0\u00bb icon_entypo=\u00a0\u00bbentypo-icon entypo-icon-progress-3&Prime;]<strong>TERMIN\u00c9<\/strong>[\/vc_message][\/vc_column][\/vc_row][vc_row][vc_column]\r\n\t<div class=\"wprt-spacer clearfix\" data-desktop=\"40\" data-mobi=\"30\" data-smobi=\"30\"><\/div>[vc_column_text css=\u00a0\u00bb\u00a0\u00bb]<em>Objectif\u00a0: Produire des webinaires de haute qualit\u00e9, bien document\u00e9s et pr\u00e9sent\u00e9s de fa\u00e7on professionnelle \u00e0 l\u2019intention des professionnels de l\u2019orientation et des autres personnes int\u00e9ress\u00e9es par le recrutement de personnel pour que nos clients puissent acc\u00e9der \u00e0 de v\u00e9ritables occasions de travail \u00e0 domicile.<\/em><\/p>\n<p>En r\u00e9ponse aux demandes r\u00e9p\u00e9t\u00e9es de ses clients, le\u00a0<a href=\"http:\/\/www.eecentre.com\/\" target=\"_blank\" rel=\"noopener noreferrer\">Employment and Education Centre (EEC)<\/a>\u00a0a lanc\u00e9 une recherche pr\u00e9liminaire pour r\u00e9pondre \u00e0 la question\u00a0:\u00a0\u00ab\u00a0Existe-t-il de v\u00e9ritables possibilit\u00e9s de travail \u00e0 domicile?\u00a0\u00bb. La r\u00e9ponse est un oui sans \u00e9quivoque comme en t\u00e9moigne le grand nombre d\u2019employeurs et d\u2019entrepreneurs ind\u00e9pendants qui ont r\u00e9pondu \u00e0 la question, et l\u2019\u00e9ventail des comp\u00e9tences recherch\u00e9es \u00e9tait surprenant. Comme dans n\u2019importe quelle population vuln\u00e9rable, il y a des pr\u00e9dateurs qui mettent sur pied des arnaques bien pens\u00e9es, destin\u00e9es aux sans-emplois. Le EEC a offert un atelier d\u2019introduction \u00e0 Brockville, ON et la demande de participation a \u00e9t\u00e9 si \u00e9lev\u00e9e que le centre a d\u00fb organiser un deuxi\u00e8me atelier le m\u00eame jour pour accueillir tout le monde (100\u00a0personnes ont particip\u00e9 aux ateliers lors de cette premi\u00e8re journ\u00e9e\u2026 un record pour le centre). L\u2019atelier affiche d\u2019ailleurs toujours complet chaque fois qu\u2019il est offert.<\/p>\n<p>En r\u00e9ponse \u00e0 ce manque de connaissances li\u00e9es aux\u00a0<strong>possibilit\u00e9s v\u00e9ritables de travail \u00e0 domicile<\/strong>, le centre travaille en partenariat avec le CERIC sur un projet de trois ans qui vise l\u2019apprentissage et le perfectionnement professionnel. Ce projet inclut des webinaires de haute qualit\u00e9, bien document\u00e9s et pr\u00e9sent\u00e9s de fa\u00e7on professionnelle qui portent sur le travail \u00e0 domicile. L\u2019accent est mis sur les emplois v\u00e9ritables et sur les relations avec les entrepreneurs ind\u00e9pendants, et non sur les entreprises \u00e0 domicile. Le projet offre des renseignements et des outils (diapositives, ressources et mat\u00e9riel publicitaire) aux professionnels de l\u2019orientation afin qu\u2019ils puissent donner des ateliers \u00e0 leurs clients.<\/p>\n<p>Gr\u00e2ce aux renseignements et aux outils offerts aux professionnels de l\u2019orientation, ils auront la possibilit\u00e9 de travailler de fa\u00e7on confidentielle avec leurs clients. Ainsi, ils pourront proposer de nouvelles possibilit\u00e9s d\u2019emploi \u00e0 des groupes de clients traditionnellement isol\u00e9s, tels que les personnes handicap\u00e9es, les collectivit\u00e9s rurales, les communaut\u00e9s am\u00e9rindiennes, les nouveaux arrivants, les soignants et les travailleurs plus \u00e2g\u00e9s.<\/p>\n<p>L\u2019incidence globale du projet sera de rem\u00e9dier au manque de connaissances des professionnels de l\u2019orientation au sujet des possibilit\u00e9s r\u00e9elles de travail \u00e0 domicile qui pourraient convenir \u00e0 leurs clients. Ces formations aux formateurs sont offertes chaque mois\u00a0<em>(en anglais)<\/em>, et leur contenu est toujours mis \u00e0 jour, afin qu\u2019elles demeurent actuelles.<\/p>\n<p>S\u00e9rie de quatre webinaires d\u2019une heure chaque (maximum 25 participants)<br \/>\n13h00 \u00e0 14h00 HE<br \/>\n249 $ par personne<\/p>\n<p>Pour obtenir le calendrier des prochains webinaires, visitez\u00a0<a href=\"http:\/\/www.eecentre.com\/wfh.php\" target=\"_blank\" rel=\"noopener noreferrer\">http:\/\/www.eecentre.com\/wfh.php<\/a>\u00a0ou communiquez avec Anne-Marie Rolfe par courriel \u00e0\u00a0<a href=\"mailto:annemarie@eecentre.com\">annemarie@eecentre.com<\/a>\u00a0ou par t\u00e9l\u00e9phone au 613.498.2111, poste\u00a0261.<\/p>\n<p><a href=\"https:\/\/ceric.ca\/wp-content\/uploads\/2025\/05\/Legitimate-Opportunities-to-Work-fro-Home-Final-Project-Report-Jan-2015.pdf\" target=\"_blank\" rel=\"noopener noreferrer\">Rapport final<\/a>\u00a0(en anglais) \u2013 Apprenez-en davantage sur l\u2019exp\u00e9rience de notre partenaire avec la mise en oeuvre de ce projet, ce qu\u2019ils ont appris et les principales conclusions du projet.[\/vc_column_text][\/vc_column][\/vc_row][vc_row][vc_column]\r\n\t<div class=\"wprt-spacer clearfix\" data-desktop=\"40\" data-mobi=\"30\" data-smobi=\"30\"><\/div>[vc_separator color=\u00a0\u00bbcustom\u00a0\u00bb style=\u00a0\u00bbdashed\u00a0\u00bb border_width=\u00a0\u00bb2&Prime; accent_color=\u00a0\u00bb#cccccc\u00a0\u00bb]\r\n\t<div class=\"wprt-spacer clearfix\" data-desktop=\"40\" data-mobi=\"30\" data-smobi=\"30\"><\/div>[\/vc_column][\/vc_row][vc_row][vc_column width=\u00a0\u00bb1\/5&Prime;][vc_single_image image=\u00a0\u00bb14566&Prime; img_size=\u00a0\u00bbmedium\u00a0\u00bb][\/vc_column][vc_column width=\u00a0\u00bb4\/5&Prime;][vc_column_text]<div class='w3eden wpdm_package_shortcode'><div class=\"media well link-template-widget\">\n    <div class=\"media-body\">\n        <a href=\"https:\/\/ceric.ca\/fr\/wpdm-package\/cahier-dexercice-possibilites-veritables-de-travail-a-domicile\/?wpdmdl=14156&refresh=69d8e5bfa4be61775822271\" style=\"display: block;clear: bottom;font-size: 11pt;font-weight: bold;\">Cahier d\u2019exercice : Possibilit\u00e9s v\u00e9ritables de travail \u00e0 domicile<\/a>\n        <div style=\"font-size: 9pt;\">\n            <i class=\"fas fa-hdd color-green\"><\/i> 4.68 MB <i class=\"fa fa-copy ml-3\"><\/i>\n            1 file(s)\n        <\/div>\n    <\/div>\n<\/div>\n\n<\/div>[\/vc_column_text][\/vc_column][\/vc_row][vc_row][vc_column]\r\n\t<div class=\"wprt-spacer clearfix\" data-desktop=\"40\" data-mobi=\"30\" data-smobi=\"30\"><\/div>[vc_separator color=\u00a0\u00bbcustom\u00a0\u00bb style=\u00a0\u00bbdashed\u00a0\u00bb border_width=\u00a0\u00bb2&Prime; accent_color=\u00a0\u00bb#cccccc\u00a0\u00bb]\r\n\t<div class=\"wprt-spacer clearfix\" data-desktop=\"40\" data-mobi=\"30\" data-smobi=\"30\"><\/div>[\/vc_column][\/vc_row][vc_row][vc_column width=\u00a0\u00bb1\/5&Prime;][vc_single_image image=\u00a0\u00bb14560&Prime; img_size=\u00a0\u00bbmedium\u00a0\u00bb][\/vc_column][vc_column width=\u00a0\u00bb4\/5&Prime;][vc_column_text]<div class='w3eden wpdm_package_shortcode'><div class=\"media well link-template-widget\">\n    <div class=\"media-body\">\n        <a href=\"https:\/\/ceric.ca\/fr\/wpdm-package\/document-pour-clients-possibilites-veritables-de-travail-a-domicile\/?wpdmdl=14166&refresh=69d8e5bfd84be1775822271\" style=\"display: block;clear: bottom;font-size: 11pt;font-weight: bold;\">Document pour clients : Possibilit\u00e9s v\u00e9ritables de travail \u00e0 domicile<\/a>\n        <div style=\"font-size: 9pt;\">\n            <i class=\"fas fa-hdd color-green\"><\/i> 974.17 KB <i class=\"fa fa-copy ml-3\"><\/i>\n            1 file(s)\n        <\/div>\n    <\/div>\n<\/div>\n\n<\/div>[\/vc_column_text][\/vc_column][\/vc_row]<\/p>\n<\/div>","protected":false},"excerpt":{"rendered":"<p>[vc_row][vc_column width=\u00a0\u00bb1\/2&Prime;][vc_single_image image=\u00a0\u00bb27093&Prime;][\/vc_column][vc_column width=\u00a0\u00bb1\/2&Prime;][vc_message message_box_color=\u00a0\u00bbalert-success\u00a0\u00bb icon_type=\u00a0\u00bbentypo\u00a0\u00bb icon_entypo=\u00a0\u00bbentypo-icon entypo-icon-progress-3&Prime;]TERMIN\u00c9[\/vc_message][\/vc_column][\/vc_row][vc_row][vc_column][vc_column_text css=\u00a0\u00bb\u00a0\u00bb]Objectif\u00a0: Produire des webinaires de haute qualit\u00e9, bien document\u00e9s et pr\u00e9sent\u00e9s de fa\u00e7on professionnelle \u00e0 l\u2019intention des professionnels<span class=\"excerpt-hellip\"> [\u2026]<\/span><\/p>\n","protected":false},"author":1,"featured_media":0,"parent":9559,"menu_order":0,"comment_status":"closed","ping_status":"closed","template":"","meta":{"h5ap_radio_sources":[],"footnotes":""},"class_list":["post-54364","page","type-page","status-publish","hentry"],"yoast_head":"<!-- This site is optimized with the Yoast SEO Premium plugin v27.3 (Yoast SEO v27.3) - https:\/\/yoast.com\/product\/yoast-seo-premium-wordpress\/ -->\n<title>V\u00e9ritables possibilit\u00e9s de travail \u00e0 domicile - CERIC<\/title>\n<meta name=\"robots\" content=\"index, follow, max-snippet:-1, max-image-preview:large, max-video-preview:-1\" \/>\n<link rel=\"canonical\" href=\"https:\/\/ceric.ca\/fr\/projets\/veritables-possibilites-de-travail-a-domicile\/\" \/>\n<meta property=\"og:locale\" content=\"fr_FR\" \/>\n<meta property=\"og:type\" content=\"article\" \/>\n<meta property=\"og:title\" content=\"V\u00e9ritables possibilit\u00e9s de travail \u00e0 domicile\" \/>\n<meta property=\"og:description\" content=\"[vc_row][vc_column width=\u00a0\u00bb1\/2&Prime;][vc_single_image image=\u00a0\u00bb27093&Prime;][\/vc_column][vc_column width=\u00a0\u00bb1\/2&Prime;][vc_message message_box_color=\u00a0\u00bbalert-success\u00a0\u00bb icon_type=\u00a0\u00bbentypo\u00a0\u00bb icon_entypo=\u00a0\u00bbentypo-icon entypo-icon-progress-3&Prime;]TERMIN\u00c9[\/vc_message][\/vc_column][\/vc_row][vc_row][vc_column][vc_column_text css=\u00a0\u00bb\u00a0\u00bb]Objectif\u00a0: Produire des webinaires de haute qualit\u00e9, bien document\u00e9s et pr\u00e9sent\u00e9s de fa\u00e7on professionnelle \u00e0 l\u2019intention des professionnels [\u2026]\" \/>\n<meta property=\"og:url\" content=\"https:\/\/ceric.ca\/fr\/projets\/veritables-possibilites-de-travail-a-domicile\/\" \/>\n<meta property=\"og:site_name\" content=\"CERIC\" \/>\n<meta property=\"article:modified_time\" content=\"2025-05-07T20:30:51+00:00\" \/>\n<meta name=\"twitter:card\" content=\"summary_large_image\" \/>\n<meta name=\"twitter:label1\" content=\"Dur\u00e9e de lecture estim\u00e9e\" \/>\n\t<meta name=\"twitter:data1\" content=\"3 minutes\" \/>\n<script type=\"application\/ld+json\" class=\"yoast-schema-graph\">{\"@context\":\"https:\\\/\\\/schema.org\",\"@graph\":[{\"@type\":\"WebPage\",\"@id\":\"https:\\\/\\\/ceric.ca\\\/fr\\\/projets\\\/veritables-possibilites-de-travail-a-domicile\\\/\",\"url\":\"https:\\\/\\\/ceric.ca\\\/fr\\\/projets\\\/veritables-possibilites-de-travail-a-domicile\\\/\",\"name\":\"V\u00e9ritables possibilit\u00e9s de travail \u00e0 domicile - CERIC\",\"isPartOf\":{\"@id\":\"https:\\\/\\\/ceric.ca\\\/#website\"},\"datePublished\":\"2022-04-13T17:46:06+00:00\",\"dateModified\":\"2025-05-07T20:30:51+00:00\",\"breadcrumb\":{\"@id\":\"https:\\\/\\\/ceric.ca\\\/fr\\\/projets\\\/veritables-possibilites-de-travail-a-domicile\\\/#breadcrumb\"},\"inLanguage\":\"fr-FR\",\"potentialAction\":[{\"@type\":\"ReadAction\",\"target\":[\"https:\\\/\\\/ceric.ca\\\/fr\\\/projets\\\/veritables-possibilites-de-travail-a-domicile\\\/\"]}]},{\"@type\":\"BreadcrumbList\",\"@id\":\"https:\\\/\\\/ceric.ca\\\/fr\\\/projets\\\/veritables-possibilites-de-travail-a-domicile\\\/#breadcrumb\",\"itemListElement\":[{\"@type\":\"ListItem\",\"position\":1,\"name\":\"Home\",\"item\":\"https:\\\/\\\/ceric.ca\\\/fr\\\/ceric-homepage-2025\\\/\"},{\"@type\":\"ListItem\",\"position\":2,\"name\":\"Projets\",\"item\":\"https:\\\/\\\/ceric.ca\\\/fr\\\/projets\\\/\"},{\"@type\":\"ListItem\",\"position\":3,\"name\":\"V\u00e9ritables possibilit\u00e9s de travail \u00e0 domicile\"}]},{\"@type\":\"WebSite\",\"@id\":\"https:\\\/\\\/ceric.ca\\\/#website\",\"url\":\"https:\\\/\\\/ceric.ca\\\/\",\"name\":\"CERIC\",\"description\":\"\",\"publisher\":{\"@id\":\"https:\\\/\\\/ceric.ca\\\/#organization\"},\"potentialAction\":[{\"@type\":\"SearchAction\",\"target\":{\"@type\":\"EntryPoint\",\"urlTemplate\":\"https:\\\/\\\/ceric.ca\\\/?s={search_term_string}\"},\"query-input\":{\"@type\":\"PropertyValueSpecification\",\"valueRequired\":true,\"valueName\":\"search_term_string\"}}],\"inLanguage\":\"fr-FR\"},{\"@type\":\"Organization\",\"@id\":\"https:\\\/\\\/ceric.ca\\\/#organization\",\"name\":\"CERIC\",\"url\":\"https:\\\/\\\/ceric.ca\\\/\",\"logo\":{\"@type\":\"ImageObject\",\"inLanguage\":\"fr-FR\",\"@id\":\"https:\\\/\\\/ceric.ca\\\/#\\\/schema\\\/logo\\\/image\\\/\",\"url\":\"\",\"contentUrl\":\"\",\"caption\":\"CERIC\"},\"image\":{\"@id\":\"https:\\\/\\\/ceric.ca\\\/#\\\/schema\\\/logo\\\/image\\\/\"}}]}<\/script>\n<!-- \/ Yoast SEO Premium plugin. -->","yoast_head_json":{"title":"V\u00e9ritables possibilit\u00e9s de travail \u00e0 domicile - CERIC","robots":{"index":"index","follow":"follow","max-snippet":"max-snippet:-1","max-image-preview":"max-image-preview:large","max-video-preview":"max-video-preview:-1"},"canonical":"https:\/\/ceric.ca\/fr\/projets\/veritables-possibilites-de-travail-a-domicile\/","og_locale":"fr_FR","og_type":"article","og_title":"V\u00e9ritables possibilit\u00e9s de travail \u00e0 domicile","og_description":"[vc_row][vc_column width=\u00a0\u00bb1\/2&Prime;][vc_single_image image=\u00a0\u00bb27093&Prime;][\/vc_column][vc_column width=\u00a0\u00bb1\/2&Prime;][vc_message message_box_color=\u00a0\u00bbalert-success\u00a0\u00bb icon_type=\u00a0\u00bbentypo\u00a0\u00bb icon_entypo=\u00a0\u00bbentypo-icon entypo-icon-progress-3&Prime;]TERMIN\u00c9[\/vc_message][\/vc_column][\/vc_row][vc_row][vc_column][vc_column_text css=\u00a0\u00bb\u00a0\u00bb]Objectif\u00a0: Produire des webinaires de haute qualit\u00e9, bien document\u00e9s et pr\u00e9sent\u00e9s de fa\u00e7on professionnelle \u00e0 l\u2019intention des professionnels [\u2026]","og_url":"https:\/\/ceric.ca\/fr\/projets\/veritables-possibilites-de-travail-a-domicile\/","og_site_name":"CERIC","article_modified_time":"2025-05-07T20:30:51+00:00","twitter_card":"summary_large_image","twitter_misc":{"Dur\u00e9e de lecture estim\u00e9e":"3 minutes"},"schema":{"@context":"https:\/\/schema.org","@graph":[{"@type":"WebPage","@id":"https:\/\/ceric.ca\/fr\/projets\/veritables-possibilites-de-travail-a-domicile\/","url":"https:\/\/ceric.ca\/fr\/projets\/veritables-possibilites-de-travail-a-domicile\/","name":"V\u00e9ritables possibilit\u00e9s de travail \u00e0 domicile - CERIC","isPartOf":{"@id":"https:\/\/ceric.ca\/#website"},"datePublished":"2022-04-13T17:46:06+00:00","dateModified":"2025-05-07T20:30:51+00:00","breadcrumb":{"@id":"https:\/\/ceric.ca\/fr\/projets\/veritables-possibilites-de-travail-a-domicile\/#breadcrumb"},"inLanguage":"fr-FR","potentialAction":[{"@type":"ReadAction","target":["https:\/\/ceric.ca\/fr\/projets\/veritables-possibilites-de-travail-a-domicile\/"]}]},{"@type":"BreadcrumbList","@id":"https:\/\/ceric.ca\/fr\/projets\/veritables-possibilites-de-travail-a-domicile\/#breadcrumb","itemListElement":[{"@type":"ListItem","position":1,"name":"Home","item":"https:\/\/ceric.ca\/fr\/ceric-homepage-2025\/"},{"@type":"ListItem","position":2,"name":"Projets","item":"https:\/\/ceric.ca\/fr\/projets\/"},{"@type":"ListItem","position":3,"name":"V\u00e9ritables possibilit\u00e9s de travail \u00e0 domicile"}]},{"@type":"WebSite","@id":"https:\/\/ceric.ca\/#website","url":"https:\/\/ceric.ca\/","name":"CERIC","description":"","publisher":{"@id":"https:\/\/ceric.ca\/#organization"},"potentialAction":[{"@type":"SearchAction","target":{"@type":"EntryPoint","urlTemplate":"https:\/\/ceric.ca\/?s={search_term_string}"},"query-input":{"@type":"PropertyValueSpecification","valueRequired":true,"valueName":"search_term_string"}}],"inLanguage":"fr-FR"},{"@type":"Organization","@id":"https:\/\/ceric.ca\/#organization","name":"CERIC","url":"https:\/\/ceric.ca\/","logo":{"@type":"ImageObject","inLanguage":"fr-FR","@id":"https:\/\/ceric.ca\/#\/schema\/logo\/image\/","url":"","contentUrl":"","caption":"CERIC"},"image":{"@id":"https:\/\/ceric.ca\/#\/schema\/logo\/image\/"}}]}},"_links":{"self":[{"href":"https:\/\/ceric.ca\/fr\/wp-json\/wp\/v2\/pages\/54364","targetHints":{"allow":["GET"]}}],"collection":[{"href":"https:\/\/ceric.ca\/fr\/wp-json\/wp\/v2\/pages"}],"about":[{"href":"https:\/\/ceric.ca\/fr\/wp-json\/wp\/v2\/types\/page"}],"author":[{"embeddable":true,"href":"https:\/\/ceric.ca\/fr\/wp-json\/wp\/v2\/users\/1"}],"replies":[{"embeddable":true,"href":"https:\/\/ceric.ca\/fr\/wp-json\/wp\/v2\/comments?post=54364"}],"version-history":[{"count":0,"href":"https:\/\/ceric.ca\/fr\/wp-json\/wp\/v2\/pages\/54364\/revisions"}],"up":[{"embeddable":true,"href":"https:\/\/ceric.ca\/fr\/wp-json\/wp\/v2\/pages\/9559"}],"wp:attachment":[{"href":"https:\/\/ceric.ca\/fr\/wp-json\/wp\/v2\/media?parent=54364"}],"curies":[{"name":"wp","href":"https:\/\/api.w.org\/{rel}","templated":true}]}}