{"id":54378,"date":"2022-04-13T14:22:17","date_gmt":"2022-04-13T18:22:17","guid":{"rendered":"https:\/\/ceric.ca\/?page_id=54378"},"modified":"2022-08-15T10:50:09","modified_gmt":"2022-08-15T14:50:09","slug":"developpement-de-carriere-axe-sur-lespoir-aupres-detudiants-universitaires","status":"publish","type":"page","link":"https:\/\/ceric.ca\/fr\/projets\/developpement-de-carriere-axe-sur-lespoir-aupres-detudiants-universitaires\/","title":{"rendered":"D\u00e9veloppement de carri\u00e8re ax\u00e9 sur l\u2019espoir aupr\u00e8s d\u2019\u00e9tudiants universitaires"},"content":{"rendered":"<div class=\"wpb-content-wrapper\"><p>[vc_row][vc_column width=\u00a0\u00bb1\/2&Prime;][vc_single_image image=\u00a0\u00bb28596&Prime;][\/vc_column][vc_column width=\u00a0\u00bb1\/2&Prime;]<div class=\"wprt-list clearfix icon-left icon-middle\">\r\n\t\t<div style=\"padding:;margin-bottom:10px;background-color:#f8f8f8;\">\r\n\t\t\t<span style=\"padding-left:30px;\"><span class=\"icon \">\r\n\t\t\t<i class=\"typcn typcn-group\" style=\"color:#898989;font-size:20px;\"><\/i>\r\n\t\t<\/span> <span style=\"font-weight:700;\">Partenaire du projet : Penn State University, The University of British Columbia<\/span><\/span>\r\n\t\t<\/div>\r\n\t<\/div><div class=\"wprt-list clearfix icon-left icon-middle\">\r\n\t\t<div style=\"padding:;margin-bottom:10px;background-color:#f8f8f8;\">\r\n\t\t\t<span style=\"padding-left:30px;\"><span class=\"icon \">\r\n\t\t\t<i class=\"typcn typcn-flag\" style=\"color:#898989;font-size:20px;\"><\/i>\r\n\t\t<\/span> <span style=\"font-weight:700;\">Langue : Anglais<\/span><\/span>\r\n\t\t<\/div>\r\n\t<\/div>[vc_message message_box_color=\u00a0\u00bbalert-success\u00a0\u00bb icon_type=\u00a0\u00bbentypo\u00a0\u00bb icon_entypo=\u00a0\u00bbentypo-icon entypo-icon-progress-3&Prime;]<strong>TERMIN\u00c9<\/strong>[\/vc_message][\/vc_column][\/vc_row][vc_row][vc_column]\r\n\t<div class=\"wprt-spacer clearfix\" data-desktop=\"40\" data-mobi=\"30\" data-smobi=\"30\"><\/div>[vc_column_text]Une \u00e9quipe de recherche internationale dirig\u00e9e par Norman Amundson, Ph. D., (Universit\u00e9 de la Colombie-Britannique) et Spencer Niles, Ph.\u00a0D., (Universit\u00e9 Penn State) entreprend un projet de recherche exploratoire financ\u00e9 par le CERIC, qui porte sur l\u2019importance de \u00ab\u00a0L\u2019ESPOIR\u00a0\u00bb dans le processus d\u2019exploration et de choix de carri\u00e8re des \u00e9tudiants universitaires de premier cycle.<\/p>\n<p>Les chercheurs utiliseront le r\u00e9pertoire des carri\u00e8res ax\u00e9es sur l\u2019espoir (en anglais,\u00a0<em>Hope-Centered Career Inventory\u00a0<\/em>ou<em>\u00a0HCCI<\/em>) et proc\u00e8deront \u00e0 des entrevues en profondeur afin de mieux comprendre comment l\u2019espoir peut influencer divers aspects associ\u00e9s au choix de carri\u00e8re tels que l\u2019identit\u00e9 professionnelle, l\u2019engagement en milieu scolaire, le rendement scolaire et les aspirations professionnelles.<\/p>\n<p>Ce projet devrait \u00e9tablir les bases qui serviront \u00e0 l\u2019\u00e9laboration d\u2019interventions pertinentes ax\u00e9es sur l\u2019espoir pouvant \u00eatre utilis\u00e9es aupr\u00e8s de ce groupe cible.[\/vc_column_text][\/vc_column][\/vc_row][vc_row][vc_column]\r\n\t<div class=\"wprt-spacer clearfix\" data-desktop=\"40\" data-mobi=\"30\" data-smobi=\"30\"><\/div>[vc_separator color=\u00a0\u00bbcustom\u00a0\u00bb style=\u00a0\u00bbdashed\u00a0\u00bb border_width=\u00a0\u00bb2&Prime; accent_color=\u00a0\u00bb#cccccc\u00a0\u00bb]\r\n\t<div class=\"wprt-spacer clearfix\" data-desktop=\"40\" data-mobi=\"30\" data-smobi=\"30\"><\/div>[\/vc_column][\/vc_row][vc_row][vc_column width=\u00a0\u00bb1\/5&Prime;][vc_single_image image=\u00a0\u00bb14125&Prime; img_size=\u00a0\u00bbmedium\u00a0\u00bb][\/vc_column][vc_column width=\u00a0\u00bb4\/5&Prime;][vc_column_text]<div class='w3eden wpdm_package_shortcode'><div class=\"media well link-template-widget\">\n    <div class=\"media-body\">\n        <a href=\"https:\/\/ceric.ca\/fr\/wpdm-package\/developpement-de-carriere-axe-sur-lespoir-aupres-detudiants-universitaires\/?wpdmdl=14120&refresh=69d06fcb37bca1775267787\" style=\"display: block;clear: bottom;font-size: 11pt;font-weight: bold;\">D\u00e9veloppement de carri\u00e8re ax\u00e9 sur l\u2019espoir aupr\u00e8s d\u2019\u00e9tudiants universitaires<\/a>\n        <div style=\"font-size: 9pt;\">\n            <i class=\"fas fa-hdd color-green\"><\/i> 2.72 MB <i class=\"fa fa-copy ml-3\"><\/i>\n            1 file(s)\n        <\/div>\n    <\/div>\n<\/div>\n\n<\/div>[\/vc_column_text][\/vc_column][\/vc_row]<\/p>\n<\/div>","protected":false},"excerpt":{"rendered":"<p>[vc_row][vc_column width=\u00a0\u00bb1\/2&Prime;][vc_single_image image=\u00a0\u00bb28596&Prime;][\/vc_column][vc_column width=\u00a0\u00bb1\/2&Prime;][vc_message message_box_color=\u00a0\u00bbalert-success\u00a0\u00bb icon_type=\u00a0\u00bbentypo\u00a0\u00bb icon_entypo=\u00a0\u00bbentypo-icon entypo-icon-progress-3&Prime;]TERMIN\u00c9[\/vc_message][\/vc_column][\/vc_row][vc_row][vc_column][vc_column_text]Une \u00e9quipe de recherche internationale dirig\u00e9e par Norman Amundson, Ph. D., (Universit\u00e9 de la Colombie-Britannique) et Spencer Niles, Ph.\u00a0D.,<span class=\"excerpt-hellip\"> [\u2026]<\/span><\/p>\n","protected":false},"author":1,"featured_media":0,"parent":9559,"menu_order":0,"comment_status":"closed","ping_status":"closed","template":"","meta":{"h5ap_radio_sources":[],"footnotes":""},"class_list":["post-54378","page","type-page","status-publish","hentry"],"yoast_head":"<!-- This site is optimized with the Yoast SEO Premium plugin v27.3 (Yoast SEO v27.3) - https:\/\/yoast.com\/product\/yoast-seo-premium-wordpress\/ -->\n<title>D\u00e9veloppement de carri\u00e8re ax\u00e9 sur l\u2019espoir aupr\u00e8s d\u2019\u00e9tudiants universitaires - CERIC<\/title>\n<meta name=\"robots\" content=\"index, follow, max-snippet:-1, max-image-preview:large, max-video-preview:-1\" \/>\n<link rel=\"canonical\" href=\"https:\/\/ceric.ca\/fr\/projets\/developpement-de-carriere-axe-sur-lespoir-aupres-detudiants-universitaires\/\" \/>\n<meta property=\"og:locale\" content=\"fr_FR\" \/>\n<meta property=\"og:type\" content=\"article\" \/>\n<meta property=\"og:title\" content=\"D\u00e9veloppement de carri\u00e8re ax\u00e9 sur l\u2019espoir aupr\u00e8s d\u2019\u00e9tudiants universitaires\" \/>\n<meta property=\"og:description\" content=\"[vc_row][vc_column width=\u00a0\u00bb1\/2&Prime;][vc_single_image image=\u00a0\u00bb28596&Prime;][\/vc_column][vc_column width=\u00a0\u00bb1\/2&Prime;][vc_message message_box_color=\u00a0\u00bbalert-success\u00a0\u00bb icon_type=\u00a0\u00bbentypo\u00a0\u00bb icon_entypo=\u00a0\u00bbentypo-icon entypo-icon-progress-3&Prime;]TERMIN\u00c9[\/vc_message][\/vc_column][\/vc_row][vc_row][vc_column][vc_column_text]Une \u00e9quipe de recherche internationale dirig\u00e9e par Norman Amundson, Ph. D., (Universit\u00e9 de la Colombie-Britannique) et Spencer Niles, Ph.\u00a0D., [\u2026]\" \/>\n<meta property=\"og:url\" content=\"https:\/\/ceric.ca\/fr\/projets\/developpement-de-carriere-axe-sur-lespoir-aupres-detudiants-universitaires\/\" \/>\n<meta property=\"og:site_name\" content=\"CERIC\" \/>\n<meta property=\"article:modified_time\" content=\"2022-08-15T14:50:09+00:00\" \/>\n<meta name=\"twitter:card\" content=\"summary_large_image\" \/>\n<meta name=\"twitter:label1\" content=\"Dur\u00e9e de lecture estim\u00e9e\" \/>\n\t<meta name=\"twitter:data1\" content=\"1 minute\" \/>\n<script type=\"application\/ld+json\" class=\"yoast-schema-graph\">{\"@context\":\"https:\\\/\\\/schema.org\",\"@graph\":[{\"@type\":\"WebPage\",\"@id\":\"https:\\\/\\\/ceric.ca\\\/fr\\\/projets\\\/developpement-de-carriere-axe-sur-lespoir-aupres-detudiants-universitaires\\\/\",\"url\":\"https:\\\/\\\/ceric.ca\\\/fr\\\/projets\\\/developpement-de-carriere-axe-sur-lespoir-aupres-detudiants-universitaires\\\/\",\"name\":\"D\u00e9veloppement de carri\u00e8re ax\u00e9 sur l\u2019espoir aupr\u00e8s d\u2019\u00e9tudiants universitaires - CERIC\",\"isPartOf\":{\"@id\":\"https:\\\/\\\/ceric.ca\\\/#website\"},\"datePublished\":\"2022-04-13T18:22:17+00:00\",\"dateModified\":\"2022-08-15T14:50:09+00:00\",\"breadcrumb\":{\"@id\":\"https:\\\/\\\/ceric.ca\\\/fr\\\/projets\\\/developpement-de-carriere-axe-sur-lespoir-aupres-detudiants-universitaires\\\/#breadcrumb\"},\"inLanguage\":\"fr-FR\",\"potentialAction\":[{\"@type\":\"ReadAction\",\"target\":[\"https:\\\/\\\/ceric.ca\\\/fr\\\/projets\\\/developpement-de-carriere-axe-sur-lespoir-aupres-detudiants-universitaires\\\/\"]}]},{\"@type\":\"BreadcrumbList\",\"@id\":\"https:\\\/\\\/ceric.ca\\\/fr\\\/projets\\\/developpement-de-carriere-axe-sur-lespoir-aupres-detudiants-universitaires\\\/#breadcrumb\",\"itemListElement\":[{\"@type\":\"ListItem\",\"position\":1,\"name\":\"Home\",\"item\":\"https:\\\/\\\/ceric.ca\\\/fr\\\/ceric-homepage-2025\\\/\"},{\"@type\":\"ListItem\",\"position\":2,\"name\":\"Projets\",\"item\":\"https:\\\/\\\/ceric.ca\\\/fr\\\/projets\\\/\"},{\"@type\":\"ListItem\",\"position\":3,\"name\":\"D\u00e9veloppement de carri\u00e8re ax\u00e9 sur l\u2019espoir aupr\u00e8s d\u2019\u00e9tudiants universitaires\"}]},{\"@type\":\"WebSite\",\"@id\":\"https:\\\/\\\/ceric.ca\\\/#website\",\"url\":\"https:\\\/\\\/ceric.ca\\\/\",\"name\":\"CERIC\",\"description\":\"\",\"publisher\":{\"@id\":\"https:\\\/\\\/ceric.ca\\\/#organization\"},\"potentialAction\":[{\"@type\":\"SearchAction\",\"target\":{\"@type\":\"EntryPoint\",\"urlTemplate\":\"https:\\\/\\\/ceric.ca\\\/?s={search_term_string}\"},\"query-input\":{\"@type\":\"PropertyValueSpecification\",\"valueRequired\":true,\"valueName\":\"search_term_string\"}}],\"inLanguage\":\"fr-FR\"},{\"@type\":\"Organization\",\"@id\":\"https:\\\/\\\/ceric.ca\\\/#organization\",\"name\":\"CERIC\",\"url\":\"https:\\\/\\\/ceric.ca\\\/\",\"logo\":{\"@type\":\"ImageObject\",\"inLanguage\":\"fr-FR\",\"@id\":\"https:\\\/\\\/ceric.ca\\\/#\\\/schema\\\/logo\\\/image\\\/\",\"url\":\"\",\"contentUrl\":\"\",\"caption\":\"CERIC\"},\"image\":{\"@id\":\"https:\\\/\\\/ceric.ca\\\/#\\\/schema\\\/logo\\\/image\\\/\"}}]}<\/script>\n<!-- \/ Yoast SEO Premium plugin. -->","yoast_head_json":{"title":"D\u00e9veloppement de carri\u00e8re ax\u00e9 sur l\u2019espoir aupr\u00e8s d\u2019\u00e9tudiants universitaires - CERIC","robots":{"index":"index","follow":"follow","max-snippet":"max-snippet:-1","max-image-preview":"max-image-preview:large","max-video-preview":"max-video-preview:-1"},"canonical":"https:\/\/ceric.ca\/fr\/projets\/developpement-de-carriere-axe-sur-lespoir-aupres-detudiants-universitaires\/","og_locale":"fr_FR","og_type":"article","og_title":"D\u00e9veloppement de carri\u00e8re ax\u00e9 sur l\u2019espoir aupr\u00e8s d\u2019\u00e9tudiants universitaires","og_description":"[vc_row][vc_column width=\u00a0\u00bb1\/2&Prime;][vc_single_image image=\u00a0\u00bb28596&Prime;][\/vc_column][vc_column width=\u00a0\u00bb1\/2&Prime;][vc_message message_box_color=\u00a0\u00bbalert-success\u00a0\u00bb icon_type=\u00a0\u00bbentypo\u00a0\u00bb icon_entypo=\u00a0\u00bbentypo-icon entypo-icon-progress-3&Prime;]TERMIN\u00c9[\/vc_message][\/vc_column][\/vc_row][vc_row][vc_column][vc_column_text]Une \u00e9quipe de recherche internationale dirig\u00e9e par Norman Amundson, Ph. D., (Universit\u00e9 de la Colombie-Britannique) et Spencer Niles, Ph.\u00a0D., [\u2026]","og_url":"https:\/\/ceric.ca\/fr\/projets\/developpement-de-carriere-axe-sur-lespoir-aupres-detudiants-universitaires\/","og_site_name":"CERIC","article_modified_time":"2022-08-15T14:50:09+00:00","twitter_card":"summary_large_image","twitter_misc":{"Dur\u00e9e de lecture estim\u00e9e":"1 minute"},"schema":{"@context":"https:\/\/schema.org","@graph":[{"@type":"WebPage","@id":"https:\/\/ceric.ca\/fr\/projets\/developpement-de-carriere-axe-sur-lespoir-aupres-detudiants-universitaires\/","url":"https:\/\/ceric.ca\/fr\/projets\/developpement-de-carriere-axe-sur-lespoir-aupres-detudiants-universitaires\/","name":"D\u00e9veloppement de carri\u00e8re ax\u00e9 sur l\u2019espoir aupr\u00e8s d\u2019\u00e9tudiants universitaires - CERIC","isPartOf":{"@id":"https:\/\/ceric.ca\/#website"},"datePublished":"2022-04-13T18:22:17+00:00","dateModified":"2022-08-15T14:50:09+00:00","breadcrumb":{"@id":"https:\/\/ceric.ca\/fr\/projets\/developpement-de-carriere-axe-sur-lespoir-aupres-detudiants-universitaires\/#breadcrumb"},"inLanguage":"fr-FR","potentialAction":[{"@type":"ReadAction","target":["https:\/\/ceric.ca\/fr\/projets\/developpement-de-carriere-axe-sur-lespoir-aupres-detudiants-universitaires\/"]}]},{"@type":"BreadcrumbList","@id":"https:\/\/ceric.ca\/fr\/projets\/developpement-de-carriere-axe-sur-lespoir-aupres-detudiants-universitaires\/#breadcrumb","itemListElement":[{"@type":"ListItem","position":1,"name":"Home","item":"https:\/\/ceric.ca\/fr\/ceric-homepage-2025\/"},{"@type":"ListItem","position":2,"name":"Projets","item":"https:\/\/ceric.ca\/fr\/projets\/"},{"@type":"ListItem","position":3,"name":"D\u00e9veloppement de carri\u00e8re ax\u00e9 sur l\u2019espoir aupr\u00e8s d\u2019\u00e9tudiants universitaires"}]},{"@type":"WebSite","@id":"https:\/\/ceric.ca\/#website","url":"https:\/\/ceric.ca\/","name":"CERIC","description":"","publisher":{"@id":"https:\/\/ceric.ca\/#organization"},"potentialAction":[{"@type":"SearchAction","target":{"@type":"EntryPoint","urlTemplate":"https:\/\/ceric.ca\/?s={search_term_string}"},"query-input":{"@type":"PropertyValueSpecification","valueRequired":true,"valueName":"search_term_string"}}],"inLanguage":"fr-FR"},{"@type":"Organization","@id":"https:\/\/ceric.ca\/#organization","name":"CERIC","url":"https:\/\/ceric.ca\/","logo":{"@type":"ImageObject","inLanguage":"fr-FR","@id":"https:\/\/ceric.ca\/#\/schema\/logo\/image\/","url":"","contentUrl":"","caption":"CERIC"},"image":{"@id":"https:\/\/ceric.ca\/#\/schema\/logo\/image\/"}}]}},"_links":{"self":[{"href":"https:\/\/ceric.ca\/fr\/wp-json\/wp\/v2\/pages\/54378","targetHints":{"allow":["GET"]}}],"collection":[{"href":"https:\/\/ceric.ca\/fr\/wp-json\/wp\/v2\/pages"}],"about":[{"href":"https:\/\/ceric.ca\/fr\/wp-json\/wp\/v2\/types\/page"}],"author":[{"embeddable":true,"href":"https:\/\/ceric.ca\/fr\/wp-json\/wp\/v2\/users\/1"}],"replies":[{"embeddable":true,"href":"https:\/\/ceric.ca\/fr\/wp-json\/wp\/v2\/comments?post=54378"}],"version-history":[{"count":0,"href":"https:\/\/ceric.ca\/fr\/wp-json\/wp\/v2\/pages\/54378\/revisions"}],"up":[{"embeddable":true,"href":"https:\/\/ceric.ca\/fr\/wp-json\/wp\/v2\/pages\/9559"}],"wp:attachment":[{"href":"https:\/\/ceric.ca\/fr\/wp-json\/wp\/v2\/media?parent=54378"}],"curies":[{"name":"wp","href":"https:\/\/api.w.org\/{rel}","templated":true}]}}