{"id":54391,"date":"2022-04-13T16:47:11","date_gmt":"2022-04-13T20:47:11","guid":{"rendered":"https:\/\/ceric.ca\/?page_id=54391"},"modified":"2023-08-22T13:56:36","modified_gmt":"2023-08-22T17:56:36","slug":"lexploration-de-carrieres-une-mise-en-oeuvre-de-la-theorie-sociale-cognitive-de-lorientation-chez-les-jeunes-a-risque","status":"publish","type":"page","link":"https:\/\/ceric.ca\/fr\/projets\/lexploration-de-carrieres-une-mise-en-oeuvre-de-la-theorie-sociale-cognitive-de-lorientation-chez-les-jeunes-a-risque\/","title":{"rendered":"L\u2019exploration de carri\u00e8res : une mise en \u0153uvre de la th\u00e9orie sociale cognitive de l\u2019orientation chez les jeunes \u00e0 risque"},"content":{"rendered":"<div class=\"wpb-content-wrapper\"><p>[vc_row][vc_column width=\u00a0\u00bb1\/2&Prime;][vc_single_image image=\u00a0\u00bb27082&Prime;][\/vc_column][vc_column width=\u00a0\u00bb1\/2&Prime;]<div class=\"wprt-list clearfix icon-left icon-middle\">\r\n\t\t<div style=\"padding:;margin-bottom:10px;background-color:#f8f8f8;\">\r\n\t\t\t<span style=\"padding-left:30px;\"><span class=\"icon \">\r\n\t\t\t<i class=\"typcn typcn-group\" style=\"color:#898989;font-size:20px;\"><\/i>\r\n\t\t<\/span> <span style=\"font-weight:700;\">Partenaire du projet : University of Manitoba et University of Winnipeg<\/span><\/span>\r\n\t\t<\/div>\r\n\t<\/div><div class=\"wprt-list clearfix icon-left icon-middle\">\r\n\t\t<div style=\"padding:;margin-bottom:10px;background-color:#f8f8f8;\">\r\n\t\t\t<span style=\"padding-left:30px;\"><span class=\"icon \">\r\n\t\t\t<i class=\"typcn typcn-flag\" style=\"color:#898989;font-size:20px;\"><\/i>\r\n\t\t<\/span> <span style=\"font-weight:700;\">Langue : Anglais<\/span><\/span>\r\n\t\t<\/div>\r\n\t<\/div>[vc_message message_box_color=\u00a0\u00bbalert-success\u00a0\u00bb icon_type=\u00a0\u00bbentypo\u00a0\u00bb icon_entypo=\u00a0\u00bbentypo-icon entypo-icon-progress-3&Prime;]<strong>TERMIN\u00c9<\/strong>[\/vc_message][\/vc_column][\/vc_row][vc_row][vc_column]\r\n\t<div class=\"wprt-spacer clearfix\" data-desktop=\"40\" data-mobi=\"30\" data-smobi=\"30\"><\/div>[vc_column_text]Ce projet a pour objectif de cr\u00e9er un mod\u00e8le de cheminement th\u00e9orique repr\u00e9sentant les processus gr\u00e2ce auxquels les adolescents et les jeunes adultes d\u00e9veloppent des int\u00e9r\u00eats scolaires et professionnels. Les connaissances actuelles des facteurs touchant les processus de d\u00e9veloppement d\u2019un int\u00e9r\u00eat scolaire et professionnel chez les enfants sont limit\u00e9es, avec une absence notoire de mod\u00e8le\/cadre th\u00e9orique qui prendrait en compte \u00e0 la fois la recherche et les aspects pratiques. Ce projet recherchera les sources de l\u2019auto-efficacit\u00e9, des attentes de r\u00e9sultats et des objectifs professionnels et analysera leur contribution au d\u00e9veloppement d\u2019int\u00e9r\u00eats scolaires et professionnels.<\/p>\n<p>S\u2019appuyant sur la th\u00e9orie sociale cognitive de l\u2019orientation scolaire et professionnelle (TSCOP) (Lent, Brown et Hackett, 1994), ce projet identifiera les facteurs familiaux, sociaux et environnementaux s\u2019appliquant aux jeunes qui influencent leur perception de l\u2019auto-efficacit\u00e9 et des attentes de r\u00e9sultats et qui ont une incidence sur le d\u00e9veloppement de leur int\u00e9r\u00eat pour une profession. Le projet y parviendra en demandant \u00e0 un large \u00e9ventail de jeunes \u00e0 diff\u00e9rentes \u00e9tapes de d\u00e9veloppement de dire comment ils per\u00e7oivent les valeurs et aptitudes, les performances et les r\u00e9alisations personnelles, l\u2019apprentissage par observation de leurs parents, amis et enseignants, ainsi que la persuasion sociale (c\u2019est-\u00e0-dire le r\u00f4le de l\u2019appartenance \u00e0 un groupe social) pour savoir de quelle mani\u00e8re ces facteurs influencent leurs int\u00e9r\u00eats scolaires et professionnels. De plus, l\u2019\u00e9tude examinera les m\u00eames facteurs dans une population comparable ayant particip\u00e9 \u00e0 un programme d\u2019exploration de carri\u00e8res de Career Trek Inc.<\/p>\n<p>Il s\u2019agit d\u2019une \u00e9tude \u00e0 grande \u00e9chelle qui impliquera 500 participants \u00e0 cinq \u00e9tapes diff\u00e9rentes de d\u00e9veloppement : phase de latence, phase interm\u00e9diaire de l\u2019adolescence, fin de l\u2019adolescence, jeune adulte et adulte. L\u2019\u00e9tude vise \u00e0 appliquer les concepts de la TSCOP aux enfants et \u00e0 am\u00e9liorer les connaissances actuelles en mati\u00e8re de d\u00e9veloppement de l\u2019int\u00e9r\u00eat pour une profession. Ces concepts seront aussi mis en \u0153uvre chez les jeunes gens habituellement identifi\u00e9s comme \u00ab vuln\u00e9rables \u00bb, qui sont une population mal comprise par la plupart des conseillers en orientation. Dans cette \u00e9tude, le concept de \u00ab vuln\u00e9rabilit\u00e9 \u00bb est recadr\u00e9 pour inclure les jeunes et les familles ayant besoin de soutiens suppl\u00e9mentaires pour r\u00e9ussir leur parcours scolaire et professionnel.[\/vc_column_text][\/vc_column][\/vc_row][vc_row][vc_column]\r\n\t<div class=\"wprt-spacer clearfix\" data-desktop=\"40\" data-mobi=\"30\" data-smobi=\"30\"><\/div>[vc_separator color=\u00a0\u00bbcustom\u00a0\u00bb style=\u00a0\u00bbdashed\u00a0\u00bb border_width=\u00a0\u00bb2&Prime; accent_color=\u00a0\u00bb#cccccc\u00a0\u00bb]\r\n\t<div class=\"wprt-spacer clearfix\" data-desktop=\"40\" data-mobi=\"30\" data-smobi=\"30\"><\/div>[\/vc_column][\/vc_row][vc_row][vc_column width=\u00a0\u00bb1\/5&Prime;][vc_single_image image=\u00a0\u00bb12262&Prime; img_size=\u00a0\u00bbmedium\u00a0\u00bb][\/vc_column][vc_column width=\u00a0\u00bb4\/5&Prime;][vc_column_text]<div class='w3eden wpdm_package_shortcode'><div class=\"media well link-template-widget\">\n    <div class=\"media-body\">\n        <a href=\"https:\/\/ceric.ca\/wpdm-package\/career-exploration-an-application-of-social-cognitive-career-theory-with-at-risk-adolescents-and-young-adults\/?wpdmdl=12260&refresh=69d942ff05c7d1775846143\" style=\"display: block;clear: bottom;font-size: 11pt;font-weight: bold;\">Career Exploration: An Application of Social Cognitive Career Theory with At-Risk Adolescents and Young Adults<\/a>\n        <div style=\"font-size: 9pt;\">\n            <i class=\"fas fa-hdd color-green\"><\/i> 502.89 KB <i class=\"fa fa-copy ml-3\"><\/i>\n            1 file(s)\n        <\/div>\n    <\/div>\n<\/div>\n\n<\/div>[\/vc_column_text][\/vc_column][\/vc_row]<\/p>\n<\/div>","protected":false},"excerpt":{"rendered":"<p>[vc_row][vc_column width=\u00a0\u00bb1\/2&Prime;][vc_single_image image=\u00a0\u00bb27082&Prime;][\/vc_column][vc_column width=\u00a0\u00bb1\/2&Prime;][vc_message message_box_color=\u00a0\u00bbalert-success\u00a0\u00bb icon_type=\u00a0\u00bbentypo\u00a0\u00bb icon_entypo=\u00a0\u00bbentypo-icon entypo-icon-progress-3&Prime;]TERMIN\u00c9[\/vc_message][\/vc_column][\/vc_row][vc_row][vc_column][vc_column_text]Ce projet a pour objectif de cr\u00e9er un mod\u00e8le de cheminement th\u00e9orique repr\u00e9sentant les processus gr\u00e2ce auxquels les adolescents<span class=\"excerpt-hellip\"> [\u2026]<\/span><\/p>\n","protected":false},"author":1,"featured_media":0,"parent":9559,"menu_order":0,"comment_status":"closed","ping_status":"closed","template":"","meta":{"h5ap_radio_sources":[],"footnotes":""},"class_list":["post-54391","page","type-page","status-publish","hentry"],"yoast_head":"<!-- This site is optimized with the Yoast SEO Premium plugin v27.3 (Yoast SEO v27.3) - https:\/\/yoast.com\/product\/yoast-seo-premium-wordpress\/ -->\n<title>L\u2019exploration de carri\u00e8res : une mise en \u0153uvre de la th\u00e9orie sociale cognitive de l\u2019orientation chez les jeunes \u00e0 risque - CERIC<\/title>\n<meta name=\"robots\" content=\"index, follow, max-snippet:-1, max-image-preview:large, max-video-preview:-1\" \/>\n<link rel=\"canonical\" href=\"https:\/\/ceric.ca\/fr\/projets\/lexploration-de-carrieres-une-mise-en-oeuvre-de-la-theorie-sociale-cognitive-de-lorientation-chez-les-jeunes-a-risque\/\" \/>\n<meta property=\"og:locale\" content=\"fr_FR\" \/>\n<meta property=\"og:type\" content=\"article\" \/>\n<meta property=\"og:title\" content=\"L\u2019exploration de carri\u00e8res : une mise en \u0153uvre de la th\u00e9orie sociale cognitive de l\u2019orientation chez les jeunes \u00e0 risque\" \/>\n<meta property=\"og:description\" content=\"[vc_row][vc_column width=\u00a0\u00bb1\/2&Prime;][vc_single_image image=\u00a0\u00bb27082&Prime;][\/vc_column][vc_column width=\u00a0\u00bb1\/2&Prime;][vc_message message_box_color=\u00a0\u00bbalert-success\u00a0\u00bb icon_type=\u00a0\u00bbentypo\u00a0\u00bb icon_entypo=\u00a0\u00bbentypo-icon entypo-icon-progress-3&Prime;]TERMIN\u00c9[\/vc_message][\/vc_column][\/vc_row][vc_row][vc_column][vc_column_text]Ce projet a pour objectif de cr\u00e9er un mod\u00e8le de cheminement th\u00e9orique repr\u00e9sentant les processus gr\u00e2ce auxquels les adolescents [\u2026]\" \/>\n<meta property=\"og:url\" content=\"https:\/\/ceric.ca\/fr\/projets\/lexploration-de-carrieres-une-mise-en-oeuvre-de-la-theorie-sociale-cognitive-de-lorientation-chez-les-jeunes-a-risque\/\" \/>\n<meta property=\"og:site_name\" content=\"CERIC\" \/>\n<meta property=\"article:modified_time\" content=\"2023-08-22T17:56:36+00:00\" \/>\n<meta name=\"twitter:card\" content=\"summary_large_image\" \/>\n<meta name=\"twitter:label1\" content=\"Dur\u00e9e de lecture estim\u00e9e\" \/>\n\t<meta name=\"twitter:data1\" content=\"2 minutes\" \/>\n<script type=\"application\/ld+json\" class=\"yoast-schema-graph\">{\"@context\":\"https:\\\/\\\/schema.org\",\"@graph\":[{\"@type\":\"WebPage\",\"@id\":\"https:\\\/\\\/ceric.ca\\\/fr\\\/projets\\\/lexploration-de-carrieres-une-mise-en-oeuvre-de-la-theorie-sociale-cognitive-de-lorientation-chez-les-jeunes-a-risque\\\/\",\"url\":\"https:\\\/\\\/ceric.ca\\\/fr\\\/projets\\\/lexploration-de-carrieres-une-mise-en-oeuvre-de-la-theorie-sociale-cognitive-de-lorientation-chez-les-jeunes-a-risque\\\/\",\"name\":\"L\u2019exploration de carri\u00e8res : une mise en \u0153uvre de la th\u00e9orie sociale cognitive de l\u2019orientation chez les jeunes \u00e0 risque - CERIC\",\"isPartOf\":{\"@id\":\"https:\\\/\\\/ceric.ca\\\/#website\"},\"datePublished\":\"2022-04-13T20:47:11+00:00\",\"dateModified\":\"2023-08-22T17:56:36+00:00\",\"breadcrumb\":{\"@id\":\"https:\\\/\\\/ceric.ca\\\/fr\\\/projets\\\/lexploration-de-carrieres-une-mise-en-oeuvre-de-la-theorie-sociale-cognitive-de-lorientation-chez-les-jeunes-a-risque\\\/#breadcrumb\"},\"inLanguage\":\"fr-FR\",\"potentialAction\":[{\"@type\":\"ReadAction\",\"target\":[\"https:\\\/\\\/ceric.ca\\\/fr\\\/projets\\\/lexploration-de-carrieres-une-mise-en-oeuvre-de-la-theorie-sociale-cognitive-de-lorientation-chez-les-jeunes-a-risque\\\/\"]}]},{\"@type\":\"BreadcrumbList\",\"@id\":\"https:\\\/\\\/ceric.ca\\\/fr\\\/projets\\\/lexploration-de-carrieres-une-mise-en-oeuvre-de-la-theorie-sociale-cognitive-de-lorientation-chez-les-jeunes-a-risque\\\/#breadcrumb\",\"itemListElement\":[{\"@type\":\"ListItem\",\"position\":1,\"name\":\"Home\",\"item\":\"https:\\\/\\\/ceric.ca\\\/fr\\\/ceric-homepage-2025\\\/\"},{\"@type\":\"ListItem\",\"position\":2,\"name\":\"Projets\",\"item\":\"https:\\\/\\\/ceric.ca\\\/fr\\\/projets\\\/\"},{\"@type\":\"ListItem\",\"position\":3,\"name\":\"L\u2019exploration de carri\u00e8res : une mise en \u0153uvre de la th\u00e9orie sociale cognitive de l\u2019orientation chez les jeunes \u00e0 risque\"}]},{\"@type\":\"WebSite\",\"@id\":\"https:\\\/\\\/ceric.ca\\\/#website\",\"url\":\"https:\\\/\\\/ceric.ca\\\/\",\"name\":\"CERIC\",\"description\":\"\",\"publisher\":{\"@id\":\"https:\\\/\\\/ceric.ca\\\/#organization\"},\"potentialAction\":[{\"@type\":\"SearchAction\",\"target\":{\"@type\":\"EntryPoint\",\"urlTemplate\":\"https:\\\/\\\/ceric.ca\\\/?s={search_term_string}\"},\"query-input\":{\"@type\":\"PropertyValueSpecification\",\"valueRequired\":true,\"valueName\":\"search_term_string\"}}],\"inLanguage\":\"fr-FR\"},{\"@type\":\"Organization\",\"@id\":\"https:\\\/\\\/ceric.ca\\\/#organization\",\"name\":\"CERIC\",\"url\":\"https:\\\/\\\/ceric.ca\\\/\",\"logo\":{\"@type\":\"ImageObject\",\"inLanguage\":\"fr-FR\",\"@id\":\"https:\\\/\\\/ceric.ca\\\/#\\\/schema\\\/logo\\\/image\\\/\",\"url\":\"\",\"contentUrl\":\"\",\"caption\":\"CERIC\"},\"image\":{\"@id\":\"https:\\\/\\\/ceric.ca\\\/#\\\/schema\\\/logo\\\/image\\\/\"}}]}<\/script>\n<!-- \/ Yoast SEO Premium plugin. -->","yoast_head_json":{"title":"L\u2019exploration de carri\u00e8res : une mise en \u0153uvre de la th\u00e9orie sociale cognitive de l\u2019orientation chez les jeunes \u00e0 risque - CERIC","robots":{"index":"index","follow":"follow","max-snippet":"max-snippet:-1","max-image-preview":"max-image-preview:large","max-video-preview":"max-video-preview:-1"},"canonical":"https:\/\/ceric.ca\/fr\/projets\/lexploration-de-carrieres-une-mise-en-oeuvre-de-la-theorie-sociale-cognitive-de-lorientation-chez-les-jeunes-a-risque\/","og_locale":"fr_FR","og_type":"article","og_title":"L\u2019exploration de carri\u00e8res : une mise en \u0153uvre de la th\u00e9orie sociale cognitive de l\u2019orientation chez les jeunes \u00e0 risque","og_description":"[vc_row][vc_column width=\u00a0\u00bb1\/2&Prime;][vc_single_image image=\u00a0\u00bb27082&Prime;][\/vc_column][vc_column width=\u00a0\u00bb1\/2&Prime;][vc_message message_box_color=\u00a0\u00bbalert-success\u00a0\u00bb icon_type=\u00a0\u00bbentypo\u00a0\u00bb icon_entypo=\u00a0\u00bbentypo-icon entypo-icon-progress-3&Prime;]TERMIN\u00c9[\/vc_message][\/vc_column][\/vc_row][vc_row][vc_column][vc_column_text]Ce projet a pour objectif de cr\u00e9er un mod\u00e8le de cheminement th\u00e9orique repr\u00e9sentant les processus gr\u00e2ce auxquels les adolescents [\u2026]","og_url":"https:\/\/ceric.ca\/fr\/projets\/lexploration-de-carrieres-une-mise-en-oeuvre-de-la-theorie-sociale-cognitive-de-lorientation-chez-les-jeunes-a-risque\/","og_site_name":"CERIC","article_modified_time":"2023-08-22T17:56:36+00:00","twitter_card":"summary_large_image","twitter_misc":{"Dur\u00e9e de lecture estim\u00e9e":"2 minutes"},"schema":{"@context":"https:\/\/schema.org","@graph":[{"@type":"WebPage","@id":"https:\/\/ceric.ca\/fr\/projets\/lexploration-de-carrieres-une-mise-en-oeuvre-de-la-theorie-sociale-cognitive-de-lorientation-chez-les-jeunes-a-risque\/","url":"https:\/\/ceric.ca\/fr\/projets\/lexploration-de-carrieres-une-mise-en-oeuvre-de-la-theorie-sociale-cognitive-de-lorientation-chez-les-jeunes-a-risque\/","name":"L\u2019exploration de carri\u00e8res : une mise en \u0153uvre de la th\u00e9orie sociale cognitive de l\u2019orientation chez les jeunes \u00e0 risque - CERIC","isPartOf":{"@id":"https:\/\/ceric.ca\/#website"},"datePublished":"2022-04-13T20:47:11+00:00","dateModified":"2023-08-22T17:56:36+00:00","breadcrumb":{"@id":"https:\/\/ceric.ca\/fr\/projets\/lexploration-de-carrieres-une-mise-en-oeuvre-de-la-theorie-sociale-cognitive-de-lorientation-chez-les-jeunes-a-risque\/#breadcrumb"},"inLanguage":"fr-FR","potentialAction":[{"@type":"ReadAction","target":["https:\/\/ceric.ca\/fr\/projets\/lexploration-de-carrieres-une-mise-en-oeuvre-de-la-theorie-sociale-cognitive-de-lorientation-chez-les-jeunes-a-risque\/"]}]},{"@type":"BreadcrumbList","@id":"https:\/\/ceric.ca\/fr\/projets\/lexploration-de-carrieres-une-mise-en-oeuvre-de-la-theorie-sociale-cognitive-de-lorientation-chez-les-jeunes-a-risque\/#breadcrumb","itemListElement":[{"@type":"ListItem","position":1,"name":"Home","item":"https:\/\/ceric.ca\/fr\/ceric-homepage-2025\/"},{"@type":"ListItem","position":2,"name":"Projets","item":"https:\/\/ceric.ca\/fr\/projets\/"},{"@type":"ListItem","position":3,"name":"L\u2019exploration de carri\u00e8res : une mise en \u0153uvre de la th\u00e9orie sociale cognitive de l\u2019orientation chez les jeunes \u00e0 risque"}]},{"@type":"WebSite","@id":"https:\/\/ceric.ca\/#website","url":"https:\/\/ceric.ca\/","name":"CERIC","description":"","publisher":{"@id":"https:\/\/ceric.ca\/#organization"},"potentialAction":[{"@type":"SearchAction","target":{"@type":"EntryPoint","urlTemplate":"https:\/\/ceric.ca\/?s={search_term_string}"},"query-input":{"@type":"PropertyValueSpecification","valueRequired":true,"valueName":"search_term_string"}}],"inLanguage":"fr-FR"},{"@type":"Organization","@id":"https:\/\/ceric.ca\/#organization","name":"CERIC","url":"https:\/\/ceric.ca\/","logo":{"@type":"ImageObject","inLanguage":"fr-FR","@id":"https:\/\/ceric.ca\/#\/schema\/logo\/image\/","url":"","contentUrl":"","caption":"CERIC"},"image":{"@id":"https:\/\/ceric.ca\/#\/schema\/logo\/image\/"}}]}},"_links":{"self":[{"href":"https:\/\/ceric.ca\/fr\/wp-json\/wp\/v2\/pages\/54391","targetHints":{"allow":["GET"]}}],"collection":[{"href":"https:\/\/ceric.ca\/fr\/wp-json\/wp\/v2\/pages"}],"about":[{"href":"https:\/\/ceric.ca\/fr\/wp-json\/wp\/v2\/types\/page"}],"author":[{"embeddable":true,"href":"https:\/\/ceric.ca\/fr\/wp-json\/wp\/v2\/users\/1"}],"replies":[{"embeddable":true,"href":"https:\/\/ceric.ca\/fr\/wp-json\/wp\/v2\/comments?post=54391"}],"version-history":[{"count":0,"href":"https:\/\/ceric.ca\/fr\/wp-json\/wp\/v2\/pages\/54391\/revisions"}],"up":[{"embeddable":true,"href":"https:\/\/ceric.ca\/fr\/wp-json\/wp\/v2\/pages\/9559"}],"wp:attachment":[{"href":"https:\/\/ceric.ca\/fr\/wp-json\/wp\/v2\/media?parent=54391"}],"curies":[{"name":"wp","href":"https:\/\/api.w.org\/{rel}","templated":true}]}}