{"id":54402,"date":"2022-04-13T17:06:16","date_gmt":"2022-04-13T21:06:16","guid":{"rendered":"https:\/\/ceric.ca\/?page_id=54402"},"modified":"2022-08-15T10:49:13","modified_gmt":"2022-08-15T14:49:13","slug":"promesse-et-prosperite-sondage-sur-les-commerces-autochtones","status":"publish","type":"page","link":"https:\/\/ceric.ca\/fr\/projets\/promesse-et-prosperite-sondage-sur-les-commerces-autochtones\/","title":{"rendered":"Promesse et prosp\u00e9rit\u00e9 : sondage sur les commerces autochtones"},"content":{"rendered":"<div class=\"wpb-content-wrapper\"><p>[vc_row][vc_column width=\u00a0\u00bb1\/2&Prime;][vc_single_image image=\u00a0\u00bb12215&Prime;][\/vc_column][vc_column width=\u00a0\u00bb1\/2&Prime;]<div class=\"wprt-list clearfix icon-left icon-middle\">\r\n\t\t<div style=\"padding:;margin-bottom:10px;background-color:#f8f8f8;\">\r\n\t\t\t<span style=\"padding-left:30px;\"><span class=\"icon \">\r\n\t\t\t<i class=\"typcn typcn-group\" style=\"color:#898989;font-size:20px;\"><\/i>\r\n\t\t<\/span> <span style=\"font-weight:700;\">Partenaire du projet : Environics Research Group, Indian et Northern Affairs Canada, IBM, RBC, First Air<\/span><\/span>\r\n\t\t<\/div>\r\n\t<\/div><div class=\"wprt-list clearfix icon-left icon-middle\">\r\n\t\t<div style=\"padding:;margin-bottom:10px;background-color:#f8f8f8;\">\r\n\t\t\t<span style=\"padding-left:30px;\"><span class=\"icon \">\r\n\t\t\t<i class=\"typcn typcn-flag\" style=\"color:#898989;font-size:20px;\"><\/i>\r\n\t\t<\/span> <span style=\"font-weight:700;\">Langue : Anglais<\/span><\/span>\r\n\t\t<\/div>\r\n\t<\/div>[vc_message message_box_color=\u00a0\u00bbalert-success\u00a0\u00bb icon_type=\u00a0\u00bbentypo\u00a0\u00bb icon_entypo=\u00a0\u00bbentypo-icon entypo-icon-progress-3&Prime;]<strong>TERMIN\u00c9<\/strong>[\/vc_message][\/vc_column][\/vc_row][vc_row][vc_column]\r\n\t<div class=\"wprt-spacer clearfix\" data-desktop=\"40\" data-mobi=\"30\" data-smobi=\"30\"><\/div>[vc_column_text]<\/p>\n<div class=\"vc_row wpb_row vc_row-fluid\">\n<div class=\"wpb_column vc_column_container vc_col-sm-12\">\n<div class=\"vc_column-inner\">\n<div class=\"wpb_wrapper\">\n<div class=\"wpb_text_column wpb_content_element \">\n<div class=\"wpb_wrapper\">\n<div class=\"wpb_text_column wpb_content_element \">\n<div class=\"wpb_wrapper\">\n<p>La premi\u00e8re \u00e9tude approfondie depuis 10 ans qui montre que les chefs des petites entreprises autochtones sont de plus en plus nombreux au Canada, et qu\u2019ils connaissent un franc succ\u00e8s en termes de rentabilit\u00e9 et de croissance, et cela d\u2019une mani\u00e8re qui va bien au-del\u00e0 des r\u00e9sultats financiers. Projet du Conseil canadien pour le commerce autochtone (CCAB), cette \u00e9tude a \u00e9t\u00e9 men\u00e9e par Environics et parrain\u00e9e par le CERIC.<\/p>\n<p>Le nombre de chefs d\u2019entreprises et d\u2019entrepreneurs croit globalement cinq fois plus que celui des travailleurs ind\u00e9pendants au Canada. Selon l\u2019\u00e9tude du CCAB, intitul\u00e9e\u00a0<em>Promise and Prosperity: The Aboriginal Business Survey<\/em>, les entreprises autochtones sont vari\u00e9es et implant\u00e9es dans diff\u00e9rentes r\u00e9gions du pays, dans divers secteurs d\u2019activit\u00e9 ou march\u00e9s.<\/p>\n<\/div>\n<\/div>\n<div class=\"wpb_text_column wpb_content_element \">\n<div class=\"wpb_wrapper\">\n<p>Gr\u00e2ce \u00e0 l\u2019\u00e9tude approfondie sur les entreprises autochtones men\u00e9es par Statistique Canada et Entreprise autochtone Canada en 2002, le CCAB s\u2019est lanc\u00e9e dans l\u2019Enqu\u00eate sur les entreprises autochtones (ABS) en 2011 pour combler les lacunes et contribuer \u00e0 la compr\u00e9hension des occasions d\u2019affaires et des d\u00e9fis auxquels doivent faire face les entreprises autochtones. Le rapport est une exploration opportune \u2013 fond\u00e9 sur des entretiens t\u00e9l\u00e9phoniques avec 1 095 chefs de petites entreprises des Premi\u00e8res Nations, des M\u00e9tis et des Inuits (d\u00e9finies comme employant 100 personnes ou moins) \u2013 de leurs objectifs et strat\u00e9gies, et des principaux facteurs contribuant \u00e0 leur croissance. Les constatations majeures de ce rapport sont les suivantes :<\/p>\n<ul>\n<li>Le nombre de chefs d\u2019entreprises et d\u2019entrepreneurs croit globalement \u00e0 un taux nettement sup\u00e9rieur \u00e0 celui des travailleurs ind\u00e9pendants au Canada.<\/li>\n<li>Les entreprises autochtones sont vari\u00e9es et implant\u00e9es dans diff\u00e9rentes r\u00e9gions du pays, dans divers secteurs d\u2019activit\u00e9 ou march\u00e9s.<\/li>\n<li>Les chefs des petites entreprise autochtones r\u00e9ussissent en termes de rentabilit\u00e9 et de croissance, mais d\u2019une mani\u00e8re qui va bien au-del\u00e0 des r\u00e9sultats financiers.<\/li>\n<li>Les petites entreprises autochtones florissantes se distinguent par l\u2019utilisation de leurs plans d\u2019affaires annuels et par leur capacit\u00e9 d\u2019innover.<\/li>\n<li>Les petites entreprises autochtones cr\u00e9ent des emplois pour les Autochtones, mais aussi pour les non-Autochtones.<\/li>\n<li>Les entrepreneurs autochtones s\u2019en remettent principalement \u00e0 leurs propres ressources \u00e0 la fois pour d\u00e9marrer leur entreprise, mais aussi pour leur fond de roulement, car l\u2019acc\u00e8s au financement est consid\u00e9r\u00e9 comme un obstacle majeur \u00e0 leur croissance.<\/li>\n<\/ul>\n<\/div>\n<\/div>\n<\/div>\n<\/div>\n<\/div>\n<\/div>\n<\/div>\n<\/div>\n<p>[\/vc_column_text][\/vc_column][\/vc_row][vc_row][vc_column]\r\n\t<div class=\"wprt-spacer clearfix\" data-desktop=\"40\" data-mobi=\"30\" data-smobi=\"30\"><\/div>[vc_separator color=\u00a0\u00bbcustom\u00a0\u00bb style=\u00a0\u00bbdashed\u00a0\u00bb border_width=\u00a0\u00bb2&Prime; accent_color=\u00a0\u00bb#cccccc\u00a0\u00bb]\r\n\t<div class=\"wprt-spacer clearfix\" data-desktop=\"40\" data-mobi=\"30\" data-smobi=\"30\"><\/div>[\/vc_column][\/vc_row][vc_row][vc_column width=\u00a0\u00bb1\/5&Prime;][vc_single_image image=\u00a0\u00bb49723&Prime; img_size=\u00a0\u00bbmedium\u00a0\u00bb][\/vc_column][vc_column width=\u00a0\u00bb4\/5&Prime;][vc_column_text]<div class='w3eden wpdm_package_shortcode'><div class=\"media well link-template-widget\">\n    <div class=\"media-body\">\n        <a href=\"https:\/\/ceric.ca\/fr\/wpdm-package\/promesse-et-prosperite-sondage-sur-les-commerces-autochtones\/?wpdmdl=14245&refresh=6a0152a7a7f421778471591\" style=\"display: block;clear: bottom;font-size: 11pt;font-weight: bold;\">Promesse et prosp\u00e9rit\u00e9 : Sondage sur les commerces autochtones<\/a>\n        <div style=\"font-size: 9pt;\">\n            <i class=\"fas fa-hdd color-green\"><\/i> 1.47 MB <i class=\"fa fa-copy ml-3\"><\/i>\n            1 file(s)\n        <\/div>\n    <\/div>\n<\/div>\n\n<\/div>[\/vc_column_text][\/vc_column][\/vc_row][vc_row][vc_column]\r\n\t<div class=\"wprt-spacer clearfix\" data-desktop=\"40\" data-mobi=\"30\" data-smobi=\"30\"><\/div>[vc_separator color=\u00a0\u00bbcustom\u00a0\u00bb style=\u00a0\u00bbdashed\u00a0\u00bb border_width=\u00a0\u00bb2&Prime; accent_color=\u00a0\u00bb#cccccc\u00a0\u00bb]\r\n\t<div class=\"wprt-spacer clearfix\" data-desktop=\"40\" data-mobi=\"30\" data-smobi=\"30\"><\/div>[\/vc_column][\/vc_row][vc_row][vc_column][vc_column_text]<\/p>\n<div id=\"mb-content\">\n<div class=\"container\">\n<div class=\"row\">\n<div class=\"span8 \">\n<article id=\"post-10653\" class=\"post-10653 project type-project status-publish has-post-thumbnail hentry\">\n<div class=\"entry-content\">\n<div class=\"mt_style_row\">\n<div class=\"row-fluid section vc_row-fluid mt_grid_with\">\n<div class=\"wpb_column vc_column_container span12\">\n<div class=\"vc_column-inner \">\n<div class=\"wpb_wrapper\">\n<div class=\"wpb_text_column wpb_content_element \">\n<div class=\"wpb_wrapper\">\n<p>Malgr\u00e9 les d\u00e9fis des petites entreprises autochtones, leur confiance en l\u2019avenir est solide.<\/p>\n<p>Pour de plus amples informations sur CCAB et ses recherches, visitez le site <a href=\"https:\/\/www.ccab.com\" target=\"_blank\" rel=\"noopener\">www.ccab.com<\/a>.<\/p>\n<\/div>\n<\/div>\n<\/div>\n<\/div>\n<\/div>\n<\/div>\n<\/div>\n<\/div>\n<\/article>\n<\/div>\n<\/div>\n<\/div>\n<\/div>\n<p>[\/vc_column_text][\/vc_column][\/vc_row]<\/p>\n<\/div>","protected":false},"excerpt":{"rendered":"<p>[vc_row][vc_column width=\u00a0\u00bb1\/2&Prime;][vc_single_image image=\u00a0\u00bb12215&Prime;][\/vc_column][vc_column width=\u00a0\u00bb1\/2&Prime;][vc_message message_box_color=\u00a0\u00bbalert-success\u00a0\u00bb icon_type=\u00a0\u00bbentypo\u00a0\u00bb icon_entypo=\u00a0\u00bbentypo-icon entypo-icon-progress-3&Prime;]TERMIN\u00c9[\/vc_message][\/vc_column][\/vc_row][vc_row][vc_column][vc_column_text] La premi\u00e8re \u00e9tude approfondie depuis 10 ans qui montre que les chefs des petites entreprises autochtones sont de<span class=\"excerpt-hellip\"> [\u2026]<\/span><\/p>\n","protected":false},"author":1,"featured_media":0,"parent":9559,"menu_order":0,"comment_status":"closed","ping_status":"closed","template":"","meta":{"h5ap_radio_sources":[],"footnotes":""},"class_list":["post-54402","page","type-page","status-publish","hentry"],"yoast_head":"<!-- This site is optimized with the Yoast SEO Premium plugin v27.5 (Yoast SEO v27.5) - https:\/\/yoast.com\/product\/yoast-seo-premium-wordpress\/ -->\n<title>Promesse et prosp\u00e9rit\u00e9 : sondage sur les commerces autochtones - CERIC<\/title>\n<meta name=\"robots\" content=\"index, follow, max-snippet:-1, max-image-preview:large, max-video-preview:-1\" \/>\n<link rel=\"canonical\" href=\"https:\/\/ceric.ca\/fr\/projets\/promesse-et-prosperite-sondage-sur-les-commerces-autochtones\/\" \/>\n<meta property=\"og:locale\" content=\"fr_FR\" \/>\n<meta property=\"og:type\" content=\"article\" \/>\n<meta property=\"og:title\" content=\"Promesse et prosp\u00e9rit\u00e9 : sondage sur les commerces autochtones\" \/>\n<meta property=\"og:description\" content=\"[vc_row][vc_column width=\u00a0\u00bb1\/2&Prime;][vc_single_image image=\u00a0\u00bb12215&Prime;][\/vc_column][vc_column width=\u00a0\u00bb1\/2&Prime;][vc_message message_box_color=\u00a0\u00bbalert-success\u00a0\u00bb icon_type=\u00a0\u00bbentypo\u00a0\u00bb icon_entypo=\u00a0\u00bbentypo-icon entypo-icon-progress-3&Prime;]TERMIN\u00c9[\/vc_message][\/vc_column][\/vc_row][vc_row][vc_column][vc_column_text] La premi\u00e8re \u00e9tude approfondie depuis 10 ans qui montre que les chefs des petites entreprises autochtones sont de [\u2026]\" \/>\n<meta property=\"og:url\" content=\"https:\/\/ceric.ca\/fr\/projets\/promesse-et-prosperite-sondage-sur-les-commerces-autochtones\/\" \/>\n<meta property=\"og:site_name\" content=\"CERIC\" \/>\n<meta property=\"article:modified_time\" content=\"2022-08-15T14:49:13+00:00\" \/>\n<meta name=\"twitter:card\" content=\"summary_large_image\" \/>\n<meta name=\"twitter:label1\" content=\"Dur\u00e9e de lecture estim\u00e9e\" \/>\n\t<meta name=\"twitter:data1\" content=\"2 minutes\" \/>\n<script type=\"application\/ld+json\" class=\"yoast-schema-graph\">{\"@context\":\"https:\\\/\\\/schema.org\",\"@graph\":[{\"@type\":\"WebPage\",\"@id\":\"https:\\\/\\\/ceric.ca\\\/fr\\\/projets\\\/promesse-et-prosperite-sondage-sur-les-commerces-autochtones\\\/\",\"url\":\"https:\\\/\\\/ceric.ca\\\/fr\\\/projets\\\/promesse-et-prosperite-sondage-sur-les-commerces-autochtones\\\/\",\"name\":\"Promesse et prosp\u00e9rit\u00e9 : sondage sur les commerces autochtones - CERIC\",\"isPartOf\":{\"@id\":\"https:\\\/\\\/ceric.ca\\\/#website\"},\"datePublished\":\"2022-04-13T21:06:16+00:00\",\"dateModified\":\"2022-08-15T14:49:13+00:00\",\"breadcrumb\":{\"@id\":\"https:\\\/\\\/ceric.ca\\\/fr\\\/projets\\\/promesse-et-prosperite-sondage-sur-les-commerces-autochtones\\\/#breadcrumb\"},\"inLanguage\":\"fr-FR\",\"potentialAction\":[{\"@type\":\"ReadAction\",\"target\":[\"https:\\\/\\\/ceric.ca\\\/fr\\\/projets\\\/promesse-et-prosperite-sondage-sur-les-commerces-autochtones\\\/\"]}]},{\"@type\":\"BreadcrumbList\",\"@id\":\"https:\\\/\\\/ceric.ca\\\/fr\\\/projets\\\/promesse-et-prosperite-sondage-sur-les-commerces-autochtones\\\/#breadcrumb\",\"itemListElement\":[{\"@type\":\"ListItem\",\"position\":1,\"name\":\"Home\",\"item\":\"https:\\\/\\\/ceric.ca\\\/fr\\\/ceric-homepage-2025\\\/\"},{\"@type\":\"ListItem\",\"position\":2,\"name\":\"Projets\",\"item\":\"https:\\\/\\\/ceric.ca\\\/fr\\\/projets\\\/\"},{\"@type\":\"ListItem\",\"position\":3,\"name\":\"Promesse et prosp\u00e9rit\u00e9 : sondage sur les commerces autochtones\"}]},{\"@type\":\"WebSite\",\"@id\":\"https:\\\/\\\/ceric.ca\\\/#website\",\"url\":\"https:\\\/\\\/ceric.ca\\\/\",\"name\":\"CERIC\",\"description\":\"\",\"publisher\":{\"@id\":\"https:\\\/\\\/ceric.ca\\\/#organization\"},\"potentialAction\":[{\"@type\":\"SearchAction\",\"target\":{\"@type\":\"EntryPoint\",\"urlTemplate\":\"https:\\\/\\\/ceric.ca\\\/?s={search_term_string}\"},\"query-input\":{\"@type\":\"PropertyValueSpecification\",\"valueRequired\":true,\"valueName\":\"search_term_string\"}}],\"inLanguage\":\"fr-FR\"},{\"@type\":\"Organization\",\"@id\":\"https:\\\/\\\/ceric.ca\\\/#organization\",\"name\":\"CERIC\",\"url\":\"https:\\\/\\\/ceric.ca\\\/\",\"logo\":{\"@type\":\"ImageObject\",\"inLanguage\":\"fr-FR\",\"@id\":\"https:\\\/\\\/ceric.ca\\\/#\\\/schema\\\/logo\\\/image\\\/\",\"url\":\"\",\"contentUrl\":\"\",\"caption\":\"CERIC\"},\"image\":{\"@id\":\"https:\\\/\\\/ceric.ca\\\/#\\\/schema\\\/logo\\\/image\\\/\"}}]}<\/script>\n<!-- \/ Yoast SEO Premium plugin. -->","yoast_head_json":{"title":"Promesse et prosp\u00e9rit\u00e9 : sondage sur les commerces autochtones - CERIC","robots":{"index":"index","follow":"follow","max-snippet":"max-snippet:-1","max-image-preview":"max-image-preview:large","max-video-preview":"max-video-preview:-1"},"canonical":"https:\/\/ceric.ca\/fr\/projets\/promesse-et-prosperite-sondage-sur-les-commerces-autochtones\/","og_locale":"fr_FR","og_type":"article","og_title":"Promesse et prosp\u00e9rit\u00e9 : sondage sur les commerces autochtones","og_description":"[vc_row][vc_column width=\u00a0\u00bb1\/2&Prime;][vc_single_image image=\u00a0\u00bb12215&Prime;][\/vc_column][vc_column width=\u00a0\u00bb1\/2&Prime;][vc_message message_box_color=\u00a0\u00bbalert-success\u00a0\u00bb icon_type=\u00a0\u00bbentypo\u00a0\u00bb icon_entypo=\u00a0\u00bbentypo-icon entypo-icon-progress-3&Prime;]TERMIN\u00c9[\/vc_message][\/vc_column][\/vc_row][vc_row][vc_column][vc_column_text] La premi\u00e8re \u00e9tude approfondie depuis 10 ans qui montre que les chefs des petites entreprises autochtones sont de [\u2026]","og_url":"https:\/\/ceric.ca\/fr\/projets\/promesse-et-prosperite-sondage-sur-les-commerces-autochtones\/","og_site_name":"CERIC","article_modified_time":"2022-08-15T14:49:13+00:00","twitter_card":"summary_large_image","twitter_misc":{"Dur\u00e9e de lecture estim\u00e9e":"2 minutes"},"schema":{"@context":"https:\/\/schema.org","@graph":[{"@type":"WebPage","@id":"https:\/\/ceric.ca\/fr\/projets\/promesse-et-prosperite-sondage-sur-les-commerces-autochtones\/","url":"https:\/\/ceric.ca\/fr\/projets\/promesse-et-prosperite-sondage-sur-les-commerces-autochtones\/","name":"Promesse et prosp\u00e9rit\u00e9 : sondage sur les commerces autochtones - CERIC","isPartOf":{"@id":"https:\/\/ceric.ca\/#website"},"datePublished":"2022-04-13T21:06:16+00:00","dateModified":"2022-08-15T14:49:13+00:00","breadcrumb":{"@id":"https:\/\/ceric.ca\/fr\/projets\/promesse-et-prosperite-sondage-sur-les-commerces-autochtones\/#breadcrumb"},"inLanguage":"fr-FR","potentialAction":[{"@type":"ReadAction","target":["https:\/\/ceric.ca\/fr\/projets\/promesse-et-prosperite-sondage-sur-les-commerces-autochtones\/"]}]},{"@type":"BreadcrumbList","@id":"https:\/\/ceric.ca\/fr\/projets\/promesse-et-prosperite-sondage-sur-les-commerces-autochtones\/#breadcrumb","itemListElement":[{"@type":"ListItem","position":1,"name":"Home","item":"https:\/\/ceric.ca\/fr\/ceric-homepage-2025\/"},{"@type":"ListItem","position":2,"name":"Projets","item":"https:\/\/ceric.ca\/fr\/projets\/"},{"@type":"ListItem","position":3,"name":"Promesse et prosp\u00e9rit\u00e9 : sondage sur les commerces autochtones"}]},{"@type":"WebSite","@id":"https:\/\/ceric.ca\/#website","url":"https:\/\/ceric.ca\/","name":"CERIC","description":"","publisher":{"@id":"https:\/\/ceric.ca\/#organization"},"potentialAction":[{"@type":"SearchAction","target":{"@type":"EntryPoint","urlTemplate":"https:\/\/ceric.ca\/?s={search_term_string}"},"query-input":{"@type":"PropertyValueSpecification","valueRequired":true,"valueName":"search_term_string"}}],"inLanguage":"fr-FR"},{"@type":"Organization","@id":"https:\/\/ceric.ca\/#organization","name":"CERIC","url":"https:\/\/ceric.ca\/","logo":{"@type":"ImageObject","inLanguage":"fr-FR","@id":"https:\/\/ceric.ca\/#\/schema\/logo\/image\/","url":"","contentUrl":"","caption":"CERIC"},"image":{"@id":"https:\/\/ceric.ca\/#\/schema\/logo\/image\/"}}]}},"_links":{"self":[{"href":"https:\/\/ceric.ca\/fr\/wp-json\/wp\/v2\/pages\/54402","targetHints":{"allow":["GET"]}}],"collection":[{"href":"https:\/\/ceric.ca\/fr\/wp-json\/wp\/v2\/pages"}],"about":[{"href":"https:\/\/ceric.ca\/fr\/wp-json\/wp\/v2\/types\/page"}],"author":[{"embeddable":true,"href":"https:\/\/ceric.ca\/fr\/wp-json\/wp\/v2\/users\/1"}],"replies":[{"embeddable":true,"href":"https:\/\/ceric.ca\/fr\/wp-json\/wp\/v2\/comments?post=54402"}],"version-history":[{"count":0,"href":"https:\/\/ceric.ca\/fr\/wp-json\/wp\/v2\/pages\/54402\/revisions"}],"up":[{"embeddable":true,"href":"https:\/\/ceric.ca\/fr\/wp-json\/wp\/v2\/pages\/9559"}],"wp:attachment":[{"href":"https:\/\/ceric.ca\/fr\/wp-json\/wp\/v2\/media?parent=54402"}],"curies":[{"name":"wp","href":"https:\/\/api.w.org\/{rel}","templated":true}]}}