{"id":54411,"date":"2022-04-13T17:56:52","date_gmt":"2022-04-13T21:56:52","guid":{"rendered":"https:\/\/ceric.ca\/?page_id=54411"},"modified":"2022-08-15T10:49:43","modified_gmt":"2022-08-15T14:49:43","slug":"collectivite-et-commerce-sondage-sur-le-developpement-economiquedes-entreprises-autochtones","status":"publish","type":"page","link":"https:\/\/ceric.ca\/fr\/projets\/collectivite-et-commerce-sondage-sur-le-developpement-economiquedes-entreprises-autochtones\/","title":{"rendered":"Collectivit\u00e9 et commerce : sondage sur le d\u00e9veloppement \u00e9conomiquedes entreprises autochtones"},"content":{"rendered":"<div class=\"wpb-content-wrapper\"><p>[vc_row][vc_column width=\u00a0\u00bb1\/2&Prime;][vc_single_image image=\u00a0\u00bb27098&Prime;][\/vc_column][vc_column width=\u00a0\u00bb1\/2&Prime;]<div class=\"wprt-list clearfix icon-left icon-middle\">\r\n\t\t<div style=\"padding:;margin-bottom:10px;background-color:#f8f8f8;\">\r\n\t\t\t<span style=\"padding-left:30px;\"><span class=\"icon \">\r\n\t\t\t<i class=\"typcn typcn-group\" style=\"color:#898989;font-size:20px;\"><\/i>\r\n\t\t<\/span> <span style=\"font-weight:700;\">Partenaire du projet : Environics, Indian and Northern Affairs Canada, IBM, RBC, First Air<\/span><\/span>\r\n\t\t<\/div>\r\n\t<\/div><div class=\"wprt-list clearfix icon-left icon-middle\">\r\n\t\t<div style=\"padding:;margin-bottom:10px;background-color:#f8f8f8;\">\r\n\t\t\t<span style=\"padding-left:30px;\"><span class=\"icon \">\r\n\t\t\t<i class=\"typcn typcn-flag\" style=\"color:#898989;font-size:20px;\"><\/i>\r\n\t\t<\/span> <span style=\"font-weight:700;\">Langue : Anglais<\/span><\/span>\r\n\t\t<\/div>\r\n\t<\/div>[vc_message message_box_color=\u00a0\u00bbalert-success\u00a0\u00bb icon_type=\u00a0\u00bbentypo\u00a0\u00bb icon_entypo=\u00a0\u00bbentypo-icon entypo-icon-progress-3&Prime;]<strong>TERMIN\u00c9<\/strong>[\/vc_message][\/vc_column][\/vc_row][vc_row][vc_column]\r\n\t<div class=\"wprt-spacer clearfix\" data-desktop=\"40\" data-mobi=\"30\" data-smobi=\"30\"><\/div>[vc_column_text]Le Conseil canadien pour le commerce autochtone (CCAB) a men\u00e9 la premi\u00e8re enqu\u00eate nationale d\u00e9taill\u00e9e aupr\u00e8s des dirigeants des soci\u00e9t\u00e9s autochtones de d\u00e9veloppement \u00e9conomique (SDE). L\u2019\u00e9tude compl\u00e9mente le sondage sur les petites entreprises autochtones.<\/p>\n<p>Les soci\u00e9t\u00e9s de d\u00e9veloppement \u00e9conomique sont le bras arm\u00e9 de cr\u00e9ation et de d\u00e9veloppement d\u2019entreprises des gouvernements des Premi\u00e8res Nations, M\u00e9tis ou Inuit. Elles sont vitales pour le monde des affaires autochtone parce qu\u2019elles investissent dans des filiales en propri\u00e9t\u00e9 exclusive et\/ou des entreprises g\u00e9r\u00e9es au profit des collectivit\u00e9s autochtones qu\u2019elles repr\u00e9sentent.<\/p>\n<p>Le pr\u00e9sent rapport, parrain\u00e9 par le CERIC, donne un meilleur aper\u00e7u des r\u00e9ussites, des d\u00e9fis et strat\u00e9gies de ces soci\u00e9t\u00e9s de d\u00e9veloppement \u00e9conomique. La recherche se penche \u00e9galement sur leurs relations avec d\u2019autres organismes, notamment gouvernementaux et du secteur priv\u00e9, et sur leur r\u00f4le dans la collectivit\u00e9.[\/vc_column_text][\/vc_column][\/vc_row][vc_row][vc_column]\r\n\t<div class=\"wprt-spacer clearfix\" data-desktop=\"40\" data-mobi=\"30\" data-smobi=\"30\"><\/div>[vc_separator color=\u00a0\u00bbcustom\u00a0\u00bb style=\u00a0\u00bbdashed\u00a0\u00bb border_width=\u00a0\u00bb2&Prime; accent_color=\u00a0\u00bb#cccccc\u00a0\u00bb]\r\n\t<div class=\"wprt-spacer clearfix\" data-desktop=\"40\" data-mobi=\"30\" data-smobi=\"30\"><\/div>[\/vc_column][\/vc_row][vc_row][vc_column width=\u00a0\u00bb1\/5&Prime;][vc_single_image image=\u00a0\u00bb14244&Prime; img_size=\u00a0\u00bbmedium\u00a0\u00bb][\/vc_column][vc_column width=\u00a0\u00bb4\/5&Prime;][vc_column_text]<div class='w3eden wpdm_package_shortcode'><div class=\"media well link-template-widget\">\n    <div class=\"media-body\">\n        <a href=\"https:\/\/ceric.ca\/fr\/wpdm-package\/collectivite-et-commerce-sondage-sur-le-developpement-economiquedes-entreprises-autochtones\/?wpdmdl=14227&refresh=69d388d3866981775470803\" style=\"display: block;clear: bottom;font-size: 11pt;font-weight: bold;\">Collectivit\u00e9 et commerce : Sondage sur le d\u00e9veloppement \u00e9conomiquedes entreprises autochtones<\/a>\n        <div style=\"font-size: 9pt;\">\n            <i class=\"fas fa-hdd color-green\"><\/i> 26.70 KB <i class=\"fa fa-copy ml-3\"><\/i>\n            1 file(s)\n        <\/div>\n    <\/div>\n<\/div>\n\n<\/div>[\/vc_column_text][\/vc_column][\/vc_row][vc_row][vc_column]\r\n\t<div class=\"wprt-spacer clearfix\" data-desktop=\"40\" data-mobi=\"30\" data-smobi=\"30\"><\/div>[vc_separator color=\u00a0\u00bbcustom\u00a0\u00bb style=\u00a0\u00bbdashed\u00a0\u00bb border_width=\u00a0\u00bb2&Prime; accent_color=\u00a0\u00bb#cccccc\u00a0\u00bb]\r\n\t<div class=\"wprt-spacer clearfix\" data-desktop=\"40\" data-mobi=\"30\" data-smobi=\"30\"><\/div>[\/vc_column][\/vc_row][vc_row][vc_column][vc_column_text]<\/p>\n<div id=\"mb-content\">\n<div class=\"container\">\n<div class=\"row\">\n<div class=\"span8 \">\n<article id=\"post-10651\" class=\"post-10651 project type-project status-publish has-post-thumbnail hentry\">\n<div class=\"entry-content\">\n<div class=\"mt_style_row\">\n<div class=\"row-fluid section vc_row-fluid mt_grid_with\">\n<div class=\"wpb_column vc_column_container span12\">\n<div class=\"vc_column-inner \">\n<div class=\"wpb_wrapper\">\n<div class=\"wpb_text_column wpb_content_element \">\n<div class=\"wpb_wrapper\">\n<p>Intitul\u00e9 Collectivit\u00e9 et commerce : A Survey of Aboriginal Economic Development Corporations, le rapport d\u00e9voile les constatations suivantes :<\/p>\n<ul>\n<li>Les soci\u00e9t\u00e9s autochtones de d\u00e9veloppement \u00e9conomique enregistrent d\u2019excellents r\u00e9sultats financiers.<\/li>\n<li>La majorit\u00e9 des soci\u00e9t\u00e9s de d\u00e9veloppement \u00e9conomique prennent en compte les bienfaits pour la collectivit\u00e9 dans l\u2019\u00e9valuation de leur r\u00e9ussite.<\/li>\n<li>80 % des soci\u00e9t\u00e9s de d\u00e9veloppement \u00e9conomique d\u00e9clarent que l\u2019\u00e9volution professionnelle des employ\u00e9s autochtones est une de leurs priorit\u00e9s.<\/li>\n<li>Les soci\u00e9t\u00e9s de d\u00e9veloppement \u00e9conomique partagent l\u2019optimisme des petites entreprises autochtones priv\u00e9es et expriment la m\u00eame confiance en ce qui concerne leur avenir.<\/li>\n<\/ul>\n<p>Les r\u00e9sultats sont le fruit d\u2019entrevues men\u00e9es en face \u00e0 face ou par t\u00e9l\u00e9phone aupr\u00e8s des dirigeants de 50 soci\u00e9t\u00e9s autochtones de d\u00e9veloppement \u00e9conomique de tout le Canada. La recherche a \u00e9t\u00e9 dirig\u00e9e par Environics Research Group. Acosys Consulting Services, une entreprise int\u00e9gralement autochtone, a \u00e9galement apport\u00e9 son soutien.<\/p>\n<p>Les deux sondages sur les entreprises autochtones ont \u00e9t\u00e9 rendus possibles gr\u00e2ce au soutien du minist\u00e8re des Affaires indiennes et du Nord canadien, d\u2019IBM Canada Ltd., de la Banque Royale du Canada (RBC), du Canadian Education and Research Institute for Counselling (CERIC) et de First Air.<\/p>\n<p>Pour de plus amples informations sur CCAB et ses recherches, visitez le site\u00a0<a href=\"http:\/\/ceric.ca\/fr\/project\/collectivite-et-commerce-sondage-sur-le-developpement-economiquedes-entreprises-autochtones\/www.ccab.com\" target=\"_blank\" rel=\"noopener\">www.ccab.com<\/a>.<\/p>\n<\/div>\n<\/div>\n<\/div>\n<\/div>\n<\/div>\n<\/div>\n<\/div>\n<\/div>\n<\/article>\n<\/div>\n<\/div>\n<\/div>\n<\/div>\n<p>[\/vc_column_text][\/vc_column][\/vc_row]<\/p>\n<\/div>","protected":false},"excerpt":{"rendered":"<p>[vc_row][vc_column width=\u00a0\u00bb1\/2&Prime;][vc_single_image image=\u00a0\u00bb27098&Prime;][\/vc_column][vc_column width=\u00a0\u00bb1\/2&Prime;][vc_message message_box_color=\u00a0\u00bbalert-success\u00a0\u00bb icon_type=\u00a0\u00bbentypo\u00a0\u00bb icon_entypo=\u00a0\u00bbentypo-icon entypo-icon-progress-3&Prime;]TERMIN\u00c9[\/vc_message][\/vc_column][\/vc_row][vc_row][vc_column][vc_column_text]Le Conseil canadien pour le commerce autochtone (CCAB) a men\u00e9 la premi\u00e8re enqu\u00eate nationale d\u00e9taill\u00e9e aupr\u00e8s des dirigeants des<span class=\"excerpt-hellip\"> [\u2026]<\/span><\/p>\n","protected":false},"author":1,"featured_media":0,"parent":9559,"menu_order":0,"comment_status":"closed","ping_status":"closed","template":"","meta":{"h5ap_radio_sources":[],"footnotes":""},"class_list":["post-54411","page","type-page","status-publish","hentry"],"yoast_head":"<!-- This site is optimized with the Yoast SEO Premium plugin v27.3 (Yoast SEO v27.3) - https:\/\/yoast.com\/product\/yoast-seo-premium-wordpress\/ -->\n<title>Collectivit\u00e9 et commerce : sondage sur le d\u00e9veloppement \u00e9conomiquedes entreprises autochtones - CERIC<\/title>\n<meta name=\"robots\" content=\"index, follow, max-snippet:-1, max-image-preview:large, max-video-preview:-1\" \/>\n<link rel=\"canonical\" href=\"https:\/\/ceric.ca\/fr\/projets\/collectivite-et-commerce-sondage-sur-le-developpement-economiquedes-entreprises-autochtones\/\" \/>\n<meta property=\"og:locale\" content=\"fr_FR\" \/>\n<meta property=\"og:type\" content=\"article\" \/>\n<meta property=\"og:title\" content=\"Collectivit\u00e9 et commerce : sondage sur le d\u00e9veloppement \u00e9conomiquedes entreprises autochtones\" \/>\n<meta property=\"og:description\" content=\"[vc_row][vc_column width=\u00a0\u00bb1\/2&Prime;][vc_single_image image=\u00a0\u00bb27098&Prime;][\/vc_column][vc_column width=\u00a0\u00bb1\/2&Prime;][vc_message message_box_color=\u00a0\u00bbalert-success\u00a0\u00bb icon_type=\u00a0\u00bbentypo\u00a0\u00bb icon_entypo=\u00a0\u00bbentypo-icon entypo-icon-progress-3&Prime;]TERMIN\u00c9[\/vc_message][\/vc_column][\/vc_row][vc_row][vc_column][vc_column_text]Le Conseil canadien pour le commerce autochtone (CCAB) a men\u00e9 la premi\u00e8re enqu\u00eate nationale d\u00e9taill\u00e9e aupr\u00e8s des dirigeants des [\u2026]\" \/>\n<meta property=\"og:url\" content=\"https:\/\/ceric.ca\/fr\/projets\/collectivite-et-commerce-sondage-sur-le-developpement-economiquedes-entreprises-autochtones\/\" \/>\n<meta property=\"og:site_name\" content=\"CERIC\" \/>\n<meta property=\"article:modified_time\" content=\"2022-08-15T14:49:43+00:00\" \/>\n<meta name=\"twitter:card\" content=\"summary_large_image\" \/>\n<meta name=\"twitter:label1\" content=\"Dur\u00e9e de lecture estim\u00e9e\" \/>\n\t<meta name=\"twitter:data1\" content=\"2 minutes\" \/>\n<script type=\"application\/ld+json\" class=\"yoast-schema-graph\">{\"@context\":\"https:\\\/\\\/schema.org\",\"@graph\":[{\"@type\":\"WebPage\",\"@id\":\"https:\\\/\\\/ceric.ca\\\/fr\\\/projets\\\/collectivite-et-commerce-sondage-sur-le-developpement-economiquedes-entreprises-autochtones\\\/\",\"url\":\"https:\\\/\\\/ceric.ca\\\/fr\\\/projets\\\/collectivite-et-commerce-sondage-sur-le-developpement-economiquedes-entreprises-autochtones\\\/\",\"name\":\"Collectivit\u00e9 et commerce : sondage sur le d\u00e9veloppement \u00e9conomiquedes entreprises autochtones - CERIC\",\"isPartOf\":{\"@id\":\"https:\\\/\\\/ceric.ca\\\/#website\"},\"datePublished\":\"2022-04-13T21:56:52+00:00\",\"dateModified\":\"2022-08-15T14:49:43+00:00\",\"breadcrumb\":{\"@id\":\"https:\\\/\\\/ceric.ca\\\/fr\\\/projets\\\/collectivite-et-commerce-sondage-sur-le-developpement-economiquedes-entreprises-autochtones\\\/#breadcrumb\"},\"inLanguage\":\"fr-FR\",\"potentialAction\":[{\"@type\":\"ReadAction\",\"target\":[\"https:\\\/\\\/ceric.ca\\\/fr\\\/projets\\\/collectivite-et-commerce-sondage-sur-le-developpement-economiquedes-entreprises-autochtones\\\/\"]}]},{\"@type\":\"BreadcrumbList\",\"@id\":\"https:\\\/\\\/ceric.ca\\\/fr\\\/projets\\\/collectivite-et-commerce-sondage-sur-le-developpement-economiquedes-entreprises-autochtones\\\/#breadcrumb\",\"itemListElement\":[{\"@type\":\"ListItem\",\"position\":1,\"name\":\"Home\",\"item\":\"https:\\\/\\\/ceric.ca\\\/fr\\\/ceric-homepage-2025\\\/\"},{\"@type\":\"ListItem\",\"position\":2,\"name\":\"Projets\",\"item\":\"https:\\\/\\\/ceric.ca\\\/fr\\\/projets\\\/\"},{\"@type\":\"ListItem\",\"position\":3,\"name\":\"Collectivit\u00e9 et commerce : sondage sur le d\u00e9veloppement \u00e9conomiquedes entreprises autochtones\"}]},{\"@type\":\"WebSite\",\"@id\":\"https:\\\/\\\/ceric.ca\\\/#website\",\"url\":\"https:\\\/\\\/ceric.ca\\\/\",\"name\":\"CERIC\",\"description\":\"\",\"publisher\":{\"@id\":\"https:\\\/\\\/ceric.ca\\\/#organization\"},\"potentialAction\":[{\"@type\":\"SearchAction\",\"target\":{\"@type\":\"EntryPoint\",\"urlTemplate\":\"https:\\\/\\\/ceric.ca\\\/?s={search_term_string}\"},\"query-input\":{\"@type\":\"PropertyValueSpecification\",\"valueRequired\":true,\"valueName\":\"search_term_string\"}}],\"inLanguage\":\"fr-FR\"},{\"@type\":\"Organization\",\"@id\":\"https:\\\/\\\/ceric.ca\\\/#organization\",\"name\":\"CERIC\",\"url\":\"https:\\\/\\\/ceric.ca\\\/\",\"logo\":{\"@type\":\"ImageObject\",\"inLanguage\":\"fr-FR\",\"@id\":\"https:\\\/\\\/ceric.ca\\\/#\\\/schema\\\/logo\\\/image\\\/\",\"url\":\"\",\"contentUrl\":\"\",\"caption\":\"CERIC\"},\"image\":{\"@id\":\"https:\\\/\\\/ceric.ca\\\/#\\\/schema\\\/logo\\\/image\\\/\"}}]}<\/script>\n<!-- \/ Yoast SEO Premium plugin. -->","yoast_head_json":{"title":"Collectivit\u00e9 et commerce : sondage sur le d\u00e9veloppement \u00e9conomiquedes entreprises autochtones - CERIC","robots":{"index":"index","follow":"follow","max-snippet":"max-snippet:-1","max-image-preview":"max-image-preview:large","max-video-preview":"max-video-preview:-1"},"canonical":"https:\/\/ceric.ca\/fr\/projets\/collectivite-et-commerce-sondage-sur-le-developpement-economiquedes-entreprises-autochtones\/","og_locale":"fr_FR","og_type":"article","og_title":"Collectivit\u00e9 et commerce : sondage sur le d\u00e9veloppement \u00e9conomiquedes entreprises autochtones","og_description":"[vc_row][vc_column width=\u00a0\u00bb1\/2&Prime;][vc_single_image image=\u00a0\u00bb27098&Prime;][\/vc_column][vc_column width=\u00a0\u00bb1\/2&Prime;][vc_message message_box_color=\u00a0\u00bbalert-success\u00a0\u00bb icon_type=\u00a0\u00bbentypo\u00a0\u00bb icon_entypo=\u00a0\u00bbentypo-icon entypo-icon-progress-3&Prime;]TERMIN\u00c9[\/vc_message][\/vc_column][\/vc_row][vc_row][vc_column][vc_column_text]Le Conseil canadien pour le commerce autochtone (CCAB) a men\u00e9 la premi\u00e8re enqu\u00eate nationale d\u00e9taill\u00e9e aupr\u00e8s des dirigeants des [\u2026]","og_url":"https:\/\/ceric.ca\/fr\/projets\/collectivite-et-commerce-sondage-sur-le-developpement-economiquedes-entreprises-autochtones\/","og_site_name":"CERIC","article_modified_time":"2022-08-15T14:49:43+00:00","twitter_card":"summary_large_image","twitter_misc":{"Dur\u00e9e de lecture estim\u00e9e":"2 minutes"},"schema":{"@context":"https:\/\/schema.org","@graph":[{"@type":"WebPage","@id":"https:\/\/ceric.ca\/fr\/projets\/collectivite-et-commerce-sondage-sur-le-developpement-economiquedes-entreprises-autochtones\/","url":"https:\/\/ceric.ca\/fr\/projets\/collectivite-et-commerce-sondage-sur-le-developpement-economiquedes-entreprises-autochtones\/","name":"Collectivit\u00e9 et commerce : sondage sur le d\u00e9veloppement \u00e9conomiquedes entreprises autochtones - CERIC","isPartOf":{"@id":"https:\/\/ceric.ca\/#website"},"datePublished":"2022-04-13T21:56:52+00:00","dateModified":"2022-08-15T14:49:43+00:00","breadcrumb":{"@id":"https:\/\/ceric.ca\/fr\/projets\/collectivite-et-commerce-sondage-sur-le-developpement-economiquedes-entreprises-autochtones\/#breadcrumb"},"inLanguage":"fr-FR","potentialAction":[{"@type":"ReadAction","target":["https:\/\/ceric.ca\/fr\/projets\/collectivite-et-commerce-sondage-sur-le-developpement-economiquedes-entreprises-autochtones\/"]}]},{"@type":"BreadcrumbList","@id":"https:\/\/ceric.ca\/fr\/projets\/collectivite-et-commerce-sondage-sur-le-developpement-economiquedes-entreprises-autochtones\/#breadcrumb","itemListElement":[{"@type":"ListItem","position":1,"name":"Home","item":"https:\/\/ceric.ca\/fr\/ceric-homepage-2025\/"},{"@type":"ListItem","position":2,"name":"Projets","item":"https:\/\/ceric.ca\/fr\/projets\/"},{"@type":"ListItem","position":3,"name":"Collectivit\u00e9 et commerce : sondage sur le d\u00e9veloppement \u00e9conomiquedes entreprises autochtones"}]},{"@type":"WebSite","@id":"https:\/\/ceric.ca\/#website","url":"https:\/\/ceric.ca\/","name":"CERIC","description":"","publisher":{"@id":"https:\/\/ceric.ca\/#organization"},"potentialAction":[{"@type":"SearchAction","target":{"@type":"EntryPoint","urlTemplate":"https:\/\/ceric.ca\/?s={search_term_string}"},"query-input":{"@type":"PropertyValueSpecification","valueRequired":true,"valueName":"search_term_string"}}],"inLanguage":"fr-FR"},{"@type":"Organization","@id":"https:\/\/ceric.ca\/#organization","name":"CERIC","url":"https:\/\/ceric.ca\/","logo":{"@type":"ImageObject","inLanguage":"fr-FR","@id":"https:\/\/ceric.ca\/#\/schema\/logo\/image\/","url":"","contentUrl":"","caption":"CERIC"},"image":{"@id":"https:\/\/ceric.ca\/#\/schema\/logo\/image\/"}}]}},"_links":{"self":[{"href":"https:\/\/ceric.ca\/fr\/wp-json\/wp\/v2\/pages\/54411","targetHints":{"allow":["GET"]}}],"collection":[{"href":"https:\/\/ceric.ca\/fr\/wp-json\/wp\/v2\/pages"}],"about":[{"href":"https:\/\/ceric.ca\/fr\/wp-json\/wp\/v2\/types\/page"}],"author":[{"embeddable":true,"href":"https:\/\/ceric.ca\/fr\/wp-json\/wp\/v2\/users\/1"}],"replies":[{"embeddable":true,"href":"https:\/\/ceric.ca\/fr\/wp-json\/wp\/v2\/comments?post=54411"}],"version-history":[{"count":0,"href":"https:\/\/ceric.ca\/fr\/wp-json\/wp\/v2\/pages\/54411\/revisions"}],"up":[{"embeddable":true,"href":"https:\/\/ceric.ca\/fr\/wp-json\/wp\/v2\/pages\/9559"}],"wp:attachment":[{"href":"https:\/\/ceric.ca\/fr\/wp-json\/wp\/v2\/media?parent=54411"}],"curies":[{"name":"wp","href":"https:\/\/api.w.org\/{rel}","templated":true}]}}