{"id":54451,"date":"2022-04-13T20:06:35","date_gmt":"2022-04-14T00:06:35","guid":{"rendered":"https:\/\/ceric.ca\/?page_id=54451"},"modified":"2022-08-24T11:43:37","modified_gmt":"2022-08-24T15:43:37","slug":"histoires-de-transitions-exploration-des-antecedents-de-carriere-et-des-choix-de-programmes-detudes-chez-les-jeunes-adultes","status":"publish","type":"page","link":"https:\/\/ceric.ca\/fr\/projets\/histoires-de-transitions-exploration-des-antecedents-de-carriere-et-des-choix-de-programmes-detudes-chez-les-jeunes-adultes\/","title":{"rendered":"Histoires de transitions : exploration des ant\u00e9c\u00e9dents de carri\u00e8re et des choix de programmes d\u2019\u00e9tudes chez les jeunes adultes"},"content":{"rendered":"<div class=\"wpb-content-wrapper\"><p>[vc_row][vc_column width=\u00a0\u00bb1\/2&Prime;][vc_single_image image=\u00a0\u00bb27116&Prime;][\/vc_column][vc_column width=\u00a0\u00bb1\/2&Prime;]<div class=\"wprt-list clearfix icon-left icon-middle\">\r\n\t\t<div style=\"padding:;margin-bottom:10px;background-color:#f8f8f8;\">\r\n\t\t\t<span style=\"padding-left:30px;\"><span class=\"icon \">\r\n\t\t\t<i class=\"typcn typcn-group\" style=\"color:#898989;font-size:20px;\"><\/i>\r\n\t\t<\/span> <span style=\"font-weight:700;\">Partenaire du projet : Dalhousie University<\/span><\/span>\r\n\t\t<\/div>\r\n\t<\/div><div class=\"wprt-list clearfix icon-left icon-middle\">\r\n\t\t<div style=\"padding:;margin-bottom:10px;background-color:#f8f8f8;\">\r\n\t\t\t<span style=\"padding-left:30px;\"><span class=\"icon \">\r\n\t\t\t<i class=\"typcn typcn-flag\" style=\"color:#898989;font-size:20px;\"><\/i>\r\n\t\t<\/span> <span style=\"font-weight:700;\">Langue : Anglais<\/span><\/span>\r\n\t\t<\/div>\r\n\t<\/div>[vc_message message_box_color=\u00a0\u00bbalert-success\u00a0\u00bb icon_type=\u00a0\u00bbentypo\u00a0\u00bb icon_entypo=\u00a0\u00bbentypo-icon entypo-icon-progress-3&Prime;]<strong>TERMIN\u00c9<\/strong>[\/vc_message][\/vc_column][\/vc_row][vc_row][vc_column]\r\n\t<div class=\"wprt-spacer clearfix\" data-desktop=\"40\" data-mobi=\"30\" data-smobi=\"30\"><\/div>[vc_column_text]Ce projet de recherche vise \u00e0 am\u00e9liorer l\u2019\u00e9ducation des conseillers en orientation en initiant un effort pour \u00e9toffer le programme \u00e9ducatif et articuler les voies \u00e9ducationnelles pour ceux qui d\u00e9sirent devenir des conseillers en orientation, aussi bien que pour ceux qui travaillent dans le domaine et veulent poursuivre leur \u00e9ducation.<\/p>\n<p>Le point central de ce projet de recherche dans le domaine du d\u00e9veloppement de carri\u00e8re est l\u2019exploration en profondeur des programmes d\u2019\u00e9ducation des conseillers en orientation professionnelle au Canada. Cette recherche a pour but de :<\/p>\n<ul>\n<li>Acqu\u00e9rir une compr\u00e9hension approfondie et produire un r\u00e9pertoire d\u00e9taill\u00e9 des programmes actuellement disponibles pour les aspirants conseillers ou ceux qui pratiquent d\u00e9j\u00e0;<\/li>\n<li>Mieux comprendre les voies de carri\u00e8re et les niveaux d\u2019instruction de ceux qui \u0153uvrent d\u00e9j\u00e0 dans le domaine; et<\/li>\n<li>Initier un cheminement vers une vision collective de ce que seront les programmes d\u2019\u00e9ducation des conseillers en orientation canadiens.<\/li>\n<\/ul>\n<p>[\/vc_column_text][\/vc_column][\/vc_row]<\/p>\n<\/div>","protected":false},"excerpt":{"rendered":"<p>[vc_row][vc_column width=\u00a0\u00bb1\/2&Prime;][vc_single_image image=\u00a0\u00bb27116&Prime;][\/vc_column][vc_column width=\u00a0\u00bb1\/2&Prime;][vc_message message_box_color=\u00a0\u00bbalert-success\u00a0\u00bb icon_type=\u00a0\u00bbentypo\u00a0\u00bb icon_entypo=\u00a0\u00bbentypo-icon entypo-icon-progress-3&Prime;]TERMIN\u00c9[\/vc_message][\/vc_column][\/vc_row][vc_row][vc_column][vc_column_text]Ce projet de recherche vise \u00e0 am\u00e9liorer l\u2019\u00e9ducation des conseillers en orientation en initiant un effort pour \u00e9toffer le<span class=\"excerpt-hellip\"> [\u2026]<\/span><\/p>\n","protected":false},"author":1,"featured_media":0,"parent":9559,"menu_order":0,"comment_status":"closed","ping_status":"closed","template":"","meta":{"h5ap_radio_sources":[],"footnotes":""},"class_list":["post-54451","page","type-page","status-publish","hentry"],"yoast_head":"<!-- This site is optimized with the Yoast SEO Premium plugin v27.5 (Yoast SEO v27.5) - https:\/\/yoast.com\/product\/yoast-seo-premium-wordpress\/ -->\n<title>Histoires de transitions : exploration des ant\u00e9c\u00e9dents de carri\u00e8re et des choix de programmes d\u2019\u00e9tudes chez les jeunes adultes - CERIC<\/title>\n<meta name=\"robots\" content=\"index, follow, max-snippet:-1, max-image-preview:large, max-video-preview:-1\" \/>\n<link rel=\"canonical\" href=\"https:\/\/ceric.ca\/fr\/projets\/histoires-de-transitions-exploration-des-antecedents-de-carriere-et-des-choix-de-programmes-detudes-chez-les-jeunes-adultes\/\" \/>\n<meta property=\"og:locale\" content=\"fr_FR\" \/>\n<meta property=\"og:type\" content=\"article\" \/>\n<meta property=\"og:title\" content=\"Histoires de transitions : exploration des ant\u00e9c\u00e9dents de carri\u00e8re et des choix de programmes d\u2019\u00e9tudes chez les jeunes adultes\" \/>\n<meta property=\"og:description\" content=\"[vc_row][vc_column width=\u00a0\u00bb1\/2&Prime;][vc_single_image image=\u00a0\u00bb27116&Prime;][\/vc_column][vc_column width=\u00a0\u00bb1\/2&Prime;][vc_message message_box_color=\u00a0\u00bbalert-success\u00a0\u00bb icon_type=\u00a0\u00bbentypo\u00a0\u00bb icon_entypo=\u00a0\u00bbentypo-icon entypo-icon-progress-3&Prime;]TERMIN\u00c9[\/vc_message][\/vc_column][\/vc_row][vc_row][vc_column][vc_column_text]Ce projet de recherche vise \u00e0 am\u00e9liorer l\u2019\u00e9ducation des conseillers en orientation en initiant un effort pour \u00e9toffer le [\u2026]\" \/>\n<meta property=\"og:url\" content=\"https:\/\/ceric.ca\/fr\/projets\/histoires-de-transitions-exploration-des-antecedents-de-carriere-et-des-choix-de-programmes-detudes-chez-les-jeunes-adultes\/\" \/>\n<meta property=\"og:site_name\" content=\"CERIC\" \/>\n<meta property=\"article:modified_time\" content=\"2022-08-24T15:43:37+00:00\" \/>\n<meta name=\"twitter:card\" content=\"summary_large_image\" \/>\n<meta name=\"twitter:label1\" content=\"Dur\u00e9e de lecture estim\u00e9e\" \/>\n\t<meta name=\"twitter:data1\" content=\"1 minute\" \/>\n<script type=\"application\/ld+json\" class=\"yoast-schema-graph\">{\"@context\":\"https:\\\/\\\/schema.org\",\"@graph\":[{\"@type\":\"WebPage\",\"@id\":\"https:\\\/\\\/ceric.ca\\\/fr\\\/projets\\\/histoires-de-transitions-exploration-des-antecedents-de-carriere-et-des-choix-de-programmes-detudes-chez-les-jeunes-adultes\\\/\",\"url\":\"https:\\\/\\\/ceric.ca\\\/fr\\\/projets\\\/histoires-de-transitions-exploration-des-antecedents-de-carriere-et-des-choix-de-programmes-detudes-chez-les-jeunes-adultes\\\/\",\"name\":\"Histoires de transitions : exploration des ant\u00e9c\u00e9dents de carri\u00e8re et des choix de programmes d\u2019\u00e9tudes chez les jeunes adultes - CERIC\",\"isPartOf\":{\"@id\":\"https:\\\/\\\/ceric.ca\\\/#website\"},\"datePublished\":\"2022-04-14T00:06:35+00:00\",\"dateModified\":\"2022-08-24T15:43:37+00:00\",\"breadcrumb\":{\"@id\":\"https:\\\/\\\/ceric.ca\\\/fr\\\/projets\\\/histoires-de-transitions-exploration-des-antecedents-de-carriere-et-des-choix-de-programmes-detudes-chez-les-jeunes-adultes\\\/#breadcrumb\"},\"inLanguage\":\"fr-FR\",\"potentialAction\":[{\"@type\":\"ReadAction\",\"target\":[\"https:\\\/\\\/ceric.ca\\\/fr\\\/projets\\\/histoires-de-transitions-exploration-des-antecedents-de-carriere-et-des-choix-de-programmes-detudes-chez-les-jeunes-adultes\\\/\"]}]},{\"@type\":\"BreadcrumbList\",\"@id\":\"https:\\\/\\\/ceric.ca\\\/fr\\\/projets\\\/histoires-de-transitions-exploration-des-antecedents-de-carriere-et-des-choix-de-programmes-detudes-chez-les-jeunes-adultes\\\/#breadcrumb\",\"itemListElement\":[{\"@type\":\"ListItem\",\"position\":1,\"name\":\"Home\",\"item\":\"https:\\\/\\\/ceric.ca\\\/fr\\\/ceric-homepage-2025\\\/\"},{\"@type\":\"ListItem\",\"position\":2,\"name\":\"Projets\",\"item\":\"https:\\\/\\\/ceric.ca\\\/fr\\\/projets\\\/\"},{\"@type\":\"ListItem\",\"position\":3,\"name\":\"Histoires de transitions : exploration des ant\u00e9c\u00e9dents de carri\u00e8re et des choix de programmes d\u2019\u00e9tudes chez les jeunes adultes\"}]},{\"@type\":\"WebSite\",\"@id\":\"https:\\\/\\\/ceric.ca\\\/#website\",\"url\":\"https:\\\/\\\/ceric.ca\\\/\",\"name\":\"CERIC\",\"description\":\"\",\"publisher\":{\"@id\":\"https:\\\/\\\/ceric.ca\\\/#organization\"},\"potentialAction\":[{\"@type\":\"SearchAction\",\"target\":{\"@type\":\"EntryPoint\",\"urlTemplate\":\"https:\\\/\\\/ceric.ca\\\/?s={search_term_string}\"},\"query-input\":{\"@type\":\"PropertyValueSpecification\",\"valueRequired\":true,\"valueName\":\"search_term_string\"}}],\"inLanguage\":\"fr-FR\"},{\"@type\":\"Organization\",\"@id\":\"https:\\\/\\\/ceric.ca\\\/#organization\",\"name\":\"CERIC\",\"url\":\"https:\\\/\\\/ceric.ca\\\/\",\"logo\":{\"@type\":\"ImageObject\",\"inLanguage\":\"fr-FR\",\"@id\":\"https:\\\/\\\/ceric.ca\\\/#\\\/schema\\\/logo\\\/image\\\/\",\"url\":\"\",\"contentUrl\":\"\",\"caption\":\"CERIC\"},\"image\":{\"@id\":\"https:\\\/\\\/ceric.ca\\\/#\\\/schema\\\/logo\\\/image\\\/\"}}]}<\/script>\n<!-- \/ Yoast SEO Premium plugin. -->","yoast_head_json":{"title":"Histoires de transitions : exploration des ant\u00e9c\u00e9dents de carri\u00e8re et des choix de programmes d\u2019\u00e9tudes chez les jeunes adultes - CERIC","robots":{"index":"index","follow":"follow","max-snippet":"max-snippet:-1","max-image-preview":"max-image-preview:large","max-video-preview":"max-video-preview:-1"},"canonical":"https:\/\/ceric.ca\/fr\/projets\/histoires-de-transitions-exploration-des-antecedents-de-carriere-et-des-choix-de-programmes-detudes-chez-les-jeunes-adultes\/","og_locale":"fr_FR","og_type":"article","og_title":"Histoires de transitions : exploration des ant\u00e9c\u00e9dents de carri\u00e8re et des choix de programmes d\u2019\u00e9tudes chez les jeunes adultes","og_description":"[vc_row][vc_column width=\u00a0\u00bb1\/2&Prime;][vc_single_image image=\u00a0\u00bb27116&Prime;][\/vc_column][vc_column width=\u00a0\u00bb1\/2&Prime;][vc_message message_box_color=\u00a0\u00bbalert-success\u00a0\u00bb icon_type=\u00a0\u00bbentypo\u00a0\u00bb icon_entypo=\u00a0\u00bbentypo-icon entypo-icon-progress-3&Prime;]TERMIN\u00c9[\/vc_message][\/vc_column][\/vc_row][vc_row][vc_column][vc_column_text]Ce projet de recherche vise \u00e0 am\u00e9liorer l\u2019\u00e9ducation des conseillers en orientation en initiant un effort pour \u00e9toffer le [\u2026]","og_url":"https:\/\/ceric.ca\/fr\/projets\/histoires-de-transitions-exploration-des-antecedents-de-carriere-et-des-choix-de-programmes-detudes-chez-les-jeunes-adultes\/","og_site_name":"CERIC","article_modified_time":"2022-08-24T15:43:37+00:00","twitter_card":"summary_large_image","twitter_misc":{"Dur\u00e9e de lecture estim\u00e9e":"1 minute"},"schema":{"@context":"https:\/\/schema.org","@graph":[{"@type":"WebPage","@id":"https:\/\/ceric.ca\/fr\/projets\/histoires-de-transitions-exploration-des-antecedents-de-carriere-et-des-choix-de-programmes-detudes-chez-les-jeunes-adultes\/","url":"https:\/\/ceric.ca\/fr\/projets\/histoires-de-transitions-exploration-des-antecedents-de-carriere-et-des-choix-de-programmes-detudes-chez-les-jeunes-adultes\/","name":"Histoires de transitions : exploration des ant\u00e9c\u00e9dents de carri\u00e8re et des choix de programmes d\u2019\u00e9tudes chez les jeunes adultes - CERIC","isPartOf":{"@id":"https:\/\/ceric.ca\/#website"},"datePublished":"2022-04-14T00:06:35+00:00","dateModified":"2022-08-24T15:43:37+00:00","breadcrumb":{"@id":"https:\/\/ceric.ca\/fr\/projets\/histoires-de-transitions-exploration-des-antecedents-de-carriere-et-des-choix-de-programmes-detudes-chez-les-jeunes-adultes\/#breadcrumb"},"inLanguage":"fr-FR","potentialAction":[{"@type":"ReadAction","target":["https:\/\/ceric.ca\/fr\/projets\/histoires-de-transitions-exploration-des-antecedents-de-carriere-et-des-choix-de-programmes-detudes-chez-les-jeunes-adultes\/"]}]},{"@type":"BreadcrumbList","@id":"https:\/\/ceric.ca\/fr\/projets\/histoires-de-transitions-exploration-des-antecedents-de-carriere-et-des-choix-de-programmes-detudes-chez-les-jeunes-adultes\/#breadcrumb","itemListElement":[{"@type":"ListItem","position":1,"name":"Home","item":"https:\/\/ceric.ca\/fr\/ceric-homepage-2025\/"},{"@type":"ListItem","position":2,"name":"Projets","item":"https:\/\/ceric.ca\/fr\/projets\/"},{"@type":"ListItem","position":3,"name":"Histoires de transitions : exploration des ant\u00e9c\u00e9dents de carri\u00e8re et des choix de programmes d\u2019\u00e9tudes chez les jeunes adultes"}]},{"@type":"WebSite","@id":"https:\/\/ceric.ca\/#website","url":"https:\/\/ceric.ca\/","name":"CERIC","description":"","publisher":{"@id":"https:\/\/ceric.ca\/#organization"},"potentialAction":[{"@type":"SearchAction","target":{"@type":"EntryPoint","urlTemplate":"https:\/\/ceric.ca\/?s={search_term_string}"},"query-input":{"@type":"PropertyValueSpecification","valueRequired":true,"valueName":"search_term_string"}}],"inLanguage":"fr-FR"},{"@type":"Organization","@id":"https:\/\/ceric.ca\/#organization","name":"CERIC","url":"https:\/\/ceric.ca\/","logo":{"@type":"ImageObject","inLanguage":"fr-FR","@id":"https:\/\/ceric.ca\/#\/schema\/logo\/image\/","url":"","contentUrl":"","caption":"CERIC"},"image":{"@id":"https:\/\/ceric.ca\/#\/schema\/logo\/image\/"}}]}},"_links":{"self":[{"href":"https:\/\/ceric.ca\/fr\/wp-json\/wp\/v2\/pages\/54451","targetHints":{"allow":["GET"]}}],"collection":[{"href":"https:\/\/ceric.ca\/fr\/wp-json\/wp\/v2\/pages"}],"about":[{"href":"https:\/\/ceric.ca\/fr\/wp-json\/wp\/v2\/types\/page"}],"author":[{"embeddable":true,"href":"https:\/\/ceric.ca\/fr\/wp-json\/wp\/v2\/users\/1"}],"replies":[{"embeddable":true,"href":"https:\/\/ceric.ca\/fr\/wp-json\/wp\/v2\/comments?post=54451"}],"version-history":[{"count":0,"href":"https:\/\/ceric.ca\/fr\/wp-json\/wp\/v2\/pages\/54451\/revisions"}],"up":[{"embeddable":true,"href":"https:\/\/ceric.ca\/fr\/wp-json\/wp\/v2\/pages\/9559"}],"wp:attachment":[{"href":"https:\/\/ceric.ca\/fr\/wp-json\/wp\/v2\/media?parent=54451"}],"curies":[{"name":"wp","href":"https:\/\/api.w.org\/{rel}","templated":true}]}}