{"id":54459,"date":"2022-04-13T20:24:21","date_gmt":"2022-04-14T00:24:21","guid":{"rendered":"https:\/\/ceric.ca\/?page_id=54459"},"modified":"2022-08-24T11:41:16","modified_gmt":"2022-08-24T15:41:16","slug":"un-guide-destine-aux-jeunes-pour-decrocher-un-bon-travail-ou-devenir-leur-propre-patron","status":"publish","type":"page","link":"https:\/\/ceric.ca\/fr\/projets\/un-guide-destine-aux-jeunes-pour-decrocher-un-bon-travail-ou-devenir-leur-propre-patron\/","title":{"rendered":"Un guide destin\u00e9 aux jeunes pour d\u00e9crocher un bon travail ou devenir leur propre patron"},"content":{"rendered":"<div class=\"wpb-content-wrapper\"><p>[vc_row][vc_column width=\u00a0\u00bb1\/2&Prime;][vc_single_image image=\u00a0\u00bb27112&Prime;][\/vc_column][vc_column width=\u00a0\u00bb1\/2&Prime;]<div class=\"wprt-list clearfix icon-left icon-middle\">\r\n\t\t<div style=\"padding:;margin-bottom:10px;background-color:#f8f8f8;\">\r\n\t\t\t<span style=\"padding-left:30px;\"><span class=\"icon \">\r\n\t\t\t<i class=\"typcn typcn-group\" style=\"color:#898989;font-size:20px;\"><\/i>\r\n\t\t<\/span> <span style=\"font-weight:700;\">Partenaire du projet : Youth Employment Service<\/span><\/span>\r\n\t\t<\/div>\r\n\t<\/div><div class=\"wprt-list clearfix icon-left icon-middle\">\r\n\t\t<div style=\"padding:;margin-bottom:10px;background-color:#f8f8f8;\">\r\n\t\t\t<span style=\"padding-left:30px;\"><span class=\"icon \">\r\n\t\t\t<i class=\"typcn typcn-flag\" style=\"color:#898989;font-size:20px;\"><\/i>\r\n\t\t<\/span> <span style=\"font-weight:700;\">Langue : Anglais<\/span><\/span>\r\n\t\t<\/div>\r\n\t<\/div>[vc_message message_box_color=\u00a0\u00bbalert-success\u00a0\u00bb icon_type=\u00a0\u00bbentypo\u00a0\u00bb icon_entypo=\u00a0\u00bbentypo-icon entypo-icon-progress-3&Prime;]<strong>\u00ab\u00a0TERMIN\u00c9<\/strong>[\/vc_message][\/vc_column][\/vc_row][vc_row][vc_column]\r\n\t<div class=\"wprt-spacer clearfix\" data-desktop=\"40\" data-mobi=\"30\" data-smobi=\"30\"><\/div>[vc_column_text]<\/p>\n<div class=\"wpb_text_column wpb_content_element \">\n<div class=\"wpb_wrapper\">\n<p><strong><em>Good WORK!<\/em><\/strong><em>\u00a0Get a GREAT JOB or be your OWN BOSS: a young person\u2019s guide<\/em>\u00a0\u00bb est une excellente ressource pour ceux qui travaillent avec les jeunes.<\/p>\n<p>L\u2019auteure Nancy Schaefer pousse plus loin les propos de son pr\u00e9c\u00e9dent ouvrage Good Job! A Young Person\u2019s Guide To Finding, Landing, and Loving A Job, en ajoutant des conseils et de l\u2019information n\u00e9cessaires \u00e0 un jeune qui d\u00e9marre une entreprise.<\/p>\n<p>Nancy a organis\u00e9 des groupes de r\u00e9flexion avec des jeunes afin de saisir les meilleures pratiques pour d\u00e9crocher un emploi ou d\u00e9marrer une entreprise et table sur les 38 ann\u00e9es d\u2019expertise de YES avec les jeunes.<\/p>\n<p>Good work! fournit des renseignements explicites, pratiques et faciles \u00e0 lire sur la mani\u00e8re d\u2019obtenir un emploi ou de d\u00e9marrer une entreprise. Ce livre est une ressource inestimable pour quiconque travaille avec les jeunes.<\/p>\n<p>Good Work est un nouveau projet du CERIC en partenariat avec\u00a0<a href=\"https:\/\/web.archive.org\/web\/20170929071057\/http:\/\/www.yes.on.ca\/\" target=\"_blank\" rel=\"noopener\">Youth Employment Service<\/a>\u00a0(YES) et Services d\u2019emploi des jeunes.<\/p>\n<\/div>\n<\/div>\n<div class=\"wpb_text_column wpb_content_element \">\n<div class=\"wpb_wrapper\">\n<p><img decoding=\"async\" class=\"alignleft size-full wp-image-7011 lazyloaded\" src=\"https:\/\/web.archive.org\/web\/20210117120356im_\/https:\/\/ceric.org\/wp-content\/uploads\/2014\/05\/gw_french.jpg\" sizes=\"(max-width: 80px) 100vw, 80px\" srcset=\"https:\/\/web.archive.org\/web\/20210117120356im_\/https:\/\/ceric.ca\/wp-content\/uploads\/2014\/05\/gw_french.jpg 80w, https:\/\/web.archive.org\/web\/20210117120356im_\/https:\/\/ceric.ca\/wp-content\/uploads\/2014\/05\/gw_french-78x107.jpg 78w\" alt=\"gw_french\" width=\"80\" height=\"110\" data-ll-status=\"loaded\" \/><br \/>\nAuteur(s): Nancy Schaefer<br \/>\n\u00c9diteur: Septembre \u00e9diteur 2009<br \/>\nISBN: 978-2-89471-348-8<br \/>\n\u00c9dit\u00e9 en association avec:CERIC<br \/>\nPour obtenir votre exemplaire personnel:\u00a0<strong>$24.95<\/strong><br \/>\n<a href=\"http:\/\/www.orientaction.ca\/index.php?option=com_content&amp;view=article&amp;id=254\"><br \/>\n<\/a><\/p>\n<\/div>\n<\/div>\n<div class=\"vc_separator wpb_content_element vc_separator_align_center vc_sep_width_100 vc_sep_pos_align_center vc_separator_no_text vc_sep_color_grey\"><\/div>\n<div class=\"wpb_text_column wpb_content_element \">\n<div class=\"wpb_wrapper\">\n<p><img decoding=\"async\" class=\"alignleft size-full wp-image-7012 lazyloaded\" src=\"https:\/\/web.archive.org\/web\/20210117120356im_\/https:\/\/ceric.org\/wp-content\/uploads\/2014\/05\/gw.jpg\" sizes=\"(max-width: 80px) 100vw, 80px\" srcset=\"https:\/\/web.archive.org\/web\/20210117120356im_\/https:\/\/ceric.ca\/wp-content\/uploads\/2014\/05\/gw.jpg 80w, https:\/\/web.archive.org\/web\/20210117120356im_\/https:\/\/ceric.ca\/wp-content\/uploads\/2014\/05\/gw-78x107.jpg 78w\" alt=\"gw\" width=\"80\" height=\"110\" data-ll-status=\"loaded\" \/><br \/>\nAuteur(s): Nancy Schaefer<br \/>\n\u00c9diteur: CERIC<br \/>\nISBN: 0-9687-8403-8<br \/>\n\u00c9dit\u00e9 en association avec:<br \/>\nYES (Youth Employment Services)<br \/>\nPour obtenir votre exemplaire personnel:\u00a0<strong>$19.95<\/strong><\/p>\n<\/div>\n<\/div>\n<p>[\/vc_column_text][\/vc_column][\/vc_row]<\/p>\n<\/div>","protected":false},"excerpt":{"rendered":"<p>[vc_row][vc_column width=\u00a0\u00bb1\/2&Prime;][vc_single_image image=\u00a0\u00bb27112&Prime;][\/vc_column][vc_column width=\u00a0\u00bb1\/2&Prime;][vc_message message_box_color=\u00a0\u00bbalert-success\u00a0\u00bb icon_type=\u00a0\u00bbentypo\u00a0\u00bb icon_entypo=\u00a0\u00bbentypo-icon entypo-icon-progress-3&Prime;]\u00ab\u00a0TERMIN\u00c9[\/vc_message][\/vc_column][\/vc_row][vc_row][vc_column][vc_column_text] Good WORK!\u00a0Get a GREAT JOB or be your OWN BOSS: a young person\u2019s guide\u00a0\u00bb est une excellente ressource<span class=\"excerpt-hellip\"> [\u2026]<\/span><\/p>\n","protected":false},"author":1,"featured_media":0,"parent":9559,"menu_order":0,"comment_status":"closed","ping_status":"closed","template":"","meta":{"h5ap_radio_sources":[],"footnotes":""},"class_list":["post-54459","page","type-page","status-publish","hentry"],"yoast_head":"<!-- This site is optimized with the Yoast SEO Premium plugin v27.5 (Yoast SEO v27.5) - https:\/\/yoast.com\/product\/yoast-seo-premium-wordpress\/ -->\n<title>Un guide destin\u00e9 aux jeunes pour d\u00e9crocher un bon travail ou devenir leur propre patron - CERIC<\/title>\n<meta name=\"robots\" content=\"index, follow, max-snippet:-1, max-image-preview:large, max-video-preview:-1\" \/>\n<link rel=\"canonical\" href=\"https:\/\/ceric.ca\/fr\/projets\/un-guide-destine-aux-jeunes-pour-decrocher-un-bon-travail-ou-devenir-leur-propre-patron\/\" \/>\n<meta property=\"og:locale\" content=\"fr_FR\" \/>\n<meta property=\"og:type\" content=\"article\" \/>\n<meta property=\"og:title\" content=\"Un guide destin\u00e9 aux jeunes pour d\u00e9crocher un bon travail ou devenir leur propre patron\" \/>\n<meta property=\"og:description\" content=\"[vc_row][vc_column width=\u00a0\u00bb1\/2&Prime;][vc_single_image image=\u00a0\u00bb27112&Prime;][\/vc_column][vc_column width=\u00a0\u00bb1\/2&Prime;][vc_message message_box_color=\u00a0\u00bbalert-success\u00a0\u00bb icon_type=\u00a0\u00bbentypo\u00a0\u00bb icon_entypo=\u00a0\u00bbentypo-icon entypo-icon-progress-3&Prime;]\u00ab\u00a0TERMIN\u00c9[\/vc_message][\/vc_column][\/vc_row][vc_row][vc_column][vc_column_text] Good WORK!\u00a0Get a GREAT JOB or be your OWN BOSS: a young person\u2019s guide\u00a0\u00bb est une excellente ressource [\u2026]\" \/>\n<meta property=\"og:url\" content=\"https:\/\/ceric.ca\/fr\/projets\/un-guide-destine-aux-jeunes-pour-decrocher-un-bon-travail-ou-devenir-leur-propre-patron\/\" \/>\n<meta property=\"og:site_name\" content=\"CERIC\" \/>\n<meta property=\"article:modified_time\" content=\"2022-08-24T15:41:16+00:00\" \/>\n<meta property=\"og:image\" content=\"https:\/\/web.archive.org\/web\/20210117120356im_\/https:\/\/ceric.org\/wp-content\/uploads\/2014\/05\/gw_french.jpg\" \/>\n<meta name=\"twitter:card\" content=\"summary_large_image\" \/>\n<meta name=\"twitter:label1\" content=\"Dur\u00e9e de lecture estim\u00e9e\" \/>\n\t<meta name=\"twitter:data1\" content=\"2 minutes\" \/>\n<script type=\"application\/ld+json\" class=\"yoast-schema-graph\">{\"@context\":\"https:\\\/\\\/schema.org\",\"@graph\":[{\"@type\":\"WebPage\",\"@id\":\"https:\\\/\\\/ceric.ca\\\/fr\\\/projets\\\/un-guide-destine-aux-jeunes-pour-decrocher-un-bon-travail-ou-devenir-leur-propre-patron\\\/\",\"url\":\"https:\\\/\\\/ceric.ca\\\/fr\\\/projets\\\/un-guide-destine-aux-jeunes-pour-decrocher-un-bon-travail-ou-devenir-leur-propre-patron\\\/\",\"name\":\"Un guide destin\u00e9 aux jeunes pour d\u00e9crocher un bon travail ou devenir leur propre patron - CERIC\",\"isPartOf\":{\"@id\":\"https:\\\/\\\/ceric.ca\\\/#website\"},\"primaryImageOfPage\":{\"@id\":\"https:\\\/\\\/ceric.ca\\\/fr\\\/projets\\\/un-guide-destine-aux-jeunes-pour-decrocher-un-bon-travail-ou-devenir-leur-propre-patron\\\/#primaryimage\"},\"image\":{\"@id\":\"https:\\\/\\\/ceric.ca\\\/fr\\\/projets\\\/un-guide-destine-aux-jeunes-pour-decrocher-un-bon-travail-ou-devenir-leur-propre-patron\\\/#primaryimage\"},\"thumbnailUrl\":\"https:\\\/\\\/web.archive.org\\\/web\\\/20210117120356im_\\\/https:\\\/\\\/ceric.org\\\/wp-content\\\/uploads\\\/2014\\\/05\\\/gw_french.jpg\",\"datePublished\":\"2022-04-14T00:24:21+00:00\",\"dateModified\":\"2022-08-24T15:41:16+00:00\",\"breadcrumb\":{\"@id\":\"https:\\\/\\\/ceric.ca\\\/fr\\\/projets\\\/un-guide-destine-aux-jeunes-pour-decrocher-un-bon-travail-ou-devenir-leur-propre-patron\\\/#breadcrumb\"},\"inLanguage\":\"fr-FR\",\"potentialAction\":[{\"@type\":\"ReadAction\",\"target\":[\"https:\\\/\\\/ceric.ca\\\/fr\\\/projets\\\/un-guide-destine-aux-jeunes-pour-decrocher-un-bon-travail-ou-devenir-leur-propre-patron\\\/\"]}]},{\"@type\":\"ImageObject\",\"inLanguage\":\"fr-FR\",\"@id\":\"https:\\\/\\\/ceric.ca\\\/fr\\\/projets\\\/un-guide-destine-aux-jeunes-pour-decrocher-un-bon-travail-ou-devenir-leur-propre-patron\\\/#primaryimage\",\"url\":\"https:\\\/\\\/web.archive.org\\\/web\\\/20210117120356im_\\\/https:\\\/\\\/ceric.org\\\/wp-content\\\/uploads\\\/2014\\\/05\\\/gw_french.jpg\",\"contentUrl\":\"https:\\\/\\\/web.archive.org\\\/web\\\/20210117120356im_\\\/https:\\\/\\\/ceric.org\\\/wp-content\\\/uploads\\\/2014\\\/05\\\/gw_french.jpg\"},{\"@type\":\"BreadcrumbList\",\"@id\":\"https:\\\/\\\/ceric.ca\\\/fr\\\/projets\\\/un-guide-destine-aux-jeunes-pour-decrocher-un-bon-travail-ou-devenir-leur-propre-patron\\\/#breadcrumb\",\"itemListElement\":[{\"@type\":\"ListItem\",\"position\":1,\"name\":\"Home\",\"item\":\"https:\\\/\\\/ceric.ca\\\/fr\\\/ceric-homepage-2025\\\/\"},{\"@type\":\"ListItem\",\"position\":2,\"name\":\"Projets\",\"item\":\"https:\\\/\\\/ceric.ca\\\/fr\\\/projets\\\/\"},{\"@type\":\"ListItem\",\"position\":3,\"name\":\"Un guide destin\u00e9 aux jeunes pour d\u00e9crocher un bon travail ou devenir leur propre patron\"}]},{\"@type\":\"WebSite\",\"@id\":\"https:\\\/\\\/ceric.ca\\\/#website\",\"url\":\"https:\\\/\\\/ceric.ca\\\/\",\"name\":\"CERIC\",\"description\":\"\",\"publisher\":{\"@id\":\"https:\\\/\\\/ceric.ca\\\/#organization\"},\"potentialAction\":[{\"@type\":\"SearchAction\",\"target\":{\"@type\":\"EntryPoint\",\"urlTemplate\":\"https:\\\/\\\/ceric.ca\\\/?s={search_term_string}\"},\"query-input\":{\"@type\":\"PropertyValueSpecification\",\"valueRequired\":true,\"valueName\":\"search_term_string\"}}],\"inLanguage\":\"fr-FR\"},{\"@type\":\"Organization\",\"@id\":\"https:\\\/\\\/ceric.ca\\\/#organization\",\"name\":\"CERIC\",\"url\":\"https:\\\/\\\/ceric.ca\\\/\",\"logo\":{\"@type\":\"ImageObject\",\"inLanguage\":\"fr-FR\",\"@id\":\"https:\\\/\\\/ceric.ca\\\/#\\\/schema\\\/logo\\\/image\\\/\",\"url\":\"\",\"contentUrl\":\"\",\"caption\":\"CERIC\"},\"image\":{\"@id\":\"https:\\\/\\\/ceric.ca\\\/#\\\/schema\\\/logo\\\/image\\\/\"}}]}<\/script>\n<!-- \/ Yoast SEO Premium plugin. -->","yoast_head_json":{"title":"Un guide destin\u00e9 aux jeunes pour d\u00e9crocher un bon travail ou devenir leur propre patron - CERIC","robots":{"index":"index","follow":"follow","max-snippet":"max-snippet:-1","max-image-preview":"max-image-preview:large","max-video-preview":"max-video-preview:-1"},"canonical":"https:\/\/ceric.ca\/fr\/projets\/un-guide-destine-aux-jeunes-pour-decrocher-un-bon-travail-ou-devenir-leur-propre-patron\/","og_locale":"fr_FR","og_type":"article","og_title":"Un guide destin\u00e9 aux jeunes pour d\u00e9crocher un bon travail ou devenir leur propre patron","og_description":"[vc_row][vc_column width=\u00a0\u00bb1\/2&Prime;][vc_single_image image=\u00a0\u00bb27112&Prime;][\/vc_column][vc_column width=\u00a0\u00bb1\/2&Prime;][vc_message message_box_color=\u00a0\u00bbalert-success\u00a0\u00bb icon_type=\u00a0\u00bbentypo\u00a0\u00bb icon_entypo=\u00a0\u00bbentypo-icon entypo-icon-progress-3&Prime;]\u00ab\u00a0TERMIN\u00c9[\/vc_message][\/vc_column][\/vc_row][vc_row][vc_column][vc_column_text] Good WORK!\u00a0Get a GREAT JOB or be your OWN BOSS: a young person\u2019s guide\u00a0\u00bb est une excellente ressource [\u2026]","og_url":"https:\/\/ceric.ca\/fr\/projets\/un-guide-destine-aux-jeunes-pour-decrocher-un-bon-travail-ou-devenir-leur-propre-patron\/","og_site_name":"CERIC","article_modified_time":"2022-08-24T15:41:16+00:00","og_image":[{"url":"https:\/\/web.archive.org\/web\/20210117120356im_\/https:\/\/ceric.org\/wp-content\/uploads\/2014\/05\/gw_french.jpg","type":"","width":"","height":""}],"twitter_card":"summary_large_image","twitter_misc":{"Dur\u00e9e de lecture estim\u00e9e":"2 minutes"},"schema":{"@context":"https:\/\/schema.org","@graph":[{"@type":"WebPage","@id":"https:\/\/ceric.ca\/fr\/projets\/un-guide-destine-aux-jeunes-pour-decrocher-un-bon-travail-ou-devenir-leur-propre-patron\/","url":"https:\/\/ceric.ca\/fr\/projets\/un-guide-destine-aux-jeunes-pour-decrocher-un-bon-travail-ou-devenir-leur-propre-patron\/","name":"Un guide destin\u00e9 aux jeunes pour d\u00e9crocher un bon travail ou devenir leur propre patron - CERIC","isPartOf":{"@id":"https:\/\/ceric.ca\/#website"},"primaryImageOfPage":{"@id":"https:\/\/ceric.ca\/fr\/projets\/un-guide-destine-aux-jeunes-pour-decrocher-un-bon-travail-ou-devenir-leur-propre-patron\/#primaryimage"},"image":{"@id":"https:\/\/ceric.ca\/fr\/projets\/un-guide-destine-aux-jeunes-pour-decrocher-un-bon-travail-ou-devenir-leur-propre-patron\/#primaryimage"},"thumbnailUrl":"https:\/\/web.archive.org\/web\/20210117120356im_\/https:\/\/ceric.org\/wp-content\/uploads\/2014\/05\/gw_french.jpg","datePublished":"2022-04-14T00:24:21+00:00","dateModified":"2022-08-24T15:41:16+00:00","breadcrumb":{"@id":"https:\/\/ceric.ca\/fr\/projets\/un-guide-destine-aux-jeunes-pour-decrocher-un-bon-travail-ou-devenir-leur-propre-patron\/#breadcrumb"},"inLanguage":"fr-FR","potentialAction":[{"@type":"ReadAction","target":["https:\/\/ceric.ca\/fr\/projets\/un-guide-destine-aux-jeunes-pour-decrocher-un-bon-travail-ou-devenir-leur-propre-patron\/"]}]},{"@type":"ImageObject","inLanguage":"fr-FR","@id":"https:\/\/ceric.ca\/fr\/projets\/un-guide-destine-aux-jeunes-pour-decrocher-un-bon-travail-ou-devenir-leur-propre-patron\/#primaryimage","url":"https:\/\/web.archive.org\/web\/20210117120356im_\/https:\/\/ceric.org\/wp-content\/uploads\/2014\/05\/gw_french.jpg","contentUrl":"https:\/\/web.archive.org\/web\/20210117120356im_\/https:\/\/ceric.org\/wp-content\/uploads\/2014\/05\/gw_french.jpg"},{"@type":"BreadcrumbList","@id":"https:\/\/ceric.ca\/fr\/projets\/un-guide-destine-aux-jeunes-pour-decrocher-un-bon-travail-ou-devenir-leur-propre-patron\/#breadcrumb","itemListElement":[{"@type":"ListItem","position":1,"name":"Home","item":"https:\/\/ceric.ca\/fr\/ceric-homepage-2025\/"},{"@type":"ListItem","position":2,"name":"Projets","item":"https:\/\/ceric.ca\/fr\/projets\/"},{"@type":"ListItem","position":3,"name":"Un guide destin\u00e9 aux jeunes pour d\u00e9crocher un bon travail ou devenir leur propre patron"}]},{"@type":"WebSite","@id":"https:\/\/ceric.ca\/#website","url":"https:\/\/ceric.ca\/","name":"CERIC","description":"","publisher":{"@id":"https:\/\/ceric.ca\/#organization"},"potentialAction":[{"@type":"SearchAction","target":{"@type":"EntryPoint","urlTemplate":"https:\/\/ceric.ca\/?s={search_term_string}"},"query-input":{"@type":"PropertyValueSpecification","valueRequired":true,"valueName":"search_term_string"}}],"inLanguage":"fr-FR"},{"@type":"Organization","@id":"https:\/\/ceric.ca\/#organization","name":"CERIC","url":"https:\/\/ceric.ca\/","logo":{"@type":"ImageObject","inLanguage":"fr-FR","@id":"https:\/\/ceric.ca\/#\/schema\/logo\/image\/","url":"","contentUrl":"","caption":"CERIC"},"image":{"@id":"https:\/\/ceric.ca\/#\/schema\/logo\/image\/"}}]}},"_links":{"self":[{"href":"https:\/\/ceric.ca\/fr\/wp-json\/wp\/v2\/pages\/54459","targetHints":{"allow":["GET"]}}],"collection":[{"href":"https:\/\/ceric.ca\/fr\/wp-json\/wp\/v2\/pages"}],"about":[{"href":"https:\/\/ceric.ca\/fr\/wp-json\/wp\/v2\/types\/page"}],"author":[{"embeddable":true,"href":"https:\/\/ceric.ca\/fr\/wp-json\/wp\/v2\/users\/1"}],"replies":[{"embeddable":true,"href":"https:\/\/ceric.ca\/fr\/wp-json\/wp\/v2\/comments?post=54459"}],"version-history":[{"count":0,"href":"https:\/\/ceric.ca\/fr\/wp-json\/wp\/v2\/pages\/54459\/revisions"}],"up":[{"embeddable":true,"href":"https:\/\/ceric.ca\/fr\/wp-json\/wp\/v2\/pages\/9559"}],"wp:attachment":[{"href":"https:\/\/ceric.ca\/fr\/wp-json\/wp\/v2\/media?parent=54459"}],"curies":[{"name":"wp","href":"https:\/\/api.w.org\/{rel}","templated":true}]}}