{"id":54752,"date":"2022-06-13T18:09:46","date_gmt":"2022-06-13T22:09:46","guid":{"rendered":"https:\/\/ceric.ca\/?page_id=54752"},"modified":"2022-06-28T09:06:35","modified_gmt":"2022-06-28T13:06:35","slug":"printemps-ete-2022","status":"publish","type":"page","link":"https:\/\/ceric.ca\/fr\/magazine-careering\/printemps-ete-2022\/","title":{"rendered":"Printemps-\u00e9t\u00e9 2022"},"content":{"rendered":"<div class=\"wpb-content-wrapper\"><p>[vc_row][vc_column width=\u00a0\u00bb1\/2&Prime;][vc_single_image image=\u00a0\u00bb55399&Prime; onclick=\u00a0\u00bbcustom_link\u00a0\u00bb img_link_target=\u00a0\u00bb_blank\u00a0\u00bb link=\u00a0\u00bbhttps:\/\/www.careeringmagazine-digital.com\/ceric\/0222_spring_summer_2022\/MobilePagedReplica.action?pm=2&amp;folio=1#pg1&Prime;][\/vc_column][vc_column width=\u00a0\u00bb1\/2&Prime;]<div class=\"wprt-content-box clearfix \" data-margin=\"\" data-mobimargin=\"\">\r\n\t\t<div class=\"inner\" style=\"\">\r\n\t\t\t<p>[vc_column_text]<\/p>\n<h2><strong>Printemps-\u00e9t\u00e9 2022:<br \/>\nLa profonde dissociation affectant les carri\u00e8res<\/strong><\/h2>\n<p>[\/vc_column_text]<\/p>\n\r\n\t\t<\/div>\r\n\t<\/div>\r\n\t<div class=\"wprt-spacer clearfix\" data-desktop=\"40\" data-mobi=\"25\" data-smobi=\"0\"><\/div><div class=\"button-wrap icon-right has-icon\" style=\"\"><a href=\"https:\/\/www.tfaforms.com\/4723756\" target=\"_blank\" class=\"wprt-button big solid accent\" style=\"border-radius:10px;\">\r\n\t\t<span style=\"\">INSCRIVEZ-VOUS AU MAGAZINE CAREERING <span class=\"icon\" style=\"\"><i class=\"fa fa-envelope-open-o\"><\/i><\/span><\/span>\r\n\t<\/a><\/div><div class=\"wprt-content-box clearfix \" data-margin=\"\" data-mobimargin=\"\">\r\n\t\t<div class=\"inner\" style=\"\">\r\n\t\t\t<p>[vc_column_text]<\/p>\n<div class=\"wprt-content-box clearfix \" data-margin=\"\" data-mobimargin=\"\">\n<div class=\"inner\">\n<div class=\"wpb_text_column wpb_content_element \">\n<div class=\"wpb_wrapper\">\n<p>(Ainsi qu\u2019aux autres publications du CERIC.)<\/p>\n<\/div>\n<\/div>\n<\/div>\n<\/div>\n<p>[\/vc_column_text]<\/p>\n\r\n\t\t<\/div>\r\n\t<\/div>\r\n\t<div class=\"wprt-spacer clearfix\" data-desktop=\"40\" data-mobi=\"25\" data-smobi=\"0\"><\/div>[vc_column_text]<strong>Cliquez sur l\u2019image ci-contre pour consulter la version en ligne du magazine <em>Careering<\/em>.<\/strong><\/p>\n<p>[\/vc_column_text]\r\n\t<div class=\"wprt-spacer clearfix\" data-desktop=\"40\" data-mobi=\"25\" data-smobi=\"0\"><\/div>[\/vc_column][\/vc_row][vc_row][vc_column]\r\n\t<div class=\"wprt-spacer clearfix\" data-desktop=\"50\" data-mobi=\"35\" data-smobi=\"0\"><\/div>[\/vc_column][\/vc_row][vc_row][vc_column][vc_tta_tabs][vc_tta_section title=\u00a0\u00bbARTICLES\u00a0\u00bb tab_id=\u00a0\u00bb1529440522245-b517b9d9-ac60&Prime;][vc_basic_grid post_type=\u00a0\u00bbpost\u00a0\u00bb max_items=\u00a0\u00bb30&Prime; element_width=\u00a0\u00bb6&Prime; item=\u00a0\u00bb29050&Prime; grid_id=\u00a0\u00bbvc_gid:1656421463531-bf466a58-d068-4&Prime; taxonomies=\u00a0\u00bb1077&Prime;][\/vc_tta_section][\/vc_tta_tabs]\r\n\t<div class=\"wprt-spacer clearfix\" data-desktop=\"35\" data-mobi=\"25\" data-smobi=\"0\"><\/div><div class=\"wprt-content-box clearfix \" data-margin=\"\" data-mobimargin=\"\">\r\n\t\t<div class=\"inner\" style=\"\">\r\n\t\t\t<div class=\"wprt-spacer clearfix\" data-desktop=\"0\" data-mobi=\"0\" data-smobi=\"0\"><\/div>[vc_column_text]<\/p>\n<p class=\"p1\"><em>Le CERIC sollicite vos id\u00e9es d\u2019articles pour le num\u00e9ro d\u2019automne\u00a02022 du magazine <\/em>Careering<em>, qui portera sur le th\u00e8me de \u00ab\u00a0la reprise, de la r\u00e9flexion et de la r\u00e9silience\u00a0\u00bb. Les articles de ce num\u00e9ro seront publi\u00e9s sur <a href=\"https:\/\/ceric.ca\/fr\/magazine-careering\/\" target=\"_blank\" rel=\"noopener\" data-cke-saved-href=\"https:\/\/ceric.ca\/fr\/magazine-careering\/\">ceric.ca\/fr\/magazine-careering<\/a>.<\/em><\/p>\n<p><em>Voici quelques sujets possibles\u00a0:<\/em><\/p>\n<ul>\n<li><em>Conseils pratiques en mati\u00e8re de bien-\u00eatre pour les organisations et les particuliers<\/em><\/li>\n<li><em>Renforcer sa r\u00e9silience afin de pouvoir relever les d\u00e9fis actuels et futurs<\/em><\/li>\n<li><em>Fatigue de compassion<\/em><\/li>\n<li><em>G\u00e9rer les obstacles au d\u00e9veloppement de carri\u00e8re<\/em><\/li>\n<li><em>Comment diriger ses employ\u00e9s dans la \u00ab\u00a0nouvelle normalit\u00e9\u00a0\u00bb<\/em><\/li>\n<li><em>Travail hybride (pour les clients et dans le domaine de la carri\u00e8re)<\/em><\/li>\n<li><em>D\u00e9veloppement de carri\u00e8re qui tient compte des traumatismes<\/em><\/li>\n<\/ul>\n<p><em>Veuillez nous envoyer un texte d\u2019un ou deux paragraphes qui d\u00e9crit votre id\u00e9e et les points que vous pensez d\u00e9velopper dans votre article. Veuillez prendre connaissance de nos <a href=\"https:\/\/ceric.ca\/fr\/directives-sur-la-presentation-darticles-pour-le-magazine-careering\/\" target=\"_blank\" rel=\"noopener\" data-cke-saved-href=\"https:\/\/ceric.ca\/fr\/directives-sur-la-presentation-darticles-pour-le-magazine-careering\/\">directives sur la pr\u00e9sentation d\u2019articles<\/a> et envoyer votre id\u00e9e d\u2019article \u00e0 l\u2019adresse <a href=\"mailto:lindsay@ceric.ca\" target=\"_blank\" rel=\"noopener\" data-cke-saved-href=\"mailto:lindsay@ceric.ca\">lindsay@ceric.ca<\/a> au plus tard le <strong>13 juillet<\/strong>. Les nouveaux auteurs sont les bienvenus!\u00a0Vous pouvez nous soumettre votre article en anglais, en fran\u00e7ais ou dans les deux langues.<\/em>[\/vc_column_text]\r\n\t<div class=\"wprt-spacer clearfix\" data-desktop=\"25\" data-mobi=\"15\" data-smobi=\"0\"><\/div>[vc_column_text]<em>Les opinions exprim\u00e9es par les contributeurs ne sont pas n\u00e9cessairement celles du CERIC. La mention des programmes, services, produits et initiatives ne constitue pas une approbation de ces \u00e9l\u00e9ments.<\/em>[\/vc_column_text]<\/p>\n\r\n\t\t<\/div>\r\n\t<\/div>[\/vc_column][\/vc_row]<\/p>\n<\/div>","protected":false},"excerpt":{"rendered":"<p>[vc_row][vc_column width=\u00a0\u00bb1\/2&Prime;][vc_single_image image=\u00a0\u00bb55399&Prime; onclick=\u00a0\u00bbcustom_link\u00a0\u00bb img_link_target=\u00a0\u00bb_blank\u00a0\u00bb link=\u00a0\u00bbhttps:\/\/www.careeringmagazine-digital.com\/ceric\/0222_spring_summer_2022\/MobilePagedReplica.action?pm=2&amp;folio=1#pg1&Prime;][\/vc_column][vc_column width=\u00a0\u00bb1\/2&Prime;][vc_column_text]Cliquez sur l\u2019image ci-contre pour consulter la version en ligne du magazine Careering. [\/vc_column_text][\/vc_column][\/vc_row][vc_row][vc_column][\/vc_column][\/vc_row][vc_row][vc_column][vc_tta_tabs][vc_tta_section title=\u00a0\u00bbARTICLES\u00a0\u00bb tab_id=\u00a0\u00bb1529440522245-b517b9d9-ac60&Prime;][vc_basic_grid post_type=\u00a0\u00bbpost\u00a0\u00bb max_items=\u00a0\u00bb30&Prime; element_width=\u00a0\u00bb6&Prime; item=\u00a0\u00bb29050&Prime;<span class=\"excerpt-hellip\"> [\u2026]<\/span><\/p>\n","protected":false},"author":21,"featured_media":0,"parent":29190,"menu_order":0,"comment_status":"closed","ping_status":"closed","template":"","meta":{"h5ap_radio_sources":[],"footnotes":""},"class_list":["post-54752","page","type-page","status-publish","hentry"],"yoast_head":"<!-- This site is optimized with the Yoast SEO Premium plugin v27.5 (Yoast SEO v27.5) - https:\/\/yoast.com\/product\/yoast-seo-premium-wordpress\/ -->\n<title>Printemps-\u00e9t\u00e9 2022 - CERIC<\/title>\n<meta name=\"robots\" content=\"index, follow, max-snippet:-1, max-image-preview:large, max-video-preview:-1\" \/>\n<link rel=\"canonical\" href=\"https:\/\/ceric.ca\/fr\/magazine-careering\/printemps-ete-2022\/\" \/>\n<meta property=\"og:locale\" content=\"fr_FR\" \/>\n<meta property=\"og:type\" content=\"article\" \/>\n<meta property=\"og:title\" content=\"Printemps-\u00e9t\u00e9 2022\" \/>\n<meta property=\"og:description\" content=\"[vc_row][vc_column width=\u00a0\u00bb1\/2&Prime;][vc_single_image image=\u00a0\u00bb55399&Prime; onclick=\u00a0\u00bbcustom_link\u00a0\u00bb img_link_target=\u00a0\u00bb_blank\u00a0\u00bb link=\u00a0\u00bbhttps:\/\/www.careeringmagazine-digital.com\/ceric\/0222_spring_summer_2022\/MobilePagedReplica.action?pm=2&amp;folio=1#pg1&Prime;][\/vc_column][vc_column width=\u00a0\u00bb1\/2&Prime;][vc_column_text]Cliquez sur l\u2019image ci-contre pour consulter la version en ligne du magazine Careering. [\/vc_column_text][\/vc_column][\/vc_row][vc_row][vc_column][\/vc_column][\/vc_row][vc_row][vc_column][vc_tta_tabs][vc_tta_section title=\u00a0\u00bbARTICLES\u00a0\u00bb tab_id=\u00a0\u00bb1529440522245-b517b9d9-ac60&Prime;][vc_basic_grid post_type=\u00a0\u00bbpost\u00a0\u00bb max_items=\u00a0\u00bb30&Prime; element_width=\u00a0\u00bb6&Prime; item=\u00a0\u00bb29050&Prime; [\u2026]\" \/>\n<meta property=\"og:url\" content=\"https:\/\/ceric.ca\/fr\/magazine-careering\/printemps-ete-2022\/\" \/>\n<meta property=\"og:site_name\" content=\"CERIC\" \/>\n<meta property=\"article:modified_time\" content=\"2022-06-28T13:06:35+00:00\" \/>\n<meta name=\"twitter:card\" content=\"summary_large_image\" \/>\n<meta name=\"twitter:label1\" content=\"Dur\u00e9e de lecture estim\u00e9e\" \/>\n\t<meta name=\"twitter:data1\" content=\"1 minute\" \/>\n<script type=\"application\/ld+json\" class=\"yoast-schema-graph\">{\"@context\":\"https:\\\/\\\/schema.org\",\"@graph\":[{\"@type\":\"WebPage\",\"@id\":\"https:\\\/\\\/ceric.ca\\\/fr\\\/magazine-careering\\\/printemps-ete-2022\\\/\",\"url\":\"https:\\\/\\\/ceric.ca\\\/fr\\\/magazine-careering\\\/printemps-ete-2022\\\/\",\"name\":\"Printemps-\u00e9t\u00e9 2022 - CERIC\",\"isPartOf\":{\"@id\":\"https:\\\/\\\/ceric.ca\\\/#website\"},\"datePublished\":\"2022-06-13T22:09:46+00:00\",\"dateModified\":\"2022-06-28T13:06:35+00:00\",\"breadcrumb\":{\"@id\":\"https:\\\/\\\/ceric.ca\\\/fr\\\/magazine-careering\\\/printemps-ete-2022\\\/#breadcrumb\"},\"inLanguage\":\"fr-FR\",\"potentialAction\":[{\"@type\":\"ReadAction\",\"target\":[\"https:\\\/\\\/ceric.ca\\\/fr\\\/magazine-careering\\\/printemps-ete-2022\\\/\"]}]},{\"@type\":\"BreadcrumbList\",\"@id\":\"https:\\\/\\\/ceric.ca\\\/fr\\\/magazine-careering\\\/printemps-ete-2022\\\/#breadcrumb\",\"itemListElement\":[{\"@type\":\"ListItem\",\"position\":1,\"name\":\"Home\",\"item\":\"https:\\\/\\\/ceric.ca\\\/fr\\\/ceric-homepage-2025\\\/\"},{\"@type\":\"ListItem\",\"position\":2,\"name\":\"Magazine Careering\",\"item\":\"https:\\\/\\\/ceric.ca\\\/fr\\\/magazine-careering\\\/\"},{\"@type\":\"ListItem\",\"position\":3,\"name\":\"Printemps-\u00e9t\u00e9 2022\"}]},{\"@type\":\"WebSite\",\"@id\":\"https:\\\/\\\/ceric.ca\\\/#website\",\"url\":\"https:\\\/\\\/ceric.ca\\\/\",\"name\":\"CERIC\",\"description\":\"\",\"publisher\":{\"@id\":\"https:\\\/\\\/ceric.ca\\\/#organization\"},\"potentialAction\":[{\"@type\":\"SearchAction\",\"target\":{\"@type\":\"EntryPoint\",\"urlTemplate\":\"https:\\\/\\\/ceric.ca\\\/?s={search_term_string}\"},\"query-input\":{\"@type\":\"PropertyValueSpecification\",\"valueRequired\":true,\"valueName\":\"search_term_string\"}}],\"inLanguage\":\"fr-FR\"},{\"@type\":\"Organization\",\"@id\":\"https:\\\/\\\/ceric.ca\\\/#organization\",\"name\":\"CERIC\",\"url\":\"https:\\\/\\\/ceric.ca\\\/\",\"logo\":{\"@type\":\"ImageObject\",\"inLanguage\":\"fr-FR\",\"@id\":\"https:\\\/\\\/ceric.ca\\\/#\\\/schema\\\/logo\\\/image\\\/\",\"url\":\"\",\"contentUrl\":\"\",\"caption\":\"CERIC\"},\"image\":{\"@id\":\"https:\\\/\\\/ceric.ca\\\/#\\\/schema\\\/logo\\\/image\\\/\"}}]}<\/script>\n<!-- \/ Yoast SEO Premium plugin. -->","yoast_head_json":{"title":"Printemps-\u00e9t\u00e9 2022 - CERIC","robots":{"index":"index","follow":"follow","max-snippet":"max-snippet:-1","max-image-preview":"max-image-preview:large","max-video-preview":"max-video-preview:-1"},"canonical":"https:\/\/ceric.ca\/fr\/magazine-careering\/printemps-ete-2022\/","og_locale":"fr_FR","og_type":"article","og_title":"Printemps-\u00e9t\u00e9 2022","og_description":"[vc_row][vc_column width=\u00a0\u00bb1\/2&Prime;][vc_single_image image=\u00a0\u00bb55399&Prime; onclick=\u00a0\u00bbcustom_link\u00a0\u00bb img_link_target=\u00a0\u00bb_blank\u00a0\u00bb link=\u00a0\u00bbhttps:\/\/www.careeringmagazine-digital.com\/ceric\/0222_spring_summer_2022\/MobilePagedReplica.action?pm=2&amp;folio=1#pg1&Prime;][\/vc_column][vc_column width=\u00a0\u00bb1\/2&Prime;][vc_column_text]Cliquez sur l\u2019image ci-contre pour consulter la version en ligne du magazine Careering. [\/vc_column_text][\/vc_column][\/vc_row][vc_row][vc_column][\/vc_column][\/vc_row][vc_row][vc_column][vc_tta_tabs][vc_tta_section title=\u00a0\u00bbARTICLES\u00a0\u00bb tab_id=\u00a0\u00bb1529440522245-b517b9d9-ac60&Prime;][vc_basic_grid post_type=\u00a0\u00bbpost\u00a0\u00bb max_items=\u00a0\u00bb30&Prime; element_width=\u00a0\u00bb6&Prime; item=\u00a0\u00bb29050&Prime; [\u2026]","og_url":"https:\/\/ceric.ca\/fr\/magazine-careering\/printemps-ete-2022\/","og_site_name":"CERIC","article_modified_time":"2022-06-28T13:06:35+00:00","twitter_card":"summary_large_image","twitter_misc":{"Dur\u00e9e de lecture estim\u00e9e":"1 minute"},"schema":{"@context":"https:\/\/schema.org","@graph":[{"@type":"WebPage","@id":"https:\/\/ceric.ca\/fr\/magazine-careering\/printemps-ete-2022\/","url":"https:\/\/ceric.ca\/fr\/magazine-careering\/printemps-ete-2022\/","name":"Printemps-\u00e9t\u00e9 2022 - CERIC","isPartOf":{"@id":"https:\/\/ceric.ca\/#website"},"datePublished":"2022-06-13T22:09:46+00:00","dateModified":"2022-06-28T13:06:35+00:00","breadcrumb":{"@id":"https:\/\/ceric.ca\/fr\/magazine-careering\/printemps-ete-2022\/#breadcrumb"},"inLanguage":"fr-FR","potentialAction":[{"@type":"ReadAction","target":["https:\/\/ceric.ca\/fr\/magazine-careering\/printemps-ete-2022\/"]}]},{"@type":"BreadcrumbList","@id":"https:\/\/ceric.ca\/fr\/magazine-careering\/printemps-ete-2022\/#breadcrumb","itemListElement":[{"@type":"ListItem","position":1,"name":"Home","item":"https:\/\/ceric.ca\/fr\/ceric-homepage-2025\/"},{"@type":"ListItem","position":2,"name":"Magazine Careering","item":"https:\/\/ceric.ca\/fr\/magazine-careering\/"},{"@type":"ListItem","position":3,"name":"Printemps-\u00e9t\u00e9 2022"}]},{"@type":"WebSite","@id":"https:\/\/ceric.ca\/#website","url":"https:\/\/ceric.ca\/","name":"CERIC","description":"","publisher":{"@id":"https:\/\/ceric.ca\/#organization"},"potentialAction":[{"@type":"SearchAction","target":{"@type":"EntryPoint","urlTemplate":"https:\/\/ceric.ca\/?s={search_term_string}"},"query-input":{"@type":"PropertyValueSpecification","valueRequired":true,"valueName":"search_term_string"}}],"inLanguage":"fr-FR"},{"@type":"Organization","@id":"https:\/\/ceric.ca\/#organization","name":"CERIC","url":"https:\/\/ceric.ca\/","logo":{"@type":"ImageObject","inLanguage":"fr-FR","@id":"https:\/\/ceric.ca\/#\/schema\/logo\/image\/","url":"","contentUrl":"","caption":"CERIC"},"image":{"@id":"https:\/\/ceric.ca\/#\/schema\/logo\/image\/"}}]}},"_links":{"self":[{"href":"https:\/\/ceric.ca\/fr\/wp-json\/wp\/v2\/pages\/54752","targetHints":{"allow":["GET"]}}],"collection":[{"href":"https:\/\/ceric.ca\/fr\/wp-json\/wp\/v2\/pages"}],"about":[{"href":"https:\/\/ceric.ca\/fr\/wp-json\/wp\/v2\/types\/page"}],"author":[{"embeddable":true,"href":"https:\/\/ceric.ca\/fr\/wp-json\/wp\/v2\/users\/21"}],"replies":[{"embeddable":true,"href":"https:\/\/ceric.ca\/fr\/wp-json\/wp\/v2\/comments?post=54752"}],"version-history":[{"count":0,"href":"https:\/\/ceric.ca\/fr\/wp-json\/wp\/v2\/pages\/54752\/revisions"}],"up":[{"embeddable":true,"href":"https:\/\/ceric.ca\/fr\/wp-json\/wp\/v2\/pages\/29190"}],"wp:attachment":[{"href":"https:\/\/ceric.ca\/fr\/wp-json\/wp\/v2\/media?parent=54752"}],"curies":[{"name":"wp","href":"https:\/\/api.w.org\/{rel}","templated":true}]}}