{"id":55987,"date":"2022-07-28T12:08:18","date_gmt":"2022-07-28T16:08:18","guid":{"rendered":"https:\/\/ceric.ca\/?page_id=55987"},"modified":"2022-07-28T17:13:29","modified_gmt":"2022-07-28T21:13:29","slug":"sondage-sur-le-contenu-et-lapprentissage-aupres-des-professionnels-en-developpement-de-carriere","status":"publish","type":"page","link":"https:\/\/ceric.ca\/fr\/sondages\/sondage-sur-le-contenu-et-lapprentissage-aupres-des-professionnels-en-developpement-de-carriere\/","title":{"rendered":"Sondage sur le contenu et l&rsquo;apprentissage aupr\u00e8s des professionnels en d\u00e9veloppement de carri\u00e8re"},"content":{"rendered":"<div class=\"wpb-content-wrapper\"><p>[vc_row][vc_column width=\u00a0\u00bb3\/4&Prime;][vc_column_text]Ce sondage, men\u00e9 par le CERIC au printemps 2022, visait \u00e0 comprendre les besoins, les comportements et les pr\u00e9f\u00e9rences en mati\u00e8re d&rsquo;apprentissage des professionnels du d\u00e9veloppement de carri\u00e8re au Canada.[\/vc_column_text]\r\n\t<div class=\"wprt-spacer clearfix\" data-desktop=\"15\" data-mobi=\"5\" data-smobi=\"5\"><\/div>[vc_row_inner css=\u00a0\u00bb.vc_custom_1659023874075{border-top-width: 2px !important;border-right-width: 2px !important;border-bottom-width: 2px !important;border-left-width: 2px !important;padding-top: 10px !important;padding-right: 20px !important;padding-bottom: 130px !important;padding-left: 20px !important;background-color: #dbe8ce !important;border-left-color: #e0e5a9 !important;border-left-style: outset !important;border-right-color: #e0e5a9 !important;border-right-style: outset !important;border-top-color: #e0e5a9 !important;border-top-style: outset !important;border-bottom-color: #e0e5a9 !important;border-bottom-style: outset !important;border-radius: 2px !important;}\u00a0\u00bb][vc_column_inner width=\u00a0\u00bb1\/6&Prime;][vc_single_image image=\u00a0\u00bb55982&Prime;][\/vc_column_inner][vc_column_inner width=\u00a0\u00bb5\/6&Prime;][vc_column_text]<span class=\"TextRun SCXW259292599 BCX0\" lang=\"FR-CA\" xml:lang=\"FR-CA\" data-contrast=\"auto\"><span class=\"NormalTextRun SCXW259292599 BCX0\">Pour le sondage 2022 sur le contenu et l&rsquo;apprentissage aupr\u00e8s des professionnels en d\u00e9veloppement de carri\u00e8re, <strong>le CERIC a interrog\u00e9 644 personnes<\/strong> repr\u00e9sentant une vari\u00e9t\u00e9 de secteurs, de niveaux d&rsquo;exp\u00e9rience et de postes dans le domaine du d\u00e9veloppement de carri\u00e8re. Le sondage a \u00e9t\u00e9 men\u00e9 en ligne <strong>du 11 au 25 mai 2022<\/strong>.<\/span><\/span><span class=\"EOP SCXW259292599 BCX0\" data-ccp-props=\"{}\">\u00a0<\/span>[\/vc_column_text][\/vc_column_inner][\/vc_row_inner]\r\n\t<div class=\"wprt-spacer clearfix\" data-desktop=\"15\" data-mobi=\"5\" data-smobi=\"5\"><\/div>[vc_column_text]<span data-contrast=\"auto\">Nous esp\u00e9rons que ces informations pourront aider les organismes soutenant le d\u00e9veloppement de carri\u00e8re \u00e0 cr\u00e9er des opportunit\u00e9s d&rsquo;apprentissage et des ressources pour leurs membres ou pour d&rsquo;autres parties prenantes.<\/span><span data-ccp-props=\"{&quot;134233117&quot;:false,&quot;134233118&quot;:false,&quot;201341983&quot;:0,&quot;335551550&quot;:1,&quot;335551620&quot;:1,&quot;335559685&quot;:0,&quot;335559737&quot;:0,&quot;335559738&quot;:0,&quot;335559739&quot;:0,&quot;335559740&quot;:259}\">\u00a0<\/span><\/p>\n<p><span data-contrast=\"auto\">\u00a0<\/span><span data-contrast=\"auto\">Les r\u00e9sultats du sondage sont disponibles en version <\/span><span data-contrast=\"none\">PDF avec des r\u00e9sultats d\u00e9taill\u00e9s et en version graphique mettant en \u00e9vidence les principaux r\u00e9sultats.<\/span><span data-ccp-props=\"{&quot;134233117&quot;:false,&quot;134233118&quot;:false,&quot;201341983&quot;:0,&quot;335551550&quot;:1,&quot;335551620&quot;:1,&quot;335559685&quot;:0,&quot;335559737&quot;:0,&quot;335559738&quot;:0,&quot;335559739&quot;:0,&quot;335559740&quot;:259}\">\u00a0<\/span>[\/vc_column_text]\r\n\t<div class=\"wprt-spacer clearfix\" data-desktop=\"25\" data-mobi=\"10\" data-smobi=\"10\"><\/div>[vc_row_inner][vc_column_inner width=\u00a0\u00bb1\/4&Prime;][vc_single_image image=\u00a0\u00bb56057&Prime;][\/vc_column_inner][vc_column_inner width=\u00a0\u00bb3\/4&Prime;][vc_column_text]<div class='w3eden wpdm_package_shortcode'><div class=\"media well link-template-widget\">\n    <div class=\"media-body\">\n        <a href=\"https:\/\/ceric.ca\/fr\/wpdm-package\/resultats-du-sondage-sur-le-contenu-et-lapprentissage-aupres-des-professionnels-en-developpement-de-carriere\/?wpdmdl=55961&refresh=69d50687940a11775568519\" style=\"display: block;clear: bottom;font-size: 11pt;font-weight: bold;\">R\u00e9sultats du sondage sur le contenu et l'apprentissage aupr\u00e8s des professionnels en d\u00e9veloppement de carri\u00e8re<\/a>\n        <div style=\"font-size: 9pt;\">\n            <i class=\"fas fa-hdd color-green\"><\/i> 883.90 KB <i class=\"fa fa-copy ml-3\"><\/i>\n            1 file(s)\n        <\/div>\n    <\/div>\n<\/div>\n\n<\/div>[\/vc_column_text][\/vc_column_inner][\/vc_row_inner]\r\n\t<div class=\"wprt-spacer clearfix\" data-desktop=\"25\" data-mobi=\"10\" data-smobi=\"10\"><\/div>[\/vc_column][vc_column width=\u00a0\u00bb1\/4&Prime;][vc_column_text css=\u00a0\u00bb.vc_custom_1659024392740{border-top-width: 2px !important;border-right-width: 2px !important;border-bottom-width: 2px !important;border-left-width: 2px !important;padding-top: 20px !important;padding-right: 20px !important;padding-bottom: 20px !important;padding-left: 20px !important;background-color: #b7dbff !important;border-left-color: #1e73be !important;border-left-style: solid !important;border-right-color: #1e73be !important;border-right-style: solid !important;border-top-color: #1e73be !important;border-top-style: solid !important;border-bottom-color: #1e73be !important;border-bottom-style: solid !important;border-radius: 2px !important;}\u00a0\u00bb]<span class=\"TextRun SCXW45140973 BCX0\" lang=\"FR-CA\" xml:lang=\"FR-CA\" data-contrast=\"auto\"><span class=\"NormalTextRun SCXW45140973 BCX0\">Les r\u00e9sultats du sondage offrent des informations cl\u00e9s sur le temps que les professionnels de carri\u00e8re consacrent au d\u00e9veloppement professionnel, le financement dont ils disposent, les types d&rsquo;apprentissage dans lesquels ils pr\u00e9f\u00e8rent s&rsquo;engager, les sujets d&rsquo;apprentissage les plus demand\u00e9s et bien plus encore.<\/span><\/span><span class=\"EOP SCXW45140973 BCX0\" data-ccp-props=\"{}\">\u00a0<\/span>[\/vc_column_text][\/vc_column][\/vc_row][vc_row][vc_column width=\u00a0\u00bb3\/4&Prime;][vc_column_text]<\/p>\n<h4 class=\"notranslate slideshow-title-text\" style=\"text-align: center;\"><span class=\"j-title-breadcrumb\">Sondage sur le contenu et l&rsquo;apprentissage aupr\u00e8s des professionnels en d\u00e9veloppement de carri\u00e8re &#8211; Infographie<\/span><\/h4>\n<p>[\/vc_column_text][vc_empty_space height=\u00a0\u00bb25px\u00a0\u00bb][vc_single_image image=\u00a0\u00bb56073&Prime; img_size=\u00a0\u00bblarge\u00a0\u00bb alignment=\u00a0\u00bbcenter\u00a0\u00bb onclick=\u00a0\u00bbcustom_link\u00a0\u00bb img_link_target=\u00a0\u00bb_blank\u00a0\u00bb link=\u00a0\u00bbhttps:\/\/ceric.ca?wpdmdl=56030&amp;ind=1659035652077&Prime;]\r\n\t<div class=\"wprt-spacer clearfix\" data-desktop=\"25\" data-mobi=\"30\" data-smobi=\"0\"><\/div>[\/vc_column][vc_column width=\u00a0\u00bb1\/4&Prime;][vc_column_text]<\/p>\n<p style=\"text-align: center;\"><div class='w3eden wpdm_package_shortcode'><div class=\"media well link-template-widget\">\n    <div class=\"media-body\">\n        <a href=\"https:\/\/ceric.ca\/fr\/wpdm-package\/sondage-sur-le-contenu-et-lapprentissage-aupres-des-professionnels-en-developpement-de-carriere-infographie\/?wpdmdl=56030&refresh=69d50687c5c731775568519\" style=\"display: block;clear: bottom;font-size: 11pt;font-weight: bold;\">Sondage sur le contenu et l'apprentissage aupr\u00e8s des professionnels en d\u00e9veloppement de carri\u00e8re - Infographie<\/a>\n        <div style=\"font-size: 9pt;\">\n            <i class=\"fas fa-hdd color-green\"><\/i> 404.25 KB <i class=\"fa fa-copy ml-3\"><\/i>\n            1 file(s)\n        <\/div>\n    <\/div>\n<\/div>\n\n<\/div>\n<p>[\/vc_column_text][\/vc_column][\/vc_row]<\/p>\n<\/div>","protected":false},"excerpt":{"rendered":"<p>[vc_row][vc_column width=\u00a0\u00bb3\/4&Prime;][vc_column_text]Ce sondage, men\u00e9 par le CERIC au printemps 2022, visait \u00e0 comprendre les besoins, les comportements et les pr\u00e9f\u00e9rences en mati\u00e8re d&rsquo;apprentissage des professionnels du<span class=\"excerpt-hellip\"> [\u2026]<\/span><\/p>\n","protected":false},"author":1,"featured_media":0,"parent":8182,"menu_order":0,"comment_status":"closed","ping_status":"closed","template":"","meta":{"h5ap_radio_sources":[],"footnotes":""},"class_list":["post-55987","page","type-page","status-publish","hentry"],"yoast_head":"<!-- This site is optimized with the Yoast SEO Premium plugin v27.3 (Yoast SEO v27.3) - https:\/\/yoast.com\/product\/yoast-seo-premium-wordpress\/ -->\n<title>Sondage sur le contenu et l&#039;apprentissage aupr\u00e8s des professionnels en d\u00e9veloppement de carri\u00e8re - CERIC<\/title>\n<meta name=\"robots\" content=\"index, follow, max-snippet:-1, max-image-preview:large, max-video-preview:-1\" \/>\n<link rel=\"canonical\" href=\"https:\/\/ceric.ca\/fr\/sondages\/sondage-sur-le-contenu-et-lapprentissage-aupres-des-professionnels-en-developpement-de-carriere\/\" \/>\n<meta property=\"og:locale\" content=\"fr_FR\" \/>\n<meta property=\"og:type\" content=\"article\" \/>\n<meta property=\"og:title\" content=\"Sondage sur le contenu et l&#039;apprentissage aupr\u00e8s des professionnels en d\u00e9veloppement de carri\u00e8re\" \/>\n<meta property=\"og:description\" content=\"[vc_row][vc_column width=\u00a0\u00bb3\/4&Prime;][vc_column_text]Ce sondage, men\u00e9 par le CERIC au printemps 2022, visait \u00e0 comprendre les besoins, les comportements et les pr\u00e9f\u00e9rences en mati\u00e8re d&rsquo;apprentissage des professionnels du [\u2026]\" \/>\n<meta property=\"og:url\" content=\"https:\/\/ceric.ca\/fr\/sondages\/sondage-sur-le-contenu-et-lapprentissage-aupres-des-professionnels-en-developpement-de-carriere\/\" \/>\n<meta property=\"og:site_name\" content=\"CERIC\" \/>\n<meta property=\"article:modified_time\" content=\"2022-07-28T21:13:29+00:00\" \/>\n<meta name=\"twitter:card\" content=\"summary_large_image\" \/>\n<meta name=\"twitter:label1\" content=\"Dur\u00e9e de lecture estim\u00e9e\" \/>\n\t<meta name=\"twitter:data1\" content=\"2 minutes\" \/>\n<script type=\"application\/ld+json\" class=\"yoast-schema-graph\">{\"@context\":\"https:\\\/\\\/schema.org\",\"@graph\":[{\"@type\":\"WebPage\",\"@id\":\"https:\\\/\\\/ceric.ca\\\/fr\\\/sondages\\\/sondage-sur-le-contenu-et-lapprentissage-aupres-des-professionnels-en-developpement-de-carriere\\\/\",\"url\":\"https:\\\/\\\/ceric.ca\\\/fr\\\/sondages\\\/sondage-sur-le-contenu-et-lapprentissage-aupres-des-professionnels-en-developpement-de-carriere\\\/\",\"name\":\"Sondage sur le contenu et l'apprentissage aupr\u00e8s des professionnels en d\u00e9veloppement de carri\u00e8re - CERIC\",\"isPartOf\":{\"@id\":\"https:\\\/\\\/ceric.ca\\\/#website\"},\"datePublished\":\"2022-07-28T16:08:18+00:00\",\"dateModified\":\"2022-07-28T21:13:29+00:00\",\"breadcrumb\":{\"@id\":\"https:\\\/\\\/ceric.ca\\\/fr\\\/sondages\\\/sondage-sur-le-contenu-et-lapprentissage-aupres-des-professionnels-en-developpement-de-carriere\\\/#breadcrumb\"},\"inLanguage\":\"fr-FR\",\"potentialAction\":[{\"@type\":\"ReadAction\",\"target\":[\"https:\\\/\\\/ceric.ca\\\/fr\\\/sondages\\\/sondage-sur-le-contenu-et-lapprentissage-aupres-des-professionnels-en-developpement-de-carriere\\\/\"]}]},{\"@type\":\"BreadcrumbList\",\"@id\":\"https:\\\/\\\/ceric.ca\\\/fr\\\/sondages\\\/sondage-sur-le-contenu-et-lapprentissage-aupres-des-professionnels-en-developpement-de-carriere\\\/#breadcrumb\",\"itemListElement\":[{\"@type\":\"ListItem\",\"position\":1,\"name\":\"Home\",\"item\":\"https:\\\/\\\/ceric.ca\\\/fr\\\/ceric-homepage-2025\\\/\"},{\"@type\":\"ListItem\",\"position\":2,\"name\":\"Sondages\",\"item\":\"https:\\\/\\\/ceric.ca\\\/fr\\\/sondages\\\/\"},{\"@type\":\"ListItem\",\"position\":3,\"name\":\"Sondage sur le contenu et l&#8217;apprentissage aupr\u00e8s des professionnels en d\u00e9veloppement de carri\u00e8re\"}]},{\"@type\":\"WebSite\",\"@id\":\"https:\\\/\\\/ceric.ca\\\/#website\",\"url\":\"https:\\\/\\\/ceric.ca\\\/\",\"name\":\"CERIC\",\"description\":\"\",\"publisher\":{\"@id\":\"https:\\\/\\\/ceric.ca\\\/#organization\"},\"potentialAction\":[{\"@type\":\"SearchAction\",\"target\":{\"@type\":\"EntryPoint\",\"urlTemplate\":\"https:\\\/\\\/ceric.ca\\\/?s={search_term_string}\"},\"query-input\":{\"@type\":\"PropertyValueSpecification\",\"valueRequired\":true,\"valueName\":\"search_term_string\"}}],\"inLanguage\":\"fr-FR\"},{\"@type\":\"Organization\",\"@id\":\"https:\\\/\\\/ceric.ca\\\/#organization\",\"name\":\"CERIC\",\"url\":\"https:\\\/\\\/ceric.ca\\\/\",\"logo\":{\"@type\":\"ImageObject\",\"inLanguage\":\"fr-FR\",\"@id\":\"https:\\\/\\\/ceric.ca\\\/#\\\/schema\\\/logo\\\/image\\\/\",\"url\":\"\",\"contentUrl\":\"\",\"caption\":\"CERIC\"},\"image\":{\"@id\":\"https:\\\/\\\/ceric.ca\\\/#\\\/schema\\\/logo\\\/image\\\/\"}}]}<\/script>\n<!-- \/ Yoast SEO Premium plugin. -->","yoast_head_json":{"title":"Sondage sur le contenu et l'apprentissage aupr\u00e8s des professionnels en d\u00e9veloppement de carri\u00e8re - CERIC","robots":{"index":"index","follow":"follow","max-snippet":"max-snippet:-1","max-image-preview":"max-image-preview:large","max-video-preview":"max-video-preview:-1"},"canonical":"https:\/\/ceric.ca\/fr\/sondages\/sondage-sur-le-contenu-et-lapprentissage-aupres-des-professionnels-en-developpement-de-carriere\/","og_locale":"fr_FR","og_type":"article","og_title":"Sondage sur le contenu et l'apprentissage aupr\u00e8s des professionnels en d\u00e9veloppement de carri\u00e8re","og_description":"[vc_row][vc_column width=\u00a0\u00bb3\/4&Prime;][vc_column_text]Ce sondage, men\u00e9 par le CERIC au printemps 2022, visait \u00e0 comprendre les besoins, les comportements et les pr\u00e9f\u00e9rences en mati\u00e8re d&rsquo;apprentissage des professionnels du [\u2026]","og_url":"https:\/\/ceric.ca\/fr\/sondages\/sondage-sur-le-contenu-et-lapprentissage-aupres-des-professionnels-en-developpement-de-carriere\/","og_site_name":"CERIC","article_modified_time":"2022-07-28T21:13:29+00:00","twitter_card":"summary_large_image","twitter_misc":{"Dur\u00e9e de lecture estim\u00e9e":"2 minutes"},"schema":{"@context":"https:\/\/schema.org","@graph":[{"@type":"WebPage","@id":"https:\/\/ceric.ca\/fr\/sondages\/sondage-sur-le-contenu-et-lapprentissage-aupres-des-professionnels-en-developpement-de-carriere\/","url":"https:\/\/ceric.ca\/fr\/sondages\/sondage-sur-le-contenu-et-lapprentissage-aupres-des-professionnels-en-developpement-de-carriere\/","name":"Sondage sur le contenu et l'apprentissage aupr\u00e8s des professionnels en d\u00e9veloppement de carri\u00e8re - CERIC","isPartOf":{"@id":"https:\/\/ceric.ca\/#website"},"datePublished":"2022-07-28T16:08:18+00:00","dateModified":"2022-07-28T21:13:29+00:00","breadcrumb":{"@id":"https:\/\/ceric.ca\/fr\/sondages\/sondage-sur-le-contenu-et-lapprentissage-aupres-des-professionnels-en-developpement-de-carriere\/#breadcrumb"},"inLanguage":"fr-FR","potentialAction":[{"@type":"ReadAction","target":["https:\/\/ceric.ca\/fr\/sondages\/sondage-sur-le-contenu-et-lapprentissage-aupres-des-professionnels-en-developpement-de-carriere\/"]}]},{"@type":"BreadcrumbList","@id":"https:\/\/ceric.ca\/fr\/sondages\/sondage-sur-le-contenu-et-lapprentissage-aupres-des-professionnels-en-developpement-de-carriere\/#breadcrumb","itemListElement":[{"@type":"ListItem","position":1,"name":"Home","item":"https:\/\/ceric.ca\/fr\/ceric-homepage-2025\/"},{"@type":"ListItem","position":2,"name":"Sondages","item":"https:\/\/ceric.ca\/fr\/sondages\/"},{"@type":"ListItem","position":3,"name":"Sondage sur le contenu et l&#8217;apprentissage aupr\u00e8s des professionnels en d\u00e9veloppement de carri\u00e8re"}]},{"@type":"WebSite","@id":"https:\/\/ceric.ca\/#website","url":"https:\/\/ceric.ca\/","name":"CERIC","description":"","publisher":{"@id":"https:\/\/ceric.ca\/#organization"},"potentialAction":[{"@type":"SearchAction","target":{"@type":"EntryPoint","urlTemplate":"https:\/\/ceric.ca\/?s={search_term_string}"},"query-input":{"@type":"PropertyValueSpecification","valueRequired":true,"valueName":"search_term_string"}}],"inLanguage":"fr-FR"},{"@type":"Organization","@id":"https:\/\/ceric.ca\/#organization","name":"CERIC","url":"https:\/\/ceric.ca\/","logo":{"@type":"ImageObject","inLanguage":"fr-FR","@id":"https:\/\/ceric.ca\/#\/schema\/logo\/image\/","url":"","contentUrl":"","caption":"CERIC"},"image":{"@id":"https:\/\/ceric.ca\/#\/schema\/logo\/image\/"}}]}},"_links":{"self":[{"href":"https:\/\/ceric.ca\/fr\/wp-json\/wp\/v2\/pages\/55987","targetHints":{"allow":["GET"]}}],"collection":[{"href":"https:\/\/ceric.ca\/fr\/wp-json\/wp\/v2\/pages"}],"about":[{"href":"https:\/\/ceric.ca\/fr\/wp-json\/wp\/v2\/types\/page"}],"author":[{"embeddable":true,"href":"https:\/\/ceric.ca\/fr\/wp-json\/wp\/v2\/users\/1"}],"replies":[{"embeddable":true,"href":"https:\/\/ceric.ca\/fr\/wp-json\/wp\/v2\/comments?post=55987"}],"version-history":[{"count":0,"href":"https:\/\/ceric.ca\/fr\/wp-json\/wp\/v2\/pages\/55987\/revisions"}],"up":[{"embeddable":true,"href":"https:\/\/ceric.ca\/fr\/wp-json\/wp\/v2\/pages\/8182"}],"wp:attachment":[{"href":"https:\/\/ceric.ca\/fr\/wp-json\/wp\/v2\/media?parent=55987"}],"curies":[{"name":"wp","href":"https:\/\/api.w.org\/{rel}","templated":true}]}}