{"id":56438,"date":"2022-09-06T09:58:53","date_gmt":"2022-09-06T13:58:53","guid":{"rendered":"https:\/\/ceric.ca\/?page_id=56438"},"modified":"2026-03-02T11:54:38","modified_gmt":"2026-03-02T16:54:38","slug":"guide-devaluation-en-orientation","status":"publish","type":"page","link":"https:\/\/ceric.ca\/fr\/publications\/guide-devaluation-en-orientation\/","title":{"rendered":"Guide d\u2019\u00e9valuation en orientation"},"content":{"rendered":"<div class=\"wpb-content-wrapper\"><p>[vc_row][vc_column][vc_row_inner][vc_column_inner][vc_single_image image=\u00a0\u00bb54431&Prime;]\r\n\t<div class=\"wprt-spacer clearfix\" data-desktop=\"20\" data-mobi=\"0\" data-smobi=\"0\"><\/div><div class=\"wprt-headings clearfix \"  style=\"\"><h1 class=\"heading clearfix\" style=\"\">\r\n\t\tGUIDE D\u2019\u00c9VALUATION EN ORIENTATION\r\n\t<\/h1><\/div>\r\n\t<div class=\"wprt-spacer clearfix\" data-desktop=\"20\" data-mobi=\"0\" data-smobi=\"0\"><\/div>[vc_separator style=\u00a0\u00bbdotted\u00a0\u00bb]\r\n\t<div class=\"wprt-spacer clearfix\" data-desktop=\"20\" data-mobi=\"0\" data-smobi=\"0\"><\/div>\r\n\t<div class=\"wprt-spacer clearfix\" data-desktop=\"20\" data-mobi=\"0\" data-smobi=\"0\"><\/div>[vc_column_text]<\/p>\n<div class=\"wpb_text_column wpb_content_element vc_custom_1593191794278\">\n<div class=\"wpb_wrapper\">\n<p>L\u2019\u00e9valuation fait partie int\u00e9grante des pratiques des conseillers et conseill\u00e8res d\u2019orientation peu importe leur secteur d\u2019activit\u00e9. Dans la perspective de la modernisation des pratiques professionnelles en sant\u00e9 mentale et en relations humaines ainsi que de la r\u00e9vision du champ d\u2019exercice, l\u2019Ordre des conseillers et conseill\u00e8res d\u2019orientation du Qu\u00e9bec (OCCOQ) a produit ce guide (en partenariat avec le CERIC) qui vise \u00e0 fournir un cadre de r\u00e9f\u00e9rence pour l\u2019\u00e9valuation en orientation. Il comprend des informations et des principes directeurs pour \u00e9clairer les pratiques d\u2019\u00e9valuation des conseillers et conseill\u00e8res d\u2019orientation. \u00c0 cet \u00e9gard, le lecteur doit tenir compte des \u00e9l\u00e9ments suivants :<\/p>\n<ul>\n<li>Ce guide pr\u00e9sente un cadre de r\u00e9f\u00e9rence g\u00e9n\u00e9ral permettant aux conseillers et conseill\u00e8resd\u2019orientation de mieux circonscrire le processus d\u2019\u00e9valuation avec ses dimensions et ses enjeux.<\/li>\n<li>Ce guide cherche \u00e0 \u00e9clairer la pratique en mati\u00e8re d\u2019\u00e9valuation, sans renvoi pr\u00e9cis \u00e0 une conception ou \u00e0 une approche particuli\u00e8re, de mani\u00e8re \u00e0 respecter les choix th\u00e9oriques.<\/li>\n<li>Ce guide veut \u00e9galement participer au d\u00e9veloppement et au maintien des comp\u00e9tences au regard du champ d\u2019exercice et du fondement juridique de la pratique des conseillers et conseill\u00e8res d\u2019orientation.<\/li>\n<li>Ce guide est consacr\u00e9 \u00e0 l\u2019\u00e9valuation en orientation. Il est important de ne pas le confondre avec le guide interpr\u00e9tatif de la Loi modifi ant le code des professions et d\u2019autres dispositions l\u00e9gislatives dans le domaine de la sant\u00e9 mentale et des relations humaines. *<\/li>\n<\/ul>\n<p>Le guide comporte quatre sections. La premi\u00e8re section traite de l\u2019\u00e9valuation en orientation en tant que dimension incontournable de la pratique. Il est plus particuli\u00e8rement question de la mani\u00e8re dont l\u2019\u00e9valuation contribue \u00e0 l\u2019exercice du jugement professionnel par rapport au champ d\u2019exercice, \u00e0 la comp\u00e9tence, aux activit\u00e9s r\u00e9serv\u00e9es et aux obligations d\u00e9ontologiques. La deuxi\u00e8me section d\u00e9fi nit l\u2019\u00e9valuation en orientation au regard de ses trois principales dimensions dans le champ d\u2019exercice, soit le fonctionnement psychologique, les ressources personnelles et les conditions du milieu. La troisi\u00e8me section du guide pr\u00e9sente un processu d\u2019\u00e9valuation en orientation. Celui-ci est d\u00e9fi ni en quatre phases, soit recueillir, d\u00e9coder, analyser et communiquer les informations. La quatri\u00e8me et derni\u00e8re section expose des consid\u00e9rations permettant aux conseillers et conseill\u00e8res d\u2019orientation de se situer par rapport \u00e0 l\u2019\u00e9valuation en orientation.<\/p>\n<\/div>\n<\/div>\n<p>[\/vc_column_text]\r\n\t<div class=\"wprt-spacer clearfix\" data-desktop=\"50\" data-mobi=\"20\" data-smobi=\"20\"><\/div>[\/vc_column_inner][\/vc_row_inner][vc_row_inner][vc_column_inner width=\u00a0\u00bb1\/4&Prime;][vc_single_image image=\u00a0\u00bb54431&Prime; img_size=\u00a0\u00bb143&#215;173&Prime;][\/vc_column_inner][vc_column_inner width=\u00a0\u00bb3\/4&Prime;][vc_column_text]<div class='w3eden wpdm_package_shortcode'><div class=\"media well link-template-widget\">\n    <div class=\"media-body\">\n        <a href=\"https:\/\/ceric.ca\/fr\/wpdm-package\/guide-devaluation-en-orientation\/?wpdmdl=12337&refresh=69d26f4c3f5341775398732\" style=\"display: block;clear: bottom;font-size: 11pt;font-weight: bold;\">Guide d\u2019\u00e9valuation en orientation<\/a>\n        <div style=\"font-size: 9pt;\">\n            <i class=\"fas fa-hdd color-green\"><\/i> 346.20 KB <i class=\"fa fa-copy ml-3\"><\/i>\n            1 file(s)\n        <\/div>\n    <\/div>\n<\/div>\n\n<\/div>[\/vc_column_text][\/vc_column_inner][\/vc_row_inner][vc_row_inner][vc_column_inner width=\u00a0\u00bb1\/4&Prime;][vc_single_image image=\u00a0\u00bb54431&Prime; img_size=\u00a0\u00bb143&#215;173&Prime;][\/vc_column_inner][vc_column_inner width=\u00a0\u00bb3\/4&Prime;][vc_column_text]<div class='w3eden wpdm_package_shortcode'><div class=\"media well link-template-widget\">\n    <div class=\"media-body\">\n        <a href=\"https:\/\/ceric.ca\/fr\/wpdm-package\/autoformation-sur-le-guide-devaluation-en-orientation\/?wpdmdl=12334&refresh=69d26f4c809fd1775398732\" style=\"display: block;clear: bottom;font-size: 11pt;font-weight: bold;\">Autoformation sur le Guide d\u2019\u00e9valuation en orientation<\/a>\n        <div style=\"font-size: 9pt;\">\n            <i class=\"fas fa-hdd color-green\"><\/i> 162.98 KB <i class=\"fa fa-copy ml-3\"><\/i>\n            1 file(s)\n        <\/div>\n    <\/div>\n<\/div>\n\n<\/div>[\/vc_column_text][\/vc_column_inner][\/vc_row_inner]\r\n\t<div class=\"wprt-spacer clearfix\" data-desktop=\"50\" data-mobi=\"20\" data-smobi=\"20\"><\/div>[vc_column_text]<\/p>\n<div class=\"wpb_text_column wpb_content_element vc_custom_1593191794278\">\n<div class=\"wpb_wrapper\">\n<p>*Nous utiliserons dans ce guide l\u2019expression \u00ab loi 21 \u00bb, couramment en vigueur.<\/p>\n<\/div>\n<\/div>\n<p>[\/vc_column_text][vc_separator style=\u00a0\u00bbdouble\u00a0\u00bb][\/vc_column][\/vc_row]<\/p>\n<\/div>","protected":false},"excerpt":{"rendered":"<p>[vc_row][vc_column][vc_row_inner][vc_column_inner][vc_single_image image=\u00a0\u00bb54431&Prime;][vc_separator style=\u00a0\u00bbdotted\u00a0\u00bb][vc_column_text] L\u2019\u00e9valuation fait partie int\u00e9grante des pratiques des conseillers et conseill\u00e8res d\u2019orientation peu importe leur secteur d\u2019activit\u00e9. Dans la perspective de la modernisation des<span class=\"excerpt-hellip\"> [\u2026]<\/span><\/p>\n","protected":false},"author":30,"featured_media":-1,"parent":9720,"menu_order":0,"comment_status":"closed","ping_status":"closed","template":"","meta":{"h5ap_radio_sources":[],"footnotes":""},"class_list":["post-56438","page","type-page","status-publish","has-post-thumbnail","hentry"],"yoast_head":"<!-- This site is optimized with the Yoast SEO Premium plugin v27.3 (Yoast SEO v27.3) - https:\/\/yoast.com\/product\/yoast-seo-premium-wordpress\/ -->\n<title>Guide d\u2019\u00e9valuation en orientation - CERIC<\/title>\n<meta name=\"robots\" content=\"index, follow, max-snippet:-1, max-image-preview:large, max-video-preview:-1\" \/>\n<link rel=\"canonical\" href=\"https:\/\/ceric.ca\/fr\/publications\/guide-devaluation-en-orientation\/\" \/>\n<meta property=\"og:locale\" content=\"fr_FR\" \/>\n<meta property=\"og:type\" content=\"article\" \/>\n<meta property=\"og:title\" content=\"Guide d\u2019\u00e9valuation en orientation\" \/>\n<meta property=\"og:description\" content=\"[vc_row][vc_column][vc_row_inner][vc_column_inner][vc_single_image image=\u00a0\u00bb54431&Prime;][vc_separator style=\u00a0\u00bbdotted\u00a0\u00bb][vc_column_text] L\u2019\u00e9valuation fait partie int\u00e9grante des pratiques des conseillers et conseill\u00e8res d\u2019orientation peu importe leur secteur d\u2019activit\u00e9. Dans la perspective de la modernisation des [\u2026]\" \/>\n<meta property=\"og:url\" content=\"https:\/\/ceric.ca\/fr\/publications\/guide-devaluation-en-orientation\/\" \/>\n<meta property=\"og:site_name\" content=\"CERIC\" \/>\n<meta property=\"article:modified_time\" content=\"2026-03-02T16:54:38+00:00\" \/>\n<meta name=\"twitter:card\" content=\"summary_large_image\" \/>\n<meta name=\"twitter:label1\" content=\"Dur\u00e9e de lecture estim\u00e9e\" \/>\n\t<meta name=\"twitter:data1\" content=\"2 minutes\" \/>\n<script type=\"application\/ld+json\" class=\"yoast-schema-graph\">{\"@context\":\"https:\\\/\\\/schema.org\",\"@graph\":[{\"@type\":\"WebPage\",\"@id\":\"https:\\\/\\\/ceric.ca\\\/fr\\\/publications\\\/guide-devaluation-en-orientation\\\/\",\"url\":\"https:\\\/\\\/ceric.ca\\\/fr\\\/publications\\\/guide-devaluation-en-orientation\\\/\",\"name\":\"Guide d\u2019\u00e9valuation en orientation - CERIC\",\"isPartOf\":{\"@id\":\"https:\\\/\\\/ceric.ca\\\/#website\"},\"datePublished\":\"2022-09-06T13:58:53+00:00\",\"dateModified\":\"2026-03-02T16:54:38+00:00\",\"breadcrumb\":{\"@id\":\"https:\\\/\\\/ceric.ca\\\/fr\\\/publications\\\/guide-devaluation-en-orientation\\\/#breadcrumb\"},\"inLanguage\":\"fr-FR\",\"potentialAction\":[{\"@type\":\"ReadAction\",\"target\":[\"https:\\\/\\\/ceric.ca\\\/fr\\\/publications\\\/guide-devaluation-en-orientation\\\/\"]}]},{\"@type\":\"BreadcrumbList\",\"@id\":\"https:\\\/\\\/ceric.ca\\\/fr\\\/publications\\\/guide-devaluation-en-orientation\\\/#breadcrumb\",\"itemListElement\":[{\"@type\":\"ListItem\",\"position\":1,\"name\":\"Home\",\"item\":\"https:\\\/\\\/ceric.ca\\\/fr\\\/ceric-homepage-2025\\\/\"},{\"@type\":\"ListItem\",\"position\":2,\"name\":\"Publications\",\"item\":\"https:\\\/\\\/ceric.ca\\\/fr\\\/publications\\\/\"},{\"@type\":\"ListItem\",\"position\":3,\"name\":\"Guide d\u2019\u00e9valuation en orientation\"}]},{\"@type\":\"WebSite\",\"@id\":\"https:\\\/\\\/ceric.ca\\\/#website\",\"url\":\"https:\\\/\\\/ceric.ca\\\/\",\"name\":\"CERIC\",\"description\":\"\",\"publisher\":{\"@id\":\"https:\\\/\\\/ceric.ca\\\/#organization\"},\"potentialAction\":[{\"@type\":\"SearchAction\",\"target\":{\"@type\":\"EntryPoint\",\"urlTemplate\":\"https:\\\/\\\/ceric.ca\\\/?s={search_term_string}\"},\"query-input\":{\"@type\":\"PropertyValueSpecification\",\"valueRequired\":true,\"valueName\":\"search_term_string\"}}],\"inLanguage\":\"fr-FR\"},{\"@type\":\"Organization\",\"@id\":\"https:\\\/\\\/ceric.ca\\\/#organization\",\"name\":\"CERIC\",\"url\":\"https:\\\/\\\/ceric.ca\\\/\",\"logo\":{\"@type\":\"ImageObject\",\"inLanguage\":\"fr-FR\",\"@id\":\"https:\\\/\\\/ceric.ca\\\/#\\\/schema\\\/logo\\\/image\\\/\",\"url\":\"\",\"contentUrl\":\"\",\"caption\":\"CERIC\"},\"image\":{\"@id\":\"https:\\\/\\\/ceric.ca\\\/#\\\/schema\\\/logo\\\/image\\\/\"}}]}<\/script>\n<!-- \/ Yoast SEO Premium plugin. -->","yoast_head_json":{"title":"Guide d\u2019\u00e9valuation en orientation - CERIC","robots":{"index":"index","follow":"follow","max-snippet":"max-snippet:-1","max-image-preview":"max-image-preview:large","max-video-preview":"max-video-preview:-1"},"canonical":"https:\/\/ceric.ca\/fr\/publications\/guide-devaluation-en-orientation\/","og_locale":"fr_FR","og_type":"article","og_title":"Guide d\u2019\u00e9valuation en orientation","og_description":"[vc_row][vc_column][vc_row_inner][vc_column_inner][vc_single_image image=\u00a0\u00bb54431&Prime;][vc_separator style=\u00a0\u00bbdotted\u00a0\u00bb][vc_column_text] L\u2019\u00e9valuation fait partie int\u00e9grante des pratiques des conseillers et conseill\u00e8res d\u2019orientation peu importe leur secteur d\u2019activit\u00e9. Dans la perspective de la modernisation des [\u2026]","og_url":"https:\/\/ceric.ca\/fr\/publications\/guide-devaluation-en-orientation\/","og_site_name":"CERIC","article_modified_time":"2026-03-02T16:54:38+00:00","twitter_card":"summary_large_image","twitter_misc":{"Dur\u00e9e de lecture estim\u00e9e":"2 minutes"},"schema":{"@context":"https:\/\/schema.org","@graph":[{"@type":"WebPage","@id":"https:\/\/ceric.ca\/fr\/publications\/guide-devaluation-en-orientation\/","url":"https:\/\/ceric.ca\/fr\/publications\/guide-devaluation-en-orientation\/","name":"Guide d\u2019\u00e9valuation en orientation - CERIC","isPartOf":{"@id":"https:\/\/ceric.ca\/#website"},"datePublished":"2022-09-06T13:58:53+00:00","dateModified":"2026-03-02T16:54:38+00:00","breadcrumb":{"@id":"https:\/\/ceric.ca\/fr\/publications\/guide-devaluation-en-orientation\/#breadcrumb"},"inLanguage":"fr-FR","potentialAction":[{"@type":"ReadAction","target":["https:\/\/ceric.ca\/fr\/publications\/guide-devaluation-en-orientation\/"]}]},{"@type":"BreadcrumbList","@id":"https:\/\/ceric.ca\/fr\/publications\/guide-devaluation-en-orientation\/#breadcrumb","itemListElement":[{"@type":"ListItem","position":1,"name":"Home","item":"https:\/\/ceric.ca\/fr\/ceric-homepage-2025\/"},{"@type":"ListItem","position":2,"name":"Publications","item":"https:\/\/ceric.ca\/fr\/publications\/"},{"@type":"ListItem","position":3,"name":"Guide d\u2019\u00e9valuation en orientation"}]},{"@type":"WebSite","@id":"https:\/\/ceric.ca\/#website","url":"https:\/\/ceric.ca\/","name":"CERIC","description":"","publisher":{"@id":"https:\/\/ceric.ca\/#organization"},"potentialAction":[{"@type":"SearchAction","target":{"@type":"EntryPoint","urlTemplate":"https:\/\/ceric.ca\/?s={search_term_string}"},"query-input":{"@type":"PropertyValueSpecification","valueRequired":true,"valueName":"search_term_string"}}],"inLanguage":"fr-FR"},{"@type":"Organization","@id":"https:\/\/ceric.ca\/#organization","name":"CERIC","url":"https:\/\/ceric.ca\/","logo":{"@type":"ImageObject","inLanguage":"fr-FR","@id":"https:\/\/ceric.ca\/#\/schema\/logo\/image\/","url":"","contentUrl":"","caption":"CERIC"},"image":{"@id":"https:\/\/ceric.ca\/#\/schema\/logo\/image\/"}}]}},"_links":{"self":[{"href":"https:\/\/ceric.ca\/fr\/wp-json\/wp\/v2\/pages\/56438","targetHints":{"allow":["GET"]}}],"collection":[{"href":"https:\/\/ceric.ca\/fr\/wp-json\/wp\/v2\/pages"}],"about":[{"href":"https:\/\/ceric.ca\/fr\/wp-json\/wp\/v2\/types\/page"}],"author":[{"embeddable":true,"href":"https:\/\/ceric.ca\/fr\/wp-json\/wp\/v2\/users\/30"}],"replies":[{"embeddable":true,"href":"https:\/\/ceric.ca\/fr\/wp-json\/wp\/v2\/comments?post=56438"}],"version-history":[{"count":0,"href":"https:\/\/ceric.ca\/fr\/wp-json\/wp\/v2\/pages\/56438\/revisions"}],"up":[{"embeddable":true,"href":"https:\/\/ceric.ca\/fr\/wp-json\/wp\/v2\/pages\/9720"}],"wp:featuredmedia":[{"embeddable":true,"href":"https:\/\/ceric.ca\/fr\/wp-json\/"}],"wp:attachment":[{"href":"https:\/\/ceric.ca\/fr\/wp-json\/wp\/v2\/media?parent=56438"}],"curies":[{"name":"wp","href":"https:\/\/api.w.org\/{rel}","templated":true}]}}