{"id":56444,"date":"2022-09-04T23:52:06","date_gmt":"2022-09-05T03:52:06","guid":{"rendered":"https:\/\/ceric.ca\/?page_id=56444"},"modified":"2026-03-02T11:47:28","modified_gmt":"2026-03-02T16:47:28","slug":"mon-point-de-vue-guide-sur-la-gestion-de-centres-de-carrieres-collegiaux-et-universitaires","status":"publish","type":"page","link":"https:\/\/ceric.ca\/fr\/publications\/mon-point-de-vue-guide-sur-la-gestion-de-centres-de-carrieres-collegiaux-et-universitaires\/","title":{"rendered":"Mon point de vue : guide sur la gestion de centres de carri\u00e8res coll\u00e9giaux et universitaires"},"content":{"rendered":"<div class=\"wpb-content-wrapper\"><p>[vc_row][vc_column width=\u00a0\u00bb4\/6&Prime;][vc_row_inner][vc_column_inner][vc_column_text]<img fetchpriority=\"high\" decoding=\"async\" class=\"alignnone wp-image-57085 size-medium\" src=\"https:\/\/ceric.ca\/wp-content\/uploads\/2022\/09\/FMP-Employment-Centre-1-222x300.png\" alt=\"\" width=\"222\" height=\"300\" srcset=\"https:\/\/ceric.ca\/wp-content\/uploads\/2022\/09\/FMP-Employment-Centre-1-222x300.png 222w, https:\/\/ceric.ca\/wp-content\/uploads\/2022\/09\/FMP-Employment-Centre-1.png 432w\" sizes=\"(max-width:767px) 222px, 222px\" \/>[\/vc_column_text]\r\n\t<div class=\"wprt-spacer clearfix\" data-desktop=\"20\" data-mobi=\"0\" data-smobi=\"0\"><\/div><div class=\"wprt-headings clearfix \"  style=\"\"><h2 class=\"heading clearfix\" style=\"color:#000000;\">\r\n\t\tMON POINT DE VUE : GUIDE SUR LA GESTION DE CENTRES DE CARRI\u00c8RES COLL\u00c9GIAUX ET UNIVERSITAIRES\r\n\t<\/h2><\/div>[vc_separator style=\u00a0\u00bbdotted\u00a0\u00bb]\r\n\t<div class=\"wprt-spacer clearfix\" data-desktop=\"50\" data-mobi=\"20\" data-smobi=\"20\"><\/div>[vc_column_text css=\u00a0\u00bb.vc_custom_1661361645684{margin-bottom: -40px !important;}\u00a0\u00bb]<\/p>\n<table style=\"width: 620px;\">\n<tbody>\n<tr>\n<td>Auteur(s)<\/td>\n<td>Marilyn Van Norman<\/td>\n<\/tr>\n<tr>\n<td>\u00c9diteur<\/td>\n<td>CERIC<\/td>\n<\/tr>\n<tr>\n<td>ISBN<\/td>\n<td>978-0-981652-9-5<\/td>\n<\/tr>\n<\/tbody>\n<\/table>\n<p>[\/vc_column_text][\/vc_column_inner][\/vc_row_inner]\r\n\t<div class=\"wprt-spacer clearfix\" data-desktop=\"30\" data-mobi=\"20\" data-smobi=\"20\"><\/div>\r\n\t<div class=\"wprt-spacer clearfix\" data-desktop=\"30\" data-mobi=\"20\" data-smobi=\"20\"><\/div>\r\n\t<div class=\"wprt-spacer clearfix\" data-desktop=\"30\" data-mobi=\"20\" data-smobi=\"20\"><\/div>[vc_row_inner][vc_column_inner width=\u00a0\u00bb1\/3&Prime;]<div class=\"button-wrap icon-right has-icon\" style=\"\"><a href=\"http:\/\/contactpoint.ca\/product\/from-my-perspective-a-guide-to-university-and-college-career-centre-management-bulk-orders-only\/\" target=\"_blank\" class=\"wprt-button  solid custom\" style=\"padding:13px 40px 13px 40px;background-color:#90a936;border-color:#638400;color:#ffffff;font-weight:400;font-size:15px;border-radius:10px;border-width:3px;\">\r\n\t\t<span style=\"padding-right:40px;\">Achetez en gros <span class=\"icon\" style=\"color:#ffffff;font-size:15px;\"><i class=\"fa fa-fas cart-arrow-down\"><\/i><\/span><\/span>\r\n\t<\/a><\/div>[\/vc_column_inner][vc_column_inner width=\u00a0\u00bb1\/3&Prime;]<div class=\"button-wrap icon-right has-icon\" style=\"\"><a href=\"https:\/\/www.amazon.ca\/Perspective-University-College-Career-Management\/dp\/098116529X\/ref=sr_1_6?ie=UTF8&amp;qid=1457964494&amp;sr=8-6&amp;keywords=from+my+perspective\" target=\"_blank\" class=\"wprt-button  solid custom\" style=\"padding:13px 40px 13px 40px;background-color:#90a936;border-color:#638400;color:#ffffff;font-weight:400;font-size:15px;border-radius:10px;border-width:3px;\">\r\n\t\t<span style=\"padding-right:40px;\">Achetez sur Amazon <span class=\"icon\" style=\"color:#ffffff;font-size:15px;\"><i class=\"fa fa-fas cart-arrow-down\"><\/i><\/span><\/span>\r\n\t<\/a><\/div>[\/vc_column_inner][vc_column_inner width=\u00a0\u00bb1\/3&Prime;]<div class=\"button-wrap icon-right has-icon\" style=\"\"><a href=\"https:\/\/www.chapters.indigo.ca\/en-ca\/books\/from-my-perspective-a-guide\/9780981165295-item.html?ikwid\" target=\"_blank\" class=\"wprt-button  solid custom\" style=\"padding:13px 40px 13px 40px;background-color:#90a936;border-color:#638400;color:#ffffff;font-weight:400;font-size:15px;border-radius:10px;border-width:3px;\">\r\n\t\t<span style=\"padding-right:40px;\">Achetez sur Indigo <span class=\"icon\" style=\"color:#ffffff;font-size:15px;\"><i class=\"fa fa-fas cart-arrow-down\"><\/i><\/span><\/span>\r\n\t<\/a><\/div>[\/vc_column_inner][\/vc_row_inner]\r\n\t<div class=\"wprt-spacer clearfix\" data-desktop=\"50\" data-mobi=\"20\" data-smobi=\"20\"><\/div>[vc_column_text]<\/p>\n<h3><strong>Synopsis<br \/>\n<\/strong><\/h3>\n<p>R\u00e9vis\u00e9 en 2016.<\/p>\n<p>From My Perspective abordera les questions fondamentales de capacit\u00e9 organisationnelle telles que la dotation en personnel, le financement, la programmation, l&rsquo;\u00e9tablissement et le maintien du profil, ainsi que les ingr\u00e9dients essentiels \u00e0 la r\u00e9ussite tels que la mise en r\u00e9seau efficace, le mentorat, la gestion des relations, le marketing, la gestion du temps, la vision, la planification strat\u00e9gique et l&rsquo;\u00e9valuation.[\/vc_column_text]\r\n\t<div class=\"wprt-spacer clearfix\" data-desktop=\"30\" data-mobi=\"12\" data-smobi=\"12\"><\/div>[vc_row_inner][vc_column_inner width=\u00a0\u00bb1\/4&Prime;][vc_single_image image=\u00a0\u00bb55833&Prime;][\/vc_column_inner][vc_column_inner width=\u00a0\u00bb3\/4&Prime;][vc_column_text]<div class='w3eden wpdm_package_shortcode'><div class=\"media well link-template-widget\">\n    <div class=\"media-body\">\n        <a href=\"https:\/\/ceric.ca\/wpdm-package\/from-my-perspective-a-guide-to-university-and-college-career-centre-management\/?wpdmdl=12295&refresh=69d79521437c91775736097\" style=\"display: block;clear: bottom;font-size: 11pt;font-weight: bold;\">From My Perspective: A Guide to University and College Career Centre Management<\/a>\n        <div style=\"font-size: 9pt;\">\n            <i class=\"fas fa-hdd color-green\"><\/i> 1,017.57 KB <i class=\"fa fa-copy ml-3\"><\/i>\n            1 file(s)\n        <\/div>\n    <\/div>\n<\/div>\n\n<\/div>[\/vc_column_text][\/vc_column_inner][\/vc_row_inner]\r\n\t<div class=\"wprt-spacer clearfix\" data-desktop=\"30\" data-mobi=\"12\" data-smobi=\"12\"><\/div>[vc_column_text]<\/p>\n<h3><strong>Ce guide est accessible dans diff\u00e9rents formats pour r\u00e9pondre \u00e0 vos besoins\u2026<\/strong><\/h3>\n<ul>\n<li>Version imprim\u00e9e\u00a0: 10,00 $ via\u00a0<a href=\"https:\/\/www.amazon.ca\/Perspective-University-College-Career-Management\/dp\/098116529X\/ref=sr_1_6?ie=UTF8&amp;qid=1457964494&amp;sr=8-6&amp;keywords=from+my+perspective\" target=\"_blank\" rel=\"noopener noreferrer\">Amazon.ca<\/a>\u00a0ou\u00a0<a href=\"https:\/\/www.chapters.indigo.ca\/en-ca\/books\/from-my-perspective-a-guide\/9780981165295-item.html?ikwid\" target=\"_blank\" rel=\"noopener noreferrer\">Chapters.Indigo.ca<\/a><\/li>\n<li>Achats group\u00e9s (10\u00a0exemplaires ou plus) par l\u2019entremise du march\u00e9 sur le site\u00a0<a href=\"https:\/\/contactpoint.ca\/product\/from-my-perspective-a-guide-to-university-and-college-career-centre-management-bulk-orders-only\/\" target=\"_blank\" rel=\"noopener noreferrer\">ContactPoint.ca<\/a>\u00a0du CERIC avec une r\u00e9duction de 30\u00a0%. Des questions? Communiquez avec\u00a0<a href=\"mailto:sales@ceric.ca\">sales@ceric.ca<\/a><\/li>\n<li>Les \u00e9tablissements ayant un compte peuvent commander directement aupr\u00e8s d\u2019Ingram<\/li>\n<li>Sous forme de livre \u00e9lectronique 6,50 $ (<a href=\"http:\/\/\\https:\/\/www.amazon.ca\/Perspective-University-College-Career-Management-ebook\/dp\/B01G60GBW8\/ref\" target=\"_blank\" rel=\"noopener noreferrer\">Kindle<\/a>\u00a0ou\u00a0<a href=\"https:\/\/www.chapters.indigo.ca\/en-ca\/books\/from-my-perspective-a-guide\/9781988066004-item.html?ikwid\" target=\"_blank\" rel=\"noopener noreferrer\">Kobo<\/a>)<\/li>\n<li>Gratuit en\u00a0<a class=\"wpdm-download-link wpdm-download-locked [btnclass]\" href=\"https:\/\/ceric.ca\/download\/879\/en\/38702\/from-my-perspective-a-guide-to-university-and-college-career-centre-management.pdf\" target=\"_blank\" rel=\"nofollow noopener noreferrer\">format PDF<\/a><\/li>\n<\/ul>\n<p>[\/vc_column_text]\r\n\t<div class=\"wprt-spacer clearfix\" data-desktop=\"20\" data-mobi=\"0\" data-smobi=\"0\"><\/div>[vc_column_text]<\/p>\n<h3><strong>Commentaires<\/strong><\/h3>\n<p>\u00ab Il arrive de temps en temps qu&rsquo;un livre \u00a0\u00bb parle au c\u0153ur \u00a0\u00bb de la gestion des centres de carri\u00e8re. Ce livre est l&rsquo;un de ces rares ouvrages. Il s&rsquo;appuie sur des d\u00e9cennies d&rsquo;exp\u00e9rience dans la gestion des centres de carri\u00e8re qui ont travers\u00e9 certaines des p\u00e9riodes \u00e9conomiques les plus tumultueuses de l&rsquo;histoire du Canada. Cet ouvrage donne au lecteur un aper\u00e7u du monde complexe, stimulant et changeant qu&rsquo;est la gestion des centres de carri\u00e8re. C&rsquo;est un livre que tous les professionnels de l&rsquo;orientation professionnelle devraient lire ! \u00bb<\/p>\n<p><em>\u2013 Dr Rob Shea, Vice-pr\u00e9sident associ\u00e9 (Affaires acad\u00e9miques et \u00e9tudiantes),<br \/>\nInstitut des p\u00eaches et de la mer, Universit\u00e9 Memorial de Terre-Neuve<\/em>[\/vc_column_text]\r\n\t<div class=\"wprt-spacer clearfix\" data-desktop=\"20\" data-mobi=\"0\" data-smobi=\"0\"><\/div>[vc_separator style=\u00a0\u00bbdouble\u00a0\u00bb][\/vc_column][\/vc_row][vc_row][vc_column][\/vc_column][\/vc_row][vc_row][vc_column][\/vc_column][\/vc_row]<\/p>\n<\/div>","protected":false},"excerpt":{"rendered":"<p>[vc_row][vc_column width=\u00a0\u00bb4\/6&Prime;][vc_row_inner][vc_column_inner][vc_column_text][\/vc_column_text][vc_separator style=\u00a0\u00bbdotted\u00a0\u00bb][vc_column_text css=\u00a0\u00bb.vc_custom_1661361645684{margin-bottom: -40px !important;}\u00a0\u00bb] Auteur(s) Marilyn Van Norman \u00c9diteur CERIC ISBN 978-0-981652-9-5 [\/vc_column_text][\/vc_column_inner][\/vc_row_inner][vc_row_inner][vc_column_inner width=\u00a0\u00bb1\/3&Prime;][\/vc_column_inner][vc_column_inner width=\u00a0\u00bb1\/3&Prime;][\/vc_column_inner][vc_column_inner width=\u00a0\u00bb1\/3&Prime;][\/vc_column_inner][\/vc_row_inner][vc_column_text] Synopsis R\u00e9vis\u00e9 en 2016. From My Perspective abordera<span class=\"excerpt-hellip\"> [\u2026]<\/span><\/p>\n","protected":false},"author":30,"featured_media":-1,"parent":9720,"menu_order":0,"comment_status":"closed","ping_status":"closed","template":"","meta":{"h5ap_radio_sources":[],"footnotes":""},"class_list":["post-56444","page","type-page","status-publish","has-post-thumbnail","hentry"],"yoast_head":"<!-- This site is optimized with the Yoast SEO Premium plugin v27.3 (Yoast SEO v27.3) - https:\/\/yoast.com\/product\/yoast-seo-premium-wordpress\/ -->\n<title>Mon point de vue : guide sur la gestion de centres de carri\u00e8res coll\u00e9giaux et universitaires - CERIC<\/title>\n<meta name=\"robots\" content=\"index, follow, max-snippet:-1, max-image-preview:large, max-video-preview:-1\" \/>\n<link rel=\"canonical\" href=\"https:\/\/ceric.ca\/fr\/publications\/mon-point-de-vue-guide-sur-la-gestion-de-centres-de-carrieres-collegiaux-et-universitaires\/\" \/>\n<meta property=\"og:locale\" content=\"fr_FR\" \/>\n<meta property=\"og:type\" content=\"article\" \/>\n<meta property=\"og:title\" content=\"Mon point de vue : guide sur la gestion de centres de carri\u00e8res coll\u00e9giaux et universitaires\" \/>\n<meta property=\"og:description\" content=\"[vc_row][vc_column width=\u00a0\u00bb4\/6&Prime;][vc_row_inner][vc_column_inner][vc_column_text][\/vc_column_text][vc_separator style=\u00a0\u00bbdotted\u00a0\u00bb][vc_column_text css=\u00a0\u00bb.vc_custom_1661361645684{margin-bottom: -40px !important;}\u00a0\u00bb] Auteur(s) Marilyn Van Norman \u00c9diteur CERIC ISBN 978-0-981652-9-5 [\/vc_column_text][\/vc_column_inner][\/vc_row_inner][vc_row_inner][vc_column_inner width=\u00a0\u00bb1\/3&Prime;][\/vc_column_inner][vc_column_inner width=\u00a0\u00bb1\/3&Prime;][\/vc_column_inner][vc_column_inner width=\u00a0\u00bb1\/3&Prime;][\/vc_column_inner][\/vc_row_inner][vc_column_text] Synopsis R\u00e9vis\u00e9 en 2016. From My Perspective abordera [\u2026]\" \/>\n<meta property=\"og:url\" content=\"https:\/\/ceric.ca\/fr\/publications\/mon-point-de-vue-guide-sur-la-gestion-de-centres-de-carrieres-collegiaux-et-universitaires\/\" \/>\n<meta property=\"og:site_name\" content=\"CERIC\" \/>\n<meta property=\"article:modified_time\" content=\"2026-03-02T16:47:28+00:00\" \/>\n<meta name=\"twitter:card\" content=\"summary_large_image\" \/>\n<meta name=\"twitter:label1\" content=\"Dur\u00e9e de lecture estim\u00e9e\" \/>\n\t<meta name=\"twitter:data1\" content=\"2 minutes\" \/>\n<script type=\"application\/ld+json\" class=\"yoast-schema-graph\">{\"@context\":\"https:\\\/\\\/schema.org\",\"@graph\":[{\"@type\":\"WebPage\",\"@id\":\"https:\\\/\\\/ceric.ca\\\/fr\\\/publications\\\/mon-point-de-vue-guide-sur-la-gestion-de-centres-de-carrieres-collegiaux-et-universitaires\\\/\",\"url\":\"https:\\\/\\\/ceric.ca\\\/fr\\\/publications\\\/mon-point-de-vue-guide-sur-la-gestion-de-centres-de-carrieres-collegiaux-et-universitaires\\\/\",\"name\":\"Mon point de vue : guide sur la gestion de centres de carri\u00e8res coll\u00e9giaux et universitaires - CERIC\",\"isPartOf\":{\"@id\":\"https:\\\/\\\/ceric.ca\\\/#website\"},\"primaryImageOfPage\":{\"@id\":\"https:\\\/\\\/ceric.ca\\\/fr\\\/publications\\\/mon-point-de-vue-guide-sur-la-gestion-de-centres-de-carrieres-collegiaux-et-universitaires\\\/#primaryimage\"},\"image\":{\"@id\":\"https:\\\/\\\/ceric.ca\\\/fr\\\/publications\\\/mon-point-de-vue-guide-sur-la-gestion-de-centres-de-carrieres-collegiaux-et-universitaires\\\/#primaryimage\"},\"thumbnailUrl\":\"https:\\\/\\\/ceric.ca\\\/wp-content\\\/uploads\\\/2022\\\/09\\\/FMP-Employment-Centre-1-222x300.png\",\"datePublished\":\"2022-09-05T03:52:06+00:00\",\"dateModified\":\"2026-03-02T16:47:28+00:00\",\"breadcrumb\":{\"@id\":\"https:\\\/\\\/ceric.ca\\\/fr\\\/publications\\\/mon-point-de-vue-guide-sur-la-gestion-de-centres-de-carrieres-collegiaux-et-universitaires\\\/#breadcrumb\"},\"inLanguage\":\"fr-FR\",\"potentialAction\":[{\"@type\":\"ReadAction\",\"target\":[\"https:\\\/\\\/ceric.ca\\\/fr\\\/publications\\\/mon-point-de-vue-guide-sur-la-gestion-de-centres-de-carrieres-collegiaux-et-universitaires\\\/\"]}]},{\"@type\":\"ImageObject\",\"inLanguage\":\"fr-FR\",\"@id\":\"https:\\\/\\\/ceric.ca\\\/fr\\\/publications\\\/mon-point-de-vue-guide-sur-la-gestion-de-centres-de-carrieres-collegiaux-et-universitaires\\\/#primaryimage\",\"url\":\"https:\\\/\\\/ceric.ca\\\/wp-content\\\/uploads\\\/2022\\\/09\\\/FMP-Employment-Centre-1-222x300.png\",\"contentUrl\":\"https:\\\/\\\/ceric.ca\\\/wp-content\\\/uploads\\\/2022\\\/09\\\/FMP-Employment-Centre-1-222x300.png\"},{\"@type\":\"BreadcrumbList\",\"@id\":\"https:\\\/\\\/ceric.ca\\\/fr\\\/publications\\\/mon-point-de-vue-guide-sur-la-gestion-de-centres-de-carrieres-collegiaux-et-universitaires\\\/#breadcrumb\",\"itemListElement\":[{\"@type\":\"ListItem\",\"position\":1,\"name\":\"Home\",\"item\":\"https:\\\/\\\/ceric.ca\\\/fr\\\/ceric-homepage-2025\\\/\"},{\"@type\":\"ListItem\",\"position\":2,\"name\":\"Publications\",\"item\":\"https:\\\/\\\/ceric.ca\\\/fr\\\/publications\\\/\"},{\"@type\":\"ListItem\",\"position\":3,\"name\":\"Mon point de vue : guide sur la gestion de centres de carri\u00e8res coll\u00e9giaux et universitaires\"}]},{\"@type\":\"WebSite\",\"@id\":\"https:\\\/\\\/ceric.ca\\\/#website\",\"url\":\"https:\\\/\\\/ceric.ca\\\/\",\"name\":\"CERIC\",\"description\":\"\",\"publisher\":{\"@id\":\"https:\\\/\\\/ceric.ca\\\/#organization\"},\"potentialAction\":[{\"@type\":\"SearchAction\",\"target\":{\"@type\":\"EntryPoint\",\"urlTemplate\":\"https:\\\/\\\/ceric.ca\\\/?s={search_term_string}\"},\"query-input\":{\"@type\":\"PropertyValueSpecification\",\"valueRequired\":true,\"valueName\":\"search_term_string\"}}],\"inLanguage\":\"fr-FR\"},{\"@type\":\"Organization\",\"@id\":\"https:\\\/\\\/ceric.ca\\\/#organization\",\"name\":\"CERIC\",\"url\":\"https:\\\/\\\/ceric.ca\\\/\",\"logo\":{\"@type\":\"ImageObject\",\"inLanguage\":\"fr-FR\",\"@id\":\"https:\\\/\\\/ceric.ca\\\/#\\\/schema\\\/logo\\\/image\\\/\",\"url\":\"\",\"contentUrl\":\"\",\"caption\":\"CERIC\"},\"image\":{\"@id\":\"https:\\\/\\\/ceric.ca\\\/#\\\/schema\\\/logo\\\/image\\\/\"}}]}<\/script>\n<!-- \/ Yoast SEO Premium plugin. -->","yoast_head_json":{"title":"Mon point de vue : guide sur la gestion de centres de carri\u00e8res coll\u00e9giaux et universitaires - CERIC","robots":{"index":"index","follow":"follow","max-snippet":"max-snippet:-1","max-image-preview":"max-image-preview:large","max-video-preview":"max-video-preview:-1"},"canonical":"https:\/\/ceric.ca\/fr\/publications\/mon-point-de-vue-guide-sur-la-gestion-de-centres-de-carrieres-collegiaux-et-universitaires\/","og_locale":"fr_FR","og_type":"article","og_title":"Mon point de vue : guide sur la gestion de centres de carri\u00e8res coll\u00e9giaux et universitaires","og_description":"[vc_row][vc_column width=\u00a0\u00bb4\/6&Prime;][vc_row_inner][vc_column_inner][vc_column_text][\/vc_column_text][vc_separator style=\u00a0\u00bbdotted\u00a0\u00bb][vc_column_text css=\u00a0\u00bb.vc_custom_1661361645684{margin-bottom: -40px !important;}\u00a0\u00bb] Auteur(s) Marilyn Van Norman \u00c9diteur CERIC ISBN 978-0-981652-9-5 [\/vc_column_text][\/vc_column_inner][\/vc_row_inner][vc_row_inner][vc_column_inner width=\u00a0\u00bb1\/3&Prime;][\/vc_column_inner][vc_column_inner width=\u00a0\u00bb1\/3&Prime;][\/vc_column_inner][vc_column_inner width=\u00a0\u00bb1\/3&Prime;][\/vc_column_inner][\/vc_row_inner][vc_column_text] Synopsis R\u00e9vis\u00e9 en 2016. From My Perspective abordera [\u2026]","og_url":"https:\/\/ceric.ca\/fr\/publications\/mon-point-de-vue-guide-sur-la-gestion-de-centres-de-carrieres-collegiaux-et-universitaires\/","og_site_name":"CERIC","article_modified_time":"2026-03-02T16:47:28+00:00","twitter_card":"summary_large_image","twitter_misc":{"Dur\u00e9e de lecture estim\u00e9e":"2 minutes"},"schema":{"@context":"https:\/\/schema.org","@graph":[{"@type":"WebPage","@id":"https:\/\/ceric.ca\/fr\/publications\/mon-point-de-vue-guide-sur-la-gestion-de-centres-de-carrieres-collegiaux-et-universitaires\/","url":"https:\/\/ceric.ca\/fr\/publications\/mon-point-de-vue-guide-sur-la-gestion-de-centres-de-carrieres-collegiaux-et-universitaires\/","name":"Mon point de vue : guide sur la gestion de centres de carri\u00e8res coll\u00e9giaux et universitaires - CERIC","isPartOf":{"@id":"https:\/\/ceric.ca\/#website"},"primaryImageOfPage":{"@id":"https:\/\/ceric.ca\/fr\/publications\/mon-point-de-vue-guide-sur-la-gestion-de-centres-de-carrieres-collegiaux-et-universitaires\/#primaryimage"},"image":{"@id":"https:\/\/ceric.ca\/fr\/publications\/mon-point-de-vue-guide-sur-la-gestion-de-centres-de-carrieres-collegiaux-et-universitaires\/#primaryimage"},"thumbnailUrl":"https:\/\/ceric.ca\/wp-content\/uploads\/2022\/09\/FMP-Employment-Centre-1-222x300.png","datePublished":"2022-09-05T03:52:06+00:00","dateModified":"2026-03-02T16:47:28+00:00","breadcrumb":{"@id":"https:\/\/ceric.ca\/fr\/publications\/mon-point-de-vue-guide-sur-la-gestion-de-centres-de-carrieres-collegiaux-et-universitaires\/#breadcrumb"},"inLanguage":"fr-FR","potentialAction":[{"@type":"ReadAction","target":["https:\/\/ceric.ca\/fr\/publications\/mon-point-de-vue-guide-sur-la-gestion-de-centres-de-carrieres-collegiaux-et-universitaires\/"]}]},{"@type":"ImageObject","inLanguage":"fr-FR","@id":"https:\/\/ceric.ca\/fr\/publications\/mon-point-de-vue-guide-sur-la-gestion-de-centres-de-carrieres-collegiaux-et-universitaires\/#primaryimage","url":"https:\/\/ceric.ca\/wp-content\/uploads\/2022\/09\/FMP-Employment-Centre-1-222x300.png","contentUrl":"https:\/\/ceric.ca\/wp-content\/uploads\/2022\/09\/FMP-Employment-Centre-1-222x300.png"},{"@type":"BreadcrumbList","@id":"https:\/\/ceric.ca\/fr\/publications\/mon-point-de-vue-guide-sur-la-gestion-de-centres-de-carrieres-collegiaux-et-universitaires\/#breadcrumb","itemListElement":[{"@type":"ListItem","position":1,"name":"Home","item":"https:\/\/ceric.ca\/fr\/ceric-homepage-2025\/"},{"@type":"ListItem","position":2,"name":"Publications","item":"https:\/\/ceric.ca\/fr\/publications\/"},{"@type":"ListItem","position":3,"name":"Mon point de vue : guide sur la gestion de centres de carri\u00e8res coll\u00e9giaux et universitaires"}]},{"@type":"WebSite","@id":"https:\/\/ceric.ca\/#website","url":"https:\/\/ceric.ca\/","name":"CERIC","description":"","publisher":{"@id":"https:\/\/ceric.ca\/#organization"},"potentialAction":[{"@type":"SearchAction","target":{"@type":"EntryPoint","urlTemplate":"https:\/\/ceric.ca\/?s={search_term_string}"},"query-input":{"@type":"PropertyValueSpecification","valueRequired":true,"valueName":"search_term_string"}}],"inLanguage":"fr-FR"},{"@type":"Organization","@id":"https:\/\/ceric.ca\/#organization","name":"CERIC","url":"https:\/\/ceric.ca\/","logo":{"@type":"ImageObject","inLanguage":"fr-FR","@id":"https:\/\/ceric.ca\/#\/schema\/logo\/image\/","url":"","contentUrl":"","caption":"CERIC"},"image":{"@id":"https:\/\/ceric.ca\/#\/schema\/logo\/image\/"}}]}},"_links":{"self":[{"href":"https:\/\/ceric.ca\/fr\/wp-json\/wp\/v2\/pages\/56444","targetHints":{"allow":["GET"]}}],"collection":[{"href":"https:\/\/ceric.ca\/fr\/wp-json\/wp\/v2\/pages"}],"about":[{"href":"https:\/\/ceric.ca\/fr\/wp-json\/wp\/v2\/types\/page"}],"author":[{"embeddable":true,"href":"https:\/\/ceric.ca\/fr\/wp-json\/wp\/v2\/users\/30"}],"replies":[{"embeddable":true,"href":"https:\/\/ceric.ca\/fr\/wp-json\/wp\/v2\/comments?post=56444"}],"version-history":[{"count":0,"href":"https:\/\/ceric.ca\/fr\/wp-json\/wp\/v2\/pages\/56444\/revisions"}],"up":[{"embeddable":true,"href":"https:\/\/ceric.ca\/fr\/wp-json\/wp\/v2\/pages\/9720"}],"wp:featuredmedia":[{"embeddable":true,"href":"https:\/\/ceric.ca\/fr\/wp-json\/"}],"wp:attachment":[{"href":"https:\/\/ceric.ca\/fr\/wp-json\/wp\/v2\/media?parent=56444"}],"curies":[{"name":"wp","href":"https:\/\/api.w.org\/{rel}","templated":true}]}}