{"id":56597,"date":"2022-09-04T23:48:10","date_gmt":"2022-09-05T03:48:10","guid":{"rendered":"https:\/\/ceric.ca\/?page_id=56597"},"modified":"2026-03-02T11:47:02","modified_gmt":"2026-03-02T16:47:02","slug":"redirection-movers-shakers-and-shifters","status":"publish","type":"page","link":"https:\/\/ceric.ca\/fr\/publications\/redirection-movers-shakers-and-shifters\/","title":{"rendered":"Redirection: Movers, Shakers and Shifters"},"content":{"rendered":"<div class=\"wpb-content-wrapper\"><p>[vc_row][vc_column][vc_row_inner][vc_column_inner][vc_single_image image=\u00a0\u00bb55917&Prime;]\r\n\t<div class=\"wprt-spacer clearfix\" data-desktop=\"20\" data-mobi=\"0\" data-smobi=\"0\"><\/div><div class=\"wprt-headings clearfix \"  style=\"\"><h1 class=\"heading clearfix\" style=\"\">\r\n\t\tREDIRECTION: MOVERS, SHAKERS AND SHIFTERS (SE R\u00c9ORIENTER : DES INDIVIDUS QUI AGISSENT, BOUSCULENT LES ST\u00c9R\u00c9OTYPES ET \u00c9VOLUENT DANS LEURS CARRI\u00c8RES)\r\n\t<\/h1><\/div>\r\n\t<div class=\"wprt-spacer clearfix\" data-desktop=\"20\" data-mobi=\"0\" data-smobi=\"0\"><\/div>[vc_separator style=\u00a0\u00bbdotted\u00a0\u00bb]\r\n\t<div class=\"wprt-spacer clearfix\" data-desktop=\"20\" data-mobi=\"0\" data-smobi=\"0\"><\/div>\r\n\t<div class=\"wprt-spacer clearfix\" data-desktop=\"20\" data-mobi=\"0\" data-smobi=\"0\"><\/div>[vc_column_text]Ce documentaire (en anglais) examine le changement de carri\u00e8re, la transition et le changement professionnel \u00e0 un \u00e2ge avanc\u00e9. Comme l\u2019esp\u00e9rance de vie augmente, beaucoup de gens sont int\u00e9ress\u00e9s par une prolongation de la vie professionnelle. Ce film partage les histoires de cinq personnes qui ont chang\u00e9 de profession \u00e0 l\u2019\u00e2ge de 50 ans ou plus.<\/p>\n<p>\u00c0 l\u2019avenir, on s\u2019attend \u00e0 ce que la r\u00e9orientation augmente dans notre soci\u00e9t\u00e9 au fur et \u00e0 mesure que la transition vers de nouvelles professions augmente. Le terme de redirection se r\u00e9f\u00e8re \u00e0 une nouvelle \u00e9tape de la carri\u00e8re qui \u00e9merge. La redirection est une alternative \u00e0 la retraite \u00e0 mesure que la vie active est prolong\u00e9e. Ce changement se produit en raison des changements sociaux, d\u00e9mographiques, \u00e9conomiques et politiques au Canada.[\/vc_column_text]\r\n\t<div class=\"wprt-spacer clearfix\" data-desktop=\"20\" data-mobi=\"0\" data-smobi=\"0\"><\/div>[vc_video link=\u00a0\u00bbhttps:\/\/youtu.be\/n2Tqt4-LhmA\u00a0\u00bb]\r\n\t<div class=\"wprt-spacer clearfix\" data-desktop=\"20\" data-mobi=\"0\" data-smobi=\"0\"><\/div>[vc_column_text]Le film partage des histoires de travail plus tard dans la vie et les changements de carri\u00e8re dans la deuxi\u00e8me ou troisi\u00e8me carri\u00e8re. Les histoires de ces individus sont percutantes et engageantes; ils d\u00e9crivent eux-m\u00eames les probl\u00e8mes et les d\u00e9fis auxquels ils sont confront\u00e9s lors de leur transition vers de nouveaux emplois. Les participants expliquent les obstacles ainsi que les d\u00e9cisions qu\u2019ils ont prises et invitent le public dans leur vie personnelle. Les motivations pour le changement de carri\u00e8re varient parmi les personnes pr\u00e9sent\u00e9es dans le film. Certaines personnes peuvent \u00eatre oblig\u00e9es de changer d\u2019emploi plus tard dans la vie; certaines personnes peuvent vouloir travailler pour l\u2019\u00e9panouissement personnel, alors que d\u2019autres peuvent avoir besoin de g\u00e9n\u00e9rer un revenu.<\/p>\n<p>Les histoires aident le spectateur \u00e0 comprendre que des changements de carri\u00e8re tardifs sont courants. En outre, le film donne de l\u2019espoir et de l\u2019inspiration aux autres individus en ce qui concerne la transition vers de nouvelles professions.<\/p>\n<p>Le documentaire\u00a0<em>Redirection: Movers, Shakers et Shifters<\/em>\u00a0est\u00a0<a href=\"https:\/\/ceric.ca\/?p=15446\">l\u2019un des volets de l\u2019initiative nationale de Redirection: travail et d\u00e9veloppement de carri\u00e8re financ\u00e9e par le CERIC<\/a>, \u00e9galement appel\u00e9e Projet de redirection. Un guide d\u2019accompagnement compl\u00e9mentaire a \u00e9t\u00e9 d\u00e9velopp\u00e9 pour \u00eatre utilis\u00e9 avec le film. Le film et le guide sont destin\u00e9s\u00a0\u00e0 \u00eatre utilis\u00e9s par les professionnels du d\u00e9veloppement de carri\u00e8re dans leur travail aupr\u00e8s de clients \u00e2g\u00e9s de 50 ans et plus. Le guide contient des suggestions sur la fa\u00e7on d\u2019int\u00e9grer le film dans des ateliers de counseling individuels ou de groupe ainsi que des questions de discussion recommand\u00e9es. Le film est con\u00e7u pour stimuler le dialogue et la discussion sur les th\u00e8mes et les questions entourant le travail, le vieillissement et le d\u00e9veloppement de carri\u00e8re plus tard dans la vie.[\/vc_column_text][\/vc_column_inner][\/vc_row_inner]\r\n\t<div class=\"wprt-spacer clearfix\" data-desktop=\"50\" data-mobi=\"20\" data-smobi=\"20\"><\/div>[vc_row_inner][vc_column_inner width=\u00a0\u00bb1\/4&Prime;][vc_single_image image=\u00a0\u00bb40054&Prime; img_size=\u00a0\u00bbmedium\u00a0\u00bb][\/vc_column_inner][vc_column_inner width=\u00a0\u00bb3\/4&Prime;][vc_column_text]<div class='w3eden wpdm_package_shortcode'><div class=\"media well link-template-widget\">\n    <div class=\"media-body\">\n        <a href=\"https:\/\/ceric.ca\/wpdm-package\/redirection-companion-guide\/?wpdmdl=19733&refresh=69d8c9ce39b971775815118\" style=\"display: block;clear: bottom;font-size: 11pt;font-weight: bold;\">Redirection Companion Guide<\/a>\n        <div style=\"font-size: 9pt;\">\n            <i class=\"fas fa-hdd color-green\"><\/i> 497.66 KB <i class=\"fa fa-copy ml-3\"><\/i>\n            1 file(s)\n        <\/div>\n    <\/div>\n<\/div>\n\n<\/div>[\/vc_column_text][\/vc_column_inner][\/vc_row_inner]\r\n\t<div class=\"wprt-spacer clearfix\" data-desktop=\"50\" data-mobi=\"20\" data-smobi=\"20\"><\/div><div class=\"wprt-headings clearfix \"  style=\"\"><h2 class=\"heading clearfix\" style=\"\">\r\n\t\tDans l\u2019actualit\u00e9!\r\n\t<\/h2><\/div>\r\n\t<div class=\"wprt-spacer clearfix\" data-desktop=\"50\" data-mobi=\"20\" data-smobi=\"20\"><\/div>[vc_column_text]<\/p>\n<ul>\n<li style=\"list-style-type: none;\">\n<ul>\n<li><a href=\"https:\/\/globalnews.ca\/video\/3867744\/atlantic-canada-needs-to-adapt-to-regions-changing-demographic\" target=\"_blank\" rel=\"noopener noreferrer\">Atlantic Canada needs to adapt to region\u2019s changing demographic<\/a>\u00a0pr\u00e9sent\u00e9 sur Global News Halifax (17 novembre 2017)<\/li>\n<li><a href=\"http:\/\/www.affairesuniversitaires.ca\/conseils-carriere\/conseils-carriere-article\/prendre-sa-retraite-ou-prendre-un-nouveau-virage\/#_ga=2.26742517.99823430.1501513746-69906888.1498681160\" target=\"_blank\" rel=\"noopener noreferrer\">Prendre sa retraite ou un nouveau virage?<\/a>\u00a0pr\u00e9sent\u00e9 sur Affaires universitaires (10 juillet 2017)<\/li>\n<li><a href=\"https:\/\/www.pressreader.com\/canada\/zoomer-magazine\/20170301\/281612420103992\" target=\"_blank\" rel=\"noopener noreferrer\">Go Your OwnWay<\/a>\u00a0(en anglais) pr\u00e9sent\u00e9 sur Zoomer (1 mars 2017)<\/li>\n<li><a href=\"http:\/\/www.cbc.ca\/news\/canada\/calgary\/retiring-well-experts-staying-active-1.3952537\" target=\"_blank\" rel=\"noopener noreferrer\">How do you retire well? Experts say active is the new normal<\/a>\u00a0(en anglais) pr\u00e9sent\u00e9 sur CBC news, Calgary (25 janvier 2017)<\/li>\n<li><a href=\"http:\/\/www.cbc.ca\/radio\/thecurrent\/the-current-for-january-24-2017-1.3948620\/why-more-canadians-are-ditching-retirement-for-new-careers-1.3948632\" target=\"_blank\" rel=\"noopener noreferrer\">Why more Canadians are ditching retirement for new careers<\/a>\u00a0(en anglais) pr\u00e9sent\u00e9 sur The Current, CBC radio (24 janvier 2017)<\/li>\n<li><a href=\"http:\/\/contactpoint.ca\/2017\/02\/later-life-career-development\/\" target=\"_blank\" rel=\"noopener noreferrer\">Later life career development<\/a>\u00a0(en anglais), pr\u00e9sent\u00e9 dans\u00a0<em>Careering<\/em>\u00a0(23 janvier 2017)<\/li>\n<li><a href=\"http:\/\/yfile.news.yorku.ca\/2016\/01\/25\/story-contest-captures-how-baby-boomers-reinvent-retirement\/\" target=\"_blank\" rel=\"noopener noreferrer\">Story contest captures how baby boomers reinvent retirement<\/a>\u00a0(en anglais) pr\u00e9sent\u00e9 sur York University News (25 janvier 2016)<\/li>\n<li><a href=\"http:\/\/contactpoint.ca\/2015\/11\/later-life-careers-demographic-shifts-and-hollywoods-the-intern-a-discussion-with-suzanne-cook-and-lisa-taylor-part-1\/\" target=\"_blank\" rel=\"noopener noreferrer\">Later life careers, demographic shifts and Hollywood\u2019s \u201cThe Intern\u201d: A discussion with Suzanne Cook and Lisa Taylor<\/a>\u00a0(en anglais), pr\u00e9sent\u00e9 sur ContactPoint (15 novembre 2015)<\/li>\n<li><a href=\"http:\/\/www.theglobeandmail.com\/report-on-business\/careers\/career-advice\/life-at-work\/what-do-you-plan-to-do-in-non-retirement\/article26758191\/\" target=\"_blank\" rel=\"noopener noreferrer\">What do you plan to do in non-retirement?<\/a>\u00a0(en anglais) pr\u00e9sent\u00e9 dans\u00a0<em>The Globe and Mail<\/em>\u00a0(9 octobre 2015)<\/li>\n<li><a href=\"http:\/\/alumniandfriends.yorku.ca\/2015\/09\/17\/researcher-to-explore-new-careers-among-older-adults\/\" target=\"_blank\" rel=\"noopener noreferrer\">Researcher to explore new careers among older adults<\/a>\u00a0(en anglais)\u00a0pr\u00e9sent\u00e9 sur York University News (17 septembre 2015)<\/li>\n<\/ul>\n<\/li>\n<\/ul>\n<p>Le film de 33 minutes a \u00e9t\u00e9 d\u00e9velopp\u00e9 par le Dr Suzanne L. Cook. Dr Cook est une socio-g\u00e9rontologue, une \u00e9ducatrice pour adultes et une professeure adjointe au D\u00e9partement de sociologie \u00e0 l\u2019Universit\u00e9 York et au Centre for Aging Research and Education. Elle est \u00e9galement membre du corps professoral au Trent Center for Aging &amp; Society de l\u2019Universit\u00e9 Trent et fondatrice de l\u2019organisation Carpe Vitam. \u00e0 l\u2019Universit\u00e9 York. Vous pouvez en apprendre plus sur son travail \u00e0\u00a0<a href=\"http:\/\/www.suzannecook.ca\/redirection\/\" target=\"_blank\" rel=\"noopener noreferrer\">http:\/\/www.myredirection.com<\/a><\/p>\n<p>[\/vc_column_text]\r\n\t<div class=\"wprt-spacer clearfix\" data-desktop=\"20\" data-mobi=\"0\" data-smobi=\"0\"><\/div>\r\n\t<div class=\"wprt-spacer clearfix\" data-desktop=\"20\" data-mobi=\"0\" data-smobi=\"0\"><\/div>[vc_column_text css=\u00a0\u00bb.vc_custom_1658938502640{margin-top: -40px !important;}\u00a0\u00bb]<img decoding=\"async\" class=\"alignnone size-medium wp-image-19457\" src=\"https:\/\/ceric.ca\/wp-content\/uploads\/2017\/02\/admin-ajax-300x133.png\" alt=\"York University Logo\" width=\"300\" height=\"133\" srcset=\"https:\/\/ceric.ca\/wp-content\/uploads\/2017\/02\/admin-ajax-300x133.png 300w, https:\/\/ceric.ca\/wp-content\/uploads\/2017\/02\/admin-ajax-156x69.png 156w, https:\/\/ceric.ca\/wp-content\/uploads\/2017\/02\/admin-ajax.png 400w\" sizes=\"(max-width:767px) 300px, 300px\" \/>[\/vc_column_text]\r\n\t<div class=\"wprt-spacer clearfix\" data-desktop=\"20\" data-mobi=\"0\" data-smobi=\"0\"><\/div>[vc_column_text css=\u00a0\u00bb.vc_custom_1658938459933{margin-top: -40px !important;}\u00a0\u00bb][\/vc_column_text]\r\n\t<div class=\"wprt-spacer clearfix\" data-desktop=\"20\" data-mobi=\"0\" data-smobi=\"0\"><\/div><div class=\"wprt-headings clearfix \"  style=\"\"><h2 class=\"heading clearfix\" style=\"\">\r\n\t\tEnregistrement du webinaire (en anglais)\r\n\t<\/h2><\/div>\r\n\t<div class=\"wprt-spacer clearfix\" data-desktop=\"20\" data-mobi=\"0\" data-smobi=\"0\"><\/div>[vc_video link=\u00a0\u00bbhttps:\/\/youtu.be\/Hso4N4lL0jc\u00a0\u00bb][\/vc_column][\/vc_row][vc_row][vc_column]\r\n\t<div class=\"wprt-spacer clearfix\" data-desktop=\"60\" data-mobi=\"0\" data-smobi=\"0\"><\/div>[vc_separator style=\u00a0\u00bbdouble\u00a0\u00bb][\/vc_column][\/vc_row]<\/p>\n<\/div>","protected":false},"excerpt":{"rendered":"<p>[vc_row][vc_column][vc_row_inner][vc_column_inner][vc_single_image image=\u00a0\u00bb55917&Prime;][vc_separator style=\u00a0\u00bbdotted\u00a0\u00bb][vc_column_text]Ce documentaire (en anglais) examine le changement de carri\u00e8re, la transition et le changement professionnel \u00e0 un \u00e2ge avanc\u00e9. Comme l\u2019esp\u00e9rance de vie augmente,<span class=\"excerpt-hellip\"> [\u2026]<\/span><\/p>\n","protected":false},"author":30,"featured_media":-1,"parent":9720,"menu_order":0,"comment_status":"closed","ping_status":"closed","template":"","meta":{"h5ap_radio_sources":[],"footnotes":""},"class_list":["post-56597","page","type-page","status-publish","has-post-thumbnail","hentry"],"yoast_head":"<!-- This site is optimized with the Yoast SEO Premium plugin v27.3 (Yoast SEO v27.3) - https:\/\/yoast.com\/product\/yoast-seo-premium-wordpress\/ -->\n<title>Redirection: Movers, Shakers and Shifters - CERIC<\/title>\n<meta name=\"robots\" content=\"index, follow, max-snippet:-1, max-image-preview:large, max-video-preview:-1\" \/>\n<link rel=\"canonical\" href=\"https:\/\/ceric.ca\/fr\/publications\/redirection-movers-shakers-and-shifters\/\" \/>\n<meta property=\"og:locale\" content=\"fr_FR\" \/>\n<meta property=\"og:type\" content=\"article\" \/>\n<meta property=\"og:title\" content=\"Redirection: Movers, Shakers and Shifters\" \/>\n<meta property=\"og:description\" content=\"[vc_row][vc_column][vc_row_inner][vc_column_inner][vc_single_image image=\u00a0\u00bb55917&Prime;][vc_separator style=\u00a0\u00bbdotted\u00a0\u00bb][vc_column_text]Ce documentaire (en anglais) examine le changement de carri\u00e8re, la transition et le changement professionnel \u00e0 un \u00e2ge avanc\u00e9. Comme l\u2019esp\u00e9rance de vie augmente, [\u2026]\" \/>\n<meta property=\"og:url\" content=\"https:\/\/ceric.ca\/fr\/publications\/redirection-movers-shakers-and-shifters\/\" \/>\n<meta property=\"og:site_name\" content=\"CERIC\" \/>\n<meta property=\"article:modified_time\" content=\"2026-03-02T16:47:02+00:00\" \/>\n<meta name=\"twitter:card\" content=\"summary_large_image\" \/>\n<meta name=\"twitter:label1\" content=\"Dur\u00e9e de lecture estim\u00e9e\" \/>\n\t<meta name=\"twitter:data1\" content=\"4 minutes\" \/>\n<script type=\"application\/ld+json\" class=\"yoast-schema-graph\">{\"@context\":\"https:\\\/\\\/schema.org\",\"@graph\":[{\"@type\":\"WebPage\",\"@id\":\"https:\\\/\\\/ceric.ca\\\/fr\\\/publications\\\/redirection-movers-shakers-and-shifters\\\/\",\"url\":\"https:\\\/\\\/ceric.ca\\\/fr\\\/publications\\\/redirection-movers-shakers-and-shifters\\\/\",\"name\":\"Redirection: Movers, Shakers and Shifters - CERIC\",\"isPartOf\":{\"@id\":\"https:\\\/\\\/ceric.ca\\\/#website\"},\"primaryImageOfPage\":{\"@id\":\"https:\\\/\\\/ceric.ca\\\/fr\\\/publications\\\/redirection-movers-shakers-and-shifters\\\/#primaryimage\"},\"image\":{\"@id\":\"https:\\\/\\\/ceric.ca\\\/fr\\\/publications\\\/redirection-movers-shakers-and-shifters\\\/#primaryimage\"},\"thumbnailUrl\":\"https:\\\/\\\/ceric.ca\\\/wp-content\\\/uploads\\\/2017\\\/02\\\/admin-ajax-300x133.png\",\"datePublished\":\"2022-09-05T03:48:10+00:00\",\"dateModified\":\"2026-03-02T16:47:02+00:00\",\"breadcrumb\":{\"@id\":\"https:\\\/\\\/ceric.ca\\\/fr\\\/publications\\\/redirection-movers-shakers-and-shifters\\\/#breadcrumb\"},\"inLanguage\":\"fr-FR\",\"potentialAction\":[{\"@type\":\"ReadAction\",\"target\":[\"https:\\\/\\\/ceric.ca\\\/fr\\\/publications\\\/redirection-movers-shakers-and-shifters\\\/\"]}]},{\"@type\":\"ImageObject\",\"inLanguage\":\"fr-FR\",\"@id\":\"https:\\\/\\\/ceric.ca\\\/fr\\\/publications\\\/redirection-movers-shakers-and-shifters\\\/#primaryimage\",\"url\":\"https:\\\/\\\/ceric.ca\\\/wp-content\\\/uploads\\\/2017\\\/02\\\/admin-ajax-300x133.png\",\"contentUrl\":\"https:\\\/\\\/ceric.ca\\\/wp-content\\\/uploads\\\/2017\\\/02\\\/admin-ajax-300x133.png\"},{\"@type\":\"BreadcrumbList\",\"@id\":\"https:\\\/\\\/ceric.ca\\\/fr\\\/publications\\\/redirection-movers-shakers-and-shifters\\\/#breadcrumb\",\"itemListElement\":[{\"@type\":\"ListItem\",\"position\":1,\"name\":\"Home\",\"item\":\"https:\\\/\\\/ceric.ca\\\/fr\\\/ceric-homepage-2025\\\/\"},{\"@type\":\"ListItem\",\"position\":2,\"name\":\"Publications\",\"item\":\"https:\\\/\\\/ceric.ca\\\/fr\\\/publications\\\/\"},{\"@type\":\"ListItem\",\"position\":3,\"name\":\"Redirection: Movers, Shakers and Shifters\"}]},{\"@type\":\"WebSite\",\"@id\":\"https:\\\/\\\/ceric.ca\\\/#website\",\"url\":\"https:\\\/\\\/ceric.ca\\\/\",\"name\":\"CERIC\",\"description\":\"\",\"publisher\":{\"@id\":\"https:\\\/\\\/ceric.ca\\\/#organization\"},\"potentialAction\":[{\"@type\":\"SearchAction\",\"target\":{\"@type\":\"EntryPoint\",\"urlTemplate\":\"https:\\\/\\\/ceric.ca\\\/?s={search_term_string}\"},\"query-input\":{\"@type\":\"PropertyValueSpecification\",\"valueRequired\":true,\"valueName\":\"search_term_string\"}}],\"inLanguage\":\"fr-FR\"},{\"@type\":\"Organization\",\"@id\":\"https:\\\/\\\/ceric.ca\\\/#organization\",\"name\":\"CERIC\",\"url\":\"https:\\\/\\\/ceric.ca\\\/\",\"logo\":{\"@type\":\"ImageObject\",\"inLanguage\":\"fr-FR\",\"@id\":\"https:\\\/\\\/ceric.ca\\\/#\\\/schema\\\/logo\\\/image\\\/\",\"url\":\"\",\"contentUrl\":\"\",\"caption\":\"CERIC\"},\"image\":{\"@id\":\"https:\\\/\\\/ceric.ca\\\/#\\\/schema\\\/logo\\\/image\\\/\"}}]}<\/script>\n<!-- \/ Yoast SEO Premium plugin. -->","yoast_head_json":{"title":"Redirection: Movers, Shakers and Shifters - CERIC","robots":{"index":"index","follow":"follow","max-snippet":"max-snippet:-1","max-image-preview":"max-image-preview:large","max-video-preview":"max-video-preview:-1"},"canonical":"https:\/\/ceric.ca\/fr\/publications\/redirection-movers-shakers-and-shifters\/","og_locale":"fr_FR","og_type":"article","og_title":"Redirection: Movers, Shakers and Shifters","og_description":"[vc_row][vc_column][vc_row_inner][vc_column_inner][vc_single_image image=\u00a0\u00bb55917&Prime;][vc_separator style=\u00a0\u00bbdotted\u00a0\u00bb][vc_column_text]Ce documentaire (en anglais) examine le changement de carri\u00e8re, la transition et le changement professionnel \u00e0 un \u00e2ge avanc\u00e9. Comme l\u2019esp\u00e9rance de vie augmente, [\u2026]","og_url":"https:\/\/ceric.ca\/fr\/publications\/redirection-movers-shakers-and-shifters\/","og_site_name":"CERIC","article_modified_time":"2026-03-02T16:47:02+00:00","twitter_card":"summary_large_image","twitter_misc":{"Dur\u00e9e de lecture estim\u00e9e":"4 minutes"},"schema":{"@context":"https:\/\/schema.org","@graph":[{"@type":"WebPage","@id":"https:\/\/ceric.ca\/fr\/publications\/redirection-movers-shakers-and-shifters\/","url":"https:\/\/ceric.ca\/fr\/publications\/redirection-movers-shakers-and-shifters\/","name":"Redirection: Movers, Shakers and Shifters - CERIC","isPartOf":{"@id":"https:\/\/ceric.ca\/#website"},"primaryImageOfPage":{"@id":"https:\/\/ceric.ca\/fr\/publications\/redirection-movers-shakers-and-shifters\/#primaryimage"},"image":{"@id":"https:\/\/ceric.ca\/fr\/publications\/redirection-movers-shakers-and-shifters\/#primaryimage"},"thumbnailUrl":"https:\/\/ceric.ca\/wp-content\/uploads\/2017\/02\/admin-ajax-300x133.png","datePublished":"2022-09-05T03:48:10+00:00","dateModified":"2026-03-02T16:47:02+00:00","breadcrumb":{"@id":"https:\/\/ceric.ca\/fr\/publications\/redirection-movers-shakers-and-shifters\/#breadcrumb"},"inLanguage":"fr-FR","potentialAction":[{"@type":"ReadAction","target":["https:\/\/ceric.ca\/fr\/publications\/redirection-movers-shakers-and-shifters\/"]}]},{"@type":"ImageObject","inLanguage":"fr-FR","@id":"https:\/\/ceric.ca\/fr\/publications\/redirection-movers-shakers-and-shifters\/#primaryimage","url":"https:\/\/ceric.ca\/wp-content\/uploads\/2017\/02\/admin-ajax-300x133.png","contentUrl":"https:\/\/ceric.ca\/wp-content\/uploads\/2017\/02\/admin-ajax-300x133.png"},{"@type":"BreadcrumbList","@id":"https:\/\/ceric.ca\/fr\/publications\/redirection-movers-shakers-and-shifters\/#breadcrumb","itemListElement":[{"@type":"ListItem","position":1,"name":"Home","item":"https:\/\/ceric.ca\/fr\/ceric-homepage-2025\/"},{"@type":"ListItem","position":2,"name":"Publications","item":"https:\/\/ceric.ca\/fr\/publications\/"},{"@type":"ListItem","position":3,"name":"Redirection: Movers, Shakers and Shifters"}]},{"@type":"WebSite","@id":"https:\/\/ceric.ca\/#website","url":"https:\/\/ceric.ca\/","name":"CERIC","description":"","publisher":{"@id":"https:\/\/ceric.ca\/#organization"},"potentialAction":[{"@type":"SearchAction","target":{"@type":"EntryPoint","urlTemplate":"https:\/\/ceric.ca\/?s={search_term_string}"},"query-input":{"@type":"PropertyValueSpecification","valueRequired":true,"valueName":"search_term_string"}}],"inLanguage":"fr-FR"},{"@type":"Organization","@id":"https:\/\/ceric.ca\/#organization","name":"CERIC","url":"https:\/\/ceric.ca\/","logo":{"@type":"ImageObject","inLanguage":"fr-FR","@id":"https:\/\/ceric.ca\/#\/schema\/logo\/image\/","url":"","contentUrl":"","caption":"CERIC"},"image":{"@id":"https:\/\/ceric.ca\/#\/schema\/logo\/image\/"}}]}},"_links":{"self":[{"href":"https:\/\/ceric.ca\/fr\/wp-json\/wp\/v2\/pages\/56597","targetHints":{"allow":["GET"]}}],"collection":[{"href":"https:\/\/ceric.ca\/fr\/wp-json\/wp\/v2\/pages"}],"about":[{"href":"https:\/\/ceric.ca\/fr\/wp-json\/wp\/v2\/types\/page"}],"author":[{"embeddable":true,"href":"https:\/\/ceric.ca\/fr\/wp-json\/wp\/v2\/users\/30"}],"replies":[{"embeddable":true,"href":"https:\/\/ceric.ca\/fr\/wp-json\/wp\/v2\/comments?post=56597"}],"version-history":[{"count":0,"href":"https:\/\/ceric.ca\/fr\/wp-json\/wp\/v2\/pages\/56597\/revisions"}],"up":[{"embeddable":true,"href":"https:\/\/ceric.ca\/fr\/wp-json\/wp\/v2\/pages\/9720"}],"wp:featuredmedia":[{"embeddable":true,"href":"https:\/\/ceric.ca\/fr\/wp-json\/"}],"wp:attachment":[{"href":"https:\/\/ceric.ca\/fr\/wp-json\/wp\/v2\/media?parent=56597"}],"curies":[{"name":"wp","href":"https:\/\/api.w.org\/{rel}","templated":true}]}}