{"id":56613,"date":"2022-09-04T23:40:39","date_gmt":"2022-09-05T03:40:39","guid":{"rendered":"https:\/\/ceric.ca\/?page_id=56613"},"modified":"2026-03-02T11:45:21","modified_gmt":"2026-03-02T16:45:21","slug":"nouvelles-perspectives-sur-les-pratiques-inspirantes-dans-les-services-dorientation-professionnelle-un-guide-de-reference-en-anglais-seulement","status":"publish","type":"page","link":"https:\/\/ceric.ca\/fr\/publications\/nouvelles-perspectives-sur-les-pratiques-inspirantes-dans-les-services-dorientation-professionnelle-un-guide-de-reference-en-anglais-seulement\/","title":{"rendered":"Nouvelles perspectives sur les pratiques inspirantes dans les services d\u2019orientation professionnelle : un guide de r\u00e9f\u00e9rence (en anglais seulement)"},"content":{"rendered":"<div class=\"wpb-content-wrapper\"><p>[vc_row][vc_column][vc_row_inner][vc_column_inner][vc_single_image image=\u00a0\u00bb56088&Prime;]\r\n\t<div class=\"wprt-spacer clearfix\" data-desktop=\"20\" data-mobi=\"0\" data-smobi=\"0\"><\/div><div class=\"wprt-headings clearfix \"  style=\"\"><h1 class=\"heading clearfix\" style=\"\">\r\n\t\tNOUVELLES PERSPECTIVES SUR LES PRATIQUES INSPIRANTES DANS LES SERVICES D\u2019ORIENTATION PROFESSIONNELLE : UN GUIDE DE R\u00c9F\u00c9RENCE (EN ANGLAIS SEULEMENT)\r\n\t<\/h1><\/div>\r\n\t<div class=\"wprt-spacer clearfix\" data-desktop=\"20\" data-mobi=\"0\" data-smobi=\"0\"><\/div>[vc_separator style=\u00a0\u00bbdotted\u00a0\u00bb]\r\n\t<div class=\"wprt-spacer clearfix\" data-desktop=\"20\" data-mobi=\"0\" data-smobi=\"0\"><\/div>\r\n\t<div class=\"wprt-spacer clearfix\" data-desktop=\"20\" data-mobi=\"0\" data-smobi=\"0\"><\/div>[vc_column_text]<\/p>\n<div class=\"wpb_text_column wpb_content_element vc_custom_1593191794278\">\n<div class=\"wpb_wrapper\">\n<p>Voici le second de deux rapports r\u00e9sumant les r\u00e9sultats d\u2019une \u00e9tude commandit\u00e9e par le CERIC et dirig\u00e9e par le professeur Peter Dietsche et par Jim Lees, tous deux de PSE Information Systems. L\u2019\u00e9tude visait \u00e0 \u00e9tablir l\u2019importance accord\u00e9e par les universit\u00e9s et les coll\u00e8ges financ\u00e9s par l\u2019\u00c9tat aux services de d\u00e9veloppement de carri\u00e8re et \u00e0 pr\u00e9senter des mod\u00e8les inspirants de services d\u2019orientation professionnelle dans l\u2019ensemble du pays.<\/p>\n<p><span id=\"more-21025\"><\/span>Ce guide de r\u00e9f\u00e9rence analyse les r\u00e9sultats des entretiens avec le personnel des services d\u2019orientation professionnelle de 15\u00a0\u00e9tablissements postsecondaires au Canada ayant les mod\u00e8les les plus inspirants. Les r\u00e9sultats sont pr\u00e9sent\u00e9s en deux\u00a0parties. La premi\u00e8re partie du guide d\u00e9crit les th\u00e8mes relev\u00e9s pendant les entretiens relativement aux aspects suivants\u00a0:<\/p>\n<ul>\n<li>Caract\u00e9ristiques communes aux mod\u00e8les inspirants<\/li>\n<li>Histoire de l\u2019\u00e9mergence de ces mod\u00e8les<\/li>\n<li>Engagement des \u00e9tablissements \u00e0 l\u2019\u00e9gard des services d\u2019orientation professionnelle<\/li>\n<li>Obstacles \u00e0 la mise en \u0153uvre des mod\u00e8les<\/li>\n<li>Sources et probl\u00e8mes de financement<\/li>\n<\/ul>\n<p>La deuxi\u00e8me partie du guide d\u00e9crit les principales caract\u00e9ristiques du mod\u00e8le de services d\u2019orientation de chaque \u00e9tablissement postsecondaire et pr\u00e9sente jusqu\u2019\u00e0 trois \u00ab\u00a0pratiques exemplaires\u00a0\u00bb du personnel de chacun de ces services d\u2019orientation professionnelle.<\/p>\n<p>Ce guide de r\u00e9f\u00e9rence vise \u00e0 mettre en \u00e9vidence les politiques et les pratiques \u00e9labor\u00e9es par les sp\u00e9cialistes de l\u2019orientation professionnelle des universit\u00e9s et coll\u00e8ges canadiens consid\u00e9r\u00e9s comme ayant un mod\u00e8le inspirant en mati\u00e8re de prestation des services d\u2019orientation professionnelle.<\/p>\n<\/div>\n<\/div>\n<p>[\/vc_column_text]\r\n\t<div class=\"wprt-spacer clearfix\" data-desktop=\"50\" data-mobi=\"20\" data-smobi=\"20\"><\/div>[\/vc_column_inner][\/vc_row_inner][vc_row_inner][vc_column_inner width=\u00a0\u00bb1\/4&Prime;][vc_single_image image=\u00a0\u00bb22189&Prime; img_size=\u00a0\u00bb143&#215;173&Prime;][\/vc_column_inner][vc_column_inner width=\u00a0\u00bb3\/4&Prime;][vc_column_text]<div class='w3eden wpdm_package_shortcode'><div class=\"media well link-template-widget\">\n    <div class=\"media-body\">\n        <a href=\"https:\/\/ceric.ca\/wpdm-package\/insight-impressive-practices-career-services-reference-guide\/?wpdmdl=20998&refresh=6a052dcbc64c41778724299\" style=\"display: block;clear: bottom;font-size: 11pt;font-weight: bold;\">Insight into Impressive Practices in Career Services: A Reference Guide<\/a>\n        <div style=\"font-size: 9pt;\">\n            <i class=\"fas fa-hdd color-green\"><\/i> 1.08 MB <i class=\"fa fa-copy ml-3\"><\/i>\n            1 file(s)\n        <\/div>\n    <\/div>\n<\/div>\n\n<\/div>[\/vc_column_text][\/vc_column_inner][\/vc_row_inner][vc_row_inner][vc_column_inner width=\u00a0\u00bb1\/4&Prime;][vc_single_image image=\u00a0\u00bb39340&Prime; img_size=\u00a0\u00bb143&#215;173&Prime;][\/vc_column_inner][vc_column_inner width=\u00a0\u00bb3\/4&Prime;][vc_column_text]<div class='w3eden wpdm_package_shortcode'><div class=\"media well link-template-widget\">\n    <div class=\"media-body\">\n        <a href=\"https:\/\/ceric.ca\/wpdm-package\/insight-canadian-post-secondary-career-service-models\/?wpdmdl=20030&refresh=6a052dcc14a3d1778724300\" style=\"display: block;clear: bottom;font-size: 11pt;font-weight: bold;\">Insight into Canadian Post-Secondary Career Service Models - Final Report<\/a>\n        <div style=\"font-size: 9pt;\">\n            <i class=\"fas fa-hdd color-green\"><\/i> 1.48 MB <i class=\"fa fa-copy ml-3\"><\/i>\n            1 file(s)\n        <\/div>\n    <\/div>\n<\/div>\n\n<\/div>[\/vc_column_text][\/vc_column_inner][\/vc_row_inner]\r\n\t<div class=\"wprt-spacer clearfix\" data-desktop=\"50\" data-mobi=\"20\" data-smobi=\"20\"><\/div><div class=\"wprt-headings clearfix \"  style=\"\"><h2 class=\"heading clearfix\" style=\"\">\r\n\t\tEnregistrement du webinaire (en Anglais)\r\n\t<\/h2><\/div>\r\n\t<div class=\"wprt-spacer clearfix\" data-desktop=\"20\" data-mobi=\"0\" data-smobi=\"0\"><\/div>\r\n\t<div class=\"wprt-accordions style-1\"><div class=\"accordion\"><div class=\"mfn-acc accordion_wrapper \"><iframe src=\"https:\/\/player.vimeo.com\/video\/242818197?h=3dea4f499e\" width=\"640\" height=\"360\" frameborder=\"0\" allowfullscreen=\"allowfullscreen\" data-mce-fragment=\"1\"><\/iframe><\/p>\n<p><a href=\"https:\/\/vimeo.com\/242818197\">Webinar Series: \u201cImpressive\u201d Post-Secondary Career Service Models: What Have We Learned? November 13, 2017<\/a> from <a href=\"https:\/\/vimeo.com\/ceric\">CERIC<\/a> on <a href=\"https:\/\/vimeo.com\">Vimeo<\/a>.<\/p>\n<p><\/div><\/div>\n<div class=\"accordion\"><div class=\"mfn-acc accordion_wrapper \"><iframe title=\"vimeo-player\" src=\"https:\/\/player.vimeo.com\/video\/242822779?h=6ffc1a05da\" width=\"640\" height=\"360\" frameborder=\"0\" allowfullscreen=\"allowfullscreen\" data-mce-fragment=\"1\"><\/iframe><\/div><\/div>\n<div class=\"accordion\"><div class=\"mfn-acc accordion_wrapper \"><iframe title=\"vimeo-player\" src=\"https:\/\/player.vimeo.com\/video\/243012054?h=1f75571fc2\" width=\"640\" height=\"360\" frameborder=\"0\" allowfullscreen=\"allowfullscreen\" data-mce-fragment=\"1\"><\/iframe><\/div><\/div>\n<div class=\"accordion\"><div class=\"mfn-acc accordion_wrapper \"><iframe title=\"vimeo-player\" src=\"https:\/\/player.vimeo.com\/video\/243182517?h=abc313f4f9\" width=\"640\" height=\"360\" frameborder=\"0\" allowfullscreen=\"allowfullscreen\" data-mce-fragment=\"1\"><\/iframe><\/div><\/div>\n<div class=\"accordion\"><div class=\"mfn-acc accordion_wrapper \"><iframe title=\"vimeo-player\" src=\"https:\/\/player.vimeo.com\/video\/243366779?h=3845b9cbd7\" width=\"640\" height=\"360\" frameborder=\"0\" allowfullscreen=\"allowfullscreen\" data-mce-fragment=\"1\"><\/iframe><\/div><\/div>\n<\/div>[\/vc_column][\/vc_row][vc_row][vc_column]\r\n\t<div class=\"wprt-spacer clearfix\" data-desktop=\"20\" data-mobi=\"0\" data-smobi=\"0\"><\/div>[vc_column_text]<img decoding=\"async\" class=\"alignnone wp-image-20993 size-medium\" src=\"https:\/\/ceric.ca\/wp-content\/uploads\/2017\/10\/PSE-logo-300x43.png\" alt=\"\" width=\"300\" height=\"43\" srcset=\"https:\/\/ceric.ca\/wp-content\/uploads\/2017\/10\/PSE-logo-300x43.png 300w, https:\/\/ceric.ca\/wp-content\/uploads\/2017\/10\/PSE-logo-156x22.png 156w, https:\/\/ceric.ca\/wp-content\/uploads\/2017\/10\/PSE-logo.png 400w\" sizes=\"(max-width:767px) 300px, 300px\" \/>[\/vc_column_text]\r\n\t<div class=\"wprt-spacer clearfix\" data-desktop=\"20\" data-mobi=\"0\" data-smobi=\"0\"><\/div>[vc_separator style=\u00a0\u00bbdouble\u00a0\u00bb]\r\n\t<div class=\"wprt-spacer clearfix\" data-desktop=\"60\" data-mobi=\"0\" data-smobi=\"0\"><\/div>[\/vc_column][\/vc_row]<\/p>\n<\/div>","protected":false},"excerpt":{"rendered":"<p>[vc_row][vc_column][vc_row_inner][vc_column_inner][vc_single_image image=\u00a0\u00bb56088&Prime;][vc_separator style=\u00a0\u00bbdotted\u00a0\u00bb][vc_column_text] Voici le second de deux rapports r\u00e9sumant les r\u00e9sultats d\u2019une \u00e9tude commandit\u00e9e par le CERIC et dirig\u00e9e par le professeur Peter Dietsche et<span class=\"excerpt-hellip\"> [\u2026]<\/span><\/p>\n","protected":false},"author":30,"featured_media":-1,"parent":9720,"menu_order":0,"comment_status":"closed","ping_status":"closed","template":"","meta":{"h5ap_radio_sources":[],"footnotes":""},"class_list":["post-56613","page","type-page","status-publish","has-post-thumbnail","hentry"],"yoast_head":"<!-- This site is optimized with the Yoast SEO Premium plugin v27.5 (Yoast SEO v27.5) - https:\/\/yoast.com\/product\/yoast-seo-premium-wordpress\/ -->\n<title>Nouvelles perspectives sur les pratiques inspirantes dans les services d\u2019orientation professionnelle : un guide de r\u00e9f\u00e9rence (en anglais seulement) - CERIC<\/title>\n<meta name=\"robots\" content=\"index, follow, max-snippet:-1, max-image-preview:large, max-video-preview:-1\" \/>\n<link rel=\"canonical\" href=\"https:\/\/ceric.ca\/fr\/publications\/nouvelles-perspectives-sur-les-pratiques-inspirantes-dans-les-services-dorientation-professionnelle-un-guide-de-reference-en-anglais-seulement\/\" \/>\n<meta property=\"og:locale\" content=\"fr_FR\" \/>\n<meta property=\"og:type\" content=\"article\" \/>\n<meta property=\"og:title\" content=\"Nouvelles perspectives sur les pratiques inspirantes dans les services d\u2019orientation professionnelle : un guide de r\u00e9f\u00e9rence (en anglais seulement)\" \/>\n<meta property=\"og:description\" content=\"[vc_row][vc_column][vc_row_inner][vc_column_inner][vc_single_image image=\u00a0\u00bb56088&Prime;][vc_separator style=\u00a0\u00bbdotted\u00a0\u00bb][vc_column_text] Voici le second de deux rapports r\u00e9sumant les r\u00e9sultats d\u2019une \u00e9tude commandit\u00e9e par le CERIC et dirig\u00e9e par le professeur Peter Dietsche et [\u2026]\" \/>\n<meta property=\"og:url\" content=\"https:\/\/ceric.ca\/fr\/publications\/nouvelles-perspectives-sur-les-pratiques-inspirantes-dans-les-services-dorientation-professionnelle-un-guide-de-reference-en-anglais-seulement\/\" \/>\n<meta property=\"og:site_name\" content=\"CERIC\" \/>\n<meta property=\"article:modified_time\" content=\"2026-03-02T16:45:21+00:00\" \/>\n<meta name=\"twitter:card\" content=\"summary_large_image\" \/>\n<meta name=\"twitter:label1\" content=\"Dur\u00e9e de lecture estim\u00e9e\" \/>\n\t<meta name=\"twitter:data1\" content=\"2 minutes\" \/>\n<script type=\"application\/ld+json\" class=\"yoast-schema-graph\">{\"@context\":\"https:\\\/\\\/schema.org\",\"@graph\":[{\"@type\":\"WebPage\",\"@id\":\"https:\\\/\\\/ceric.ca\\\/fr\\\/publications\\\/nouvelles-perspectives-sur-les-pratiques-inspirantes-dans-les-services-dorientation-professionnelle-un-guide-de-reference-en-anglais-seulement\\\/\",\"url\":\"https:\\\/\\\/ceric.ca\\\/fr\\\/publications\\\/nouvelles-perspectives-sur-les-pratiques-inspirantes-dans-les-services-dorientation-professionnelle-un-guide-de-reference-en-anglais-seulement\\\/\",\"name\":\"Nouvelles perspectives sur les pratiques inspirantes dans les services d\u2019orientation professionnelle : un guide de r\u00e9f\u00e9rence (en anglais seulement) - CERIC\",\"isPartOf\":{\"@id\":\"https:\\\/\\\/ceric.ca\\\/#website\"},\"primaryImageOfPage\":{\"@id\":\"https:\\\/\\\/ceric.ca\\\/fr\\\/publications\\\/nouvelles-perspectives-sur-les-pratiques-inspirantes-dans-les-services-dorientation-professionnelle-un-guide-de-reference-en-anglais-seulement\\\/#primaryimage\"},\"image\":{\"@id\":\"https:\\\/\\\/ceric.ca\\\/fr\\\/publications\\\/nouvelles-perspectives-sur-les-pratiques-inspirantes-dans-les-services-dorientation-professionnelle-un-guide-de-reference-en-anglais-seulement\\\/#primaryimage\"},\"thumbnailUrl\":\"https:\\\/\\\/ceric.ca\\\/wp-content\\\/uploads\\\/2017\\\/10\\\/PSE-logo-300x43.png\",\"datePublished\":\"2022-09-05T03:40:39+00:00\",\"dateModified\":\"2026-03-02T16:45:21+00:00\",\"breadcrumb\":{\"@id\":\"https:\\\/\\\/ceric.ca\\\/fr\\\/publications\\\/nouvelles-perspectives-sur-les-pratiques-inspirantes-dans-les-services-dorientation-professionnelle-un-guide-de-reference-en-anglais-seulement\\\/#breadcrumb\"},\"inLanguage\":\"fr-FR\",\"potentialAction\":[{\"@type\":\"ReadAction\",\"target\":[\"https:\\\/\\\/ceric.ca\\\/fr\\\/publications\\\/nouvelles-perspectives-sur-les-pratiques-inspirantes-dans-les-services-dorientation-professionnelle-un-guide-de-reference-en-anglais-seulement\\\/\"]}]},{\"@type\":\"ImageObject\",\"inLanguage\":\"fr-FR\",\"@id\":\"https:\\\/\\\/ceric.ca\\\/fr\\\/publications\\\/nouvelles-perspectives-sur-les-pratiques-inspirantes-dans-les-services-dorientation-professionnelle-un-guide-de-reference-en-anglais-seulement\\\/#primaryimage\",\"url\":\"https:\\\/\\\/ceric.ca\\\/wp-content\\\/uploads\\\/2017\\\/10\\\/PSE-logo-300x43.png\",\"contentUrl\":\"https:\\\/\\\/ceric.ca\\\/wp-content\\\/uploads\\\/2017\\\/10\\\/PSE-logo-300x43.png\"},{\"@type\":\"BreadcrumbList\",\"@id\":\"https:\\\/\\\/ceric.ca\\\/fr\\\/publications\\\/nouvelles-perspectives-sur-les-pratiques-inspirantes-dans-les-services-dorientation-professionnelle-un-guide-de-reference-en-anglais-seulement\\\/#breadcrumb\",\"itemListElement\":[{\"@type\":\"ListItem\",\"position\":1,\"name\":\"Home\",\"item\":\"https:\\\/\\\/ceric.ca\\\/fr\\\/ceric-homepage-2025\\\/\"},{\"@type\":\"ListItem\",\"position\":2,\"name\":\"Publications\",\"item\":\"https:\\\/\\\/ceric.ca\\\/fr\\\/publications\\\/\"},{\"@type\":\"ListItem\",\"position\":3,\"name\":\"Nouvelles perspectives sur les pratiques inspirantes dans les services d\u2019orientation professionnelle : un guide de r\u00e9f\u00e9rence (en anglais seulement)\"}]},{\"@type\":\"WebSite\",\"@id\":\"https:\\\/\\\/ceric.ca\\\/#website\",\"url\":\"https:\\\/\\\/ceric.ca\\\/\",\"name\":\"CERIC\",\"description\":\"\",\"publisher\":{\"@id\":\"https:\\\/\\\/ceric.ca\\\/#organization\"},\"potentialAction\":[{\"@type\":\"SearchAction\",\"target\":{\"@type\":\"EntryPoint\",\"urlTemplate\":\"https:\\\/\\\/ceric.ca\\\/?s={search_term_string}\"},\"query-input\":{\"@type\":\"PropertyValueSpecification\",\"valueRequired\":true,\"valueName\":\"search_term_string\"}}],\"inLanguage\":\"fr-FR\"},{\"@type\":\"Organization\",\"@id\":\"https:\\\/\\\/ceric.ca\\\/#organization\",\"name\":\"CERIC\",\"url\":\"https:\\\/\\\/ceric.ca\\\/\",\"logo\":{\"@type\":\"ImageObject\",\"inLanguage\":\"fr-FR\",\"@id\":\"https:\\\/\\\/ceric.ca\\\/#\\\/schema\\\/logo\\\/image\\\/\",\"url\":\"\",\"contentUrl\":\"\",\"caption\":\"CERIC\"},\"image\":{\"@id\":\"https:\\\/\\\/ceric.ca\\\/#\\\/schema\\\/logo\\\/image\\\/\"}}]}<\/script>\n<!-- \/ Yoast SEO Premium plugin. -->","yoast_head_json":{"title":"Nouvelles perspectives sur les pratiques inspirantes dans les services d\u2019orientation professionnelle : un guide de r\u00e9f\u00e9rence (en anglais seulement) - CERIC","robots":{"index":"index","follow":"follow","max-snippet":"max-snippet:-1","max-image-preview":"max-image-preview:large","max-video-preview":"max-video-preview:-1"},"canonical":"https:\/\/ceric.ca\/fr\/publications\/nouvelles-perspectives-sur-les-pratiques-inspirantes-dans-les-services-dorientation-professionnelle-un-guide-de-reference-en-anglais-seulement\/","og_locale":"fr_FR","og_type":"article","og_title":"Nouvelles perspectives sur les pratiques inspirantes dans les services d\u2019orientation professionnelle : un guide de r\u00e9f\u00e9rence (en anglais seulement)","og_description":"[vc_row][vc_column][vc_row_inner][vc_column_inner][vc_single_image image=\u00a0\u00bb56088&Prime;][vc_separator style=\u00a0\u00bbdotted\u00a0\u00bb][vc_column_text] Voici le second de deux rapports r\u00e9sumant les r\u00e9sultats d\u2019une \u00e9tude commandit\u00e9e par le CERIC et dirig\u00e9e par le professeur Peter Dietsche et [\u2026]","og_url":"https:\/\/ceric.ca\/fr\/publications\/nouvelles-perspectives-sur-les-pratiques-inspirantes-dans-les-services-dorientation-professionnelle-un-guide-de-reference-en-anglais-seulement\/","og_site_name":"CERIC","article_modified_time":"2026-03-02T16:45:21+00:00","twitter_card":"summary_large_image","twitter_misc":{"Dur\u00e9e de lecture estim\u00e9e":"2 minutes"},"schema":{"@context":"https:\/\/schema.org","@graph":[{"@type":"WebPage","@id":"https:\/\/ceric.ca\/fr\/publications\/nouvelles-perspectives-sur-les-pratiques-inspirantes-dans-les-services-dorientation-professionnelle-un-guide-de-reference-en-anglais-seulement\/","url":"https:\/\/ceric.ca\/fr\/publications\/nouvelles-perspectives-sur-les-pratiques-inspirantes-dans-les-services-dorientation-professionnelle-un-guide-de-reference-en-anglais-seulement\/","name":"Nouvelles perspectives sur les pratiques inspirantes dans les services d\u2019orientation professionnelle : un guide de r\u00e9f\u00e9rence (en anglais seulement) - CERIC","isPartOf":{"@id":"https:\/\/ceric.ca\/#website"},"primaryImageOfPage":{"@id":"https:\/\/ceric.ca\/fr\/publications\/nouvelles-perspectives-sur-les-pratiques-inspirantes-dans-les-services-dorientation-professionnelle-un-guide-de-reference-en-anglais-seulement\/#primaryimage"},"image":{"@id":"https:\/\/ceric.ca\/fr\/publications\/nouvelles-perspectives-sur-les-pratiques-inspirantes-dans-les-services-dorientation-professionnelle-un-guide-de-reference-en-anglais-seulement\/#primaryimage"},"thumbnailUrl":"https:\/\/ceric.ca\/wp-content\/uploads\/2017\/10\/PSE-logo-300x43.png","datePublished":"2022-09-05T03:40:39+00:00","dateModified":"2026-03-02T16:45:21+00:00","breadcrumb":{"@id":"https:\/\/ceric.ca\/fr\/publications\/nouvelles-perspectives-sur-les-pratiques-inspirantes-dans-les-services-dorientation-professionnelle-un-guide-de-reference-en-anglais-seulement\/#breadcrumb"},"inLanguage":"fr-FR","potentialAction":[{"@type":"ReadAction","target":["https:\/\/ceric.ca\/fr\/publications\/nouvelles-perspectives-sur-les-pratiques-inspirantes-dans-les-services-dorientation-professionnelle-un-guide-de-reference-en-anglais-seulement\/"]}]},{"@type":"ImageObject","inLanguage":"fr-FR","@id":"https:\/\/ceric.ca\/fr\/publications\/nouvelles-perspectives-sur-les-pratiques-inspirantes-dans-les-services-dorientation-professionnelle-un-guide-de-reference-en-anglais-seulement\/#primaryimage","url":"https:\/\/ceric.ca\/wp-content\/uploads\/2017\/10\/PSE-logo-300x43.png","contentUrl":"https:\/\/ceric.ca\/wp-content\/uploads\/2017\/10\/PSE-logo-300x43.png"},{"@type":"BreadcrumbList","@id":"https:\/\/ceric.ca\/fr\/publications\/nouvelles-perspectives-sur-les-pratiques-inspirantes-dans-les-services-dorientation-professionnelle-un-guide-de-reference-en-anglais-seulement\/#breadcrumb","itemListElement":[{"@type":"ListItem","position":1,"name":"Home","item":"https:\/\/ceric.ca\/fr\/ceric-homepage-2025\/"},{"@type":"ListItem","position":2,"name":"Publications","item":"https:\/\/ceric.ca\/fr\/publications\/"},{"@type":"ListItem","position":3,"name":"Nouvelles perspectives sur les pratiques inspirantes dans les services d\u2019orientation professionnelle : un guide de r\u00e9f\u00e9rence (en anglais seulement)"}]},{"@type":"WebSite","@id":"https:\/\/ceric.ca\/#website","url":"https:\/\/ceric.ca\/","name":"CERIC","description":"","publisher":{"@id":"https:\/\/ceric.ca\/#organization"},"potentialAction":[{"@type":"SearchAction","target":{"@type":"EntryPoint","urlTemplate":"https:\/\/ceric.ca\/?s={search_term_string}"},"query-input":{"@type":"PropertyValueSpecification","valueRequired":true,"valueName":"search_term_string"}}],"inLanguage":"fr-FR"},{"@type":"Organization","@id":"https:\/\/ceric.ca\/#organization","name":"CERIC","url":"https:\/\/ceric.ca\/","logo":{"@type":"ImageObject","inLanguage":"fr-FR","@id":"https:\/\/ceric.ca\/#\/schema\/logo\/image\/","url":"","contentUrl":"","caption":"CERIC"},"image":{"@id":"https:\/\/ceric.ca\/#\/schema\/logo\/image\/"}}]}},"_links":{"self":[{"href":"https:\/\/ceric.ca\/fr\/wp-json\/wp\/v2\/pages\/56613","targetHints":{"allow":["GET"]}}],"collection":[{"href":"https:\/\/ceric.ca\/fr\/wp-json\/wp\/v2\/pages"}],"about":[{"href":"https:\/\/ceric.ca\/fr\/wp-json\/wp\/v2\/types\/page"}],"author":[{"embeddable":true,"href":"https:\/\/ceric.ca\/fr\/wp-json\/wp\/v2\/users\/30"}],"replies":[{"embeddable":true,"href":"https:\/\/ceric.ca\/fr\/wp-json\/wp\/v2\/comments?post=56613"}],"version-history":[{"count":0,"href":"https:\/\/ceric.ca\/fr\/wp-json\/wp\/v2\/pages\/56613\/revisions"}],"up":[{"embeddable":true,"href":"https:\/\/ceric.ca\/fr\/wp-json\/wp\/v2\/pages\/9720"}],"wp:featuredmedia":[{"embeddable":true,"href":"https:\/\/ceric.ca\/fr\/wp-json\/"}],"wp:attachment":[{"href":"https:\/\/ceric.ca\/fr\/wp-json\/wp\/v2\/media?parent=56613"}],"curies":[{"name":"wp","href":"https:\/\/api.w.org\/{rel}","templated":true}]}}