{"id":56622,"date":"2022-09-06T09:56:04","date_gmt":"2022-09-06T13:56:04","guid":{"rendered":"https:\/\/ceric.ca\/?page_id=56622"},"modified":"2026-03-02T11:55:16","modified_gmt":"2026-03-02T16:55:16","slug":"lavancement-de-leducation-des-conseillers-en-orientation-au-canada","status":"publish","type":"page","link":"https:\/\/ceric.ca\/fr\/publications\/lavancement-de-leducation-des-conseillers-en-orientation-au-canada\/","title":{"rendered":"L\u2019avancement de l\u2019\u00e9ducation des conseillers en orientation au canada"},"content":{"rendered":"<div class=\"wpb-content-wrapper\"><p>[vc_row][vc_column][vc_row_inner][vc_column_inner][vc_single_image image=\u00a0\u00bb53742&Prime; img_size=\u00a0\u00bblarge\u00a0\u00bb]<div class=\"wprt-headings clearfix \"  style=\"\"><h1 class=\"heading clearfix\" style=\"\">\r\n\t\tL\u2019AVANCEMENT DE L\u2019\u00c9DUCATION DES CONSEILLERS EN ORIENTATION AU CANADA\r\n\t<\/h1><\/div>\r\n\t<div class=\"wprt-spacer clearfix\" data-desktop=\"20\" data-mobi=\"0\" data-smobi=\"0\"><\/div>[vc_separator style=\u00a0\u00bbdotted\u00a0\u00bb]\r\n\t<div class=\"wprt-spacer clearfix\" data-desktop=\"20\" data-mobi=\"0\" data-smobi=\"0\"><\/div>\r\n\t<div class=\"wprt-spacer clearfix\" data-desktop=\"20\" data-mobi=\"0\" data-smobi=\"0\"><\/div>[vc_column_text]<\/p>\n<div class=\"wpb_text_column wpb_content_element vc_custom_1593191794278\">\n<div class=\"wpb_wrapper\">\n<p>Ce projet de recherche vise \u00e0 am\u00e9liorer l\u2019\u00e9ducation des conseillers en orientation en initiant un effort pour \u00e9toffer le programme \u00e9ducatif et articuler les voies \u00e9ducationnelles pour ceux qui d\u00e9sirent devenir des conseillers en orientation, aussi bien que pour ceux qui travaillent dans le domaine et veulent poursuivre leur \u00e9ducation.<\/p>\n<p>Le point central de ce projet de recherche dans le domaine du d\u00e9veloppement de carri\u00e8re est l\u2019exploration en profondeur des programmes d\u2019\u00e9ducation des conseillers en orientation professionnelle au Canada. Cette recherche a pour but de :<\/p>\n<ul>\n<li>Acqu\u00e9rir une compr\u00e9hension approfondie et produire un r\u00e9pertoire d\u00e9taill\u00e9 des programmes actuellement disponibles pour les aspirants conseillers ou ceux qui pratiquent d\u00e9j\u00e0;<\/li>\n<li>Mieux comprendre les voies de carri\u00e8re et les niveaux d\u2019instruction de ceux qui \u0153uvrent d\u00e9j\u00e0 dans le domaine; et<\/li>\n<li>Initier un cheminement vers une vision collective de ce que seront les programmes d\u2019\u00e9ducation des conseillers en orientation canadiens.<\/li>\n<\/ul>\n<\/div>\n<\/div>\n<p>[\/vc_column_text]\r\n\t<div class=\"wprt-spacer clearfix\" data-desktop=\"50\" data-mobi=\"20\" data-smobi=\"20\"><\/div>[\/vc_column_inner][\/vc_row_inner][vc_row_inner][vc_column_inner width=\u00a0\u00bb1\/4&Prime;][vc_single_image image=\u00a0\u00bb14577&Prime; img_size=\u00a0\u00bb143&#215;173&Prime;][\/vc_column_inner][vc_column_inner width=\u00a0\u00bb3\/4&Prime;][vc_column_text]<div class='w3eden wpdm_package_shortcode'><div class=\"media well link-template-widget\">\n    <div class=\"media-body\">\n        <a href=\"https:\/\/ceric.ca\/wpdm-package\/career-development-education-programs-in-canada\/?wpdmdl=14189&refresh=69f5424ea17fe1777680974\" style=\"display: block;clear: bottom;font-size: 11pt;font-weight: bold;\">Career Development Education Programs in Canada<\/a>\n        <div style=\"font-size: 9pt;\">\n            <i class=\"fas fa-hdd color-green\"><\/i> 419.77 KB <i class=\"fa fa-copy ml-3\"><\/i>\n            1 file(s)\n        <\/div>\n    <\/div>\n<\/div>\n\n<\/div>[\/vc_column_text][\/vc_column_inner][\/vc_row_inner]\r\n\t<div class=\"wprt-spacer clearfix\" data-desktop=\"50\" data-mobi=\"20\" data-smobi=\"20\"><\/div>[\/vc_column][\/vc_row][vc_row][vc_column][vc_separator style=\u00a0\u00bbdouble\u00a0\u00bb][\/vc_column][\/vc_row]<\/p>\n<\/div>","protected":false},"excerpt":{"rendered":"<p>[vc_row][vc_column][vc_row_inner][vc_column_inner][vc_single_image image=\u00a0\u00bb53742&Prime; img_size=\u00a0\u00bblarge\u00a0\u00bb][vc_separator style=\u00a0\u00bbdotted\u00a0\u00bb][vc_column_text] Ce projet de recherche vise \u00e0 am\u00e9liorer l\u2019\u00e9ducation des conseillers en orientation en initiant un effort pour \u00e9toffer le programme \u00e9ducatif et<span class=\"excerpt-hellip\"> [\u2026]<\/span><\/p>\n","protected":false},"author":30,"featured_media":-1,"parent":9720,"menu_order":0,"comment_status":"closed","ping_status":"closed","template":"","meta":{"h5ap_radio_sources":[],"footnotes":""},"class_list":["post-56622","page","type-page","status-publish","has-post-thumbnail","hentry"],"yoast_head":"<!-- This site is optimized with the Yoast SEO Premium plugin v27.4 (Yoast SEO v27.4) - https:\/\/yoast.com\/product\/yoast-seo-premium-wordpress\/ -->\n<title>L\u2019avancement de l\u2019\u00e9ducation des conseillers en orientation au canada - CERIC<\/title>\n<meta name=\"robots\" content=\"index, follow, max-snippet:-1, max-image-preview:large, max-video-preview:-1\" \/>\n<link rel=\"canonical\" href=\"https:\/\/ceric.ca\/fr\/publications\/lavancement-de-leducation-des-conseillers-en-orientation-au-canada\/\" \/>\n<meta property=\"og:locale\" content=\"fr_FR\" \/>\n<meta property=\"og:type\" content=\"article\" \/>\n<meta property=\"og:title\" content=\"L\u2019avancement de l\u2019\u00e9ducation des conseillers en orientation au canada\" \/>\n<meta property=\"og:description\" content=\"[vc_row][vc_column][vc_row_inner][vc_column_inner][vc_single_image image=\u00a0\u00bb53742&Prime; img_size=\u00a0\u00bblarge\u00a0\u00bb][vc_separator style=\u00a0\u00bbdotted\u00a0\u00bb][vc_column_text] Ce projet de recherche vise \u00e0 am\u00e9liorer l\u2019\u00e9ducation des conseillers en orientation en initiant un effort pour \u00e9toffer le programme \u00e9ducatif et [\u2026]\" \/>\n<meta property=\"og:url\" content=\"https:\/\/ceric.ca\/fr\/publications\/lavancement-de-leducation-des-conseillers-en-orientation-au-canada\/\" \/>\n<meta property=\"og:site_name\" content=\"CERIC\" \/>\n<meta property=\"article:modified_time\" content=\"2026-03-02T16:55:16+00:00\" \/>\n<meta name=\"twitter:card\" content=\"summary_large_image\" \/>\n<meta name=\"twitter:label1\" content=\"Dur\u00e9e de lecture estim\u00e9e\" \/>\n\t<meta name=\"twitter:data1\" content=\"1 minute\" \/>\n<script type=\"application\/ld+json\" class=\"yoast-schema-graph\">{\"@context\":\"https:\\\/\\\/schema.org\",\"@graph\":[{\"@type\":\"WebPage\",\"@id\":\"https:\\\/\\\/ceric.ca\\\/fr\\\/publications\\\/lavancement-de-leducation-des-conseillers-en-orientation-au-canada\\\/\",\"url\":\"https:\\\/\\\/ceric.ca\\\/fr\\\/publications\\\/lavancement-de-leducation-des-conseillers-en-orientation-au-canada\\\/\",\"name\":\"L\u2019avancement de l\u2019\u00e9ducation des conseillers en orientation au canada - CERIC\",\"isPartOf\":{\"@id\":\"https:\\\/\\\/ceric.ca\\\/#website\"},\"datePublished\":\"2022-09-06T13:56:04+00:00\",\"dateModified\":\"2026-03-02T16:55:16+00:00\",\"breadcrumb\":{\"@id\":\"https:\\\/\\\/ceric.ca\\\/fr\\\/publications\\\/lavancement-de-leducation-des-conseillers-en-orientation-au-canada\\\/#breadcrumb\"},\"inLanguage\":\"fr-FR\",\"potentialAction\":[{\"@type\":\"ReadAction\",\"target\":[\"https:\\\/\\\/ceric.ca\\\/fr\\\/publications\\\/lavancement-de-leducation-des-conseillers-en-orientation-au-canada\\\/\"]}]},{\"@type\":\"BreadcrumbList\",\"@id\":\"https:\\\/\\\/ceric.ca\\\/fr\\\/publications\\\/lavancement-de-leducation-des-conseillers-en-orientation-au-canada\\\/#breadcrumb\",\"itemListElement\":[{\"@type\":\"ListItem\",\"position\":1,\"name\":\"Home\",\"item\":\"https:\\\/\\\/ceric.ca\\\/fr\\\/ceric-homepage-2025\\\/\"},{\"@type\":\"ListItem\",\"position\":2,\"name\":\"Publications\",\"item\":\"https:\\\/\\\/ceric.ca\\\/fr\\\/publications\\\/\"},{\"@type\":\"ListItem\",\"position\":3,\"name\":\"L\u2019avancement de l\u2019\u00e9ducation des conseillers en orientation au canada\"}]},{\"@type\":\"WebSite\",\"@id\":\"https:\\\/\\\/ceric.ca\\\/#website\",\"url\":\"https:\\\/\\\/ceric.ca\\\/\",\"name\":\"CERIC\",\"description\":\"\",\"publisher\":{\"@id\":\"https:\\\/\\\/ceric.ca\\\/#organization\"},\"potentialAction\":[{\"@type\":\"SearchAction\",\"target\":{\"@type\":\"EntryPoint\",\"urlTemplate\":\"https:\\\/\\\/ceric.ca\\\/?s={search_term_string}\"},\"query-input\":{\"@type\":\"PropertyValueSpecification\",\"valueRequired\":true,\"valueName\":\"search_term_string\"}}],\"inLanguage\":\"fr-FR\"},{\"@type\":\"Organization\",\"@id\":\"https:\\\/\\\/ceric.ca\\\/#organization\",\"name\":\"CERIC\",\"url\":\"https:\\\/\\\/ceric.ca\\\/\",\"logo\":{\"@type\":\"ImageObject\",\"inLanguage\":\"fr-FR\",\"@id\":\"https:\\\/\\\/ceric.ca\\\/#\\\/schema\\\/logo\\\/image\\\/\",\"url\":\"\",\"contentUrl\":\"\",\"caption\":\"CERIC\"},\"image\":{\"@id\":\"https:\\\/\\\/ceric.ca\\\/#\\\/schema\\\/logo\\\/image\\\/\"}}]}<\/script>\n<!-- \/ Yoast SEO Premium plugin. -->","yoast_head_json":{"title":"L\u2019avancement de l\u2019\u00e9ducation des conseillers en orientation au canada - CERIC","robots":{"index":"index","follow":"follow","max-snippet":"max-snippet:-1","max-image-preview":"max-image-preview:large","max-video-preview":"max-video-preview:-1"},"canonical":"https:\/\/ceric.ca\/fr\/publications\/lavancement-de-leducation-des-conseillers-en-orientation-au-canada\/","og_locale":"fr_FR","og_type":"article","og_title":"L\u2019avancement de l\u2019\u00e9ducation des conseillers en orientation au canada","og_description":"[vc_row][vc_column][vc_row_inner][vc_column_inner][vc_single_image image=\u00a0\u00bb53742&Prime; img_size=\u00a0\u00bblarge\u00a0\u00bb][vc_separator style=\u00a0\u00bbdotted\u00a0\u00bb][vc_column_text] Ce projet de recherche vise \u00e0 am\u00e9liorer l\u2019\u00e9ducation des conseillers en orientation en initiant un effort pour \u00e9toffer le programme \u00e9ducatif et [\u2026]","og_url":"https:\/\/ceric.ca\/fr\/publications\/lavancement-de-leducation-des-conseillers-en-orientation-au-canada\/","og_site_name":"CERIC","article_modified_time":"2026-03-02T16:55:16+00:00","twitter_card":"summary_large_image","twitter_misc":{"Dur\u00e9e de lecture estim\u00e9e":"1 minute"},"schema":{"@context":"https:\/\/schema.org","@graph":[{"@type":"WebPage","@id":"https:\/\/ceric.ca\/fr\/publications\/lavancement-de-leducation-des-conseillers-en-orientation-au-canada\/","url":"https:\/\/ceric.ca\/fr\/publications\/lavancement-de-leducation-des-conseillers-en-orientation-au-canada\/","name":"L\u2019avancement de l\u2019\u00e9ducation des conseillers en orientation au canada - CERIC","isPartOf":{"@id":"https:\/\/ceric.ca\/#website"},"datePublished":"2022-09-06T13:56:04+00:00","dateModified":"2026-03-02T16:55:16+00:00","breadcrumb":{"@id":"https:\/\/ceric.ca\/fr\/publications\/lavancement-de-leducation-des-conseillers-en-orientation-au-canada\/#breadcrumb"},"inLanguage":"fr-FR","potentialAction":[{"@type":"ReadAction","target":["https:\/\/ceric.ca\/fr\/publications\/lavancement-de-leducation-des-conseillers-en-orientation-au-canada\/"]}]},{"@type":"BreadcrumbList","@id":"https:\/\/ceric.ca\/fr\/publications\/lavancement-de-leducation-des-conseillers-en-orientation-au-canada\/#breadcrumb","itemListElement":[{"@type":"ListItem","position":1,"name":"Home","item":"https:\/\/ceric.ca\/fr\/ceric-homepage-2025\/"},{"@type":"ListItem","position":2,"name":"Publications","item":"https:\/\/ceric.ca\/fr\/publications\/"},{"@type":"ListItem","position":3,"name":"L\u2019avancement de l\u2019\u00e9ducation des conseillers en orientation au canada"}]},{"@type":"WebSite","@id":"https:\/\/ceric.ca\/#website","url":"https:\/\/ceric.ca\/","name":"CERIC","description":"","publisher":{"@id":"https:\/\/ceric.ca\/#organization"},"potentialAction":[{"@type":"SearchAction","target":{"@type":"EntryPoint","urlTemplate":"https:\/\/ceric.ca\/?s={search_term_string}"},"query-input":{"@type":"PropertyValueSpecification","valueRequired":true,"valueName":"search_term_string"}}],"inLanguage":"fr-FR"},{"@type":"Organization","@id":"https:\/\/ceric.ca\/#organization","name":"CERIC","url":"https:\/\/ceric.ca\/","logo":{"@type":"ImageObject","inLanguage":"fr-FR","@id":"https:\/\/ceric.ca\/#\/schema\/logo\/image\/","url":"","contentUrl":"","caption":"CERIC"},"image":{"@id":"https:\/\/ceric.ca\/#\/schema\/logo\/image\/"}}]}},"_links":{"self":[{"href":"https:\/\/ceric.ca\/fr\/wp-json\/wp\/v2\/pages\/56622","targetHints":{"allow":["GET"]}}],"collection":[{"href":"https:\/\/ceric.ca\/fr\/wp-json\/wp\/v2\/pages"}],"about":[{"href":"https:\/\/ceric.ca\/fr\/wp-json\/wp\/v2\/types\/page"}],"author":[{"embeddable":true,"href":"https:\/\/ceric.ca\/fr\/wp-json\/wp\/v2\/users\/30"}],"replies":[{"embeddable":true,"href":"https:\/\/ceric.ca\/fr\/wp-json\/wp\/v2\/comments?post=56622"}],"version-history":[{"count":0,"href":"https:\/\/ceric.ca\/fr\/wp-json\/wp\/v2\/pages\/56622\/revisions"}],"up":[{"embeddable":true,"href":"https:\/\/ceric.ca\/fr\/wp-json\/wp\/v2\/pages\/9720"}],"wp:featuredmedia":[{"embeddable":true,"href":"https:\/\/ceric.ca\/fr\/wp-json\/"}],"wp:attachment":[{"href":"https:\/\/ceric.ca\/fr\/wp-json\/wp\/v2\/media?parent=56622"}],"curies":[{"name":"wp","href":"https:\/\/api.w.org\/{rel}","templated":true}]}}