{"id":56788,"date":"2022-09-01T17:21:35","date_gmt":"2022-09-01T21:21:35","guid":{"rendered":"https:\/\/ceric.ca\/?page_id=56788"},"modified":"2024-05-30T11:24:48","modified_gmt":"2024-05-30T15:24:48","slug":"evaluation-du-paysage-canadien-du-developpement-de-carriere","status":"publish","type":"page","link":"https:\/\/ceric.ca\/fr\/projets\/evaluation-du-paysage-canadien-du-developpement-de-carriere\/","title":{"rendered":"\u00c9valuation du paysage canadien du d\u00e9veloppement de carri\u00e8re"},"content":{"rendered":"<div class=\"wpb-content-wrapper\"><p>[vc_row][vc_column][\/vc_column][\/vc_row][vc_row][vc_column width=\u00a0\u00bb1\/2&Prime;][vc_single_image image=\u00a0\u00bb56911&Prime;][\/vc_column][vc_column width=\u00a0\u00bb1\/2&Prime;]<div class=\"wprt-list clearfix icon-left icon-middle\">\r\n\t\t<div style=\"padding:;margin-bottom:10px;background-color:#f8f8f8;\">\r\n\t\t\t<span style=\"padding-left:30px;\"><span class=\"icon \">\r\n\t\t\t<i class=\"typcn typcn-group\" style=\"color:#898989;font-size:20px;\"><\/i>\r\n\t\t<\/span> <span style=\"font-weight:700;\">Partenaires du projet\u202f: Challenge\u202fFactory, Fondation canadienne pour le d\u00e9veloppement de carri\u00e8re (FCDC)<\/span><\/span>\r\n\t\t<\/div>\r\n\t<\/div><div class=\"wprt-list clearfix icon-left icon-middle\">\r\n\t\t<div style=\"padding:;margin-bottom:10px;background-color:#f8f8f8;\">\r\n\t\t\t<span style=\"padding-left:30px;\"><span class=\"icon \">\r\n\t\t\t<i class=\"typcn typcn-flag\" style=\"color:#898989;font-size:20px;\"><\/i>\r\n\t\t<\/span> <span style=\"font-weight:700;\">Langue : anglais<\/span><\/span>\r\n\t\t<\/div>\r\n\t<\/div>[vc_message message_box_color=\u00a0\u00bbalert-success\u00a0\u00bb icon_type=\u00a0\u00bbentypo\u00a0\u00bb icon_entypo=\u00a0\u00bbentypo-icon entypo-icon-progress-3&Prime;]<strong>TERMIN\u00c9<\/strong>[\/vc_message][\/vc_column][\/vc_row][vc_row][vc_column]\r\n\t<div class=\"wprt-spacer clearfix\" data-desktop=\"40\" data-mobi=\"30\" data-smobi=\"30\"><\/div>[vc_column_text]<span data-contrast=\"auto\">Challenge\u202fFactory et la Fondation canadienne pour le d\u00e9veloppement de carri\u00e8re (FCDC) font \u00e9quipe avec le CERIC pour \u00e9valuer et cartographier les prestataires de services d\u2019orientation professionnelle au Canada.\u00a0<\/span><span data-ccp-props=\"{&quot;335559739&quot;:120}\">\u00a0<\/span><\/p>\n<p><span data-contrast=\"auto\">Le secteur du d\u00e9veloppement de carri\u00e8re au Canada manque cruellement de visibilit\u00e9 et de notori\u00e9t\u00e9 aupr\u00e8s de la population et des d\u00e9cideurs. Sans une base de donn\u00e9es compl\u00e8te sur les acteurs qui contribuent de mani\u00e8re importante au d\u00e9veloppement de carri\u00e8re partout au pays, plusieurs obstacles continueront \u00e0 nuire \u00e0 l\u2019avancement du secteur. Premi\u00e8rement, les r\u00e9sultats, l\u2019ampleur et la valeur du travail du secteur resteront m\u00e9connus et peu reconnus. Deuxi\u00e8mement, les besoins actuels et futurs du secteur ne seront pas satisfaits, notamment les exigences en mati\u00e8re d\u2019apprentissage et de comp\u00e9tences de ce groupe vari\u00e9 de professionnels. Troisi\u00e8mement, il n\u2019y aura aucun moyen significatif de comprendre, d\u2019\u00e9valuer et de combler les lacunes en mati\u00e8re d\u2019\u00e9quit\u00e9, de diversit\u00e9, d\u2019inclusion et d\u2019indig\u00e9n\u00e9it\u00e9 qui touchent \u00e0 la fois les clients et les prestataires de services.<\/span><span data-ccp-props=\"{&quot;335559739&quot;:120}\">\u00a0<\/span><\/p>\n<p><span data-contrast=\"auto\">L\u2019objectif de ce projet est de d\u00e9montrer l\u2019ampleur et la profondeur du soutien que les Canadiens re\u00e7oivent de ce secteur parfois cach\u00e9, tandis que nous tentons tous de nous adapter \u00e0 l\u2019\u00e9volution du march\u00e9 du travail. Le principal livrable du projet sera un rapport d\u2019\u00e9tude de march\u00e9 visant \u00e0 informer tous les acteurs du secteur du d\u00e9veloppement de carri\u00e8re et \u00e0 leur permettre de tracer ensemble la voie \u00e0 suivre. Ce projet, qui reposera sur une \u00e9tude originale et sur les r\u00e9sultats d\u2019\u00e9tudes ant\u00e9rieures, nous permettra de dresser un portrait \u00e0 jour du secteur canadien tout en \u00e9vitant la r\u00e9p\u00e9tition de sondages qui ont d\u00e9j\u00e0 \u00e9t\u00e9 r\u00e9alis\u00e9s. Les conclusions du projet seront pr\u00e9sent\u00e9es \u00e0 <a href=\"https:\/\/cannexus.ceric.ca\/fr\" target=\"_blank\" rel=\"noopener\">Cannexus24<\/a>.<\/span><span data-ccp-props=\"{&quot;335559739&quot;:120}\">\u00a0<\/span>[\/vc_column_text]\r\n\t<div class=\"wprt-spacer clearfix\" data-desktop=\"40\" data-mobi=\"30\" data-smobi=\"30\"><\/div>[\/vc_column][\/vc_row][vc_row][vc_column][vc_column_text]<b><span data-contrast=\"auto\">\u00c0 PROPOS DE NOUS<\/span><\/b><span data-ccp-props=\"{&quot;335559739&quot;:120}\">\u00a0<\/span><\/p>\n<p><b><span data-contrast=\"auto\">Challenge\u202fFactory <\/span><\/b><span data-contrast=\"auto\">est une soci\u00e9t\u00e9 de recherche et de conseil en d\u00e9veloppement de la main-d\u2019\u0153uvre. Elle aide les organisations et les communaut\u00e9s motiv\u00e9es \u00e0 fa\u00e7onner l\u2019avenir du travail \u00e0 faire preuve de confiance et de courage pour apporter des changements transformateurs \u00e0 leur personnel et \u00e0 leurs lieux de travail. Nous nous effor\u00e7ons d\u2019utiliser notre entreprise comme une force pour l\u2019int\u00e9r\u00eat public et de faire progresser les objectifs de d\u00e9veloppement durable des Nations Unies. Ce projet contribue \u00e0 l\u2019atteinte de nos objectifs visant \u00e0 cr\u00e9er des emplois d\u00e9cents, \u00e0 soutenir la croissance \u00e9conomique, \u00e0 r\u00e9duire les in\u00e9galit\u00e9s et \u00e0 \u00e9tablir des partenariats pour y parvenir.<\/span><span data-ccp-props=\"{&quot;335559739&quot;:120}\">\u00a0<\/span><\/p>\n<p><a href=\"http:\/\/www.challengefactory.ca\/\" target=\"_blank\" rel=\"noopener\"><span data-contrast=\"none\">challengefactory.ca<\/span><\/a><span data-contrast=\"auto\">\u00a0<\/span><span data-ccp-props=\"{&quot;335559739&quot;:120}\">\u00a0<\/span><\/p>\n<p><b><span data-contrast=\"auto\">La Fondation canadienne pour le d\u00e9veloppement de carri\u00e8re (FCDC) <\/span><\/b><span data-contrast=\"auto\">est un centre d\u2019excellence et d\u2019innovation sans but lucratif dont l\u2019objectif est de veiller \u00e0 ce que tous les Canadiens disposent des comp\u00e9tences, des strat\u00e9gies et du soutien dont ils ont besoin pour devenir de brillants architectes de leur formation, de leur travail et de leurs transitions de carri\u00e8re. <\/span><span data-contrast=\"auto\">\u00c0 cette fin, la FCDC m\u00e8ne des \u00e9tudes rigoureuses pour enrichir la base de donn\u00e9es probantes, \u00e9labore des programmes et des outils pour favoriser la participation au march\u00e9 du travail, cr\u00e9e des solutions strat\u00e9giques dans les domaines de l\u2019\u00e9ducation et du march\u00e9 du travail et renforce la capacit\u00e9 des professionnels du d\u00e9veloppement de carri\u00e8re \u00e0 offrir des services opportuns, cibl\u00e9s, inclusifs et efficaces.<\/span><span data-ccp-props=\"{&quot;335559739&quot;:120}\">\u00a0<\/span><\/p>\n<p><a href=\"http:\/\/www.ccdf.ca\/?lang=fr\" target=\"_blank\" rel=\"noopener\"><span data-contrast=\"none\">ccdf.ca<\/span><\/a>[\/vc_column_text]\r\n\t<div class=\"wprt-spacer clearfix\" data-desktop=\"40\" data-mobi=\"30\" data-smobi=\"30\"><\/div>[\/vc_column][\/vc_row][vc_row disable_element=\u00a0\u00bbyes\u00a0\u00bb][vc_column width=\u00a0\u00bb1\/5&Prime;][vc_single_image image=\u00a0\u00bb53501&Prime; img_size=\u00a0\u00bbmedium\u00a0\u00bb][\/vc_column][vc_column width=\u00a0\u00bb4\/5&Prime;][vc_column_text]<div class='w3eden wpdm_package_shortcode'><div class=\"media well link-template-widget\">\n    <div class=\"media-body\">\n        <a href=\"https:\/\/ceric.ca\/wpdm-package\/makers-audit-guide-companion-to-wayfinder-search-site\/?wpdmdl=53473&refresh=69f3d46ae2d5c1777587306\" style=\"display: block;clear: bottom;font-size: 11pt;font-weight: bold;\">Maker's Audit & Guide: Companion to Wayfinder Search Site<\/a>\n        <div style=\"font-size: 9pt;\">\n            <i class=\"fas fa-hdd color-green\"><\/i> 973.29 KB <i class=\"fa fa-copy ml-3\"><\/i>\n            1 file(s)\n        <\/div>\n    <\/div>\n<\/div>\n\n<\/div>[\/vc_column_text][\/vc_column][\/vc_row][vc_row][vc_column][vc_row_inner][vc_column_inner width=\u00a0\u00bb1\/4&Prime;][vc_single_image image=\u00a0\u00bb64002&Prime;][\/vc_column_inner][vc_column_inner width=\u00a0\u00bb3\/4&Prime;][vc_column_text css=\u00a0\u00bb\u00a0\u00bb]<div class='w3eden wpdm_package_shortcode'><div class=\"media well link-template-widget\">\n    <div class=\"media-body\">\n        <a href=\"https:\/\/ceric.ca\/fr\/wpdm-package\/secteur-cache-talents-caches-cartographie-du-secteur-du-developpement-de-carriere-au-canada-resume-executif-en-anglais-2\/?wpdmdl=65614&refresh=69f3d46b3f63c1777587307\" style=\"display: block;clear: bottom;font-size: 11pt;font-weight: bold;\">Secteur cach\u00e9, talents cach\u00e9s : cartographie du secteur du d\u00e9veloppement de carri\u00e8re au Canada \u2013 r\u00e9sum\u00e9 ex\u00e9cutif (en anglais)<\/a>\n        <div style=\"font-size: 9pt;\">\n            <i class=\"fas fa-hdd color-green\"><\/i> 6.09 MB <i class=\"fa fa-copy ml-3\"><\/i>\n            1 file(s)\n        <\/div>\n    <\/div>\n<\/div>\n\n<\/div>[\/vc_column_text][\/vc_column_inner][\/vc_row_inner][\/vc_column][\/vc_row][vc_row][vc_column]\r\n\t<div class=\"wprt-spacer clearfix\" data-desktop=\"40\" data-mobi=\"30\" data-smobi=\"30\"><\/div>[\/vc_column][\/vc_row][vc_row][vc_column][vc_row_inner][vc_column_inner width=\u00a0\u00bb1\/4&Prime;][vc_single_image image=\u00a0\u00bb64005&Prime;][\/vc_column_inner][vc_column_inner width=\u00a0\u00bb3\/4&Prime;][vc_column_text css=\u00a0\u00bb\u00a0\u00bb]<div class='w3eden wpdm_package_shortcode'><!-- WPDM Link Template: Default Template -->\n\n<div class=\"link-template-default card mb-2\">\n    <div class=\"card-body\">\n        <div class=\"media\">\n            <div class=\"mr-3 img-48\"><img decoding=\"async\" class=\"wpdm_icon\" alt=\"Ic\u00f4ne\" src=\"https:\/\/ceric.ca\/wp-content\/plugins\/download-manager\/assets\/file-type-icons\/pdf.svg\" \/><\/div>\n            <div class=\"media-body\">\n                <h3 class=\"package-title\"><a href='https:\/\/ceric.ca\/fr\/wpdm-package\/secteur-cache-talents-caches-cartographie-du-secteur-du-developpement-de-carriere-au-canada-rapport-complet-en-anglais\/'>Secteur cach\u00e9, talents cach\u00e9s : cartographie du secteur du d\u00e9veloppement de carri\u00e8re au Canada \u2013 rapport complet (en anglais)<\/a><\/h3>\n                <div class=\"text-muted text-small\"><i class=\"fas fa-copy\"><\/i> 1 fichier\u00b7s <i class=\"fas fa-hdd ml-3\"><\/i> 33.30 MB<\/div>\n            <\/div>\n            <div class=\"ml-3\">\n                <a href='#unlock' class='wpdm-download-link wpdm-download-locked btn btn-primary ' data-package='64026'>T\u00e9l\u00e9charger<\/a>\n            <\/div>\n        <\/div>\n    <\/div>\n<\/div>\n\n<\/div>[\/vc_column_text][\/vc_column_inner][\/vc_row_inner][\/vc_column][\/vc_row][vc_row][vc_column]\r\n\t<div class=\"wprt-spacer clearfix\" data-desktop=\"40\" data-mobi=\"30\" data-smobi=\"30\"><\/div>[\/vc_column][\/vc_row]<\/p>\n<\/div>","protected":false},"excerpt":{"rendered":"<p>[vc_row][vc_column][\/vc_column][\/vc_row][vc_row][vc_column width=\u00a0\u00bb1\/2&Prime;][vc_single_image image=\u00a0\u00bb56911&Prime;][\/vc_column][vc_column width=\u00a0\u00bb1\/2&Prime;][vc_message message_box_color=\u00a0\u00bbalert-success\u00a0\u00bb icon_type=\u00a0\u00bbentypo\u00a0\u00bb icon_entypo=\u00a0\u00bbentypo-icon entypo-icon-progress-3&Prime;]TERMIN\u00c9[\/vc_message][\/vc_column][\/vc_row][vc_row][vc_column][vc_column_text]Challenge\u202fFactory et la Fondation canadienne pour le d\u00e9veloppement de carri\u00e8re (FCDC) font \u00e9quipe avec le CERIC pour \u00e9valuer et<span class=\"excerpt-hellip\"> [\u2026]<\/span><\/p>\n","protected":false},"author":30,"featured_media":0,"parent":9559,"menu_order":0,"comment_status":"closed","ping_status":"closed","template":"","meta":{"h5ap_radio_sources":[],"footnotes":""},"class_list":["post-56788","page","type-page","status-publish","hentry"],"yoast_head":"<!-- This site is optimized with the Yoast SEO Premium plugin v27.4 (Yoast SEO v27.4) - https:\/\/yoast.com\/product\/yoast-seo-premium-wordpress\/ -->\n<title>\u00c9valuation du paysage canadien du d\u00e9veloppement de carri\u00e8re - CERIC<\/title>\n<meta name=\"robots\" content=\"index, follow, max-snippet:-1, max-image-preview:large, max-video-preview:-1\" \/>\n<link rel=\"canonical\" href=\"https:\/\/ceric.ca\/fr\/projets\/evaluation-du-paysage-canadien-du-developpement-de-carriere\/\" \/>\n<meta property=\"og:locale\" content=\"fr_FR\" \/>\n<meta property=\"og:type\" content=\"article\" \/>\n<meta property=\"og:title\" content=\"\u00c9valuation du paysage canadien du d\u00e9veloppement de carri\u00e8re\" \/>\n<meta property=\"og:description\" content=\"[vc_row][vc_column][\/vc_column][\/vc_row][vc_row][vc_column width=\u00a0\u00bb1\/2&Prime;][vc_single_image image=\u00a0\u00bb56911&Prime;][\/vc_column][vc_column width=\u00a0\u00bb1\/2&Prime;][vc_message message_box_color=\u00a0\u00bbalert-success\u00a0\u00bb icon_type=\u00a0\u00bbentypo\u00a0\u00bb icon_entypo=\u00a0\u00bbentypo-icon entypo-icon-progress-3&Prime;]TERMIN\u00c9[\/vc_message][\/vc_column][\/vc_row][vc_row][vc_column][vc_column_text]Challenge\u202fFactory et la Fondation canadienne pour le d\u00e9veloppement de carri\u00e8re (FCDC) font \u00e9quipe avec le CERIC pour \u00e9valuer et [\u2026]\" \/>\n<meta property=\"og:url\" content=\"https:\/\/ceric.ca\/fr\/projets\/evaluation-du-paysage-canadien-du-developpement-de-carriere\/\" \/>\n<meta property=\"og:site_name\" content=\"CERIC\" \/>\n<meta property=\"article:modified_time\" content=\"2024-05-30T15:24:48+00:00\" \/>\n<meta name=\"twitter:card\" content=\"summary_large_image\" \/>\n<meta name=\"twitter:label1\" content=\"Dur\u00e9e de lecture estim\u00e9e\" \/>\n\t<meta name=\"twitter:data1\" content=\"3 minutes\" \/>\n<script type=\"application\/ld+json\" class=\"yoast-schema-graph\">{\"@context\":\"https:\\\/\\\/schema.org\",\"@graph\":[{\"@type\":\"WebPage\",\"@id\":\"https:\\\/\\\/ceric.ca\\\/fr\\\/projets\\\/evaluation-du-paysage-canadien-du-developpement-de-carriere\\\/\",\"url\":\"https:\\\/\\\/ceric.ca\\\/fr\\\/projets\\\/evaluation-du-paysage-canadien-du-developpement-de-carriere\\\/\",\"name\":\"\u00c9valuation du paysage canadien du d\u00e9veloppement de carri\u00e8re - CERIC\",\"isPartOf\":{\"@id\":\"https:\\\/\\\/ceric.ca\\\/#website\"},\"datePublished\":\"2022-09-01T21:21:35+00:00\",\"dateModified\":\"2024-05-30T15:24:48+00:00\",\"breadcrumb\":{\"@id\":\"https:\\\/\\\/ceric.ca\\\/fr\\\/projets\\\/evaluation-du-paysage-canadien-du-developpement-de-carriere\\\/#breadcrumb\"},\"inLanguage\":\"fr-FR\",\"potentialAction\":[{\"@type\":\"ReadAction\",\"target\":[\"https:\\\/\\\/ceric.ca\\\/fr\\\/projets\\\/evaluation-du-paysage-canadien-du-developpement-de-carriere\\\/\"]}]},{\"@type\":\"BreadcrumbList\",\"@id\":\"https:\\\/\\\/ceric.ca\\\/fr\\\/projets\\\/evaluation-du-paysage-canadien-du-developpement-de-carriere\\\/#breadcrumb\",\"itemListElement\":[{\"@type\":\"ListItem\",\"position\":1,\"name\":\"Home\",\"item\":\"https:\\\/\\\/ceric.ca\\\/fr\\\/ceric-homepage-2025\\\/\"},{\"@type\":\"ListItem\",\"position\":2,\"name\":\"Projets\",\"item\":\"https:\\\/\\\/ceric.ca\\\/fr\\\/projets\\\/\"},{\"@type\":\"ListItem\",\"position\":3,\"name\":\"\u00c9valuation du paysage canadien du d\u00e9veloppement de carri\u00e8re\"}]},{\"@type\":\"WebSite\",\"@id\":\"https:\\\/\\\/ceric.ca\\\/#website\",\"url\":\"https:\\\/\\\/ceric.ca\\\/\",\"name\":\"CERIC\",\"description\":\"\",\"publisher\":{\"@id\":\"https:\\\/\\\/ceric.ca\\\/#organization\"},\"potentialAction\":[{\"@type\":\"SearchAction\",\"target\":{\"@type\":\"EntryPoint\",\"urlTemplate\":\"https:\\\/\\\/ceric.ca\\\/?s={search_term_string}\"},\"query-input\":{\"@type\":\"PropertyValueSpecification\",\"valueRequired\":true,\"valueName\":\"search_term_string\"}}],\"inLanguage\":\"fr-FR\"},{\"@type\":\"Organization\",\"@id\":\"https:\\\/\\\/ceric.ca\\\/#organization\",\"name\":\"CERIC\",\"url\":\"https:\\\/\\\/ceric.ca\\\/\",\"logo\":{\"@type\":\"ImageObject\",\"inLanguage\":\"fr-FR\",\"@id\":\"https:\\\/\\\/ceric.ca\\\/#\\\/schema\\\/logo\\\/image\\\/\",\"url\":\"\",\"contentUrl\":\"\",\"caption\":\"CERIC\"},\"image\":{\"@id\":\"https:\\\/\\\/ceric.ca\\\/#\\\/schema\\\/logo\\\/image\\\/\"}}]}<\/script>\n<!-- \/ Yoast SEO Premium plugin. -->","yoast_head_json":{"title":"\u00c9valuation du paysage canadien du d\u00e9veloppement de carri\u00e8re - CERIC","robots":{"index":"index","follow":"follow","max-snippet":"max-snippet:-1","max-image-preview":"max-image-preview:large","max-video-preview":"max-video-preview:-1"},"canonical":"https:\/\/ceric.ca\/fr\/projets\/evaluation-du-paysage-canadien-du-developpement-de-carriere\/","og_locale":"fr_FR","og_type":"article","og_title":"\u00c9valuation du paysage canadien du d\u00e9veloppement de carri\u00e8re","og_description":"[vc_row][vc_column][\/vc_column][\/vc_row][vc_row][vc_column width=\u00a0\u00bb1\/2&Prime;][vc_single_image image=\u00a0\u00bb56911&Prime;][\/vc_column][vc_column width=\u00a0\u00bb1\/2&Prime;][vc_message message_box_color=\u00a0\u00bbalert-success\u00a0\u00bb icon_type=\u00a0\u00bbentypo\u00a0\u00bb icon_entypo=\u00a0\u00bbentypo-icon entypo-icon-progress-3&Prime;]TERMIN\u00c9[\/vc_message][\/vc_column][\/vc_row][vc_row][vc_column][vc_column_text]Challenge\u202fFactory et la Fondation canadienne pour le d\u00e9veloppement de carri\u00e8re (FCDC) font \u00e9quipe avec le CERIC pour \u00e9valuer et [\u2026]","og_url":"https:\/\/ceric.ca\/fr\/projets\/evaluation-du-paysage-canadien-du-developpement-de-carriere\/","og_site_name":"CERIC","article_modified_time":"2024-05-30T15:24:48+00:00","twitter_card":"summary_large_image","twitter_misc":{"Dur\u00e9e de lecture estim\u00e9e":"3 minutes"},"schema":{"@context":"https:\/\/schema.org","@graph":[{"@type":"WebPage","@id":"https:\/\/ceric.ca\/fr\/projets\/evaluation-du-paysage-canadien-du-developpement-de-carriere\/","url":"https:\/\/ceric.ca\/fr\/projets\/evaluation-du-paysage-canadien-du-developpement-de-carriere\/","name":"\u00c9valuation du paysage canadien du d\u00e9veloppement de carri\u00e8re - CERIC","isPartOf":{"@id":"https:\/\/ceric.ca\/#website"},"datePublished":"2022-09-01T21:21:35+00:00","dateModified":"2024-05-30T15:24:48+00:00","breadcrumb":{"@id":"https:\/\/ceric.ca\/fr\/projets\/evaluation-du-paysage-canadien-du-developpement-de-carriere\/#breadcrumb"},"inLanguage":"fr-FR","potentialAction":[{"@type":"ReadAction","target":["https:\/\/ceric.ca\/fr\/projets\/evaluation-du-paysage-canadien-du-developpement-de-carriere\/"]}]},{"@type":"BreadcrumbList","@id":"https:\/\/ceric.ca\/fr\/projets\/evaluation-du-paysage-canadien-du-developpement-de-carriere\/#breadcrumb","itemListElement":[{"@type":"ListItem","position":1,"name":"Home","item":"https:\/\/ceric.ca\/fr\/ceric-homepage-2025\/"},{"@type":"ListItem","position":2,"name":"Projets","item":"https:\/\/ceric.ca\/fr\/projets\/"},{"@type":"ListItem","position":3,"name":"\u00c9valuation du paysage canadien du d\u00e9veloppement de carri\u00e8re"}]},{"@type":"WebSite","@id":"https:\/\/ceric.ca\/#website","url":"https:\/\/ceric.ca\/","name":"CERIC","description":"","publisher":{"@id":"https:\/\/ceric.ca\/#organization"},"potentialAction":[{"@type":"SearchAction","target":{"@type":"EntryPoint","urlTemplate":"https:\/\/ceric.ca\/?s={search_term_string}"},"query-input":{"@type":"PropertyValueSpecification","valueRequired":true,"valueName":"search_term_string"}}],"inLanguage":"fr-FR"},{"@type":"Organization","@id":"https:\/\/ceric.ca\/#organization","name":"CERIC","url":"https:\/\/ceric.ca\/","logo":{"@type":"ImageObject","inLanguage":"fr-FR","@id":"https:\/\/ceric.ca\/#\/schema\/logo\/image\/","url":"","contentUrl":"","caption":"CERIC"},"image":{"@id":"https:\/\/ceric.ca\/#\/schema\/logo\/image\/"}}]}},"_links":{"self":[{"href":"https:\/\/ceric.ca\/fr\/wp-json\/wp\/v2\/pages\/56788","targetHints":{"allow":["GET"]}}],"collection":[{"href":"https:\/\/ceric.ca\/fr\/wp-json\/wp\/v2\/pages"}],"about":[{"href":"https:\/\/ceric.ca\/fr\/wp-json\/wp\/v2\/types\/page"}],"author":[{"embeddable":true,"href":"https:\/\/ceric.ca\/fr\/wp-json\/wp\/v2\/users\/30"}],"replies":[{"embeddable":true,"href":"https:\/\/ceric.ca\/fr\/wp-json\/wp\/v2\/comments?post=56788"}],"version-history":[{"count":0,"href":"https:\/\/ceric.ca\/fr\/wp-json\/wp\/v2\/pages\/56788\/revisions"}],"up":[{"embeddable":true,"href":"https:\/\/ceric.ca\/fr\/wp-json\/wp\/v2\/pages\/9559"}],"wp:attachment":[{"href":"https:\/\/ceric.ca\/fr\/wp-json\/wp\/v2\/media?parent=56788"}],"curies":[{"name":"wp","href":"https:\/\/api.w.org\/{rel}","templated":true}]}}