{"id":57908,"date":"2016-09-26T14:47:55","date_gmt":"2016-09-26T18:47:55","guid":{"rendered":"https:\/\/ceric.ca\/projets\/insight-into-canadian-post-secondary-career-service-models\/"},"modified":"2022-11-03T09:55:32","modified_gmt":"2022-11-03T13:55:32","slug":"nouvelles-perspectives-sur-les-modeles-canadiens-de-services-dorientation-postsecondaires","status":"publish","type":"page","link":"https:\/\/ceric.ca\/fr\/projets\/nouvelles-perspectives-sur-les-modeles-canadiens-de-services-dorientation-postsecondaires\/","title":{"rendered":"Nouvelles perspectives sur les mod\u00e8les canadiens de services d\u2019orientation postsecondaires"},"content":{"rendered":"<div class=\"wpb-content-wrapper\"><p>[vc_row][vc_column width=\u00a0\u00bb1\/2&Prime;][vc_single_image image=\u00a0\u00bb27078&Prime;][\/vc_column][vc_column width=\u00a0\u00bb1\/2&Prime;]<div class=\"wprt-list clearfix icon-left icon-middle\">\r\n\t\t<div style=\"padding:;margin-bottom:10px;background-color:#f8f8f8;\">\r\n\t\t\t<span style=\"padding-left:30px;\"><span class=\"icon \">\r\n\t\t\t<i class=\"typcn typcn-group\" style=\"color:#898989;font-size:20px;\"><\/i>\r\n\t\t<\/span> <span style=\"font-weight:700;\">Partenaires du projet : Dr. Peter Dietsche et Jim Lees (PSE Information Systems)<\/span><\/span>\r\n\t\t<\/div>\r\n\t<\/div><div class=\"wprt-list clearfix icon-left icon-middle\">\r\n\t\t<div style=\"padding:;margin-bottom:10px;background-color:#f8f8f8;\">\r\n\t\t\t<span style=\"padding-left:30px;\"><span class=\"icon \">\r\n\t\t\t<i class=\"typcn typcn-flag\" style=\"color:#898989;font-size:20px;\"><\/i>\r\n\t\t<\/span> <span style=\"font-weight:700;\">Langue : Anglais<\/span><\/span>\r\n\t\t<\/div>\r\n\t<\/div>[vc_message message_box_color=\u00a0\u00bbalert-success\u00a0\u00bb icon_type=\u00a0\u00bbentypo\u00a0\u00bb icon_entypo=\u00a0\u00bbentypo-icon entypo-icon-progress-3&Prime;]<strong>TERMIN\u00c9<\/strong>[\/vc_message][\/vc_column][\/vc_row][vc_row][vc_column]\r\n\t<div class=\"wprt-spacer clearfix\" data-desktop=\"40\" data-mobi=\"30\" data-smobi=\"30\"><\/div>[vc_column_text]Depuis quelques ann\u00e9es, le parcours transitionnel de l\u2019\u00e9cole au travail par les \u00e9tudiants d\u2019\u00e9tablissements postsecondaires retient de plus en plus l\u2019attention des m\u00e9dias, et en particulier certains aspects comme le ch\u00f4mage et le sous-emploi, l\u2019inad\u00e9quation des comp\u00e9tences avec les besoins du march\u00e9 du travail, et les perspectives de carri\u00e8re des jeunes dipl\u00f4m\u00e9s. On se penche toutefois rarement sur le r\u00f4le de l\u2019\u00e9cosyst\u00e8me institutionnel ou de l\u2019infrastructure des services d\u2019orientation professionnelle dispens\u00e9s en lien avec les emplois obtenus ou la carri\u00e8re souhait\u00e9e.<\/p>\n<p>Ce projet national du CERIC \u00e9tablira l\u2019importance accord\u00e9e par les universit\u00e9s et les coll\u00e8ges financ\u00e9s par l\u2019\u00c9tat \u00e0 la prestation de services de d\u00e9veloppement de carri\u00e8re \u00e0 leurs \u00e9tudiants, et soulignera certains mod\u00e8les particuli\u00e8rement inspirants de prestation de services d\u2019orientation professionnelle dans l\u2019ensemble du pays. Ce projet sera d\u2019un int\u00e9r\u00eat particulier pour les administrateurs de services d\u2019orientation et leurs coll\u00e8gues qui aspirent \u00e0 un poste de direction, et pour les directeurs principaux des universit\u00e9s et des coll\u00e8ges qui d\u00e9sirent fournir des services d\u2019orientation pertinents et de haute qualit\u00e9 dans leur \u00e9tablissement.<\/p>\n<p><strong>Objectifs du projet<\/strong><\/p>\n<ul>\n<li>Avoir un portrait complet des diff\u00e9rents mod\u00e8les de services d\u2019orientation professionnelle dans l\u2019ensemble du Canada.<\/li>\n<li>Examiner le niveau d\u2019engagement des \u00e9tablissements \u00e0 l\u2019\u00e9gard de la prestation de services d\u2019orientation professionnelle \u00e0 leurs \u00e9tudiants.<\/li>\n<\/ul>\n<p>Le projet de recherche a \u00e9t\u00e9 confi\u00e9 \u00e0 PSE Information Systems, et sera dirig\u00e9 par le professeur Peter Dietsche et par Jim Lees. PSE Information Systems obtiendra des renseignements complets sur les services d\u2019orientation professionnelle des 93 grandes universit\u00e9s et des 122 coll\u00e8ges publics du Canada, \u00e0 partir d\u2019un \u00e9chantillon de grande taille comprenant des \u00e9tablissements anglophones et francophones. Les chercheurs utiliseront un concept de recherche par m\u00e9thodes mixtes en trois \u00e9tapes : i) sondage en ligne \u00e0 l\u2019intention de tous les coll\u00e8ges et de toutes les universit\u00e9s; ii) entrevues approfondies avec des membres cl\u00e9s du personnel des \u00e9tablissements choisis comme mod\u00e8les inspirants en mati\u00e8re de prestation de services d\u2019orientation professionnelle; iii) analyse de contenu des sites Web sur les services d\u2019orientation professionnelle de la plupart des universit\u00e9s et des coll\u00e8ges canadiens.[\/vc_column_text][\/vc_column][\/vc_row][vc_row][vc_column]\r\n\t<div class=\"wprt-spacer clearfix\" data-desktop=\"40\" data-mobi=\"30\" data-smobi=\"30\"><\/div>[vc_separator color=\u00a0\u00bbcustom\u00a0\u00bb style=\u00a0\u00bbdashed\u00a0\u00bb border_width=\u00a0\u00bb2&Prime; accent_color=\u00a0\u00bb#cccccc\u00a0\u00bb]\r\n\t<div class=\"wprt-spacer clearfix\" data-desktop=\"40\" data-mobi=\"30\" data-smobi=\"30\"><\/div>[\/vc_column][\/vc_row][vc_row][vc_column width=\u00a0\u00bb1\/5&Prime;][vc_single_image image=\u00a0\u00bb21003&Prime; img_size=\u00a0\u00bbmedium\u00a0\u00bb][\/vc_column][vc_column width=\u00a0\u00bb4\/5&Prime;][vc_column_text]<div class='w3eden wpdm_package_shortcode'><div class=\"media well link-template-widget\">\n    <div class=\"media-body\">\n        <a href=\"https:\/\/ceric.ca\/wpdm-package\/insight-impressive-practices-career-services-reference-guide\/?wpdmdl=20998&refresh=69f1e867c15ed1777461351\" style=\"display: block;clear: bottom;font-size: 11pt;font-weight: bold;\">Insight into Impressive Practices in Career Services: A Reference Guide<\/a>\n        <div style=\"font-size: 9pt;\">\n            <i class=\"fas fa-hdd color-green\"><\/i> 1.08 MB <i class=\"fa fa-copy ml-3\"><\/i>\n            1 file(s)\n        <\/div>\n    <\/div>\n<\/div>\n\n<\/div>[\/vc_column_text][\/vc_column][\/vc_row][vc_row][vc_column]\r\n\t<div class=\"wprt-spacer clearfix\" data-desktop=\"40\" data-mobi=\"30\" data-smobi=\"30\"><\/div>[vc_separator color=\u00a0\u00bbcustom\u00a0\u00bb style=\u00a0\u00bbdashed\u00a0\u00bb border_width=\u00a0\u00bb2&Prime; accent_color=\u00a0\u00bb#cccccc\u00a0\u00bb]\r\n\t<div class=\"wprt-spacer clearfix\" data-desktop=\"40\" data-mobi=\"30\" data-smobi=\"30\"><\/div>[\/vc_column][\/vc_row][vc_row][vc_column width=\u00a0\u00bb1\/5&Prime;][vc_single_image image=\u00a0\u00bb39339&Prime; img_size=\u00a0\u00bbmedium\u00a0\u00bb alignment=\u00a0\u00bbcenter\u00a0\u00bb][\/vc_column][vc_column width=\u00a0\u00bb4\/5&Prime;][vc_column_text]<div class='w3eden wpdm_package_shortcode'><div class=\"media well link-template-widget\">\n    <div class=\"media-body\">\n        <a href=\"https:\/\/ceric.ca\/wpdm-package\/insight-canadian-post-secondary-career-service-models\/?wpdmdl=20030&refresh=69f1e867f3ea21777461351\" style=\"display: block;clear: bottom;font-size: 11pt;font-weight: bold;\">Insight into Canadian Post-Secondary Career Service Models - Final Report<\/a>\n        <div style=\"font-size: 9pt;\">\n            <i class=\"fas fa-hdd color-green\"><\/i> 1.48 MB <i class=\"fa fa-copy ml-3\"><\/i>\n            1 file(s)\n        <\/div>\n    <\/div>\n<\/div>\n\n<\/div>[\/vc_column_text][\/vc_column][\/vc_row][vc_row][vc_column]\r\n\t<div class=\"wprt-spacer clearfix\" data-desktop=\"40\" data-mobi=\"30\" data-smobi=\"30\"><\/div>[vc_separator color=\u00a0\u00bbcustom\u00a0\u00bb style=\u00a0\u00bbdashed\u00a0\u00bb border_width=\u00a0\u00bb2&Prime; accent_color=\u00a0\u00bb#cccccc\u00a0\u00bb]\r\n\t<div class=\"wprt-spacer clearfix\" data-desktop=\"40\" data-mobi=\"30\" data-smobi=\"30\"><\/div>[\/vc_column][\/vc_row][vc_row][vc_column][vc_column_text]<strong>Calendrier du projet<\/strong><\/p>\n<ul>\n<li>Octobre 2016 \u2013 Questionnaire sur le terrain<\/li>\n<li>D\u00e9cembre 2016 \u2013 Ach\u00e8vement du rapport de recherche<br \/>\n23 et 25 janvier 2017 \u2013 Pr\u00e9sentation du projet au congr\u00e8s Cannexus<\/li>\n<li>Mai 2017 \u2013 Publication d\u2019un guide sur les mod\u00e8les de services d\u2019orientation<\/li>\n<\/ul>\n<p>[\/vc_column_text][\/vc_column][\/vc_row]<\/p>\n<\/div>","protected":false},"excerpt":{"rendered":"<p>[vc_row][vc_column width=\u00a0\u00bb1\/2&Prime;][vc_single_image image=\u00a0\u00bb27078&Prime;][\/vc_column][vc_column width=\u00a0\u00bb1\/2&Prime;][vc_message message_box_color=\u00a0\u00bbalert-success\u00a0\u00bb icon_type=\u00a0\u00bbentypo\u00a0\u00bb icon_entypo=\u00a0\u00bbentypo-icon entypo-icon-progress-3&Prime;]TERMIN\u00c9[\/vc_message][\/vc_column][\/vc_row][vc_row][vc_column][vc_column_text]Depuis quelques ann\u00e9es, le parcours transitionnel de l\u2019\u00e9cole au travail par les \u00e9tudiants d\u2019\u00e9tablissements postsecondaires retient de plus en<span class=\"excerpt-hellip\"> [\u2026]<\/span><\/p>\n","protected":false},"author":1,"featured_media":0,"parent":9559,"menu_order":0,"comment_status":"closed","ping_status":"closed","template":"","meta":{"h5ap_radio_sources":[],"footnotes":""},"class_list":["post-57908","page","type-page","status-publish","hentry"],"yoast_head":"<!-- This site is optimized with the Yoast SEO Premium plugin v27.4 (Yoast SEO v27.4) - https:\/\/yoast.com\/product\/yoast-seo-premium-wordpress\/ -->\n<title>Nouvelles perspectives sur les mod\u00e8les canadiens de services d\u2019orientation postsecondaires - CERIC<\/title>\n<meta name=\"robots\" content=\"index, follow, max-snippet:-1, max-image-preview:large, max-video-preview:-1\" \/>\n<link rel=\"canonical\" href=\"https:\/\/ceric.ca\/fr\/projets\/nouvelles-perspectives-sur-les-modeles-canadiens-de-services-dorientation-postsecondaires\/\" \/>\n<meta property=\"og:locale\" content=\"fr_FR\" \/>\n<meta property=\"og:type\" content=\"article\" \/>\n<meta property=\"og:title\" content=\"Nouvelles perspectives sur les mod\u00e8les canadiens de services d\u2019orientation postsecondaires\" \/>\n<meta property=\"og:description\" content=\"[vc_row][vc_column width=\u00a0\u00bb1\/2&Prime;][vc_single_image image=\u00a0\u00bb27078&Prime;][\/vc_column][vc_column width=\u00a0\u00bb1\/2&Prime;][vc_message message_box_color=\u00a0\u00bbalert-success\u00a0\u00bb icon_type=\u00a0\u00bbentypo\u00a0\u00bb icon_entypo=\u00a0\u00bbentypo-icon entypo-icon-progress-3&Prime;]TERMIN\u00c9[\/vc_message][\/vc_column][\/vc_row][vc_row][vc_column][vc_column_text]Depuis quelques ann\u00e9es, le parcours transitionnel de l\u2019\u00e9cole au travail par les \u00e9tudiants d\u2019\u00e9tablissements postsecondaires retient de plus en [\u2026]\" \/>\n<meta property=\"og:url\" content=\"https:\/\/ceric.ca\/fr\/projets\/nouvelles-perspectives-sur-les-modeles-canadiens-de-services-dorientation-postsecondaires\/\" \/>\n<meta property=\"og:site_name\" content=\"CERIC\" \/>\n<meta property=\"article:modified_time\" content=\"2022-11-03T13:55:32+00:00\" \/>\n<meta name=\"twitter:card\" content=\"summary_large_image\" \/>\n<meta name=\"twitter:label1\" content=\"Dur\u00e9e de lecture estim\u00e9e\" \/>\n\t<meta name=\"twitter:data1\" content=\"3 minutes\" \/>\n<script type=\"application\/ld+json\" class=\"yoast-schema-graph\">{\"@context\":\"https:\\\/\\\/schema.org\",\"@graph\":[{\"@type\":\"WebPage\",\"@id\":\"https:\\\/\\\/ceric.ca\\\/fr\\\/projets\\\/nouvelles-perspectives-sur-les-modeles-canadiens-de-services-dorientation-postsecondaires\\\/\",\"url\":\"https:\\\/\\\/ceric.ca\\\/fr\\\/projets\\\/nouvelles-perspectives-sur-les-modeles-canadiens-de-services-dorientation-postsecondaires\\\/\",\"name\":\"Nouvelles perspectives sur les mod\u00e8les canadiens de services d\u2019orientation postsecondaires - CERIC\",\"isPartOf\":{\"@id\":\"https:\\\/\\\/ceric.ca\\\/#website\"},\"datePublished\":\"2016-09-26T18:47:55+00:00\",\"dateModified\":\"2022-11-03T13:55:32+00:00\",\"breadcrumb\":{\"@id\":\"https:\\\/\\\/ceric.ca\\\/fr\\\/projets\\\/nouvelles-perspectives-sur-les-modeles-canadiens-de-services-dorientation-postsecondaires\\\/#breadcrumb\"},\"inLanguage\":\"fr-FR\",\"potentialAction\":[{\"@type\":\"ReadAction\",\"target\":[\"https:\\\/\\\/ceric.ca\\\/fr\\\/projets\\\/nouvelles-perspectives-sur-les-modeles-canadiens-de-services-dorientation-postsecondaires\\\/\"]}]},{\"@type\":\"BreadcrumbList\",\"@id\":\"https:\\\/\\\/ceric.ca\\\/fr\\\/projets\\\/nouvelles-perspectives-sur-les-modeles-canadiens-de-services-dorientation-postsecondaires\\\/#breadcrumb\",\"itemListElement\":[{\"@type\":\"ListItem\",\"position\":1,\"name\":\"Home\",\"item\":\"https:\\\/\\\/ceric.ca\\\/fr\\\/ceric-homepage-2025\\\/\"},{\"@type\":\"ListItem\",\"position\":2,\"name\":\"Projets\",\"item\":\"https:\\\/\\\/ceric.ca\\\/fr\\\/projets\\\/\"},{\"@type\":\"ListItem\",\"position\":3,\"name\":\"Nouvelles perspectives sur les mod\u00e8les canadiens de services d\u2019orientation postsecondaires\"}]},{\"@type\":\"WebSite\",\"@id\":\"https:\\\/\\\/ceric.ca\\\/#website\",\"url\":\"https:\\\/\\\/ceric.ca\\\/\",\"name\":\"CERIC\",\"description\":\"\",\"publisher\":{\"@id\":\"https:\\\/\\\/ceric.ca\\\/#organization\"},\"potentialAction\":[{\"@type\":\"SearchAction\",\"target\":{\"@type\":\"EntryPoint\",\"urlTemplate\":\"https:\\\/\\\/ceric.ca\\\/?s={search_term_string}\"},\"query-input\":{\"@type\":\"PropertyValueSpecification\",\"valueRequired\":true,\"valueName\":\"search_term_string\"}}],\"inLanguage\":\"fr-FR\"},{\"@type\":\"Organization\",\"@id\":\"https:\\\/\\\/ceric.ca\\\/#organization\",\"name\":\"CERIC\",\"url\":\"https:\\\/\\\/ceric.ca\\\/\",\"logo\":{\"@type\":\"ImageObject\",\"inLanguage\":\"fr-FR\",\"@id\":\"https:\\\/\\\/ceric.ca\\\/#\\\/schema\\\/logo\\\/image\\\/\",\"url\":\"\",\"contentUrl\":\"\",\"caption\":\"CERIC\"},\"image\":{\"@id\":\"https:\\\/\\\/ceric.ca\\\/#\\\/schema\\\/logo\\\/image\\\/\"}}]}<\/script>\n<!-- \/ Yoast SEO Premium plugin. -->","yoast_head_json":{"title":"Nouvelles perspectives sur les mod\u00e8les canadiens de services d\u2019orientation postsecondaires - CERIC","robots":{"index":"index","follow":"follow","max-snippet":"max-snippet:-1","max-image-preview":"max-image-preview:large","max-video-preview":"max-video-preview:-1"},"canonical":"https:\/\/ceric.ca\/fr\/projets\/nouvelles-perspectives-sur-les-modeles-canadiens-de-services-dorientation-postsecondaires\/","og_locale":"fr_FR","og_type":"article","og_title":"Nouvelles perspectives sur les mod\u00e8les canadiens de services d\u2019orientation postsecondaires","og_description":"[vc_row][vc_column width=\u00a0\u00bb1\/2&Prime;][vc_single_image image=\u00a0\u00bb27078&Prime;][\/vc_column][vc_column width=\u00a0\u00bb1\/2&Prime;][vc_message message_box_color=\u00a0\u00bbalert-success\u00a0\u00bb icon_type=\u00a0\u00bbentypo\u00a0\u00bb icon_entypo=\u00a0\u00bbentypo-icon entypo-icon-progress-3&Prime;]TERMIN\u00c9[\/vc_message][\/vc_column][\/vc_row][vc_row][vc_column][vc_column_text]Depuis quelques ann\u00e9es, le parcours transitionnel de l\u2019\u00e9cole au travail par les \u00e9tudiants d\u2019\u00e9tablissements postsecondaires retient de plus en [\u2026]","og_url":"https:\/\/ceric.ca\/fr\/projets\/nouvelles-perspectives-sur-les-modeles-canadiens-de-services-dorientation-postsecondaires\/","og_site_name":"CERIC","article_modified_time":"2022-11-03T13:55:32+00:00","twitter_card":"summary_large_image","twitter_misc":{"Dur\u00e9e de lecture estim\u00e9e":"3 minutes"},"schema":{"@context":"https:\/\/schema.org","@graph":[{"@type":"WebPage","@id":"https:\/\/ceric.ca\/fr\/projets\/nouvelles-perspectives-sur-les-modeles-canadiens-de-services-dorientation-postsecondaires\/","url":"https:\/\/ceric.ca\/fr\/projets\/nouvelles-perspectives-sur-les-modeles-canadiens-de-services-dorientation-postsecondaires\/","name":"Nouvelles perspectives sur les mod\u00e8les canadiens de services d\u2019orientation postsecondaires - CERIC","isPartOf":{"@id":"https:\/\/ceric.ca\/#website"},"datePublished":"2016-09-26T18:47:55+00:00","dateModified":"2022-11-03T13:55:32+00:00","breadcrumb":{"@id":"https:\/\/ceric.ca\/fr\/projets\/nouvelles-perspectives-sur-les-modeles-canadiens-de-services-dorientation-postsecondaires\/#breadcrumb"},"inLanguage":"fr-FR","potentialAction":[{"@type":"ReadAction","target":["https:\/\/ceric.ca\/fr\/projets\/nouvelles-perspectives-sur-les-modeles-canadiens-de-services-dorientation-postsecondaires\/"]}]},{"@type":"BreadcrumbList","@id":"https:\/\/ceric.ca\/fr\/projets\/nouvelles-perspectives-sur-les-modeles-canadiens-de-services-dorientation-postsecondaires\/#breadcrumb","itemListElement":[{"@type":"ListItem","position":1,"name":"Home","item":"https:\/\/ceric.ca\/fr\/ceric-homepage-2025\/"},{"@type":"ListItem","position":2,"name":"Projets","item":"https:\/\/ceric.ca\/fr\/projets\/"},{"@type":"ListItem","position":3,"name":"Nouvelles perspectives sur les mod\u00e8les canadiens de services d\u2019orientation postsecondaires"}]},{"@type":"WebSite","@id":"https:\/\/ceric.ca\/#website","url":"https:\/\/ceric.ca\/","name":"CERIC","description":"","publisher":{"@id":"https:\/\/ceric.ca\/#organization"},"potentialAction":[{"@type":"SearchAction","target":{"@type":"EntryPoint","urlTemplate":"https:\/\/ceric.ca\/?s={search_term_string}"},"query-input":{"@type":"PropertyValueSpecification","valueRequired":true,"valueName":"search_term_string"}}],"inLanguage":"fr-FR"},{"@type":"Organization","@id":"https:\/\/ceric.ca\/#organization","name":"CERIC","url":"https:\/\/ceric.ca\/","logo":{"@type":"ImageObject","inLanguage":"fr-FR","@id":"https:\/\/ceric.ca\/#\/schema\/logo\/image\/","url":"","contentUrl":"","caption":"CERIC"},"image":{"@id":"https:\/\/ceric.ca\/#\/schema\/logo\/image\/"}}]}},"_links":{"self":[{"href":"https:\/\/ceric.ca\/fr\/wp-json\/wp\/v2\/pages\/57908","targetHints":{"allow":["GET"]}}],"collection":[{"href":"https:\/\/ceric.ca\/fr\/wp-json\/wp\/v2\/pages"}],"about":[{"href":"https:\/\/ceric.ca\/fr\/wp-json\/wp\/v2\/types\/page"}],"author":[{"embeddable":true,"href":"https:\/\/ceric.ca\/fr\/wp-json\/wp\/v2\/users\/1"}],"replies":[{"embeddable":true,"href":"https:\/\/ceric.ca\/fr\/wp-json\/wp\/v2\/comments?post=57908"}],"version-history":[{"count":0,"href":"https:\/\/ceric.ca\/fr\/wp-json\/wp\/v2\/pages\/57908\/revisions"}],"up":[{"embeddable":true,"href":"https:\/\/ceric.ca\/fr\/wp-json\/wp\/v2\/pages\/9559"}],"wp:attachment":[{"href":"https:\/\/ceric.ca\/fr\/wp-json\/wp\/v2\/media?parent=57908"}],"curies":[{"name":"wp","href":"https:\/\/api.w.org\/{rel}","templated":true}]}}