{"id":58376,"date":"2022-12-19T11:42:47","date_gmt":"2022-12-19T16:42:47","guid":{"rendered":"https:\/\/ceric.ca\/?page_id=58376"},"modified":"2024-08-15T11:11:40","modified_gmt":"2024-08-15T15:11:40","slug":"principes-de-pratique-theories-et-modeles-orientes-sur-la-carriere","status":"publish","type":"page","link":"https:\/\/ceric.ca\/fr\/projets\/principes-de-pratique-theories-et-modeles-orientes-sur-la-carriere\/","title":{"rendered":"Principes de pratique : Th\u00e9ories et mod\u00e8les orient\u00e9s sur la carri\u00e8re\u00a0"},"content":{"rendered":"<div class=\"wpb-content-wrapper\"><p>[vc_row][vc_column width=\u00a0\u00bb1\/2&Prime;][vc_single_image image=\u00a0\u00bb58339&Prime;][\/vc_column][vc_column width=\u00a0\u00bb1\/2&Prime;]<div class=\"wprt-list clearfix icon-left icon-middle\">\r\n\t\t<div style=\"padding:;margin-bottom:10px;background-color:#f8f8f8;\">\r\n\t\t\t<span style=\"padding-left:30px;\"><span class=\"icon \">\r\n\t\t\t<i class=\"typcn typcn-group\" style=\"color:#898989;font-size:20px;\"><\/i>\r\n\t\t<\/span> <span style=\"font-weight:700;\">Partenaires du projet\u202f: Life Strategies Ltd.<\/span><\/span>\r\n\t\t<\/div>\r\n\t<\/div><div class=\"wprt-list clearfix icon-left icon-middle\">\r\n\t\t<div style=\"padding:;margin-bottom:10px;background-color:#f8f8f8;\">\r\n\t\t\t<span style=\"padding-left:30px;\"><span class=\"icon \">\r\n\t\t\t<i class=\"typcn typcn-flag\" style=\"color:#898989;font-size:20px;\"><\/i>\r\n\t\t<\/span> <span style=\"font-weight:700;\">Langue : anglais<\/span><\/span>\r\n\t\t<\/div>\r\n\t<\/div>[vc_message message_box_color=\u00a0\u00bbalert-success\u00a0\u00bb icon_type=\u00a0\u00bbentypo\u00a0\u00bb css=\u00a0\u00bb\u00a0\u00bb icon_entypo=\u00a0\u00bbentypo-icon entypo-icon-progress-3&Prime;]<strong>TERMIN\u00c9<\/strong>[\/vc_message][\/vc_column][\/vc_row][vc_row][vc_column]\r\n\t<div class=\"wprt-spacer clearfix\" data-desktop=\"40\" data-mobi=\"30\" data-smobi=\"30\"><\/div>[vc_column_text]<span data-contrast=\"auto\">Comment les intervenants du d\u00e9veloppement de carri\u00e8re peuvent-ils renforcer les rapports entre la th\u00e9orie et la pratique? Les intervenants en d\u00e9veloppement de carri\u00e8re doivent conna\u00eetre les derni\u00e8res th\u00e9ories et les plus r\u00e9cents mod\u00e8les dans le domaine. Il est \u00e9galement important que les intervenants fassent des choix \u00e9clair\u00e9s quant aux m\u00e9thodes et aux strat\u00e9gies qu\u2019ils utilisent dans la pratique. L\u2019objectif de ce projet est de procurer aux intervenants des principes fondamentaux d\u2019une pratique professionnelle fond\u00e9e sur la th\u00e9orie.<\/span><span data-ccp-props=\"{&quot;134233117&quot;:false,&quot;134233118&quot;:false,&quot;201341983&quot;:0,&quot;335559738&quot;:0,&quot;335559739&quot;:0,&quot;335559740&quot;:240}\">\u00a0<\/span><\/p>\n<p><span data-contrast=\"auto\">Bas\u00e9s sur une analyse des points de pratique dans les 43\u202fchapitres du recueil <\/span><a href=\"https:\/\/ceric.ca\/fr\/publications\/theories-et-modeles-orientes-sur-la-carriere-des-idees-pour-la-pratique\/\"><i><span data-contrast=\"none\">Th\u00e9ories et mod\u00e8les orient\u00e9s sur la carri\u00e8re\u202f: des id\u00e9es pour la pratique<\/span><\/i><\/a><span data-contrast=\"auto\">, les chapitres exposent les principes fondamentaux que tous les intervenants en d\u00e9veloppement de carri\u00e8re peuvent utiliser, et appliquer dans leur pratique. Le projet offrira aux intervenants un guide de r\u00e9f\u00e9rence qui les aidera \u00e0 faire le pont entre l\u2019application des id\u00e9es et les th\u00e9ories et les mod\u00e8les dont elles sont\u00a0 issues.<\/span><span data-ccp-props=\"{&quot;134233117&quot;:false,&quot;134233118&quot;:false,&quot;201341983&quot;:0,&quot;335559738&quot;:0,&quot;335559739&quot;:0,&quot;335559740&quot;:240}\">\u00a0<\/span><span data-ccp-props=\"{&quot;134233117&quot;:false,&quot;134233118&quot;:false,&quot;201341983&quot;:0,&quot;335559738&quot;:0,&quot;335559739&quot;:0,&quot;335559740&quot;:240}\">\u00a0<\/span><\/p>\n<p><span data-contrast=\"auto\">Le projet est dirig\u00e9 par Dr Nancy\u202fArthur de l\u2019Universit\u00e9 d\u2019Australie du Sud (anciennement Universit\u00e9 de Calgary), en collaboration avec Dr Roberta\u202fBorgen (Neault), Life Strategies et Dr Mary\u202fMcMahon, de l\u2019Universit\u00e9 du Queensland (Australie).\u00a0<\/span><span data-ccp-props=\"{&quot;134233117&quot;:false,&quot;134233118&quot;:false,&quot;201341983&quot;:0,&quot;335559738&quot;:0,&quot;335559739&quot;:0,&quot;335559740&quot;:240}\">\u00a0<\/span><\/p>\n<p><strong>Les objectifs du projet sont\u202f:\u00a0<\/strong><\/p>\n<ol>\n<li><span data-contrast=\"auto\">Informer les intervenants en d\u00e9veloppement de carri\u00e8re des principes de pratique de base d\u00e9riv\u00e9s des th\u00e9ories et mod\u00e8les contemporains de d\u00e9veloppement et de gestion de carri\u00e8re;\u00a0<\/span><span data-ccp-props=\"{&quot;134233117&quot;:false,&quot;134233118&quot;:false,&quot;201341983&quot;:0,&quot;335559685&quot;:360,&quot;335559731&quot;:0,&quot;335559738&quot;:0,&quot;335559739&quot;:0,&quot;335559740&quot;:240}\">\u00a0<\/span><\/li>\n<li><span data-contrast=\"auto\">Procurer aux intervenants une ressource de base qui leur servira \u00e0 perfectionner et \u00e0 am\u00e9liorer leurs m\u00e9thodes d\u2019intervention en mati\u00e8re de carri\u00e8re;<\/span><span data-contrast=\"auto\">\u202f\u00a0<\/span><span data-ccp-props=\"{&quot;134233117&quot;:false,&quot;134233118&quot;:false,&quot;201341983&quot;:0,&quot;335559738&quot;:0,&quot;335559739&quot;:0,&quot;335559740&quot;:240}\">\u00a0<\/span><\/li>\n<li><span data-contrast=\"auto\">Procurer aux intervenants une nouvelle ressource qu\u2019ils pourront ajouter \u00e0 leurs outils ou utiliser comme guide d\u2019accompagnement au recueil <a href=\"https:\/\/ceric.ca\/fr\/publications\/theories-et-modeles-orientes-sur-la-carriere-des-idees-pour-la-pratique\/\"><i>Th\u00e9ories et mod\u00e8les orient\u00e9s sur la carri\u00e8re\u202f: des id\u00e9es pour la pratique<\/i><\/a><\/span><span data-contrast=\"auto\">.\u00a0<\/span><span data-ccp-props=\"{&quot;134233117&quot;:false,&quot;134233118&quot;:false,&quot;201341983&quot;:0,&quot;335559685&quot;:360,&quot;335559731&quot;:0,&quot;335559738&quot;:0,&quot;335559739&quot;:0,&quot;335559740&quot;:240}\">\u00a0<\/span><\/li>\n<\/ol>\n<p><strong>D\u00e9tails de l\u2019ouvrage\u202f:\u00a0<\/strong><\/p>\n<ul>\n<li><span data-contrast=\"auto\">Comprend dix chapitres co\u00e9crits qui \u00e9clairent les rapports entre les principes fondamentaux de la pratique et les th\u00e9ories et mod\u00e8les dont ils sont issus.\u00a0<\/span><span data-ccp-props=\"{&quot;134233117&quot;:false,&quot;134233118&quot;:false,&quot;201341983&quot;:0,&quot;335559738&quot;:0,&quot;335559739&quot;:0,&quot;335559740&quot;:240}\">\u00a0<\/span><\/li>\n<li><span data-contrast=\"auto\">Le chapitre d\u2019introduction d\u00e9crit l\u2019importance des rapports entre la th\u00e9orie et la pratique pour la pratique professionnelle contemporaine et expose la m\u00e9thodologie utilis\u00e9e pour d\u00e9river les principes de pratique.\u00a0<\/span><span data-ccp-props=\"{&quot;134233117&quot;:false,&quot;134233118&quot;:false,&quot;201341983&quot;:0,&quot;335559738&quot;:0,&quot;335559739&quot;:0,&quot;335559740&quot;:240}\">\u00a0<\/span><\/li>\n<li><span data-contrast=\"auto\">Huit chapitres sont consacr\u00e9s \u00e0 la description d\u00e9taill\u00e9e de huit principes fondamentaux de la pratique.\u00a0<\/span><span data-ccp-props=\"{&quot;134233117&quot;:false,&quot;134233118&quot;:false,&quot;201341983&quot;:0,&quot;335559738&quot;:0,&quot;335559739&quot;:0,&quot;335559740&quot;:240}\">\u00a0<\/span><\/li>\n<li><span data-contrast=\"auto\">Des exemples de points de pratique tir\u00e9s des 43\u202fchapitres de <a href=\"https:\/\/ceric.ca\/fr\/publications\/theories-et-modeles-orientes-sur-la-carriere-des-idees-pour-la-pratique\/\"><i>Th\u00e9ories et mod\u00e8les orient\u00e9s sur la carri\u00e8re\u202f: des id\u00e9es pour la pratique<\/i><\/a><\/span><span data-contrast=\"auto\">\u00a0sont intercal\u00e9s dans les huit chapitres.\u00a0<\/span><span data-ccp-props=\"{&quot;134233117&quot;:false,&quot;134233118&quot;:false,&quot;201341983&quot;:0,&quot;335559738&quot;:0,&quot;335559739&quot;:0,&quot;335559740&quot;:240}\">\u00a0<\/span><\/li>\n<li><span data-contrast=\"auto\">Le dernier chapitre int\u00e8gre les principales d\u00e9couvertes et les consid\u00e9rations futures pour resserrer les rapports entre la th\u00e9orie et la pratique.<\/span><span data-ccp-props=\"{&quot;134233117&quot;:false,&quot;134233118&quot;:false,&quot;201341983&quot;:0,&quot;335559738&quot;:0,&quot;335559739&quot;:0,&quot;335559740&quot;:240}\">\u00a0<\/span><\/li>\n<li><span data-contrast=\"auto\">En plus d\u2019\u00eatre utile aux intervenants novices et d\u2019exp\u00e9rience, le recueil pourra servir d\u2019ouvrage compl\u00e9mentaire pour les cours universitaires de premier et de deuxi\u00e8me cycles en orientation professionnelle.\u00a0<\/span><span data-ccp-props=\"{&quot;134233117&quot;:false,&quot;134233118&quot;:false,&quot;201341983&quot;:0,&quot;335559738&quot;:0,&quot;335559739&quot;:0,&quot;335559740&quot;:240}\">\u00a0<\/span><\/li>\n<li><span data-contrast=\"auto\">Des balados seront enregistr\u00e9s pour accompagner les chapitres.<\/span><span data-ccp-props=\"{&quot;134233117&quot;:false,&quot;134233118&quot;:false,&quot;201341983&quot;:0,&quot;335559738&quot;:0,&quot;335559739&quot;:0,&quot;335559740&quot;:240}\">\u00a0<\/span><\/li>\n<li><span data-contrast=\"auto\">Le lancement se fera au <a href=\"https:\/\/cannexus.ceric.ca\/fr\/\" target=\"_blank\" rel=\"noopener\">Cannexus24, la plus grande conf\u00e9rence bilingue sur le d\u00e9veloppement de carri\u00e8re au Canada<\/a>, incluant un atelier par les auteurs.\u00a0<\/span><span data-ccp-props=\"{&quot;134233117&quot;:false,&quot;134233118&quot;:false,&quot;201341983&quot;:0,&quot;335559738&quot;:0,&quot;335559739&quot;:0,&quot;335559740&quot;:240}\">\u00a0<\/span><\/li>\n<\/ul>\n<p>[\/vc_column_text]\r\n\t<div class=\"wprt-spacer clearfix\" data-desktop=\"40\" data-mobi=\"30\" data-smobi=\"30\"><\/div>[\/vc_column][\/vc_row][vc_row row_content_position=\u00a0\u00bbmiddle\u00a0\u00bb row_equal_height=\u00a0\u00bbyes\u00a0\u00bb][vc_column width=\u00a0\u00bb1\/2&Prime;][vc_single_image image=\u00a0\u00bb62996&Prime; img_size=\u00a0\u00bb500&#215;500&Prime; alignment=\u00a0\u00bbcenter\u00a0\u00bb][\/vc_column][vc_column width=\u00a0\u00bb1\/2&Prime;][vc_column_text]<\/p>\n<h3 style=\"text-align: center;\" data-pm-slice=\"1 1 []\">L\u2019\u00e9dition anglais de <em>Principes de pratique\u202f: th\u00e9ories et mod\u00e8les orient\u00e9s sur la carri\u00e8re<\/em> est maintenant offerte.<\/h3>\n<p>[\/vc_column_text]\r\n\t<div class=\"wprt-spacer clearfix\" data-desktop=\"20\" data-mobi=\"10\" data-smobi=\"7\"><\/div>[vc_btn title=\u00a0\u00bb<b>Acheter (en anglais seulement)<\/b>\u00a0\u00bb color=\u00a0\u00bbblue\u00a0\u00bb align=\u00a0\u00bbcenter\u00a0\u00bb link=\u00a0\u00bburl:https%3A%2F%2Fceric.ca%2Ffr%2Fpublications%2Fprincipes-de-pratique-theories-et-modeles-orientes-sur-la-carriere%2F\u00a0\u00bb][\/vc_column][\/vc_row][vc_row][vc_column width=\u00a0\u00bb1\/4&Prime;][vc_single_image image=\u00a0\u00bb66439&Prime; img_size=\u00a0\u00bbmedium\u00a0\u00bb css=\u00a0\u00bb\u00a0\u00bb][\/vc_column][vc_column width=\u00a0\u00bb3\/4&Prime;][vc_column_text css=\u00a0\u00bb\u00a0\u00bb]<div class='w3eden wpdm_package_shortcode'><div class=\"media well link-template-widget\">\n    <div class=\"media-body\">\n        <a href=\"https:\/\/ceric.ca\/fr\/wpdm-package\/rapport-final-principes-de-pratique-theories-et-modeles-orientes-sur-la-carriere-en-anglais\/?wpdmdl=66449&refresh=69dbffe3c806d1776025571\" style=\"display: block;clear: bottom;font-size: 11pt;font-weight: bold;\">Rapport final - Principes de pratique : th\u00e9ories et mod\u00e8les orient\u00e9s sur la carri\u00e8re\u00a0(en anglais)<\/a>\n        <div style=\"font-size: 9pt;\">\n            <i class=\"fas fa-hdd color-green\"><\/i> 0.00 KB <i class=\"fa fa-copy ml-3\"><\/i>\n            1 file(s)\n        <\/div>\n    <\/div>\n<\/div>\n\n<\/div>[\/vc_column_text][\/vc_column][\/vc_row][vc_row][vc_column]\r\n\t<div class=\"wprt-spacer clearfix\" data-desktop=\"40\" data-mobi=\"30\" data-smobi=\"30\"><\/div>[vc_column_text]<b data-stringify-type=\"bold\">Champions des connaissances<\/b><\/p>\n<p>Les champions des connaissances consistent en un certain nombre d\u2019organismes qui soutiennent le d\u00e9veloppement et la distribution du guide. Nous souhaitons remercier tout particuli\u00e8rement les champions des connaissances suivants pour le r\u00f4le de leader qu\u2019ils ont assum\u00e9 :[\/vc_column_text][\/vc_column][\/vc_row][vc_row][vc_column width=\u00a0\u00bb1\/5&Prime;][\/vc_column][vc_column width=\u00a0\u00bb1\/5&Prime;][vc_single_image image=\u00a0\u00bb62953&Prime; onclick=\u00a0\u00bbcustom_link\u00a0\u00bb img_link_target=\u00a0\u00bb_blank\u00a0\u00bb link=\u00a0\u00bbhttps:\/\/cdpcbo.org\/\u00a0\u00bb][\/vc_column][vc_column width=\u00a0\u00bb1\/5&Prime;][vc_single_image image=\u00a0\u00bb47814&Prime; onclick=\u00a0\u00bbcustom_link\u00a0\u00bb img_link_target=\u00a0\u00bb_blank\u00a0\u00bb link=\u00a0\u00bbhttps:\/\/www.douglascollege.ca\/\u00a0\u00bb][\/vc_column][vc_column width=\u00a0\u00bb1\/5&Prime;][vc_single_image image=\u00a0\u00bb47842&Prime; onclick=\u00a0\u00bbcustom_link\u00a0\u00bb img_link_target=\u00a0\u00bb_blank\u00a0\u00bb link=\u00a0\u00bbhttps:\/\/magnet.today\/\u00a0\u00bb][\/vc_column][vc_column width=\u00a0\u00bb1\/5&Prime;][\/vc_column][\/vc_row][vc_row][vc_column width=\u00a0\u00bb1\/5&Prime;][\/vc_column][vc_column width=\u00a0\u00bb1\/5&Prime;][vc_single_image image=\u00a0\u00bb62956&Prime; onclick=\u00a0\u00bbcustom_link\u00a0\u00bb img_link_target=\u00a0\u00bb_blank\u00a0\u00bb link=\u00a0\u00bbhttps:\/\/nscda.ca\/fr\/projets\/\u00a0\u00bb][\/vc_column][vc_column width=\u00a0\u00bb1\/5&Prime;][vc_single_image image=\u00a0\u00bb47891&Prime; onclick=\u00a0\u00bbcustom_link\u00a0\u00bb img_link_target=\u00a0\u00bb_blank\u00a0\u00bb link=\u00a0\u00bbhttps:\/\/conted.ucalgary.ca\/\u00a0\u00bb][\/vc_column][vc_column width=\u00a0\u00bb1\/5&Prime;][\/vc_column][vc_column width=\u00a0\u00bb1\/5&Prime;][\/vc_column][\/vc_row]<\/p>\n<\/div>","protected":false},"excerpt":{"rendered":"<p>[vc_row][vc_column width=\u00a0\u00bb1\/2&Prime;][vc_single_image image=\u00a0\u00bb58339&Prime;][\/vc_column][vc_column width=\u00a0\u00bb1\/2&Prime;][vc_message message_box_color=\u00a0\u00bbalert-success\u00a0\u00bb icon_type=\u00a0\u00bbentypo\u00a0\u00bb css=\u00a0\u00bb\u00a0\u00bb icon_entypo=\u00a0\u00bbentypo-icon entypo-icon-progress-3&Prime;]TERMIN\u00c9[\/vc_message][\/vc_column][\/vc_row][vc_row][vc_column][vc_column_text]Comment les intervenants du d\u00e9veloppement de carri\u00e8re peuvent-ils renforcer les rapports entre la th\u00e9orie et la pratique? Les<span class=\"excerpt-hellip\"> [\u2026]<\/span><\/p>\n","protected":false},"author":30,"featured_media":0,"parent":9559,"menu_order":0,"comment_status":"closed","ping_status":"closed","template":"","meta":{"h5ap_radio_sources":[],"footnotes":""},"class_list":["post-58376","page","type-page","status-publish","hentry"],"yoast_head":"<!-- This site is optimized with the Yoast SEO Premium plugin v27.3 (Yoast SEO v27.3) - https:\/\/yoast.com\/product\/yoast-seo-premium-wordpress\/ -->\n<title>Principes de pratique : Th\u00e9ories et mod\u00e8les orient\u00e9s sur la carri\u00e8re\u00a0 - CERIC<\/title>\n<meta name=\"robots\" content=\"index, follow, max-snippet:-1, max-image-preview:large, max-video-preview:-1\" \/>\n<link rel=\"canonical\" href=\"https:\/\/ceric.ca\/fr\/projets\/principes-de-pratique-theories-et-modeles-orientes-sur-la-carriere\/\" \/>\n<meta property=\"og:locale\" content=\"fr_FR\" \/>\n<meta property=\"og:type\" content=\"article\" \/>\n<meta property=\"og:title\" content=\"Principes de pratique : Th\u00e9ories et mod\u00e8les orient\u00e9s sur la carri\u00e8re\u00a0\" \/>\n<meta property=\"og:description\" content=\"[vc_row][vc_column width=\u00a0\u00bb1\/2&Prime;][vc_single_image image=\u00a0\u00bb58339&Prime;][\/vc_column][vc_column width=\u00a0\u00bb1\/2&Prime;][vc_message message_box_color=\u00a0\u00bbalert-success\u00a0\u00bb icon_type=\u00a0\u00bbentypo\u00a0\u00bb css=\u00a0\u00bb\u00a0\u00bb icon_entypo=\u00a0\u00bbentypo-icon entypo-icon-progress-3&Prime;]TERMIN\u00c9[\/vc_message][\/vc_column][\/vc_row][vc_row][vc_column][vc_column_text]Comment les intervenants du d\u00e9veloppement de carri\u00e8re peuvent-ils renforcer les rapports entre la th\u00e9orie et la pratique? Les [\u2026]\" \/>\n<meta property=\"og:url\" content=\"https:\/\/ceric.ca\/fr\/projets\/principes-de-pratique-theories-et-modeles-orientes-sur-la-carriere\/\" \/>\n<meta property=\"og:site_name\" content=\"CERIC\" \/>\n<meta property=\"article:modified_time\" content=\"2024-08-15T15:11:40+00:00\" \/>\n<meta name=\"twitter:card\" content=\"summary_large_image\" \/>\n<meta name=\"twitter:label1\" content=\"Dur\u00e9e de lecture estim\u00e9e\" \/>\n\t<meta name=\"twitter:data1\" content=\"3 minutes\" \/>\n<script type=\"application\/ld+json\" class=\"yoast-schema-graph\">{\"@context\":\"https:\\\/\\\/schema.org\",\"@graph\":[{\"@type\":\"WebPage\",\"@id\":\"https:\\\/\\\/ceric.ca\\\/fr\\\/projets\\\/principes-de-pratique-theories-et-modeles-orientes-sur-la-carriere\\\/\",\"url\":\"https:\\\/\\\/ceric.ca\\\/fr\\\/projets\\\/principes-de-pratique-theories-et-modeles-orientes-sur-la-carriere\\\/\",\"name\":\"Principes de pratique : Th\u00e9ories et mod\u00e8les orient\u00e9s sur la carri\u00e8re\u00a0 - CERIC\",\"isPartOf\":{\"@id\":\"https:\\\/\\\/ceric.ca\\\/#website\"},\"datePublished\":\"2022-12-19T16:42:47+00:00\",\"dateModified\":\"2024-08-15T15:11:40+00:00\",\"breadcrumb\":{\"@id\":\"https:\\\/\\\/ceric.ca\\\/fr\\\/projets\\\/principes-de-pratique-theories-et-modeles-orientes-sur-la-carriere\\\/#breadcrumb\"},\"inLanguage\":\"fr-FR\",\"potentialAction\":[{\"@type\":\"ReadAction\",\"target\":[\"https:\\\/\\\/ceric.ca\\\/fr\\\/projets\\\/principes-de-pratique-theories-et-modeles-orientes-sur-la-carriere\\\/\"]}]},{\"@type\":\"BreadcrumbList\",\"@id\":\"https:\\\/\\\/ceric.ca\\\/fr\\\/projets\\\/principes-de-pratique-theories-et-modeles-orientes-sur-la-carriere\\\/#breadcrumb\",\"itemListElement\":[{\"@type\":\"ListItem\",\"position\":1,\"name\":\"Home\",\"item\":\"https:\\\/\\\/ceric.ca\\\/fr\\\/ceric-homepage-2025\\\/\"},{\"@type\":\"ListItem\",\"position\":2,\"name\":\"Projets\",\"item\":\"https:\\\/\\\/ceric.ca\\\/fr\\\/projets\\\/\"},{\"@type\":\"ListItem\",\"position\":3,\"name\":\"Principes de pratique : Th\u00e9ories et mod\u00e8les orient\u00e9s sur la carri\u00e8re\u00a0\"}]},{\"@type\":\"WebSite\",\"@id\":\"https:\\\/\\\/ceric.ca\\\/#website\",\"url\":\"https:\\\/\\\/ceric.ca\\\/\",\"name\":\"CERIC\",\"description\":\"\",\"publisher\":{\"@id\":\"https:\\\/\\\/ceric.ca\\\/#organization\"},\"potentialAction\":[{\"@type\":\"SearchAction\",\"target\":{\"@type\":\"EntryPoint\",\"urlTemplate\":\"https:\\\/\\\/ceric.ca\\\/?s={search_term_string}\"},\"query-input\":{\"@type\":\"PropertyValueSpecification\",\"valueRequired\":true,\"valueName\":\"search_term_string\"}}],\"inLanguage\":\"fr-FR\"},{\"@type\":\"Organization\",\"@id\":\"https:\\\/\\\/ceric.ca\\\/#organization\",\"name\":\"CERIC\",\"url\":\"https:\\\/\\\/ceric.ca\\\/\",\"logo\":{\"@type\":\"ImageObject\",\"inLanguage\":\"fr-FR\",\"@id\":\"https:\\\/\\\/ceric.ca\\\/#\\\/schema\\\/logo\\\/image\\\/\",\"url\":\"\",\"contentUrl\":\"\",\"caption\":\"CERIC\"},\"image\":{\"@id\":\"https:\\\/\\\/ceric.ca\\\/#\\\/schema\\\/logo\\\/image\\\/\"}}]}<\/script>\n<!-- \/ Yoast SEO Premium plugin. -->","yoast_head_json":{"title":"Principes de pratique : Th\u00e9ories et mod\u00e8les orient\u00e9s sur la carri\u00e8re\u00a0 - CERIC","robots":{"index":"index","follow":"follow","max-snippet":"max-snippet:-1","max-image-preview":"max-image-preview:large","max-video-preview":"max-video-preview:-1"},"canonical":"https:\/\/ceric.ca\/fr\/projets\/principes-de-pratique-theories-et-modeles-orientes-sur-la-carriere\/","og_locale":"fr_FR","og_type":"article","og_title":"Principes de pratique : Th\u00e9ories et mod\u00e8les orient\u00e9s sur la carri\u00e8re\u00a0","og_description":"[vc_row][vc_column width=\u00a0\u00bb1\/2&Prime;][vc_single_image image=\u00a0\u00bb58339&Prime;][\/vc_column][vc_column width=\u00a0\u00bb1\/2&Prime;][vc_message message_box_color=\u00a0\u00bbalert-success\u00a0\u00bb icon_type=\u00a0\u00bbentypo\u00a0\u00bb css=\u00a0\u00bb\u00a0\u00bb icon_entypo=\u00a0\u00bbentypo-icon entypo-icon-progress-3&Prime;]TERMIN\u00c9[\/vc_message][\/vc_column][\/vc_row][vc_row][vc_column][vc_column_text]Comment les intervenants du d\u00e9veloppement de carri\u00e8re peuvent-ils renforcer les rapports entre la th\u00e9orie et la pratique? Les [\u2026]","og_url":"https:\/\/ceric.ca\/fr\/projets\/principes-de-pratique-theories-et-modeles-orientes-sur-la-carriere\/","og_site_name":"CERIC","article_modified_time":"2024-08-15T15:11:40+00:00","twitter_card":"summary_large_image","twitter_misc":{"Dur\u00e9e de lecture estim\u00e9e":"3 minutes"},"schema":{"@context":"https:\/\/schema.org","@graph":[{"@type":"WebPage","@id":"https:\/\/ceric.ca\/fr\/projets\/principes-de-pratique-theories-et-modeles-orientes-sur-la-carriere\/","url":"https:\/\/ceric.ca\/fr\/projets\/principes-de-pratique-theories-et-modeles-orientes-sur-la-carriere\/","name":"Principes de pratique : Th\u00e9ories et mod\u00e8les orient\u00e9s sur la carri\u00e8re\u00a0 - CERIC","isPartOf":{"@id":"https:\/\/ceric.ca\/#website"},"datePublished":"2022-12-19T16:42:47+00:00","dateModified":"2024-08-15T15:11:40+00:00","breadcrumb":{"@id":"https:\/\/ceric.ca\/fr\/projets\/principes-de-pratique-theories-et-modeles-orientes-sur-la-carriere\/#breadcrumb"},"inLanguage":"fr-FR","potentialAction":[{"@type":"ReadAction","target":["https:\/\/ceric.ca\/fr\/projets\/principes-de-pratique-theories-et-modeles-orientes-sur-la-carriere\/"]}]},{"@type":"BreadcrumbList","@id":"https:\/\/ceric.ca\/fr\/projets\/principes-de-pratique-theories-et-modeles-orientes-sur-la-carriere\/#breadcrumb","itemListElement":[{"@type":"ListItem","position":1,"name":"Home","item":"https:\/\/ceric.ca\/fr\/ceric-homepage-2025\/"},{"@type":"ListItem","position":2,"name":"Projets","item":"https:\/\/ceric.ca\/fr\/projets\/"},{"@type":"ListItem","position":3,"name":"Principes de pratique : Th\u00e9ories et mod\u00e8les orient\u00e9s sur la carri\u00e8re\u00a0"}]},{"@type":"WebSite","@id":"https:\/\/ceric.ca\/#website","url":"https:\/\/ceric.ca\/","name":"CERIC","description":"","publisher":{"@id":"https:\/\/ceric.ca\/#organization"},"potentialAction":[{"@type":"SearchAction","target":{"@type":"EntryPoint","urlTemplate":"https:\/\/ceric.ca\/?s={search_term_string}"},"query-input":{"@type":"PropertyValueSpecification","valueRequired":true,"valueName":"search_term_string"}}],"inLanguage":"fr-FR"},{"@type":"Organization","@id":"https:\/\/ceric.ca\/#organization","name":"CERIC","url":"https:\/\/ceric.ca\/","logo":{"@type":"ImageObject","inLanguage":"fr-FR","@id":"https:\/\/ceric.ca\/#\/schema\/logo\/image\/","url":"","contentUrl":"","caption":"CERIC"},"image":{"@id":"https:\/\/ceric.ca\/#\/schema\/logo\/image\/"}}]}},"_links":{"self":[{"href":"https:\/\/ceric.ca\/fr\/wp-json\/wp\/v2\/pages\/58376","targetHints":{"allow":["GET"]}}],"collection":[{"href":"https:\/\/ceric.ca\/fr\/wp-json\/wp\/v2\/pages"}],"about":[{"href":"https:\/\/ceric.ca\/fr\/wp-json\/wp\/v2\/types\/page"}],"author":[{"embeddable":true,"href":"https:\/\/ceric.ca\/fr\/wp-json\/wp\/v2\/users\/30"}],"replies":[{"embeddable":true,"href":"https:\/\/ceric.ca\/fr\/wp-json\/wp\/v2\/comments?post=58376"}],"version-history":[{"count":0,"href":"https:\/\/ceric.ca\/fr\/wp-json\/wp\/v2\/pages\/58376\/revisions"}],"up":[{"embeddable":true,"href":"https:\/\/ceric.ca\/fr\/wp-json\/wp\/v2\/pages\/9559"}],"wp:attachment":[{"href":"https:\/\/ceric.ca\/fr\/wp-json\/wp\/v2\/media?parent=58376"}],"curies":[{"name":"wp","href":"https:\/\/api.w.org\/{rel}","templated":true}]}}