{"id":61400,"date":"2023-08-31T15:22:36","date_gmt":"2023-08-31T19:22:36","guid":{"rendered":"https:\/\/ceric.ca\/?page_id=61400"},"modified":"2024-08-13T12:06:25","modified_gmt":"2024-08-13T16:06:25","slug":"merci-pour-votre-soumission","status":"publish","type":"page","link":"https:\/\/ceric.ca\/fr\/merci-pour-votre-soumission\/","title":{"rendered":"Merci pour votre soumission!"},"content":{"rendered":"<div class=\"wpb-content-wrapper\"><p>[vc_row][vc_column]\r\n\t<div class=\"wprt-spacer clearfix\" data-desktop=\"45\" data-mobi=\"20\" data-smobi=\"20\"><\/div>[vc_column_text css=\u00a0\u00bb\u00a0\u00bb]<strong>Merci pour votre soumission. Si votre proposition est s\u00e9lectionn\u00e9e, vous recevrez un courriel du CERIC d\u2019ici les 5 prochaines semaines vous invitant \u00e0 remplir un formulaire de proposition plus d\u00e9taill\u00e9 pour que le CERIC puisse le revoir et fournir des retours. Si vous avez des questions, veuillez contacter Cyrielle Filias responsable des programmes, de l\u2019apprentissage et du d\u00e9veloppement, \u00e0 l\u2019adresse\u00a0<a class=\"c-link\" href=\"mailto:cyrielle@ceric.ca\" target=\"_blank\" rel=\"noopener noreferrer\" data-stringify-link=\"mailto:cyrielle@ceric.ca\" data-sk=\"tooltip_parent\" aria-haspopup=\"menu\">cyrielle@ceric.ca<\/a>.<\/strong>[\/vc_column_text]\r\n\t<div class=\"wprt-spacer clearfix\" data-desktop=\"20\" data-mobi=\"15\" data-smobi=\"15\"><\/div>[vc_column_text css=\u00a0\u00bb\u00a0\u00bb]<\/p>\n<h4>Merci de votre int\u00e9r\u00eat \u00e0 pr\u00e9senter au CERIC!<\/h4>\n<p>[\/vc_column_text]\r\n\t<div class=\"wprt-spacer clearfix\" data-desktop=\"45\" data-mobi=\"20\" data-smobi=\"20\"><\/div>[\/vc_column][\/vc_row]<\/p>\n<\/div>","protected":false},"excerpt":{"rendered":"<p>[vc_row][vc_column][vc_column_text css=\u00a0\u00bb\u00a0\u00bb]Merci pour votre soumission. Si votre proposition est s\u00e9lectionn\u00e9e, vous recevrez un courriel du CERIC d\u2019ici les 5 prochaines semaines vous invitant \u00e0 remplir un<span class=\"excerpt-hellip\"> [\u2026]<\/span><\/p>\n","protected":false},"author":1,"featured_media":0,"parent":0,"menu_order":0,"comment_status":"closed","ping_status":"closed","template":"","meta":{"h5ap_radio_sources":[],"footnotes":""},"class_list":["post-61400","page","type-page","status-publish","hentry"],"yoast_head":"<!-- This site is optimized with the Yoast SEO Premium plugin v27.3 (Yoast SEO v27.3) - https:\/\/yoast.com\/product\/yoast-seo-premium-wordpress\/ -->\n<title>Merci pour votre soumission! - CERIC<\/title>\n<meta name=\"robots\" content=\"noindex, nofollow\" \/>\n<meta property=\"og:locale\" content=\"fr_FR\" \/>\n<meta property=\"og:type\" content=\"article\" \/>\n<meta property=\"og:title\" content=\"Merci pour votre soumission!\" \/>\n<meta property=\"og:description\" content=\"[vc_row][vc_column][vc_column_text css=\u00a0\u00bb\u00a0\u00bb]Merci pour votre soumission. Si votre proposition est s\u00e9lectionn\u00e9e, vous recevrez un courriel du CERIC d\u2019ici les 5 prochaines semaines vous invitant \u00e0 remplir un [\u2026]\" \/>\n<meta property=\"og:url\" content=\"https:\/\/ceric.ca\/fr\/merci-pour-votre-soumission\/\" \/>\n<meta property=\"og:site_name\" content=\"CERIC\" \/>\n<meta property=\"article:modified_time\" content=\"2024-08-13T16:06:25+00:00\" \/>\n<meta name=\"twitter:card\" content=\"summary_large_image\" \/>\n<meta name=\"twitter:label1\" content=\"Dur\u00e9e de lecture estim\u00e9e\" \/>\n\t<meta name=\"twitter:data1\" content=\"1 minute\" \/>\n<script type=\"application\/ld+json\" class=\"yoast-schema-graph\">{\"@context\":\"https:\\\/\\\/schema.org\",\"@graph\":[{\"@type\":\"WebPage\",\"@id\":\"https:\\\/\\\/ceric.ca\\\/fr\\\/merci-pour-votre-soumission\\\/\",\"url\":\"https:\\\/\\\/ceric.ca\\\/fr\\\/merci-pour-votre-soumission\\\/\",\"name\":\"Merci pour votre soumission! - CERIC\",\"isPartOf\":{\"@id\":\"https:\\\/\\\/ceric.ca\\\/#website\"},\"datePublished\":\"2023-08-31T19:22:36+00:00\",\"dateModified\":\"2024-08-13T16:06:25+00:00\",\"breadcrumb\":{\"@id\":\"https:\\\/\\\/ceric.ca\\\/fr\\\/merci-pour-votre-soumission\\\/#breadcrumb\"},\"inLanguage\":\"fr-FR\",\"potentialAction\":[{\"@type\":\"ReadAction\",\"target\":[\"https:\\\/\\\/ceric.ca\\\/fr\\\/merci-pour-votre-soumission\\\/\"]}]},{\"@type\":\"BreadcrumbList\",\"@id\":\"https:\\\/\\\/ceric.ca\\\/fr\\\/merci-pour-votre-soumission\\\/#breadcrumb\",\"itemListElement\":[{\"@type\":\"ListItem\",\"position\":1,\"name\":\"Home\",\"item\":\"https:\\\/\\\/ceric.ca\\\/fr\\\/ceric-homepage-2025\\\/\"},{\"@type\":\"ListItem\",\"position\":2,\"name\":\"Merci pour votre soumission!\"}]},{\"@type\":\"WebSite\",\"@id\":\"https:\\\/\\\/ceric.ca\\\/#website\",\"url\":\"https:\\\/\\\/ceric.ca\\\/\",\"name\":\"CERIC\",\"description\":\"\",\"publisher\":{\"@id\":\"https:\\\/\\\/ceric.ca\\\/#organization\"},\"potentialAction\":[{\"@type\":\"SearchAction\",\"target\":{\"@type\":\"EntryPoint\",\"urlTemplate\":\"https:\\\/\\\/ceric.ca\\\/?s={search_term_string}\"},\"query-input\":{\"@type\":\"PropertyValueSpecification\",\"valueRequired\":true,\"valueName\":\"search_term_string\"}}],\"inLanguage\":\"fr-FR\"},{\"@type\":\"Organization\",\"@id\":\"https:\\\/\\\/ceric.ca\\\/#organization\",\"name\":\"CERIC\",\"url\":\"https:\\\/\\\/ceric.ca\\\/\",\"logo\":{\"@type\":\"ImageObject\",\"inLanguage\":\"fr-FR\",\"@id\":\"https:\\\/\\\/ceric.ca\\\/#\\\/schema\\\/logo\\\/image\\\/\",\"url\":\"\",\"contentUrl\":\"\",\"caption\":\"CERIC\"},\"image\":{\"@id\":\"https:\\\/\\\/ceric.ca\\\/#\\\/schema\\\/logo\\\/image\\\/\"}}]}<\/script>\n<!-- \/ Yoast SEO Premium plugin. -->","yoast_head_json":{"title":"Merci pour votre soumission! - CERIC","robots":{"index":"noindex","follow":"nofollow"},"og_locale":"fr_FR","og_type":"article","og_title":"Merci pour votre soumission!","og_description":"[vc_row][vc_column][vc_column_text css=\u00a0\u00bb\u00a0\u00bb]Merci pour votre soumission. Si votre proposition est s\u00e9lectionn\u00e9e, vous recevrez un courriel du CERIC d\u2019ici les 5 prochaines semaines vous invitant \u00e0 remplir un [\u2026]","og_url":"https:\/\/ceric.ca\/fr\/merci-pour-votre-soumission\/","og_site_name":"CERIC","article_modified_time":"2024-08-13T16:06:25+00:00","twitter_card":"summary_large_image","twitter_misc":{"Dur\u00e9e de lecture estim\u00e9e":"1 minute"},"schema":{"@context":"https:\/\/schema.org","@graph":[{"@type":"WebPage","@id":"https:\/\/ceric.ca\/fr\/merci-pour-votre-soumission\/","url":"https:\/\/ceric.ca\/fr\/merci-pour-votre-soumission\/","name":"Merci pour votre soumission! - CERIC","isPartOf":{"@id":"https:\/\/ceric.ca\/#website"},"datePublished":"2023-08-31T19:22:36+00:00","dateModified":"2024-08-13T16:06:25+00:00","breadcrumb":{"@id":"https:\/\/ceric.ca\/fr\/merci-pour-votre-soumission\/#breadcrumb"},"inLanguage":"fr-FR","potentialAction":[{"@type":"ReadAction","target":["https:\/\/ceric.ca\/fr\/merci-pour-votre-soumission\/"]}]},{"@type":"BreadcrumbList","@id":"https:\/\/ceric.ca\/fr\/merci-pour-votre-soumission\/#breadcrumb","itemListElement":[{"@type":"ListItem","position":1,"name":"Home","item":"https:\/\/ceric.ca\/fr\/ceric-homepage-2025\/"},{"@type":"ListItem","position":2,"name":"Merci pour votre soumission!"}]},{"@type":"WebSite","@id":"https:\/\/ceric.ca\/#website","url":"https:\/\/ceric.ca\/","name":"CERIC","description":"","publisher":{"@id":"https:\/\/ceric.ca\/#organization"},"potentialAction":[{"@type":"SearchAction","target":{"@type":"EntryPoint","urlTemplate":"https:\/\/ceric.ca\/?s={search_term_string}"},"query-input":{"@type":"PropertyValueSpecification","valueRequired":true,"valueName":"search_term_string"}}],"inLanguage":"fr-FR"},{"@type":"Organization","@id":"https:\/\/ceric.ca\/#organization","name":"CERIC","url":"https:\/\/ceric.ca\/","logo":{"@type":"ImageObject","inLanguage":"fr-FR","@id":"https:\/\/ceric.ca\/#\/schema\/logo\/image\/","url":"","contentUrl":"","caption":"CERIC"},"image":{"@id":"https:\/\/ceric.ca\/#\/schema\/logo\/image\/"}}]}},"_links":{"self":[{"href":"https:\/\/ceric.ca\/fr\/wp-json\/wp\/v2\/pages\/61400","targetHints":{"allow":["GET"]}}],"collection":[{"href":"https:\/\/ceric.ca\/fr\/wp-json\/wp\/v2\/pages"}],"about":[{"href":"https:\/\/ceric.ca\/fr\/wp-json\/wp\/v2\/types\/page"}],"author":[{"embeddable":true,"href":"https:\/\/ceric.ca\/fr\/wp-json\/wp\/v2\/users\/1"}],"replies":[{"embeddable":true,"href":"https:\/\/ceric.ca\/fr\/wp-json\/wp\/v2\/comments?post=61400"}],"version-history":[{"count":0,"href":"https:\/\/ceric.ca\/fr\/wp-json\/wp\/v2\/pages\/61400\/revisions"}],"wp:attachment":[{"href":"https:\/\/ceric.ca\/fr\/wp-json\/wp\/v2\/media?parent=61400"}],"curies":[{"name":"wp","href":"https:\/\/api.w.org\/{rel}","templated":true}]}}