{"id":63176,"date":"2024-01-16T10:13:29","date_gmt":"2024-01-16T15:13:29","guid":{"rendered":"https:\/\/ceric.ca\/?page_id=63176"},"modified":"2025-05-07T16:32:08","modified_gmt":"2025-05-07T20:32:08","slug":"dune-carriere-militaire-a-un-emploi-civil","status":"publish","type":"page","link":"https:\/\/ceric.ca\/fr\/projets\/dune-carriere-militaire-a-un-emploi-civil\/","title":{"rendered":"D\u2019une carri\u00e8re militaire \u00e0 un emploi civil"},"content":{"rendered":"<div class=\"wpb-content-wrapper\"><p>[vc_row][vc_column width=\u00a0\u00bb1\/2&Prime;][vc_single_image image=\u00a0\u00bb63177&Prime;][\/vc_column][vc_column width=\u00a0\u00bb1\/2&Prime;]<div class=\"wprt-list clearfix icon-left icon-middle\">\r\n\t\t<div style=\"padding:;margin-bottom:10px;background-color:#f8f8f8;\">\r\n\t\t\t<span style=\"padding-left:30px;\"><span class=\"icon \">\r\n\t\t\t<i class=\"typcn typcn-group\" style=\"color:#898989;font-size:20px;\"><\/i>\r\n\t\t<\/span> <span style=\"font-weight:700;\">Partenaires du projet : en collaboration avec le Groupe de transition des Forces arm\u00e9es canadiennes<\/span><\/span>\r\n\t\t<\/div>\r\n\t<\/div><div class=\"wprt-list clearfix icon-left icon-middle\">\r\n\t\t<div style=\"padding:;margin-bottom:10px;background-color:#f8f8f8;\">\r\n\t\t\t<span style=\"padding-left:30px;\"><span class=\"icon \">\r\n\t\t\t<i class=\"typcn typcn-flag\" style=\"color:#898989;font-size:20px;\"><\/i>\r\n\t\t<\/span> <span style=\"font-weight:700;\">Langues : anglais et fran\u00e7ais<\/span><\/span>\r\n\t\t<\/div>\r\n\t<\/div>[vc_message message_box_color=\u00a0\u00bbalert-success\u00a0\u00bb icon_type=\u00a0\u00bbentypo\u00a0\u00bb icon_entypo=\u00a0\u00bbentypo-icon entypo-icon-progress-3&Prime; css=\u00a0\u00bb\u00a0\u00bb]<strong>TERMIN\u00c9<\/strong>[\/vc_message][\/vc_column][\/vc_row][vc_row][vc_column][vc_column_text]Pour faire suite au succ\u00e8s de l\u2019ouvrage <a href=\"https:\/\/ceric.ca\/fr\/publications\/dune-carriere-militaire-a-un-emploi-civil-guide-de-lintervenant-en-developpement-de-carriere\/\"><em>D\u2019une carri\u00e8re militaire \u00e0 un emploi civil\u00a0: guide de l\u2019intervenant en d\u00e9veloppement de carri\u00e8re<\/em><\/a>, le CERIC publiera une \u00e9dition r\u00e9vis\u00e9e afin d\u2019aider les professionnels des services de carri\u00e8re du Canada \u00e0 r\u00e9pondre aux besoins uniques et changeants des anciens combattants en transition vers le civil. La nouvelle \u00e9dition tiendra compte des changements survenus dans l\u2019\u00e9cosyst\u00e8me militaire canadien. Elle garantira aussi que les professionnels de la carri\u00e8re disposent d\u2019une ressource actualis\u00e9e pour aider leurs clients \u00e0 effectuer une transition en douceur de leur r\u00f4le militaire vers le monde du travail civil ou d\u2019autres \u00e9tudes.<\/p>\n<p>La demande d\u2019aide \u00e0 la transition de carri\u00e8re pour les anciens combattants demeure \u00e9lev\u00e9e. Le <a href=\"https:\/\/www.veterans.gc.ca\/fra\/about-vac\/news-media\/facts-figures\/1-0#a12\" target=\"_blank\" rel=\"noopener\">recensement de la population de 2021 de Statistique\u00a0Canada<\/a> r\u00e9v\u00e8le qu\u2019il y a plus de 450\u00a0000\u00a0anciens combattants au Canada (\u00e2g\u00e9s de 17 \u00e0 59\u00a0ans). En outre, environ <a href=\"https:\/\/publications.gc.ca\/collections\/collection_2020\/acc-vac\/V3-1-7-2020-eng.pdf\" target=\"_blank\" rel=\"noopener\">8\u00a0000\u00a0militaires sont d\u00e9mobilis\u00e9s<\/a> chaque ann\u00e9e au Canada (contre 5\u00a0000 par an au moment de la publication de l\u2019ouvrage original), et ce, de plus en plus jeunes. Cet \u00e9tat de fait continuera de poser des d\u00e9fis et de pr\u00e9senter des occasions qui n\u00e9cessiteront un professionnel de la carri\u00e8re bien inform\u00e9.[\/vc_column_text][\/vc_column][\/vc_row][vc_row disable_element=\u00a0\u00bbyes\u00a0\u00bb][vc_column][vc_column_text]<\/p>\n<div class=\"vc_row wpb_row vc_row-fluid\">\n<div class=\"wpb_column vc_column_container vc_col-sm-12\">\n<div class=\"vc_column-inner vc_custom_1455904533261\">\n<div class=\"wpb_wrapper\">\n<div class=\"wpb_text_column wpb_content_element \">\n<div class=\"wpb_wrapper\">\n<p><a class=\"vc_general vc_btn3 vc_btn3-size-lg vc_btn3-shape-rounded vc_btn3-style-modern vc_btn3-icon-left vc_btn3-color-sandy-brown\" style=\"font-size: 1rem;\" title=\"\" href=\"https:\/\/ceric.ca\/wp-content\/uploads\/2012\/10\/TOC-Military-to-Civilian-Employment.pdf\">\u00a0View the full Table of Contents<\/a><\/p>\n<\/div>\n<\/div>\n<div class=\"wprt-spacer clearfix\" data-desktop=\"35\" data-mobi=\"25\" data-smobi=\"0\"><\/div>\n<\/div>\n<\/div>\n<\/div>\n<\/div>\n<div class=\"vc_row wpb_row vc_row-fluid\">\n<div class=\"wpb_column vc_column_container vc_col-sm-12\">\n<div class=\"vc_column-inner\">\n<div class=\"wpb_wrapper\">\n<div class=\"wpb_text_column wpb_content_element \">\n<div class=\"wpb_wrapper\">\n<div class=\"wpb_text_column wpb_content_element \">\n<div class=\"wpb_wrapper\">\n<div class=\"vc_row wpb_row vc_row-fluid\">\n<div class=\"wpb_column vc_column_container vc_col-sm-12\">\n<div class=\"vc_column-inner\">\n<div class=\"wpb_wrapper\">\n<div class=\"wpb_text_column wpb_content_element \">\n<div class=\"wpb_wrapper\">\n<p>&nbsp;<\/p>\n<\/div>\n<\/div>\n<\/div>\n<\/div>\n<\/div>\n<\/div>\n<\/div>\n<\/div>\n<\/div>\n<\/div>\n<\/div>\n<\/div>\n<\/div>\n<\/div>\n<p>[\/vc_column_text][\/vc_column][\/vc_row][vc_row][vc_column][vc_column_text]<strong>Renseignements sur le guide<\/strong><\/p>\n<ul>\n<li>Document\u00e9 et r\u00e9dig\u00e9 par l\u2019experte en d\u00e9veloppement de carri\u00e8re Yvonne Rodney<\/li>\n<li>Les accompagnateurs en gestion et transition de carri\u00e8re, les conseillers, les professionnels des ressources humaines, les gestionnaires charg\u00e9s de l\u2019embauche et les autres professionnels qui travaillent avec les anciens militaires trouveront cette ressource sp\u00e9cialis\u00e9e tr\u00e8s utile<\/li>\n<li>Offert en version papier, en livre \u00e9lectronique et en format PDF gratuit<\/li>\n<li>Parution : janvier 2025<\/li>\n<li>Lancement : Congr\u00e8s national en d\u00e9veloppement de carri\u00e8re Cannexus25, Ottawa<\/li>\n<\/ul>\n<p>[\/vc_column_text][vc_column_text]<strong>Contenu<\/strong><\/p>\n<ul>\n<li>Nouveau contenu sur l\u2019orientation ax\u00e9 sur la comp\u00e9tence culturelle militaire fond\u00e9 sur l\u2019\u00e9volution de la compr\u00e9hension de la culture et des syst\u00e8mes militaires<\/li>\n<li>Contenu actualis\u00e9 sur les structures, processus et programmes militaires, et recherches et statistiques \u00e0 jour sur le secteur militaire canadien<\/li>\n<li>Renseignements \u00e0 jour sur la fa\u00e7on d\u2019expliquer l\u2019exp\u00e9rience et la formation d\u2019un ancien militaire en termes civils, notamment en supprimant les termes militaires de son c.v. et en trouvant l\u2019employeur qui aura besoin de ses comp\u00e9tences<\/li>\n<li>Interventions les plus efficaces \u00e0 l\u2019heure actuelle pour aider les anciens combattants \u00e0 faire la transition vers un emploi civil : planification de carri\u00e8re, recherche<\/li>\n<li>Emplois pour lesquels les comp\u00e9tences et la formation des anciens militaires sont imm\u00e9diatement transf\u00e9rables<\/li>\n<li>Il y aura \u00e0 nouveau du contenu consacr\u00e9 aux besoins distincts et dynamiques des conjoints et des familles de militaires en mati\u00e8re de d\u00e9veloppement de carri\u00e8re<\/li>\n<li>Nouveaux chapitres sur les r\u00e9servistes et sur la transformation du recrutement militaire, applicables aux clients qui envisagent une carri\u00e8re dans les forces arm\u00e9es<\/li>\n<li>Listes r\u00e9vis\u00e9es d\u2019employeurs favorables \u00e0 l\u2019embauche de v\u00e9t\u00e9rans, d\u2019\u00e9tablissements d\u2019enseignement et de formation ainsi que de programmes de soutien<\/li>\n<\/ul>\n<p>[\/vc_column_text][\/vc_column][\/vc_row][vc_row][vc_column][vc_column_text]<strong>Partenaires<\/strong><\/p>\n<p>Le guide sera \u00e9labor\u00e9 en consultation et en collaboration avec le <a href=\"https:\/\/www.canada.ca\/fr\/ministere-defense-nationale\/organisation\/rapports-publications\/mon-guide-de-transition\/presentation-du-groupe-de-transition.html\" target=\"_blank\" rel=\"noopener\">Groupe de transition des Forces arm\u00e9es canadiennes<\/a>, <a href=\"https:\/\/www.veterans.gc.ca\/fra\" target=\"_blank\" rel=\"noopener\">Anciens Combattants Canada<\/a>, <a href=\"https:\/\/sbmfc.ca\/\" target=\"_blank\" rel=\"noopener\">Services aux familles des militaires<\/a>, le <a href=\"https:\/\/www.canada.ca\/fr\/ministere-defense-nationale\/services\/force-reserve-canada\/soutenir-reservistes.html\" target=\"_blank\" rel=\"noopener\">chef \u2014 R\u00e9serves et appui de l\u2019employeur<\/a>, ainsi qu\u2019avec des employeurs favorables \u00e0 l\u2019embauche de militaires et des professionnels de la carri\u00e8re de premi\u00e8re ligne.[\/vc_column_text][vc_column_text css=\u00a0\u00bb\u00a0\u00bb]<b data-stringify-type=\"bold\">Champions des connaissances<\/b><\/p>\n<p>Les champions des connaissances consistent en un certain nombre d\u2019organismes qui soutiennent le d\u00e9veloppement et la distribution du guide. Nous souhaitons remercier tout particuli\u00e8rement les champions des connaissances suivants pour le r\u00f4le de leader qu\u2019ils ont assum\u00e9 :[\/vc_column_text][\/vc_column][\/vc_row][vc_row][vc_column width=\u00a0\u00bb1\/4&Prime;][vc_single_image image=\u00a0\u00bb65872&Prime; alignment=\u00a0\u00bbcenter\u00a0\u00bb onclick=\u00a0\u00bbcustom_link\u00a0\u00bb img_link_target=\u00a0\u00bb_blank\u00a0\u00bb css=\u00a0\u00bb\u00a0\u00bb link=\u00a0\u00bbhttps:\/\/athau.ca\/4cSunkO\u00a0\u00bb][\/vc_column][vc_column width=\u00a0\u00bb1\/4&Prime;][vc_single_image image=\u00a0\u00bb65957&Prime; alignment=\u00a0\u00bbcenter\u00a0\u00bb onclick=\u00a0\u00bbcustom_link\u00a0\u00bb img_link_target=\u00a0\u00bb_blank\u00a0\u00bb css=\u00a0\u00bb\u00a0\u00bb link=\u00a0\u00bbhttps:\/\/sites.google.com\/ualberta.ca\/cmvf3c\/home\u00a0\u00bb][\/vc_column][vc_column width=\u00a0\u00bb1\/4&Prime;][vc_single_image image=\u00a0\u00bb65833&Prime; alignment=\u00a0\u00bbcenter\u00a0\u00bb onclick=\u00a0\u00bbcustom_link\u00a0\u00bb img_link_target=\u00a0\u00bb_blank\u00a0\u00bb css=\u00a0\u00bb\u00a0\u00bb link=\u00a0\u00bbhttps:\/\/www.fanshawec.ca\/admission-finance\/military-connected-campus\u00a0\u00bb][\/vc_column][vc_column width=\u00a0\u00bb1\/4&Prime;][vc_single_image image=\u00a0\u00bb65877&Prime; alignment=\u00a0\u00bbcenter\u00a0\u00bb onclick=\u00a0\u00bbcustom_link\u00a0\u00bb img_link_target=\u00a0\u00bb_blank\u00a0\u00bb css=\u00a0\u00bb\u00a0\u00bb link=\u00a0\u00bbhttps:\/\/releasepointeducation.ca\/\u00a0\u00bb][\/vc_column][\/vc_row][vc_row][vc_column width=\u00a0\u00bb1\/4&Prime;][vc_single_image image=\u00a0\u00bb66042&Prime; onclick=\u00a0\u00bbcustom_link\u00a0\u00bb img_link_target=\u00a0\u00bb_blank\u00a0\u00bb css=\u00a0\u00bb\u00a0\u00bb link=\u00a0\u00bbhttps:\/\/www.rbcinsurance.com\/fr\/campaign\/assurances-individuelle\/militaire\/index.html\u00a0\u00bb][\/vc_column][vc_column width=\u00a0\u00bb1\/4&Prime;][vc_single_image image=\u00a0\u00bb67678&Prime; alignment=\u00a0\u00bbcenter\u00a0\u00bb onclick=\u00a0\u00bbcustom_link\u00a0\u00bb img_link_target=\u00a0\u00bb_blank\u00a0\u00bb css=\u00a0\u00bb\u00a0\u00bb link=\u00a0\u00bbhttps:\/\/www.twsfoundation.ca\/fr\u00a0\u00bb][\/vc_column][vc_column width=\u00a0\u00bb1\/4&Prime;][vc_single_image image=\u00a0\u00bb66760&Prime; alignment=\u00a0\u00bbcenter\u00a0\u00bb onclick=\u00a0\u00bbcustom_link\u00a0\u00bb img_link_target=\u00a0\u00bb_blank\u00a0\u00bb css=\u00a0\u00bb\u00a0\u00bb link=\u00a0\u00bbhttps:\/\/www.ualberta.ca\/en\/current-students\/veteran-friendly-campus\/index.html?utm_campaign=vanity&amp;utm_medium=vanity&amp;utm_source=vanity&amp;utm_content=uab.ca%2F\u00a0\u00bb][\/vc_column][vc_column width=\u00a0\u00bb1\/4&Prime;][\/vc_column][\/vc_row][vc_row][vc_column][vc_column_text css=\u00a0\u00bb\u00a0\u00bb]Si vous souhaitez en savoir plus sur la fa\u00e7on de devenir un champion des connaissances, veuillez \u00e9crire \u00e0 Sharon Ferriss, directrice principale, Marketing et communications du CERIC, \u00e0 l\u2019adresse <a href=\"mailto:sharon@ceric.ca\">sharon@ceric.ca<\/a>[\/vc_column_text][\/vc_column][\/vc_row][vc_row disable_element=\u00a0\u00bbyes\u00a0\u00bb][vc_column]\r\n\t<div class=\"wprt-spacer clearfix\" data-desktop=\"40\" data-mobi=\"30\" data-smobi=\"30\"><\/div>[vc_separator color=\u00a0\u00bbcustom\u00a0\u00bb style=\u00a0\u00bbdashed\u00a0\u00bb border_width=\u00a0\u00bb2&Prime; accent_color=\u00a0\u00bb#cccccc\u00a0\u00bb][\/vc_column][\/vc_row][vc_row disable_element=\u00a0\u00bbyes\u00a0\u00bb][vc_column width=\u00a0\u00bb1\/5&Prime;][vc_single_image image=\u00a0\u00bb45487&Prime; img_size=\u00a0\u00bbmedium\u00a0\u00bb][\/vc_column][vc_column width=\u00a0\u00bb4\/5&Prime;][vc_column_text]<div class='w3eden wpdm_package_shortcode'><div class=\"media well link-template-widget\">\n    <div class=\"media-body\">\n        <a href=\"https:\/\/ceric.ca\/wpdm-package\/military-civilian-employment-career-practitioners-guide\/?wpdmdl=16391&refresh=69dcfb1bc95411776089883\" style=\"display: block;clear: bottom;font-size: 11pt;font-weight: bold;\">Military to Civilian Employment: A Career Practitioner\u2019s Guide<\/a>\n        <div style=\"font-size: 9pt;\">\n            <i class=\"fas fa-hdd color-green\"><\/i> 4.90 MB <i class=\"fa fa-copy ml-3\"><\/i>\n            1 file(s)\n        <\/div>\n    <\/div>\n<\/div>\n\n<\/div>[\/vc_column_text][vc_column_text]<strong>Champions des connaissances<\/strong><\/p>\n<p>Les champions des connaissances consistent en un certain nombre d\u2019organismes qui soutiennent le d\u00e9veloppement et la distribution du guide. Si vous souhaitez en savoir plus sur la fa\u00e7on de devenir un champion des connaissances, veuillez \u00e9crire \u00e0 Sharon Ferriss, directrice principale, Marketing et communications du CERIC, \u00e0 l\u2019adresse <a href=\"mailto:sharon@ceric.ca\">sharon@ceric.ca<\/a>[\/vc_column_text][\/vc_column][\/vc_row]<\/p>\n<\/div>","protected":false},"excerpt":{"rendered":"<p>[vc_row][vc_column width=\u00a0\u00bb1\/2&Prime;][vc_single_image image=\u00a0\u00bb63177&Prime;][\/vc_column][vc_column width=\u00a0\u00bb1\/2&Prime;][vc_message message_box_color=\u00a0\u00bbalert-success\u00a0\u00bb icon_type=\u00a0\u00bbentypo\u00a0\u00bb icon_entypo=\u00a0\u00bbentypo-icon entypo-icon-progress-3&Prime; css=\u00a0\u00bb\u00a0\u00bb]TERMIN\u00c9[\/vc_message][\/vc_column][\/vc_row][vc_row][vc_column][vc_column_text]Pour faire suite au succ\u00e8s de l\u2019ouvrage D\u2019une carri\u00e8re militaire \u00e0 un emploi civil\u00a0: guide de l\u2019intervenant en<span class=\"excerpt-hellip\"> [\u2026]<\/span><\/p>\n","protected":false},"author":30,"featured_media":0,"parent":9559,"menu_order":0,"comment_status":"closed","ping_status":"closed","template":"","meta":{"h5ap_radio_sources":[],"footnotes":""},"class_list":["post-63176","page","type-page","status-publish","hentry"],"yoast_head":"<!-- This site is optimized with the Yoast SEO Premium plugin v27.3 (Yoast SEO v27.3) - https:\/\/yoast.com\/product\/yoast-seo-premium-wordpress\/ -->\n<title>D\u2019une carri\u00e8re militaire \u00e0 un emploi civil - CERIC<\/title>\n<meta name=\"robots\" content=\"index, follow, max-snippet:-1, max-image-preview:large, max-video-preview:-1\" \/>\n<link rel=\"canonical\" href=\"https:\/\/ceric.ca\/fr\/projets\/dune-carriere-militaire-a-un-emploi-civil\/\" \/>\n<meta property=\"og:locale\" content=\"fr_FR\" \/>\n<meta property=\"og:type\" content=\"article\" \/>\n<meta property=\"og:title\" content=\"D\u2019une carri\u00e8re militaire \u00e0 un emploi civil\" \/>\n<meta property=\"og:description\" content=\"[vc_row][vc_column width=\u00a0\u00bb1\/2&Prime;][vc_single_image image=\u00a0\u00bb63177&Prime;][\/vc_column][vc_column width=\u00a0\u00bb1\/2&Prime;][vc_message message_box_color=\u00a0\u00bbalert-success\u00a0\u00bb icon_type=\u00a0\u00bbentypo\u00a0\u00bb icon_entypo=\u00a0\u00bbentypo-icon entypo-icon-progress-3&Prime; css=\u00a0\u00bb\u00a0\u00bb]TERMIN\u00c9[\/vc_message][\/vc_column][\/vc_row][vc_row][vc_column][vc_column_text]Pour faire suite au succ\u00e8s de l\u2019ouvrage D\u2019une carri\u00e8re militaire \u00e0 un emploi civil\u00a0: guide de l\u2019intervenant en [\u2026]\" \/>\n<meta property=\"og:url\" content=\"https:\/\/ceric.ca\/fr\/projets\/dune-carriere-militaire-a-un-emploi-civil\/\" \/>\n<meta property=\"og:site_name\" content=\"CERIC\" \/>\n<meta property=\"article:modified_time\" content=\"2025-05-07T20:32:08+00:00\" \/>\n<meta name=\"twitter:card\" content=\"summary_large_image\" \/>\n<meta name=\"twitter:label1\" content=\"Dur\u00e9e de lecture estim\u00e9e\" \/>\n\t<meta name=\"twitter:data1\" content=\"6 minutes\" \/>\n<script type=\"application\/ld+json\" class=\"yoast-schema-graph\">{\"@context\":\"https:\\\/\\\/schema.org\",\"@graph\":[{\"@type\":\"WebPage\",\"@id\":\"https:\\\/\\\/ceric.ca\\\/fr\\\/projets\\\/dune-carriere-militaire-a-un-emploi-civil\\\/\",\"url\":\"https:\\\/\\\/ceric.ca\\\/fr\\\/projets\\\/dune-carriere-militaire-a-un-emploi-civil\\\/\",\"name\":\"D\u2019une carri\u00e8re militaire \u00e0 un emploi civil - CERIC\",\"isPartOf\":{\"@id\":\"https:\\\/\\\/ceric.ca\\\/#website\"},\"datePublished\":\"2024-01-16T15:13:29+00:00\",\"dateModified\":\"2025-05-07T20:32:08+00:00\",\"breadcrumb\":{\"@id\":\"https:\\\/\\\/ceric.ca\\\/fr\\\/projets\\\/dune-carriere-militaire-a-un-emploi-civil\\\/#breadcrumb\"},\"inLanguage\":\"fr-FR\",\"potentialAction\":[{\"@type\":\"ReadAction\",\"target\":[\"https:\\\/\\\/ceric.ca\\\/fr\\\/projets\\\/dune-carriere-militaire-a-un-emploi-civil\\\/\"]}]},{\"@type\":\"BreadcrumbList\",\"@id\":\"https:\\\/\\\/ceric.ca\\\/fr\\\/projets\\\/dune-carriere-militaire-a-un-emploi-civil\\\/#breadcrumb\",\"itemListElement\":[{\"@type\":\"ListItem\",\"position\":1,\"name\":\"Home\",\"item\":\"https:\\\/\\\/ceric.ca\\\/fr\\\/ceric-homepage-2025\\\/\"},{\"@type\":\"ListItem\",\"position\":2,\"name\":\"Projets\",\"item\":\"https:\\\/\\\/ceric.ca\\\/fr\\\/projets\\\/\"},{\"@type\":\"ListItem\",\"position\":3,\"name\":\"D\u2019une carri\u00e8re militaire \u00e0 un emploi civil\"}]},{\"@type\":\"WebSite\",\"@id\":\"https:\\\/\\\/ceric.ca\\\/#website\",\"url\":\"https:\\\/\\\/ceric.ca\\\/\",\"name\":\"CERIC\",\"description\":\"\",\"publisher\":{\"@id\":\"https:\\\/\\\/ceric.ca\\\/#organization\"},\"potentialAction\":[{\"@type\":\"SearchAction\",\"target\":{\"@type\":\"EntryPoint\",\"urlTemplate\":\"https:\\\/\\\/ceric.ca\\\/?s={search_term_string}\"},\"query-input\":{\"@type\":\"PropertyValueSpecification\",\"valueRequired\":true,\"valueName\":\"search_term_string\"}}],\"inLanguage\":\"fr-FR\"},{\"@type\":\"Organization\",\"@id\":\"https:\\\/\\\/ceric.ca\\\/#organization\",\"name\":\"CERIC\",\"url\":\"https:\\\/\\\/ceric.ca\\\/\",\"logo\":{\"@type\":\"ImageObject\",\"inLanguage\":\"fr-FR\",\"@id\":\"https:\\\/\\\/ceric.ca\\\/#\\\/schema\\\/logo\\\/image\\\/\",\"url\":\"\",\"contentUrl\":\"\",\"caption\":\"CERIC\"},\"image\":{\"@id\":\"https:\\\/\\\/ceric.ca\\\/#\\\/schema\\\/logo\\\/image\\\/\"}}]}<\/script>\n<!-- \/ Yoast SEO Premium plugin. -->","yoast_head_json":{"title":"D\u2019une carri\u00e8re militaire \u00e0 un emploi civil - CERIC","robots":{"index":"index","follow":"follow","max-snippet":"max-snippet:-1","max-image-preview":"max-image-preview:large","max-video-preview":"max-video-preview:-1"},"canonical":"https:\/\/ceric.ca\/fr\/projets\/dune-carriere-militaire-a-un-emploi-civil\/","og_locale":"fr_FR","og_type":"article","og_title":"D\u2019une carri\u00e8re militaire \u00e0 un emploi civil","og_description":"[vc_row][vc_column width=\u00a0\u00bb1\/2&Prime;][vc_single_image image=\u00a0\u00bb63177&Prime;][\/vc_column][vc_column width=\u00a0\u00bb1\/2&Prime;][vc_message message_box_color=\u00a0\u00bbalert-success\u00a0\u00bb icon_type=\u00a0\u00bbentypo\u00a0\u00bb icon_entypo=\u00a0\u00bbentypo-icon entypo-icon-progress-3&Prime; css=\u00a0\u00bb\u00a0\u00bb]TERMIN\u00c9[\/vc_message][\/vc_column][\/vc_row][vc_row][vc_column][vc_column_text]Pour faire suite au succ\u00e8s de l\u2019ouvrage D\u2019une carri\u00e8re militaire \u00e0 un emploi civil\u00a0: guide de l\u2019intervenant en [\u2026]","og_url":"https:\/\/ceric.ca\/fr\/projets\/dune-carriere-militaire-a-un-emploi-civil\/","og_site_name":"CERIC","article_modified_time":"2025-05-07T20:32:08+00:00","twitter_card":"summary_large_image","twitter_misc":{"Dur\u00e9e de lecture estim\u00e9e":"6 minutes"},"schema":{"@context":"https:\/\/schema.org","@graph":[{"@type":"WebPage","@id":"https:\/\/ceric.ca\/fr\/projets\/dune-carriere-militaire-a-un-emploi-civil\/","url":"https:\/\/ceric.ca\/fr\/projets\/dune-carriere-militaire-a-un-emploi-civil\/","name":"D\u2019une carri\u00e8re militaire \u00e0 un emploi civil - CERIC","isPartOf":{"@id":"https:\/\/ceric.ca\/#website"},"datePublished":"2024-01-16T15:13:29+00:00","dateModified":"2025-05-07T20:32:08+00:00","breadcrumb":{"@id":"https:\/\/ceric.ca\/fr\/projets\/dune-carriere-militaire-a-un-emploi-civil\/#breadcrumb"},"inLanguage":"fr-FR","potentialAction":[{"@type":"ReadAction","target":["https:\/\/ceric.ca\/fr\/projets\/dune-carriere-militaire-a-un-emploi-civil\/"]}]},{"@type":"BreadcrumbList","@id":"https:\/\/ceric.ca\/fr\/projets\/dune-carriere-militaire-a-un-emploi-civil\/#breadcrumb","itemListElement":[{"@type":"ListItem","position":1,"name":"Home","item":"https:\/\/ceric.ca\/fr\/ceric-homepage-2025\/"},{"@type":"ListItem","position":2,"name":"Projets","item":"https:\/\/ceric.ca\/fr\/projets\/"},{"@type":"ListItem","position":3,"name":"D\u2019une carri\u00e8re militaire \u00e0 un emploi civil"}]},{"@type":"WebSite","@id":"https:\/\/ceric.ca\/#website","url":"https:\/\/ceric.ca\/","name":"CERIC","description":"","publisher":{"@id":"https:\/\/ceric.ca\/#organization"},"potentialAction":[{"@type":"SearchAction","target":{"@type":"EntryPoint","urlTemplate":"https:\/\/ceric.ca\/?s={search_term_string}"},"query-input":{"@type":"PropertyValueSpecification","valueRequired":true,"valueName":"search_term_string"}}],"inLanguage":"fr-FR"},{"@type":"Organization","@id":"https:\/\/ceric.ca\/#organization","name":"CERIC","url":"https:\/\/ceric.ca\/","logo":{"@type":"ImageObject","inLanguage":"fr-FR","@id":"https:\/\/ceric.ca\/#\/schema\/logo\/image\/","url":"","contentUrl":"","caption":"CERIC"},"image":{"@id":"https:\/\/ceric.ca\/#\/schema\/logo\/image\/"}}]}},"_links":{"self":[{"href":"https:\/\/ceric.ca\/fr\/wp-json\/wp\/v2\/pages\/63176","targetHints":{"allow":["GET"]}}],"collection":[{"href":"https:\/\/ceric.ca\/fr\/wp-json\/wp\/v2\/pages"}],"about":[{"href":"https:\/\/ceric.ca\/fr\/wp-json\/wp\/v2\/types\/page"}],"author":[{"embeddable":true,"href":"https:\/\/ceric.ca\/fr\/wp-json\/wp\/v2\/users\/30"}],"replies":[{"embeddable":true,"href":"https:\/\/ceric.ca\/fr\/wp-json\/wp\/v2\/comments?post=63176"}],"version-history":[{"count":0,"href":"https:\/\/ceric.ca\/fr\/wp-json\/wp\/v2\/pages\/63176\/revisions"}],"up":[{"embeddable":true,"href":"https:\/\/ceric.ca\/fr\/wp-json\/wp\/v2\/pages\/9559"}],"wp:attachment":[{"href":"https:\/\/ceric.ca\/fr\/wp-json\/wp\/v2\/media?parent=63176"}],"curies":[{"name":"wp","href":"https:\/\/api.w.org\/{rel}","templated":true}]}}