{"id":64147,"date":"2024-01-28T11:17:57","date_gmt":"2024-01-28T16:17:57","guid":{"rendered":"https:\/\/ceric.ca\/?page_id=64147"},"modified":"2025-08-20T10:41:25","modified_gmt":"2025-08-20T14:41:25","slug":"la-base-donnees-des-chercheurs-canadiens-en-developpement-de-carriere","status":"publish","type":"page","link":"https:\/\/ceric.ca\/fr\/la-base-donnees-des-chercheurs-canadiens-en-developpement-de-carriere\/","title":{"rendered":"La base de donn\u00e9es des chercheurs canadiens en d\u00e9veloppement de carri\u00e8re"},"content":{"rendered":"<div class=\"wpb-content-wrapper\"><p>[vc_row][vc_column][vc_message message_box_color=\u00a0\u00bborange\u00a0\u00bb css=\u00a0\u00bb\u00a0\u00bb]La base de donn\u00e9es des chercheurs est actuellement indisponible en raison d\u2019une mise \u00e0 jour. Revenez bient\u00f4t pour d\u00e9couvrir une nouvelle exp\u00e9rience am\u00e9lior\u00e9e.[\/vc_message][\/vc_column][\/vc_row][vc_row][vc_column]<div class=\"wprt-headings clearfix text-center\"  style=\"\"><h2 class=\"heading clearfix\" style=\"color:#f26522;\">\r\n\t\tLa base de donn\u00e9es des chercheurs canadiens en d\u00e9veloppement de carri\u00e8re\r\n\t<\/h2><p class=\"sub-heading clearfix\" style=\"font-style:normal;color:#000000;font-size:20px;\">\r\n\t\tQui fait quelle recherche au Canada?\r\n\t<\/p><\/div>[vc_row_inner][vc_column_inner width=\u00a0\u00bb2\/3&Prime;][vc_column_text]Le CERIC a mis au point une base de donn\u00e9es des chercheurs canadiens en d\u00e9veloppement de carri\u00e8re pour r\u00e9pondre \u00e0 la question : <strong>\u00ab Qui fait quelle recherche au Canada? \u00bb<\/strong>.<\/p>\n<p>Le Canada regorge de chercheurs \u00e9minents, dans les milieux universitaires ou communautaires partout au pays, qui accomplissent un travail important dans de nombreux domaines li\u00e9s au d\u00e9veloppement de carri\u00e8re. La base de donn\u00e9es r\u00e9unit ces renseignements pr\u00e9cieux \u00e0 partir d\u2019un outil de recherche en ligne facile \u00e0 utiliser.<\/p>\n<p>Conform\u00e9ment aux priorit\u00e9s strat\u00e9giques du CERIC, nous sommes convaincus qu\u2019en soutenant les chercheurs et en documentant la recherche effectu\u00e9e au Canada, nous pouvons continuer de faire avancer les connaissances th\u00e9oriques et pratiques en d\u00e9veloppement de carri\u00e8re, encourager la collaboration entre divers intervenants et faciliter les interactions entre les professionnels en d\u00e9veloppement de carri\u00e8re et les chercheurs, de m\u00eame que les \u00e9ducateurs, les employeurs et les d\u00e9cideurs.[\/vc_column_text][\/vc_column_inner][vc_column_inner width=\u00a0\u00bb1\/3&Prime;]\r\n\t<div class=\"wprt-accordions style-1\"><div class=\"accordion\"><div class=\"mfn-acc accordion_wrapper \">\n<ul>\n<li>Les chercheurs, les \u00e9tudiants, les organisations et la population en g\u00e9n\u00e9ral peuvent utiliser la base de donn\u00e9es pour d\u00e9terminer les partenaires universitaires et non universitaires pour de prochains projets de recherche.<\/li>\n<li>Ils peuvent \u00e9galement l\u2019utiliser pour prendre connaissance de la recherche actuellement effectu\u00e9e au Canada et se renseigner sur la meilleure fa\u00e7on de faire progresser ces connaissances.<\/li>\n<li>La base de donn\u00e9es est \u00e9galement pr\u00e9cieuse en tant que point de d\u00e9part pour les personnes qui veulent se renseigner sur les derni\u00e8res recherches dans le domaine du d\u00e9veloppement de carri\u00e8re.<\/li>\n<\/ul>\n<p>En particulier, toute personne sollicitant le CERIC pour le financement d\u2019un projet trouvera la base de donn\u00e9es utile pour d\u00e9terminer comment proc\u00e9der pour tirer parti de la recherche existante, et s\u2019il existe des possibilit\u00e9s de collaboration.<\/div><\/div>\n<div class=\"accordion\"><div class=\"mfn-acc accordion_wrapper \">Vous pouvez faire des recherches dans plus de 50 domaines d\u2019int\u00e9r\u00eat, par province et par institution. Vous pouvez \u00e9galement effectuer des recherches par mots-cl\u00e9s. De plus, il vous est possible de consulter la liste de plus de 200 chercheurs.<\/div><\/div>\n<div class=\"accordion\"><div class=\"mfn-acc accordion_wrapper \">Le CERIC s\u2019efforcera de maintenir la base de donn\u00e9es aussi \u00e0 jour et pr\u00e9cise que possible. Les chercheurs sont invit\u00e9s \u00e0 communiquer avec nous pour \u00eatre ajout\u00e9s \u00e0 la base de donn\u00e9es ou pour faire modifier leurs informations. Toute personne est \u00e9galement invit\u00e9e \u00e0 recommander un chercheur canadien \u00e0 ajouter \u00e0 la liste en envoyant un courriel \u00e0 Alexandra Manoliu, responsable des initiatives de recherche au CERIC, \u00e0 l\u2019adresse <a href=\"mailto:alexandra@ceric.ca\">alexandra@ceric.ca<\/a>.<\/div><\/div>\n<div class=\"accordion\"><div class=\"mfn-acc accordion_wrapper \"><\/p>\n<ul>\n<li><a href=\"https:\/\/ceric.ca\/ceric-events\/webinars\/using-research-for-evidence-informed-career-development-practice\/\">S\u00e9rie de webinaires gratuits Using Research for Evidence-informed Career Development Practice<\/a> pr\u00e9sent\u00e9e par Loleen Berdahl<\/li>\n<li><a href=\"https:\/\/cjcd-rcdc.ceric.ca\/index.php\/cjcd\">Revue canadienne de d\u00e9veloppement de carri\u00e8re<\/a><\/li>\n<li><a href=\"https:\/\/ceric.ca\/fr\/partenariats\/\">Demande de financement au CERIC dans le cadre d\u2019un partenariat<\/a><\/li>\n<li><a href=\"https:\/\/ceric.ca\/fr\/projets\/\">Liste des projets de recherche et d\u2019apprentissage financ\u00e9s<\/a> par le CERIC<\/li>\n<li><a href=\"https:\/\/ceric.ca\/fr\/listes-de-documents\/\">Plus de 60 recherches documentaires<\/a><\/li>\n<\/ul>\n<p><\/div><\/div>\n<\/div>[\/vc_column_inner][\/vc_row_inner][vc_row_inner disable_element=\u00a0\u00bbyes\u00a0\u00bb][vc_column_inner width=\u00a0\u00bb3\/4&Prime;][vc_column_text]CERIC has developed the Canadian Career Development Researcher Database to answer the question: \u201cWho is doing what research in Canada\u201d? Canada is home to many leading researchers across the country, whether at universities or within community-based settings, doing important work across many areas of interest within the career development field. The database brings this rich information together in one easy-to-use searchable online resource.<\/p>\n<p>Consistent with CERIC\u2019s strategic objectives, it is our intent that by documenting the research being done in Canada, we can continue to advance knowledge in career development theory and practice, champion collaboration among diverse stakeholders and facilitate conversations between career practitioners and researchers.[\/vc_column_text][\/vc_column_inner][vc_column_inner width=\u00a0\u00bb1\/4&Prime;]<div class=\"wprt-content-box clearfix \" data-margin=\"\" data-mobimargin=\"\">\r\n\t\t<div class=\"inner\" style=\"padding:20px;border-radius:6px;border-style:solid;border-width:1px;border-color:#164dce;background-color:#c9d6f2;\">\r\n\t\t\t<p>[vc_column_text]Are you a Canadian researcher with areas of expertise related to career development or know of someone who should be on this list, let us know by sending an email to <a href=\"mailto:alexandra@ceric.ca\">alexandra@ceric.ca<\/a>.[\/vc_column_text]<\/p>\n\r\n\t\t<\/div>\r\n\t<\/div>[\/vc_column_inner][\/vc_row_inner][vc_row_inner disable_element=\u00a0\u00bbyes\u00a0\u00bb][vc_column_inner][vc_column_text]<\/p>\n<p style=\"text-align: left;\">[facetwp facet=\u00a0\u00bbsearch_researchers\u00a0\u00bb]<\/p>\n<p>[\/vc_column_text][\/vc_column_inner][\/vc_row_inner][\/vc_column][vc_column offset=\u00a0\u00bbvc_hidden-lg vc_hidden-md vc_hidden-sm vc_hidden-xs\u00a0\u00bb]\r\n\t<div class=\"wprt-spacer clearfix\" data-desktop=\"20\" data-mobi=\"10\" data-smobi=\"10\"><\/div>[vc_row_inner disable_element=\u00a0\u00bbyes\u00a0\u00bb][vc_column_inner width=\u00a0\u00bb1\/3&Prime;][vc_column_text css=\u00a0\u00bb.vc_custom_1686952847209{margin-bottom: -5px !important;}\u00a0\u00bb]<strong>Filter by Institution:<\/strong>[\/vc_column_text][vc_column_text][facetwp facet=\u00a0\u00bbinstitution\u00a0\u00bb][\/vc_column_text][\/vc_column_inner][vc_column_inner width=\u00a0\u00bb1\/3&Prime;][vc_column_text css=\u00a0\u00bb.vc_custom_1686952856013{margin-bottom: -5px !important;}\u00a0\u00bb]<strong>Filter by Location:<\/strong>[\/vc_column_text][vc_column_text][facetwp facet=\u00a0\u00bbresearcher_locations\u00a0\u00bb][\/vc_column_text][\/vc_column_inner][vc_column_inner width=\u00a0\u00bb1\/3&Prime;][vc_column_text css=\u00a0\u00bb.vc_custom_1686953120078{margin-bottom: -5px !important;}\u00a0\u00bb]<strong>Filter by Area(s) of Interest:<\/strong>[\/vc_column_text][vc_column_text][facetwp facet=\u00a0\u00bblisting_categories\u00a0\u00bb][\/vc_column_text][\/vc_column_inner][\/vc_row_inner]\r\n\t<div class=\"wprt-spacer clearfix\" data-desktop=\"20\" data-mobi=\"10\" data-smobi=\"10\"><\/div>[vc_row_inner disable_element=\u00a0\u00bbyes\u00a0\u00bb][vc_column_inner width=\u00a0\u00bb1\/3&Prime;][\/vc_column_inner][vc_column_inner width=\u00a0\u00bb1\/3&Prime;][\/vc_column_inner][vc_column_inner width=\u00a0\u00bb1\/3&Prime;][vc_column_text][facetwp facet=\u00a0\u00bbreset_all_filters\u00a0\u00bb][\/vc_column_text][\/vc_column_inner][\/vc_row_inner]\r\n\t<div class=\"wprt-spacer clearfix\" data-desktop=\"20\" data-mobi=\"10\" data-smobi=\"10\"><\/div>[\/vc_column][\/vc_row][vc_row disable_element=\u00a0\u00bbyes\u00a0\u00bb][vc_column][vc_column_text][facetwp facet=\u00a0\u00bbalphabetical\u00a0\u00bb][\/vc_column_text][vc_column_text][facetwp template=\u00a0\u00bbresearchers\u00a0\u00bb][\/vc_column_text][vc_column_text][facetwp facet=\u00a0\u00bbresearchers_load_more\u00a0\u00bb][\/vc_column_text]\r\n\t<div class=\"wprt-spacer clearfix\" data-desktop=\"20\" data-mobi=\"10\" data-smobi=\"10\"><\/div>[\/vc_column][\/vc_row][vc_row][vc_column offset=\u00a0\u00bbvc_hidden-lg vc_hidden-md vc_hidden-sm vc_hidden-xs\u00a0\u00bb][vc_row_inner][vc_column_inner][vc_column_text]<\/p>\n<div class=\"flex-1 overflow-hidden\">\n<div class=\"react-scroll-to-bottom--css-wsvuz-79elbk h-full\">\n<div class=\"react-scroll-to-bottom--css-wsvuz-1n7m0yu\">\n<div class=\"flex flex-col pb-9 text-sm\">\n<div class=\"w-full text-token-text-primary\" data-testid=\"conversation-turn-3\">\n<div class=\"px-4 py-2 justify-center text-base md:gap-6 m-auto\">\n<div class=\"flex flex-1 text-base mx-auto gap-3 md:px-5 lg:px-1 xl:px-5 md:max-w-3xl lg:max-w-[40rem] xl:max-w-[48rem] group final-completion\">\n<div class=\"relative flex w-full flex-col lg:w-[calc(100%-115px)] agent-turn\">\n<div class=\"flex-col gap-1 md:gap-3\">\n<div class=\"flex flex-grow flex-col max-w-full\">\n<div class=\"min-h-[20px] text-message flex flex-col items-start gap-3 whitespace-pre-wrap break-words [.text-message+&amp;]:mt-5 overflow-x-auto\" data-message-author-role=\"assistant\" data-message-id=\"ace56d35-67ea-45f0-9a7f-d9e8fe59a894\">\n<div class=\"markdown prose w-full break-words dark:prose-invert dark\">\n<p style=\"text-align: center;\"><strong>La base de donn\u00e9es est actuellement disponible uniquement en anglais.<\/strong><\/p>\n<\/div>\n<\/div>\n<\/div>\n<\/div>\n<\/div>\n<\/div>\n<\/div>\n<\/div>\n<\/div>\n<\/div>\n<\/div>\n<\/div>\n<p>[\/vc_column_text][\/vc_column_inner][\/vc_row_inner][vc_row_inner][vc_column_inner width=\u00a0\u00bb1\/3&Prime;][\/vc_column_inner][vc_column_inner width=\u00a0\u00bb1\/3&Prime;][vc_btn title=\u00a0\u00bbVisitez maintenant\u00a0\u00bb style=\u00a0\u00bb3d\u00a0\u00bb color=\u00a0\u00bbsandy-brown\u00a0\u00bb size=\u00a0\u00bblg\u00a0\u00bb align=\u00a0\u00bbcenter\u00a0\u00bb i_type=\u00a0\u00bbopeniconic\u00a0\u00bb button_block=\u00a0\u00bbtrue\u00a0\u00bb add_icon=\u00a0\u00bbtrue\u00a0\u00bb link=\u00a0\u00bburl:https%3A%2F%2Fceric.ca%2Fcanadian-career-development-researchers-database%2F\u00a0\u00bb][\/vc_column_inner][vc_column_inner width=\u00a0\u00bb1\/3&Prime;][\/vc_column_inner][\/vc_row_inner][\/vc_column][\/vc_row]<\/p>\n<\/div>","protected":false},"excerpt":{"rendered":"<p>[vc_row][vc_column][vc_message message_box_color=\u00a0\u00bborange\u00a0\u00bb css=\u00a0\u00bb\u00a0\u00bb]La base de donn\u00e9es des chercheurs est actuellement indisponible en raison d\u2019une mise \u00e0 jour. Revenez bient\u00f4t pour d\u00e9couvrir une nouvelle exp\u00e9rience am\u00e9lior\u00e9e.[\/vc_message][\/vc_column][\/vc_row][vc_row][vc_column][vc_row_inner][vc_column_inner width=\u00a0\u00bb2\/3&Prime;][vc_column_text]Le<span class=\"excerpt-hellip\"> [\u2026]<\/span><\/p>\n","protected":false},"author":1,"featured_media":0,"parent":0,"menu_order":0,"comment_status":"closed","ping_status":"closed","template":"","meta":{"h5ap_radio_sources":[],"footnotes":""},"class_list":["post-64147","page","type-page","status-publish","hentry"],"yoast_head":"<!-- This site is optimized with the Yoast SEO Premium plugin v27.5 (Yoast SEO v27.5) - https:\/\/yoast.com\/product\/yoast-seo-premium-wordpress\/ -->\n<title>La base de donn\u00e9es des chercheurs canadiens en d\u00e9veloppement de carri\u00e8re - CERIC<\/title>\n<meta name=\"robots\" content=\"index, follow, max-snippet:-1, max-image-preview:large, max-video-preview:-1\" \/>\n<link rel=\"canonical\" href=\"https:\/\/ceric.ca\/fr\/la-base-donnees-des-chercheurs-canadiens-en-developpement-de-carriere\/\" \/>\n<meta property=\"og:locale\" content=\"fr_FR\" \/>\n<meta property=\"og:type\" content=\"article\" \/>\n<meta property=\"og:title\" content=\"La base de donn\u00e9es des chercheurs canadiens en d\u00e9veloppement de carri\u00e8re\" \/>\n<meta property=\"og:description\" content=\"[vc_row][vc_column][vc_message message_box_color=\u00a0\u00bborange\u00a0\u00bb css=\u00a0\u00bb\u00a0\u00bb]La base de donn\u00e9es des chercheurs est actuellement indisponible en raison d\u2019une mise \u00e0 jour. Revenez bient\u00f4t pour d\u00e9couvrir une nouvelle exp\u00e9rience am\u00e9lior\u00e9e.[\/vc_message][\/vc_column][\/vc_row][vc_row][vc_column][vc_row_inner][vc_column_inner width=\u00a0\u00bb2\/3&Prime;][vc_column_text]Le [\u2026]\" \/>\n<meta property=\"og:url\" content=\"https:\/\/ceric.ca\/fr\/la-base-donnees-des-chercheurs-canadiens-en-developpement-de-carriere\/\" \/>\n<meta property=\"og:site_name\" content=\"CERIC\" \/>\n<meta property=\"article:modified_time\" content=\"2025-08-20T14:41:25+00:00\" \/>\n<meta name=\"twitter:card\" content=\"summary_large_image\" \/>\n<meta name=\"twitter:label1\" content=\"Dur\u00e9e de lecture estim\u00e9e\" \/>\n\t<meta name=\"twitter:data1\" content=\"4 minutes\" \/>\n<script type=\"application\/ld+json\" class=\"yoast-schema-graph\">{\"@context\":\"https:\\\/\\\/schema.org\",\"@graph\":[{\"@type\":\"WebPage\",\"@id\":\"https:\\\/\\\/ceric.ca\\\/fr\\\/la-base-donnees-des-chercheurs-canadiens-en-developpement-de-carriere\\\/\",\"url\":\"https:\\\/\\\/ceric.ca\\\/fr\\\/la-base-donnees-des-chercheurs-canadiens-en-developpement-de-carriere\\\/\",\"name\":\"La base de donn\u00e9es des chercheurs canadiens en d\u00e9veloppement de carri\u00e8re - CERIC\",\"isPartOf\":{\"@id\":\"https:\\\/\\\/ceric.ca\\\/#website\"},\"datePublished\":\"2024-01-28T16:17:57+00:00\",\"dateModified\":\"2025-08-20T14:41:25+00:00\",\"breadcrumb\":{\"@id\":\"https:\\\/\\\/ceric.ca\\\/fr\\\/la-base-donnees-des-chercheurs-canadiens-en-developpement-de-carriere\\\/#breadcrumb\"},\"inLanguage\":\"fr-FR\",\"potentialAction\":[{\"@type\":\"ReadAction\",\"target\":[\"https:\\\/\\\/ceric.ca\\\/fr\\\/la-base-donnees-des-chercheurs-canadiens-en-developpement-de-carriere\\\/\"]}]},{\"@type\":\"BreadcrumbList\",\"@id\":\"https:\\\/\\\/ceric.ca\\\/fr\\\/la-base-donnees-des-chercheurs-canadiens-en-developpement-de-carriere\\\/#breadcrumb\",\"itemListElement\":[{\"@type\":\"ListItem\",\"position\":1,\"name\":\"Home\",\"item\":\"https:\\\/\\\/ceric.ca\\\/fr\\\/ceric-homepage-2025\\\/\"},{\"@type\":\"ListItem\",\"position\":2,\"name\":\"La base de donn\u00e9es des chercheurs canadiens en d\u00e9veloppement de carri\u00e8re\"}]},{\"@type\":\"WebSite\",\"@id\":\"https:\\\/\\\/ceric.ca\\\/#website\",\"url\":\"https:\\\/\\\/ceric.ca\\\/\",\"name\":\"CERIC\",\"description\":\"\",\"publisher\":{\"@id\":\"https:\\\/\\\/ceric.ca\\\/#organization\"},\"potentialAction\":[{\"@type\":\"SearchAction\",\"target\":{\"@type\":\"EntryPoint\",\"urlTemplate\":\"https:\\\/\\\/ceric.ca\\\/?s={search_term_string}\"},\"query-input\":{\"@type\":\"PropertyValueSpecification\",\"valueRequired\":true,\"valueName\":\"search_term_string\"}}],\"inLanguage\":\"fr-FR\"},{\"@type\":\"Organization\",\"@id\":\"https:\\\/\\\/ceric.ca\\\/#organization\",\"name\":\"CERIC\",\"url\":\"https:\\\/\\\/ceric.ca\\\/\",\"logo\":{\"@type\":\"ImageObject\",\"inLanguage\":\"fr-FR\",\"@id\":\"https:\\\/\\\/ceric.ca\\\/#\\\/schema\\\/logo\\\/image\\\/\",\"url\":\"\",\"contentUrl\":\"\",\"caption\":\"CERIC\"},\"image\":{\"@id\":\"https:\\\/\\\/ceric.ca\\\/#\\\/schema\\\/logo\\\/image\\\/\"}}]}<\/script>\n<!-- \/ Yoast SEO Premium plugin. -->","yoast_head_json":{"title":"La base de donn\u00e9es des chercheurs canadiens en d\u00e9veloppement de carri\u00e8re - CERIC","robots":{"index":"index","follow":"follow","max-snippet":"max-snippet:-1","max-image-preview":"max-image-preview:large","max-video-preview":"max-video-preview:-1"},"canonical":"https:\/\/ceric.ca\/fr\/la-base-donnees-des-chercheurs-canadiens-en-developpement-de-carriere\/","og_locale":"fr_FR","og_type":"article","og_title":"La base de donn\u00e9es des chercheurs canadiens en d\u00e9veloppement de carri\u00e8re","og_description":"[vc_row][vc_column][vc_message message_box_color=\u00a0\u00bborange\u00a0\u00bb css=\u00a0\u00bb\u00a0\u00bb]La base de donn\u00e9es des chercheurs est actuellement indisponible en raison d\u2019une mise \u00e0 jour. Revenez bient\u00f4t pour d\u00e9couvrir une nouvelle exp\u00e9rience am\u00e9lior\u00e9e.[\/vc_message][\/vc_column][\/vc_row][vc_row][vc_column][vc_row_inner][vc_column_inner width=\u00a0\u00bb2\/3&Prime;][vc_column_text]Le [\u2026]","og_url":"https:\/\/ceric.ca\/fr\/la-base-donnees-des-chercheurs-canadiens-en-developpement-de-carriere\/","og_site_name":"CERIC","article_modified_time":"2025-08-20T14:41:25+00:00","twitter_card":"summary_large_image","twitter_misc":{"Dur\u00e9e de lecture estim\u00e9e":"4 minutes"},"schema":{"@context":"https:\/\/schema.org","@graph":[{"@type":"WebPage","@id":"https:\/\/ceric.ca\/fr\/la-base-donnees-des-chercheurs-canadiens-en-developpement-de-carriere\/","url":"https:\/\/ceric.ca\/fr\/la-base-donnees-des-chercheurs-canadiens-en-developpement-de-carriere\/","name":"La base de donn\u00e9es des chercheurs canadiens en d\u00e9veloppement de carri\u00e8re - CERIC","isPartOf":{"@id":"https:\/\/ceric.ca\/#website"},"datePublished":"2024-01-28T16:17:57+00:00","dateModified":"2025-08-20T14:41:25+00:00","breadcrumb":{"@id":"https:\/\/ceric.ca\/fr\/la-base-donnees-des-chercheurs-canadiens-en-developpement-de-carriere\/#breadcrumb"},"inLanguage":"fr-FR","potentialAction":[{"@type":"ReadAction","target":["https:\/\/ceric.ca\/fr\/la-base-donnees-des-chercheurs-canadiens-en-developpement-de-carriere\/"]}]},{"@type":"BreadcrumbList","@id":"https:\/\/ceric.ca\/fr\/la-base-donnees-des-chercheurs-canadiens-en-developpement-de-carriere\/#breadcrumb","itemListElement":[{"@type":"ListItem","position":1,"name":"Home","item":"https:\/\/ceric.ca\/fr\/ceric-homepage-2025\/"},{"@type":"ListItem","position":2,"name":"La base de donn\u00e9es des chercheurs canadiens en d\u00e9veloppement de carri\u00e8re"}]},{"@type":"WebSite","@id":"https:\/\/ceric.ca\/#website","url":"https:\/\/ceric.ca\/","name":"CERIC","description":"","publisher":{"@id":"https:\/\/ceric.ca\/#organization"},"potentialAction":[{"@type":"SearchAction","target":{"@type":"EntryPoint","urlTemplate":"https:\/\/ceric.ca\/?s={search_term_string}"},"query-input":{"@type":"PropertyValueSpecification","valueRequired":true,"valueName":"search_term_string"}}],"inLanguage":"fr-FR"},{"@type":"Organization","@id":"https:\/\/ceric.ca\/#organization","name":"CERIC","url":"https:\/\/ceric.ca\/","logo":{"@type":"ImageObject","inLanguage":"fr-FR","@id":"https:\/\/ceric.ca\/#\/schema\/logo\/image\/","url":"","contentUrl":"","caption":"CERIC"},"image":{"@id":"https:\/\/ceric.ca\/#\/schema\/logo\/image\/"}}]}},"_links":{"self":[{"href":"https:\/\/ceric.ca\/fr\/wp-json\/wp\/v2\/pages\/64147","targetHints":{"allow":["GET"]}}],"collection":[{"href":"https:\/\/ceric.ca\/fr\/wp-json\/wp\/v2\/pages"}],"about":[{"href":"https:\/\/ceric.ca\/fr\/wp-json\/wp\/v2\/types\/page"}],"author":[{"embeddable":true,"href":"https:\/\/ceric.ca\/fr\/wp-json\/wp\/v2\/users\/1"}],"replies":[{"embeddable":true,"href":"https:\/\/ceric.ca\/fr\/wp-json\/wp\/v2\/comments?post=64147"}],"version-history":[{"count":0,"href":"https:\/\/ceric.ca\/fr\/wp-json\/wp\/v2\/pages\/64147\/revisions"}],"wp:attachment":[{"href":"https:\/\/ceric.ca\/fr\/wp-json\/wp\/v2\/media?parent=64147"}],"curies":[{"name":"wp","href":"https:\/\/api.w.org\/{rel}","templated":true}]}}