{"id":65413,"date":"2024-12-08T18:49:05","date_gmt":"2024-12-08T23:49:05","guid":{"rendered":"https:\/\/ceric.ca\/?page_id=65413"},"modified":"2024-12-08T18:49:05","modified_gmt":"2024-12-08T23:49:05","slug":"echanges-didees-sur-la-carriere-pour-les-ecoles-secondaires","status":"publish","type":"page","link":"https:\/\/ceric.ca\/fr\/initiatives-speciales\/echanges-didees-sur-la-carriere-pour-les-ecoles-secondaires\/","title":{"rendered":"\u00c9changes d&rsquo;id\u00e9es sur la carri\u00e8re pour les \u00e9coles secondaires"},"content":{"rendered":"<div class=\"wpb-content-wrapper\"><p>[vc_row][vc_column]<div class=\"wprt-headings clearfix text-center\"  style=\"\"><h2 class=\"heading clearfix\" style=\"color:#568caf;\">\r\n\t\t\u00c9changes d'id\u00e9es sur la carri\u00e8re pour les \u00e9coles secondaires\r\n\t<\/h2><\/div>\r\n\t<div class=\"wprt-spacer clearfix\" data-desktop=\"20\" data-mobi=\"10\" data-smobi=\"7\"><\/div>[vc_column_text]<\/p>\n<p data-pm-slice=\"1 1 []\">Le CERIC recrute des participants pour une s\u00e9rie virtuelle d\u2019\u00e9changes d\u2019id\u00e9es dans le but de comprendre l\u2019\u00e9tat actuel de l\u2019exploration et de la planification de carri\u00e8re dans les \u00e9coles secondaires du Canada, du point de vue des \u00e9l\u00e8ves et des enseignants. Cette information contribuera \u00e0 l\u2019\u00e9laboration d\u2019initiatives d\u2019\u00e9ducation au choix de carri\u00e8re au secondaire.<\/p>\n<p>[\/vc_column_text][\/vc_column][\/vc_row][vc_row][vc_column]\r\n\t<div class=\"wprt-spacer clearfix\" data-desktop=\"45\" data-mobi=\"20\" data-smobi=\"10\"><\/div>[\/vc_column][\/vc_row][vc_row][vc_column width=\u00a0\u00bb1\/2&Prime;][vc_column_text]<\/p>\n<h5 style=\"text-align: center;\" data-pm-slice=\"1 1 []\"><strong><a href=\"https:\/\/ceric.ca\/special-initiatives\/idea-exchange-open-call-for-high-school-students\/\">Open Call for High School Students<\/a><\/strong><\/h5>\n<p>[\/vc_column_text]\r\n\t<div class=\"wprt-spacer clearfix\" data-desktop=\"20\" data-mobi=\"10\" data-smobi=\"7\"><\/div>[vc_single_image image=\u00a0\u00bb65402&Prime; img_size=\u00a0\u00bb\u00a0\u00bb alignment=\u00a0\u00bbcenter\u00a0\u00bb onclick=\u00a0\u00bbcustom_link\u00a0\u00bb link=\u00a0\u00bbhttps:\/\/ceric.ca\/special-initiatives\/idea-exchange-open-call-for-high-school-students\/\u00a0\u00bb][vc_column_text]<\/p>\n<h6 style=\"text-align: center;\" data-pm-slice=\"1 1 []\"><a href=\"https:\/\/ceric.ca\/special-initiatives\/idea-exchange-open-call-for-high-school-students\/\"><strong>How Are You Thinking About Your Career?<\/strong><\/a><\/h6>\n<p>[\/vc_column_text][\/vc_column][vc_column width=\u00a0\u00bb1\/2&Prime;][vc_column_text]<\/p>\n<h5 style=\"text-align: center;\" data-pm-slice=\"1 1 []\"><a href=\"https:\/\/ceric.ca\/special-initiatives\/idea-exchange-open-call-for-high-school-guidance-counsellors-educators-administrators\/\"><strong>Open Call for High School Guidance Counsellors, Educators &amp; Adminis<\/strong><strong>trators<\/strong><\/a><\/h5>\n<p>[\/vc_column_text][vc_single_image image=\u00a0\u00bb65337&Prime; img_size=\u00a0\u00bb\u00a0\u00bb alignment=\u00a0\u00bbcenter\u00a0\u00bb onclick=\u00a0\u00bbcustom_link\u00a0\u00bb link=\u00a0\u00bbhttps:\/\/ceric.ca\/special-initiatives\/idea-exchange-open-call-for-high-school-guidance-counsellors-educators-administrators\/\u00a0\u00bb][vc_column_text]<\/p>\n<h6 style=\"text-align: center;\" data-pm-slice=\"1 1 []\"><a href=\"https:\/\/ceric.ca\/special-initiatives\/idea-exchange-open-call-for-high-school-guidance-counsellors-educators-administrators\/\"><strong>How Are You Supporting Student Career Planning?<\/strong><\/a><\/h6>\n<p>[\/vc_column_text][\/vc_column][\/vc_row]<\/p>\n<\/div>","protected":false},"excerpt":{"rendered":"<p>[vc_row][vc_column][vc_column_text] Le CERIC recrute des participants pour une s\u00e9rie virtuelle d\u2019\u00e9changes d\u2019id\u00e9es dans le but de comprendre l\u2019\u00e9tat actuel de l\u2019exploration et de la planification de<span class=\"excerpt-hellip\"> [\u2026]<\/span><\/p>\n","protected":false},"author":1,"featured_media":0,"parent":9709,"menu_order":0,"comment_status":"closed","ping_status":"closed","template":"","meta":{"h5ap_radio_sources":[],"footnotes":""},"class_list":["post-65413","page","type-page","status-publish","hentry"],"yoast_head":"<!-- This site is optimized with the Yoast SEO Premium plugin v27.3 (Yoast SEO v27.3) - https:\/\/yoast.com\/product\/yoast-seo-premium-wordpress\/ -->\n<title>\u00c9changes d&#039;id\u00e9es sur la carri\u00e8re pour les \u00e9coles secondaires - CERIC<\/title>\n<meta name=\"robots\" content=\"index, follow, max-snippet:-1, max-image-preview:large, max-video-preview:-1\" \/>\n<link rel=\"canonical\" href=\"https:\/\/ceric.ca\/fr\/?page_id=65413\" \/>\n<meta property=\"og:locale\" content=\"fr_FR\" \/>\n<meta property=\"og:type\" content=\"article\" \/>\n<meta property=\"og:title\" content=\"\u00c9changes d&#039;id\u00e9es sur la carri\u00e8re pour les \u00e9coles secondaires\" \/>\n<meta property=\"og:description\" content=\"[vc_row][vc_column][vc_column_text] Le CERIC recrute des participants pour une s\u00e9rie virtuelle d\u2019\u00e9changes d\u2019id\u00e9es dans le but de comprendre l\u2019\u00e9tat actuel de l\u2019exploration et de la planification de [\u2026]\" \/>\n<meta property=\"og:url\" content=\"https:\/\/ceric.ca\/fr\/?page_id=65413\" \/>\n<meta property=\"og:site_name\" content=\"CERIC\" \/>\n<meta name=\"twitter:card\" content=\"summary_large_image\" \/>\n<meta name=\"twitter:label1\" content=\"Dur\u00e9e de lecture estim\u00e9e\" \/>\n\t<meta name=\"twitter:data1\" content=\"1 minute\" \/>\n<script type=\"application\/ld+json\" class=\"yoast-schema-graph\">{\"@context\":\"https:\\\/\\\/schema.org\",\"@graph\":[{\"@type\":\"WebPage\",\"@id\":\"https:\\\/\\\/ceric.ca\\\/fr\\\/?page_id=65413\",\"url\":\"https:\\\/\\\/ceric.ca\\\/fr\\\/?page_id=65413\",\"name\":\"\u00c9changes d'id\u00e9es sur la carri\u00e8re pour les \u00e9coles secondaires - CERIC\",\"isPartOf\":{\"@id\":\"https:\\\/\\\/ceric.ca\\\/#website\"},\"datePublished\":\"2024-12-08T23:49:05+00:00\",\"breadcrumb\":{\"@id\":\"https:\\\/\\\/ceric.ca\\\/fr\\\/?page_id=65413#breadcrumb\"},\"inLanguage\":\"fr-FR\",\"potentialAction\":[{\"@type\":\"ReadAction\",\"target\":[\"https:\\\/\\\/ceric.ca\\\/fr\\\/?page_id=65413\"]}]},{\"@type\":\"BreadcrumbList\",\"@id\":\"https:\\\/\\\/ceric.ca\\\/fr\\\/?page_id=65413#breadcrumb\",\"itemListElement\":[{\"@type\":\"ListItem\",\"position\":1,\"name\":\"Home\",\"item\":\"https:\\\/\\\/ceric.ca\\\/fr\\\/ceric-homepage-2025\\\/\"},{\"@type\":\"ListItem\",\"position\":2,\"name\":\"Initiatives sp\u00e9ciales\",\"item\":\"https:\\\/\\\/ceric.ca\\\/fr\\\/initiatives-speciales\\\/\"},{\"@type\":\"ListItem\",\"position\":3,\"name\":\"\u00c9changes d&#8217;id\u00e9es sur la carri\u00e8re pour les \u00e9coles secondaires\"}]},{\"@type\":\"WebSite\",\"@id\":\"https:\\\/\\\/ceric.ca\\\/#website\",\"url\":\"https:\\\/\\\/ceric.ca\\\/\",\"name\":\"CERIC\",\"description\":\"\",\"publisher\":{\"@id\":\"https:\\\/\\\/ceric.ca\\\/#organization\"},\"potentialAction\":[{\"@type\":\"SearchAction\",\"target\":{\"@type\":\"EntryPoint\",\"urlTemplate\":\"https:\\\/\\\/ceric.ca\\\/?s={search_term_string}\"},\"query-input\":{\"@type\":\"PropertyValueSpecification\",\"valueRequired\":true,\"valueName\":\"search_term_string\"}}],\"inLanguage\":\"fr-FR\"},{\"@type\":\"Organization\",\"@id\":\"https:\\\/\\\/ceric.ca\\\/#organization\",\"name\":\"CERIC\",\"url\":\"https:\\\/\\\/ceric.ca\\\/\",\"logo\":{\"@type\":\"ImageObject\",\"inLanguage\":\"fr-FR\",\"@id\":\"https:\\\/\\\/ceric.ca\\\/#\\\/schema\\\/logo\\\/image\\\/\",\"url\":\"\",\"contentUrl\":\"\",\"caption\":\"CERIC\"},\"image\":{\"@id\":\"https:\\\/\\\/ceric.ca\\\/#\\\/schema\\\/logo\\\/image\\\/\"}}]}<\/script>\n<!-- \/ Yoast SEO Premium plugin. -->","yoast_head_json":{"title":"\u00c9changes d'id\u00e9es sur la carri\u00e8re pour les \u00e9coles secondaires - CERIC","robots":{"index":"index","follow":"follow","max-snippet":"max-snippet:-1","max-image-preview":"max-image-preview:large","max-video-preview":"max-video-preview:-1"},"canonical":"https:\/\/ceric.ca\/fr\/?page_id=65413","og_locale":"fr_FR","og_type":"article","og_title":"\u00c9changes d'id\u00e9es sur la carri\u00e8re pour les \u00e9coles secondaires","og_description":"[vc_row][vc_column][vc_column_text] Le CERIC recrute des participants pour une s\u00e9rie virtuelle d\u2019\u00e9changes d\u2019id\u00e9es dans le but de comprendre l\u2019\u00e9tat actuel de l\u2019exploration et de la planification de [\u2026]","og_url":"https:\/\/ceric.ca\/fr\/?page_id=65413","og_site_name":"CERIC","twitter_card":"summary_large_image","twitter_misc":{"Dur\u00e9e de lecture estim\u00e9e":"1 minute"},"schema":{"@context":"https:\/\/schema.org","@graph":[{"@type":"WebPage","@id":"https:\/\/ceric.ca\/fr\/?page_id=65413","url":"https:\/\/ceric.ca\/fr\/?page_id=65413","name":"\u00c9changes d'id\u00e9es sur la carri\u00e8re pour les \u00e9coles secondaires - CERIC","isPartOf":{"@id":"https:\/\/ceric.ca\/#website"},"datePublished":"2024-12-08T23:49:05+00:00","breadcrumb":{"@id":"https:\/\/ceric.ca\/fr\/?page_id=65413#breadcrumb"},"inLanguage":"fr-FR","potentialAction":[{"@type":"ReadAction","target":["https:\/\/ceric.ca\/fr\/?page_id=65413"]}]},{"@type":"BreadcrumbList","@id":"https:\/\/ceric.ca\/fr\/?page_id=65413#breadcrumb","itemListElement":[{"@type":"ListItem","position":1,"name":"Home","item":"https:\/\/ceric.ca\/fr\/ceric-homepage-2025\/"},{"@type":"ListItem","position":2,"name":"Initiatives sp\u00e9ciales","item":"https:\/\/ceric.ca\/fr\/initiatives-speciales\/"},{"@type":"ListItem","position":3,"name":"\u00c9changes d&#8217;id\u00e9es sur la carri\u00e8re pour les \u00e9coles secondaires"}]},{"@type":"WebSite","@id":"https:\/\/ceric.ca\/#website","url":"https:\/\/ceric.ca\/","name":"CERIC","description":"","publisher":{"@id":"https:\/\/ceric.ca\/#organization"},"potentialAction":[{"@type":"SearchAction","target":{"@type":"EntryPoint","urlTemplate":"https:\/\/ceric.ca\/?s={search_term_string}"},"query-input":{"@type":"PropertyValueSpecification","valueRequired":true,"valueName":"search_term_string"}}],"inLanguage":"fr-FR"},{"@type":"Organization","@id":"https:\/\/ceric.ca\/#organization","name":"CERIC","url":"https:\/\/ceric.ca\/","logo":{"@type":"ImageObject","inLanguage":"fr-FR","@id":"https:\/\/ceric.ca\/#\/schema\/logo\/image\/","url":"","contentUrl":"","caption":"CERIC"},"image":{"@id":"https:\/\/ceric.ca\/#\/schema\/logo\/image\/"}}]}},"_links":{"self":[{"href":"https:\/\/ceric.ca\/fr\/wp-json\/wp\/v2\/pages\/65413","targetHints":{"allow":["GET"]}}],"collection":[{"href":"https:\/\/ceric.ca\/fr\/wp-json\/wp\/v2\/pages"}],"about":[{"href":"https:\/\/ceric.ca\/fr\/wp-json\/wp\/v2\/types\/page"}],"author":[{"embeddable":true,"href":"https:\/\/ceric.ca\/fr\/wp-json\/wp\/v2\/users\/1"}],"replies":[{"embeddable":true,"href":"https:\/\/ceric.ca\/fr\/wp-json\/wp\/v2\/comments?post=65413"}],"version-history":[{"count":0,"href":"https:\/\/ceric.ca\/fr\/wp-json\/wp\/v2\/pages\/65413\/revisions"}],"up":[{"embeddable":true,"href":"https:\/\/ceric.ca\/fr\/wp-json\/wp\/v2\/pages\/9709"}],"wp:attachment":[{"href":"https:\/\/ceric.ca\/fr\/wp-json\/wp\/v2\/media?parent=65413"}],"curies":[{"name":"wp","href":"https:\/\/api.w.org\/{rel}","templated":true}]}}