{"id":65477,"date":"2024-05-08T00:00:22","date_gmt":"2024-05-08T04:00:22","guid":{"rendered":"https:\/\/ceric.ca\/?page_id=65477"},"modified":"2025-05-07T16:31:46","modified_gmt":"2025-05-07T20:31:46","slug":"troisieme-edition-disciplines-informatiques-guide-rapide-a-lintention-des-etudiants-et-des-conseillers-en-orientation","status":"publish","type":"page","link":"https:\/\/ceric.ca\/fr\/projets\/troisieme-edition-disciplines-informatiques-guide-rapide-a-lintention-des-etudiants-et-des-conseillers-en-orientation\/","title":{"rendered":"Troisi\u00e8me \u00e9dition \u2013 Disciplines informatiques : guide rapide \u00e0 l\u2019intention des \u00e9tudiants et des conseillers en orientation"},"content":{"rendered":"<div class=\"wpb-content-wrapper\"><p>[vc_row disable_element=\u00a0\u00bbyes\u00a0\u00bb][vc_column][vc_message icon_fontawesome=\u00a0\u00bbfa fa-regular fa-calendar-plus\u00a0\u00bb css=\u00a0\u00bb\u00a0\u00bb]<\/p>\n<p class=\"title\"><a href=\"https:\/\/ceric.ca\/fr\/2025\/03\/carrieres-en-informatique-en-2025-le-guide-incontournable-pour-les-conseillers-dorientation-et-les-etudiants\/\"><strong>Carri\u00e8res en informatique en 2025 : le guide incontournable pour les conseillers d\u2019orientation et les \u00e9tudiants (en anglais avec sous-titres)<\/strong><\/a>\u00a0| Vendredi 25 avril 2025 | 12 h 00 \u00e0 13 h 00 HE | <span class=\"TextRun SCXW109835376 BCX0\" lang=\"EN-US\" xml:lang=\"EN-US\" data-contrast=\"none\"><span class=\"NormalTextRun SCXW109835376 BCX0\">Prof. Randy Connolly,\u00a0<span class=\"TextRun SCXW91031515 BCX0\" lang=\"EN-US\" xml:lang=\"EN-US\" data-contrast=\"auto\"><span class=\"NormalTextRun SCXW91031515 BCX0\">Dr Janet Miller &amp;\u00a0<span class=\"NormalTextRun SCXW84512361 BCX0\">Dr Faith-Michael\u00a0<\/span><span class=\"NormalTextRun SpellingErrorV2Themed SCXW84512361 BCX0\">Uzoka<\/span><\/span><\/span><\/span><\/span><\/p>\n<p>[\/vc_message][\/vc_column][\/vc_row][vc_row][vc_column width=\u00a0\u00bb1\/2&Prime;][vc_single_image image=\u00a0\u00bb45747&Prime;][\/vc_column][vc_column width=\u00a0\u00bb1\/2&Prime;]<div class=\"wprt-list clearfix icon-left icon-middle\">\r\n\t\t<div style=\"padding:;margin-bottom:10px;background-color:#f8f8f8;\">\r\n\t\t\t<span style=\"padding-left:30px;\"><span class=\"icon \">\r\n\t\t\t<i class=\"typcn typcn-group\" style=\"color:#898989;font-size:20px;\"><\/i>\r\n\t\t<\/span> <span style=\"font-weight:700;\">Partenaire du projet : Universit\u00e9 Mount Royal<\/span><\/span>\r\n\t\t<\/div>\r\n\t<\/div><div class=\"wprt-list clearfix icon-left icon-middle\">\r\n\t\t<div style=\"padding:;margin-bottom:10px;background-color:#f8f8f8;\">\r\n\t\t\t<span style=\"padding-left:30px;\"><span class=\"icon \">\r\n\t\t\t<i class=\"typcn typcn-flag\" style=\"color:#898989;font-size:20px;\"><\/i>\r\n\t\t<\/span> <span style=\"font-weight:700;\">Langues : anglais et fran\u00e7ais<\/span><\/span>\r\n\t\t<\/div>\r\n\t<\/div>[vc_message message_box_color=\u00a0\u00bbalert-success\u00a0\u00bb icon_type=\u00a0\u00bbentypo\u00a0\u00bb icon_entypo=\u00a0\u00bbentypo-icon entypo-icon-progress-3&Prime; css=\u00a0\u00bb\u00a0\u00bb]<strong>TERMIN\u00c9<\/strong>[\/vc_message][\/vc_column][\/vc_row][vc_row][vc_column]\r\n\t<div class=\"wprt-spacer clearfix\" data-desktop=\"40\" data-mobi=\"30\" data-smobi=\"30\"><\/div>[vc_column_text]L\u2019informatique, en tant que discipline d\u2019\u00e9tude et en tant que carri\u00e8re, a toujours \u00e9t\u00e9 caract\u00e9ris\u00e9e par le changement et la transformation. Depuis 2004, l\u2019ACM <a href=\"https:\/\/www.acm.org\/\" target=\"_blank\" rel=\"noopener\">(Association for Computing Machinery<\/a>) et l\u2019IEEE <a href=\"https:\/\/www.ieee.org\/\" target=\"_blank\" rel=\"noopener\">(Institute of Electrical and Electronics Engineers<\/a>) formulent des recommandations en mati\u00e8re de programmes d\u2019\u00e9tudes pour clarifier les sous-disciplines \u00e9mergentes et pr\u00e9parer les professionnels d\u00e9butants. Ces lignes directrices s\u2019adressent aux concepteurs de programmes d\u2019\u00e9tudes dans l\u2019enseignement sup\u00e9rieur et portent donc sur les aspects techniques de ce qui devrait \u00eatre id\u00e9alement enseign\u00e9 dans les diff\u00e9rents programmes informatiques.<\/p>\n<p>Nos recherches initiales aupr\u00e8s des personnes \u00e9tudiantes de premier cycle ont montr\u00e9 que la plupart d\u2019entre elles ne comprenaient pas les diff\u00e9rences entre les diff\u00e9rentes sous-disciplines de l\u2019informatique. Notre \u00e9quipe (Randy\u00a0Connolly, Janet\u00a0Miller et Faith-Michael\u00a0Uzoka de l\u2019<a href=\"https:\/\/www.mtroyal.ca\/\" target=\"_blank\" rel=\"noopener\">Univesit\u00e9 Mount\u00a0Royal<\/a>) a aussi r\u00e9alis\u00e9 que les conseillers d\u2019orientation et les sp\u00e9cialistes en d\u00e9veloppement de carri\u00e8re avaient besoin de plus de renseignements pour bien outiller leurs clients.<\/p>\n<p>Ce projet d\u2019exploration des disciplines informatiques appuy\u00e9e sur la recherche a men\u00e9 \u00e0 la cr\u00e9ation d\u2019un document de 32\u00a0pages, offert en t\u00e9l\u00e9chargement gratuit sur le site du CERIC (<a href=\"https:\/\/ceric.ca\/fr\/publications\/disciplines-et-carrieres-en-informatique-guide-rapide-a-lintention-des-etudiants-et-des-conseillers-en-orientation\/\">ceric.ca\/computing<\/a>). En r\u00e9ponse \u00e0 la demande, le guide a \u00e9galement \u00e9t\u00e9 adapt\u00e9 en fran\u00e7ais. Vous pouvez y acc\u00e9der \u00e0 l\u2019adresse <a href=\"https:\/\/ceric.ca\/fr\/publications\/disciplines-et-carrieres-en-informatique-guide-rapide-a-lintention-des-etudiants-et-des-conseillers-en-orientation\/\">ceric.ca\/informatique<\/a>. En 2020, la deuxi\u00e8me \u00e9dition de 40\u00a0pages du guide a \u00e9t\u00e9 lanc\u00e9e \u00e0 l\u2019occasion du congr\u00e8s\u00a0Cannexus20 et a pr\u00e9sent\u00e9 de nouveaux domaines de sp\u00e9cialisation en informatique, ce qui a fourni plus de renseignements sur les chemins menant aux carri\u00e8res en informatique ainsi que des conseils en mati\u00e8re de carri\u00e8re de la part de professionnels travaillant dans ces domaines.<\/p>\n<p>Nous savons que les \u00e9tudiants aiment la pr\u00e9sentation visuelle du guide, qui illustre bien les activit\u00e9s et les responsabilit\u00e9s de chaque r\u00f4le. Le guide d\u00e9crit \u00e9galement les principaux cours de chaque programme et pr\u00e9sente les choix li\u00e9s \u00e0 l\u2019\u00e9ducation. Le guide aide aussi les conseillers d\u2019orientation et les conseillers p\u00e9dagogiques \u00e0 engager le dialogue sur les avenues potentielles de chaque carri\u00e8re en s\u2019appuyant sur des donn\u00e9es fiables. Il permet de mieux pr\u00e9ciser les diff\u00e9rences et similitudes entre ces cheminements de carri\u00e8re pour permettre aux clients de prendre des d\u00e9cisions \u00e9clair\u00e9es.<\/p>\n<p>Au cours des quatre derni\u00e8res ann\u00e9es, le secteur de l\u2019informatique et l\u2019enseignement de l\u2019informatique ont connu des changements et une croissance consid\u00e9rables. De nouveaux domaines tels que la science des donn\u00e9es, l\u2019IA et la cybers\u00e9curit\u00e9 ont fait irruption sur la sc\u00e8ne \u00e9ducative, ce qui a compliqu\u00e9 le travail des conseillers d\u2019orientation dans les \u00e9coles secondaires, des parents et des futurs \u00e9tudiants qui cherchent \u00e0 comprendre les parcours d\u2019\u00e9tudes vers les carri\u00e8res en informatique.<\/p>\n<p>C\u2019est pourquoi nous travaillons actuellement \u00e0 la r\u00e9daction d\u2019une troisi\u00e8me \u00e9dition du Guide qui illustrera ces changements et en rendra compte. Le Guide pr\u00e9sente d\u00e9j\u00e0 des profils de personnes issues de milieux divers, mais nous souhaitons inclure davantage de contenu relatif \u00e0 l\u2019\u00e9quit\u00e9, la diversit\u00e9 et l\u2019inclusion (EDI) en ajoutant des t\u00e9moignages d\u00e9taill\u00e9s de professionnels autochtones, noirs et de couleur. Nous ajouterons aussi des renseignements sur les parcours d\u2019\u00e9tudes propos\u00e9s par les universit\u00e9s, les \u00e9tablissements d\u2019enseignement sup\u00e9rieur et les instituts techniques situ\u00e9s plus au Nord. Cette \u00e9dition du Guide sera de nouveau publi\u00e9e en anglais et en fran\u00e7ais. Elle devrait para\u00eetre lors du <a href=\"https:\/\/cannexus.ceric.ca\/fr\/\" target=\"_blank\" rel=\"noopener\">congr\u00e8s Cannexus<\/a> \u00e0 Ottawa en janvier\u00a02025.[\/vc_column_text][\/vc_column][\/vc_row][vc_row][vc_column width=\u00a0\u00bb1\/5&Prime;][vc_single_image image=\u00a0\u00bb70592&Prime; img_size=\u00a0\u00bbmedium\u00a0\u00bb css=\u00a0\u00bb\u00a0\u00bb][\/vc_column][vc_column width=\u00a0\u00bb4\/5&Prime;][vc_column_text css=\u00a0\u00bb\u00a0\u00bb]<div class='w3eden wpdm_package_shortcode'><div class=\"media well link-template-widget\">\n    <div class=\"media-body\">\n        <a href=\"https:\/\/ceric.ca\/fr\/wpdm-package\/disciplines-et-carrieres-en-informatique-guide-rapide-a-lintention-des-etudiants-et-des-conseillers-en-orientation-3e-edition\/?wpdmdl=70567&refresh=69e20fcd7a6cc1776422861\" style=\"display: block;clear: bottom;font-size: 11pt;font-weight: bold;\">Disciplines et carri\u00e8res en informatique : guide rapide \u00e0 l'intention des \u00e9tudiants et des conseillers en orientation - 3e \u00c9dition<\/a>\n        <div style=\"font-size: 9pt;\">\n            <i class=\"fas fa-hdd color-green\"><\/i> 26.21 MB <i class=\"fa fa-copy ml-3\"><\/i>\n            1 file(s)\n        <\/div>\n    <\/div>\n<\/div>\n\n<\/div>[\/vc_column_text][\/vc_column][\/vc_row][vc_row][vc_column width=\u00a0\u00bb1\/5&Prime;][vc_single_image image=\u00a0\u00bb68059&Prime; img_size=\u00a0\u00bbmedium\u00a0\u00bb css=\u00a0\u00bb\u00a0\u00bb][\/vc_column][vc_column width=\u00a0\u00bb4\/5&Prime;][vc_column_text css=\u00a0\u00bb\u00a0\u00bb]<div class='w3eden wpdm_package_shortcode'><div class=\"media well link-template-widget\">\n    <div class=\"media-body\">\n        <a href=\"https:\/\/ceric.ca\/wpdm-package\/computing-careers-disciplines-a-quick-guide-for-prospective-students-and-career-advisors-3rd-edition\/?wpdmdl=68060&refresh=69e20fcdb7a551776422861\" style=\"display: block;clear: bottom;font-size: 11pt;font-weight: bold;\">Computing Careers & Disciplines: A Quick Guide for Prospective Students and Career Advisors, 3rd edition<\/a>\n        <div style=\"font-size: 9pt;\">\n            <i class=\"fas fa-hdd color-green\"><\/i> 22 MB <i class=\"fa fa-copy ml-3\"><\/i>\n            1 file(s)\n        <\/div>\n    <\/div>\n<\/div>\n\n<\/div>[\/vc_column_text][\/vc_column][\/vc_row][vc_row disable_element=\u00a0\u00bbyes\u00a0\u00bb][vc_column]\r\n\t<div class=\"wprt-spacer clearfix\" data-desktop=\"40\" data-mobi=\"30\" data-smobi=\"30\"><\/div>[vc_separator color=\u00a0\u00bbcustom\u00a0\u00bb style=\u00a0\u00bbdashed\u00a0\u00bb border_width=\u00a0\u00bb2&Prime; accent_color=\u00a0\u00bb#cccccc\u00a0\u00bb]\r\n\t<div class=\"wprt-spacer clearfix\" data-desktop=\"40\" data-mobi=\"30\" data-smobi=\"30\"><\/div>[\/vc_column][\/vc_row][vc_row disable_element=\u00a0\u00bbyes\u00a0\u00bb][vc_column width=\u00a0\u00bb1\/5&Prime;][vc_single_image image=\u00a0\u00bb45423&Prime; img_size=\u00a0\u00bbmedium\u00a0\u00bb][\/vc_column][vc_column width=\u00a0\u00bb4\/5&Prime;][vc_column_text]<div class='w3eden wpdm_package_shortcode'><div class=\"media well link-template-widget\">\n    <div class=\"media-body\">\n        <a href=\"https:\/\/ceric.ca\/fr\/wpdm-package\/disciplines-et-carrieres-en-informatique-guide-rapide-a-lintention-des-etudiants-et-des-conseillers-en-orientation-2e-edition-2020-2\/?wpdmdl=50840&refresh=69e20fcdea2f01776422861\" style=\"display: block;clear: bottom;font-size: 11pt;font-weight: bold;\">Disciplines et carri\u00e8res en informatique guide rapide \u00e0 l\u2019intention des \u00e9tudiants et des conseillers en orientation (2e \u00e9dition, \u00a92020)<\/a>\n        <div style=\"font-size: 9pt;\">\n            <i class=\"fas fa-hdd color-green\"><\/i> 27.06 MB <i class=\"fa fa-copy ml-3\"><\/i>\n            1 file(s)\n        <\/div>\n    <\/div>\n<\/div>\n\n<\/div>[\/vc_column_text][\/vc_column][\/vc_row][vc_row disable_element=\u00a0\u00bbyes\u00a0\u00bb][vc_column]\r\n\t<div class=\"wprt-spacer clearfix\" data-desktop=\"40\" data-mobi=\"30\" data-smobi=\"30\"><\/div>[vc_separator color=\u00a0\u00bbcustom\u00a0\u00bb style=\u00a0\u00bbdashed\u00a0\u00bb border_width=\u00a0\u00bb2&Prime; accent_color=\u00a0\u00bb#cccccc\u00a0\u00bb]\r\n\t<div class=\"wprt-spacer clearfix\" data-desktop=\"40\" data-mobi=\"30\" data-smobi=\"30\"><\/div>[\/vc_column][\/vc_row][vc_row disable_element=\u00a0\u00bbyes\u00a0\u00bb][vc_column width=\u00a0\u00bb1\/5&Prime;][vc_single_image image=\u00a0\u00bb30867&Prime; img_size=\u00a0\u00bbmedium\u00a0\u00bb][\/vc_column][vc_column width=\u00a0\u00bb4\/5&Prime;][vc_column_text]<a href=\"https:\/\/ceric.ca\/wp-content\/uploads\/2018\/10\/Mount-Royal-University-Final-Report.pdf\">Final Report<\/a>\u00a0\u2013 Learn about the experience of the project partner in delivering the original project \u2013 that resulted in the first edition of\u00a0Computing Disciplines\u00a0\u2013 with key findings and insights.[\/vc_column_text][\/vc_column][\/vc_row]<\/p>\n<\/div>","protected":false},"excerpt":{"rendered":"<p>[vc_row disable_element=\u00a0\u00bbyes\u00a0\u00bb][vc_column][vc_message icon_fontawesome=\u00a0\u00bbfa fa-regular fa-calendar-plus\u00a0\u00bb css=\u00a0\u00bb\u00a0\u00bb] Carri\u00e8res en informatique en 2025 : le guide incontournable pour les conseillers d\u2019orientation et les \u00e9tudiants (en anglais avec sous-titres)\u00a0|<span class=\"excerpt-hellip\"> [\u2026]<\/span><\/p>\n","protected":false},"author":30,"featured_media":0,"parent":9559,"menu_order":0,"comment_status":"closed","ping_status":"closed","template":"","meta":{"h5ap_radio_sources":[],"footnotes":""},"class_list":["post-65477","page","type-page","status-publish","hentry"],"yoast_head":"<!-- This site is optimized with the Yoast SEO Premium plugin v27.3 (Yoast SEO v27.3) - https:\/\/yoast.com\/product\/yoast-seo-premium-wordpress\/ -->\n<title>Troisi\u00e8me \u00e9dition \u2013 Disciplines informatiques : guide rapide \u00e0 l\u2019intention des \u00e9tudiants et des conseillers en orientation - CERIC<\/title>\n<meta name=\"robots\" content=\"index, follow, max-snippet:-1, max-image-preview:large, max-video-preview:-1\" \/>\n<link rel=\"canonical\" href=\"https:\/\/ceric.ca\/fr\/projets\/troisieme-edition-disciplines-informatiques-guide-rapide-a-lintention-des-etudiants-et-des-conseillers-en-orientation\/\" \/>\n<meta property=\"og:locale\" content=\"fr_FR\" \/>\n<meta property=\"og:type\" content=\"article\" \/>\n<meta property=\"og:title\" content=\"Troisi\u00e8me \u00e9dition \u2013 Disciplines informatiques : guide rapide \u00e0 l\u2019intention des \u00e9tudiants et des conseillers en orientation\" \/>\n<meta property=\"og:description\" content=\"[vc_row disable_element=\u00a0\u00bbyes\u00a0\u00bb][vc_column][vc_message icon_fontawesome=\u00a0\u00bbfa fa-regular fa-calendar-plus\u00a0\u00bb css=\u00a0\u00bb\u00a0\u00bb] Carri\u00e8res en informatique en 2025 : le guide incontournable pour les conseillers d\u2019orientation et les \u00e9tudiants (en anglais avec sous-titres)\u00a0| [\u2026]\" \/>\n<meta property=\"og:url\" content=\"https:\/\/ceric.ca\/fr\/projets\/troisieme-edition-disciplines-informatiques-guide-rapide-a-lintention-des-etudiants-et-des-conseillers-en-orientation\/\" \/>\n<meta property=\"og:site_name\" content=\"CERIC\" \/>\n<meta property=\"article:modified_time\" content=\"2025-05-07T20:31:46+00:00\" \/>\n<meta name=\"twitter:card\" content=\"summary_large_image\" \/>\n<meta name=\"twitter:label1\" content=\"Dur\u00e9e de lecture estim\u00e9e\" \/>\n\t<meta name=\"twitter:data1\" content=\"4 minutes\" \/>\n<script type=\"application\/ld+json\" class=\"yoast-schema-graph\">{\"@context\":\"https:\\\/\\\/schema.org\",\"@graph\":[{\"@type\":\"WebPage\",\"@id\":\"https:\\\/\\\/ceric.ca\\\/fr\\\/projets\\\/troisieme-edition-disciplines-informatiques-guide-rapide-a-lintention-des-etudiants-et-des-conseillers-en-orientation\\\/\",\"url\":\"https:\\\/\\\/ceric.ca\\\/fr\\\/projets\\\/troisieme-edition-disciplines-informatiques-guide-rapide-a-lintention-des-etudiants-et-des-conseillers-en-orientation\\\/\",\"name\":\"Troisi\u00e8me \u00e9dition \u2013 Disciplines informatiques : guide rapide \u00e0 l\u2019intention des \u00e9tudiants et des conseillers en orientation - CERIC\",\"isPartOf\":{\"@id\":\"https:\\\/\\\/ceric.ca\\\/#website\"},\"datePublished\":\"2024-05-08T04:00:22+00:00\",\"dateModified\":\"2025-05-07T20:31:46+00:00\",\"breadcrumb\":{\"@id\":\"https:\\\/\\\/ceric.ca\\\/fr\\\/projets\\\/troisieme-edition-disciplines-informatiques-guide-rapide-a-lintention-des-etudiants-et-des-conseillers-en-orientation\\\/#breadcrumb\"},\"inLanguage\":\"fr-FR\",\"potentialAction\":[{\"@type\":\"ReadAction\",\"target\":[\"https:\\\/\\\/ceric.ca\\\/fr\\\/projets\\\/troisieme-edition-disciplines-informatiques-guide-rapide-a-lintention-des-etudiants-et-des-conseillers-en-orientation\\\/\"]}]},{\"@type\":\"BreadcrumbList\",\"@id\":\"https:\\\/\\\/ceric.ca\\\/fr\\\/projets\\\/troisieme-edition-disciplines-informatiques-guide-rapide-a-lintention-des-etudiants-et-des-conseillers-en-orientation\\\/#breadcrumb\",\"itemListElement\":[{\"@type\":\"ListItem\",\"position\":1,\"name\":\"Home\",\"item\":\"https:\\\/\\\/ceric.ca\\\/fr\\\/ceric-homepage-2025\\\/\"},{\"@type\":\"ListItem\",\"position\":2,\"name\":\"Projets\",\"item\":\"https:\\\/\\\/ceric.ca\\\/fr\\\/projets\\\/\"},{\"@type\":\"ListItem\",\"position\":3,\"name\":\"Troisi\u00e8me \u00e9dition \u2013 Disciplines informatiques : guide rapide \u00e0 l\u2019intention des \u00e9tudiants et des conseillers en orientation\"}]},{\"@type\":\"WebSite\",\"@id\":\"https:\\\/\\\/ceric.ca\\\/#website\",\"url\":\"https:\\\/\\\/ceric.ca\\\/\",\"name\":\"CERIC\",\"description\":\"\",\"publisher\":{\"@id\":\"https:\\\/\\\/ceric.ca\\\/#organization\"},\"potentialAction\":[{\"@type\":\"SearchAction\",\"target\":{\"@type\":\"EntryPoint\",\"urlTemplate\":\"https:\\\/\\\/ceric.ca\\\/?s={search_term_string}\"},\"query-input\":{\"@type\":\"PropertyValueSpecification\",\"valueRequired\":true,\"valueName\":\"search_term_string\"}}],\"inLanguage\":\"fr-FR\"},{\"@type\":\"Organization\",\"@id\":\"https:\\\/\\\/ceric.ca\\\/#organization\",\"name\":\"CERIC\",\"url\":\"https:\\\/\\\/ceric.ca\\\/\",\"logo\":{\"@type\":\"ImageObject\",\"inLanguage\":\"fr-FR\",\"@id\":\"https:\\\/\\\/ceric.ca\\\/#\\\/schema\\\/logo\\\/image\\\/\",\"url\":\"\",\"contentUrl\":\"\",\"caption\":\"CERIC\"},\"image\":{\"@id\":\"https:\\\/\\\/ceric.ca\\\/#\\\/schema\\\/logo\\\/image\\\/\"}}]}<\/script>\n<!-- \/ Yoast SEO Premium plugin. -->","yoast_head_json":{"title":"Troisi\u00e8me \u00e9dition \u2013 Disciplines informatiques : guide rapide \u00e0 l\u2019intention des \u00e9tudiants et des conseillers en orientation - CERIC","robots":{"index":"index","follow":"follow","max-snippet":"max-snippet:-1","max-image-preview":"max-image-preview:large","max-video-preview":"max-video-preview:-1"},"canonical":"https:\/\/ceric.ca\/fr\/projets\/troisieme-edition-disciplines-informatiques-guide-rapide-a-lintention-des-etudiants-et-des-conseillers-en-orientation\/","og_locale":"fr_FR","og_type":"article","og_title":"Troisi\u00e8me \u00e9dition \u2013 Disciplines informatiques : guide rapide \u00e0 l\u2019intention des \u00e9tudiants et des conseillers en orientation","og_description":"[vc_row disable_element=\u00a0\u00bbyes\u00a0\u00bb][vc_column][vc_message icon_fontawesome=\u00a0\u00bbfa fa-regular fa-calendar-plus\u00a0\u00bb css=\u00a0\u00bb\u00a0\u00bb] Carri\u00e8res en informatique en 2025 : le guide incontournable pour les conseillers d\u2019orientation et les \u00e9tudiants (en anglais avec sous-titres)\u00a0| [\u2026]","og_url":"https:\/\/ceric.ca\/fr\/projets\/troisieme-edition-disciplines-informatiques-guide-rapide-a-lintention-des-etudiants-et-des-conseillers-en-orientation\/","og_site_name":"CERIC","article_modified_time":"2025-05-07T20:31:46+00:00","twitter_card":"summary_large_image","twitter_misc":{"Dur\u00e9e de lecture estim\u00e9e":"4 minutes"},"schema":{"@context":"https:\/\/schema.org","@graph":[{"@type":"WebPage","@id":"https:\/\/ceric.ca\/fr\/projets\/troisieme-edition-disciplines-informatiques-guide-rapide-a-lintention-des-etudiants-et-des-conseillers-en-orientation\/","url":"https:\/\/ceric.ca\/fr\/projets\/troisieme-edition-disciplines-informatiques-guide-rapide-a-lintention-des-etudiants-et-des-conseillers-en-orientation\/","name":"Troisi\u00e8me \u00e9dition \u2013 Disciplines informatiques : guide rapide \u00e0 l\u2019intention des \u00e9tudiants et des conseillers en orientation - CERIC","isPartOf":{"@id":"https:\/\/ceric.ca\/#website"},"datePublished":"2024-05-08T04:00:22+00:00","dateModified":"2025-05-07T20:31:46+00:00","breadcrumb":{"@id":"https:\/\/ceric.ca\/fr\/projets\/troisieme-edition-disciplines-informatiques-guide-rapide-a-lintention-des-etudiants-et-des-conseillers-en-orientation\/#breadcrumb"},"inLanguage":"fr-FR","potentialAction":[{"@type":"ReadAction","target":["https:\/\/ceric.ca\/fr\/projets\/troisieme-edition-disciplines-informatiques-guide-rapide-a-lintention-des-etudiants-et-des-conseillers-en-orientation\/"]}]},{"@type":"BreadcrumbList","@id":"https:\/\/ceric.ca\/fr\/projets\/troisieme-edition-disciplines-informatiques-guide-rapide-a-lintention-des-etudiants-et-des-conseillers-en-orientation\/#breadcrumb","itemListElement":[{"@type":"ListItem","position":1,"name":"Home","item":"https:\/\/ceric.ca\/fr\/ceric-homepage-2025\/"},{"@type":"ListItem","position":2,"name":"Projets","item":"https:\/\/ceric.ca\/fr\/projets\/"},{"@type":"ListItem","position":3,"name":"Troisi\u00e8me \u00e9dition \u2013 Disciplines informatiques : guide rapide \u00e0 l\u2019intention des \u00e9tudiants et des conseillers en orientation"}]},{"@type":"WebSite","@id":"https:\/\/ceric.ca\/#website","url":"https:\/\/ceric.ca\/","name":"CERIC","description":"","publisher":{"@id":"https:\/\/ceric.ca\/#organization"},"potentialAction":[{"@type":"SearchAction","target":{"@type":"EntryPoint","urlTemplate":"https:\/\/ceric.ca\/?s={search_term_string}"},"query-input":{"@type":"PropertyValueSpecification","valueRequired":true,"valueName":"search_term_string"}}],"inLanguage":"fr-FR"},{"@type":"Organization","@id":"https:\/\/ceric.ca\/#organization","name":"CERIC","url":"https:\/\/ceric.ca\/","logo":{"@type":"ImageObject","inLanguage":"fr-FR","@id":"https:\/\/ceric.ca\/#\/schema\/logo\/image\/","url":"","contentUrl":"","caption":"CERIC"},"image":{"@id":"https:\/\/ceric.ca\/#\/schema\/logo\/image\/"}}]}},"_links":{"self":[{"href":"https:\/\/ceric.ca\/fr\/wp-json\/wp\/v2\/pages\/65477","targetHints":{"allow":["GET"]}}],"collection":[{"href":"https:\/\/ceric.ca\/fr\/wp-json\/wp\/v2\/pages"}],"about":[{"href":"https:\/\/ceric.ca\/fr\/wp-json\/wp\/v2\/types\/page"}],"author":[{"embeddable":true,"href":"https:\/\/ceric.ca\/fr\/wp-json\/wp\/v2\/users\/30"}],"replies":[{"embeddable":true,"href":"https:\/\/ceric.ca\/fr\/wp-json\/wp\/v2\/comments?post=65477"}],"version-history":[{"count":0,"href":"https:\/\/ceric.ca\/fr\/wp-json\/wp\/v2\/pages\/65477\/revisions"}],"up":[{"embeddable":true,"href":"https:\/\/ceric.ca\/fr\/wp-json\/wp\/v2\/pages\/9559"}],"wp:attachment":[{"href":"https:\/\/ceric.ca\/fr\/wp-json\/wp\/v2\/media?parent=65477"}],"curies":[{"name":"wp","href":"https:\/\/api.w.org\/{rel}","templated":true}]}}