{"id":66490,"date":"2024-08-15T17:06:38","date_gmt":"2024-08-15T21:06:38","guid":{"rendered":"https:\/\/ceric.ca\/?page_id=66490"},"modified":"2024-12-16T15:58:19","modified_gmt":"2024-12-16T20:58:19","slug":"seances-cannexus-a-la-demande","status":"publish","type":"page","link":"https:\/\/ceric.ca\/fr\/evenements-formation\/seances-cannexus-a-la-demande\/","title":{"rendered":"S\u00e9ances Cannexus \u00e0 la demande"},"content":{"rendered":"<div class=\"wpb-content-wrapper\"><p>[vc_row][vc_column width=\u00a0\u00bb3\/4&Prime;][vc_row_inner][vc_column_inner][vc_column_text css=\u00a0\u00bb\u00a0\u00bb]Le CERIC est fier d\u2019annoncer un partenariat exclusif avec l\u2019Ordre des Conseillers et Conseill\u00e8res du Qu\u00e9bec (<a title=\"https:\/\/www.orientation.qc.ca\/?utm_source=CERIC+Subscriptions&amp;utm_campaign=c10730db11-Learning24+-+Webinar+Fall+Announcement+%5BFR%5D&amp;utm_medium=email&amp;utm_term=0_-fa4c53082e-%5BLIST_EMAIL_ID%5D&amp;mc_cid=c10730db11&amp;mc_eid=UNIQID\" href=\"https:\/\/www.orientation.qc.ca\/?utm_source=CERIC+Subscriptions&amp;utm_campaign=c10730db11-Learning24+-+Webinar+Fall+Announcement+%5BFR%5D&amp;utm_medium=email&amp;utm_term=0_-fa4c53082e-%5BLIST_EMAIL_ID%5D&amp;mc_cid=c10730db11&amp;mc_eid=UNIQID\" target=\"_blank\" rel=\"noopener\" data-outlook-id=\"a7d897eb-bb2c-4ce3-8e4a-8e9c26c41141\">OCCOQ<\/a>), permettant de rendre disponibles \u00e0 l\u2019achat une s\u00e9lection de s\u00e9ances en fran\u00e7ais des plus populaires pr\u00e9sent\u00e9es au <a title=\"https:\/\/cannexus.ceric.ca\/fr\/?utm_source=CERIC+Subscriptions&amp;utm_campaign=c10730db11-Learning24+-+Webinar+Fall+Announcement+%5BFR%5D&amp;utm_medium=email&amp;utm_term=0_-fa4c53082e-%5BLIST_EMAIL_ID%5D&amp;mc_cid=c10730db11&amp;mc_eid=UNIQID\" href=\"https:\/\/cannexus.ceric.ca\/fr\/?utm_source=CERIC+Subscriptions&amp;utm_campaign=c10730db11-Learning24+-+Webinar+Fall+Announcement+%5BFR%5D&amp;utm_medium=email&amp;utm_term=0_-fa4c53082e-%5BLIST_EMAIL_ID%5D&amp;mc_cid=c10730db11&amp;mc_eid=UNIQID\" target=\"_blank\" rel=\"noopener\" data-outlook-id=\"56c95c8d-3ce4-48e7-b823-f1ad10218ed2\">congr\u00e8s national Cannexus24<\/a>. Les vid\u00e9os \u00e0 la demande sont disponibles pour tous les professionnels de la carri\u00e8re, o\u00f9 que vous soyez au Canada.[\/vc_column_text][vc_message message_box_style=\u00a0\u00bboutline\u00a0\u00bb message_box_color=\u00a0\u00bbalert-success\u00a0\u00bb css=\u00a0\u00bb\u00a0\u00bb]Les enregistrements vid\u00e9o sont disponibles sur la plateforme espace comp\u00e9tence de l\u2019OCCOQ et sont accessibles\u00a0<strong>\u00e0 tous les professionnels de la carri\u00e8re <\/strong>sans obligation d\u2019\u00eatre membre de l\u2019Ordre pour acc\u00e9der aux vid\u00e9os.<\/p>\n<p>Les enregistrements vid\u00e9os sont automatiquement reconnus comme heures de d\u00e9veloppement professionnel par l\u2019Ordre.\u00a0[\/vc_message][\/vc_column_inner][\/vc_row_inner][\/vc_column][vc_column width=\u00a0\u00bb1\/4&Prime;][vc_btn title=\u00a0\u00bbInscrivez-vous ici pour vous tenir inform\u00e9s de nos opportunit\u00e9s d&rsquo;apprentissage!\u00a0\u00bb style=\u00a0\u00bb3d\u00a0\u00bb color=\u00a0\u00bbpurple\u00a0\u00bb size=\u00a0\u00bblg\u00a0\u00bb align=\u00a0\u00bbcenter\u00a0\u00bb i_icon_fontawesome=\u00a0\u00bbfar fa-envelope\u00a0\u00bb css=\u00a0\u00bb\u00a0\u00bb button_block=\u00a0\u00bbtrue\u00a0\u00bb add_icon=\u00a0\u00bbtrue\u00a0\u00bb link=\u00a0\u00bburl:https%3A%2F%2Fwww.tfaforms.com%2F4736209|target:_blank\u00a0\u00bb][\/vc_column][\/vc_row][vc_row][vc_column width=\u00a0\u00bb3\/4&Prime;][vc_row_inner][vc_column_inner]<div class=\"wprt-headings clearfix text-center\"  style=\"\"><h2 class=\"heading clearfix\" style=\"\">\r\n\t\tS\u00e9ances de Cannexus24 \u00e0 la demande\r\n\t<\/h2><\/div>[vc_message message_box_color=\u00a0\u00bbpurple\u00a0\u00bb icon_fontawesome=\u00a0\u00bbfas fa-calendar-alt\u00a0\u00bb css=\u00a0\u00bb\u00a0\u00bb]<strong><span class=\"s1\"><a href=\"https:\/\/ceric.ca\/fr\/2024\/08\/pratiques-informationnelles-sur-lemploi-de-jeunes-adultes-precaires-avenues-pour-lintervention\/\"><span class=\"s2\">Pratiques informationnelles sur l\u2019emploi de jeunes adultes pr\u00e9caires : avenues pour l\u2019intervention<\/span><\/a><\/span><\/strong><span class=\"s3\"><strong>\u00a0<\/strong>\u2013 Eddy Supeno et Julie Chabot<\/span>[\/vc_message][vc_message message_box_color=\u00a0\u00bbpurple\u00a0\u00bb icon_fontawesome=\u00a0\u00bbfas fa-calendar-alt\u00a0\u00bb css=\u00a0\u00bb\u00a0\u00bb]<span class=\"s1\"><a href=\"https:\/\/ceric.ca\/fr\/2024\/08\/introduction-au-counseling-organisationnel-en-gestion-et-developpement-de-carriere\/\"><span class=\"s2\"><strong>Introduction au counseling organisationnel en gestion et d\u00e9veloppement de carri\u00e8re<\/strong><\/span><\/a><\/span><span class=\"s3\">\u00a0\u2013 Nicole Yergeau<\/span>[\/vc_message][vc_message message_box_color=\u00a0\u00bbpurple\u00a0\u00bb icon_fontawesome=\u00a0\u00bbfas fa-calendar-alt\u00a0\u00bb css=\u00a0\u00bb\u00a0\u00bb]<span class=\"s1\"><a href=\"https:\/\/ceric.ca\/fr\/2024\/08\/depression-inactivite-sociale-et-employabilite-chez-les-jeunes-adultes\/\"><span class=\"s2\"><strong>D\u00e9pression, inactivit\u00e9 sociale et employabilit\u00e9 chez les jeunes adultes<\/strong><\/span><\/a><\/span><span class=\"s3\">\u00a0\u2013 \u00c9lizabeth Gailloux<\/span>[\/vc_message][vc_message message_box_color=\u00a0\u00bbpurple\u00a0\u00bb icon_fontawesome=\u00a0\u00bbfas fa-calendar-alt\u00a0\u00bb css=\u00a0\u00bb\u00a0\u00bb]<strong><span class=\"s1\"><a href=\"https:\/\/ceric.ca\/fr\/2024\/08\/strategie-dintervention-en-orientation-la-zootherapie\/\"><span class=\"s2\">Strat\u00e9gie d\u2019intervention en orientation : La zooth\u00e9rapie<\/span><\/a><\/span><\/strong><span class=\"s3\">\u00a0\u2013 V\u00e9ronique Dion<\/span>[\/vc_message][vc_message message_box_color=\u00a0\u00bbpurple\u00a0\u00bb icon_fontawesome=\u00a0\u00bbfas fa-calendar-alt\u00a0\u00bb css=\u00a0\u00bb\u00a0\u00bb]<strong><span class=\"s1\"><a href=\"https:\/\/ceric.ca\/fr\/2024\/08\/transformations-numeriques-des-usages-en-developpement-de-carriere\/\"><span class=\"s2\">Transformations num\u00e9riques des usages en d\u00e9veloppement de carri\u00e8re<\/span><\/a><\/span><\/strong><span class=\"s3\"><strong>\u00a0<\/strong>\u2013 Annie Gourde et Michel Turcotte<\/span>[\/vc_message][vc_message message_box_color=\u00a0\u00bbpurple\u00a0\u00bb icon_fontawesome=\u00a0\u00bbfas fa-calendar-alt\u00a0\u00bb css=\u00a0\u00bb\u00a0\u00bb]<strong><span class=\"s1\"><a href=\"https:\/\/ceric.ca\/fr\/2024\/08\/strategies-dintervention-qui-facilitent-lintervention-en-orientation-aupres-de-jeunes-autistes\/\"><span class=\"s2\">Strat\u00e9gies d\u2019intervention qui facilitent l\u2019intervention en orientation aupr\u00e8s de jeunes autistes<\/span><\/a><\/span><\/strong><span class=\"s3\">\u00a0\u2013 \u00c9milie Robert<\/span>[\/vc_message][vc_message message_box_color=\u00a0\u00bbwarning\u00a0\u00bb css=\u00a0\u00bb\u00a0\u00bb]Nous annon\u00e7ons r\u00e9guli\u00e8rement de nouveaux webinaires. <a href=\"https:\/\/www.tfaforms.com\/4736209\">Inscrivez-vous ici pour vous tenir inform\u00e9s des opportunit\u00e9s d&rsquo;apprentissage.<\/a>[\/vc_message][\/vc_column_inner][\/vc_row_inner][\/vc_column][vc_column width=\u00a0\u00bb1\/4&Prime; css=\u00a0\u00bb.vc_custom_1723750368447{border-radius: 2px !important;}\u00a0\u00bb]<div class=\"wprt-content-box clearfix \" data-margin=\"\" data-mobimargin=\"\">\r\n\t\t<div class=\"inner\" style=\"padding:20px;border-radius:6px;border-style:solid;border-width:1px 1px 1px 1px;border-color:#9e9e9e;\">\r\n\t\t\t<p>[vc_column_text css=\u00a0\u00bb\u00a0\u00bb]Si vous avez des questions concernant nos initiatives d&rsquo;apprentissage, veuillez nous contacter \u00e0 <a href=\"mailto:apprentissage@ceric.ca\">apprentissage@ceric.ca<\/a>.[\/vc_column_text]<\/p>\n\r\n\t\t<\/div>\r\n\t<\/div>[\/vc_column][\/vc_row][vc_row][vc_column width=\u00a0\u00bb3\/4&Prime;]<div class=\"wprt-headings clearfix text-center\"  style=\"\"><h2 class=\"heading clearfix\" style=\"\">\r\n\t\tApprenez-en plus sur notre congr\u00e8s national Cannexus!\r\n\t<\/h2><\/div>[vc_single_image image=\u00a0\u00bb66034&Prime; img_size=\u00a0\u00bblarge\u00a0\u00bb alignment=\u00a0\u00bbcenter\u00a0\u00bb onclick=\u00a0\u00bbcustom_link\u00a0\u00bb img_link_target=\u00a0\u00bb_blank\u00a0\u00bb css=\u00a0\u00bb\u00a0\u00bb link=\u00a0\u00bbhttps:\/\/cannexus.ceric.ca\/fr\/\u00a0\u00bb][\/vc_column][\/vc_row][vc_row][vc_column width=\u00a0\u00bb3\/4&Prime;][vc_column_text css=\u00a0\u00bb\u00a0\u00bb]<\/p>\n<h5 style=\"text-align: left;\"><strong>Vous souhaitez participer \u00e0 l&rsquo;un de nos prochains webinaires en direct ou visionner l&rsquo;un de nos webinaires \u00e0 la demande? <\/strong><\/h5>\n<p style=\"text-align: left;\">D\u00e9couvrez notre s\u00e9lection d&rsquo;\u00e9v\u00e9nements d&rsquo;apprentissage et de webinaires \u00e0 venir pour enrichir vos connaissances et comp\u00e9tences ou parcourez notre s\u00e9lection de webinaires enregistr\u00e9s disponibles \u00e0 la demande<\/p>\n<p>[\/vc_column_text][vc_btn title=\u00a0\u00bb<b>Webinaires du CERIC<\/b>\u00a0\u00bb color=\u00a0\u00bbwarning\u00a0\u00bb size=\u00a0\u00bblg\u00a0\u00bb align=\u00a0\u00bbcenter\u00a0\u00bb css=\u00a0\u00bb\u00a0\u00bb link=\u00a0\u00bburl:https%3A%2F%2Fceric.ca%2Ffr%2Fevenements-formation%2Fwebinaires%2F|target:_blank\u00a0\u00bb][\/vc_column][\/vc_row]<\/p>\n<\/div>","protected":false},"excerpt":{"rendered":"<p>[vc_row][vc_column width=\u00a0\u00bb3\/4&Prime;][vc_row_inner][vc_column_inner][vc_column_text css=\u00a0\u00bb\u00a0\u00bb]Le CERIC est fier d\u2019annoncer un partenariat exclusif avec l\u2019Ordre des Conseillers et Conseill\u00e8res du Qu\u00e9bec (OCCOQ), permettant de rendre disponibles \u00e0 l\u2019achat une<span class=\"excerpt-hellip\"> [\u2026]<\/span><\/p>\n","protected":false},"author":34,"featured_media":0,"parent":8222,"menu_order":0,"comment_status":"closed","ping_status":"closed","template":"","meta":{"h5ap_radio_sources":[],"footnotes":""},"class_list":["post-66490","page","type-page","status-publish","hentry"],"yoast_head":"<!-- This site is optimized with the Yoast SEO Premium plugin v27.4 (Yoast SEO v27.4) - https:\/\/yoast.com\/product\/yoast-seo-premium-wordpress\/ -->\n<title>S\u00e9ances Cannexus \u00e0 la demande - CERIC<\/title>\n<meta name=\"robots\" content=\"index, follow, max-snippet:-1, max-image-preview:large, max-video-preview:-1\" \/>\n<link rel=\"canonical\" href=\"https:\/\/ceric.ca\/fr\/evenements-formation\/seances-cannexus-a-la-demande\/\" \/>\n<meta property=\"og:locale\" content=\"fr_FR\" \/>\n<meta property=\"og:type\" content=\"article\" \/>\n<meta property=\"og:title\" content=\"S\u00e9ances Cannexus \u00e0 la demande\" \/>\n<meta property=\"og:description\" content=\"[vc_row][vc_column width=\u00a0\u00bb3\/4&Prime;][vc_row_inner][vc_column_inner][vc_column_text css=\u00a0\u00bb\u00a0\u00bb]Le CERIC est fier d\u2019annoncer un partenariat exclusif avec l\u2019Ordre des Conseillers et Conseill\u00e8res du Qu\u00e9bec (OCCOQ), permettant de rendre disponibles \u00e0 l\u2019achat une [\u2026]\" \/>\n<meta property=\"og:url\" content=\"https:\/\/ceric.ca\/fr\/evenements-formation\/seances-cannexus-a-la-demande\/\" \/>\n<meta property=\"og:site_name\" content=\"CERIC\" \/>\n<meta property=\"article:modified_time\" content=\"2024-12-16T20:58:19+00:00\" \/>\n<meta name=\"twitter:card\" content=\"summary_large_image\" \/>\n<meta name=\"twitter:label1\" content=\"Dur\u00e9e de lecture estim\u00e9e\" \/>\n\t<meta name=\"twitter:data1\" content=\"2 minutes\" \/>\n<script type=\"application\/ld+json\" class=\"yoast-schema-graph\">{\"@context\":\"https:\\\/\\\/schema.org\",\"@graph\":[{\"@type\":\"WebPage\",\"@id\":\"https:\\\/\\\/ceric.ca\\\/fr\\\/evenements-formation\\\/seances-cannexus-a-la-demande\\\/\",\"url\":\"https:\\\/\\\/ceric.ca\\\/fr\\\/evenements-formation\\\/seances-cannexus-a-la-demande\\\/\",\"name\":\"S\u00e9ances Cannexus \u00e0 la demande - CERIC\",\"isPartOf\":{\"@id\":\"https:\\\/\\\/ceric.ca\\\/#website\"},\"datePublished\":\"2024-08-15T21:06:38+00:00\",\"dateModified\":\"2024-12-16T20:58:19+00:00\",\"breadcrumb\":{\"@id\":\"https:\\\/\\\/ceric.ca\\\/fr\\\/evenements-formation\\\/seances-cannexus-a-la-demande\\\/#breadcrumb\"},\"inLanguage\":\"fr-FR\",\"potentialAction\":[{\"@type\":\"ReadAction\",\"target\":[\"https:\\\/\\\/ceric.ca\\\/fr\\\/evenements-formation\\\/seances-cannexus-a-la-demande\\\/\"]}]},{\"@type\":\"BreadcrumbList\",\"@id\":\"https:\\\/\\\/ceric.ca\\\/fr\\\/evenements-formation\\\/seances-cannexus-a-la-demande\\\/#breadcrumb\",\"itemListElement\":[{\"@type\":\"ListItem\",\"position\":1,\"name\":\"Home\",\"item\":\"https:\\\/\\\/ceric.ca\\\/fr\\\/ceric-homepage-2025\\\/\"},{\"@type\":\"ListItem\",\"position\":2,\"name\":\"\u00c9v\u00e9nements &#038; Formation\",\"item\":\"https:\\\/\\\/ceric.ca\\\/fr\\\/evenements-formation\\\/\"},{\"@type\":\"ListItem\",\"position\":3,\"name\":\"S\u00e9ances Cannexus \u00e0 la demande\"}]},{\"@type\":\"WebSite\",\"@id\":\"https:\\\/\\\/ceric.ca\\\/#website\",\"url\":\"https:\\\/\\\/ceric.ca\\\/\",\"name\":\"CERIC\",\"description\":\"\",\"publisher\":{\"@id\":\"https:\\\/\\\/ceric.ca\\\/#organization\"},\"potentialAction\":[{\"@type\":\"SearchAction\",\"target\":{\"@type\":\"EntryPoint\",\"urlTemplate\":\"https:\\\/\\\/ceric.ca\\\/?s={search_term_string}\"},\"query-input\":{\"@type\":\"PropertyValueSpecification\",\"valueRequired\":true,\"valueName\":\"search_term_string\"}}],\"inLanguage\":\"fr-FR\"},{\"@type\":\"Organization\",\"@id\":\"https:\\\/\\\/ceric.ca\\\/#organization\",\"name\":\"CERIC\",\"url\":\"https:\\\/\\\/ceric.ca\\\/\",\"logo\":{\"@type\":\"ImageObject\",\"inLanguage\":\"fr-FR\",\"@id\":\"https:\\\/\\\/ceric.ca\\\/#\\\/schema\\\/logo\\\/image\\\/\",\"url\":\"\",\"contentUrl\":\"\",\"caption\":\"CERIC\"},\"image\":{\"@id\":\"https:\\\/\\\/ceric.ca\\\/#\\\/schema\\\/logo\\\/image\\\/\"}}]}<\/script>\n<!-- \/ Yoast SEO Premium plugin. -->","yoast_head_json":{"title":"S\u00e9ances Cannexus \u00e0 la demande - CERIC","robots":{"index":"index","follow":"follow","max-snippet":"max-snippet:-1","max-image-preview":"max-image-preview:large","max-video-preview":"max-video-preview:-1"},"canonical":"https:\/\/ceric.ca\/fr\/evenements-formation\/seances-cannexus-a-la-demande\/","og_locale":"fr_FR","og_type":"article","og_title":"S\u00e9ances Cannexus \u00e0 la demande","og_description":"[vc_row][vc_column width=\u00a0\u00bb3\/4&Prime;][vc_row_inner][vc_column_inner][vc_column_text css=\u00a0\u00bb\u00a0\u00bb]Le CERIC est fier d\u2019annoncer un partenariat exclusif avec l\u2019Ordre des Conseillers et Conseill\u00e8res du Qu\u00e9bec (OCCOQ), permettant de rendre disponibles \u00e0 l\u2019achat une [\u2026]","og_url":"https:\/\/ceric.ca\/fr\/evenements-formation\/seances-cannexus-a-la-demande\/","og_site_name":"CERIC","article_modified_time":"2024-12-16T20:58:19+00:00","twitter_card":"summary_large_image","twitter_misc":{"Dur\u00e9e de lecture estim\u00e9e":"2 minutes"},"schema":{"@context":"https:\/\/schema.org","@graph":[{"@type":"WebPage","@id":"https:\/\/ceric.ca\/fr\/evenements-formation\/seances-cannexus-a-la-demande\/","url":"https:\/\/ceric.ca\/fr\/evenements-formation\/seances-cannexus-a-la-demande\/","name":"S\u00e9ances Cannexus \u00e0 la demande - CERIC","isPartOf":{"@id":"https:\/\/ceric.ca\/#website"},"datePublished":"2024-08-15T21:06:38+00:00","dateModified":"2024-12-16T20:58:19+00:00","breadcrumb":{"@id":"https:\/\/ceric.ca\/fr\/evenements-formation\/seances-cannexus-a-la-demande\/#breadcrumb"},"inLanguage":"fr-FR","potentialAction":[{"@type":"ReadAction","target":["https:\/\/ceric.ca\/fr\/evenements-formation\/seances-cannexus-a-la-demande\/"]}]},{"@type":"BreadcrumbList","@id":"https:\/\/ceric.ca\/fr\/evenements-formation\/seances-cannexus-a-la-demande\/#breadcrumb","itemListElement":[{"@type":"ListItem","position":1,"name":"Home","item":"https:\/\/ceric.ca\/fr\/ceric-homepage-2025\/"},{"@type":"ListItem","position":2,"name":"\u00c9v\u00e9nements &#038; Formation","item":"https:\/\/ceric.ca\/fr\/evenements-formation\/"},{"@type":"ListItem","position":3,"name":"S\u00e9ances Cannexus \u00e0 la demande"}]},{"@type":"WebSite","@id":"https:\/\/ceric.ca\/#website","url":"https:\/\/ceric.ca\/","name":"CERIC","description":"","publisher":{"@id":"https:\/\/ceric.ca\/#organization"},"potentialAction":[{"@type":"SearchAction","target":{"@type":"EntryPoint","urlTemplate":"https:\/\/ceric.ca\/?s={search_term_string}"},"query-input":{"@type":"PropertyValueSpecification","valueRequired":true,"valueName":"search_term_string"}}],"inLanguage":"fr-FR"},{"@type":"Organization","@id":"https:\/\/ceric.ca\/#organization","name":"CERIC","url":"https:\/\/ceric.ca\/","logo":{"@type":"ImageObject","inLanguage":"fr-FR","@id":"https:\/\/ceric.ca\/#\/schema\/logo\/image\/","url":"","contentUrl":"","caption":"CERIC"},"image":{"@id":"https:\/\/ceric.ca\/#\/schema\/logo\/image\/"}}]}},"_links":{"self":[{"href":"https:\/\/ceric.ca\/fr\/wp-json\/wp\/v2\/pages\/66490","targetHints":{"allow":["GET"]}}],"collection":[{"href":"https:\/\/ceric.ca\/fr\/wp-json\/wp\/v2\/pages"}],"about":[{"href":"https:\/\/ceric.ca\/fr\/wp-json\/wp\/v2\/types\/page"}],"author":[{"embeddable":true,"href":"https:\/\/ceric.ca\/fr\/wp-json\/wp\/v2\/users\/34"}],"replies":[{"embeddable":true,"href":"https:\/\/ceric.ca\/fr\/wp-json\/wp\/v2\/comments?post=66490"}],"version-history":[{"count":0,"href":"https:\/\/ceric.ca\/fr\/wp-json\/wp\/v2\/pages\/66490\/revisions"}],"up":[{"embeddable":true,"href":"https:\/\/ceric.ca\/fr\/wp-json\/wp\/v2\/pages\/8222"}],"wp:attachment":[{"href":"https:\/\/ceric.ca\/fr\/wp-json\/wp\/v2\/media?parent=66490"}],"curies":[{"name":"wp","href":"https:\/\/api.w.org\/{rel}","templated":true}]}}