{"id":6814,"date":"2014-05-26T16:05:31","date_gmt":"2014-05-26T16:05:31","guid":{"rendered":"http:\/\/ceric.org\/?page_id=6814"},"modified":"2014-05-26T16:05:31","modified_gmt":"2014-05-26T16:05:31","slug":"comprendre-le-developpement-de-carriere-des-jeunes-enfants-comme-processus-de-developpementrelationnel-engagement-des-parents","status":"publish","type":"page","link":"https:\/\/ceric.ca\/fr\/comprendre-le-developpement-de-carriere-des-jeunes-enfants-comme-processus-de-developpementrelationnel-engagement-des-parents\/","title":{"rendered":"Comprendre le d\u00e9veloppement de carri\u00e8re des jeunes enfants comme processus de d\u00e9veloppement\/relationnel : engagement des parents"},"content":{"rendered":"<p><span style=\"color: #000000;\"><img decoding=\"async\" class=\"alignleft size-full wp-image-6812\" src=\"http:\/\/ceric.org\/wp-content\/uploads\/2014\/05\/mun-logo.png\" alt=\"mun-logo\" width=\"231\" height=\"132\" srcset=\"https:\/\/ceric.ca\/wp-content\/uploads\/2014\/05\/mun-logo.png 231w, https:\/\/ceric.ca\/wp-content\/uploads\/2014\/05\/mun-logo-156x89.png 156w\" sizes=\"(max-width:767px) 231px, 231px\" \/>Cette \u00e9tude examinera le processus et la nature du d\u00e9veloppement de carri\u00e8re chez les jeunes enfants. La recherche visera \u00e0 combler d\u2019importantes lacunes dans les applications th\u00e9oriques et pratiques du d\u00e9veloppement de carri\u00e8re pour les jeunes enfants, les parents, les enseignants et la collectivit\u00e9. Nous savons que les parents et les enseignants ont une grande influence sur le d\u00e9veloppement de carri\u00e8re et p\u00e9dagogique des enfants, mais la nature m\u00eame de cette influence a fait l\u2019objet de tr\u00e8s peu d\u2019\u00e9tudes. Ce projet tentera d\u2019engager les parents et les enseignants et de leur donner les moyens pour \u00eatre plus sensibles \u00e0 la question du d\u00e9veloppement de carri\u00e8re des jeunes enfants et s\u2019efforcera de les soutenir par des strat\u00e9gies de d\u00e9veloppement de carri\u00e8re dynamiques fond\u00e9es sur l\u2019interaction. Sur une p\u00e9riode de trois ans, nous emploierons plusieurs m\u00e9thodologies pour \u00e9toffer nos connaissances sur le d\u00e9veloppement de carri\u00e8re des enfants. Des m\u00e9thodologies de recherche quantitative et qualitative compl\u00e9mentaires permettront de bien comprendre le d\u00e9veloppement de carri\u00e8re des jeunes enfants ainsi que les facteurs qui l\u2019influencent. Des crit\u00e8res de d\u00e9veloppement de carri\u00e8re \u00e9tablis \u00e0 partir de cette \u00e9tude longitudinale serviront \u00e0 informer et \u00e0 orienter les parents et les pratiques d\u2019enseignement.<\/span><\/p>\n","protected":false},"excerpt":{"rendered":"<p>Cette \u00e9tude examinera le processus et la nature du d\u00e9veloppement de carri\u00e8re chez les jeunes enfants. La recherche visera \u00e0 combler d\u2019importantes lacunes dans les applications<span class=\"excerpt-hellip\"> [\u2026]<\/span><\/p>\n","protected":false},"author":1,"featured_media":0,"parent":0,"menu_order":0,"comment_status":"open","ping_status":"open","template":"","meta":{"h5ap_radio_sources":[],"footnotes":""},"class_list":["post-6814","page","type-page","status-publish","hentry"],"yoast_head":"<!-- This site is optimized with the Yoast SEO Premium plugin v27.3 (Yoast SEO v27.3) - https:\/\/yoast.com\/product\/yoast-seo-premium-wordpress\/ -->\n<title>Comprendre le d\u00e9veloppement de carri\u00e8re des jeunes enfants comme processus de d\u00e9veloppement\/relationnel : engagement des parents - CERIC<\/title>\n<meta name=\"robots\" content=\"index, follow, max-snippet:-1, max-image-preview:large, max-video-preview:-1\" \/>\n<link rel=\"canonical\" href=\"https:\/\/ceric.ca\/fr\/comprendre-le-developpement-de-carriere-des-jeunes-enfants-comme-processus-de-developpementrelationnel-engagement-des-parents\/\" \/>\n<meta property=\"og:locale\" content=\"fr_FR\" \/>\n<meta property=\"og:type\" content=\"article\" \/>\n<meta property=\"og:title\" content=\"Comprendre le d\u00e9veloppement de carri\u00e8re des jeunes enfants comme processus de d\u00e9veloppement\/relationnel : engagement des parents\" \/>\n<meta property=\"og:description\" content=\"Cette \u00e9tude examinera le processus et la nature du d\u00e9veloppement de carri\u00e8re chez les jeunes enfants. La recherche visera \u00e0 combler d\u2019importantes lacunes dans les applications [\u2026]\" \/>\n<meta property=\"og:url\" content=\"https:\/\/ceric.ca\/fr\/comprendre-le-developpement-de-carriere-des-jeunes-enfants-comme-processus-de-developpementrelationnel-engagement-des-parents\/\" \/>\n<meta property=\"og:site_name\" content=\"CERIC\" \/>\n<meta property=\"og:image\" content=\"http:\/\/ceric.org\/wp-content\/uploads\/2014\/05\/mun-logo.png\" \/>\n<meta name=\"twitter:card\" content=\"summary_large_image\" \/>\n<meta name=\"twitter:label1\" content=\"Dur\u00e9e de lecture estim\u00e9e\" \/>\n\t<meta name=\"twitter:data1\" content=\"1 minute\" \/>\n<script type=\"application\/ld+json\" class=\"yoast-schema-graph\">{\"@context\":\"https:\\\/\\\/schema.org\",\"@graph\":[{\"@type\":\"WebPage\",\"@id\":\"https:\\\/\\\/ceric.ca\\\/fr\\\/comprendre-le-developpement-de-carriere-des-jeunes-enfants-comme-processus-de-developpementrelationnel-engagement-des-parents\\\/\",\"url\":\"https:\\\/\\\/ceric.ca\\\/fr\\\/comprendre-le-developpement-de-carriere-des-jeunes-enfants-comme-processus-de-developpementrelationnel-engagement-des-parents\\\/\",\"name\":\"Comprendre le d\u00e9veloppement de carri\u00e8re des jeunes enfants comme processus de d\u00e9veloppement\\\/relationnel : engagement des parents - CERIC\",\"isPartOf\":{\"@id\":\"https:\\\/\\\/ceric.ca\\\/#website\"},\"primaryImageOfPage\":{\"@id\":\"https:\\\/\\\/ceric.ca\\\/fr\\\/comprendre-le-developpement-de-carriere-des-jeunes-enfants-comme-processus-de-developpementrelationnel-engagement-des-parents\\\/#primaryimage\"},\"image\":{\"@id\":\"https:\\\/\\\/ceric.ca\\\/fr\\\/comprendre-le-developpement-de-carriere-des-jeunes-enfants-comme-processus-de-developpementrelationnel-engagement-des-parents\\\/#primaryimage\"},\"thumbnailUrl\":\"http:\\\/\\\/ceric.org\\\/wp-content\\\/uploads\\\/2014\\\/05\\\/mun-logo.png\",\"datePublished\":\"2014-05-26T16:05:31+00:00\",\"breadcrumb\":{\"@id\":\"https:\\\/\\\/ceric.ca\\\/fr\\\/comprendre-le-developpement-de-carriere-des-jeunes-enfants-comme-processus-de-developpementrelationnel-engagement-des-parents\\\/#breadcrumb\"},\"inLanguage\":\"fr-FR\",\"potentialAction\":[{\"@type\":\"ReadAction\",\"target\":[\"https:\\\/\\\/ceric.ca\\\/fr\\\/comprendre-le-developpement-de-carriere-des-jeunes-enfants-comme-processus-de-developpementrelationnel-engagement-des-parents\\\/\"]}]},{\"@type\":\"ImageObject\",\"inLanguage\":\"fr-FR\",\"@id\":\"https:\\\/\\\/ceric.ca\\\/fr\\\/comprendre-le-developpement-de-carriere-des-jeunes-enfants-comme-processus-de-developpementrelationnel-engagement-des-parents\\\/#primaryimage\",\"url\":\"http:\\\/\\\/ceric.org\\\/wp-content\\\/uploads\\\/2014\\\/05\\\/mun-logo.png\",\"contentUrl\":\"http:\\\/\\\/ceric.org\\\/wp-content\\\/uploads\\\/2014\\\/05\\\/mun-logo.png\"},{\"@type\":\"BreadcrumbList\",\"@id\":\"https:\\\/\\\/ceric.ca\\\/fr\\\/comprendre-le-developpement-de-carriere-des-jeunes-enfants-comme-processus-de-developpementrelationnel-engagement-des-parents\\\/#breadcrumb\",\"itemListElement\":[{\"@type\":\"ListItem\",\"position\":1,\"name\":\"Home\",\"item\":\"https:\\\/\\\/ceric.ca\\\/fr\\\/ceric-homepage-2025\\\/\"},{\"@type\":\"ListItem\",\"position\":2,\"name\":\"Comprendre le d\u00e9veloppement de carri\u00e8re des jeunes enfants comme processus de d\u00e9veloppement\\\/relationnel : engagement des parents\"}]},{\"@type\":\"WebSite\",\"@id\":\"https:\\\/\\\/ceric.ca\\\/#website\",\"url\":\"https:\\\/\\\/ceric.ca\\\/\",\"name\":\"CERIC\",\"description\":\"\",\"publisher\":{\"@id\":\"https:\\\/\\\/ceric.ca\\\/#organization\"},\"potentialAction\":[{\"@type\":\"SearchAction\",\"target\":{\"@type\":\"EntryPoint\",\"urlTemplate\":\"https:\\\/\\\/ceric.ca\\\/?s={search_term_string}\"},\"query-input\":{\"@type\":\"PropertyValueSpecification\",\"valueRequired\":true,\"valueName\":\"search_term_string\"}}],\"inLanguage\":\"fr-FR\"},{\"@type\":\"Organization\",\"@id\":\"https:\\\/\\\/ceric.ca\\\/#organization\",\"name\":\"CERIC\",\"url\":\"https:\\\/\\\/ceric.ca\\\/\",\"logo\":{\"@type\":\"ImageObject\",\"inLanguage\":\"fr-FR\",\"@id\":\"https:\\\/\\\/ceric.ca\\\/#\\\/schema\\\/logo\\\/image\\\/\",\"url\":\"\",\"contentUrl\":\"\",\"caption\":\"CERIC\"},\"image\":{\"@id\":\"https:\\\/\\\/ceric.ca\\\/#\\\/schema\\\/logo\\\/image\\\/\"}}]}<\/script>\n<!-- \/ Yoast SEO Premium plugin. -->","yoast_head_json":{"title":"Comprendre le d\u00e9veloppement de carri\u00e8re des jeunes enfants comme processus de d\u00e9veloppement\/relationnel : engagement des parents - CERIC","robots":{"index":"index","follow":"follow","max-snippet":"max-snippet:-1","max-image-preview":"max-image-preview:large","max-video-preview":"max-video-preview:-1"},"canonical":"https:\/\/ceric.ca\/fr\/comprendre-le-developpement-de-carriere-des-jeunes-enfants-comme-processus-de-developpementrelationnel-engagement-des-parents\/","og_locale":"fr_FR","og_type":"article","og_title":"Comprendre le d\u00e9veloppement de carri\u00e8re des jeunes enfants comme processus de d\u00e9veloppement\/relationnel : engagement des parents","og_description":"Cette \u00e9tude examinera le processus et la nature du d\u00e9veloppement de carri\u00e8re chez les jeunes enfants. La recherche visera \u00e0 combler d\u2019importantes lacunes dans les applications [\u2026]","og_url":"https:\/\/ceric.ca\/fr\/comprendre-le-developpement-de-carriere-des-jeunes-enfants-comme-processus-de-developpementrelationnel-engagement-des-parents\/","og_site_name":"CERIC","og_image":[{"url":"http:\/\/ceric.org\/wp-content\/uploads\/2014\/05\/mun-logo.png","type":"","width":"","height":""}],"twitter_card":"summary_large_image","twitter_misc":{"Dur\u00e9e de lecture estim\u00e9e":"1 minute"},"schema":{"@context":"https:\/\/schema.org","@graph":[{"@type":"WebPage","@id":"https:\/\/ceric.ca\/fr\/comprendre-le-developpement-de-carriere-des-jeunes-enfants-comme-processus-de-developpementrelationnel-engagement-des-parents\/","url":"https:\/\/ceric.ca\/fr\/comprendre-le-developpement-de-carriere-des-jeunes-enfants-comme-processus-de-developpementrelationnel-engagement-des-parents\/","name":"Comprendre le d\u00e9veloppement de carri\u00e8re des jeunes enfants comme processus de d\u00e9veloppement\/relationnel : engagement des parents - CERIC","isPartOf":{"@id":"https:\/\/ceric.ca\/#website"},"primaryImageOfPage":{"@id":"https:\/\/ceric.ca\/fr\/comprendre-le-developpement-de-carriere-des-jeunes-enfants-comme-processus-de-developpementrelationnel-engagement-des-parents\/#primaryimage"},"image":{"@id":"https:\/\/ceric.ca\/fr\/comprendre-le-developpement-de-carriere-des-jeunes-enfants-comme-processus-de-developpementrelationnel-engagement-des-parents\/#primaryimage"},"thumbnailUrl":"http:\/\/ceric.org\/wp-content\/uploads\/2014\/05\/mun-logo.png","datePublished":"2014-05-26T16:05:31+00:00","breadcrumb":{"@id":"https:\/\/ceric.ca\/fr\/comprendre-le-developpement-de-carriere-des-jeunes-enfants-comme-processus-de-developpementrelationnel-engagement-des-parents\/#breadcrumb"},"inLanguage":"fr-FR","potentialAction":[{"@type":"ReadAction","target":["https:\/\/ceric.ca\/fr\/comprendre-le-developpement-de-carriere-des-jeunes-enfants-comme-processus-de-developpementrelationnel-engagement-des-parents\/"]}]},{"@type":"ImageObject","inLanguage":"fr-FR","@id":"https:\/\/ceric.ca\/fr\/comprendre-le-developpement-de-carriere-des-jeunes-enfants-comme-processus-de-developpementrelationnel-engagement-des-parents\/#primaryimage","url":"http:\/\/ceric.org\/wp-content\/uploads\/2014\/05\/mun-logo.png","contentUrl":"http:\/\/ceric.org\/wp-content\/uploads\/2014\/05\/mun-logo.png"},{"@type":"BreadcrumbList","@id":"https:\/\/ceric.ca\/fr\/comprendre-le-developpement-de-carriere-des-jeunes-enfants-comme-processus-de-developpementrelationnel-engagement-des-parents\/#breadcrumb","itemListElement":[{"@type":"ListItem","position":1,"name":"Home","item":"https:\/\/ceric.ca\/fr\/ceric-homepage-2025\/"},{"@type":"ListItem","position":2,"name":"Comprendre le d\u00e9veloppement de carri\u00e8re des jeunes enfants comme processus de d\u00e9veloppement\/relationnel : engagement des parents"}]},{"@type":"WebSite","@id":"https:\/\/ceric.ca\/#website","url":"https:\/\/ceric.ca\/","name":"CERIC","description":"","publisher":{"@id":"https:\/\/ceric.ca\/#organization"},"potentialAction":[{"@type":"SearchAction","target":{"@type":"EntryPoint","urlTemplate":"https:\/\/ceric.ca\/?s={search_term_string}"},"query-input":{"@type":"PropertyValueSpecification","valueRequired":true,"valueName":"search_term_string"}}],"inLanguage":"fr-FR"},{"@type":"Organization","@id":"https:\/\/ceric.ca\/#organization","name":"CERIC","url":"https:\/\/ceric.ca\/","logo":{"@type":"ImageObject","inLanguage":"fr-FR","@id":"https:\/\/ceric.ca\/#\/schema\/logo\/image\/","url":"","contentUrl":"","caption":"CERIC"},"image":{"@id":"https:\/\/ceric.ca\/#\/schema\/logo\/image\/"}}]}},"_links":{"self":[{"href":"https:\/\/ceric.ca\/fr\/wp-json\/wp\/v2\/pages\/6814","targetHints":{"allow":["GET"]}}],"collection":[{"href":"https:\/\/ceric.ca\/fr\/wp-json\/wp\/v2\/pages"}],"about":[{"href":"https:\/\/ceric.ca\/fr\/wp-json\/wp\/v2\/types\/page"}],"author":[{"embeddable":true,"href":"https:\/\/ceric.ca\/fr\/wp-json\/wp\/v2\/users\/1"}],"replies":[{"embeddable":true,"href":"https:\/\/ceric.ca\/fr\/wp-json\/wp\/v2\/comments?post=6814"}],"version-history":[{"count":0,"href":"https:\/\/ceric.ca\/fr\/wp-json\/wp\/v2\/pages\/6814\/revisions"}],"wp:attachment":[{"href":"https:\/\/ceric.ca\/fr\/wp-json\/wp\/v2\/media?parent=6814"}],"curies":[{"name":"wp","href":"https:\/\/api.w.org\/{rel}","templated":true}]}}