{"id":6821,"date":"2014-05-26T16:13:31","date_gmt":"2014-05-26T16:13:31","guid":{"rendered":"http:\/\/ceric.org\/?page_id=6821"},"modified":"2014-05-26T16:13:31","modified_gmt":"2014-05-26T16:13:31","slug":"veritables-possibilites-de-travail-a-domicile","status":"publish","type":"page","link":"https:\/\/ceric.ca\/fr\/veritables-possibilites-de-travail-a-domicile\/","title":{"rendered":"V\u00e9ritables possibilit\u00e9s de travail \u00e0 domicile"},"content":{"rendered":"<p><img decoding=\"async\" class=\"alignleft size-full wp-image-6817\" src=\"http:\/\/ceric.org\/wp-content\/uploads\/2014\/05\/eec-logo.gif\" alt=\"eec-logo\" width=\"231\" height=\"107\" \/><em>Objectif : Produire des webinaires de haute qualit\u00e9, bien document\u00e9s et pr\u00e9sent\u00e9s de fa\u00e7on professionnelle \u00e0 l\u2019intention des professionnels de l\u2019orientation et des autres personnes int\u00e9ress\u00e9es par le recrutement de personnel pour que nos clients puissent acc\u00e9der \u00e0 de v\u00e9ritables occasions de travail \u00e0 domicile.<\/em><\/p>\n<p>En r\u00e9ponse aux demandes r\u00e9p\u00e9t\u00e9es de ses clients, <span style=\"text-decoration: underline;\"><a href=\"http:\/\/www.eecentre.com\/\" target=\"_blank\">le Employment and Education Centre (EEC)<\/a><\/span> a lanc\u00e9 une recherche pr\u00e9liminaire pour r\u00e9pondre \u00e0 la question : \u00ab Existe-t-il de v\u00e9ritables possibilit\u00e9s de travail \u00e0 domicile? \u00bb. La r\u00e9ponse est un oui sans \u00e9quivoque comme en t\u00e9moigne le grand nombre d\u2019employeurs et d\u2019entrepreneurs ind\u00e9pendants qui ont r\u00e9pondu \u00e0 la question, et l\u2019\u00e9ventail des comp\u00e9tences recherch\u00e9es \u00e9tait surprenant. Comme dans n\u2019importe quelle population vuln\u00e9rable, il y a des pr\u00e9dateurs qui mettent sur pied des arnaques bien pens\u00e9es, destin\u00e9es aux sans-emplois. Le EEC a offert un atelier d\u2019introduction \u00e0 Brockville, ON et la demande de participation a \u00e9t\u00e9 si \u00e9lev\u00e9e que le centre a d\u00fb organiser un deuxi\u00e8me atelier le m\u00eame jour pour accueillir tout le monde (100 personnes ont particip\u00e9 aux ateliers lors de cette premi\u00e8re journ\u00e9e\u2026 un record pour le centre). L\u2019atelier affiche d\u2019ailleurs toujours complet chaque fois qu\u2019il est offert.<\/p>\n<p>En r\u00e9ponse \u00e0 ce manque de connaissances li\u00e9es aux <strong>possibilit\u00e9s v\u00e9ritables de travail \u00e0 domicile<\/strong>, le centre travaille en partenariat avec le CERIC sur un projet de trois ans qui vise l\u2019apprentissage et le perfectionnement professionnel. Ce projet inclut des webinaires de haute qualit\u00e9, bien document\u00e9s et pr\u00e9sent\u00e9s de fa\u00e7on professionnelle qui portent sur le travail \u00e0 domicile. L\u2019accent est mis sur les emplois v\u00e9ritables et sur les relations avec les entrepreneurs ind\u00e9pendants, et non sur les entreprises \u00e0 domicile. Le projet offre des renseignements et des outils (diapositives, ressources et mat\u00e9riel publicitaire) aux professionnels de l\u2019orientation afin qu\u2019ils puissent donner des ateliers \u00e0 leurs clients.<\/p>\n<p>Gr\u00e2ce aux renseignements et aux outils offerts aux professionnels de l\u2019orientation, ils auront la possibilit\u00e9 de travailler de fa\u00e7on confidentielle avec leurs clients. Ainsi, ils pourront proposer de nouvelles possibilit\u00e9s d\u2019emploi \u00e0 des groupes de clients traditionnellement isol\u00e9s, tels que les personnes handicap\u00e9es, les collectivit\u00e9s rurales, les communaut\u00e9s am\u00e9rindiennes, les nouveaux arrivants, les soignants et les travailleurs plus \u00e2g\u00e9s.<\/p>\n<p>L\u2019incidence globale du projet sera de rem\u00e9dier au manque de connaissances des professionnels de l\u2019orientation au sujet des possibilit\u00e9s r\u00e9elles de travail \u00e0 domicile qui pourraient convenir \u00e0 leurs clients. Ces formations aux formateurs sont offertes chaque mois (en anglais), et leur contenu est toujours mis \u00e0 jour, afin qu\u2019elles demeurent actuelles.<\/p>\n<p>S\u00e9rie de quatre webinaires d&rsquo;une heure chaque (maximum 25 participants)<br \/>\n13h00 \u00e0 14h00 HE<br \/>\n249 $ par personne<\/p>\n<p>Pour obtenir le calendrier des prochains webinaires, visitez <span style=\"text-decoration: underline;\"><a href=\"http:\/\/www.eecentre.com\/wfh.php\" target=\"_blank\">http:\/\/www.eecentre.com\/wfh.php<\/a><\/span> ou communiquez avec Anne-Marie Rolfe par courriel \u00e0 <span style=\"text-decoration: underline;\"><a href=\"http:\/\/mailto:annemarie@eecentre.com\">annemarie@eecentre.com<\/a><\/span> ou par t\u00e9l\u00e9phone au 613.498.2111, poste 261.<\/p>\n","protected":false},"excerpt":{"rendered":"<p>Objectif : Produire des webinaires de haute qualit\u00e9, bien document\u00e9s et pr\u00e9sent\u00e9s de fa\u00e7on professionnelle \u00e0 l\u2019intention des professionnels de l\u2019orientation et des autres personnes int\u00e9ress\u00e9es<span class=\"excerpt-hellip\"> [\u2026]<\/span><\/p>\n","protected":false},"author":1,"featured_media":0,"parent":0,"menu_order":0,"comment_status":"open","ping_status":"open","template":"","meta":{"h5ap_radio_sources":[],"footnotes":""},"class_list":["post-6821","page","type-page","status-publish","hentry"],"yoast_head":"<!-- This site is optimized with the Yoast SEO Premium plugin v27.3 (Yoast SEO v27.3) - https:\/\/yoast.com\/product\/yoast-seo-premium-wordpress\/ -->\n<title>V\u00e9ritables possibilit\u00e9s de travail \u00e0 domicile - CERIC<\/title>\n<meta name=\"robots\" content=\"index, follow, max-snippet:-1, max-image-preview:large, max-video-preview:-1\" \/>\n<link rel=\"canonical\" href=\"https:\/\/ceric.ca\/fr\/veritables-possibilites-de-travail-a-domicile\/\" \/>\n<meta property=\"og:locale\" content=\"fr_FR\" \/>\n<meta property=\"og:type\" content=\"article\" \/>\n<meta property=\"og:title\" content=\"V\u00e9ritables possibilit\u00e9s de travail \u00e0 domicile\" \/>\n<meta property=\"og:description\" content=\"Objectif : Produire des webinaires de haute qualit\u00e9, bien document\u00e9s et pr\u00e9sent\u00e9s de fa\u00e7on professionnelle \u00e0 l\u2019intention des professionnels de l\u2019orientation et des autres personnes int\u00e9ress\u00e9es [\u2026]\" \/>\n<meta property=\"og:url\" content=\"https:\/\/ceric.ca\/fr\/veritables-possibilites-de-travail-a-domicile\/\" \/>\n<meta property=\"og:site_name\" content=\"CERIC\" \/>\n<meta property=\"og:image\" content=\"http:\/\/ceric.org\/wp-content\/uploads\/2014\/05\/eec-logo.gif\" \/>\n<meta name=\"twitter:card\" content=\"summary_large_image\" \/>\n<meta name=\"twitter:label1\" content=\"Dur\u00e9e de lecture estim\u00e9e\" \/>\n\t<meta name=\"twitter:data1\" content=\"3 minutes\" \/>\n<script type=\"application\/ld+json\" class=\"yoast-schema-graph\">{\"@context\":\"https:\\\/\\\/schema.org\",\"@graph\":[{\"@type\":\"WebPage\",\"@id\":\"https:\\\/\\\/ceric.ca\\\/fr\\\/veritables-possibilites-de-travail-a-domicile\\\/\",\"url\":\"https:\\\/\\\/ceric.ca\\\/fr\\\/veritables-possibilites-de-travail-a-domicile\\\/\",\"name\":\"V\u00e9ritables possibilit\u00e9s de travail \u00e0 domicile - CERIC\",\"isPartOf\":{\"@id\":\"https:\\\/\\\/ceric.ca\\\/#website\"},\"primaryImageOfPage\":{\"@id\":\"https:\\\/\\\/ceric.ca\\\/fr\\\/veritables-possibilites-de-travail-a-domicile\\\/#primaryimage\"},\"image\":{\"@id\":\"https:\\\/\\\/ceric.ca\\\/fr\\\/veritables-possibilites-de-travail-a-domicile\\\/#primaryimage\"},\"thumbnailUrl\":\"http:\\\/\\\/ceric.org\\\/wp-content\\\/uploads\\\/2014\\\/05\\\/eec-logo.gif\",\"datePublished\":\"2014-05-26T16:13:31+00:00\",\"breadcrumb\":{\"@id\":\"https:\\\/\\\/ceric.ca\\\/fr\\\/veritables-possibilites-de-travail-a-domicile\\\/#breadcrumb\"},\"inLanguage\":\"fr-FR\",\"potentialAction\":[{\"@type\":\"ReadAction\",\"target\":[\"https:\\\/\\\/ceric.ca\\\/fr\\\/veritables-possibilites-de-travail-a-domicile\\\/\"]}]},{\"@type\":\"ImageObject\",\"inLanguage\":\"fr-FR\",\"@id\":\"https:\\\/\\\/ceric.ca\\\/fr\\\/veritables-possibilites-de-travail-a-domicile\\\/#primaryimage\",\"url\":\"http:\\\/\\\/ceric.org\\\/wp-content\\\/uploads\\\/2014\\\/05\\\/eec-logo.gif\",\"contentUrl\":\"http:\\\/\\\/ceric.org\\\/wp-content\\\/uploads\\\/2014\\\/05\\\/eec-logo.gif\"},{\"@type\":\"BreadcrumbList\",\"@id\":\"https:\\\/\\\/ceric.ca\\\/fr\\\/veritables-possibilites-de-travail-a-domicile\\\/#breadcrumb\",\"itemListElement\":[{\"@type\":\"ListItem\",\"position\":1,\"name\":\"Home\",\"item\":\"https:\\\/\\\/ceric.ca\\\/fr\\\/ceric-homepage-2025\\\/\"},{\"@type\":\"ListItem\",\"position\":2,\"name\":\"V\u00e9ritables possibilit\u00e9s de travail \u00e0 domicile\"}]},{\"@type\":\"WebSite\",\"@id\":\"https:\\\/\\\/ceric.ca\\\/#website\",\"url\":\"https:\\\/\\\/ceric.ca\\\/\",\"name\":\"CERIC\",\"description\":\"\",\"publisher\":{\"@id\":\"https:\\\/\\\/ceric.ca\\\/#organization\"},\"potentialAction\":[{\"@type\":\"SearchAction\",\"target\":{\"@type\":\"EntryPoint\",\"urlTemplate\":\"https:\\\/\\\/ceric.ca\\\/?s={search_term_string}\"},\"query-input\":{\"@type\":\"PropertyValueSpecification\",\"valueRequired\":true,\"valueName\":\"search_term_string\"}}],\"inLanguage\":\"fr-FR\"},{\"@type\":\"Organization\",\"@id\":\"https:\\\/\\\/ceric.ca\\\/#organization\",\"name\":\"CERIC\",\"url\":\"https:\\\/\\\/ceric.ca\\\/\",\"logo\":{\"@type\":\"ImageObject\",\"inLanguage\":\"fr-FR\",\"@id\":\"https:\\\/\\\/ceric.ca\\\/#\\\/schema\\\/logo\\\/image\\\/\",\"url\":\"\",\"contentUrl\":\"\",\"caption\":\"CERIC\"},\"image\":{\"@id\":\"https:\\\/\\\/ceric.ca\\\/#\\\/schema\\\/logo\\\/image\\\/\"}}]}<\/script>\n<!-- \/ Yoast SEO Premium plugin. -->","yoast_head_json":{"title":"V\u00e9ritables possibilit\u00e9s de travail \u00e0 domicile - CERIC","robots":{"index":"index","follow":"follow","max-snippet":"max-snippet:-1","max-image-preview":"max-image-preview:large","max-video-preview":"max-video-preview:-1"},"canonical":"https:\/\/ceric.ca\/fr\/veritables-possibilites-de-travail-a-domicile\/","og_locale":"fr_FR","og_type":"article","og_title":"V\u00e9ritables possibilit\u00e9s de travail \u00e0 domicile","og_description":"Objectif : Produire des webinaires de haute qualit\u00e9, bien document\u00e9s et pr\u00e9sent\u00e9s de fa\u00e7on professionnelle \u00e0 l\u2019intention des professionnels de l\u2019orientation et des autres personnes int\u00e9ress\u00e9es [\u2026]","og_url":"https:\/\/ceric.ca\/fr\/veritables-possibilites-de-travail-a-domicile\/","og_site_name":"CERIC","og_image":[{"url":"http:\/\/ceric.org\/wp-content\/uploads\/2014\/05\/eec-logo.gif","type":"","width":"","height":""}],"twitter_card":"summary_large_image","twitter_misc":{"Dur\u00e9e de lecture estim\u00e9e":"3 minutes"},"schema":{"@context":"https:\/\/schema.org","@graph":[{"@type":"WebPage","@id":"https:\/\/ceric.ca\/fr\/veritables-possibilites-de-travail-a-domicile\/","url":"https:\/\/ceric.ca\/fr\/veritables-possibilites-de-travail-a-domicile\/","name":"V\u00e9ritables possibilit\u00e9s de travail \u00e0 domicile - CERIC","isPartOf":{"@id":"https:\/\/ceric.ca\/#website"},"primaryImageOfPage":{"@id":"https:\/\/ceric.ca\/fr\/veritables-possibilites-de-travail-a-domicile\/#primaryimage"},"image":{"@id":"https:\/\/ceric.ca\/fr\/veritables-possibilites-de-travail-a-domicile\/#primaryimage"},"thumbnailUrl":"http:\/\/ceric.org\/wp-content\/uploads\/2014\/05\/eec-logo.gif","datePublished":"2014-05-26T16:13:31+00:00","breadcrumb":{"@id":"https:\/\/ceric.ca\/fr\/veritables-possibilites-de-travail-a-domicile\/#breadcrumb"},"inLanguage":"fr-FR","potentialAction":[{"@type":"ReadAction","target":["https:\/\/ceric.ca\/fr\/veritables-possibilites-de-travail-a-domicile\/"]}]},{"@type":"ImageObject","inLanguage":"fr-FR","@id":"https:\/\/ceric.ca\/fr\/veritables-possibilites-de-travail-a-domicile\/#primaryimage","url":"http:\/\/ceric.org\/wp-content\/uploads\/2014\/05\/eec-logo.gif","contentUrl":"http:\/\/ceric.org\/wp-content\/uploads\/2014\/05\/eec-logo.gif"},{"@type":"BreadcrumbList","@id":"https:\/\/ceric.ca\/fr\/veritables-possibilites-de-travail-a-domicile\/#breadcrumb","itemListElement":[{"@type":"ListItem","position":1,"name":"Home","item":"https:\/\/ceric.ca\/fr\/ceric-homepage-2025\/"},{"@type":"ListItem","position":2,"name":"V\u00e9ritables possibilit\u00e9s de travail \u00e0 domicile"}]},{"@type":"WebSite","@id":"https:\/\/ceric.ca\/#website","url":"https:\/\/ceric.ca\/","name":"CERIC","description":"","publisher":{"@id":"https:\/\/ceric.ca\/#organization"},"potentialAction":[{"@type":"SearchAction","target":{"@type":"EntryPoint","urlTemplate":"https:\/\/ceric.ca\/?s={search_term_string}"},"query-input":{"@type":"PropertyValueSpecification","valueRequired":true,"valueName":"search_term_string"}}],"inLanguage":"fr-FR"},{"@type":"Organization","@id":"https:\/\/ceric.ca\/#organization","name":"CERIC","url":"https:\/\/ceric.ca\/","logo":{"@type":"ImageObject","inLanguage":"fr-FR","@id":"https:\/\/ceric.ca\/#\/schema\/logo\/image\/","url":"","contentUrl":"","caption":"CERIC"},"image":{"@id":"https:\/\/ceric.ca\/#\/schema\/logo\/image\/"}}]}},"_links":{"self":[{"href":"https:\/\/ceric.ca\/fr\/wp-json\/wp\/v2\/pages\/6821","targetHints":{"allow":["GET"]}}],"collection":[{"href":"https:\/\/ceric.ca\/fr\/wp-json\/wp\/v2\/pages"}],"about":[{"href":"https:\/\/ceric.ca\/fr\/wp-json\/wp\/v2\/types\/page"}],"author":[{"embeddable":true,"href":"https:\/\/ceric.ca\/fr\/wp-json\/wp\/v2\/users\/1"}],"replies":[{"embeddable":true,"href":"https:\/\/ceric.ca\/fr\/wp-json\/wp\/v2\/comments?post=6821"}],"version-history":[{"count":0,"href":"https:\/\/ceric.ca\/fr\/wp-json\/wp\/v2\/pages\/6821\/revisions"}],"wp:attachment":[{"href":"https:\/\/ceric.ca\/fr\/wp-json\/wp\/v2\/media?parent=6821"}],"curies":[{"name":"wp","href":"https:\/\/api.w.org\/{rel}","templated":true}]}}