{"id":6832,"date":"2014-05-26T16:54:47","date_gmt":"2014-05-26T16:54:47","guid":{"rendered":"http:\/\/ceric.org\/?page_id=6832"},"modified":"2014-06-02T18:13:07","modified_gmt":"2014-06-02T18:13:07","slug":"developpement-de-carriere-axe-sur-lespoir-aupres-detudiants-universitaires","status":"publish","type":"page","link":"https:\/\/ceric.ca\/fr\/developpement-de-carriere-axe-sur-lespoir-aupres-detudiants-universitaires\/","title":{"rendered":"D\u00e9veloppement de carri\u00e8re ax\u00e9 sur l&rsquo;espoir aupr\u00e8s d&rsquo;\u00e9tudiants universitaires"},"content":{"rendered":"<div class=\"wpb-content-wrapper\"><p>[vc_row][vc_column][vc_column_text]<img decoding=\"async\" class=\"alignleft size-full wp-image-6830\" src=\"http:\/\/ceric.org\/wp-content\/uploads\/2014\/05\/hope-project.png\" alt=\"hope-project\" width=\"201\" height=\"202\" srcset=\"https:\/\/ceric.ca\/wp-content\/uploads\/2014\/05\/hope-project.png 201w, https:\/\/ceric.ca\/wp-content\/uploads\/2014\/05\/hope-project-150x150.png 150w, https:\/\/ceric.ca\/wp-content\/uploads\/2014\/05\/hope-project-106x107.png 106w, https:\/\/ceric.ca\/wp-content\/uploads\/2014\/05\/hope-project-160x160.png 160w\" sizes=\"(max-width:767px) 201px, 201px\" \/>Une \u00e9quipe de recherche internationale dirig\u00e9e par Norman Amundson, Ph. D., (Universit\u00e9 de la Colombie-Britannique) et Spencer Niles, Ph. D., (Universit\u00e9 Penn State) entreprend un projet de recherche exploratoire financ\u00e9 par le CERIC, qui porte sur l&rsquo;importance de \u00ab L&rsquo;ESPOIR \u00bb dans le processus d&rsquo;exploration et de choix de carri\u00e8re des \u00e9tudiants universitaires de premier cycle.<\/p>\n<p>Les chercheurs utiliseront le r\u00e9pertoire des carri\u00e8res ax\u00e9es sur l&rsquo;espoir (en anglais, Hope-Centered Career Inventory ou HCCI) et proc\u00e8deront \u00e0 des entrevues en profondeur afin de mieux comprendre comment l&rsquo;espoir peut influencer divers aspects associ\u00e9s au choix de carri\u00e8re tels que l&rsquo;identit\u00e9 professionnelle, l&rsquo;engagement en milieu scolaire, le rendement scolaire et les aspirations professionnelles.<\/p>\n<p>Ce projet devrait \u00e9tablir les bases qui serviront \u00e0 l&rsquo;\u00e9laboration d&rsquo;interventions pertinentes ax\u00e9es sur l&rsquo;espoir pouvant \u00eatre utilis\u00e9es aupr\u00e8s de ce groupe cible.<\/p>\n<div class=\"issuuembed\" style=\"width: 525px; height: 340px;\" data-configid=\"0\/4855355\"><\/div>\n<p><script src=\"\/\/e.issuu.com\/embed.js\" async=\"true\"><\/script>[\/vc_column_text][vc_button title=\u00a0\u00bbRapport final (en anglais)\u00a0\u00bb target=\u00a0\u00bb_blank\u00a0\u00bb color=\u00a0\u00bbbtn-success\u00a0\u00bb icon=\u00a0\u00bbwpb_document_pdf\u00a0\u00bb size=\u00a0\u00bbbtn-small\u00a0\u00bb href=\u00a0\u00bbhttp:\/\/ceric.org\/wp-content\/uploads\/2012\/10\/CERIC_Hope-Centered-Career-Research-Final-Report.pdf\u00a0\u00bb][\/vc_column][\/vc_row]<\/p>\n<\/div>","protected":false},"excerpt":{"rendered":"<p>[vc_row][vc_column][vc_column_text]Une \u00e9quipe de recherche internationale dirig\u00e9e par Norman Amundson, Ph. D., (Universit\u00e9 de la Colombie-Britannique) et Spencer Niles, Ph. D., (Universit\u00e9 Penn State) entreprend un projet<span class=\"excerpt-hellip\"> [\u2026]<\/span><\/p>\n","protected":false},"author":1,"featured_media":0,"parent":0,"menu_order":0,"comment_status":"open","ping_status":"open","template":"","meta":{"h5ap_radio_sources":[],"footnotes":""},"class_list":["post-6832","page","type-page","status-publish","hentry"],"yoast_head":"<!-- This site is optimized with the Yoast SEO Premium plugin v27.3 (Yoast SEO v27.3) - https:\/\/yoast.com\/product\/yoast-seo-premium-wordpress\/ -->\n<title>D\u00e9veloppement de carri\u00e8re ax\u00e9 sur l&#039;espoir aupr\u00e8s d&#039;\u00e9tudiants universitaires - CERIC<\/title>\n<meta name=\"robots\" content=\"index, follow, max-snippet:-1, max-image-preview:large, max-video-preview:-1\" \/>\n<link rel=\"canonical\" href=\"https:\/\/ceric.ca\/fr\/developpement-de-carriere-axe-sur-lespoir-aupres-detudiants-universitaires\/\" \/>\n<meta property=\"og:locale\" content=\"fr_FR\" \/>\n<meta property=\"og:type\" content=\"article\" \/>\n<meta property=\"og:title\" content=\"D\u00e9veloppement de carri\u00e8re ax\u00e9 sur l&#039;espoir aupr\u00e8s d&#039;\u00e9tudiants universitaires\" \/>\n<meta property=\"og:description\" content=\"[vc_row][vc_column][vc_column_text]Une \u00e9quipe de recherche internationale dirig\u00e9e par Norman Amundson, Ph. D., (Universit\u00e9 de la Colombie-Britannique) et Spencer Niles, Ph. D., (Universit\u00e9 Penn State) entreprend un projet [\u2026]\" \/>\n<meta property=\"og:url\" content=\"https:\/\/ceric.ca\/fr\/developpement-de-carriere-axe-sur-lespoir-aupres-detudiants-universitaires\/\" \/>\n<meta property=\"og:site_name\" content=\"CERIC\" \/>\n<meta property=\"article:modified_time\" content=\"2014-06-02T18:13:07+00:00\" \/>\n<meta property=\"og:image\" content=\"http:\/\/ceric.org\/wp-content\/uploads\/2014\/05\/hope-project.png\" \/>\n<meta name=\"twitter:card\" content=\"summary_large_image\" \/>\n<meta name=\"twitter:label1\" content=\"Dur\u00e9e de lecture estim\u00e9e\" \/>\n\t<meta name=\"twitter:data1\" content=\"1 minute\" \/>\n<script type=\"application\/ld+json\" class=\"yoast-schema-graph\">{\"@context\":\"https:\\\/\\\/schema.org\",\"@graph\":[{\"@type\":\"WebPage\",\"@id\":\"https:\\\/\\\/ceric.ca\\\/fr\\\/developpement-de-carriere-axe-sur-lespoir-aupres-detudiants-universitaires\\\/\",\"url\":\"https:\\\/\\\/ceric.ca\\\/fr\\\/developpement-de-carriere-axe-sur-lespoir-aupres-detudiants-universitaires\\\/\",\"name\":\"D\u00e9veloppement de carri\u00e8re ax\u00e9 sur l'espoir aupr\u00e8s d'\u00e9tudiants universitaires - CERIC\",\"isPartOf\":{\"@id\":\"https:\\\/\\\/ceric.ca\\\/#website\"},\"primaryImageOfPage\":{\"@id\":\"https:\\\/\\\/ceric.ca\\\/fr\\\/developpement-de-carriere-axe-sur-lespoir-aupres-detudiants-universitaires\\\/#primaryimage\"},\"image\":{\"@id\":\"https:\\\/\\\/ceric.ca\\\/fr\\\/developpement-de-carriere-axe-sur-lespoir-aupres-detudiants-universitaires\\\/#primaryimage\"},\"thumbnailUrl\":\"http:\\\/\\\/ceric.org\\\/wp-content\\\/uploads\\\/2014\\\/05\\\/hope-project.png\",\"datePublished\":\"2014-05-26T16:54:47+00:00\",\"dateModified\":\"2014-06-02T18:13:07+00:00\",\"breadcrumb\":{\"@id\":\"https:\\\/\\\/ceric.ca\\\/fr\\\/developpement-de-carriere-axe-sur-lespoir-aupres-detudiants-universitaires\\\/#breadcrumb\"},\"inLanguage\":\"fr-FR\",\"potentialAction\":[{\"@type\":\"ReadAction\",\"target\":[\"https:\\\/\\\/ceric.ca\\\/fr\\\/developpement-de-carriere-axe-sur-lespoir-aupres-detudiants-universitaires\\\/\"]}]},{\"@type\":\"ImageObject\",\"inLanguage\":\"fr-FR\",\"@id\":\"https:\\\/\\\/ceric.ca\\\/fr\\\/developpement-de-carriere-axe-sur-lespoir-aupres-detudiants-universitaires\\\/#primaryimage\",\"url\":\"http:\\\/\\\/ceric.org\\\/wp-content\\\/uploads\\\/2014\\\/05\\\/hope-project.png\",\"contentUrl\":\"http:\\\/\\\/ceric.org\\\/wp-content\\\/uploads\\\/2014\\\/05\\\/hope-project.png\"},{\"@type\":\"BreadcrumbList\",\"@id\":\"https:\\\/\\\/ceric.ca\\\/fr\\\/developpement-de-carriere-axe-sur-lespoir-aupres-detudiants-universitaires\\\/#breadcrumb\",\"itemListElement\":[{\"@type\":\"ListItem\",\"position\":1,\"name\":\"Home\",\"item\":\"https:\\\/\\\/ceric.ca\\\/fr\\\/ceric-homepage-2025\\\/\"},{\"@type\":\"ListItem\",\"position\":2,\"name\":\"D\u00e9veloppement de carri\u00e8re ax\u00e9 sur l&rsquo;espoir aupr\u00e8s d&rsquo;\u00e9tudiants universitaires\"}]},{\"@type\":\"WebSite\",\"@id\":\"https:\\\/\\\/ceric.ca\\\/#website\",\"url\":\"https:\\\/\\\/ceric.ca\\\/\",\"name\":\"CERIC\",\"description\":\"\",\"publisher\":{\"@id\":\"https:\\\/\\\/ceric.ca\\\/#organization\"},\"potentialAction\":[{\"@type\":\"SearchAction\",\"target\":{\"@type\":\"EntryPoint\",\"urlTemplate\":\"https:\\\/\\\/ceric.ca\\\/?s={search_term_string}\"},\"query-input\":{\"@type\":\"PropertyValueSpecification\",\"valueRequired\":true,\"valueName\":\"search_term_string\"}}],\"inLanguage\":\"fr-FR\"},{\"@type\":\"Organization\",\"@id\":\"https:\\\/\\\/ceric.ca\\\/#organization\",\"name\":\"CERIC\",\"url\":\"https:\\\/\\\/ceric.ca\\\/\",\"logo\":{\"@type\":\"ImageObject\",\"inLanguage\":\"fr-FR\",\"@id\":\"https:\\\/\\\/ceric.ca\\\/#\\\/schema\\\/logo\\\/image\\\/\",\"url\":\"\",\"contentUrl\":\"\",\"caption\":\"CERIC\"},\"image\":{\"@id\":\"https:\\\/\\\/ceric.ca\\\/#\\\/schema\\\/logo\\\/image\\\/\"}}]}<\/script>\n<!-- \/ Yoast SEO Premium plugin. -->","yoast_head_json":{"title":"D\u00e9veloppement de carri\u00e8re ax\u00e9 sur l'espoir aupr\u00e8s d'\u00e9tudiants universitaires - CERIC","robots":{"index":"index","follow":"follow","max-snippet":"max-snippet:-1","max-image-preview":"max-image-preview:large","max-video-preview":"max-video-preview:-1"},"canonical":"https:\/\/ceric.ca\/fr\/developpement-de-carriere-axe-sur-lespoir-aupres-detudiants-universitaires\/","og_locale":"fr_FR","og_type":"article","og_title":"D\u00e9veloppement de carri\u00e8re ax\u00e9 sur l'espoir aupr\u00e8s d'\u00e9tudiants universitaires","og_description":"[vc_row][vc_column][vc_column_text]Une \u00e9quipe de recherche internationale dirig\u00e9e par Norman Amundson, Ph. D., (Universit\u00e9 de la Colombie-Britannique) et Spencer Niles, Ph. D., (Universit\u00e9 Penn State) entreprend un projet [\u2026]","og_url":"https:\/\/ceric.ca\/fr\/developpement-de-carriere-axe-sur-lespoir-aupres-detudiants-universitaires\/","og_site_name":"CERIC","article_modified_time":"2014-06-02T18:13:07+00:00","og_image":[{"url":"http:\/\/ceric.org\/wp-content\/uploads\/2014\/05\/hope-project.png","type":"","width":"","height":""}],"twitter_card":"summary_large_image","twitter_misc":{"Dur\u00e9e de lecture estim\u00e9e":"1 minute"},"schema":{"@context":"https:\/\/schema.org","@graph":[{"@type":"WebPage","@id":"https:\/\/ceric.ca\/fr\/developpement-de-carriere-axe-sur-lespoir-aupres-detudiants-universitaires\/","url":"https:\/\/ceric.ca\/fr\/developpement-de-carriere-axe-sur-lespoir-aupres-detudiants-universitaires\/","name":"D\u00e9veloppement de carri\u00e8re ax\u00e9 sur l'espoir aupr\u00e8s d'\u00e9tudiants universitaires - CERIC","isPartOf":{"@id":"https:\/\/ceric.ca\/#website"},"primaryImageOfPage":{"@id":"https:\/\/ceric.ca\/fr\/developpement-de-carriere-axe-sur-lespoir-aupres-detudiants-universitaires\/#primaryimage"},"image":{"@id":"https:\/\/ceric.ca\/fr\/developpement-de-carriere-axe-sur-lespoir-aupres-detudiants-universitaires\/#primaryimage"},"thumbnailUrl":"http:\/\/ceric.org\/wp-content\/uploads\/2014\/05\/hope-project.png","datePublished":"2014-05-26T16:54:47+00:00","dateModified":"2014-06-02T18:13:07+00:00","breadcrumb":{"@id":"https:\/\/ceric.ca\/fr\/developpement-de-carriere-axe-sur-lespoir-aupres-detudiants-universitaires\/#breadcrumb"},"inLanguage":"fr-FR","potentialAction":[{"@type":"ReadAction","target":["https:\/\/ceric.ca\/fr\/developpement-de-carriere-axe-sur-lespoir-aupres-detudiants-universitaires\/"]}]},{"@type":"ImageObject","inLanguage":"fr-FR","@id":"https:\/\/ceric.ca\/fr\/developpement-de-carriere-axe-sur-lespoir-aupres-detudiants-universitaires\/#primaryimage","url":"http:\/\/ceric.org\/wp-content\/uploads\/2014\/05\/hope-project.png","contentUrl":"http:\/\/ceric.org\/wp-content\/uploads\/2014\/05\/hope-project.png"},{"@type":"BreadcrumbList","@id":"https:\/\/ceric.ca\/fr\/developpement-de-carriere-axe-sur-lespoir-aupres-detudiants-universitaires\/#breadcrumb","itemListElement":[{"@type":"ListItem","position":1,"name":"Home","item":"https:\/\/ceric.ca\/fr\/ceric-homepage-2025\/"},{"@type":"ListItem","position":2,"name":"D\u00e9veloppement de carri\u00e8re ax\u00e9 sur l&rsquo;espoir aupr\u00e8s d&rsquo;\u00e9tudiants universitaires"}]},{"@type":"WebSite","@id":"https:\/\/ceric.ca\/#website","url":"https:\/\/ceric.ca\/","name":"CERIC","description":"","publisher":{"@id":"https:\/\/ceric.ca\/#organization"},"potentialAction":[{"@type":"SearchAction","target":{"@type":"EntryPoint","urlTemplate":"https:\/\/ceric.ca\/?s={search_term_string}"},"query-input":{"@type":"PropertyValueSpecification","valueRequired":true,"valueName":"search_term_string"}}],"inLanguage":"fr-FR"},{"@type":"Organization","@id":"https:\/\/ceric.ca\/#organization","name":"CERIC","url":"https:\/\/ceric.ca\/","logo":{"@type":"ImageObject","inLanguage":"fr-FR","@id":"https:\/\/ceric.ca\/#\/schema\/logo\/image\/","url":"","contentUrl":"","caption":"CERIC"},"image":{"@id":"https:\/\/ceric.ca\/#\/schema\/logo\/image\/"}}]}},"_links":{"self":[{"href":"https:\/\/ceric.ca\/fr\/wp-json\/wp\/v2\/pages\/6832","targetHints":{"allow":["GET"]}}],"collection":[{"href":"https:\/\/ceric.ca\/fr\/wp-json\/wp\/v2\/pages"}],"about":[{"href":"https:\/\/ceric.ca\/fr\/wp-json\/wp\/v2\/types\/page"}],"author":[{"embeddable":true,"href":"https:\/\/ceric.ca\/fr\/wp-json\/wp\/v2\/users\/1"}],"replies":[{"embeddable":true,"href":"https:\/\/ceric.ca\/fr\/wp-json\/wp\/v2\/comments?post=6832"}],"version-history":[{"count":0,"href":"https:\/\/ceric.ca\/fr\/wp-json\/wp\/v2\/pages\/6832\/revisions"}],"wp:attachment":[{"href":"https:\/\/ceric.ca\/fr\/wp-json\/wp\/v2\/media?parent=6832"}],"curies":[{"name":"wp","href":"https:\/\/api.w.org\/{rel}","templated":true}]}}