{"id":6837,"date":"2014-05-26T16:57:03","date_gmt":"2014-05-26T16:57:03","guid":{"rendered":"http:\/\/ceric.org\/?page_id=6837"},"modified":"2014-05-26T16:57:03","modified_gmt":"2014-05-26T16:57:03","slug":"lexploration-de-carrieres-une-mise-en-oeuvre-de-la-theorie-sociale-cognitive-de-lorientation-chez-les-jeunes-a-risque","status":"publish","type":"page","link":"https:\/\/ceric.ca\/fr\/lexploration-de-carrieres-une-mise-en-oeuvre-de-la-theorie-sociale-cognitive-de-lorientation-chez-les-jeunes-a-risque\/","title":{"rendered":"L&rsquo;exploration de carri\u00e8res: Une mise en \u0153uvre de la th\u00e9orie sociale cognitive de l\u2019orientation chez les jeunes \u00e0 risque"},"content":{"rendered":"<p style=\"color: #000000;\"><img decoding=\"async\" class=\"alignleft size-full wp-image-6835\" src=\"http:\/\/ceric.org\/wp-content\/uploads\/2014\/05\/careertrek_logo.png\" alt=\"careertrek_logo\" width=\"201\" height=\"202\" srcset=\"https:\/\/ceric.ca\/wp-content\/uploads\/2014\/05\/careertrek_logo.png 201w, https:\/\/ceric.ca\/wp-content\/uploads\/2014\/05\/careertrek_logo-150x150.png 150w, https:\/\/ceric.ca\/wp-content\/uploads\/2014\/05\/careertrek_logo-106x107.png 106w, https:\/\/ceric.ca\/wp-content\/uploads\/2014\/05\/careertrek_logo-160x160.png 160w\" sizes=\"(max-width:767px) 201px, 201px\" \/>Ce projet a pour objectif de cr\u00e9er un mod\u00e8le de cheminement th\u00e9orique repr\u00e9sentant les processus gr\u00e2ce auxquels les adolescents et les jeunes adultes d\u00e9veloppent des int\u00e9r\u00eats scolaires et professionnels. Les connaissances actuelles des facteurs touchant les processus de d\u00e9veloppement d&rsquo;un int\u00e9r\u00eat scolaire et professionnel chez les enfants sont limit\u00e9es, avec une absence notoire de mod\u00e8le\/cadre th\u00e9orique qui prendrait en compte \u00e0 la fois la recherche et les aspects pratiques. Ce projet recherchera les sources de l&rsquo;auto-efficacit\u00e9, des attentes de r\u00e9sultats et des objectifs professionnels et analysera leur contribution au d\u00e9veloppement d&rsquo;int\u00e9r\u00eats scolaires et professionnels.<\/p>\n<p style=\"color: #000000;\">S&rsquo;appuyant sur la th\u00e9orie sociale cognitive de l\u2019orientation scolaire et professionnelle (TSCOP) (Lent, Brown et Hackett, 1994), ce projet identifiera les facteurs familiaux, sociaux et environnementaux s&rsquo;appliquant aux jeunes qui influencent leur perception de l&rsquo;auto-efficacit\u00e9 et des attentes de r\u00e9sultats et qui ont une incidence sur le d\u00e9veloppement de leur int\u00e9r\u00eat pour une profession. Le projet y parviendra en demandant \u00e0 un large \u00e9ventail de jeunes \u00e0 diff\u00e9rentes \u00e9tapes de d\u00e9veloppement de dire comment ils per\u00e7oivent les valeurs et aptitudes, les performances et les r\u00e9alisations personnelles, l&rsquo;apprentissage par observation de leurs parents, amis et enseignants, ainsi que la persuasion sociale (c&rsquo;est-\u00e0-dire le r\u00f4le de l&rsquo;appartenance \u00e0 un groupe social) pour savoir de quelle mani\u00e8re ces facteurs influencent leurs int\u00e9r\u00eats scolaires et professionnels. De plus, l&rsquo;\u00e9tude examinera les m\u00eames facteurs dans une population comparable ayant particip\u00e9 \u00e0 un programme d&rsquo;exploration de carri\u00e8res de Career Trek Inc.<\/p>\n<p style=\"color: #000000;\">Il s&rsquo;agit d&rsquo;une \u00e9tude \u00e0 grande \u00e9chelle qui impliquera 500 participants \u00e0 cinq \u00e9tapes diff\u00e9rentes de d\u00e9veloppement : phase de latence, phase interm\u00e9diaire de l&rsquo;adolescence, fin de l&rsquo;adolescence, jeune adulte et adulte. L&rsquo;\u00e9tude vise \u00e0 appliquer les concepts de la TSCOP aux enfants et \u00e0 am\u00e9liorer les connaissances actuelles en mati\u00e8re de d\u00e9veloppement de l&rsquo;int\u00e9r\u00eat pour une profession. Ces concepts seront aussi mis en \u0153uvre chez les jeunes gens habituellement identifi\u00e9s comme \u00ab vuln\u00e9rables \u00bb, qui sont une population mal comprise par la plupart des conseillers en orientation. Dans cette \u00e9tude, le concept de \u00ab vuln\u00e9rabilit\u00e9 \u00bb est recadr\u00e9 pour inclure les jeunes et les familles ayant besoin de soutiens suppl\u00e9mentaires pour r\u00e9ussir leur parcours scolaire et professionnel.<\/p>\n","protected":false},"excerpt":{"rendered":"<p>Ce projet a pour objectif de cr\u00e9er un mod\u00e8le de cheminement th\u00e9orique repr\u00e9sentant les processus gr\u00e2ce auxquels les adolescents et les jeunes adultes d\u00e9veloppent des int\u00e9r\u00eats<span class=\"excerpt-hellip\"> [\u2026]<\/span><\/p>\n","protected":false},"author":1,"featured_media":0,"parent":0,"menu_order":0,"comment_status":"open","ping_status":"open","template":"","meta":{"h5ap_radio_sources":[],"footnotes":""},"class_list":["post-6837","page","type-page","status-publish","hentry"],"yoast_head":"<!-- This site is optimized with the Yoast SEO Premium plugin v27.3 (Yoast SEO v27.3) - https:\/\/yoast.com\/product\/yoast-seo-premium-wordpress\/ -->\n<title>L&#039;exploration de carri\u00e8res: Une mise en \u0153uvre de la th\u00e9orie sociale cognitive de l\u2019orientation chez les jeunes \u00e0 risque - CERIC<\/title>\n<meta name=\"robots\" content=\"index, follow, max-snippet:-1, max-image-preview:large, max-video-preview:-1\" \/>\n<link rel=\"canonical\" href=\"https:\/\/ceric.ca\/fr\/lexploration-de-carrieres-une-mise-en-oeuvre-de-la-theorie-sociale-cognitive-de-lorientation-chez-les-jeunes-a-risque\/\" \/>\n<meta property=\"og:locale\" content=\"fr_FR\" \/>\n<meta property=\"og:type\" content=\"article\" \/>\n<meta property=\"og:title\" content=\"L&#039;exploration de carri\u00e8res: Une mise en \u0153uvre de la th\u00e9orie sociale cognitive de l\u2019orientation chez les jeunes \u00e0 risque\" \/>\n<meta property=\"og:description\" content=\"Ce projet a pour objectif de cr\u00e9er un mod\u00e8le de cheminement th\u00e9orique repr\u00e9sentant les processus gr\u00e2ce auxquels les adolescents et les jeunes adultes d\u00e9veloppent des int\u00e9r\u00eats [\u2026]\" \/>\n<meta property=\"og:url\" content=\"https:\/\/ceric.ca\/fr\/lexploration-de-carrieres-une-mise-en-oeuvre-de-la-theorie-sociale-cognitive-de-lorientation-chez-les-jeunes-a-risque\/\" \/>\n<meta property=\"og:site_name\" content=\"CERIC\" \/>\n<meta property=\"og:image\" content=\"http:\/\/ceric.org\/wp-content\/uploads\/2014\/05\/careertrek_logo.png\" \/>\n<meta name=\"twitter:card\" content=\"summary_large_image\" \/>\n<meta name=\"twitter:label1\" content=\"Dur\u00e9e de lecture estim\u00e9e\" \/>\n\t<meta name=\"twitter:data1\" content=\"2 minutes\" \/>\n<script type=\"application\/ld+json\" class=\"yoast-schema-graph\">{\"@context\":\"https:\\\/\\\/schema.org\",\"@graph\":[{\"@type\":\"WebPage\",\"@id\":\"https:\\\/\\\/ceric.ca\\\/fr\\\/lexploration-de-carrieres-une-mise-en-oeuvre-de-la-theorie-sociale-cognitive-de-lorientation-chez-les-jeunes-a-risque\\\/\",\"url\":\"https:\\\/\\\/ceric.ca\\\/fr\\\/lexploration-de-carrieres-une-mise-en-oeuvre-de-la-theorie-sociale-cognitive-de-lorientation-chez-les-jeunes-a-risque\\\/\",\"name\":\"L'exploration de carri\u00e8res: Une mise en \u0153uvre de la th\u00e9orie sociale cognitive de l\u2019orientation chez les jeunes \u00e0 risque - CERIC\",\"isPartOf\":{\"@id\":\"https:\\\/\\\/ceric.ca\\\/#website\"},\"primaryImageOfPage\":{\"@id\":\"https:\\\/\\\/ceric.ca\\\/fr\\\/lexploration-de-carrieres-une-mise-en-oeuvre-de-la-theorie-sociale-cognitive-de-lorientation-chez-les-jeunes-a-risque\\\/#primaryimage\"},\"image\":{\"@id\":\"https:\\\/\\\/ceric.ca\\\/fr\\\/lexploration-de-carrieres-une-mise-en-oeuvre-de-la-theorie-sociale-cognitive-de-lorientation-chez-les-jeunes-a-risque\\\/#primaryimage\"},\"thumbnailUrl\":\"http:\\\/\\\/ceric.org\\\/wp-content\\\/uploads\\\/2014\\\/05\\\/careertrek_logo.png\",\"datePublished\":\"2014-05-26T16:57:03+00:00\",\"breadcrumb\":{\"@id\":\"https:\\\/\\\/ceric.ca\\\/fr\\\/lexploration-de-carrieres-une-mise-en-oeuvre-de-la-theorie-sociale-cognitive-de-lorientation-chez-les-jeunes-a-risque\\\/#breadcrumb\"},\"inLanguage\":\"fr-FR\",\"potentialAction\":[{\"@type\":\"ReadAction\",\"target\":[\"https:\\\/\\\/ceric.ca\\\/fr\\\/lexploration-de-carrieres-une-mise-en-oeuvre-de-la-theorie-sociale-cognitive-de-lorientation-chez-les-jeunes-a-risque\\\/\"]}]},{\"@type\":\"ImageObject\",\"inLanguage\":\"fr-FR\",\"@id\":\"https:\\\/\\\/ceric.ca\\\/fr\\\/lexploration-de-carrieres-une-mise-en-oeuvre-de-la-theorie-sociale-cognitive-de-lorientation-chez-les-jeunes-a-risque\\\/#primaryimage\",\"url\":\"http:\\\/\\\/ceric.org\\\/wp-content\\\/uploads\\\/2014\\\/05\\\/careertrek_logo.png\",\"contentUrl\":\"http:\\\/\\\/ceric.org\\\/wp-content\\\/uploads\\\/2014\\\/05\\\/careertrek_logo.png\"},{\"@type\":\"BreadcrumbList\",\"@id\":\"https:\\\/\\\/ceric.ca\\\/fr\\\/lexploration-de-carrieres-une-mise-en-oeuvre-de-la-theorie-sociale-cognitive-de-lorientation-chez-les-jeunes-a-risque\\\/#breadcrumb\",\"itemListElement\":[{\"@type\":\"ListItem\",\"position\":1,\"name\":\"Home\",\"item\":\"https:\\\/\\\/ceric.ca\\\/fr\\\/ceric-homepage-2025\\\/\"},{\"@type\":\"ListItem\",\"position\":2,\"name\":\"L&rsquo;exploration de carri\u00e8res: Une mise en \u0153uvre de la th\u00e9orie sociale cognitive de l\u2019orientation chez les jeunes \u00e0 risque\"}]},{\"@type\":\"WebSite\",\"@id\":\"https:\\\/\\\/ceric.ca\\\/#website\",\"url\":\"https:\\\/\\\/ceric.ca\\\/\",\"name\":\"CERIC\",\"description\":\"\",\"publisher\":{\"@id\":\"https:\\\/\\\/ceric.ca\\\/#organization\"},\"potentialAction\":[{\"@type\":\"SearchAction\",\"target\":{\"@type\":\"EntryPoint\",\"urlTemplate\":\"https:\\\/\\\/ceric.ca\\\/?s={search_term_string}\"},\"query-input\":{\"@type\":\"PropertyValueSpecification\",\"valueRequired\":true,\"valueName\":\"search_term_string\"}}],\"inLanguage\":\"fr-FR\"},{\"@type\":\"Organization\",\"@id\":\"https:\\\/\\\/ceric.ca\\\/#organization\",\"name\":\"CERIC\",\"url\":\"https:\\\/\\\/ceric.ca\\\/\",\"logo\":{\"@type\":\"ImageObject\",\"inLanguage\":\"fr-FR\",\"@id\":\"https:\\\/\\\/ceric.ca\\\/#\\\/schema\\\/logo\\\/image\\\/\",\"url\":\"\",\"contentUrl\":\"\",\"caption\":\"CERIC\"},\"image\":{\"@id\":\"https:\\\/\\\/ceric.ca\\\/#\\\/schema\\\/logo\\\/image\\\/\"}}]}<\/script>\n<!-- \/ Yoast SEO Premium plugin. -->","yoast_head_json":{"title":"L'exploration de carri\u00e8res: Une mise en \u0153uvre de la th\u00e9orie sociale cognitive de l\u2019orientation chez les jeunes \u00e0 risque - CERIC","robots":{"index":"index","follow":"follow","max-snippet":"max-snippet:-1","max-image-preview":"max-image-preview:large","max-video-preview":"max-video-preview:-1"},"canonical":"https:\/\/ceric.ca\/fr\/lexploration-de-carrieres-une-mise-en-oeuvre-de-la-theorie-sociale-cognitive-de-lorientation-chez-les-jeunes-a-risque\/","og_locale":"fr_FR","og_type":"article","og_title":"L'exploration de carri\u00e8res: Une mise en \u0153uvre de la th\u00e9orie sociale cognitive de l\u2019orientation chez les jeunes \u00e0 risque","og_description":"Ce projet a pour objectif de cr\u00e9er un mod\u00e8le de cheminement th\u00e9orique repr\u00e9sentant les processus gr\u00e2ce auxquels les adolescents et les jeunes adultes d\u00e9veloppent des int\u00e9r\u00eats [\u2026]","og_url":"https:\/\/ceric.ca\/fr\/lexploration-de-carrieres-une-mise-en-oeuvre-de-la-theorie-sociale-cognitive-de-lorientation-chez-les-jeunes-a-risque\/","og_site_name":"CERIC","og_image":[{"url":"http:\/\/ceric.org\/wp-content\/uploads\/2014\/05\/careertrek_logo.png","type":"","width":"","height":""}],"twitter_card":"summary_large_image","twitter_misc":{"Dur\u00e9e de lecture estim\u00e9e":"2 minutes"},"schema":{"@context":"https:\/\/schema.org","@graph":[{"@type":"WebPage","@id":"https:\/\/ceric.ca\/fr\/lexploration-de-carrieres-une-mise-en-oeuvre-de-la-theorie-sociale-cognitive-de-lorientation-chez-les-jeunes-a-risque\/","url":"https:\/\/ceric.ca\/fr\/lexploration-de-carrieres-une-mise-en-oeuvre-de-la-theorie-sociale-cognitive-de-lorientation-chez-les-jeunes-a-risque\/","name":"L'exploration de carri\u00e8res: Une mise en \u0153uvre de la th\u00e9orie sociale cognitive de l\u2019orientation chez les jeunes \u00e0 risque - CERIC","isPartOf":{"@id":"https:\/\/ceric.ca\/#website"},"primaryImageOfPage":{"@id":"https:\/\/ceric.ca\/fr\/lexploration-de-carrieres-une-mise-en-oeuvre-de-la-theorie-sociale-cognitive-de-lorientation-chez-les-jeunes-a-risque\/#primaryimage"},"image":{"@id":"https:\/\/ceric.ca\/fr\/lexploration-de-carrieres-une-mise-en-oeuvre-de-la-theorie-sociale-cognitive-de-lorientation-chez-les-jeunes-a-risque\/#primaryimage"},"thumbnailUrl":"http:\/\/ceric.org\/wp-content\/uploads\/2014\/05\/careertrek_logo.png","datePublished":"2014-05-26T16:57:03+00:00","breadcrumb":{"@id":"https:\/\/ceric.ca\/fr\/lexploration-de-carrieres-une-mise-en-oeuvre-de-la-theorie-sociale-cognitive-de-lorientation-chez-les-jeunes-a-risque\/#breadcrumb"},"inLanguage":"fr-FR","potentialAction":[{"@type":"ReadAction","target":["https:\/\/ceric.ca\/fr\/lexploration-de-carrieres-une-mise-en-oeuvre-de-la-theorie-sociale-cognitive-de-lorientation-chez-les-jeunes-a-risque\/"]}]},{"@type":"ImageObject","inLanguage":"fr-FR","@id":"https:\/\/ceric.ca\/fr\/lexploration-de-carrieres-une-mise-en-oeuvre-de-la-theorie-sociale-cognitive-de-lorientation-chez-les-jeunes-a-risque\/#primaryimage","url":"http:\/\/ceric.org\/wp-content\/uploads\/2014\/05\/careertrek_logo.png","contentUrl":"http:\/\/ceric.org\/wp-content\/uploads\/2014\/05\/careertrek_logo.png"},{"@type":"BreadcrumbList","@id":"https:\/\/ceric.ca\/fr\/lexploration-de-carrieres-une-mise-en-oeuvre-de-la-theorie-sociale-cognitive-de-lorientation-chez-les-jeunes-a-risque\/#breadcrumb","itemListElement":[{"@type":"ListItem","position":1,"name":"Home","item":"https:\/\/ceric.ca\/fr\/ceric-homepage-2025\/"},{"@type":"ListItem","position":2,"name":"L&rsquo;exploration de carri\u00e8res: Une mise en \u0153uvre de la th\u00e9orie sociale cognitive de l\u2019orientation chez les jeunes \u00e0 risque"}]},{"@type":"WebSite","@id":"https:\/\/ceric.ca\/#website","url":"https:\/\/ceric.ca\/","name":"CERIC","description":"","publisher":{"@id":"https:\/\/ceric.ca\/#organization"},"potentialAction":[{"@type":"SearchAction","target":{"@type":"EntryPoint","urlTemplate":"https:\/\/ceric.ca\/?s={search_term_string}"},"query-input":{"@type":"PropertyValueSpecification","valueRequired":true,"valueName":"search_term_string"}}],"inLanguage":"fr-FR"},{"@type":"Organization","@id":"https:\/\/ceric.ca\/#organization","name":"CERIC","url":"https:\/\/ceric.ca\/","logo":{"@type":"ImageObject","inLanguage":"fr-FR","@id":"https:\/\/ceric.ca\/#\/schema\/logo\/image\/","url":"","contentUrl":"","caption":"CERIC"},"image":{"@id":"https:\/\/ceric.ca\/#\/schema\/logo\/image\/"}}]}},"_links":{"self":[{"href":"https:\/\/ceric.ca\/fr\/wp-json\/wp\/v2\/pages\/6837","targetHints":{"allow":["GET"]}}],"collection":[{"href":"https:\/\/ceric.ca\/fr\/wp-json\/wp\/v2\/pages"}],"about":[{"href":"https:\/\/ceric.ca\/fr\/wp-json\/wp\/v2\/types\/page"}],"author":[{"embeddable":true,"href":"https:\/\/ceric.ca\/fr\/wp-json\/wp\/v2\/users\/1"}],"replies":[{"embeddable":true,"href":"https:\/\/ceric.ca\/fr\/wp-json\/wp\/v2\/comments?post=6837"}],"version-history":[{"count":0,"href":"https:\/\/ceric.ca\/fr\/wp-json\/wp\/v2\/pages\/6837\/revisions"}],"wp:attachment":[{"href":"https:\/\/ceric.ca\/fr\/wp-json\/wp\/v2\/media?parent=6837"}],"curies":[{"name":"wp","href":"https:\/\/api.w.org\/{rel}","templated":true}]}}