{"id":6843,"date":"2014-05-26T17:57:05","date_gmt":"2014-05-26T17:57:05","guid":{"rendered":"http:\/\/ceric.org\/?page_id=6843"},"modified":"2014-05-26T17:59:36","modified_gmt":"2014-05-26T17:59:36","slug":"promesse-et-prosperite-sondage-sur-les-commerces-autochtones","status":"publish","type":"page","link":"https:\/\/ceric.ca\/fr\/promesse-et-prosperite-sondage-sur-les-commerces-autochtones\/","title":{"rendered":"Promesse et prosp\u00e9rit\u00e9 : Sondage sur les commerces autochtones"},"content":{"rendered":"<p><span style=\"color: #000000;\"><img decoding=\"async\" class=\"alignleft size-full wp-image-6840\" src=\"http:\/\/ceric.org\/wp-content\/uploads\/2014\/05\/CCAB-Home.jpg\" alt=\"CCAB-Home\" width=\"276\" height=\"108\" srcset=\"https:\/\/ceric.ca\/wp-content\/uploads\/2014\/05\/CCAB-Home.jpg 276w, https:\/\/ceric.ca\/wp-content\/uploads\/2014\/05\/CCAB-Home-156x61.jpg 156w\" sizes=\"(max-width:767px) 276px, 276px\" \/>La premi\u00e8re \u00e9tude approfondie depuis 10 ans qui montre que les chefs des petites entreprises autochtones sont de plus en plus nombreux au Canada, et qu&rsquo;ils connaissent un franc succ\u00e8s en termes de rentabilit\u00e9 et de croissance, et cela d&rsquo;une mani\u00e8re qui va bien au-del\u00e0 des r\u00e9sultats financiers. Projet du Conseil canadien pour le commerce autochtone (CCAB), cette \u00e9tude a \u00e9t\u00e9 men\u00e9e par Environics et parrain\u00e9e par le CERIC.<\/span><br \/>\n<span style=\"color: #000000;\"> Le nombre de chefs d&rsquo;entreprises et d&rsquo;entrepreneurs croit globalement cinq fois plus que celui des travailleurs ind\u00e9pendants au Canada. Selon l&rsquo;\u00e9tude du CCAB, intitul\u00e9e Promise and Prosperity: The Aboriginal Business Survey, les entreprises autochtones sont vari\u00e9es et implant\u00e9es dans diff\u00e9rentes r\u00e9gions du pays, dans divers secteurs d&rsquo;activit\u00e9 ou march\u00e9s.<\/span><\/p>\n<p style=\"color: #000000;\"><span style=\"color: #000000;\">Gr\u00e2ce \u00e0 l&rsquo;\u00e9tude approfondie sur les entreprises autochtones men\u00e9es par Statistique Canada et Entreprise autochtone Canada en 2002, le CCAB s&rsquo;est lanc\u00e9e dans l&rsquo;Enqu\u00eate sur les entreprises autochtones (ABS) en 2011 pour combler les lacunes et contribuer \u00e0 la compr\u00e9hension des occasions d&rsquo;affaires et des d\u00e9fis auxquels doivent faire face les entreprises autochtones. Le rapport est une exploration opportune \u2013 fond\u00e9 sur des entretiens t\u00e9l\u00e9phoniques avec 1 095 chefs de petites entreprises des Premi\u00e8res Nations, des M\u00e9tis et des Inuits (d\u00e9finies comme employant 100 personnes ou moins) \u2013 de leurs objectifs et strat\u00e9gies, et des principaux facteurs contribuant \u00e0 leur croissance. Les constatations majeures de ce rapport sont les suivantes :<\/span><\/p>\n<ul style=\"color: #000000;\">\n<li><span style=\"color: #000000;\">Le nombre de chefs d&rsquo;entreprises et d&rsquo;entrepreneurs croit globalement \u00e0 un taux nettement sup\u00e9rieur \u00e0 celui des travailleurs ind\u00e9pendants au Canada.<\/span><\/li>\n<li><span style=\"color: #000000;\">Les entreprises autochtones sont vari\u00e9es et implant\u00e9es dans diff\u00e9rentes r\u00e9gions du pays, dans divers secteurs d&rsquo;activit\u00e9 ou march\u00e9s.<\/span><\/li>\n<li><span style=\"color: #000000;\">Les chefs des petites entreprise autochtones r\u00e9ussissent en termes de rentabilit\u00e9 et de croissance, mais d&rsquo;une mani\u00e8re qui va bien au-del\u00e0 des r\u00e9sultats financiers.<\/span><\/li>\n<li><span style=\"color: #000000;\">Les petites entreprises autochtones florissantes se distinguent par l&rsquo;utilisation de leurs plans d&rsquo;affaires annuels et par leur capacit\u00e9 d&rsquo;innover.<\/span><\/li>\n<li><span style=\"color: #000000;\">Les petites entreprises autochtones cr\u00e9ent des emplois pour les Autochtones, mais aussi pour les non-Autochtones.<\/span><\/li>\n<li><span style=\"color: #000000;\">Les entrepreneurs autochtones s&rsquo;en remettent principalement \u00e0 leurs propres ressources \u00e0 la fois pour d\u00e9marrer leur entreprise, mais aussi pour leur fond de roulement, car l&rsquo;acc\u00e8s au financement est consid\u00e9r\u00e9 comme un obstacle majeur \u00e0 leur croissance.<\/span><\/li>\n<li><span style=\"color: #000000;\">Malgr\u00e9 les d\u00e9fis des petites entreprises autochtones, leur confiance en l&rsquo;avenir est solide.<\/span><\/li>\n<\/ul>\n<p style=\"color: #000000;\"><span style=\"color: #000000;\">Pour de plus amples informations sur CCAB et ses recherches, visitez le site\u00a0<a style=\"color: #000000;\" href=\"http:\/\/www.ccab.com\/\" target=\"_blank\"><span style=\"color: #000000;\">www.ccab.com<\/span><\/a>.<\/span><\/p>\n<p><b>Promise and Prosperity : The Aboriginal Survey<\/b><\/p>\n<div data-configid=\"0\/8007552\" style=\"width: 525px; height: 340px;\" class=\"issuuembed\"><\/div>\n<p><script type=\"text\/javascript\" src=\"\/\/e.issuu.com\/embed.js\" async=\"true\"><\/script><\/p>\n<p style=\"color: #000000;\"><a href=\"http:\/\/ceric.org\/wp-content\/uploads\/2012\/10\/CCAB-businessurvey-F2-singles.pdf\" target=\"_blank\"><span style=\"color: #000000;\">(Rechargez version PDF)<\/span><\/a><\/p>\n<p><span style=\"color: #000000;\">\u00a0<\/span><\/p>\n","protected":false},"excerpt":{"rendered":"<p>La premi\u00e8re \u00e9tude approfondie depuis 10 ans qui montre que les chefs des petites entreprises autochtones sont de plus en plus nombreux au Canada, et qu&rsquo;ils<span class=\"excerpt-hellip\"> [\u2026]<\/span><\/p>\n","protected":false},"author":1,"featured_media":0,"parent":0,"menu_order":0,"comment_status":"open","ping_status":"open","template":"","meta":{"h5ap_radio_sources":[],"footnotes":""},"class_list":["post-6843","page","type-page","status-publish","hentry"],"yoast_head":"<!-- This site is optimized with the Yoast SEO Premium plugin v27.3 (Yoast SEO v27.3) - https:\/\/yoast.com\/product\/yoast-seo-premium-wordpress\/ -->\n<title>Promesse et prosp\u00e9rit\u00e9 : Sondage sur les commerces autochtones - CERIC<\/title>\n<meta name=\"robots\" content=\"index, follow, max-snippet:-1, max-image-preview:large, max-video-preview:-1\" \/>\n<link rel=\"canonical\" href=\"https:\/\/ceric.ca\/fr\/promesse-et-prosperite-sondage-sur-les-commerces-autochtones\/\" \/>\n<meta property=\"og:locale\" content=\"fr_FR\" \/>\n<meta property=\"og:type\" content=\"article\" \/>\n<meta property=\"og:title\" content=\"Promesse et prosp\u00e9rit\u00e9 : Sondage sur les commerces autochtones\" \/>\n<meta property=\"og:description\" content=\"La premi\u00e8re \u00e9tude approfondie depuis 10 ans qui montre que les chefs des petites entreprises autochtones sont de plus en plus nombreux au Canada, et qu&rsquo;ils [\u2026]\" \/>\n<meta property=\"og:url\" content=\"https:\/\/ceric.ca\/fr\/promesse-et-prosperite-sondage-sur-les-commerces-autochtones\/\" \/>\n<meta property=\"og:site_name\" content=\"CERIC\" \/>\n<meta property=\"article:modified_time\" content=\"2014-05-26T17:59:36+00:00\" \/>\n<meta property=\"og:image\" content=\"http:\/\/ceric.org\/wp-content\/uploads\/2014\/05\/CCAB-Home.jpg\" \/>\n<meta name=\"twitter:card\" content=\"summary_large_image\" \/>\n<meta name=\"twitter:label1\" content=\"Dur\u00e9e de lecture estim\u00e9e\" \/>\n\t<meta name=\"twitter:data1\" content=\"2 minutes\" \/>\n<script type=\"application\/ld+json\" class=\"yoast-schema-graph\">{\"@context\":\"https:\\\/\\\/schema.org\",\"@graph\":[{\"@type\":\"WebPage\",\"@id\":\"https:\\\/\\\/ceric.ca\\\/fr\\\/promesse-et-prosperite-sondage-sur-les-commerces-autochtones\\\/\",\"url\":\"https:\\\/\\\/ceric.ca\\\/fr\\\/promesse-et-prosperite-sondage-sur-les-commerces-autochtones\\\/\",\"name\":\"Promesse et prosp\u00e9rit\u00e9 : Sondage sur les commerces autochtones - CERIC\",\"isPartOf\":{\"@id\":\"https:\\\/\\\/ceric.ca\\\/#website\"},\"primaryImageOfPage\":{\"@id\":\"https:\\\/\\\/ceric.ca\\\/fr\\\/promesse-et-prosperite-sondage-sur-les-commerces-autochtones\\\/#primaryimage\"},\"image\":{\"@id\":\"https:\\\/\\\/ceric.ca\\\/fr\\\/promesse-et-prosperite-sondage-sur-les-commerces-autochtones\\\/#primaryimage\"},\"thumbnailUrl\":\"http:\\\/\\\/ceric.org\\\/wp-content\\\/uploads\\\/2014\\\/05\\\/CCAB-Home.jpg\",\"datePublished\":\"2014-05-26T17:57:05+00:00\",\"dateModified\":\"2014-05-26T17:59:36+00:00\",\"breadcrumb\":{\"@id\":\"https:\\\/\\\/ceric.ca\\\/fr\\\/promesse-et-prosperite-sondage-sur-les-commerces-autochtones\\\/#breadcrumb\"},\"inLanguage\":\"fr-FR\",\"potentialAction\":[{\"@type\":\"ReadAction\",\"target\":[\"https:\\\/\\\/ceric.ca\\\/fr\\\/promesse-et-prosperite-sondage-sur-les-commerces-autochtones\\\/\"]}]},{\"@type\":\"ImageObject\",\"inLanguage\":\"fr-FR\",\"@id\":\"https:\\\/\\\/ceric.ca\\\/fr\\\/promesse-et-prosperite-sondage-sur-les-commerces-autochtones\\\/#primaryimage\",\"url\":\"http:\\\/\\\/ceric.org\\\/wp-content\\\/uploads\\\/2014\\\/05\\\/CCAB-Home.jpg\",\"contentUrl\":\"http:\\\/\\\/ceric.org\\\/wp-content\\\/uploads\\\/2014\\\/05\\\/CCAB-Home.jpg\"},{\"@type\":\"BreadcrumbList\",\"@id\":\"https:\\\/\\\/ceric.ca\\\/fr\\\/promesse-et-prosperite-sondage-sur-les-commerces-autochtones\\\/#breadcrumb\",\"itemListElement\":[{\"@type\":\"ListItem\",\"position\":1,\"name\":\"Home\",\"item\":\"https:\\\/\\\/ceric.ca\\\/fr\\\/ceric-homepage-2025\\\/\"},{\"@type\":\"ListItem\",\"position\":2,\"name\":\"Promesse et prosp\u00e9rit\u00e9 : Sondage sur les commerces autochtones\"}]},{\"@type\":\"WebSite\",\"@id\":\"https:\\\/\\\/ceric.ca\\\/#website\",\"url\":\"https:\\\/\\\/ceric.ca\\\/\",\"name\":\"CERIC\",\"description\":\"\",\"publisher\":{\"@id\":\"https:\\\/\\\/ceric.ca\\\/#organization\"},\"potentialAction\":[{\"@type\":\"SearchAction\",\"target\":{\"@type\":\"EntryPoint\",\"urlTemplate\":\"https:\\\/\\\/ceric.ca\\\/?s={search_term_string}\"},\"query-input\":{\"@type\":\"PropertyValueSpecification\",\"valueRequired\":true,\"valueName\":\"search_term_string\"}}],\"inLanguage\":\"fr-FR\"},{\"@type\":\"Organization\",\"@id\":\"https:\\\/\\\/ceric.ca\\\/#organization\",\"name\":\"CERIC\",\"url\":\"https:\\\/\\\/ceric.ca\\\/\",\"logo\":{\"@type\":\"ImageObject\",\"inLanguage\":\"fr-FR\",\"@id\":\"https:\\\/\\\/ceric.ca\\\/#\\\/schema\\\/logo\\\/image\\\/\",\"url\":\"\",\"contentUrl\":\"\",\"caption\":\"CERIC\"},\"image\":{\"@id\":\"https:\\\/\\\/ceric.ca\\\/#\\\/schema\\\/logo\\\/image\\\/\"}}]}<\/script>\n<!-- \/ Yoast SEO Premium plugin. -->","yoast_head_json":{"title":"Promesse et prosp\u00e9rit\u00e9 : Sondage sur les commerces autochtones - CERIC","robots":{"index":"index","follow":"follow","max-snippet":"max-snippet:-1","max-image-preview":"max-image-preview:large","max-video-preview":"max-video-preview:-1"},"canonical":"https:\/\/ceric.ca\/fr\/promesse-et-prosperite-sondage-sur-les-commerces-autochtones\/","og_locale":"fr_FR","og_type":"article","og_title":"Promesse et prosp\u00e9rit\u00e9 : Sondage sur les commerces autochtones","og_description":"La premi\u00e8re \u00e9tude approfondie depuis 10 ans qui montre que les chefs des petites entreprises autochtones sont de plus en plus nombreux au Canada, et qu&rsquo;ils [\u2026]","og_url":"https:\/\/ceric.ca\/fr\/promesse-et-prosperite-sondage-sur-les-commerces-autochtones\/","og_site_name":"CERIC","article_modified_time":"2014-05-26T17:59:36+00:00","og_image":[{"url":"http:\/\/ceric.org\/wp-content\/uploads\/2014\/05\/CCAB-Home.jpg","type":"","width":"","height":""}],"twitter_card":"summary_large_image","twitter_misc":{"Dur\u00e9e de lecture estim\u00e9e":"2 minutes"},"schema":{"@context":"https:\/\/schema.org","@graph":[{"@type":"WebPage","@id":"https:\/\/ceric.ca\/fr\/promesse-et-prosperite-sondage-sur-les-commerces-autochtones\/","url":"https:\/\/ceric.ca\/fr\/promesse-et-prosperite-sondage-sur-les-commerces-autochtones\/","name":"Promesse et prosp\u00e9rit\u00e9 : Sondage sur les commerces autochtones - CERIC","isPartOf":{"@id":"https:\/\/ceric.ca\/#website"},"primaryImageOfPage":{"@id":"https:\/\/ceric.ca\/fr\/promesse-et-prosperite-sondage-sur-les-commerces-autochtones\/#primaryimage"},"image":{"@id":"https:\/\/ceric.ca\/fr\/promesse-et-prosperite-sondage-sur-les-commerces-autochtones\/#primaryimage"},"thumbnailUrl":"http:\/\/ceric.org\/wp-content\/uploads\/2014\/05\/CCAB-Home.jpg","datePublished":"2014-05-26T17:57:05+00:00","dateModified":"2014-05-26T17:59:36+00:00","breadcrumb":{"@id":"https:\/\/ceric.ca\/fr\/promesse-et-prosperite-sondage-sur-les-commerces-autochtones\/#breadcrumb"},"inLanguage":"fr-FR","potentialAction":[{"@type":"ReadAction","target":["https:\/\/ceric.ca\/fr\/promesse-et-prosperite-sondage-sur-les-commerces-autochtones\/"]}]},{"@type":"ImageObject","inLanguage":"fr-FR","@id":"https:\/\/ceric.ca\/fr\/promesse-et-prosperite-sondage-sur-les-commerces-autochtones\/#primaryimage","url":"http:\/\/ceric.org\/wp-content\/uploads\/2014\/05\/CCAB-Home.jpg","contentUrl":"http:\/\/ceric.org\/wp-content\/uploads\/2014\/05\/CCAB-Home.jpg"},{"@type":"BreadcrumbList","@id":"https:\/\/ceric.ca\/fr\/promesse-et-prosperite-sondage-sur-les-commerces-autochtones\/#breadcrumb","itemListElement":[{"@type":"ListItem","position":1,"name":"Home","item":"https:\/\/ceric.ca\/fr\/ceric-homepage-2025\/"},{"@type":"ListItem","position":2,"name":"Promesse et prosp\u00e9rit\u00e9 : Sondage sur les commerces autochtones"}]},{"@type":"WebSite","@id":"https:\/\/ceric.ca\/#website","url":"https:\/\/ceric.ca\/","name":"CERIC","description":"","publisher":{"@id":"https:\/\/ceric.ca\/#organization"},"potentialAction":[{"@type":"SearchAction","target":{"@type":"EntryPoint","urlTemplate":"https:\/\/ceric.ca\/?s={search_term_string}"},"query-input":{"@type":"PropertyValueSpecification","valueRequired":true,"valueName":"search_term_string"}}],"inLanguage":"fr-FR"},{"@type":"Organization","@id":"https:\/\/ceric.ca\/#organization","name":"CERIC","url":"https:\/\/ceric.ca\/","logo":{"@type":"ImageObject","inLanguage":"fr-FR","@id":"https:\/\/ceric.ca\/#\/schema\/logo\/image\/","url":"","contentUrl":"","caption":"CERIC"},"image":{"@id":"https:\/\/ceric.ca\/#\/schema\/logo\/image\/"}}]}},"_links":{"self":[{"href":"https:\/\/ceric.ca\/fr\/wp-json\/wp\/v2\/pages\/6843","targetHints":{"allow":["GET"]}}],"collection":[{"href":"https:\/\/ceric.ca\/fr\/wp-json\/wp\/v2\/pages"}],"about":[{"href":"https:\/\/ceric.ca\/fr\/wp-json\/wp\/v2\/types\/page"}],"author":[{"embeddable":true,"href":"https:\/\/ceric.ca\/fr\/wp-json\/wp\/v2\/users\/1"}],"replies":[{"embeddable":true,"href":"https:\/\/ceric.ca\/fr\/wp-json\/wp\/v2\/comments?post=6843"}],"version-history":[{"count":0,"href":"https:\/\/ceric.ca\/fr\/wp-json\/wp\/v2\/pages\/6843\/revisions"}],"wp:attachment":[{"href":"https:\/\/ceric.ca\/fr\/wp-json\/wp\/v2\/media?parent=6843"}],"curies":[{"name":"wp","href":"https:\/\/api.w.org\/{rel}","templated":true}]}}