{"id":6858,"date":"2014-05-26T18:14:40","date_gmt":"2014-05-26T18:14:40","guid":{"rendered":"http:\/\/ceric.org\/?page_id=6858"},"modified":"2014-05-26T18:14:40","modified_gmt":"2014-05-26T18:14:40","slug":"collectivite-et-commerce-sondage-sur-le-developpement-economiquedes-entreprises-autochtones","status":"publish","type":"page","link":"https:\/\/ceric.ca\/fr\/collectivite-et-commerce-sondage-sur-le-developpement-economiquedes-entreprises-autochtones\/","title":{"rendered":"Collectivit\u00e9 et commerce : Sondage sur le d\u00e9veloppement \u00e9conomiquedes entreprises autochtones"},"content":{"rendered":"<p><img decoding=\"async\" class=\"alignleft size-full wp-image-6840\" src=\"http:\/\/ceric.org\/wp-content\/uploads\/2014\/05\/CCAB-Home.jpg\" alt=\"CCAB-Home\" width=\"276\" height=\"108\" srcset=\"https:\/\/ceric.ca\/wp-content\/uploads\/2014\/05\/CCAB-Home.jpg 276w, https:\/\/ceric.ca\/wp-content\/uploads\/2014\/05\/CCAB-Home-156x61.jpg 156w\" sizes=\"(max-width:767px) 276px, 276px\" \/>Le Conseil canadien pour le commerce autochtone (CCAB) a men\u00e9 la premi\u00e8re enqu\u00eate nationale d\u00e9taill\u00e9e aupr\u00e8s des dirigeants des soci\u00e9t\u00e9s autochtones de d\u00e9veloppement \u00e9conomique (SDE). L&rsquo;\u00e9tude compl\u00e9mente le sondage sur les petites entreprises autochtones.<br \/>\nLes soci\u00e9t\u00e9s de d\u00e9veloppement \u00e9conomique sont le bras arm\u00e9 de cr\u00e9ation et de d\u00e9veloppement d&rsquo;entreprises des gouvernements des Premi\u00e8res Nations, M\u00e9tis ou Inuit. Elles sont vitales pour le monde des affaires autochtone parce qu&rsquo;elles investissent dans des filiales en propri\u00e9t\u00e9 exclusive et\/ou des entreprises g\u00e9r\u00e9es au profit des collectivit\u00e9s autochtones qu&rsquo;elles repr\u00e9sentent.<br \/>\nLe pr\u00e9sent rapport, parrain\u00e9 par le CERIC, donne un meilleur aper\u00e7u des r\u00e9ussites, des d\u00e9fis et strat\u00e9gies de ces soci\u00e9t\u00e9s de d\u00e9veloppement \u00e9conomique. La recherche se penche \u00e9galement sur leurs relations avec d&rsquo;autres organismes, notamment gouvernementaux et du secteur priv\u00e9, et sur leur r\u00f4le dans la collectivit\u00e9.<\/p>\n<p><strong><b>Community and Commerce: A Survey of Aboriginal Economic Development Corporations<\/b><\/strong><\/p>\n<div data-configid=\"0\/8008356\" style=\"width: 525px; height: 340px;\" class=\"issuuembed\"><\/div>\n<p><script type=\"text\/javascript\" src=\"\/\/e.issuu.com\/embed.js\" async=\"true\"><\/script><\/p>\n<p><a style=\"color: #000000;\" href=\"http:\/\/ceric.org\/wp-content\/uploads\/2012\/10\/CCAB-businessurvey-F2-singles.pdf\" target=\"_blank\">(Rechargez version PDF)<\/a><\/p>\n<p style=\"color: #000000;\">Intitul\u00e9\u00a0<em>Collectivit\u00e9 et commerce : A Survey of Aboriginal Economic Development Corporations<\/em>, le rapport d\u00e9voile les constatations suivantes :<\/p>\n<ul style=\"color: #000000;\">\n<li>Les soci\u00e9t\u00e9s autochtones de d\u00e9veloppement \u00e9conomique enregistrent d&rsquo;excellents r\u00e9sultats financiers.<\/li>\n<\/ul>\n<ul style=\"color: #000000;\">\n<li>La majorit\u00e9 des soci\u00e9t\u00e9s de d\u00e9veloppement \u00e9conomique prennent en compte les bienfaits pour la collectivit\u00e9 dans l&rsquo;\u00e9valuation de leur r\u00e9ussite.<\/li>\n<\/ul>\n<ul style=\"color: #000000;\">\n<li>80 % des soci\u00e9t\u00e9s de d\u00e9veloppement \u00e9conomique d\u00e9clarent que l&rsquo;\u00e9volution professionnelle des employ\u00e9s autochtones est une de leurs priorit\u00e9s.<\/li>\n<\/ul>\n<ul style=\"color: #000000;\">\n<li>Les soci\u00e9t\u00e9s de d\u00e9veloppement \u00e9conomique partagent l&rsquo;optimisme des petites entreprises autochtones priv\u00e9es et expriment la m\u00eame confiance en ce qui concerne leur avenir.<\/li>\n<\/ul>\n<p style=\"color: #000000;\">Les r\u00e9sultats sont le fruit d&rsquo;entrevues men\u00e9es en face \u00e0 face ou par t\u00e9l\u00e9phone aupr\u00e8s des dirigeants de 50 soci\u00e9t\u00e9s autochtones de d\u00e9veloppement \u00e9conomique de tout le Canada. La recherche a \u00e9t\u00e9 dirig\u00e9e par Environics Research Group. Acosys Consulting Services, une entreprise int\u00e9gralement autochtone, a \u00e9galement apport\u00e9 son soutien.<\/p>\n<p style=\"color: #000000;\">Les deux sondages sur les entreprises autochtones ont \u00e9t\u00e9 rendus possibles gr\u00e2ce au soutien du minist\u00e8re des Affaires indiennes et du Nord canadien, d&rsquo;IBM Canada Ltd., de la Banque Royale du Canada (RBC), du Canadian Education and Research Institute for Counselling (CERIC) et de First Air.<\/p>\n<p style=\"color: #000000;\">Pour de plus amples informations sur CCAB et ses recherches, visitez le site\u00a0<a style=\"color: #000000;\" href=\"http:\/\/www.ccab.com\/\">www.ccab.com<\/a>.<\/p>\n","protected":false},"excerpt":{"rendered":"<p>Le Conseil canadien pour le commerce autochtone (CCAB) a men\u00e9 la premi\u00e8re enqu\u00eate nationale d\u00e9taill\u00e9e aupr\u00e8s des dirigeants des soci\u00e9t\u00e9s autochtones de d\u00e9veloppement \u00e9conomique (SDE). L&rsquo;\u00e9tude<span class=\"excerpt-hellip\"> [\u2026]<\/span><\/p>\n","protected":false},"author":1,"featured_media":0,"parent":0,"menu_order":0,"comment_status":"open","ping_status":"open","template":"","meta":{"h5ap_radio_sources":[],"footnotes":""},"class_list":["post-6858","page","type-page","status-publish","hentry"],"yoast_head":"<!-- This site is optimized with the Yoast SEO Premium plugin v27.3 (Yoast SEO v27.3) - https:\/\/yoast.com\/product\/yoast-seo-premium-wordpress\/ -->\n<title>Collectivit\u00e9 et commerce : Sondage sur le d\u00e9veloppement \u00e9conomiquedes entreprises autochtones - CERIC<\/title>\n<meta name=\"robots\" content=\"index, follow, max-snippet:-1, max-image-preview:large, max-video-preview:-1\" \/>\n<link rel=\"canonical\" href=\"https:\/\/ceric.ca\/fr\/collectivite-et-commerce-sondage-sur-le-developpement-economiquedes-entreprises-autochtones\/\" \/>\n<meta property=\"og:locale\" content=\"fr_FR\" \/>\n<meta property=\"og:type\" content=\"article\" \/>\n<meta property=\"og:title\" content=\"Collectivit\u00e9 et commerce : Sondage sur le d\u00e9veloppement \u00e9conomiquedes entreprises autochtones\" \/>\n<meta property=\"og:description\" content=\"Le Conseil canadien pour le commerce autochtone (CCAB) a men\u00e9 la premi\u00e8re enqu\u00eate nationale d\u00e9taill\u00e9e aupr\u00e8s des dirigeants des soci\u00e9t\u00e9s autochtones de d\u00e9veloppement \u00e9conomique (SDE). L&rsquo;\u00e9tude [\u2026]\" \/>\n<meta property=\"og:url\" content=\"https:\/\/ceric.ca\/fr\/collectivite-et-commerce-sondage-sur-le-developpement-economiquedes-entreprises-autochtones\/\" \/>\n<meta property=\"og:site_name\" content=\"CERIC\" \/>\n<meta property=\"og:image\" content=\"http:\/\/ceric.org\/wp-content\/uploads\/2014\/05\/CCAB-Home.jpg\" \/>\n<meta name=\"twitter:card\" content=\"summary_large_image\" \/>\n<meta name=\"twitter:label1\" content=\"Dur\u00e9e de lecture estim\u00e9e\" \/>\n\t<meta name=\"twitter:data1\" content=\"2 minutes\" \/>\n<script type=\"application\/ld+json\" class=\"yoast-schema-graph\">{\"@context\":\"https:\\\/\\\/schema.org\",\"@graph\":[{\"@type\":\"WebPage\",\"@id\":\"https:\\\/\\\/ceric.ca\\\/fr\\\/collectivite-et-commerce-sondage-sur-le-developpement-economiquedes-entreprises-autochtones\\\/\",\"url\":\"https:\\\/\\\/ceric.ca\\\/fr\\\/collectivite-et-commerce-sondage-sur-le-developpement-economiquedes-entreprises-autochtones\\\/\",\"name\":\"Collectivit\u00e9 et commerce : Sondage sur le d\u00e9veloppement \u00e9conomiquedes entreprises autochtones - CERIC\",\"isPartOf\":{\"@id\":\"https:\\\/\\\/ceric.ca\\\/#website\"},\"primaryImageOfPage\":{\"@id\":\"https:\\\/\\\/ceric.ca\\\/fr\\\/collectivite-et-commerce-sondage-sur-le-developpement-economiquedes-entreprises-autochtones\\\/#primaryimage\"},\"image\":{\"@id\":\"https:\\\/\\\/ceric.ca\\\/fr\\\/collectivite-et-commerce-sondage-sur-le-developpement-economiquedes-entreprises-autochtones\\\/#primaryimage\"},\"thumbnailUrl\":\"http:\\\/\\\/ceric.org\\\/wp-content\\\/uploads\\\/2014\\\/05\\\/CCAB-Home.jpg\",\"datePublished\":\"2014-05-26T18:14:40+00:00\",\"breadcrumb\":{\"@id\":\"https:\\\/\\\/ceric.ca\\\/fr\\\/collectivite-et-commerce-sondage-sur-le-developpement-economiquedes-entreprises-autochtones\\\/#breadcrumb\"},\"inLanguage\":\"fr-FR\",\"potentialAction\":[{\"@type\":\"ReadAction\",\"target\":[\"https:\\\/\\\/ceric.ca\\\/fr\\\/collectivite-et-commerce-sondage-sur-le-developpement-economiquedes-entreprises-autochtones\\\/\"]}]},{\"@type\":\"ImageObject\",\"inLanguage\":\"fr-FR\",\"@id\":\"https:\\\/\\\/ceric.ca\\\/fr\\\/collectivite-et-commerce-sondage-sur-le-developpement-economiquedes-entreprises-autochtones\\\/#primaryimage\",\"url\":\"http:\\\/\\\/ceric.org\\\/wp-content\\\/uploads\\\/2014\\\/05\\\/CCAB-Home.jpg\",\"contentUrl\":\"http:\\\/\\\/ceric.org\\\/wp-content\\\/uploads\\\/2014\\\/05\\\/CCAB-Home.jpg\"},{\"@type\":\"BreadcrumbList\",\"@id\":\"https:\\\/\\\/ceric.ca\\\/fr\\\/collectivite-et-commerce-sondage-sur-le-developpement-economiquedes-entreprises-autochtones\\\/#breadcrumb\",\"itemListElement\":[{\"@type\":\"ListItem\",\"position\":1,\"name\":\"Home\",\"item\":\"https:\\\/\\\/ceric.ca\\\/fr\\\/ceric-homepage-2025\\\/\"},{\"@type\":\"ListItem\",\"position\":2,\"name\":\"Collectivit\u00e9 et commerce : Sondage sur le d\u00e9veloppement \u00e9conomiquedes entreprises autochtones\"}]},{\"@type\":\"WebSite\",\"@id\":\"https:\\\/\\\/ceric.ca\\\/#website\",\"url\":\"https:\\\/\\\/ceric.ca\\\/\",\"name\":\"CERIC\",\"description\":\"\",\"publisher\":{\"@id\":\"https:\\\/\\\/ceric.ca\\\/#organization\"},\"potentialAction\":[{\"@type\":\"SearchAction\",\"target\":{\"@type\":\"EntryPoint\",\"urlTemplate\":\"https:\\\/\\\/ceric.ca\\\/?s={search_term_string}\"},\"query-input\":{\"@type\":\"PropertyValueSpecification\",\"valueRequired\":true,\"valueName\":\"search_term_string\"}}],\"inLanguage\":\"fr-FR\"},{\"@type\":\"Organization\",\"@id\":\"https:\\\/\\\/ceric.ca\\\/#organization\",\"name\":\"CERIC\",\"url\":\"https:\\\/\\\/ceric.ca\\\/\",\"logo\":{\"@type\":\"ImageObject\",\"inLanguage\":\"fr-FR\",\"@id\":\"https:\\\/\\\/ceric.ca\\\/#\\\/schema\\\/logo\\\/image\\\/\",\"url\":\"\",\"contentUrl\":\"\",\"caption\":\"CERIC\"},\"image\":{\"@id\":\"https:\\\/\\\/ceric.ca\\\/#\\\/schema\\\/logo\\\/image\\\/\"}}]}<\/script>\n<!-- \/ Yoast SEO Premium plugin. -->","yoast_head_json":{"title":"Collectivit\u00e9 et commerce : Sondage sur le d\u00e9veloppement \u00e9conomiquedes entreprises autochtones - CERIC","robots":{"index":"index","follow":"follow","max-snippet":"max-snippet:-1","max-image-preview":"max-image-preview:large","max-video-preview":"max-video-preview:-1"},"canonical":"https:\/\/ceric.ca\/fr\/collectivite-et-commerce-sondage-sur-le-developpement-economiquedes-entreprises-autochtones\/","og_locale":"fr_FR","og_type":"article","og_title":"Collectivit\u00e9 et commerce : Sondage sur le d\u00e9veloppement \u00e9conomiquedes entreprises autochtones","og_description":"Le Conseil canadien pour le commerce autochtone (CCAB) a men\u00e9 la premi\u00e8re enqu\u00eate nationale d\u00e9taill\u00e9e aupr\u00e8s des dirigeants des soci\u00e9t\u00e9s autochtones de d\u00e9veloppement \u00e9conomique (SDE). L&rsquo;\u00e9tude [\u2026]","og_url":"https:\/\/ceric.ca\/fr\/collectivite-et-commerce-sondage-sur-le-developpement-economiquedes-entreprises-autochtones\/","og_site_name":"CERIC","og_image":[{"url":"http:\/\/ceric.org\/wp-content\/uploads\/2014\/05\/CCAB-Home.jpg","type":"","width":"","height":""}],"twitter_card":"summary_large_image","twitter_misc":{"Dur\u00e9e de lecture estim\u00e9e":"2 minutes"},"schema":{"@context":"https:\/\/schema.org","@graph":[{"@type":"WebPage","@id":"https:\/\/ceric.ca\/fr\/collectivite-et-commerce-sondage-sur-le-developpement-economiquedes-entreprises-autochtones\/","url":"https:\/\/ceric.ca\/fr\/collectivite-et-commerce-sondage-sur-le-developpement-economiquedes-entreprises-autochtones\/","name":"Collectivit\u00e9 et commerce : Sondage sur le d\u00e9veloppement \u00e9conomiquedes entreprises autochtones - CERIC","isPartOf":{"@id":"https:\/\/ceric.ca\/#website"},"primaryImageOfPage":{"@id":"https:\/\/ceric.ca\/fr\/collectivite-et-commerce-sondage-sur-le-developpement-economiquedes-entreprises-autochtones\/#primaryimage"},"image":{"@id":"https:\/\/ceric.ca\/fr\/collectivite-et-commerce-sondage-sur-le-developpement-economiquedes-entreprises-autochtones\/#primaryimage"},"thumbnailUrl":"http:\/\/ceric.org\/wp-content\/uploads\/2014\/05\/CCAB-Home.jpg","datePublished":"2014-05-26T18:14:40+00:00","breadcrumb":{"@id":"https:\/\/ceric.ca\/fr\/collectivite-et-commerce-sondage-sur-le-developpement-economiquedes-entreprises-autochtones\/#breadcrumb"},"inLanguage":"fr-FR","potentialAction":[{"@type":"ReadAction","target":["https:\/\/ceric.ca\/fr\/collectivite-et-commerce-sondage-sur-le-developpement-economiquedes-entreprises-autochtones\/"]}]},{"@type":"ImageObject","inLanguage":"fr-FR","@id":"https:\/\/ceric.ca\/fr\/collectivite-et-commerce-sondage-sur-le-developpement-economiquedes-entreprises-autochtones\/#primaryimage","url":"http:\/\/ceric.org\/wp-content\/uploads\/2014\/05\/CCAB-Home.jpg","contentUrl":"http:\/\/ceric.org\/wp-content\/uploads\/2014\/05\/CCAB-Home.jpg"},{"@type":"BreadcrumbList","@id":"https:\/\/ceric.ca\/fr\/collectivite-et-commerce-sondage-sur-le-developpement-economiquedes-entreprises-autochtones\/#breadcrumb","itemListElement":[{"@type":"ListItem","position":1,"name":"Home","item":"https:\/\/ceric.ca\/fr\/ceric-homepage-2025\/"},{"@type":"ListItem","position":2,"name":"Collectivit\u00e9 et commerce : Sondage sur le d\u00e9veloppement \u00e9conomiquedes entreprises autochtones"}]},{"@type":"WebSite","@id":"https:\/\/ceric.ca\/#website","url":"https:\/\/ceric.ca\/","name":"CERIC","description":"","publisher":{"@id":"https:\/\/ceric.ca\/#organization"},"potentialAction":[{"@type":"SearchAction","target":{"@type":"EntryPoint","urlTemplate":"https:\/\/ceric.ca\/?s={search_term_string}"},"query-input":{"@type":"PropertyValueSpecification","valueRequired":true,"valueName":"search_term_string"}}],"inLanguage":"fr-FR"},{"@type":"Organization","@id":"https:\/\/ceric.ca\/#organization","name":"CERIC","url":"https:\/\/ceric.ca\/","logo":{"@type":"ImageObject","inLanguage":"fr-FR","@id":"https:\/\/ceric.ca\/#\/schema\/logo\/image\/","url":"","contentUrl":"","caption":"CERIC"},"image":{"@id":"https:\/\/ceric.ca\/#\/schema\/logo\/image\/"}}]}},"_links":{"self":[{"href":"https:\/\/ceric.ca\/fr\/wp-json\/wp\/v2\/pages\/6858","targetHints":{"allow":["GET"]}}],"collection":[{"href":"https:\/\/ceric.ca\/fr\/wp-json\/wp\/v2\/pages"}],"about":[{"href":"https:\/\/ceric.ca\/fr\/wp-json\/wp\/v2\/types\/page"}],"author":[{"embeddable":true,"href":"https:\/\/ceric.ca\/fr\/wp-json\/wp\/v2\/users\/1"}],"replies":[{"embeddable":true,"href":"https:\/\/ceric.ca\/fr\/wp-json\/wp\/v2\/comments?post=6858"}],"version-history":[{"count":0,"href":"https:\/\/ceric.ca\/fr\/wp-json\/wp\/v2\/pages\/6858\/revisions"}],"wp:attachment":[{"href":"https:\/\/ceric.ca\/fr\/wp-json\/wp\/v2\/media?parent=6858"}],"curies":[{"name":"wp","href":"https:\/\/api.w.org\/{rel}","templated":true}]}}