{"id":6864,"date":"2014-05-26T18:22:51","date_gmt":"2014-05-26T18:22:51","guid":{"rendered":"http:\/\/ceric.org\/?page_id=6864"},"modified":"2014-05-26T18:22:51","modified_gmt":"2014-05-26T18:22:51","slug":"nouveaux-emplois-environnementaux-au-canada","status":"publish","type":"page","link":"https:\/\/ceric.ca\/fr\/nouveaux-emplois-environnementaux-au-canada\/","title":{"rendered":"Nouveaux emplois environnementaux au Canada"},"content":{"rendered":"<div class=\"wpb-content-wrapper\"><p>[vc_row][vc_column][vc_column_text]<\/p>\n<p style=\"color: #000000;\"><img decoding=\"async\" class=\"alignleft size-full wp-image-6861\" src=\"http:\/\/ceric.org\/wp-content\/uploads\/2014\/05\/greenskillnetworks_space.jpg\" alt=\"greenskillnetworks_space\" width=\"181\" height=\"85\" srcset=\"https:\/\/ceric.ca\/wp-content\/uploads\/2014\/05\/greenskillnetworks_space.jpg 181w, https:\/\/ceric.ca\/wp-content\/uploads\/2014\/05\/greenskillnetworks_space-156x73.jpg 156w\" sizes=\"(max-width:767px) 181px, 181px\" \/>Le projet de recherche de Green Skills Network offrira aux conseillers en orientation professionnelle des renseignements sur les possibilit\u00e9s d&#8217;emploi pour les d\u00e9butants dans les secteurs de l&rsquo;\u00e9nergie renouvelable et des \u00e9conomies d&rsquo;\u00e9nergie de l&rsquo;\u00e9conomie verte \u00e9mergente au Canada. Il s&rsquo;agit d&rsquo;un projet en partenariat entre le CERIC et Green Skills Network.<\/p>\n<p>Les emplois dans les secteurs de l&rsquo;\u00e9nergie renouvelable et des \u00e9conomies d&rsquo;\u00e9nergie, qui comprennent notamment la fabrication, l&rsquo;installation, la distribution et la vente de produits et services li\u00e9s \u00e0 la production ou aux \u00e9conomies d&rsquo;\u00e9nergie ont connu et continueront de conna\u00eetre une croissance exponentielle. Le projet de recherche de Green Skills Network fera progresser les connaissances des conseillers en orientation professionnelle en mati\u00e8re d&rsquo;ouverture de postes, de niveau de scolarit\u00e9 et de formation requis pour postuler dans ce secteur prometteur.<\/p>\n<p>Le projet permettra \u00e9galement la mise au point d&rsquo;un cadre d&rsquo;\u00e9valuation qui sera utilis\u00e9 pour cinq programmes d&#8217;emplois verts. Les r\u00e9sultats de ces \u00e9valuations permettront d&rsquo;\u00e9tablir et de normaliser les pratiques des conseillers en orientation et des centres lors de la conception et de la mise \u00e0 ex\u00e9cution des programmes d&#8217;emploi dans les secteurs de l&rsquo;\u00e9nergie renouvelable et des \u00e9conomies d&rsquo;\u00e9nergie.<\/p>\n<p style=\"color: #000000;\">Le projet de recherche Green Skills Network fera part de ses conclusions lors de multiples ateliers et distribuera les r\u00e9sultats \u00e0 plus de conseillers en orientation \u00e0 travers tout le Canada.<\/p>\n<p>Pour de plus amples renseignements sur tous les projets Green Skills Network, et en particulier le projet de recherche, veuillez visiter le site\u00a0<a style=\"color: #000000;\" href=\"http:\/\/www.greenskillsnetwork.ca\/\" target=\"_blank\">www.greenskillsnetwork.ca<\/a>.<\/p>\n<p style=\"color: #000000;\"><strong>Hausse des emplois verts au Canada : aper\u00e7u du march\u00e9 du travail en transformation et des possibilit\u00e9s d&#8217;emplois pour les d\u00e9butants, \u00e0 l&rsquo;intention des conseillers en emploi (en anglais)<\/strong><\/p>\n<div class=\"issuuembed\" style=\"width: 525px; height: 340px;\" data-configid=\"0\/8008493\"><\/div>\n<p><script src=\"\/\/e.issuu.com\/embed.js\" async=\"true\"><\/script>[\/vc_column_text][vc_button title=\u00a0\u00bbT\u00e9l\u00e9chargez version PDF\u00a0\u00bb target=\u00a0\u00bb_blank\u00a0\u00bb color=\u00a0\u00bbbtn-success\u00a0\u00bb icon=\u00a0\u00bbwpb_document_pdf\u00a0\u00bb size=\u00a0\u00bbbtn-small\u00a0\u00bb href=\u00a0\u00bbhttp:\/\/ceric.org\/wp-content\/uploads\/2014\/05\/Emerging-Green-Jobs-in-Canada.pdf\u00a0\u00bb][\/vc_column][\/vc_row]<\/p>\n<\/div>","protected":false},"excerpt":{"rendered":"<p>[vc_row][vc_column][vc_column_text] Le projet de recherche de Green Skills Network offrira aux conseillers en orientation professionnelle des renseignements sur les possibilit\u00e9s d&#8217;emploi pour les d\u00e9butants dans les<span class=\"excerpt-hellip\"> [\u2026]<\/span><\/p>\n","protected":false},"author":1,"featured_media":0,"parent":0,"menu_order":0,"comment_status":"open","ping_status":"open","template":"","meta":{"h5ap_radio_sources":[],"footnotes":""},"class_list":["post-6864","page","type-page","status-publish","hentry"],"yoast_head":"<!-- This site is optimized with the Yoast SEO Premium plugin v27.3 (Yoast SEO v27.3) - https:\/\/yoast.com\/product\/yoast-seo-premium-wordpress\/ -->\n<title>Nouveaux emplois environnementaux au Canada - CERIC<\/title>\n<meta name=\"robots\" content=\"index, follow, max-snippet:-1, max-image-preview:large, max-video-preview:-1\" \/>\n<link rel=\"canonical\" href=\"https:\/\/ceric.ca\/fr\/nouveaux-emplois-environnementaux-au-canada\/\" \/>\n<meta property=\"og:locale\" content=\"fr_FR\" \/>\n<meta property=\"og:type\" content=\"article\" \/>\n<meta property=\"og:title\" content=\"Nouveaux emplois environnementaux au Canada\" \/>\n<meta property=\"og:description\" content=\"[vc_row][vc_column][vc_column_text] Le projet de recherche de Green Skills Network offrira aux conseillers en orientation professionnelle des renseignements sur les possibilit\u00e9s d&#8217;emploi pour les d\u00e9butants dans les [\u2026]\" \/>\n<meta property=\"og:url\" content=\"https:\/\/ceric.ca\/fr\/nouveaux-emplois-environnementaux-au-canada\/\" \/>\n<meta property=\"og:site_name\" content=\"CERIC\" \/>\n<meta property=\"og:image\" content=\"http:\/\/ceric.org\/wp-content\/uploads\/2014\/05\/greenskillnetworks_space.jpg\" \/>\n<meta name=\"twitter:card\" content=\"summary_large_image\" \/>\n<meta name=\"twitter:label1\" content=\"Dur\u00e9e de lecture estim\u00e9e\" \/>\n\t<meta name=\"twitter:data1\" content=\"2 minutes\" \/>\n<script type=\"application\/ld+json\" class=\"yoast-schema-graph\">{\"@context\":\"https:\\\/\\\/schema.org\",\"@graph\":[{\"@type\":\"WebPage\",\"@id\":\"https:\\\/\\\/ceric.ca\\\/fr\\\/nouveaux-emplois-environnementaux-au-canada\\\/\",\"url\":\"https:\\\/\\\/ceric.ca\\\/fr\\\/nouveaux-emplois-environnementaux-au-canada\\\/\",\"name\":\"Nouveaux emplois environnementaux au Canada - CERIC\",\"isPartOf\":{\"@id\":\"https:\\\/\\\/ceric.ca\\\/#website\"},\"primaryImageOfPage\":{\"@id\":\"https:\\\/\\\/ceric.ca\\\/fr\\\/nouveaux-emplois-environnementaux-au-canada\\\/#primaryimage\"},\"image\":{\"@id\":\"https:\\\/\\\/ceric.ca\\\/fr\\\/nouveaux-emplois-environnementaux-au-canada\\\/#primaryimage\"},\"thumbnailUrl\":\"http:\\\/\\\/ceric.org\\\/wp-content\\\/uploads\\\/2014\\\/05\\\/greenskillnetworks_space.jpg\",\"datePublished\":\"2014-05-26T18:22:51+00:00\",\"breadcrumb\":{\"@id\":\"https:\\\/\\\/ceric.ca\\\/fr\\\/nouveaux-emplois-environnementaux-au-canada\\\/#breadcrumb\"},\"inLanguage\":\"fr-FR\",\"potentialAction\":[{\"@type\":\"ReadAction\",\"target\":[\"https:\\\/\\\/ceric.ca\\\/fr\\\/nouveaux-emplois-environnementaux-au-canada\\\/\"]}]},{\"@type\":\"ImageObject\",\"inLanguage\":\"fr-FR\",\"@id\":\"https:\\\/\\\/ceric.ca\\\/fr\\\/nouveaux-emplois-environnementaux-au-canada\\\/#primaryimage\",\"url\":\"http:\\\/\\\/ceric.org\\\/wp-content\\\/uploads\\\/2014\\\/05\\\/greenskillnetworks_space.jpg\",\"contentUrl\":\"http:\\\/\\\/ceric.org\\\/wp-content\\\/uploads\\\/2014\\\/05\\\/greenskillnetworks_space.jpg\"},{\"@type\":\"BreadcrumbList\",\"@id\":\"https:\\\/\\\/ceric.ca\\\/fr\\\/nouveaux-emplois-environnementaux-au-canada\\\/#breadcrumb\",\"itemListElement\":[{\"@type\":\"ListItem\",\"position\":1,\"name\":\"Home\",\"item\":\"https:\\\/\\\/ceric.ca\\\/fr\\\/ceric-homepage-2025\\\/\"},{\"@type\":\"ListItem\",\"position\":2,\"name\":\"Nouveaux emplois environnementaux au Canada\"}]},{\"@type\":\"WebSite\",\"@id\":\"https:\\\/\\\/ceric.ca\\\/#website\",\"url\":\"https:\\\/\\\/ceric.ca\\\/\",\"name\":\"CERIC\",\"description\":\"\",\"publisher\":{\"@id\":\"https:\\\/\\\/ceric.ca\\\/#organization\"},\"potentialAction\":[{\"@type\":\"SearchAction\",\"target\":{\"@type\":\"EntryPoint\",\"urlTemplate\":\"https:\\\/\\\/ceric.ca\\\/?s={search_term_string}\"},\"query-input\":{\"@type\":\"PropertyValueSpecification\",\"valueRequired\":true,\"valueName\":\"search_term_string\"}}],\"inLanguage\":\"fr-FR\"},{\"@type\":\"Organization\",\"@id\":\"https:\\\/\\\/ceric.ca\\\/#organization\",\"name\":\"CERIC\",\"url\":\"https:\\\/\\\/ceric.ca\\\/\",\"logo\":{\"@type\":\"ImageObject\",\"inLanguage\":\"fr-FR\",\"@id\":\"https:\\\/\\\/ceric.ca\\\/#\\\/schema\\\/logo\\\/image\\\/\",\"url\":\"\",\"contentUrl\":\"\",\"caption\":\"CERIC\"},\"image\":{\"@id\":\"https:\\\/\\\/ceric.ca\\\/#\\\/schema\\\/logo\\\/image\\\/\"}}]}<\/script>\n<!-- \/ Yoast SEO Premium plugin. -->","yoast_head_json":{"title":"Nouveaux emplois environnementaux au Canada - CERIC","robots":{"index":"index","follow":"follow","max-snippet":"max-snippet:-1","max-image-preview":"max-image-preview:large","max-video-preview":"max-video-preview:-1"},"canonical":"https:\/\/ceric.ca\/fr\/nouveaux-emplois-environnementaux-au-canada\/","og_locale":"fr_FR","og_type":"article","og_title":"Nouveaux emplois environnementaux au Canada","og_description":"[vc_row][vc_column][vc_column_text] Le projet de recherche de Green Skills Network offrira aux conseillers en orientation professionnelle des renseignements sur les possibilit\u00e9s d&#8217;emploi pour les d\u00e9butants dans les [\u2026]","og_url":"https:\/\/ceric.ca\/fr\/nouveaux-emplois-environnementaux-au-canada\/","og_site_name":"CERIC","og_image":[{"url":"http:\/\/ceric.org\/wp-content\/uploads\/2014\/05\/greenskillnetworks_space.jpg","type":"","width":"","height":""}],"twitter_card":"summary_large_image","twitter_misc":{"Dur\u00e9e de lecture estim\u00e9e":"2 minutes"},"schema":{"@context":"https:\/\/schema.org","@graph":[{"@type":"WebPage","@id":"https:\/\/ceric.ca\/fr\/nouveaux-emplois-environnementaux-au-canada\/","url":"https:\/\/ceric.ca\/fr\/nouveaux-emplois-environnementaux-au-canada\/","name":"Nouveaux emplois environnementaux au Canada - CERIC","isPartOf":{"@id":"https:\/\/ceric.ca\/#website"},"primaryImageOfPage":{"@id":"https:\/\/ceric.ca\/fr\/nouveaux-emplois-environnementaux-au-canada\/#primaryimage"},"image":{"@id":"https:\/\/ceric.ca\/fr\/nouveaux-emplois-environnementaux-au-canada\/#primaryimage"},"thumbnailUrl":"http:\/\/ceric.org\/wp-content\/uploads\/2014\/05\/greenskillnetworks_space.jpg","datePublished":"2014-05-26T18:22:51+00:00","breadcrumb":{"@id":"https:\/\/ceric.ca\/fr\/nouveaux-emplois-environnementaux-au-canada\/#breadcrumb"},"inLanguage":"fr-FR","potentialAction":[{"@type":"ReadAction","target":["https:\/\/ceric.ca\/fr\/nouveaux-emplois-environnementaux-au-canada\/"]}]},{"@type":"ImageObject","inLanguage":"fr-FR","@id":"https:\/\/ceric.ca\/fr\/nouveaux-emplois-environnementaux-au-canada\/#primaryimage","url":"http:\/\/ceric.org\/wp-content\/uploads\/2014\/05\/greenskillnetworks_space.jpg","contentUrl":"http:\/\/ceric.org\/wp-content\/uploads\/2014\/05\/greenskillnetworks_space.jpg"},{"@type":"BreadcrumbList","@id":"https:\/\/ceric.ca\/fr\/nouveaux-emplois-environnementaux-au-canada\/#breadcrumb","itemListElement":[{"@type":"ListItem","position":1,"name":"Home","item":"https:\/\/ceric.ca\/fr\/ceric-homepage-2025\/"},{"@type":"ListItem","position":2,"name":"Nouveaux emplois environnementaux au Canada"}]},{"@type":"WebSite","@id":"https:\/\/ceric.ca\/#website","url":"https:\/\/ceric.ca\/","name":"CERIC","description":"","publisher":{"@id":"https:\/\/ceric.ca\/#organization"},"potentialAction":[{"@type":"SearchAction","target":{"@type":"EntryPoint","urlTemplate":"https:\/\/ceric.ca\/?s={search_term_string}"},"query-input":{"@type":"PropertyValueSpecification","valueRequired":true,"valueName":"search_term_string"}}],"inLanguage":"fr-FR"},{"@type":"Organization","@id":"https:\/\/ceric.ca\/#organization","name":"CERIC","url":"https:\/\/ceric.ca\/","logo":{"@type":"ImageObject","inLanguage":"fr-FR","@id":"https:\/\/ceric.ca\/#\/schema\/logo\/image\/","url":"","contentUrl":"","caption":"CERIC"},"image":{"@id":"https:\/\/ceric.ca\/#\/schema\/logo\/image\/"}}]}},"_links":{"self":[{"href":"https:\/\/ceric.ca\/fr\/wp-json\/wp\/v2\/pages\/6864","targetHints":{"allow":["GET"]}}],"collection":[{"href":"https:\/\/ceric.ca\/fr\/wp-json\/wp\/v2\/pages"}],"about":[{"href":"https:\/\/ceric.ca\/fr\/wp-json\/wp\/v2\/types\/page"}],"author":[{"embeddable":true,"href":"https:\/\/ceric.ca\/fr\/wp-json\/wp\/v2\/users\/1"}],"replies":[{"embeddable":true,"href":"https:\/\/ceric.ca\/fr\/wp-json\/wp\/v2\/comments?post=6864"}],"version-history":[{"count":0,"href":"https:\/\/ceric.ca\/fr\/wp-json\/wp\/v2\/pages\/6864\/revisions"}],"wp:attachment":[{"href":"https:\/\/ceric.ca\/fr\/wp-json\/wp\/v2\/media?parent=6864"}],"curies":[{"name":"wp","href":"https:\/\/api.w.org\/{rel}","templated":true}]}}